{"id":34049,"date":"2022-06-03T18:15:51","date_gmt":"2022-06-03T16:15:51","guid":{"rendered":"https:\/\/arekson.com\/producto\/polisher-80-orbit-12-mm-lucidatrice-rotorbitale\/"},"modified":"2025-06-05T11:05:36","modified_gmt":"2025-06-05T09:05:36","slug":"polisher-80-orbit-12-mm-lucidatrice-rotorbitale","status":"publish","type":"product","link":"https:\/\/arekson.com\/it\/producto\/polisher-80-orbit-12-mm-lucidatrice-rotorbitale\/","title":{"rendered":"<strong><span class=\"nom-corto\">POLISHER 80 ORBIT 12 mm <\/span><\/strong><br><span class=\"nom-largo\">Lucidatrice rotorbitale<\/span>"},"content":{"rendered":"","protected":false},"excerpt":{"rendered":"<p>Lucidatrice elettrica rotorbitale 230V-50 Hz con potenza di 550w. Dimensioni compatte per lucidare piccole aree. Velocit\u00e0 variabile 2000-6000 OPM (orbite al minuto). Platorello diametro 75 Cavo 4 m. Garanzia 1 anno. Motore potente che rimuove i difetti pi\u00f9 velocemente. Avvio graduale con sistema a velocit\u00e0 costante. Interruttore progressivo che controlla la configurazione a 6 velocit\u00e0 Design ergonomico, l&#8217;impugnatura antiscivolo rivestita in gomma morbida rende la testa e il manico piacevoli e sicuri da impugnare. Le griglie di ventilazione laterali in rete metallica impediscono alle fibre di lana, alla polvere e al lucido di entrare nel motore e di causare danni. Contrappeso in acciaio lavorato a CNC. Il coperchio della testa \u00e8 dotato di fori per una migliore ventilazione.<\/p>\n","protected":false},"featured_media":35137,"template":"","meta":{"_et_pb_use_builder":"","_et_pb_old_content":"","_et_gb_content_width":""},"product_brand":[],"product_cat":[10682,10678,10684,10634],"product_tag":[],"class_list":{"0":"post-34049","1":"product","2":"type-product","3":"status-publish","4":"has-post-thumbnail","6":"product_cat-attrezzi-e-utensili","7":"product_cat-equipaggiamento","8":"product_cat-lucidatrici","9":"product_cat-seicar-it","10":"pa_seicar-it-rif-jl0080rb12-bianco-valigia-o-80-mm-1-unita","12":"first","13":"instock","14":"purchasable","15":"product-type-variable"},"yoast_head":"<!-- This site is optimized with the Yoast SEO plugin v27.2 - https:\/\/yoast.com\/product\/yoast-seo-wordpress\/ -->\n<title>SEICAR | POLISHER 80 ORBIT 12 mm | Lucidatrice rotorbitale<\/title>\n<meta name=\"description\" content=\"SEICAR | POLISHER 80 ORBIT 12 mm | Lucidatrice rotorbitale | EQUIPAGGIAMENTO | ATTREZZI E UTENSILI | LUCIDATRICI | JL0080RB12\" \/>\n<meta name=\"robots\" content=\"index, follow, max-snippet:-1, max-image-preview:large, max-video-preview:-1\" \/>\n<link rel=\"canonical\" href=\"https:\/\/arekson.com\/it\/producto\/polisher-80-orbit-12-mm-lucidatrice-rotorbitale\/\" \/>\n<meta property=\"og:locale\" content=\"it_IT\" \/>\n<meta property=\"og:type\" content=\"article\" \/>\n<meta property=\"og:title\" content=\"SEICAR | POLISHER 80 ORBIT 12 mm | Lucidatrice rotorbitale\" \/>\n<meta property=\"og:description\" content=\"SEICAR | POLISHER 80 ORBIT 12 mm | Lucidatrice rotorbitale | EQUIPAGGIAMENTO | ATTREZZI E UTENSILI | LUCIDATRICI | JL0080RB12\" \/>\n<meta property=\"og:url\" content=\"https:\/\/arekson.com\/it\/producto\/polisher-80-orbit-12-mm-lucidatrice-rotorbitale\/\" \/>\n<meta property=\"og:site_name\" content=\"Arekson Group\" \/>\n<meta property=\"article:modified_time\" content=\"2025-06-05T09:05:36+00:00\" \/>\n<meta property=\"og:image\" content=\"https:\/\/arekson.com\/wp-content\/uploads\/2022\/05\/JL0080RB12-Polisher-80-orbit-12-mm.jpg\" \/>\n\t<meta property=\"og:image:width\" content=\"800\" \/>\n\t<meta property=\"og:image:height\" content=\"800\" \/>\n\t<meta property=\"og:image:type\" content=\"image\/jpeg\" \/>\n<meta name=\"twitter:card\" content=\"summary_large_image\" \/>\n<script type=\"application\/ld+json\" class=\"yoast-schema-graph\">{\"@context\":\"https:\/\/schema.org\",\"@graph\":[{\"@type\":\"WebPage\",\"@id\":\"https:\/\/arekson.com\/it\/producto\/polisher-80-orbit-12-mm-lucidatrice-rotorbitale\/\",\"url\":\"https:\/\/arekson.com\/it\/producto\/polisher-80-orbit-12-mm-lucidatrice-rotorbitale\/\",\"name\":\"SEICAR | POLISHER 80 ORBIT 12 mm | Lucidatrice rotorbitale\",\"isPartOf\":{\"@id\":\"https:\/\/arekson.com\/it\/#website\"},\"primaryImageOfPage\":{\"@id\":\"https:\/\/arekson.com\/it\/producto\/polisher-80-orbit-12-mm-lucidatrice-rotorbitale\/#primaryimage\"},\"image\":{\"@id\":\"https:\/\/arekson.com\/it\/producto\/polisher-80-orbit-12-mm-lucidatrice-rotorbitale\/#primaryimage\"},\"thumbnailUrl\":\"https:\/\/arekson.com\/wp-content\/uploads\/2022\/05\/JL0080RB12-Polisher-80-orbit-12-mm.jpg\",\"datePublished\":\"2022-06-03T16:15:51+00:00\",\"dateModified\":\"2025-06-05T09:05:36+00:00\",\"description\":\"SEICAR | POLISHER 80 ORBIT 12 mm | Lucidatrice rotorbitale | EQUIPAGGIAMENTO | ATTREZZI E UTENSILI | LUCIDATRICI | JL0080RB12\",\"breadcrumb\":{\"@id\":\"https:\/\/arekson.com\/it\/producto\/polisher-80-orbit-12-mm-lucidatrice-rotorbitale\/#breadcrumb\"},\"inLanguage\":\"it-IT\",\"potentialAction\":[{\"@type\":\"ReadAction\",\"target\":[\"https:\/\/arekson.com\/it\/producto\/polisher-80-orbit-12-mm-lucidatrice-rotorbitale\/\"]}]},{\"@type\":\"ImageObject\",\"inLanguage\":\"it-IT\",\"@id\":\"https:\/\/arekson.com\/it\/producto\/polisher-80-orbit-12-mm-lucidatrice-rotorbitale\/#primaryimage\",\"url\":\"https:\/\/arekson.com\/wp-content\/uploads\/2022\/05\/JL0080RB12-Polisher-80-orbit-12-mm.jpg\",\"contentUrl\":\"https:\/\/arekson.com\/wp-content\/uploads\/2022\/05\/JL0080RB12-Polisher-80-orbit-12-mm.jpg\",\"width\":800,\"height\":800,\"caption\":\"SEICAR | PULISHER 80 ORBIT 12 mm | Pulidora orbital aleatoria\"},{\"@type\":\"BreadcrumbList\",\"@id\":\"https:\/\/arekson.com\/it\/producto\/polisher-80-orbit-12-mm-lucidatrice-rotorbitale\/#breadcrumb\",\"itemListElement\":[{\"@type\":\"ListItem\",\"position\":1,\"name\":\"Home\",\"item\":\"https:\/\/arekson.com\/it\/\"},{\"@type\":\"ListItem\",\"position\":2,\"name\":\"Prodotti\",\"item\":\"https:\/\/arekson.com\/it\/shop\/\"},{\"@type\":\"ListItem\",\"position\":3,\"name\":\"POLISHER 80 ORBIT 12 mm Lucidatrice rotorbitale\"}]},{\"@type\":\"WebSite\",\"@id\":\"https:\/\/arekson.com\/it\/#website\",\"url\":\"https:\/\/arekson.com\/it\/\",\"name\":\"Arekson Group\",\"description\":\"Marcas Referentes del Automovil Profesional\",\"publisher\":{\"@id\":\"https:\/\/arekson.com\/it\/#organization\"},\"potentialAction\":[{\"@type\":\"SearchAction\",\"target\":{\"@type\":\"EntryPoint\",\"urlTemplate\":\"https:\/\/arekson.com\/it\/?s={search_term_string}\"},\"query-input\":{\"@type\":\"PropertyValueSpecification\",\"valueRequired\":true,\"valueName\":\"search_term_string\"}}],\"inLanguage\":\"it-IT\"},{\"@type\":\"Organization\",\"@id\":\"https:\/\/arekson.com\/it\/#organization\",\"name\":\"Arekson Group\",\"url\":\"https:\/\/arekson.com\/it\/\",\"logo\":{\"@type\":\"ImageObject\",\"inLanguage\":\"it-IT\",\"@id\":\"https:\/\/arekson.com\/it\/#\/schema\/logo\/image\/\",\"url\":\"https:\/\/arekson.com\/wp-content\/uploads\/2022\/06\/Arekson-Group-Logo-Gris.jpg\",\"contentUrl\":\"https:\/\/arekson.com\/wp-content\/uploads\/2022\/06\/Arekson-Group-Logo-Gris.jpg\",\"width\":174,\"height\":72,\"caption\":\"Arekson Group\"},\"image\":{\"@id\":\"https:\/\/arekson.com\/it\/#\/schema\/logo\/image\/\"}}]}<\/script>\n<!-- \/ Yoast SEO plugin. -->","yoast_head_json":{"title":"SEICAR | POLISHER 80 ORBIT 12 mm | Lucidatrice rotorbitale","description":"SEICAR | POLISHER 80 ORBIT 12 mm | Lucidatrice rotorbitale | EQUIPAGGIAMENTO | ATTREZZI E UTENSILI | LUCIDATRICI | JL0080RB12","robots":{"index":"index","follow":"follow","max-snippet":"max-snippet:-1","max-image-preview":"max-image-preview:large","max-video-preview":"max-video-preview:-1"},"canonical":"https:\/\/arekson.com\/it\/producto\/polisher-80-orbit-12-mm-lucidatrice-rotorbitale\/","og_locale":"it_IT","og_type":"article","og_title":"SEICAR | POLISHER 80 ORBIT 12 mm | Lucidatrice rotorbitale","og_description":"SEICAR | POLISHER 80 ORBIT 12 mm | Lucidatrice rotorbitale | EQUIPAGGIAMENTO | ATTREZZI E UTENSILI | LUCIDATRICI | JL0080RB12","og_url":"https:\/\/arekson.com\/it\/producto\/polisher-80-orbit-12-mm-lucidatrice-rotorbitale\/","og_site_name":"Arekson Group","article_modified_time":"2025-06-05T09:05:36+00:00","og_image":[{"width":800,"height":800,"url":"https:\/\/arekson.com\/wp-content\/uploads\/2022\/05\/JL0080RB12-Polisher-80-orbit-12-mm.jpg","type":"image\/jpeg"}],"twitter_card":"summary_large_image","schema":{"@context":"https:\/\/schema.org","@graph":[{"@type":"WebPage","@id":"https:\/\/arekson.com\/it\/producto\/polisher-80-orbit-12-mm-lucidatrice-rotorbitale\/","url":"https:\/\/arekson.com\/it\/producto\/polisher-80-orbit-12-mm-lucidatrice-rotorbitale\/","name":"SEICAR | POLISHER 80 ORBIT 12 mm | Lucidatrice rotorbitale","isPartOf":{"@id":"https:\/\/arekson.com\/it\/#website"},"primaryImageOfPage":{"@id":"https:\/\/arekson.com\/it\/producto\/polisher-80-orbit-12-mm-lucidatrice-rotorbitale\/#primaryimage"},"image":{"@id":"https:\/\/arekson.com\/it\/producto\/polisher-80-orbit-12-mm-lucidatrice-rotorbitale\/#primaryimage"},"thumbnailUrl":"https:\/\/arekson.com\/wp-content\/uploads\/2022\/05\/JL0080RB12-Polisher-80-orbit-12-mm.jpg","datePublished":"2022-06-03T16:15:51+00:00","dateModified":"2025-06-05T09:05:36+00:00","description":"SEICAR | POLISHER 80 ORBIT 12 mm | Lucidatrice rotorbitale | EQUIPAGGIAMENTO | ATTREZZI E UTENSILI | LUCIDATRICI | JL0080RB12","breadcrumb":{"@id":"https:\/\/arekson.com\/it\/producto\/polisher-80-orbit-12-mm-lucidatrice-rotorbitale\/#breadcrumb"},"inLanguage":"it-IT","potentialAction":[{"@type":"ReadAction","target":["https:\/\/arekson.com\/it\/producto\/polisher-80-orbit-12-mm-lucidatrice-rotorbitale\/"]}]},{"@type":"ImageObject","inLanguage":"it-IT","@id":"https:\/\/arekson.com\/it\/producto\/polisher-80-orbit-12-mm-lucidatrice-rotorbitale\/#primaryimage","url":"https:\/\/arekson.com\/wp-content\/uploads\/2022\/05\/JL0080RB12-Polisher-80-orbit-12-mm.jpg","contentUrl":"https:\/\/arekson.com\/wp-content\/uploads\/2022\/05\/JL0080RB12-Polisher-80-orbit-12-mm.jpg","width":800,"height":800,"caption":"SEICAR | PULISHER 80 ORBIT 12 mm | Pulidora orbital aleatoria"},{"@type":"BreadcrumbList","@id":"https:\/\/arekson.com\/it\/producto\/polisher-80-orbit-12-mm-lucidatrice-rotorbitale\/#breadcrumb","itemListElement":[{"@type":"ListItem","position":1,"name":"Home","item":"https:\/\/arekson.com\/it\/"},{"@type":"ListItem","position":2,"name":"Prodotti","item":"https:\/\/arekson.com\/it\/shop\/"},{"@type":"ListItem","position":3,"name":"POLISHER 80 ORBIT 12 mm Lucidatrice rotorbitale"}]},{"@type":"WebSite","@id":"https:\/\/arekson.com\/it\/#website","url":"https:\/\/arekson.com\/it\/","name":"Arekson Group","description":"Marcas Referentes del Automovil Profesional","publisher":{"@id":"https:\/\/arekson.com\/it\/#organization"},"potentialAction":[{"@type":"SearchAction","target":{"@type":"EntryPoint","urlTemplate":"https:\/\/arekson.com\/it\/?s={search_term_string}"},"query-input":{"@type":"PropertyValueSpecification","valueRequired":true,"valueName":"search_term_string"}}],"inLanguage":"it-IT"},{"@type":"Organization","@id":"https:\/\/arekson.com\/it\/#organization","name":"Arekson Group","url":"https:\/\/arekson.com\/it\/","logo":{"@type":"ImageObject","inLanguage":"it-IT","@id":"https:\/\/arekson.com\/it\/#\/schema\/logo\/image\/","url":"https:\/\/arekson.com\/wp-content\/uploads\/2022\/06\/Arekson-Group-Logo-Gris.jpg","contentUrl":"https:\/\/arekson.com\/wp-content\/uploads\/2022\/06\/Arekson-Group-Logo-Gris.jpg","width":174,"height":72,"caption":"Arekson Group"},"image":{"@id":"https:\/\/arekson.com\/it\/#\/schema\/logo\/image\/"}}]}},"_links":{"self":[{"href":"https:\/\/arekson.com\/it\/wp-json\/wp\/v2\/product\/34049","targetHints":{"allow":["GET"]}}],"collection":[{"href":"https:\/\/arekson.com\/it\/wp-json\/wp\/v2\/product"}],"about":[{"href":"https:\/\/arekson.com\/it\/wp-json\/wp\/v2\/types\/product"}],"wp:featuredmedia":[{"embeddable":true,"href":"https:\/\/arekson.com\/it\/wp-json\/wp\/v2\/media\/35137"}],"wp:attachment":[{"href":"https:\/\/arekson.com\/it\/wp-json\/wp\/v2\/media?parent=34049"}],"wp:term":[{"taxonomy":"product_brand","embeddable":true,"href":"https:\/\/arekson.com\/it\/wp-json\/wp\/v2\/product_brand?post=34049"},{"taxonomy":"product_cat","embeddable":true,"href":"https:\/\/arekson.com\/it\/wp-json\/wp\/v2\/product_cat?post=34049"},{"taxonomy":"product_tag","embeddable":true,"href":"https:\/\/arekson.com\/it\/wp-json\/wp\/v2\/product_tag?post=34049"}],"curies":[{"name":"wp","href":"https:\/\/api.w.org\/{rel}","templated":true}]}}