{"id":33825,"date":"2022-06-03T18:14:06","date_gmt":"2022-06-03T16:14:06","guid":{"rendered":"https:\/\/arekson.com\/producto\/facial-moldex-7000-maschera-viso\/"},"modified":"2025-05-30T14:25:04","modified_gmt":"2025-05-30T12:25:04","slug":"facial-moldex-7000-maschera-viso","status":"publish","type":"product","link":"https:\/\/arekson.com\/it\/producto\/facial-moldex-7000-maschera-viso\/","title":{"rendered":"<strong><span class=\"nom-corto\">FACIAL MOLDEX 7000 <\/span><\/strong><br><span class=\"nom-largo\">Maschera viso<\/span>"},"content":{"rendered":"","protected":false},"excerpt":{"rendered":"<p>Realizzata in materiale termoplastico anallergico (TPE). Design pratico e lineare, con tutti i componenti facilmente accessibili. Filtri \u201cEasylock\u201d, facili da chiudere. Non ci sono adattatori o parti speciali. Ergonomica, ultraleggera e confortevole, progettata per adattarsi a diverse forme del viso, offre uno dei campi visivi pi\u00f9 ampi e facilita l&#8217;uso di accessori ottici di sicurezza. Inoltre, le bande non pendono davanti agli occhi del lavoratore. Riutilizzabile con la sostituzione del filtro. Il respiratore Moldex\u00ae Serie 7000 si adatta ai contorni del viso, si sigilla comodamente e rimane sigillato anche quando chi lo indossa parla. Le cartucce e i filtri di ricambio &#8220;Easylock\u00ae&#8221;, facili da chiudere, si inseriscono semplicemente con una rotazione del polso. Non c&#8217;\u00e8 alcuna possibilit\u00e0 che siano avvitati male. Ogni volta che si cambia la cartuccia, si ottiene una nuova valvola di inalazione. Non \u00e8 necessario avere in magazzino le valvole per inalazione. Non \u00e8 prevista l&#8217;installazione. Meno manutenzione, meno parti.<\/p>\n","protected":false},"featured_media":32336,"template":"","meta":{"_et_pb_use_builder":"","_et_pb_old_content":"","_et_gb_content_width":""},"product_brand":[],"product_cat":[10689,10699,10634],"product_tag":[],"class_list":{"0":"post-33825","1":"product","2":"type-product","3":"status-publish","4":"has-post-thumbnail","6":"product_cat-protezione-e-igiene","7":"product_cat-protezione-respiratoria","8":"product_cat-seicar-it","9":"pa_seicar-it-rif-mam7002-scatola-m-10-unita","11":"first","12":"instock","13":"purchasable","14":"product-type-variable"},"yoast_head":"<!-- This site is optimized with the Yoast SEO plugin v27.2 - https:\/\/yoast.com\/product\/yoast-seo-wordpress\/ -->\n<title>SEICAR | FACIAL MOLDEX 7000 | Maschera viso<\/title>\n<meta name=\"description\" content=\"SEICAR | FACIAL MOLDEX 7000 | Maschera viso | PROTEZIONE E IGIENE | PROTEZIONE RESPIRATORIA | | MAM7002\" \/>\n<meta name=\"robots\" content=\"index, follow, max-snippet:-1, max-image-preview:large, max-video-preview:-1\" \/>\n<link rel=\"canonical\" href=\"https:\/\/arekson.com\/it\/producto\/facial-moldex-7000-maschera-viso\/\" \/>\n<meta property=\"og:locale\" content=\"it_IT\" \/>\n<meta property=\"og:type\" content=\"article\" \/>\n<meta property=\"og:title\" content=\"SEICAR | FACIAL MOLDEX 7000 | Maschera viso\" \/>\n<meta property=\"og:description\" content=\"SEICAR | FACIAL MOLDEX 7000 | Maschera viso | PROTEZIONE E IGIENE | PROTEZIONE RESPIRATORIA | | MAM7002\" \/>\n<meta property=\"og:url\" content=\"https:\/\/arekson.com\/it\/producto\/facial-moldex-7000-maschera-viso\/\" \/>\n<meta property=\"og:site_name\" content=\"Arekson Group\" \/>\n<meta property=\"article:modified_time\" content=\"2025-05-30T12:25:04+00:00\" \/>\n<meta property=\"og:image\" content=\"https:\/\/arekson.com\/wp-content\/uploads\/2022\/05\/NAM7002.jpg\" \/>\n\t<meta property=\"og:image:width\" content=\"800\" \/>\n\t<meta property=\"og:image:height\" content=\"800\" \/>\n\t<meta property=\"og:image:type\" content=\"image\/jpeg\" \/>\n<meta name=\"twitter:card\" content=\"summary_large_image\" \/>\n<script type=\"application\/ld+json\" class=\"yoast-schema-graph\">{\"@context\":\"https:\/\/schema.org\",\"@graph\":[{\"@type\":\"WebPage\",\"@id\":\"https:\/\/arekson.com\/it\/producto\/facial-moldex-7000-maschera-viso\/\",\"url\":\"https:\/\/arekson.com\/it\/producto\/facial-moldex-7000-maschera-viso\/\",\"name\":\"SEICAR | FACIAL MOLDEX 7000 | Maschera viso\",\"isPartOf\":{\"@id\":\"https:\/\/arekson.com\/it\/#website\"},\"primaryImageOfPage\":{\"@id\":\"https:\/\/arekson.com\/it\/producto\/facial-moldex-7000-maschera-viso\/#primaryimage\"},\"image\":{\"@id\":\"https:\/\/arekson.com\/it\/producto\/facial-moldex-7000-maschera-viso\/#primaryimage\"},\"thumbnailUrl\":\"https:\/\/arekson.com\/wp-content\/uploads\/2022\/05\/NAM7002.jpg\",\"datePublished\":\"2022-06-03T16:14:06+00:00\",\"dateModified\":\"2025-05-30T12:25:04+00:00\",\"description\":\"SEICAR | FACIAL MOLDEX 7000 | Maschera viso | PROTEZIONE E IGIENE | PROTEZIONE RESPIRATORIA | | MAM7002\",\"breadcrumb\":{\"@id\":\"https:\/\/arekson.com\/it\/producto\/facial-moldex-7000-maschera-viso\/#breadcrumb\"},\"inLanguage\":\"it-IT\",\"potentialAction\":[{\"@type\":\"ReadAction\",\"target\":[\"https:\/\/arekson.com\/it\/producto\/facial-moldex-7000-maschera-viso\/\"]}]},{\"@type\":\"ImageObject\",\"inLanguage\":\"it-IT\",\"@id\":\"https:\/\/arekson.com\/it\/producto\/facial-moldex-7000-maschera-viso\/#primaryimage\",\"url\":\"https:\/\/arekson.com\/wp-content\/uploads\/2022\/05\/NAM7002.jpg\",\"contentUrl\":\"https:\/\/arekson.com\/wp-content\/uploads\/2022\/05\/NAM7002.jpg\",\"width\":800,\"height\":800,\"caption\":\"SEICAR | FACIAL MOLDEX 7000 | Pieza facial\"},{\"@type\":\"BreadcrumbList\",\"@id\":\"https:\/\/arekson.com\/it\/producto\/facial-moldex-7000-maschera-viso\/#breadcrumb\",\"itemListElement\":[{\"@type\":\"ListItem\",\"position\":1,\"name\":\"Home\",\"item\":\"https:\/\/arekson.com\/it\/\"},{\"@type\":\"ListItem\",\"position\":2,\"name\":\"Prodotti\",\"item\":\"https:\/\/arekson.com\/it\/shop\/\"},{\"@type\":\"ListItem\",\"position\":3,\"name\":\"FACIAL MOLDEX 7000 Maschera viso\"}]},{\"@type\":\"WebSite\",\"@id\":\"https:\/\/arekson.com\/it\/#website\",\"url\":\"https:\/\/arekson.com\/it\/\",\"name\":\"Arekson Group\",\"description\":\"Marcas Referentes del Automovil Profesional\",\"publisher\":{\"@id\":\"https:\/\/arekson.com\/it\/#organization\"},\"potentialAction\":[{\"@type\":\"SearchAction\",\"target\":{\"@type\":\"EntryPoint\",\"urlTemplate\":\"https:\/\/arekson.com\/it\/?s={search_term_string}\"},\"query-input\":{\"@type\":\"PropertyValueSpecification\",\"valueRequired\":true,\"valueName\":\"search_term_string\"}}],\"inLanguage\":\"it-IT\"},{\"@type\":\"Organization\",\"@id\":\"https:\/\/arekson.com\/it\/#organization\",\"name\":\"Arekson Group\",\"url\":\"https:\/\/arekson.com\/it\/\",\"logo\":{\"@type\":\"ImageObject\",\"inLanguage\":\"it-IT\",\"@id\":\"https:\/\/arekson.com\/it\/#\/schema\/logo\/image\/\",\"url\":\"https:\/\/arekson.com\/wp-content\/uploads\/2022\/06\/Arekson-Group-Logo-Gris.jpg\",\"contentUrl\":\"https:\/\/arekson.com\/wp-content\/uploads\/2022\/06\/Arekson-Group-Logo-Gris.jpg\",\"width\":174,\"height\":72,\"caption\":\"Arekson Group\"},\"image\":{\"@id\":\"https:\/\/arekson.com\/it\/#\/schema\/logo\/image\/\"}}]}<\/script>\n<!-- \/ Yoast SEO plugin. -->","yoast_head_json":{"title":"SEICAR | FACIAL MOLDEX 7000 | Maschera viso","description":"SEICAR | FACIAL MOLDEX 7000 | Maschera viso | PROTEZIONE E IGIENE | PROTEZIONE RESPIRATORIA | | MAM7002","robots":{"index":"index","follow":"follow","max-snippet":"max-snippet:-1","max-image-preview":"max-image-preview:large","max-video-preview":"max-video-preview:-1"},"canonical":"https:\/\/arekson.com\/it\/producto\/facial-moldex-7000-maschera-viso\/","og_locale":"it_IT","og_type":"article","og_title":"SEICAR | FACIAL MOLDEX 7000 | Maschera viso","og_description":"SEICAR | FACIAL MOLDEX 7000 | Maschera viso | PROTEZIONE E IGIENE | PROTEZIONE RESPIRATORIA | | MAM7002","og_url":"https:\/\/arekson.com\/it\/producto\/facial-moldex-7000-maschera-viso\/","og_site_name":"Arekson Group","article_modified_time":"2025-05-30T12:25:04+00:00","og_image":[{"width":800,"height":800,"url":"https:\/\/arekson.com\/wp-content\/uploads\/2022\/05\/NAM7002.jpg","type":"image\/jpeg"}],"twitter_card":"summary_large_image","schema":{"@context":"https:\/\/schema.org","@graph":[{"@type":"WebPage","@id":"https:\/\/arekson.com\/it\/producto\/facial-moldex-7000-maschera-viso\/","url":"https:\/\/arekson.com\/it\/producto\/facial-moldex-7000-maschera-viso\/","name":"SEICAR | FACIAL MOLDEX 7000 | Maschera viso","isPartOf":{"@id":"https:\/\/arekson.com\/it\/#website"},"primaryImageOfPage":{"@id":"https:\/\/arekson.com\/it\/producto\/facial-moldex-7000-maschera-viso\/#primaryimage"},"image":{"@id":"https:\/\/arekson.com\/it\/producto\/facial-moldex-7000-maschera-viso\/#primaryimage"},"thumbnailUrl":"https:\/\/arekson.com\/wp-content\/uploads\/2022\/05\/NAM7002.jpg","datePublished":"2022-06-03T16:14:06+00:00","dateModified":"2025-05-30T12:25:04+00:00","description":"SEICAR | FACIAL MOLDEX 7000 | Maschera viso | PROTEZIONE E IGIENE | PROTEZIONE RESPIRATORIA | | MAM7002","breadcrumb":{"@id":"https:\/\/arekson.com\/it\/producto\/facial-moldex-7000-maschera-viso\/#breadcrumb"},"inLanguage":"it-IT","potentialAction":[{"@type":"ReadAction","target":["https:\/\/arekson.com\/it\/producto\/facial-moldex-7000-maschera-viso\/"]}]},{"@type":"ImageObject","inLanguage":"it-IT","@id":"https:\/\/arekson.com\/it\/producto\/facial-moldex-7000-maschera-viso\/#primaryimage","url":"https:\/\/arekson.com\/wp-content\/uploads\/2022\/05\/NAM7002.jpg","contentUrl":"https:\/\/arekson.com\/wp-content\/uploads\/2022\/05\/NAM7002.jpg","width":800,"height":800,"caption":"SEICAR | FACIAL MOLDEX 7000 | Pieza facial"},{"@type":"BreadcrumbList","@id":"https:\/\/arekson.com\/it\/producto\/facial-moldex-7000-maschera-viso\/#breadcrumb","itemListElement":[{"@type":"ListItem","position":1,"name":"Home","item":"https:\/\/arekson.com\/it\/"},{"@type":"ListItem","position":2,"name":"Prodotti","item":"https:\/\/arekson.com\/it\/shop\/"},{"@type":"ListItem","position":3,"name":"FACIAL MOLDEX 7000 Maschera viso"}]},{"@type":"WebSite","@id":"https:\/\/arekson.com\/it\/#website","url":"https:\/\/arekson.com\/it\/","name":"Arekson Group","description":"Marcas Referentes del Automovil Profesional","publisher":{"@id":"https:\/\/arekson.com\/it\/#organization"},"potentialAction":[{"@type":"SearchAction","target":{"@type":"EntryPoint","urlTemplate":"https:\/\/arekson.com\/it\/?s={search_term_string}"},"query-input":{"@type":"PropertyValueSpecification","valueRequired":true,"valueName":"search_term_string"}}],"inLanguage":"it-IT"},{"@type":"Organization","@id":"https:\/\/arekson.com\/it\/#organization","name":"Arekson Group","url":"https:\/\/arekson.com\/it\/","logo":{"@type":"ImageObject","inLanguage":"it-IT","@id":"https:\/\/arekson.com\/it\/#\/schema\/logo\/image\/","url":"https:\/\/arekson.com\/wp-content\/uploads\/2022\/06\/Arekson-Group-Logo-Gris.jpg","contentUrl":"https:\/\/arekson.com\/wp-content\/uploads\/2022\/06\/Arekson-Group-Logo-Gris.jpg","width":174,"height":72,"caption":"Arekson Group"},"image":{"@id":"https:\/\/arekson.com\/it\/#\/schema\/logo\/image\/"}}]}},"_links":{"self":[{"href":"https:\/\/arekson.com\/it\/wp-json\/wp\/v2\/product\/33825","targetHints":{"allow":["GET"]}}],"collection":[{"href":"https:\/\/arekson.com\/it\/wp-json\/wp\/v2\/product"}],"about":[{"href":"https:\/\/arekson.com\/it\/wp-json\/wp\/v2\/types\/product"}],"wp:featuredmedia":[{"embeddable":true,"href":"https:\/\/arekson.com\/it\/wp-json\/wp\/v2\/media\/32336"}],"wp:attachment":[{"href":"https:\/\/arekson.com\/it\/wp-json\/wp\/v2\/media?parent=33825"}],"wp:term":[{"taxonomy":"product_brand","embeddable":true,"href":"https:\/\/arekson.com\/it\/wp-json\/wp\/v2\/product_brand?post=33825"},{"taxonomy":"product_cat","embeddable":true,"href":"https:\/\/arekson.com\/it\/wp-json\/wp\/v2\/product_cat?post=33825"},{"taxonomy":"product_tag","embeddable":true,"href":"https:\/\/arekson.com\/it\/wp-json\/wp\/v2\/product_tag?post=33825"}],"curies":[{"name":"wp","href":"https:\/\/api.w.org\/{rel}","templated":true}]}}