{"id":33817,"date":"2022-06-03T18:14:02","date_gmt":"2022-06-03T16:14:02","guid":{"rendered":"https:\/\/arekson.com\/producto\/mask-moldex-2435-valv-ffp2-carbon-activo-maschera-antipolvere-con-valvola-carbone-attivo\/"},"modified":"2025-05-30T14:25:04","modified_gmt":"2025-05-30T12:25:04","slug":"mask-moldex-2435-valv-ffp2-carbon-activo-maschera-antipolvere-con-valvola-carbone-attivo","status":"publish","type":"product","link":"https:\/\/arekson.com\/it\/producto\/mask-moldex-2435-valv-ffp2-carbon-activo-maschera-antipolvere-con-valvola-carbone-attivo\/","title":{"rendered":"<strong><span class=\"nom-corto\">MASK MOLDEX 2435 VALV FFP2 +Carb\u00f3n activo <\/span><\/strong><br><span class=\"nom-largo\">Maschera antipolvere con valvola + carbone attivo<\/span>"},"content":{"rendered":"","protected":false},"excerpt":{"rendered":"<p>Riduce gli odori dei gas organici. Livello di protezione FFP2 D Speciale. Cuscinetto nasale. Cinghia con clip. La valvola &#8220;Ventex\u00ae&#8221; permette di espellere il calore e l&#8217;umidit\u00e0 dall&#8217;interno della maschera a ogni espirazione, garantendo un maggiore comfort e mantenendola pi\u00f9 fresca.<\/p>\n","protected":false},"featured_media":32324,"template":"","meta":{"_et_pb_use_builder":"","_et_pb_old_content":"","_et_gb_content_width":""},"product_brand":[],"product_cat":[10689,10699,10634],"product_tag":[],"class_list":{"0":"post-33817","1":"product","2":"type-product","3":"status-publish","4":"has-post-thumbnail","6":"product_cat-protezione-e-igiene","7":"product_cat-protezione-respiratoria","8":"product_cat-seicar-it","9":"pa_seicar-it-rif-mam2435-scatola-60-unita","11":"first","12":"instock","13":"purchasable","14":"product-type-variable"},"yoast_head":"<!-- This site is optimized with the Yoast SEO plugin v27.2 - https:\/\/yoast.com\/product\/yoast-seo-wordpress\/ -->\n<title>SEICAR | MASK MOLDEX 2435 VALV FFP2 +Carb\u00f3n activo  | Maschera antipolvere con valvola + carbone attivo<\/title>\n<meta name=\"description\" content=\"SEICAR | MASK MOLDEX 2435 VALV FFP2 +Carb\u00f3n activo  | Maschera antipolvere con valvola + carbone attivo | PROTEZIONE E IGIENE | PROTEZIONE RESPIRATORIA | | MAM2435\" \/>\n<meta name=\"robots\" content=\"index, follow, max-snippet:-1, max-image-preview:large, max-video-preview:-1\" \/>\n<link rel=\"canonical\" href=\"https:\/\/arekson.com\/it\/producto\/mask-moldex-2435-valv-ffp2-carbon-activo-maschera-antipolvere-con-valvola-carbone-attivo\/\" \/>\n<meta property=\"og:locale\" content=\"it_IT\" \/>\n<meta property=\"og:type\" content=\"article\" \/>\n<meta property=\"og:title\" content=\"SEICAR | MASK MOLDEX 2435 VALV FFP2 +Carb\u00f3n activo  | Maschera antipolvere con valvola + carbone attivo\" \/>\n<meta property=\"og:description\" content=\"SEICAR | MASK MOLDEX 2435 VALV FFP2 +Carb\u00f3n activo  | Maschera antipolvere con valvola + carbone attivo | PROTEZIONE E IGIENE | PROTEZIONE RESPIRATORIA | | MAM2435\" \/>\n<meta property=\"og:url\" content=\"https:\/\/arekson.com\/it\/producto\/mask-moldex-2435-valv-ffp2-carbon-activo-maschera-antipolvere-con-valvola-carbone-attivo\/\" \/>\n<meta property=\"og:site_name\" content=\"Arekson Group\" \/>\n<meta property=\"article:modified_time\" content=\"2025-05-30T12:25:04+00:00\" \/>\n<meta property=\"og:image\" content=\"https:\/\/arekson.com\/wp-content\/uploads\/2022\/05\/MAM2435.jpg\" \/>\n\t<meta property=\"og:image:width\" content=\"800\" \/>\n\t<meta property=\"og:image:height\" content=\"800\" \/>\n\t<meta property=\"og:image:type\" content=\"image\/jpeg\" \/>\n<meta name=\"twitter:card\" content=\"summary_large_image\" \/>\n<script type=\"application\/ld+json\" class=\"yoast-schema-graph\">{\"@context\":\"https:\/\/schema.org\",\"@graph\":[{\"@type\":\"WebPage\",\"@id\":\"https:\/\/arekson.com\/it\/producto\/mask-moldex-2435-valv-ffp2-carbon-activo-maschera-antipolvere-con-valvola-carbone-attivo\/\",\"url\":\"https:\/\/arekson.com\/it\/producto\/mask-moldex-2435-valv-ffp2-carbon-activo-maschera-antipolvere-con-valvola-carbone-attivo\/\",\"name\":\"SEICAR | MASK MOLDEX 2435 VALV FFP2 +Carb\u00f3n activo | Maschera antipolvere con valvola + carbone attivo\",\"isPartOf\":{\"@id\":\"https:\/\/arekson.com\/it\/#website\"},\"primaryImageOfPage\":{\"@id\":\"https:\/\/arekson.com\/it\/producto\/mask-moldex-2435-valv-ffp2-carbon-activo-maschera-antipolvere-con-valvola-carbone-attivo\/#primaryimage\"},\"image\":{\"@id\":\"https:\/\/arekson.com\/it\/producto\/mask-moldex-2435-valv-ffp2-carbon-activo-maschera-antipolvere-con-valvola-carbone-attivo\/#primaryimage\"},\"thumbnailUrl\":\"https:\/\/arekson.com\/wp-content\/uploads\/2022\/05\/MAM2435.jpg\",\"datePublished\":\"2022-06-03T16:14:02+00:00\",\"dateModified\":\"2025-05-30T12:25:04+00:00\",\"description\":\"SEICAR | MASK MOLDEX 2435 VALV FFP2 +Carb\u00f3n activo | Maschera antipolvere con valvola + carbone attivo | PROTEZIONE E IGIENE | PROTEZIONE RESPIRATORIA | | MAM2435\",\"breadcrumb\":{\"@id\":\"https:\/\/arekson.com\/it\/producto\/mask-moldex-2435-valv-ffp2-carbon-activo-maschera-antipolvere-con-valvola-carbone-attivo\/#breadcrumb\"},\"inLanguage\":\"it-IT\",\"potentialAction\":[{\"@type\":\"ReadAction\",\"target\":[\"https:\/\/arekson.com\/it\/producto\/mask-moldex-2435-valv-ffp2-carbon-activo-maschera-antipolvere-con-valvola-carbone-attivo\/\"]}]},{\"@type\":\"ImageObject\",\"inLanguage\":\"it-IT\",\"@id\":\"https:\/\/arekson.com\/it\/producto\/mask-moldex-2435-valv-ffp2-carbon-activo-maschera-antipolvere-con-valvola-carbone-attivo\/#primaryimage\",\"url\":\"https:\/\/arekson.com\/wp-content\/uploads\/2022\/05\/MAM2435.jpg\",\"contentUrl\":\"https:\/\/arekson.com\/wp-content\/uploads\/2022\/05\/MAM2435.jpg\",\"width\":800,\"height\":800,\"caption\":\"SEICAR | MASK MOLDEX 2435 VALV FFP2 +Carb\u00f3n activo | Mascarilla contra el polvo con v\u00e1lvula + carb\u00f3n ac\"},{\"@type\":\"BreadcrumbList\",\"@id\":\"https:\/\/arekson.com\/it\/producto\/mask-moldex-2435-valv-ffp2-carbon-activo-maschera-antipolvere-con-valvola-carbone-attivo\/#breadcrumb\",\"itemListElement\":[{\"@type\":\"ListItem\",\"position\":1,\"name\":\"Home\",\"item\":\"https:\/\/arekson.com\/it\/\"},{\"@type\":\"ListItem\",\"position\":2,\"name\":\"Prodotti\",\"item\":\"https:\/\/arekson.com\/it\/shop\/\"},{\"@type\":\"ListItem\",\"position\":3,\"name\":\"MASK MOLDEX 2435 VALV FFP2 +Carb\u00f3n activo Maschera antipolvere con valvola + carbone attivo\"}]},{\"@type\":\"WebSite\",\"@id\":\"https:\/\/arekson.com\/it\/#website\",\"url\":\"https:\/\/arekson.com\/it\/\",\"name\":\"Arekson Group\",\"description\":\"Marcas Referentes del Automovil Profesional\",\"publisher\":{\"@id\":\"https:\/\/arekson.com\/it\/#organization\"},\"potentialAction\":[{\"@type\":\"SearchAction\",\"target\":{\"@type\":\"EntryPoint\",\"urlTemplate\":\"https:\/\/arekson.com\/it\/?s={search_term_string}\"},\"query-input\":{\"@type\":\"PropertyValueSpecification\",\"valueRequired\":true,\"valueName\":\"search_term_string\"}}],\"inLanguage\":\"it-IT\"},{\"@type\":\"Organization\",\"@id\":\"https:\/\/arekson.com\/it\/#organization\",\"name\":\"Arekson Group\",\"url\":\"https:\/\/arekson.com\/it\/\",\"logo\":{\"@type\":\"ImageObject\",\"inLanguage\":\"it-IT\",\"@id\":\"https:\/\/arekson.com\/it\/#\/schema\/logo\/image\/\",\"url\":\"https:\/\/arekson.com\/wp-content\/uploads\/2022\/06\/Arekson-Group-Logo-Gris.jpg\",\"contentUrl\":\"https:\/\/arekson.com\/wp-content\/uploads\/2022\/06\/Arekson-Group-Logo-Gris.jpg\",\"width\":174,\"height\":72,\"caption\":\"Arekson Group\"},\"image\":{\"@id\":\"https:\/\/arekson.com\/it\/#\/schema\/logo\/image\/\"}}]}<\/script>\n<!-- \/ Yoast SEO plugin. -->","yoast_head_json":{"title":"SEICAR | MASK MOLDEX 2435 VALV FFP2 +Carb\u00f3n activo  | Maschera antipolvere con valvola + carbone attivo","description":"SEICAR | MASK MOLDEX 2435 VALV FFP2 +Carb\u00f3n activo  | Maschera antipolvere con valvola + carbone attivo | PROTEZIONE E IGIENE | PROTEZIONE RESPIRATORIA | | MAM2435","robots":{"index":"index","follow":"follow","max-snippet":"max-snippet:-1","max-image-preview":"max-image-preview:large","max-video-preview":"max-video-preview:-1"},"canonical":"https:\/\/arekson.com\/it\/producto\/mask-moldex-2435-valv-ffp2-carbon-activo-maschera-antipolvere-con-valvola-carbone-attivo\/","og_locale":"it_IT","og_type":"article","og_title":"SEICAR | MASK MOLDEX 2435 VALV FFP2 +Carb\u00f3n activo  | Maschera antipolvere con valvola + carbone attivo","og_description":"SEICAR | MASK MOLDEX 2435 VALV FFP2 +Carb\u00f3n activo  | Maschera antipolvere con valvola + carbone attivo | PROTEZIONE E IGIENE | PROTEZIONE RESPIRATORIA | | MAM2435","og_url":"https:\/\/arekson.com\/it\/producto\/mask-moldex-2435-valv-ffp2-carbon-activo-maschera-antipolvere-con-valvola-carbone-attivo\/","og_site_name":"Arekson Group","article_modified_time":"2025-05-30T12:25:04+00:00","og_image":[{"width":800,"height":800,"url":"https:\/\/arekson.com\/wp-content\/uploads\/2022\/05\/MAM2435.jpg","type":"image\/jpeg"}],"twitter_card":"summary_large_image","schema":{"@context":"https:\/\/schema.org","@graph":[{"@type":"WebPage","@id":"https:\/\/arekson.com\/it\/producto\/mask-moldex-2435-valv-ffp2-carbon-activo-maschera-antipolvere-con-valvola-carbone-attivo\/","url":"https:\/\/arekson.com\/it\/producto\/mask-moldex-2435-valv-ffp2-carbon-activo-maschera-antipolvere-con-valvola-carbone-attivo\/","name":"SEICAR | MASK MOLDEX 2435 VALV FFP2 +Carb\u00f3n activo | Maschera antipolvere con valvola + carbone attivo","isPartOf":{"@id":"https:\/\/arekson.com\/it\/#website"},"primaryImageOfPage":{"@id":"https:\/\/arekson.com\/it\/producto\/mask-moldex-2435-valv-ffp2-carbon-activo-maschera-antipolvere-con-valvola-carbone-attivo\/#primaryimage"},"image":{"@id":"https:\/\/arekson.com\/it\/producto\/mask-moldex-2435-valv-ffp2-carbon-activo-maschera-antipolvere-con-valvola-carbone-attivo\/#primaryimage"},"thumbnailUrl":"https:\/\/arekson.com\/wp-content\/uploads\/2022\/05\/MAM2435.jpg","datePublished":"2022-06-03T16:14:02+00:00","dateModified":"2025-05-30T12:25:04+00:00","description":"SEICAR | MASK MOLDEX 2435 VALV FFP2 +Carb\u00f3n activo | Maschera antipolvere con valvola + carbone attivo | PROTEZIONE E IGIENE | PROTEZIONE RESPIRATORIA | | MAM2435","breadcrumb":{"@id":"https:\/\/arekson.com\/it\/producto\/mask-moldex-2435-valv-ffp2-carbon-activo-maschera-antipolvere-con-valvola-carbone-attivo\/#breadcrumb"},"inLanguage":"it-IT","potentialAction":[{"@type":"ReadAction","target":["https:\/\/arekson.com\/it\/producto\/mask-moldex-2435-valv-ffp2-carbon-activo-maschera-antipolvere-con-valvola-carbone-attivo\/"]}]},{"@type":"ImageObject","inLanguage":"it-IT","@id":"https:\/\/arekson.com\/it\/producto\/mask-moldex-2435-valv-ffp2-carbon-activo-maschera-antipolvere-con-valvola-carbone-attivo\/#primaryimage","url":"https:\/\/arekson.com\/wp-content\/uploads\/2022\/05\/MAM2435.jpg","contentUrl":"https:\/\/arekson.com\/wp-content\/uploads\/2022\/05\/MAM2435.jpg","width":800,"height":800,"caption":"SEICAR | MASK MOLDEX 2435 VALV FFP2 +Carb\u00f3n activo | Mascarilla contra el polvo con v\u00e1lvula + carb\u00f3n ac"},{"@type":"BreadcrumbList","@id":"https:\/\/arekson.com\/it\/producto\/mask-moldex-2435-valv-ffp2-carbon-activo-maschera-antipolvere-con-valvola-carbone-attivo\/#breadcrumb","itemListElement":[{"@type":"ListItem","position":1,"name":"Home","item":"https:\/\/arekson.com\/it\/"},{"@type":"ListItem","position":2,"name":"Prodotti","item":"https:\/\/arekson.com\/it\/shop\/"},{"@type":"ListItem","position":3,"name":"MASK MOLDEX 2435 VALV FFP2 +Carb\u00f3n activo Maschera antipolvere con valvola + carbone attivo"}]},{"@type":"WebSite","@id":"https:\/\/arekson.com\/it\/#website","url":"https:\/\/arekson.com\/it\/","name":"Arekson Group","description":"Marcas Referentes del Automovil Profesional","publisher":{"@id":"https:\/\/arekson.com\/it\/#organization"},"potentialAction":[{"@type":"SearchAction","target":{"@type":"EntryPoint","urlTemplate":"https:\/\/arekson.com\/it\/?s={search_term_string}"},"query-input":{"@type":"PropertyValueSpecification","valueRequired":true,"valueName":"search_term_string"}}],"inLanguage":"it-IT"},{"@type":"Organization","@id":"https:\/\/arekson.com\/it\/#organization","name":"Arekson Group","url":"https:\/\/arekson.com\/it\/","logo":{"@type":"ImageObject","inLanguage":"it-IT","@id":"https:\/\/arekson.com\/it\/#\/schema\/logo\/image\/","url":"https:\/\/arekson.com\/wp-content\/uploads\/2022\/06\/Arekson-Group-Logo-Gris.jpg","contentUrl":"https:\/\/arekson.com\/wp-content\/uploads\/2022\/06\/Arekson-Group-Logo-Gris.jpg","width":174,"height":72,"caption":"Arekson Group"},"image":{"@id":"https:\/\/arekson.com\/it\/#\/schema\/logo\/image\/"}}]}},"_links":{"self":[{"href":"https:\/\/arekson.com\/it\/wp-json\/wp\/v2\/product\/33817","targetHints":{"allow":["GET"]}}],"collection":[{"href":"https:\/\/arekson.com\/it\/wp-json\/wp\/v2\/product"}],"about":[{"href":"https:\/\/arekson.com\/it\/wp-json\/wp\/v2\/types\/product"}],"wp:featuredmedia":[{"embeddable":true,"href":"https:\/\/arekson.com\/it\/wp-json\/wp\/v2\/media\/32324"}],"wp:attachment":[{"href":"https:\/\/arekson.com\/it\/wp-json\/wp\/v2\/media?parent=33817"}],"wp:term":[{"taxonomy":"product_brand","embeddable":true,"href":"https:\/\/arekson.com\/it\/wp-json\/wp\/v2\/product_brand?post=33817"},{"taxonomy":"product_cat","embeddable":true,"href":"https:\/\/arekson.com\/it\/wp-json\/wp\/v2\/product_cat?post=33817"},{"taxonomy":"product_tag","embeddable":true,"href":"https:\/\/arekson.com\/it\/wp-json\/wp\/v2\/product_tag?post=33817"}],"curies":[{"name":"wp","href":"https:\/\/api.w.org\/{rel}","templated":true}]}}