{"id":33257,"date":"2022-06-03T18:09:49","date_gmt":"2022-06-03T16:09:49","guid":{"rendered":"https:\/\/arekson.com\/producto\/ceramic-fast-cut-696-disco-con-base-in-plastica\/"},"modified":"2025-06-04T16:00:43","modified_gmt":"2025-06-04T14:00:43","slug":"ceramic-fast-cut-696-disco-ceramico-con-base-in-plastica","status":"publish","type":"product","link":"https:\/\/arekson.com\/it\/producto\/ceramic-fast-cut-696-disco-ceramico-con-base-in-plastica\/","title":{"rendered":"<strong><span class=\"nom-corto\">CERAMIC FAST CUT 696 <\/span><\/strong><br><span class=\"nom-largo\">Disco ceramico con base in plastica<\/span>"},"content":{"rendered":"","protected":false},"excerpt":{"rendered":"<p>Disco abrasivo ceramico compatto ad alta potenza di smerigliatura e lunga durata con supporto in plastica. Trattamento anti-incollamento con stearato di zinco in base acquosa &#8220;Long Life&#8221;. Aumenta la produttivit\u00e0 grazie all&#8217;elevata capacit\u00e0 di sgrossatura e alla possibilit\u00e0 di lavorare a velocit\u00e0 di taglio pi\u00f9 elevate.<\/p>\n","protected":false},"featured_media":31599,"template":"","meta":{"_et_pb_use_builder":"","_et_pb_old_content":"","_et_gb_content_width":""},"product_brand":[],"product_cat":[10701,10700,10664,10634],"product_tag":[],"class_list":{"0":"post-33257","1":"product","2":"type-product","3":"status-publish","4":"has-post-thumbnail","6":"product_cat-abrasivo-in-disco","7":"product_cat-abrasivos-it","8":"product_cat-ausiliari","9":"product_cat-seicar-it","10":"pa_seicar-it-rif-jds0080c-rosso-scatola-o-150-mm-21-fori-10-x-100-unita","11":"pa_seicar-it-rif-jds0100c-rosso-scatola-o-150-mm-21-fori-10-x-100-unita","12":"pa_seicar-it-rif-jds0120c-rosso-scatola-o-150-mm-21-fori-10-x-100-unita","13":"pa_seicar-it-rif-jds0150c-rosso-scatola-o-150-mm-21-fori-10-x-100-unita","14":"pa_seicar-it-rif-jds0180c-rosso-scatola-o-150-mm-21-fori-10-x-100-unita","15":"pa_seicar-it-rif-jds0220c-rosso-scatola-o-150-mm-21-fori-10-x-100-unita","16":"pa_seicar-it-rif-jds0240c-rosso-scatola-o-150-mm-21-fori-10-x-100-unita","17":"pa_seicar-it-rif-jds0280c-rosso-scatola-o-150-mm-21-fori-10-x-100-unita","18":"pa_seicar-it-rif-jds0320c-p320-scatola-21-fori-10-x-100-unita","19":"pa_seicar-it-rif-jds0360c-p360-scatola-21-fori-10-x-100-unita","20":"pa_seicar-it-rif-jds0400c-rosso-scatola-o-150-mm-21-fori-10-x-100-unita","21":"pa_seicar-it-rif-jds0500c-rosso-scatola-o-150-mm-21-fori-10-x-100-unita","22":"pa_seicar-it-rif-jds0600c-rosso-scatola-o-150-mm-21-fori-10-x-100-unita","23":"pa_seicar-it-rif-jds0800c-rosso-scatola-o-150-mm-21-fori-10-x-100-unita","24":"pa_seicar-it-rif-jds1000c-rosso-scatola-o-150-mm-21-fori-10-x-100-unita","25":"pa_seicar-it-rif-jds1200c-rosso-scatola-o-150-mm-21-fori-10-x-100-unita","26":"pa_seicar-it-rif-jds1500c-rosso-scatola-o-150-mm-21-fori-10-x-100-unita","27":"pa_seicar-it-rif-jds2000bl-blu-scatola-o-150-mm-21-fori-10-x-100-unita","29":"first","30":"instock","31":"purchasable","32":"product-type-variable"},"yoast_head":"<!-- This site is optimized with the Yoast SEO plugin v27.2 - https:\/\/yoast.com\/product\/yoast-seo-wordpress\/ -->\n<title>SEICAR | CERAMIC FAST CUT 696 | Disco con base in plastica<\/title>\n<meta name=\"description\" content=\"SEICAR | CERAMIC FAST CUT 696 | Disco con base in plastica | AUSILIARI | ABRASIVOS | ABRASIVO IN DISCO | JDS2000BL\" \/>\n<meta name=\"robots\" content=\"index, follow, max-snippet:-1, max-image-preview:large, max-video-preview:-1\" \/>\n<link rel=\"canonical\" href=\"https:\/\/arekson.com\/it\/producto\/ceramic-fast-cut-696-disco-ceramico-con-base-in-plastica\/\" \/>\n<meta property=\"og:locale\" content=\"it_IT\" \/>\n<meta property=\"og:type\" content=\"article\" \/>\n<meta property=\"og:title\" content=\"SEICAR | CERAMIC FAST CUT 696 | Disco con base in plastica\" \/>\n<meta property=\"og:description\" content=\"SEICAR | CERAMIC FAST CUT 696 | Disco con base in plastica | AUSILIARI | ABRASIVOS | ABRASIVO IN DISCO | JDS2000BL\" \/>\n<meta property=\"og:url\" content=\"https:\/\/arekson.com\/it\/producto\/ceramic-fast-cut-696-disco-ceramico-con-base-in-plastica\/\" \/>\n<meta property=\"og:site_name\" content=\"Arekson Group\" \/>\n<meta property=\"article:modified_time\" content=\"2025-06-04T14:00:43+00:00\" \/>\n<meta property=\"og:image\" content=\"https:\/\/arekson.com\/wp-content\/uploads\/2022\/05\/JDS0080C.jpg\" \/>\n\t<meta property=\"og:image:width\" content=\"800\" \/>\n\t<meta property=\"og:image:height\" content=\"800\" \/>\n\t<meta property=\"og:image:type\" content=\"image\/jpeg\" \/>\n<meta name=\"twitter:card\" content=\"summary_large_image\" \/>\n<script type=\"application\/ld+json\" class=\"yoast-schema-graph\">{\"@context\":\"https:\/\/schema.org\",\"@graph\":[{\"@type\":\"WebPage\",\"@id\":\"https:\/\/arekson.com\/it\/producto\/ceramic-fast-cut-696-disco-ceramico-con-base-in-plastica\/\",\"url\":\"https:\/\/arekson.com\/it\/producto\/ceramic-fast-cut-696-disco-ceramico-con-base-in-plastica\/\",\"name\":\"SEICAR | CERAMIC FAST CUT 696 | Disco con base in plastica\",\"isPartOf\":{\"@id\":\"https:\/\/arekson.com\/it\/#website\"},\"primaryImageOfPage\":{\"@id\":\"https:\/\/arekson.com\/it\/producto\/ceramic-fast-cut-696-disco-ceramico-con-base-in-plastica\/#primaryimage\"},\"image\":{\"@id\":\"https:\/\/arekson.com\/it\/producto\/ceramic-fast-cut-696-disco-ceramico-con-base-in-plastica\/#primaryimage\"},\"thumbnailUrl\":\"https:\/\/arekson.com\/wp-content\/uploads\/2022\/05\/JDS0080C.jpg\",\"datePublished\":\"2022-06-03T16:09:49+00:00\",\"dateModified\":\"2025-06-04T14:00:43+00:00\",\"description\":\"SEICAR | CERAMIC FAST CUT 696 | Disco con base in plastica | AUSILIARI | ABRASIVOS | ABRASIVO IN DISCO | JDS2000BL\",\"breadcrumb\":{\"@id\":\"https:\/\/arekson.com\/it\/producto\/ceramic-fast-cut-696-disco-ceramico-con-base-in-plastica\/#breadcrumb\"},\"inLanguage\":\"it-IT\",\"potentialAction\":[{\"@type\":\"ReadAction\",\"target\":[\"https:\/\/arekson.com\/it\/producto\/ceramic-fast-cut-696-disco-ceramico-con-base-in-plastica\/\"]}]},{\"@type\":\"ImageObject\",\"inLanguage\":\"it-IT\",\"@id\":\"https:\/\/arekson.com\/it\/producto\/ceramic-fast-cut-696-disco-ceramico-con-base-in-plastica\/#primaryimage\",\"url\":\"https:\/\/arekson.com\/wp-content\/uploads\/2022\/05\/JDS0080C.jpg\",\"contentUrl\":\"https:\/\/arekson.com\/wp-content\/uploads\/2022\/05\/JDS0080C.jpg\",\"width\":800,\"height\":800,\"caption\":\"SEICAR | CERAMIC FAST CUT 696 | Disco cer\u00e1mico base pl\u00e1stica\"},{\"@type\":\"BreadcrumbList\",\"@id\":\"https:\/\/arekson.com\/it\/producto\/ceramic-fast-cut-696-disco-ceramico-con-base-in-plastica\/#breadcrumb\",\"itemListElement\":[{\"@type\":\"ListItem\",\"position\":1,\"name\":\"Home\",\"item\":\"https:\/\/arekson.com\/it\/\"},{\"@type\":\"ListItem\",\"position\":2,\"name\":\"Prodotti\",\"item\":\"https:\/\/arekson.com\/it\/shop\/\"},{\"@type\":\"ListItem\",\"position\":3,\"name\":\"CERAMIC FAST CUT 696 Disco ceramico con base in plastica\"}]},{\"@type\":\"WebSite\",\"@id\":\"https:\/\/arekson.com\/it\/#website\",\"url\":\"https:\/\/arekson.com\/it\/\",\"name\":\"Arekson Group\",\"description\":\"Marcas Referentes del Automovil Profesional\",\"publisher\":{\"@id\":\"https:\/\/arekson.com\/it\/#organization\"},\"potentialAction\":[{\"@type\":\"SearchAction\",\"target\":{\"@type\":\"EntryPoint\",\"urlTemplate\":\"https:\/\/arekson.com\/it\/?s={search_term_string}\"},\"query-input\":{\"@type\":\"PropertyValueSpecification\",\"valueRequired\":true,\"valueName\":\"search_term_string\"}}],\"inLanguage\":\"it-IT\"},{\"@type\":\"Organization\",\"@id\":\"https:\/\/arekson.com\/it\/#organization\",\"name\":\"Arekson Group\",\"url\":\"https:\/\/arekson.com\/it\/\",\"logo\":{\"@type\":\"ImageObject\",\"inLanguage\":\"it-IT\",\"@id\":\"https:\/\/arekson.com\/it\/#\/schema\/logo\/image\/\",\"url\":\"https:\/\/arekson.com\/wp-content\/uploads\/2022\/06\/Arekson-Group-Logo-Gris.jpg\",\"contentUrl\":\"https:\/\/arekson.com\/wp-content\/uploads\/2022\/06\/Arekson-Group-Logo-Gris.jpg\",\"width\":174,\"height\":72,\"caption\":\"Arekson Group\"},\"image\":{\"@id\":\"https:\/\/arekson.com\/it\/#\/schema\/logo\/image\/\"}}]}<\/script>\n<!-- \/ Yoast SEO plugin. -->","yoast_head_json":{"title":"SEICAR | CERAMIC FAST CUT 696 | Disco con base in plastica","description":"SEICAR | CERAMIC FAST CUT 696 | Disco con base in plastica | AUSILIARI | ABRASIVOS | ABRASIVO IN DISCO | JDS2000BL","robots":{"index":"index","follow":"follow","max-snippet":"max-snippet:-1","max-image-preview":"max-image-preview:large","max-video-preview":"max-video-preview:-1"},"canonical":"https:\/\/arekson.com\/it\/producto\/ceramic-fast-cut-696-disco-ceramico-con-base-in-plastica\/","og_locale":"it_IT","og_type":"article","og_title":"SEICAR | CERAMIC FAST CUT 696 | Disco con base in plastica","og_description":"SEICAR | CERAMIC FAST CUT 696 | Disco con base in plastica | AUSILIARI | ABRASIVOS | ABRASIVO IN DISCO | JDS2000BL","og_url":"https:\/\/arekson.com\/it\/producto\/ceramic-fast-cut-696-disco-ceramico-con-base-in-plastica\/","og_site_name":"Arekson Group","article_modified_time":"2025-06-04T14:00:43+00:00","og_image":[{"width":800,"height":800,"url":"https:\/\/arekson.com\/wp-content\/uploads\/2022\/05\/JDS0080C.jpg","type":"image\/jpeg"}],"twitter_card":"summary_large_image","schema":{"@context":"https:\/\/schema.org","@graph":[{"@type":"WebPage","@id":"https:\/\/arekson.com\/it\/producto\/ceramic-fast-cut-696-disco-ceramico-con-base-in-plastica\/","url":"https:\/\/arekson.com\/it\/producto\/ceramic-fast-cut-696-disco-ceramico-con-base-in-plastica\/","name":"SEICAR | CERAMIC FAST CUT 696 | Disco con base in plastica","isPartOf":{"@id":"https:\/\/arekson.com\/it\/#website"},"primaryImageOfPage":{"@id":"https:\/\/arekson.com\/it\/producto\/ceramic-fast-cut-696-disco-ceramico-con-base-in-plastica\/#primaryimage"},"image":{"@id":"https:\/\/arekson.com\/it\/producto\/ceramic-fast-cut-696-disco-ceramico-con-base-in-plastica\/#primaryimage"},"thumbnailUrl":"https:\/\/arekson.com\/wp-content\/uploads\/2022\/05\/JDS0080C.jpg","datePublished":"2022-06-03T16:09:49+00:00","dateModified":"2025-06-04T14:00:43+00:00","description":"SEICAR | CERAMIC FAST CUT 696 | Disco con base in plastica | AUSILIARI | ABRASIVOS | ABRASIVO IN DISCO | JDS2000BL","breadcrumb":{"@id":"https:\/\/arekson.com\/it\/producto\/ceramic-fast-cut-696-disco-ceramico-con-base-in-plastica\/#breadcrumb"},"inLanguage":"it-IT","potentialAction":[{"@type":"ReadAction","target":["https:\/\/arekson.com\/it\/producto\/ceramic-fast-cut-696-disco-ceramico-con-base-in-plastica\/"]}]},{"@type":"ImageObject","inLanguage":"it-IT","@id":"https:\/\/arekson.com\/it\/producto\/ceramic-fast-cut-696-disco-ceramico-con-base-in-plastica\/#primaryimage","url":"https:\/\/arekson.com\/wp-content\/uploads\/2022\/05\/JDS0080C.jpg","contentUrl":"https:\/\/arekson.com\/wp-content\/uploads\/2022\/05\/JDS0080C.jpg","width":800,"height":800,"caption":"SEICAR | CERAMIC FAST CUT 696 | Disco cer\u00e1mico base pl\u00e1stica"},{"@type":"BreadcrumbList","@id":"https:\/\/arekson.com\/it\/producto\/ceramic-fast-cut-696-disco-ceramico-con-base-in-plastica\/#breadcrumb","itemListElement":[{"@type":"ListItem","position":1,"name":"Home","item":"https:\/\/arekson.com\/it\/"},{"@type":"ListItem","position":2,"name":"Prodotti","item":"https:\/\/arekson.com\/it\/shop\/"},{"@type":"ListItem","position":3,"name":"CERAMIC FAST CUT 696 Disco ceramico con base in plastica"}]},{"@type":"WebSite","@id":"https:\/\/arekson.com\/it\/#website","url":"https:\/\/arekson.com\/it\/","name":"Arekson Group","description":"Marcas Referentes del Automovil Profesional","publisher":{"@id":"https:\/\/arekson.com\/it\/#organization"},"potentialAction":[{"@type":"SearchAction","target":{"@type":"EntryPoint","urlTemplate":"https:\/\/arekson.com\/it\/?s={search_term_string}"},"query-input":{"@type":"PropertyValueSpecification","valueRequired":true,"valueName":"search_term_string"}}],"inLanguage":"it-IT"},{"@type":"Organization","@id":"https:\/\/arekson.com\/it\/#organization","name":"Arekson Group","url":"https:\/\/arekson.com\/it\/","logo":{"@type":"ImageObject","inLanguage":"it-IT","@id":"https:\/\/arekson.com\/it\/#\/schema\/logo\/image\/","url":"https:\/\/arekson.com\/wp-content\/uploads\/2022\/06\/Arekson-Group-Logo-Gris.jpg","contentUrl":"https:\/\/arekson.com\/wp-content\/uploads\/2022\/06\/Arekson-Group-Logo-Gris.jpg","width":174,"height":72,"caption":"Arekson Group"},"image":{"@id":"https:\/\/arekson.com\/it\/#\/schema\/logo\/image\/"}}]}},"_links":{"self":[{"href":"https:\/\/arekson.com\/it\/wp-json\/wp\/v2\/product\/33257","targetHints":{"allow":["GET"]}}],"collection":[{"href":"https:\/\/arekson.com\/it\/wp-json\/wp\/v2\/product"}],"about":[{"href":"https:\/\/arekson.com\/it\/wp-json\/wp\/v2\/types\/product"}],"wp:featuredmedia":[{"embeddable":true,"href":"https:\/\/arekson.com\/it\/wp-json\/wp\/v2\/media\/31599"}],"wp:attachment":[{"href":"https:\/\/arekson.com\/it\/wp-json\/wp\/v2\/media?parent=33257"}],"wp:term":[{"taxonomy":"product_brand","embeddable":true,"href":"https:\/\/arekson.com\/it\/wp-json\/wp\/v2\/product_brand?post=33257"},{"taxonomy":"product_cat","embeddable":true,"href":"https:\/\/arekson.com\/it\/wp-json\/wp\/v2\/product_cat?post=33257"},{"taxonomy":"product_tag","embeddable":true,"href":"https:\/\/arekson.com\/it\/wp-json\/wp\/v2\/product_tag?post=33257"}],"curies":[{"name":"wp","href":"https:\/\/api.w.org\/{rel}","templated":true}]}}