{"id":30783,"date":"2022-04-11T10:38:43","date_gmt":"2022-04-11T08:38:43","guid":{"rendered":"https:\/\/arekson.com\/seicar\/actualidad\/"},"modified":"2025-06-06T11:43:27","modified_gmt":"2025-06-06T09:43:27","slug":"attualita","status":"publish","type":"page","link":"https:\/\/arekson.com\/it\/seicar\/attualita\/","title":{"rendered":"Attualit\u00e0"},"content":{"rendered":"<p>[et_pb_section fb_built=&#8221;1&#8243; _builder_version=&#8221;4.17.0&#8243; _module_preset=&#8221;default&#8221; background_enable_color=&#8221;off&#8221; background_color_gradient_start=&#8221;#000000&#8243; background_color_gradient_end=&#8221;#ffffff&#8221; background_image=&#8221;https:\/\/arekson.com\/wp-content\/uploads\/2022\/04\/CABECERA-ACTUALIDAD-2.jpg&#8221; height=&#8221;500px&#8221; height_tablet=&#8221;500px&#8221; height_phone=&#8221;400px&#8221; height_last_edited=&#8221;on|tablet&#8221; global_colors_info=&#8221;{}&#8221;][et_pb_row _builder_version=&#8221;4.16&#8243; _module_preset=&#8221;default&#8221; custom_padding=&#8221;71px||||false|false&#8221; global_colors_info=&#8221;{}&#8221;][et_pb_column type=&#8221;4_4&#8243; _builder_version=&#8221;4.16&#8243; _module_preset=&#8221;default&#8221; global_colors_info=&#8221;{}&#8221;][et_pb_text _builder_version=&#8221;4.27.4&#8243; _module_preset=&#8221;default&#8221; text_text_color=&#8221;#FFFFFF&#8221; text_font_size=&#8221;60px&#8221; text_line_height=&#8221;1.1em&#8221; header_font=&#8221;|700|||||||&#8221; header_text_color=&#8221;#FFFFFF&#8221; header_font_size=&#8221;40px&#8221; hover_enabled=&#8221;0&#8243; text_font_size_tablet=&#8221;50px&#8221; text_font_size_phone=&#8221;39px&#8221; text_font_size_last_edited=&#8221;on|phone&#8221; header_text_align_tablet=&#8221;center&#8221; header_text_align_phone=&#8221;center&#8221; header_text_align_last_edited=&#8221;on|tablet&#8221; header_font_size_tablet=&#8221;40px&#8221; header_font_size_phone=&#8221;25px&#8221; header_font_size_last_edited=&#8221;on|tablet&#8221; text_text_shadow_style=&#8221;preset1&#8243; global_colors_info=&#8221;{}&#8221; sticky_enabled=&#8221;0&#8243;]<\/p>\n<p style=\"text-align: center;\"><span style=\"color: #ffffff;\"><strong>NOVIT\u00c0 E CONSIGLI<\/strong><\/span><\/p>\n<p>[\/et_pb_text][\/et_pb_column][\/et_pb_row][\/et_pb_section][et_pb_section fb_built=&#8221;1&#8243; _builder_version=&#8221;4.16&#8243; _module_preset=&#8221;default&#8221; global_colors_info=&#8221;{}&#8221;][et_pb_row use_custom_gutter=&#8221;on&#8221; gutter_width=&#8221;1&#8243; _builder_version=&#8221;4.17.1&#8243; width=&#8221;90%&#8221; width_tablet=&#8221;100%&#8221; width_phone=&#8221;100%&#8221; width_last_edited=&#8221;on|tablet&#8221; max_width_tablet=&#8221;&#8221; max_width_phone=&#8221;2560%&#8221; max_width_last_edited=&#8221;on|phone&#8221; custom_padding=&#8221;||0px||false|false&#8221; global_colors_info=&#8221;{}&#8221;][et_pb_column type=&#8221;4_4&#8243; _builder_version=&#8221;4.16&#8243; global_colors_info=&#8221;{}&#8221;][et_pb_code admin_label=&#8221;Custom CSS&#8221; _builder_version=&#8221;4.16&#8243; custom_margin=&#8221;0px||0px||false|false&#8221; custom_padding=&#8221;0px||0px||false|false&#8221; global_colors_info=&#8221;{}&#8221;]<\/p>\n<style><!-- [et_pb_line_break_holder] -->.alternate-fullwidth-blog-layout .et_pb_post:nth-child(odd) img{<!-- [et_pb_line_break_holder] -->    float: left;<!-- [et_pb_line_break_holder] -->    margin: -30px 0px -30px -30px;<!-- [et_pb_line_break_holder] -->    padding-right: 30px;<!-- [et_pb_line_break_holder] -->    width: calc(50% + 60px);<!-- [et_pb_line_break_holder] -->}<!-- [et_pb_line_break_holder] --><!-- [et_pb_line_break_holder] -->.alternate-fullwidth-blog-layout .et_pb_post:nth-child(even) img{<!-- [et_pb_line_break_holder] -->    float: right;<!-- [et_pb_line_break_holder] -->    margin: -30px -30px -30px 0px;<!-- [et_pb_line_break_holder] -->    padding-left: 30px;<!-- [et_pb_line_break_holder] -->    width: calc(50% + 60px);<!-- [et_pb_line_break_holder] -->}<!-- [et_pb_line_break_holder] --><!-- [et_pb_line_break_holder] -->.alternate-fullwidth-blog-layout .et_pb_post {<!-- [et_pb_line_break_holder] -->    background-color: #f7f7f7;<!-- [et_pb_line_break_holder] -->    margin-bottom: 0;<!-- [et_pb_line_break_holder] -->    margin-top: 0;<!-- [et_pb_line_break_holder] -->    padding: 30px;<!-- [et_pb_line_break_holder] -->}<!-- [et_pb_line_break_holder] --><!-- [et_pb_line_break_holder] -->.alternate-fullwidth-blog-layout a.more-link {<!-- [et_pb_line_break_holder] -->    background-color: #006799;<!-- [et_pb_line_break_holder] -->    border-radius: 30px;<!-- [et_pb_line_break_holder] -->    display: inline-block;<!-- [et_pb_line_break_holder] -->    margin-top: 20px;<!-- [et_pb_line_break_holder] -->    padding: 10px 20px;<!-- [et_pb_line_break_holder] -->    text-transform: capitalize;<!-- [et_pb_line_break_holder] -->}<!-- [et_pb_line_break_holder] --><!-- [et_pb_line_break_holder] -->.alternate-fullwidth-blog-layout .pagination.clearfix {<!-- [et_pb_line_break_holder] -->    padding: 30px;<!-- [et_pb_line_break_holder] -->}<!-- [et_pb_line_break_holder] -->  <!-- [et_pb_line_break_holder] -->@media(max-width: 1024px) {<!-- [et_pb_line_break_holder] -->    .alternate-fullwidth-blog-layout .et_pb_post .post-content {<!-- [et_pb_line_break_holder] -->      float: right;<!-- [et_pb_line_break_holder] -->      width: calc(50% - 30px);<!-- [et_pb_line_break_holder] -->    }<!-- [et_pb_line_break_holder] -->    .alternate-fullwidth-blog-layout .et_pb_post .entry-featured-image-url {<!-- [et_pb_line_break_holder] -->      margin-bottom: 0;<!-- [et_pb_line_break_holder] -->    }<!-- [et_pb_line_break_holder] -->  }<!-- [et_pb_line_break_holder] -->@media(max-width: 980px){<!-- [et_pb_line_break_holder] -->  .alternate-fullwidth-blog-layout .et_pb_post:nth-child(odd) img,<!-- [et_pb_line_break_holder] -->  .alternate-fullwidth-blog-layout .et_pb_post:nth-child(even) img {<!-- [et_pb_line_break_holder] -->    float: inherit;<!-- [et_pb_line_break_holder] -->    margin: 0;<!-- [et_pb_line_break_holder] -->    padding-left: 0;<!-- [et_pb_line_break_holder] -->    padding-right: 0;<!-- [et_pb_line_break_holder] -->    width: 100%;<!-- [et_pb_line_break_holder] --> }<!-- [et_pb_line_break_holder] -->  .alternate-fullwidth-blog-layout .et_pb_post .post-content {<!-- [et_pb_line_break_holder] -->    \tfloat: none;<!-- [et_pb_line_break_holder] -->      width: 100%;<!-- [et_pb_line_break_holder] -->    }<!-- [et_pb_line_break_holder] -->    .alternate-fullwidth-blog-layout .et_pb_post .entry-featured-image-url {<!-- [et_pb_line_break_holder] -->      margin-bottom: 30px;<!-- [et_pb_line_break_holder] -->}<!-- [et_pb_line_break_holder] --><\/style>\n<p>[\/et_pb_code][et_pb_blog posts_number=&#8221;6&#8243; include_categories=&#8221;47&#8243; meta_date=&#8221;j M, Y&#8221; show_more=&#8221;on&#8221; show_author=&#8221;off&#8221; show_date=&#8221;off&#8221; show_categories=&#8221;off&#8221; module_class=&#8221;alternate-fullwidth-blog-layout&#8221; _builder_version=&#8221;4.17.1&#8243; header_font=&#8221;|600|||||||&#8221; header_font_size=&#8221;32px&#8221; header_line_height=&#8221;1.2em&#8221; body_line_height=&#8221;1.8em&#8221; meta_text_color=&#8221;#000000&#8243; meta_font_size=&#8221;16px&#8221; meta_line_height=&#8221;1.8em&#8221; read_more_text_color=&#8221;#FFFFFF&#8221; read_more_letter_spacing=&#8221;1px&#8221; read_more_line_height=&#8221;1.2em&#8221; header_font_size_tablet=&#8221;22px&#8221; header_font_size_phone=&#8221;20px&#8221; header_font_size_last_edited=&#8221;on|phone&#8221; custom_css_title=&#8221;margin-bottom:10px;&#8221; custom_css_pagenavi=&#8221;padding: 30px;&#8221; custom_css_read_more=&#8221;background-color: #111c4e;&#8221; global_colors_info=&#8221;{}&#8221;][\/et_pb_blog][\/et_pb_column][\/et_pb_row][\/et_pb_section][et_pb_section fb_built=&#8221;1&#8243; _builder_version=&#8221;4.16&#8243; _module_preset=&#8221;default&#8221; global_colors_info=&#8221;{}&#8221;][et_pb_row column_structure=&#8221;1_4,1_4,1_2&#8243; use_custom_gutter=&#8221;on&#8221; gutter_width=&#8221;1&#8243; _builder_version=&#8221;4.17.1&#8243; _module_preset=&#8221;default&#8221; width=&#8221;100%&#8221; custom_padding=&#8221;0px||0px||false|false&#8221; global_colors_info=&#8221;{}&#8221;][et_pb_column type=&#8221;1_4&#8243; _builder_version=&#8221;4.16&#8243; _module_preset=&#8221;default&#8221; background_color=&#8221;#111c4e&#8221; custom_padding=&#8221;20px|||20px|false|false&#8221; global_colors_info=&#8221;{}&#8221;][et_pb_text _builder_version=&#8221;4.17.0&#8243; _module_preset=&#8221;default&#8221; header_text_color=&#8221;#FFFFFF&#8221; header_2_font=&#8221;||||||||&#8221; header_2_text_color=&#8221;#FFFFFF&#8221; header_2_font_size=&#8221;40px&#8221; header_2_line_height=&#8221;1.2em&#8221; height=&#8221;350px&#8221; height_tablet=&#8221;350px&#8221; height_phone=&#8221;100px&#8221; height_last_edited=&#8221;on|phone&#8221; header_2_font_size_tablet=&#8221;32px&#8221; header_2_font_size_phone=&#8221;25px&#8221; header_2_font_size_last_edited=&#8221;on|phone&#8221; global_colors_info=&#8221;{}&#8221;]<\/p>\n<h2>DESCARGA NUESTROS CAT\u00c1LOGOS<\/h2>\n<p><span style=\"color: #ffb71b;\"><span style=\"color: #ffb71b;\"><a href=\"\/it\/?page_id=30771\" style=\"color: #ffcc00;\">Ir a Cat\u00e1logos<\/a> <\/span>\u2192<\/span>[\/et_pb_text][\/et_pb_column][et_pb_column type=&#8221;1_4&#8243; _builder_version=&#8221;4.17.1&#8243; _module_preset=&#8221;default&#8221; background_color=&#8221;#111c4e&#8221; background_enable_image=&#8221;off&#8221; custom_padding=&#8221;||0px||false|false&#8221; background_last_edited=&#8221;on|phone&#8221; background_size_phone=&#8221;contain&#8221; border_width_top=&#8221;18px&#8221; border_color_top=&#8221;#111c4e&#8221; global_colors_info=&#8221;{}&#8221;][et_pb_image src=&#8221;https:\/\/arekson.com\/wp-content\/uploads\/2022\/04\/Catalogo-seicar-1.jpg&#8221; alt=&#8221;Catalogo seicar 1&#8243; title_text=&#8221;Catalogo seicar 1&#8243; url=&#8221;@ET-DC@eyJkeW5hbWljIjp0cnVlLCJjb250ZW50IjoicG9zdF9saW5rX3VybF9wYWdlIiwic2V0dGluZ3MiOnsicG9zdF9pZCI6IjM3NiJ9fQ==@&#8221; _builder_version=&#8221;4.17.1&#8243; _dynamic_attributes=&#8221;url&#8221; _module_preset=&#8221;default&#8221; width=&#8221;97%&#8221; width_tablet=&#8221;97%&#8221; width_phone=&#8221;75%&#8221; width_last_edited=&#8221;on|phone&#8221; module_alignment=&#8221;center&#8221; min_height=&#8221;491px&#8221; global_colors_info=&#8221;{}&#8221;][\/et_pb_image][\/et_pb_column][et_pb_column type=&#8221;1_2&#8243; _builder_version=&#8221;4.17.1&#8243; _module_preset=&#8221;default&#8221; background_color_gradient_start=&#8221;#111c4e&#8221; background_color_gradient_end=&#8221;#ffb71b&#8221; background_image=&#8221;https:\/\/arekson.com\/wp-content\/uploads\/2022\/04\/SEICAR-ACCEDE-AREA-PRIVADA-1.jpg&#8221; background_blend=&#8221;overlay&#8221; link_option_url=&#8221;https:\/\/cloud.igarle.es\/Arekson\/wap&#8221; link_option_url_new_window=&#8221;on&#8221; background_last_edited=&#8221;on|phone&#8221; background_size_phone=&#8221;contain&#8221; global_colors_info=&#8221;{}&#8221;][et_pb_image src=&#8221;https:\/\/arekson.com\/wp-content\/uploads\/2022\/04\/Arekson-AREA-PRIVADA-blanco.png&#8221; title_text=&#8221;Arekson AREA PRIVADA blanco&#8221; url=&#8221;https:\/\/cloud.igarle.es\/Arekson\/wap&#8221; url_new_window=&#8221;on&#8221; align=&#8221;center&#8221; _builder_version=&#8221;4.17.1&#8243; _module_preset=&#8221;default&#8221; background_enable_image=&#8221;off&#8221; width=&#8221;71%&#8221; max_width=&#8221;100%&#8221; module_alignment=&#8221;center&#8221; max_height=&#8221;1000px&#8221; custom_padding=&#8221;50px||109px||false|false&#8221; global_colors_info=&#8221;{}&#8221;][\/et_pb_image][\/et_pb_column][\/et_pb_row][\/et_pb_section]<\/p>\n","protected":false},"excerpt":{"rendered":"<p>NOVIT\u00c0 E CONSIGLIDESCARGA NUESTROS CAT\u00c1LOGOS Ir a Cat\u00e1logos \u2192<\/p>\n","protected":false},"author":1,"featured_media":0,"parent":30712,"menu_order":0,"comment_status":"closed","ping_status":"closed","template":"","meta":{"_et_pb_use_builder":"on","_et_pb_old_content":"","_et_gb_content_width":"","footnotes":""},"class_list":["post-30783","page","type-page","status-publish","hentry"],"yoast_head":"<!-- This site is optimized with the Yoast SEO plugin v27.2 - https:\/\/yoast.com\/product\/yoast-seo-wordpress\/ -->\n<title>Noticias sobre Seicar | Attualit\u00e0 | Arekson Group<\/title>\n<meta name=\"description\" content=\"Noticias sobre Seicar | Arekson Group | Noticias, actualidad y tips sobre el sector del Repintado de Veh\u00edculos\" \/>\n<meta name=\"robots\" content=\"index, follow, max-snippet:-1, max-image-preview:large, max-video-preview:-1\" \/>\n<link rel=\"canonical\" href=\"https:\/\/arekson.com\/it\/seicar\/attualita\/\" \/>\n<meta property=\"og:locale\" content=\"it_IT\" \/>\n<meta property=\"og:type\" content=\"article\" \/>\n<meta property=\"og:title\" content=\"Noticias sobre Seicar | Attualit\u00e0 | Arekson Group\" \/>\n<meta property=\"og:description\" content=\"Noticias sobre Seicar | Arekson Group | Noticias, actualidad y tips sobre el sector del Repintado de Veh\u00edculos\" \/>\n<meta property=\"og:url\" content=\"https:\/\/arekson.com\/it\/seicar\/attualita\/\" \/>\n<meta property=\"og:site_name\" content=\"Arekson Group\" \/>\n<meta property=\"article:modified_time\" content=\"2025-06-06T09:43:27+00:00\" \/>\n<meta property=\"og:image\" content=\"https:\/\/arekson.com\/wp-content\/uploads\/2022\/04\/Logo-Arekson-Group.png\" \/>\n\t<meta property=\"og:image:width\" content=\"244\" \/>\n\t<meta property=\"og:image:height\" content=\"99\" \/>\n\t<meta property=\"og:image:type\" content=\"image\/png\" \/>\n<meta name=\"twitter:card\" content=\"summary_large_image\" \/>\n<meta name=\"twitter:label1\" content=\"Tempo di lettura stimato\" \/>\n\t<meta name=\"twitter:data1\" content=\"4 minuti\" \/>\n<script type=\"application\/ld+json\" class=\"yoast-schema-graph\">{\"@context\":\"https:\/\/schema.org\",\"@graph\":[{\"@type\":\"WebPage\",\"@id\":\"https:\/\/arekson.com\/it\/seicar\/attualita\/\",\"url\":\"https:\/\/arekson.com\/it\/seicar\/attualita\/\",\"name\":\"Noticias sobre Seicar | Attualit\u00e0 | Arekson Group\",\"isPartOf\":{\"@id\":\"https:\/\/arekson.com\/it\/#website\"},\"datePublished\":\"2022-04-11T08:38:43+00:00\",\"dateModified\":\"2025-06-06T09:43:27+00:00\",\"description\":\"Noticias sobre Seicar | Arekson Group | Noticias, actualidad y tips sobre el sector del Repintado de Veh\u00edculos\",\"breadcrumb\":{\"@id\":\"https:\/\/arekson.com\/it\/seicar\/attualita\/#breadcrumb\"},\"inLanguage\":\"it-IT\",\"potentialAction\":[{\"@type\":\"ReadAction\",\"target\":[\"https:\/\/arekson.com\/it\/seicar\/attualita\/\"]}]},{\"@type\":\"BreadcrumbList\",\"@id\":\"https:\/\/arekson.com\/it\/seicar\/attualita\/#breadcrumb\",\"itemListElement\":[{\"@type\":\"ListItem\",\"position\":1,\"name\":\"Home\",\"item\":\"https:\/\/arekson.com\/it\/\"},{\"@type\":\"ListItem\",\"position\":2,\"name\":\"SEICAR\",\"item\":\"https:\/\/arekson.com\/it\/seicar\/\"},{\"@type\":\"ListItem\",\"position\":3,\"name\":\"Attualit\u00e0\"}]},{\"@type\":\"WebSite\",\"@id\":\"https:\/\/arekson.com\/it\/#website\",\"url\":\"https:\/\/arekson.com\/it\/\",\"name\":\"Arekson Group\",\"description\":\"Marcas Referentes del Automovil Profesional\",\"publisher\":{\"@id\":\"https:\/\/arekson.com\/it\/#organization\"},\"potentialAction\":[{\"@type\":\"SearchAction\",\"target\":{\"@type\":\"EntryPoint\",\"urlTemplate\":\"https:\/\/arekson.com\/it\/?s={search_term_string}\"},\"query-input\":{\"@type\":\"PropertyValueSpecification\",\"valueRequired\":true,\"valueName\":\"search_term_string\"}}],\"inLanguage\":\"it-IT\"},{\"@type\":\"Organization\",\"@id\":\"https:\/\/arekson.com\/it\/#organization\",\"name\":\"Arekson Group\",\"url\":\"https:\/\/arekson.com\/it\/\",\"logo\":{\"@type\":\"ImageObject\",\"inLanguage\":\"it-IT\",\"@id\":\"https:\/\/arekson.com\/it\/#\/schema\/logo\/image\/\",\"url\":\"https:\/\/arekson.com\/wp-content\/uploads\/2022\/06\/Arekson-Group-Logo-Gris.jpg\",\"contentUrl\":\"https:\/\/arekson.com\/wp-content\/uploads\/2022\/06\/Arekson-Group-Logo-Gris.jpg\",\"width\":174,\"height\":72,\"caption\":\"Arekson Group\"},\"image\":{\"@id\":\"https:\/\/arekson.com\/it\/#\/schema\/logo\/image\/\"}}]}<\/script>\n<!-- \/ Yoast SEO plugin. -->","yoast_head_json":{"title":"Noticias sobre Seicar | Attualit\u00e0 | Arekson Group","description":"Noticias sobre Seicar | Arekson Group | Noticias, actualidad y tips sobre el sector del Repintado de Veh\u00edculos","robots":{"index":"index","follow":"follow","max-snippet":"max-snippet:-1","max-image-preview":"max-image-preview:large","max-video-preview":"max-video-preview:-1"},"canonical":"https:\/\/arekson.com\/it\/seicar\/attualita\/","og_locale":"it_IT","og_type":"article","og_title":"Noticias sobre Seicar | Attualit\u00e0 | Arekson Group","og_description":"Noticias sobre Seicar | Arekson Group | Noticias, actualidad y tips sobre el sector del Repintado de Veh\u00edculos","og_url":"https:\/\/arekson.com\/it\/seicar\/attualita\/","og_site_name":"Arekson Group","article_modified_time":"2025-06-06T09:43:27+00:00","og_image":[{"width":244,"height":99,"url":"https:\/\/arekson.com\/wp-content\/uploads\/2022\/04\/Logo-Arekson-Group.png","type":"image\/png"}],"twitter_card":"summary_large_image","twitter_misc":{"Tempo di lettura stimato":"4 minuti"},"schema":{"@context":"https:\/\/schema.org","@graph":[{"@type":"WebPage","@id":"https:\/\/arekson.com\/it\/seicar\/attualita\/","url":"https:\/\/arekson.com\/it\/seicar\/attualita\/","name":"Noticias sobre Seicar | Attualit\u00e0 | Arekson Group","isPartOf":{"@id":"https:\/\/arekson.com\/it\/#website"},"datePublished":"2022-04-11T08:38:43+00:00","dateModified":"2025-06-06T09:43:27+00:00","description":"Noticias sobre Seicar | Arekson Group | Noticias, actualidad y tips sobre el sector del Repintado de Veh\u00edculos","breadcrumb":{"@id":"https:\/\/arekson.com\/it\/seicar\/attualita\/#breadcrumb"},"inLanguage":"it-IT","potentialAction":[{"@type":"ReadAction","target":["https:\/\/arekson.com\/it\/seicar\/attualita\/"]}]},{"@type":"BreadcrumbList","@id":"https:\/\/arekson.com\/it\/seicar\/attualita\/#breadcrumb","itemListElement":[{"@type":"ListItem","position":1,"name":"Home","item":"https:\/\/arekson.com\/it\/"},{"@type":"ListItem","position":2,"name":"SEICAR","item":"https:\/\/arekson.com\/it\/seicar\/"},{"@type":"ListItem","position":3,"name":"Attualit\u00e0"}]},{"@type":"WebSite","@id":"https:\/\/arekson.com\/it\/#website","url":"https:\/\/arekson.com\/it\/","name":"Arekson Group","description":"Marcas Referentes del Automovil Profesional","publisher":{"@id":"https:\/\/arekson.com\/it\/#organization"},"potentialAction":[{"@type":"SearchAction","target":{"@type":"EntryPoint","urlTemplate":"https:\/\/arekson.com\/it\/?s={search_term_string}"},"query-input":{"@type":"PropertyValueSpecification","valueRequired":true,"valueName":"search_term_string"}}],"inLanguage":"it-IT"},{"@type":"Organization","@id":"https:\/\/arekson.com\/it\/#organization","name":"Arekson Group","url":"https:\/\/arekson.com\/it\/","logo":{"@type":"ImageObject","inLanguage":"it-IT","@id":"https:\/\/arekson.com\/it\/#\/schema\/logo\/image\/","url":"https:\/\/arekson.com\/wp-content\/uploads\/2022\/06\/Arekson-Group-Logo-Gris.jpg","contentUrl":"https:\/\/arekson.com\/wp-content\/uploads\/2022\/06\/Arekson-Group-Logo-Gris.jpg","width":174,"height":72,"caption":"Arekson Group"},"image":{"@id":"https:\/\/arekson.com\/it\/#\/schema\/logo\/image\/"}}]}},"_links":{"self":[{"href":"https:\/\/arekson.com\/it\/wp-json\/wp\/v2\/pages\/30783","targetHints":{"allow":["GET"]}}],"collection":[{"href":"https:\/\/arekson.com\/it\/wp-json\/wp\/v2\/pages"}],"about":[{"href":"https:\/\/arekson.com\/it\/wp-json\/wp\/v2\/types\/page"}],"author":[{"embeddable":true,"href":"https:\/\/arekson.com\/it\/wp-json\/wp\/v2\/users\/1"}],"replies":[{"embeddable":true,"href":"https:\/\/arekson.com\/it\/wp-json\/wp\/v2\/comments?post=30783"}],"version-history":[{"count":3,"href":"https:\/\/arekson.com\/it\/wp-json\/wp\/v2\/pages\/30783\/revisions"}],"predecessor-version":[{"id":30787,"href":"https:\/\/arekson.com\/it\/wp-json\/wp\/v2\/pages\/30783\/revisions\/30787"}],"up":[{"embeddable":true,"href":"https:\/\/arekson.com\/it\/wp-json\/wp\/v2\/pages\/30712"}],"wp:attachment":[{"href":"https:\/\/arekson.com\/it\/wp-json\/wp\/v2\/media?parent=30783"}],"curies":[{"name":"wp","href":"https:\/\/api.w.org\/{rel}","templated":true}]}}