{"id":30522,"date":"2022-04-12T16:51:48","date_gmt":"2022-04-12T14:51:48","guid":{"rendered":"https:\/\/arekson.com\/arekson\/politica-de-cookies\/"},"modified":"2025-05-16T11:41:06","modified_gmt":"2025-05-16T09:41:06","slug":"informativa-sui-cookie","status":"publish","type":"page","link":"https:\/\/arekson.com\/it\/arekson\/informativa-sui-cookie\/","title":{"rendered":"Informativa sui cookie"},"content":{"rendered":"<p>[et_pb_section fb_built=&#8221;1&#8243; _builder_version=&#8221;4.16&#8243; _module_preset=&#8221;default&#8221; global_colors_info=&#8221;{}&#8221;][et_pb_row _builder_version=&#8221;4.16&#8243; _module_preset=&#8221;default&#8221; global_colors_info=&#8221;{}&#8221;][et_pb_column type=&#8221;4_4&#8243; _builder_version=&#8221;4.16&#8243; _module_preset=&#8221;default&#8221; global_colors_info=&#8221;{}&#8221;][et_pb_text _builder_version=&#8221;4.27.4&#8243; _module_preset=&#8221;default&#8221; hover_enabled=&#8221;0&#8243; global_colors_info=&#8221;{}&#8221; sticky_enabled=&#8221;0&#8243;]<\/p>\n<h1>POLITICA DEI COOKIE<\/h1>\n<p>[\/et_pb_text][et_pb_text _builder_version=&#8221;4.27.4&#8243; _module_preset=&#8221;default&#8221; hover_enabled=&#8221;0&#8243; global_colors_info=&#8221;{}&#8221; sticky_enabled=&#8221;0&#8243;]<\/p>\n<p><strong><b>Cos&#8217;\u00e8 un cookie?<\/b><\/strong><\/p>\n<p style=\"padding-left: 40px;\">Un cookie \u00e8 un file informatico che un server web pu\u00f2 elaborare sul dispositivo (computer, telefono, tablet, ecc.) con cui l&#8217;utente si connette, al fine di riconoscere le sue caratteristiche o preferenze quando si ricollega, o di facilitare l&#8217;uso e la navigazione nel sito web, offrendo vari vantaggi nella fornitura di servizi interattivi.<\/p>\n<p style=\"padding-left: 40px;\">I cookie vengono utilizzati, tra le altre finalit\u00e0, per gestire la sessione dell&#8217;utente (ad esempio, affinch\u00e9 la navigazione attraverso le varie sezioni del sito web sia logica), per adattare i contenuti di un sito web alle sue preferenze (ad esempio, la lingua) o per effettuare analisi (ad esempio, misurare il traffico e l&#8217;utilizzo di un sito web).<\/p>\n<p style=\"padding-left: 40px;\">I cookie possono essere \u201cdi sessione\u201d, che verranno eliminati una volta che l&#8217;utente abbandona il sito web che li ha generati, o \u201cpersistenti\u201d, che rimangono sul dispositivo fino a una data prestabilita.<\/p>\n<p><strong><b>Che tipo di cookie utilizza questo sito web?<\/b><\/strong><\/p>\n<p style=\"padding-left: 40px;\">Questo sito web utilizza diversi tipi di cookie, con le seguenti finalit\u00e0:<\/p>\n<ul>\n<li style=\"list-style-type: none;\">\n<ul>\n<li><b><\/b><strong><b>Cookie tecnici<\/b><\/strong>: consentono all&#8217;utente di navigare nel sito web e di utilizzare le diverse opzioni presenti, come ad esempio identificare la sessione, gestire i parametri inseriti dall&#8217;utente o condividere contenuti tramite social media.<\/li>\n<li><b><\/b><strong><b>Cookie di personalizzazione<\/b><\/strong>: consentono all&#8217;utente di accedere al servizio con alcune caratteristiche generali, predefinite in base a una serie di criteri, sul suo dispositivo (ad esempio, lingua, tipo di browser utilizzato, ecc.).<\/li>\n<li><b><\/b><strong><b>Cookie analitici<\/b><\/strong>: consentono di monitorare e analizzare il comportamento degli utenti del sito web, durante periodi di tempo specifici. Le informazioni raccolte tramite questo tipo di cookie vengono utilizzate per misurare l&#8217;attivit\u00e0 del sito web, al fine di introdurre miglioramenti in base all&#8217;analisi dei dati di utilizzo.<\/li>\n<\/ul>\n<\/li>\n<\/ul>\n<p><strong><b>Cookie analitici utilizzati in questo sito web<\/b><\/strong><\/p>\n<ul>\n<li style=\"list-style-type: none;\">\n<ul>\n<li>Nome: \u201c_ga\u201d. Durata: 2 anni. Tipo di cookie di terze parti (Google Analytics). Scopo: questo cookie \u00e8 installato da Google Analytics e viene utilizzato per calcolare i dati dei visitatori, le sessioni e le campagne e per monitorare l&#8217;uso del sito per il rapporto analitico. Assegna un identificatore unico generato casualmente per distinguere gli utenti del sito web, con finalit\u00e0 statistiche a lungo termine.<\/li>\n<li>Nome: \u201c_gat\u201d. Durata: 1-10 minuti. Tipo di cookie di terze parti (Google Analytics). Scopo: questo cookie \u00e8 installato da Google Analytics e viene utilizzato per limitare le richieste al sito web, regolando l&#8217;invio dei dati a Google Analytics. Assegna un identificatore unico generato casualmente per distinguere gli utenti del sito web a breve termine.<\/li>\n<li>Nome: \u201c_gid\u201d. Durata: 24 ore. Tipo di cookie di terze parti (Google Analytics). Scopo: questo cookie \u00e8 installato da Google Analytics e viene utilizzato per memorizzare informazioni su come i visitatori utilizzano un sito web e per creare un rapporto analitico su come sta funzionando il sito. I dati raccolti, inclusi il numero di visitatori, la provenienza e le pagine visitate, vengono mostrati in modo statistico. Assegna un identificatore unico generato casualmente per distinguere gli utenti del sito web, con finalit\u00e0 statistiche a breve termine.<\/li>\n<\/ul>\n<\/li>\n<\/ul>\n<p style=\"padding-left: 40px;\">Puoi consultare informazioni dettagliate su Google Analytics tramite il seguente link fornito da Google: <a href=\"https:\/\/support.google.com\/analytics\/answer\/6004245\"><u>https:\/\/support.google.com\/analytics\/answer\/6004245<\/u><\/a><\/p>\n<p><strong><b>Come disabilitare o eliminare i cookie?<\/b><\/strong><\/p>\n<p style=\"padding-left: 40px;\">Se lo desideri, puoi utilizzare il componente di disabilitazione per i browser di Google Analytics tramite il quale puoi rifiutare i cookie analitici di tale servizio su molti browser. Per maggiori informazioni: <a href=\"https:\/\/tools.google.com\/dlpage\/gaoptout\"><u>https:\/\/tools.google.com\/dlpage\/gaoptout<\/u><\/a>.<\/p>\n<p style=\"padding-left: 40px;\">Inoltre, l&#8217;utente pu\u00f2 disabilitare o eliminare i cookie, in tutto o in parte, in qualsiasi momento, manualmente o automaticamente. Per farlo, deve consultare le opzioni di configurazione per il trattamento dei cookie offerte dai vari browser.<\/p>\n<p style=\"padding-left: 40px;\">Inoltre, questo sito web include un componente (\u201cplug-in\u201d) specifico tramite il quale l&#8217;utente pu\u00f2 accettare, configurare e rifiutare l&#8217;utilizzo dei cookie, fornendo e revocando consensi, a propria discrezione.<\/p>\n<p>[\/et_pb_text][et_pb_button button_url=&#8221;\/#gdpr_cookie_modal&#8221; button_text=&#8221;Configurazione dei cookie&#8221; _builder_version=&#8221;4.27.4&#8243; _module_preset=&#8221;default&#8221; hover_enabled=&#8221;0&#8243; global_colors_info=&#8221;{}&#8221; sticky_enabled=&#8221;0&#8243;][\/et_pb_button][\/et_pb_column][\/et_pb_row][\/et_pb_section]<\/p>\n","protected":false},"excerpt":{"rendered":"<p>POLITICA DEI COOKIECos&#8217;\u00e8 un cookie? Un cookie \u00e8 un file informatico che un server web pu\u00f2 elaborare sul dispositivo (computer, telefono, tablet, ecc.) con cui l&#8217;utente si connette, al fine di riconoscere le sue caratteristiche o preferenze quando si ricollega, o di facilitare l&#8217;uso e la navigazione nel sito web, offrendo vari vantaggi nella fornitura [&hellip;]<\/p>\n","protected":false},"author":1,"featured_media":0,"parent":30487,"menu_order":999,"comment_status":"closed","ping_status":"closed","template":"","meta":{"_et_pb_use_builder":"on","_et_pb_old_content":"","_et_gb_content_width":"","footnotes":""},"class_list":["post-30522","page","type-page","status-publish","hentry"],"yoast_head":"<!-- This site is optimized with the Yoast SEO plugin v27.2 - https:\/\/yoast.com\/product\/yoast-seo-wordpress\/ -->\n<title>Informativa sui cookie | Arekson Group<\/title>\n<meta name=\"description\" content=\"Arekson Group | Productos para el Repintado de Veh\u00edculos | Productos y soluciones personalizados a sus necesidades\" \/>\n<meta name=\"robots\" content=\"noindex, nofollow\" \/>\n<meta property=\"og:locale\" content=\"it_IT\" \/>\n<meta property=\"og:type\" content=\"article\" \/>\n<meta property=\"og:title\" content=\"Informativa sui cookie | Arekson Group\" \/>\n<meta property=\"og:description\" content=\"Arekson Group | Productos para el Repintado de Veh\u00edculos | Productos y soluciones personalizados a sus necesidades\" \/>\n<meta property=\"og:url\" content=\"https:\/\/arekson.com\/it\/arekson\/informativa-sui-cookie\/\" \/>\n<meta property=\"og:site_name\" content=\"Arekson Group\" \/>\n<meta property=\"article:modified_time\" content=\"2025-05-16T09:41:06+00:00\" \/>\n<meta property=\"og:image\" content=\"https:\/\/arekson.com\/wp-content\/uploads\/2022\/04\/Logo-Arekson-Group.png\" \/>\n\t<meta property=\"og:image:width\" content=\"244\" \/>\n\t<meta property=\"og:image:height\" content=\"99\" \/>\n\t<meta property=\"og:image:type\" content=\"image\/png\" \/>\n<meta name=\"twitter:card\" content=\"summary_large_image\" \/>\n<meta name=\"twitter:label1\" content=\"Tempo di lettura stimato\" \/>\n\t<meta name=\"twitter:data1\" content=\"4 minuti\" \/>\n<script type=\"application\/ld+json\" class=\"yoast-schema-graph\">{\"@context\":\"https:\/\/schema.org\",\"@graph\":[{\"@type\":\"WebPage\",\"@id\":\"https:\/\/arekson.com\/it\/arekson\/informativa-sui-cookie\/\",\"url\":\"https:\/\/arekson.com\/it\/arekson\/informativa-sui-cookie\/\",\"name\":\"Informativa sui cookie | Arekson Group\",\"isPartOf\":{\"@id\":\"https:\/\/arekson.com\/it\/#website\"},\"datePublished\":\"2022-04-12T14:51:48+00:00\",\"dateModified\":\"2025-05-16T09:41:06+00:00\",\"description\":\"Arekson Group | Productos para el Repintado de Veh\u00edculos | Productos y soluciones personalizados a sus necesidades\",\"breadcrumb\":{\"@id\":\"https:\/\/arekson.com\/it\/arekson\/informativa-sui-cookie\/#breadcrumb\"},\"inLanguage\":\"it-IT\",\"potentialAction\":[{\"@type\":\"ReadAction\",\"target\":[\"https:\/\/arekson.com\/it\/arekson\/informativa-sui-cookie\/\"]}]},{\"@type\":\"BreadcrumbList\",\"@id\":\"https:\/\/arekson.com\/it\/arekson\/informativa-sui-cookie\/#breadcrumb\",\"itemListElement\":[{\"@type\":\"ListItem\",\"position\":1,\"name\":\"Home\",\"item\":\"https:\/\/arekson.com\/it\/\"},{\"@type\":\"ListItem\",\"position\":2,\"name\":\"Arekson\",\"item\":\"https:\/\/arekson.com\/it\/\"},{\"@type\":\"ListItem\",\"position\":3,\"name\":\"Informativa sui cookie\"}]},{\"@type\":\"WebSite\",\"@id\":\"https:\/\/arekson.com\/it\/#website\",\"url\":\"https:\/\/arekson.com\/it\/\",\"name\":\"Arekson Group\",\"description\":\"Marcas Referentes del Automovil Profesional\",\"publisher\":{\"@id\":\"https:\/\/arekson.com\/it\/#organization\"},\"potentialAction\":[{\"@type\":\"SearchAction\",\"target\":{\"@type\":\"EntryPoint\",\"urlTemplate\":\"https:\/\/arekson.com\/it\/?s={search_term_string}\"},\"query-input\":{\"@type\":\"PropertyValueSpecification\",\"valueRequired\":true,\"valueName\":\"search_term_string\"}}],\"inLanguage\":\"it-IT\"},{\"@type\":\"Organization\",\"@id\":\"https:\/\/arekson.com\/it\/#organization\",\"name\":\"Arekson Group\",\"url\":\"https:\/\/arekson.com\/it\/\",\"logo\":{\"@type\":\"ImageObject\",\"inLanguage\":\"it-IT\",\"@id\":\"https:\/\/arekson.com\/it\/#\/schema\/logo\/image\/\",\"url\":\"https:\/\/arekson.com\/wp-content\/uploads\/2022\/06\/Arekson-Group-Logo-Gris.jpg\",\"contentUrl\":\"https:\/\/arekson.com\/wp-content\/uploads\/2022\/06\/Arekson-Group-Logo-Gris.jpg\",\"width\":174,\"height\":72,\"caption\":\"Arekson Group\"},\"image\":{\"@id\":\"https:\/\/arekson.com\/it\/#\/schema\/logo\/image\/\"}}]}<\/script>\n<!-- \/ Yoast SEO plugin. -->","yoast_head_json":{"title":"Informativa sui cookie | Arekson Group","description":"Arekson Group | Productos para el Repintado de Veh\u00edculos | Productos y soluciones personalizados a sus necesidades","robots":{"index":"noindex","follow":"nofollow"},"og_locale":"it_IT","og_type":"article","og_title":"Informativa sui cookie | Arekson Group","og_description":"Arekson Group | Productos para el Repintado de Veh\u00edculos | Productos y soluciones personalizados a sus necesidades","og_url":"https:\/\/arekson.com\/it\/arekson\/informativa-sui-cookie\/","og_site_name":"Arekson Group","article_modified_time":"2025-05-16T09:41:06+00:00","og_image":[{"width":244,"height":99,"url":"https:\/\/arekson.com\/wp-content\/uploads\/2022\/04\/Logo-Arekson-Group.png","type":"image\/png"}],"twitter_card":"summary_large_image","twitter_misc":{"Tempo di lettura stimato":"4 minuti"},"schema":{"@context":"https:\/\/schema.org","@graph":[{"@type":"WebPage","@id":"https:\/\/arekson.com\/it\/arekson\/informativa-sui-cookie\/","url":"https:\/\/arekson.com\/it\/arekson\/informativa-sui-cookie\/","name":"Informativa sui cookie | Arekson Group","isPartOf":{"@id":"https:\/\/arekson.com\/it\/#website"},"datePublished":"2022-04-12T14:51:48+00:00","dateModified":"2025-05-16T09:41:06+00:00","description":"Arekson Group | Productos para el Repintado de Veh\u00edculos | Productos y soluciones personalizados a sus necesidades","breadcrumb":{"@id":"https:\/\/arekson.com\/it\/arekson\/informativa-sui-cookie\/#breadcrumb"},"inLanguage":"it-IT","potentialAction":[{"@type":"ReadAction","target":["https:\/\/arekson.com\/it\/arekson\/informativa-sui-cookie\/"]}]},{"@type":"BreadcrumbList","@id":"https:\/\/arekson.com\/it\/arekson\/informativa-sui-cookie\/#breadcrumb","itemListElement":[{"@type":"ListItem","position":1,"name":"Home","item":"https:\/\/arekson.com\/it\/"},{"@type":"ListItem","position":2,"name":"Arekson","item":"https:\/\/arekson.com\/it\/"},{"@type":"ListItem","position":3,"name":"Informativa sui cookie"}]},{"@type":"WebSite","@id":"https:\/\/arekson.com\/it\/#website","url":"https:\/\/arekson.com\/it\/","name":"Arekson Group","description":"Marcas Referentes del Automovil Profesional","publisher":{"@id":"https:\/\/arekson.com\/it\/#organization"},"potentialAction":[{"@type":"SearchAction","target":{"@type":"EntryPoint","urlTemplate":"https:\/\/arekson.com\/it\/?s={search_term_string}"},"query-input":{"@type":"PropertyValueSpecification","valueRequired":true,"valueName":"search_term_string"}}],"inLanguage":"it-IT"},{"@type":"Organization","@id":"https:\/\/arekson.com\/it\/#organization","name":"Arekson Group","url":"https:\/\/arekson.com\/it\/","logo":{"@type":"ImageObject","inLanguage":"it-IT","@id":"https:\/\/arekson.com\/it\/#\/schema\/logo\/image\/","url":"https:\/\/arekson.com\/wp-content\/uploads\/2022\/06\/Arekson-Group-Logo-Gris.jpg","contentUrl":"https:\/\/arekson.com\/wp-content\/uploads\/2022\/06\/Arekson-Group-Logo-Gris.jpg","width":174,"height":72,"caption":"Arekson Group"},"image":{"@id":"https:\/\/arekson.com\/it\/#\/schema\/logo\/image\/"}}]}},"_links":{"self":[{"href":"https:\/\/arekson.com\/it\/wp-json\/wp\/v2\/pages\/30522","targetHints":{"allow":["GET"]}}],"collection":[{"href":"https:\/\/arekson.com\/it\/wp-json\/wp\/v2\/pages"}],"about":[{"href":"https:\/\/arekson.com\/it\/wp-json\/wp\/v2\/types\/page"}],"author":[{"embeddable":true,"href":"https:\/\/arekson.com\/it\/wp-json\/wp\/v2\/users\/1"}],"replies":[{"embeddable":true,"href":"https:\/\/arekson.com\/it\/wp-json\/wp\/v2\/comments?post=30522"}],"version-history":[{"count":2,"href":"https:\/\/arekson.com\/it\/wp-json\/wp\/v2\/pages\/30522\/revisions"}],"predecessor-version":[{"id":30526,"href":"https:\/\/arekson.com\/it\/wp-json\/wp\/v2\/pages\/30522\/revisions\/30526"}],"up":[{"embeddable":true,"href":"https:\/\/arekson.com\/it\/wp-json\/wp\/v2\/pages\/30487"}],"wp:attachment":[{"href":"https:\/\/arekson.com\/it\/wp-json\/wp\/v2\/media?parent=30522"}],"curies":[{"name":"wp","href":"https:\/\/api.w.org\/{rel}","templated":true}]}}