{"id":30368,"date":"2025-04-12T14:18:52","date_gmt":"2025-04-12T12:18:52","guid":{"rendered":"https:\/\/arekson.com\/?post_type=product&#038;p=30368"},"modified":"2025-05-05T09:45:51","modified_gmt":"2025-05-05T07:45:51","slug":"clear-hs-hardener-kit-kit-vernis-hardener","status":"publish","type":"product","link":"https:\/\/arekson.com\/fr\/producto\/clear-hs-hardener-kit-kit-vernis-hardener\/","title":{"rendered":"<strong><span class=\"nom-corto\">CLEAR  HS + HARDENER KIT <\/span><\/strong><br><span class=\"nom-largo\">Kit Vernis + Hardener<\/span>"},"content":{"rendered":"<p style=\"text-align: right;\"><a class=\"boton-ficha\" href=\"https:\/\/arekson.com\/wp-content\/uploads\/2025\/05\/BAX621K-KLARLACK-621-KIT-2.1-FR-FT-02012025.pdf\" target=\"_blank\" rel=\"noopener\">D\u00e9tails Techniques<\/a> <\/p>\n","protected":false},"excerpt":{"rendered":"<p>Nouveau vernis acrylique bicomposant \u00e0 haute teneur en solides (HS), con\u00e7u pour offrir une finition brillante, durable et r\u00e9sistante aux agents ext\u00e9rieurs. Sa formulation \u00e0 faible teneur en COV respecte les r\u00e9glementations environnementales sans compromettre la qualit\u00e9 de la finition.<\/p>\n","protected":false},"featured_media":30351,"template":"","meta":{"_et_pb_use_builder":"","_et_pb_old_content":"","_et_gb_content_width":""},"product_brand":[],"product_cat":[1223,370,1225],"product_tag":[],"class_list":{"0":"post-30368","1":"product","2":"type-product","3":"status-publish","4":"has-post-thumbnail","6":"product_cat-chimiques","7":"product_cat-seicar-fr","8":"product_cat-vernis-peintures-dissolvants","9":"pa_seicar-fr-ref-bax621k-kit-transparent-15l","11":"first","12":"instock","13":"shipping-taxable","14":"purchasable","15":"product-type-variable"},"yoast_head":"<!-- This site is optimized with the Yoast SEO plugin v27.2 - https:\/\/yoast.com\/product\/yoast-seo-wordpress\/ -->\n<title>CLEAR HS + HARDENER KIT Kit Vernis + Hardener | Arekson Group<\/title>\n<meta name=\"description\" content=\"Arekson Group | Productos para el Repintado de Veh\u00edculos | Productos y soluciones personalizados a sus necesidades\" \/>\n<meta name=\"robots\" content=\"index, follow, max-snippet:-1, max-image-preview:large, max-video-preview:-1\" \/>\n<link rel=\"canonical\" href=\"https:\/\/arekson.com\/fr\/producto\/clear-hs-hardener-kit-kit-vernis-hardener\/\" \/>\n<meta property=\"og:locale\" content=\"fr_FR\" \/>\n<meta property=\"og:type\" content=\"article\" \/>\n<meta property=\"og:title\" content=\"CLEAR HS + HARDENER KIT Kit Vernis + Hardener | Arekson Group\" \/>\n<meta property=\"og:description\" content=\"Arekson Group | Productos para el Repintado de Veh\u00edculos | Productos y soluciones personalizados a sus necesidades\" \/>\n<meta property=\"og:url\" content=\"https:\/\/arekson.com\/fr\/producto\/clear-hs-hardener-kit-kit-vernis-hardener\/\" \/>\n<meta property=\"og:site_name\" content=\"Arekson Group\" \/>\n<meta property=\"article:modified_time\" content=\"2025-05-05T07:45:51+00:00\" \/>\n<meta property=\"og:image\" content=\"https:\/\/arekson.com\/wp-content\/uploads\/2025\/04\/BAX621K_web.png\" \/>\n\t<meta property=\"og:image:width\" content=\"800\" \/>\n\t<meta property=\"og:image:height\" content=\"800\" \/>\n\t<meta property=\"og:image:type\" content=\"image\/png\" \/>\n<meta name=\"twitter:card\" content=\"summary_large_image\" \/>\n<script type=\"application\/ld+json\" class=\"yoast-schema-graph\">{\"@context\":\"https:\/\/schema.org\",\"@graph\":[{\"@type\":\"WebPage\",\"@id\":\"https:\/\/arekson.com\/fr\/producto\/clear-hs-hardener-kit-kit-vernis-hardener\/\",\"url\":\"https:\/\/arekson.com\/fr\/producto\/clear-hs-hardener-kit-kit-vernis-hardener\/\",\"name\":\"CLEAR HS + HARDENER KIT Kit Vernis + Hardener | Arekson Group\",\"isPartOf\":{\"@id\":\"https:\/\/arekson.com\/fr\/#website\"},\"primaryImageOfPage\":{\"@id\":\"https:\/\/arekson.com\/fr\/producto\/clear-hs-hardener-kit-kit-vernis-hardener\/#primaryimage\"},\"image\":{\"@id\":\"https:\/\/arekson.com\/fr\/producto\/clear-hs-hardener-kit-kit-vernis-hardener\/#primaryimage\"},\"thumbnailUrl\":\"https:\/\/arekson.com\/wp-content\/uploads\/2025\/04\/BAX621K_web.png\",\"datePublished\":\"2025-04-12T12:18:52+00:00\",\"dateModified\":\"2025-05-05T07:45:51+00:00\",\"description\":\"Arekson Group | Productos para el Repintado de Veh\u00edculos | Productos y soluciones personalizados a sus necesidades\",\"breadcrumb\":{\"@id\":\"https:\/\/arekson.com\/fr\/producto\/clear-hs-hardener-kit-kit-vernis-hardener\/#breadcrumb\"},\"inLanguage\":\"fr-FR\",\"potentialAction\":[{\"@type\":\"ReadAction\",\"target\":[\"https:\/\/arekson.com\/fr\/producto\/clear-hs-hardener-kit-kit-vernis-hardener\/\"]}]},{\"@type\":\"ImageObject\",\"inLanguage\":\"fr-FR\",\"@id\":\"https:\/\/arekson.com\/fr\/producto\/clear-hs-hardener-kit-kit-vernis-hardener\/#primaryimage\",\"url\":\"https:\/\/arekson.com\/wp-content\/uploads\/2025\/04\/BAX621K_web.png\",\"contentUrl\":\"https:\/\/arekson.com\/wp-content\/uploads\/2025\/04\/BAX621K_web.png\",\"width\":800,\"height\":800},{\"@type\":\"BreadcrumbList\",\"@id\":\"https:\/\/arekson.com\/fr\/producto\/clear-hs-hardener-kit-kit-vernis-hardener\/#breadcrumb\",\"itemListElement\":[{\"@type\":\"ListItem\",\"position\":1,\"name\":\"Home\",\"item\":\"https:\/\/arekson.com\/fr\/\"},{\"@type\":\"ListItem\",\"position\":2,\"name\":\"Produits\",\"item\":\"https:\/\/arekson.com\/fr\/shop\/\"},{\"@type\":\"ListItem\",\"position\":3,\"name\":\"CLEAR HS + HARDENER KIT Kit Vernis + Hardener\"}]},{\"@type\":\"WebSite\",\"@id\":\"https:\/\/arekson.com\/fr\/#website\",\"url\":\"https:\/\/arekson.com\/fr\/\",\"name\":\"Arekson Group\",\"description\":\"Marcas Referentes del Automovil Profesional\",\"publisher\":{\"@id\":\"https:\/\/arekson.com\/fr\/#organization\"},\"potentialAction\":[{\"@type\":\"SearchAction\",\"target\":{\"@type\":\"EntryPoint\",\"urlTemplate\":\"https:\/\/arekson.com\/fr\/?s={search_term_string}\"},\"query-input\":{\"@type\":\"PropertyValueSpecification\",\"valueRequired\":true,\"valueName\":\"search_term_string\"}}],\"inLanguage\":\"fr-FR\"},{\"@type\":\"Organization\",\"@id\":\"https:\/\/arekson.com\/fr\/#organization\",\"name\":\"Arekson Group\",\"url\":\"https:\/\/arekson.com\/fr\/\",\"logo\":{\"@type\":\"ImageObject\",\"inLanguage\":\"fr-FR\",\"@id\":\"https:\/\/arekson.com\/fr\/#\/schema\/logo\/image\/\",\"url\":\"https:\/\/arekson.com\/wp-content\/uploads\/2022\/06\/Arekson-Group-Logo-Gris.jpg\",\"contentUrl\":\"https:\/\/arekson.com\/wp-content\/uploads\/2022\/06\/Arekson-Group-Logo-Gris.jpg\",\"width\":174,\"height\":72,\"caption\":\"Arekson Group\"},\"image\":{\"@id\":\"https:\/\/arekson.com\/fr\/#\/schema\/logo\/image\/\"}}]}<\/script>\n<!-- \/ Yoast SEO plugin. -->","yoast_head_json":{"title":"CLEAR HS + HARDENER KIT Kit Vernis + Hardener | Arekson Group","description":"Arekson Group | Productos para el Repintado de Veh\u00edculos | Productos y soluciones personalizados a sus necesidades","robots":{"index":"index","follow":"follow","max-snippet":"max-snippet:-1","max-image-preview":"max-image-preview:large","max-video-preview":"max-video-preview:-1"},"canonical":"https:\/\/arekson.com\/fr\/producto\/clear-hs-hardener-kit-kit-vernis-hardener\/","og_locale":"fr_FR","og_type":"article","og_title":"CLEAR HS + HARDENER KIT Kit Vernis + Hardener | Arekson Group","og_description":"Arekson Group | Productos para el Repintado de Veh\u00edculos | Productos y soluciones personalizados a sus necesidades","og_url":"https:\/\/arekson.com\/fr\/producto\/clear-hs-hardener-kit-kit-vernis-hardener\/","og_site_name":"Arekson Group","article_modified_time":"2025-05-05T07:45:51+00:00","og_image":[{"width":800,"height":800,"url":"https:\/\/arekson.com\/wp-content\/uploads\/2025\/04\/BAX621K_web.png","type":"image\/png"}],"twitter_card":"summary_large_image","schema":{"@context":"https:\/\/schema.org","@graph":[{"@type":"WebPage","@id":"https:\/\/arekson.com\/fr\/producto\/clear-hs-hardener-kit-kit-vernis-hardener\/","url":"https:\/\/arekson.com\/fr\/producto\/clear-hs-hardener-kit-kit-vernis-hardener\/","name":"CLEAR HS + HARDENER KIT Kit Vernis + Hardener | Arekson Group","isPartOf":{"@id":"https:\/\/arekson.com\/fr\/#website"},"primaryImageOfPage":{"@id":"https:\/\/arekson.com\/fr\/producto\/clear-hs-hardener-kit-kit-vernis-hardener\/#primaryimage"},"image":{"@id":"https:\/\/arekson.com\/fr\/producto\/clear-hs-hardener-kit-kit-vernis-hardener\/#primaryimage"},"thumbnailUrl":"https:\/\/arekson.com\/wp-content\/uploads\/2025\/04\/BAX621K_web.png","datePublished":"2025-04-12T12:18:52+00:00","dateModified":"2025-05-05T07:45:51+00:00","description":"Arekson Group | Productos para el Repintado de Veh\u00edculos | Productos y soluciones personalizados a sus necesidades","breadcrumb":{"@id":"https:\/\/arekson.com\/fr\/producto\/clear-hs-hardener-kit-kit-vernis-hardener\/#breadcrumb"},"inLanguage":"fr-FR","potentialAction":[{"@type":"ReadAction","target":["https:\/\/arekson.com\/fr\/producto\/clear-hs-hardener-kit-kit-vernis-hardener\/"]}]},{"@type":"ImageObject","inLanguage":"fr-FR","@id":"https:\/\/arekson.com\/fr\/producto\/clear-hs-hardener-kit-kit-vernis-hardener\/#primaryimage","url":"https:\/\/arekson.com\/wp-content\/uploads\/2025\/04\/BAX621K_web.png","contentUrl":"https:\/\/arekson.com\/wp-content\/uploads\/2025\/04\/BAX621K_web.png","width":800,"height":800},{"@type":"BreadcrumbList","@id":"https:\/\/arekson.com\/fr\/producto\/clear-hs-hardener-kit-kit-vernis-hardener\/#breadcrumb","itemListElement":[{"@type":"ListItem","position":1,"name":"Home","item":"https:\/\/arekson.com\/fr\/"},{"@type":"ListItem","position":2,"name":"Produits","item":"https:\/\/arekson.com\/fr\/shop\/"},{"@type":"ListItem","position":3,"name":"CLEAR HS + HARDENER KIT Kit Vernis + Hardener"}]},{"@type":"WebSite","@id":"https:\/\/arekson.com\/fr\/#website","url":"https:\/\/arekson.com\/fr\/","name":"Arekson Group","description":"Marcas Referentes del Automovil Profesional","publisher":{"@id":"https:\/\/arekson.com\/fr\/#organization"},"potentialAction":[{"@type":"SearchAction","target":{"@type":"EntryPoint","urlTemplate":"https:\/\/arekson.com\/fr\/?s={search_term_string}"},"query-input":{"@type":"PropertyValueSpecification","valueRequired":true,"valueName":"search_term_string"}}],"inLanguage":"fr-FR"},{"@type":"Organization","@id":"https:\/\/arekson.com\/fr\/#organization","name":"Arekson Group","url":"https:\/\/arekson.com\/fr\/","logo":{"@type":"ImageObject","inLanguage":"fr-FR","@id":"https:\/\/arekson.com\/fr\/#\/schema\/logo\/image\/","url":"https:\/\/arekson.com\/wp-content\/uploads\/2022\/06\/Arekson-Group-Logo-Gris.jpg","contentUrl":"https:\/\/arekson.com\/wp-content\/uploads\/2022\/06\/Arekson-Group-Logo-Gris.jpg","width":174,"height":72,"caption":"Arekson Group"},"image":{"@id":"https:\/\/arekson.com\/fr\/#\/schema\/logo\/image\/"}}]}},"_links":{"self":[{"href":"https:\/\/arekson.com\/fr\/wp-json\/wp\/v2\/product\/30368","targetHints":{"allow":["GET"]}}],"collection":[{"href":"https:\/\/arekson.com\/fr\/wp-json\/wp\/v2\/product"}],"about":[{"href":"https:\/\/arekson.com\/fr\/wp-json\/wp\/v2\/types\/product"}],"wp:featuredmedia":[{"embeddable":true,"href":"https:\/\/arekson.com\/fr\/wp-json\/wp\/v2\/media\/30351"}],"wp:attachment":[{"href":"https:\/\/arekson.com\/fr\/wp-json\/wp\/v2\/media?parent=30368"}],"wp:term":[{"taxonomy":"product_brand","embeddable":true,"href":"https:\/\/arekson.com\/fr\/wp-json\/wp\/v2\/product_brand?post=30368"},{"taxonomy":"product_cat","embeddable":true,"href":"https:\/\/arekson.com\/fr\/wp-json\/wp\/v2\/product_cat?post=30368"},{"taxonomy":"product_tag","embeddable":true,"href":"https:\/\/arekson.com\/fr\/wp-json\/wp\/v2\/product_tag?post=30368"}],"curies":[{"name":"wp","href":"https:\/\/api.w.org\/{rel}","templated":true}]}}