{"id":30360,"date":"2025-04-12T14:09:24","date_gmt":"2025-04-12T12:09:24","guid":{"rendered":"https:\/\/arekson.com\/?post_type=product&#038;p=30360"},"modified":"2025-04-12T14:14:25","modified_gmt":"2025-04-12T12:14:25","slug":"fuller-uhs-41-hardener-kit-filler-hardener","status":"publish","type":"product","link":"https:\/\/arekson.com\/fr\/producto\/fuller-uhs-41-hardener-kit-filler-hardener\/","title":{"rendered":"<strong><span class=\"nom-corto\">F\u00dcLLER UHS 4:1 + HARDENER <\/span><\/strong><br><span class=\"nom-largo\">Kit Filler + Hardener<\/span>"},"content":{"rendered":"","protected":false},"excerpt":{"rendered":"<p>Le FILLER UHS 4:1 est une amorce acrylique bicomposant haute performance, con\u00e7ue pour offrir une excellente adh\u00e9rence et un nivellement sur les surfaces m\u00e9talliques et peintes. Sa formulation avanc\u00e9e permet une application efficace avec un pistolet, r\u00e9duisant le temps de pr\u00e9paration et am\u00e9liorant la finition finale. Format KIT : Inclut l&rsquo;appr\u00eat + le durcisseur + le gobelet de m\u00e9lange, fournissant tout le n\u00e9cessaire pour une application pr\u00e9cise et professionnelle.<\/p>\n","protected":false},"featured_media":30355,"template":"","meta":{"_et_pb_use_builder":"","_et_pb_old_content":"","_et_gb_content_width":""},"product_brand":[],"product_cat":[1243,1223,1241,370],"product_tag":[],"class_list":{"0":"post-30360","1":"product","2":"type-product","3":"status-publish","4":"has-post-thumbnail","6":"product_cat-apprets","7":"product_cat-chimiques","8":"product_cat-materiaux-de-fond","9":"product_cat-seicar-fr","10":"pa_seicar-fr-ref-apx321k-kit-gris-moyen-125l","12":"first","13":"instock","14":"shipping-taxable","15":"purchasable","16":"product-type-variable"},"yoast_head":"<!-- This site is optimized with the Yoast SEO plugin v27.2 - https:\/\/yoast.com\/product\/yoast-seo-wordpress\/ -->\n<title>F\u00dcLLER UHS 4:1 + HARDENER Kit Filler + Hardener | Arekson Group<\/title>\n<meta name=\"description\" content=\"Arekson Group | Productos para el Repintado de Veh\u00edculos | Productos y soluciones personalizados a sus necesidades\" \/>\n<meta name=\"robots\" content=\"index, follow, max-snippet:-1, max-image-preview:large, max-video-preview:-1\" \/>\n<link rel=\"canonical\" href=\"https:\/\/arekson.com\/fr\/producto\/fuller-uhs-41-hardener-kit-filler-hardener\/\" \/>\n<meta property=\"og:locale\" content=\"fr_FR\" \/>\n<meta property=\"og:type\" content=\"article\" \/>\n<meta property=\"og:title\" content=\"F\u00dcLLER UHS 4:1 + HARDENER Kit Filler + Hardener | Arekson Group\" \/>\n<meta property=\"og:description\" content=\"Arekson Group | Productos para el Repintado de Veh\u00edculos | Productos y soluciones personalizados a sus necesidades\" \/>\n<meta property=\"og:url\" content=\"https:\/\/arekson.com\/fr\/producto\/fuller-uhs-41-hardener-kit-filler-hardener\/\" \/>\n<meta property=\"og:site_name\" content=\"Arekson Group\" \/>\n<meta property=\"article:modified_time\" content=\"2025-04-12T12:14:25+00:00\" \/>\n<meta property=\"og:image\" content=\"https:\/\/arekson.com\/wp-content\/uploads\/2025\/04\/apx321.png\" \/>\n\t<meta property=\"og:image:width\" content=\"800\" \/>\n\t<meta property=\"og:image:height\" content=\"800\" \/>\n\t<meta property=\"og:image:type\" content=\"image\/png\" \/>\n<meta name=\"twitter:card\" content=\"summary_large_image\" \/>\n<script type=\"application\/ld+json\" class=\"yoast-schema-graph\">{\"@context\":\"https:\/\/schema.org\",\"@graph\":[{\"@type\":\"WebPage\",\"@id\":\"https:\/\/arekson.com\/fr\/producto\/fuller-uhs-41-hardener-kit-filler-hardener\/\",\"url\":\"https:\/\/arekson.com\/fr\/producto\/fuller-uhs-41-hardener-kit-filler-hardener\/\",\"name\":\"F\u00dcLLER UHS 4:1 + HARDENER Kit Filler + Hardener | Arekson Group\",\"isPartOf\":{\"@id\":\"https:\/\/arekson.com\/fr\/#website\"},\"primaryImageOfPage\":{\"@id\":\"https:\/\/arekson.com\/fr\/producto\/fuller-uhs-41-hardener-kit-filler-hardener\/#primaryimage\"},\"image\":{\"@id\":\"https:\/\/arekson.com\/fr\/producto\/fuller-uhs-41-hardener-kit-filler-hardener\/#primaryimage\"},\"thumbnailUrl\":\"https:\/\/arekson.com\/wp-content\/uploads\/2025\/04\/apx321.png\",\"datePublished\":\"2025-04-12T12:09:24+00:00\",\"dateModified\":\"2025-04-12T12:14:25+00:00\",\"description\":\"Arekson Group | Productos para el Repintado de Veh\u00edculos | Productos y soluciones personalizados a sus necesidades\",\"breadcrumb\":{\"@id\":\"https:\/\/arekson.com\/fr\/producto\/fuller-uhs-41-hardener-kit-filler-hardener\/#breadcrumb\"},\"inLanguage\":\"fr-FR\",\"potentialAction\":[{\"@type\":\"ReadAction\",\"target\":[\"https:\/\/arekson.com\/fr\/producto\/fuller-uhs-41-hardener-kit-filler-hardener\/\"]}]},{\"@type\":\"ImageObject\",\"inLanguage\":\"fr-FR\",\"@id\":\"https:\/\/arekson.com\/fr\/producto\/fuller-uhs-41-hardener-kit-filler-hardener\/#primaryimage\",\"url\":\"https:\/\/arekson.com\/wp-content\/uploads\/2025\/04\/apx321.png\",\"contentUrl\":\"https:\/\/arekson.com\/wp-content\/uploads\/2025\/04\/apx321.png\",\"width\":800,\"height\":800},{\"@type\":\"BreadcrumbList\",\"@id\":\"https:\/\/arekson.com\/fr\/producto\/fuller-uhs-41-hardener-kit-filler-hardener\/#breadcrumb\",\"itemListElement\":[{\"@type\":\"ListItem\",\"position\":1,\"name\":\"Home\",\"item\":\"https:\/\/arekson.com\/fr\/\"},{\"@type\":\"ListItem\",\"position\":2,\"name\":\"Produits\",\"item\":\"https:\/\/arekson.com\/fr\/shop\/\"},{\"@type\":\"ListItem\",\"position\":3,\"name\":\"F\u00dcLLER UHS 4:1 + HARDENER Kit Filler + Hardener\"}]},{\"@type\":\"WebSite\",\"@id\":\"https:\/\/arekson.com\/fr\/#website\",\"url\":\"https:\/\/arekson.com\/fr\/\",\"name\":\"Arekson Group\",\"description\":\"Marcas Referentes del Automovil Profesional\",\"publisher\":{\"@id\":\"https:\/\/arekson.com\/fr\/#organization\"},\"potentialAction\":[{\"@type\":\"SearchAction\",\"target\":{\"@type\":\"EntryPoint\",\"urlTemplate\":\"https:\/\/arekson.com\/fr\/?s={search_term_string}\"},\"query-input\":{\"@type\":\"PropertyValueSpecification\",\"valueRequired\":true,\"valueName\":\"search_term_string\"}}],\"inLanguage\":\"fr-FR\"},{\"@type\":\"Organization\",\"@id\":\"https:\/\/arekson.com\/fr\/#organization\",\"name\":\"Arekson Group\",\"url\":\"https:\/\/arekson.com\/fr\/\",\"logo\":{\"@type\":\"ImageObject\",\"inLanguage\":\"fr-FR\",\"@id\":\"https:\/\/arekson.com\/fr\/#\/schema\/logo\/image\/\",\"url\":\"https:\/\/arekson.com\/wp-content\/uploads\/2022\/06\/Arekson-Group-Logo-Gris.jpg\",\"contentUrl\":\"https:\/\/arekson.com\/wp-content\/uploads\/2022\/06\/Arekson-Group-Logo-Gris.jpg\",\"width\":174,\"height\":72,\"caption\":\"Arekson Group\"},\"image\":{\"@id\":\"https:\/\/arekson.com\/fr\/#\/schema\/logo\/image\/\"}}]}<\/script>\n<!-- \/ Yoast SEO plugin. -->","yoast_head_json":{"title":"F\u00dcLLER UHS 4:1 + HARDENER Kit Filler + Hardener | Arekson Group","description":"Arekson Group | Productos para el Repintado de Veh\u00edculos | Productos y soluciones personalizados a sus necesidades","robots":{"index":"index","follow":"follow","max-snippet":"max-snippet:-1","max-image-preview":"max-image-preview:large","max-video-preview":"max-video-preview:-1"},"canonical":"https:\/\/arekson.com\/fr\/producto\/fuller-uhs-41-hardener-kit-filler-hardener\/","og_locale":"fr_FR","og_type":"article","og_title":"F\u00dcLLER UHS 4:1 + HARDENER Kit Filler + Hardener | Arekson Group","og_description":"Arekson Group | Productos para el Repintado de Veh\u00edculos | Productos y soluciones personalizados a sus necesidades","og_url":"https:\/\/arekson.com\/fr\/producto\/fuller-uhs-41-hardener-kit-filler-hardener\/","og_site_name":"Arekson Group","article_modified_time":"2025-04-12T12:14:25+00:00","og_image":[{"width":800,"height":800,"url":"https:\/\/arekson.com\/wp-content\/uploads\/2025\/04\/apx321.png","type":"image\/png"}],"twitter_card":"summary_large_image","schema":{"@context":"https:\/\/schema.org","@graph":[{"@type":"WebPage","@id":"https:\/\/arekson.com\/fr\/producto\/fuller-uhs-41-hardener-kit-filler-hardener\/","url":"https:\/\/arekson.com\/fr\/producto\/fuller-uhs-41-hardener-kit-filler-hardener\/","name":"F\u00dcLLER UHS 4:1 + HARDENER Kit Filler + Hardener | Arekson Group","isPartOf":{"@id":"https:\/\/arekson.com\/fr\/#website"},"primaryImageOfPage":{"@id":"https:\/\/arekson.com\/fr\/producto\/fuller-uhs-41-hardener-kit-filler-hardener\/#primaryimage"},"image":{"@id":"https:\/\/arekson.com\/fr\/producto\/fuller-uhs-41-hardener-kit-filler-hardener\/#primaryimage"},"thumbnailUrl":"https:\/\/arekson.com\/wp-content\/uploads\/2025\/04\/apx321.png","datePublished":"2025-04-12T12:09:24+00:00","dateModified":"2025-04-12T12:14:25+00:00","description":"Arekson Group | Productos para el Repintado de Veh\u00edculos | Productos y soluciones personalizados a sus necesidades","breadcrumb":{"@id":"https:\/\/arekson.com\/fr\/producto\/fuller-uhs-41-hardener-kit-filler-hardener\/#breadcrumb"},"inLanguage":"fr-FR","potentialAction":[{"@type":"ReadAction","target":["https:\/\/arekson.com\/fr\/producto\/fuller-uhs-41-hardener-kit-filler-hardener\/"]}]},{"@type":"ImageObject","inLanguage":"fr-FR","@id":"https:\/\/arekson.com\/fr\/producto\/fuller-uhs-41-hardener-kit-filler-hardener\/#primaryimage","url":"https:\/\/arekson.com\/wp-content\/uploads\/2025\/04\/apx321.png","contentUrl":"https:\/\/arekson.com\/wp-content\/uploads\/2025\/04\/apx321.png","width":800,"height":800},{"@type":"BreadcrumbList","@id":"https:\/\/arekson.com\/fr\/producto\/fuller-uhs-41-hardener-kit-filler-hardener\/#breadcrumb","itemListElement":[{"@type":"ListItem","position":1,"name":"Home","item":"https:\/\/arekson.com\/fr\/"},{"@type":"ListItem","position":2,"name":"Produits","item":"https:\/\/arekson.com\/fr\/shop\/"},{"@type":"ListItem","position":3,"name":"F\u00dcLLER UHS 4:1 + HARDENER Kit Filler + Hardener"}]},{"@type":"WebSite","@id":"https:\/\/arekson.com\/fr\/#website","url":"https:\/\/arekson.com\/fr\/","name":"Arekson Group","description":"Marcas Referentes del Automovil Profesional","publisher":{"@id":"https:\/\/arekson.com\/fr\/#organization"},"potentialAction":[{"@type":"SearchAction","target":{"@type":"EntryPoint","urlTemplate":"https:\/\/arekson.com\/fr\/?s={search_term_string}"},"query-input":{"@type":"PropertyValueSpecification","valueRequired":true,"valueName":"search_term_string"}}],"inLanguage":"fr-FR"},{"@type":"Organization","@id":"https:\/\/arekson.com\/fr\/#organization","name":"Arekson Group","url":"https:\/\/arekson.com\/fr\/","logo":{"@type":"ImageObject","inLanguage":"fr-FR","@id":"https:\/\/arekson.com\/fr\/#\/schema\/logo\/image\/","url":"https:\/\/arekson.com\/wp-content\/uploads\/2022\/06\/Arekson-Group-Logo-Gris.jpg","contentUrl":"https:\/\/arekson.com\/wp-content\/uploads\/2022\/06\/Arekson-Group-Logo-Gris.jpg","width":174,"height":72,"caption":"Arekson Group"},"image":{"@id":"https:\/\/arekson.com\/fr\/#\/schema\/logo\/image\/"}}]}},"_links":{"self":[{"href":"https:\/\/arekson.com\/fr\/wp-json\/wp\/v2\/product\/30360","targetHints":{"allow":["GET"]}}],"collection":[{"href":"https:\/\/arekson.com\/fr\/wp-json\/wp\/v2\/product"}],"about":[{"href":"https:\/\/arekson.com\/fr\/wp-json\/wp\/v2\/types\/product"}],"wp:featuredmedia":[{"embeddable":true,"href":"https:\/\/arekson.com\/fr\/wp-json\/wp\/v2\/media\/30355"}],"wp:attachment":[{"href":"https:\/\/arekson.com\/fr\/wp-json\/wp\/v2\/media?parent=30360"}],"wp:term":[{"taxonomy":"product_brand","embeddable":true,"href":"https:\/\/arekson.com\/fr\/wp-json\/wp\/v2\/product_brand?post=30360"},{"taxonomy":"product_cat","embeddable":true,"href":"https:\/\/arekson.com\/fr\/wp-json\/wp\/v2\/product_cat?post=30360"},{"taxonomy":"product_tag","embeddable":true,"href":"https:\/\/arekson.com\/fr\/wp-json\/wp\/v2\/product_tag?post=30360"}],"curies":[{"name":"wp","href":"https:\/\/api.w.org\/{rel}","templated":true}]}}