{"id":30330,"date":"2025-04-12T13:50:57","date_gmt":"2025-04-12T11:50:57","guid":{"rendered":"https:\/\/arekson.com\/?post_type=product&#038;p=30330"},"modified":"2025-07-08T12:17:11","modified_gmt":"2025-07-08T10:17:11","slug":"ceramic-696-gold-ceramic-premium-disc","status":"publish","type":"product","link":"https:\/\/arekson.com\/fr\/producto\/ceramic-696-gold-ceramic-premium-disc\/","title":{"rendered":"<strong><span class=\"nom-corto\">CERAMIC 696 GOLD <\/span><\/strong><br><span class=\"nom-largo\">Ceramic premium Disc<\/span>"},"content":{"rendered":"<p style=\"text-align: right;\"><a class=\"boton-ficha\" href=\"https:\/\/arekson.com\/wp-content\/uploads\/2025\/07\/CERAMIC-696-GOLD-DISQUE_FR.pdf\" target=\"_blank\" rel=\"noopener\">Brochure Ceramic 696 Gold<\/a><\/p>\n","protected":false},"excerpt":{"rendered":"<p>La nouvelle gamme de disques abrasifs con\u00e7us sp\u00e9cifiquement pour r\u00e9pondre aux exigences les plus \u00e9lev\u00e9es dans la r\u00e9paration automobile. Cette ligne Premium Quality allie innovation, durabilit\u00e9 et performance sup\u00e9rieure, se positionnant comme le choix id\u00e9al pour les professionnels \u00e0 la recherche de finitions parfaites et d&rsquo;une exp\u00e9rience de pon\u00e7age efficace. Avec des mat\u00e9riaux de haute qualit\u00e9 et des technologies avanc\u00e9es, CERAMIC 696 GOLD \u00e9tablit une nouvelle norme dans les abrasifs pour le secteur automobile.<\/p>\n","protected":false},"featured_media":30310,"template":"","meta":{"_et_pb_use_builder":"","_et_pb_old_content":"","_et_gb_content_width":""},"product_brand":[],"product_cat":[1125,1123,1127,370],"product_tag":[],"class_list":{"0":"post-30330","1":"product","2":"type-product","3":"status-publish","4":"has-post-thumbnail","6":"product_cat-abrasifs","7":"product_cat-auxiliaires","8":"product_cat-disque-abrasif","9":"product_cat-seicar-fr","10":"pa_seicar-fr-ref-jds080g-grain-p80-o150mm-100-u","11":"pa_seicar-fr-ref-jds1000g-grain-p1000-o150mm-100-u","12":"pa_seicar-fr-ref-jds100g-grain-p100-o150mm-100-u","13":"pa_seicar-fr-ref-jds120g-grain-p120-o150mm-100-u","14":"pa_seicar-fr-ref-jds150g-grain-p150-o150mm-100-u","15":"pa_seicar-fr-ref-jds180g-grain-p180-o150mm-100-u","16":"pa_seicar-fr-ref-jds2000g-grain-p2000-o150mm-100-u","17":"pa_seicar-fr-ref-jds220g-grain-p220-o150mm-100-u","18":"pa_seicar-fr-ref-jds240g-grain-p240-o150mm-100-u","19":"pa_seicar-fr-ref-jds280g-grain-p280-o150mm-100-u","20":"pa_seicar-fr-ref-jds320g-grain-p320-o150mm-100-u","21":"pa_seicar-fr-ref-jds360g-grain-p360-o150mm-100-u","22":"pa_seicar-fr-ref-jds400g-grain-p400-o150mm-100-u","23":"pa_seicar-fr-ref-jds500g-grain-p500-o150mm-100-u","24":"pa_seicar-fr-ref-jds600g-grain-p600-o150mm-100-u","25":"pa_seicar-fr-ref-jds800g-grain-p800-o150mm-100-u","27":"first","28":"instock","29":"shipping-taxable","30":"purchasable","31":"product-type-variable"},"yoast_head":"<!-- This site is optimized with the Yoast SEO plugin v27.2 - https:\/\/yoast.com\/product\/yoast-seo-wordpress\/ -->\n<title>CERAMIC 696 GOLD Ceramic premium Disc | Arekson Group<\/title>\n<meta name=\"description\" content=\"SEICAR CERAMIC 696 GOLD Ceramic premium Disc Arekson Group | Productos para el Repintado de Veh\u00edculos | Productos y soluciones personalizados a sus necesidades\" \/>\n<meta name=\"robots\" content=\"index, follow, max-snippet:-1, max-image-preview:large, max-video-preview:-1\" \/>\n<link rel=\"canonical\" href=\"https:\/\/arekson.com\/fr\/producto\/ceramic-696-gold-ceramic-premium-disc\/\" \/>\n<meta property=\"og:locale\" content=\"fr_FR\" \/>\n<meta property=\"og:type\" content=\"article\" \/>\n<meta property=\"og:title\" content=\"CERAMIC 696 GOLD Ceramic premium Disc | Arekson Group\" \/>\n<meta property=\"og:description\" content=\"SEICAR CERAMIC 696 GOLD Ceramic premium Disc Arekson Group | Productos para el Repintado de Veh\u00edculos | Productos y soluciones personalizados a sus necesidades\" \/>\n<meta property=\"og:url\" content=\"https:\/\/arekson.com\/fr\/producto\/ceramic-696-gold-ceramic-premium-disc\/\" \/>\n<meta property=\"og:site_name\" content=\"Arekson Group\" \/>\n<meta property=\"article:modified_time\" content=\"2025-07-08T10:17:11+00:00\" \/>\n<meta property=\"og:image\" content=\"https:\/\/arekson.com\/wp-content\/uploads\/2025\/04\/696-GOLD-SEICAR.png\" \/>\n\t<meta property=\"og:image:width\" content=\"800\" \/>\n\t<meta property=\"og:image:height\" content=\"800\" \/>\n\t<meta property=\"og:image:type\" content=\"image\/png\" \/>\n<meta name=\"twitter:card\" content=\"summary_large_image\" \/>\n<script type=\"application\/ld+json\" class=\"yoast-schema-graph\">{\"@context\":\"https:\/\/schema.org\",\"@graph\":[{\"@type\":\"WebPage\",\"@id\":\"https:\/\/arekson.com\/fr\/producto\/ceramic-696-gold-ceramic-premium-disc\/\",\"url\":\"https:\/\/arekson.com\/fr\/producto\/ceramic-696-gold-ceramic-premium-disc\/\",\"name\":\"CERAMIC 696 GOLD Ceramic premium Disc | Arekson Group\",\"isPartOf\":{\"@id\":\"https:\/\/arekson.com\/fr\/#website\"},\"primaryImageOfPage\":{\"@id\":\"https:\/\/arekson.com\/fr\/producto\/ceramic-696-gold-ceramic-premium-disc\/#primaryimage\"},\"image\":{\"@id\":\"https:\/\/arekson.com\/fr\/producto\/ceramic-696-gold-ceramic-premium-disc\/#primaryimage\"},\"thumbnailUrl\":\"https:\/\/arekson.com\/wp-content\/uploads\/2025\/04\/696-GOLD-SEICAR.png\",\"datePublished\":\"2025-04-12T11:50:57+00:00\",\"dateModified\":\"2025-07-08T10:17:11+00:00\",\"description\":\"SEICAR CERAMIC 696 GOLD Ceramic premium Disc Arekson Group | Productos para el Repintado de Veh\u00edculos | Productos y soluciones personalizados a sus necesidades\",\"breadcrumb\":{\"@id\":\"https:\/\/arekson.com\/fr\/producto\/ceramic-696-gold-ceramic-premium-disc\/#breadcrumb\"},\"inLanguage\":\"fr-FR\",\"potentialAction\":[{\"@type\":\"ReadAction\",\"target\":[\"https:\/\/arekson.com\/fr\/producto\/ceramic-696-gold-ceramic-premium-disc\/\"]}]},{\"@type\":\"ImageObject\",\"inLanguage\":\"fr-FR\",\"@id\":\"https:\/\/arekson.com\/fr\/producto\/ceramic-696-gold-ceramic-premium-disc\/#primaryimage\",\"url\":\"https:\/\/arekson.com\/wp-content\/uploads\/2025\/04\/696-GOLD-SEICAR.png\",\"contentUrl\":\"https:\/\/arekson.com\/wp-content\/uploads\/2025\/04\/696-GOLD-SEICAR.png\",\"width\":800,\"height\":800},{\"@type\":\"BreadcrumbList\",\"@id\":\"https:\/\/arekson.com\/fr\/producto\/ceramic-696-gold-ceramic-premium-disc\/#breadcrumb\",\"itemListElement\":[{\"@type\":\"ListItem\",\"position\":1,\"name\":\"Home\",\"item\":\"https:\/\/arekson.com\/fr\/\"},{\"@type\":\"ListItem\",\"position\":2,\"name\":\"Produits\",\"item\":\"https:\/\/arekson.com\/fr\/shop\/\"},{\"@type\":\"ListItem\",\"position\":3,\"name\":\"CERAMIC 696 GOLD Ceramic premium Disc\"}]},{\"@type\":\"WebSite\",\"@id\":\"https:\/\/arekson.com\/fr\/#website\",\"url\":\"https:\/\/arekson.com\/fr\/\",\"name\":\"Arekson Group\",\"description\":\"Marcas Referentes del Automovil Profesional\",\"publisher\":{\"@id\":\"https:\/\/arekson.com\/fr\/#organization\"},\"potentialAction\":[{\"@type\":\"SearchAction\",\"target\":{\"@type\":\"EntryPoint\",\"urlTemplate\":\"https:\/\/arekson.com\/fr\/?s={search_term_string}\"},\"query-input\":{\"@type\":\"PropertyValueSpecification\",\"valueRequired\":true,\"valueName\":\"search_term_string\"}}],\"inLanguage\":\"fr-FR\"},{\"@type\":\"Organization\",\"@id\":\"https:\/\/arekson.com\/fr\/#organization\",\"name\":\"Arekson Group\",\"url\":\"https:\/\/arekson.com\/fr\/\",\"logo\":{\"@type\":\"ImageObject\",\"inLanguage\":\"fr-FR\",\"@id\":\"https:\/\/arekson.com\/fr\/#\/schema\/logo\/image\/\",\"url\":\"https:\/\/arekson.com\/wp-content\/uploads\/2022\/06\/Arekson-Group-Logo-Gris.jpg\",\"contentUrl\":\"https:\/\/arekson.com\/wp-content\/uploads\/2022\/06\/Arekson-Group-Logo-Gris.jpg\",\"width\":174,\"height\":72,\"caption\":\"Arekson Group\"},\"image\":{\"@id\":\"https:\/\/arekson.com\/fr\/#\/schema\/logo\/image\/\"}}]}<\/script>\n<!-- \/ Yoast SEO plugin. -->","yoast_head_json":{"title":"CERAMIC 696 GOLD Ceramic premium Disc | Arekson Group","description":"SEICAR CERAMIC 696 GOLD Ceramic premium Disc Arekson Group | Productos para el Repintado de Veh\u00edculos | Productos y soluciones personalizados a sus necesidades","robots":{"index":"index","follow":"follow","max-snippet":"max-snippet:-1","max-image-preview":"max-image-preview:large","max-video-preview":"max-video-preview:-1"},"canonical":"https:\/\/arekson.com\/fr\/producto\/ceramic-696-gold-ceramic-premium-disc\/","og_locale":"fr_FR","og_type":"article","og_title":"CERAMIC 696 GOLD Ceramic premium Disc | Arekson Group","og_description":"SEICAR CERAMIC 696 GOLD Ceramic premium Disc Arekson Group | Productos para el Repintado de Veh\u00edculos | Productos y soluciones personalizados a sus necesidades","og_url":"https:\/\/arekson.com\/fr\/producto\/ceramic-696-gold-ceramic-premium-disc\/","og_site_name":"Arekson Group","article_modified_time":"2025-07-08T10:17:11+00:00","og_image":[{"width":800,"height":800,"url":"https:\/\/arekson.com\/wp-content\/uploads\/2025\/04\/696-GOLD-SEICAR.png","type":"image\/png"}],"twitter_card":"summary_large_image","schema":{"@context":"https:\/\/schema.org","@graph":[{"@type":"WebPage","@id":"https:\/\/arekson.com\/fr\/producto\/ceramic-696-gold-ceramic-premium-disc\/","url":"https:\/\/arekson.com\/fr\/producto\/ceramic-696-gold-ceramic-premium-disc\/","name":"CERAMIC 696 GOLD Ceramic premium Disc | Arekson Group","isPartOf":{"@id":"https:\/\/arekson.com\/fr\/#website"},"primaryImageOfPage":{"@id":"https:\/\/arekson.com\/fr\/producto\/ceramic-696-gold-ceramic-premium-disc\/#primaryimage"},"image":{"@id":"https:\/\/arekson.com\/fr\/producto\/ceramic-696-gold-ceramic-premium-disc\/#primaryimage"},"thumbnailUrl":"https:\/\/arekson.com\/wp-content\/uploads\/2025\/04\/696-GOLD-SEICAR.png","datePublished":"2025-04-12T11:50:57+00:00","dateModified":"2025-07-08T10:17:11+00:00","description":"SEICAR CERAMIC 696 GOLD Ceramic premium Disc Arekson Group | Productos para el Repintado de Veh\u00edculos | Productos y soluciones personalizados a sus necesidades","breadcrumb":{"@id":"https:\/\/arekson.com\/fr\/producto\/ceramic-696-gold-ceramic-premium-disc\/#breadcrumb"},"inLanguage":"fr-FR","potentialAction":[{"@type":"ReadAction","target":["https:\/\/arekson.com\/fr\/producto\/ceramic-696-gold-ceramic-premium-disc\/"]}]},{"@type":"ImageObject","inLanguage":"fr-FR","@id":"https:\/\/arekson.com\/fr\/producto\/ceramic-696-gold-ceramic-premium-disc\/#primaryimage","url":"https:\/\/arekson.com\/wp-content\/uploads\/2025\/04\/696-GOLD-SEICAR.png","contentUrl":"https:\/\/arekson.com\/wp-content\/uploads\/2025\/04\/696-GOLD-SEICAR.png","width":800,"height":800},{"@type":"BreadcrumbList","@id":"https:\/\/arekson.com\/fr\/producto\/ceramic-696-gold-ceramic-premium-disc\/#breadcrumb","itemListElement":[{"@type":"ListItem","position":1,"name":"Home","item":"https:\/\/arekson.com\/fr\/"},{"@type":"ListItem","position":2,"name":"Produits","item":"https:\/\/arekson.com\/fr\/shop\/"},{"@type":"ListItem","position":3,"name":"CERAMIC 696 GOLD Ceramic premium Disc"}]},{"@type":"WebSite","@id":"https:\/\/arekson.com\/fr\/#website","url":"https:\/\/arekson.com\/fr\/","name":"Arekson Group","description":"Marcas Referentes del Automovil Profesional","publisher":{"@id":"https:\/\/arekson.com\/fr\/#organization"},"potentialAction":[{"@type":"SearchAction","target":{"@type":"EntryPoint","urlTemplate":"https:\/\/arekson.com\/fr\/?s={search_term_string}"},"query-input":{"@type":"PropertyValueSpecification","valueRequired":true,"valueName":"search_term_string"}}],"inLanguage":"fr-FR"},{"@type":"Organization","@id":"https:\/\/arekson.com\/fr\/#organization","name":"Arekson Group","url":"https:\/\/arekson.com\/fr\/","logo":{"@type":"ImageObject","inLanguage":"fr-FR","@id":"https:\/\/arekson.com\/fr\/#\/schema\/logo\/image\/","url":"https:\/\/arekson.com\/wp-content\/uploads\/2022\/06\/Arekson-Group-Logo-Gris.jpg","contentUrl":"https:\/\/arekson.com\/wp-content\/uploads\/2022\/06\/Arekson-Group-Logo-Gris.jpg","width":174,"height":72,"caption":"Arekson Group"},"image":{"@id":"https:\/\/arekson.com\/fr\/#\/schema\/logo\/image\/"}}]}},"_links":{"self":[{"href":"https:\/\/arekson.com\/fr\/wp-json\/wp\/v2\/product\/30330","targetHints":{"allow":["GET"]}}],"collection":[{"href":"https:\/\/arekson.com\/fr\/wp-json\/wp\/v2\/product"}],"about":[{"href":"https:\/\/arekson.com\/fr\/wp-json\/wp\/v2\/types\/product"}],"wp:featuredmedia":[{"embeddable":true,"href":"https:\/\/arekson.com\/fr\/wp-json\/wp\/v2\/media\/30310"}],"wp:attachment":[{"href":"https:\/\/arekson.com\/fr\/wp-json\/wp\/v2\/media?parent=30330"}],"wp:term":[{"taxonomy":"product_brand","embeddable":true,"href":"https:\/\/arekson.com\/fr\/wp-json\/wp\/v2\/product_brand?post=30330"},{"taxonomy":"product_cat","embeddable":true,"href":"https:\/\/arekson.com\/fr\/wp-json\/wp\/v2\/product_cat?post=30330"},{"taxonomy":"product_tag","embeddable":true,"href":"https:\/\/arekson.com\/fr\/wp-json\/wp\/v2\/product_tag?post=30330"}],"curies":[{"name":"wp","href":"https:\/\/api.w.org\/{rel}","templated":true}]}}