{"id":30274,"date":"2025-04-12T13:13:09","date_gmt":"2025-04-12T11:13:09","guid":{"rendered":"https:\/\/arekson.com\/?post_type=product&#038;p=30274"},"modified":"2025-12-09T10:27:53","modified_gmt":"2025-12-09T09:27:53","slug":"klarlack-680-uhs-11-vernis-uhs-high-efficiency","status":"publish","type":"product","link":"https:\/\/arekson.com\/fr\/producto\/klarlack-680-uhs-11-vernis-uhs-high-efficiency\/","title":{"rendered":"<strong><span class=\"nom-corto\">KLARLACK 680 UHS 1:1 <\/span><\/strong><br><span class=\"nom-largo\">Vernis UHS High Efficiency<\/span>"},"content":{"rendered":"<p style=\"text-align: right;\"><a class=\"boton-ficha\" href=\"https:\/\/arekson.com\/wp-content\/uploads\/2025\/12\/BAH680-KLARLACK-680-RAPID-1.1-FR-FT-03112025.pdf\" target=\"_blank\" rel=\"noopener\">Caract\u00e9ristiques techniques<\/a><\/p>\n<p style=\"text-align: right;\"><a class=\"boton-ficha\" href=\"https:\/\/arekson.com\/wp-content\/uploads\/2025\/09\/SEICAR-HIGH_EFFICIENCY_FR.pdf\" target=\"_blank\" rel=\"noopener\">Brochure High Efficiency<\/a><\/p>\n","protected":false},"excerpt":{"rendered":"<p>Vernis UHS \u00e0 s\u00e9chage ultra rapide : 50 minutes \u00e0 temp\u00e9rature ambiante ou seulement 3 \u00e0 5 minutes \u00e0 60\u00b0C. Sans besoin de solvant ni d\u2019activation de la base \u00e0 l\u2019eau, pour une application plus simple et plus efficace. Son ratio de m\u00e9lange 1:1 permet deux couches compl\u00e8tes avec seulement 5 minutes de temps d\u2019\u00e9vaporation. Il offre une finition brillante et profonde, avec une excellente r\u00e9sistance aux UV et aux intemp\u00e9ries. Sa haute teneur en solides permet une couche uniforme avec moins de produit. Conforme \u00e0 la norme VOC de 420 g\/l pour un impact environnemental r\u00e9duit.<\/p>\n","protected":false},"featured_media":30270,"template":"","meta":{"_et_pb_use_builder":"","_et_pb_old_content":"","_et_gb_content_width":""},"product_brand":[],"product_cat":[1223,370,1227,1225],"product_tag":[],"class_list":{"0":"post-30274","1":"product","2":"type-product","3":"status-publish","4":"has-post-thumbnail","6":"product_cat-chimiques","7":"product_cat-seicar-fr","8":"product_cat-vernis","9":"product_cat-vernis-peintures-dissolvants","10":"pa_seicar-fr-ref-bah680-transparent-bidon-5-lts","12":"first","13":"instock","14":"shipping-taxable","15":"purchasable","16":"product-type-variable"},"yoast_head":"<!-- This site is optimized with the Yoast SEO plugin v27.2 - https:\/\/yoast.com\/product\/yoast-seo-wordpress\/ -->\n<title>KLARLACK 680 UHS 1:1 Vernis UHS High Efficiency | Arekson Group<\/title>\n<meta name=\"description\" content=\"Arekson Group | Productos para el Repintado de Veh\u00edculos | Productos y soluciones personalizados a sus necesidades\" \/>\n<meta name=\"robots\" content=\"index, follow, max-snippet:-1, max-image-preview:large, max-video-preview:-1\" \/>\n<link rel=\"canonical\" href=\"https:\/\/arekson.com\/fr\/producto\/klarlack-680-uhs-11-vernis-uhs-high-efficiency\/\" \/>\n<meta property=\"og:locale\" content=\"fr_FR\" \/>\n<meta property=\"og:type\" content=\"article\" \/>\n<meta property=\"og:title\" content=\"KLARLACK 680 UHS 1:1 Vernis UHS High Efficiency | Arekson Group\" \/>\n<meta property=\"og:description\" content=\"Arekson Group | Productos para el Repintado de Veh\u00edculos | Productos y soluciones personalizados a sus necesidades\" \/>\n<meta property=\"og:url\" content=\"https:\/\/arekson.com\/fr\/producto\/klarlack-680-uhs-11-vernis-uhs-high-efficiency\/\" \/>\n<meta property=\"og:site_name\" content=\"Arekson Group\" \/>\n<meta property=\"article:modified_time\" content=\"2025-12-09T09:27:53+00:00\" \/>\n<meta property=\"og:image\" content=\"https:\/\/arekson.com\/wp-content\/uploads\/2025\/04\/KLARLACK-680.png\" \/>\n\t<meta property=\"og:image:width\" content=\"800\" \/>\n\t<meta property=\"og:image:height\" content=\"800\" \/>\n\t<meta property=\"og:image:type\" content=\"image\/png\" \/>\n<meta name=\"twitter:card\" content=\"summary_large_image\" \/>\n<script type=\"application\/ld+json\" class=\"yoast-schema-graph\">{\"@context\":\"https:\/\/schema.org\",\"@graph\":[{\"@type\":\"WebPage\",\"@id\":\"https:\/\/arekson.com\/fr\/producto\/klarlack-680-uhs-11-vernis-uhs-high-efficiency\/\",\"url\":\"https:\/\/arekson.com\/fr\/producto\/klarlack-680-uhs-11-vernis-uhs-high-efficiency\/\",\"name\":\"KLARLACK 680 UHS 1:1 Vernis UHS High Efficiency | Arekson Group\",\"isPartOf\":{\"@id\":\"https:\/\/arekson.com\/fr\/#website\"},\"primaryImageOfPage\":{\"@id\":\"https:\/\/arekson.com\/fr\/producto\/klarlack-680-uhs-11-vernis-uhs-high-efficiency\/#primaryimage\"},\"image\":{\"@id\":\"https:\/\/arekson.com\/fr\/producto\/klarlack-680-uhs-11-vernis-uhs-high-efficiency\/#primaryimage\"},\"thumbnailUrl\":\"https:\/\/arekson.com\/wp-content\/uploads\/2025\/04\/KLARLACK-680.png\",\"datePublished\":\"2025-04-12T11:13:09+00:00\",\"dateModified\":\"2025-12-09T09:27:53+00:00\",\"description\":\"Arekson Group | Productos para el Repintado de Veh\u00edculos | Productos y soluciones personalizados a sus necesidades\",\"breadcrumb\":{\"@id\":\"https:\/\/arekson.com\/fr\/producto\/klarlack-680-uhs-11-vernis-uhs-high-efficiency\/#breadcrumb\"},\"inLanguage\":\"fr-FR\",\"potentialAction\":[{\"@type\":\"ReadAction\",\"target\":[\"https:\/\/arekson.com\/fr\/producto\/klarlack-680-uhs-11-vernis-uhs-high-efficiency\/\"]}]},{\"@type\":\"ImageObject\",\"inLanguage\":\"fr-FR\",\"@id\":\"https:\/\/arekson.com\/fr\/producto\/klarlack-680-uhs-11-vernis-uhs-high-efficiency\/#primaryimage\",\"url\":\"https:\/\/arekson.com\/wp-content\/uploads\/2025\/04\/KLARLACK-680.png\",\"contentUrl\":\"https:\/\/arekson.com\/wp-content\/uploads\/2025\/04\/KLARLACK-680.png\",\"width\":800,\"height\":800},{\"@type\":\"BreadcrumbList\",\"@id\":\"https:\/\/arekson.com\/fr\/producto\/klarlack-680-uhs-11-vernis-uhs-high-efficiency\/#breadcrumb\",\"itemListElement\":[{\"@type\":\"ListItem\",\"position\":1,\"name\":\"Home\",\"item\":\"https:\/\/arekson.com\/fr\/\"},{\"@type\":\"ListItem\",\"position\":2,\"name\":\"Produits\",\"item\":\"https:\/\/arekson.com\/fr\/shop\/\"},{\"@type\":\"ListItem\",\"position\":3,\"name\":\"KLARLACK 680 UHS 1:1 Vernis UHS High Efficiency\"}]},{\"@type\":\"WebSite\",\"@id\":\"https:\/\/arekson.com\/fr\/#website\",\"url\":\"https:\/\/arekson.com\/fr\/\",\"name\":\"Arekson Group\",\"description\":\"Marcas Referentes del Automovil Profesional\",\"publisher\":{\"@id\":\"https:\/\/arekson.com\/fr\/#organization\"},\"potentialAction\":[{\"@type\":\"SearchAction\",\"target\":{\"@type\":\"EntryPoint\",\"urlTemplate\":\"https:\/\/arekson.com\/fr\/?s={search_term_string}\"},\"query-input\":{\"@type\":\"PropertyValueSpecification\",\"valueRequired\":true,\"valueName\":\"search_term_string\"}}],\"inLanguage\":\"fr-FR\"},{\"@type\":\"Organization\",\"@id\":\"https:\/\/arekson.com\/fr\/#organization\",\"name\":\"Arekson Group\",\"url\":\"https:\/\/arekson.com\/fr\/\",\"logo\":{\"@type\":\"ImageObject\",\"inLanguage\":\"fr-FR\",\"@id\":\"https:\/\/arekson.com\/fr\/#\/schema\/logo\/image\/\",\"url\":\"https:\/\/arekson.com\/wp-content\/uploads\/2022\/06\/Arekson-Group-Logo-Gris.jpg\",\"contentUrl\":\"https:\/\/arekson.com\/wp-content\/uploads\/2022\/06\/Arekson-Group-Logo-Gris.jpg\",\"width\":174,\"height\":72,\"caption\":\"Arekson Group\"},\"image\":{\"@id\":\"https:\/\/arekson.com\/fr\/#\/schema\/logo\/image\/\"}}]}<\/script>\n<!-- \/ Yoast SEO plugin. -->","yoast_head_json":{"title":"KLARLACK 680 UHS 1:1 Vernis UHS High Efficiency | Arekson Group","description":"Arekson Group | Productos para el Repintado de Veh\u00edculos | Productos y soluciones personalizados a sus necesidades","robots":{"index":"index","follow":"follow","max-snippet":"max-snippet:-1","max-image-preview":"max-image-preview:large","max-video-preview":"max-video-preview:-1"},"canonical":"https:\/\/arekson.com\/fr\/producto\/klarlack-680-uhs-11-vernis-uhs-high-efficiency\/","og_locale":"fr_FR","og_type":"article","og_title":"KLARLACK 680 UHS 1:1 Vernis UHS High Efficiency | Arekson Group","og_description":"Arekson Group | Productos para el Repintado de Veh\u00edculos | Productos y soluciones personalizados a sus necesidades","og_url":"https:\/\/arekson.com\/fr\/producto\/klarlack-680-uhs-11-vernis-uhs-high-efficiency\/","og_site_name":"Arekson Group","article_modified_time":"2025-12-09T09:27:53+00:00","og_image":[{"width":800,"height":800,"url":"https:\/\/arekson.com\/wp-content\/uploads\/2025\/04\/KLARLACK-680.png","type":"image\/png"}],"twitter_card":"summary_large_image","schema":{"@context":"https:\/\/schema.org","@graph":[{"@type":"WebPage","@id":"https:\/\/arekson.com\/fr\/producto\/klarlack-680-uhs-11-vernis-uhs-high-efficiency\/","url":"https:\/\/arekson.com\/fr\/producto\/klarlack-680-uhs-11-vernis-uhs-high-efficiency\/","name":"KLARLACK 680 UHS 1:1 Vernis UHS High Efficiency | Arekson Group","isPartOf":{"@id":"https:\/\/arekson.com\/fr\/#website"},"primaryImageOfPage":{"@id":"https:\/\/arekson.com\/fr\/producto\/klarlack-680-uhs-11-vernis-uhs-high-efficiency\/#primaryimage"},"image":{"@id":"https:\/\/arekson.com\/fr\/producto\/klarlack-680-uhs-11-vernis-uhs-high-efficiency\/#primaryimage"},"thumbnailUrl":"https:\/\/arekson.com\/wp-content\/uploads\/2025\/04\/KLARLACK-680.png","datePublished":"2025-04-12T11:13:09+00:00","dateModified":"2025-12-09T09:27:53+00:00","description":"Arekson Group | Productos para el Repintado de Veh\u00edculos | Productos y soluciones personalizados a sus necesidades","breadcrumb":{"@id":"https:\/\/arekson.com\/fr\/producto\/klarlack-680-uhs-11-vernis-uhs-high-efficiency\/#breadcrumb"},"inLanguage":"fr-FR","potentialAction":[{"@type":"ReadAction","target":["https:\/\/arekson.com\/fr\/producto\/klarlack-680-uhs-11-vernis-uhs-high-efficiency\/"]}]},{"@type":"ImageObject","inLanguage":"fr-FR","@id":"https:\/\/arekson.com\/fr\/producto\/klarlack-680-uhs-11-vernis-uhs-high-efficiency\/#primaryimage","url":"https:\/\/arekson.com\/wp-content\/uploads\/2025\/04\/KLARLACK-680.png","contentUrl":"https:\/\/arekson.com\/wp-content\/uploads\/2025\/04\/KLARLACK-680.png","width":800,"height":800},{"@type":"BreadcrumbList","@id":"https:\/\/arekson.com\/fr\/producto\/klarlack-680-uhs-11-vernis-uhs-high-efficiency\/#breadcrumb","itemListElement":[{"@type":"ListItem","position":1,"name":"Home","item":"https:\/\/arekson.com\/fr\/"},{"@type":"ListItem","position":2,"name":"Produits","item":"https:\/\/arekson.com\/fr\/shop\/"},{"@type":"ListItem","position":3,"name":"KLARLACK 680 UHS 1:1 Vernis UHS High Efficiency"}]},{"@type":"WebSite","@id":"https:\/\/arekson.com\/fr\/#website","url":"https:\/\/arekson.com\/fr\/","name":"Arekson Group","description":"Marcas Referentes del Automovil Profesional","publisher":{"@id":"https:\/\/arekson.com\/fr\/#organization"},"potentialAction":[{"@type":"SearchAction","target":{"@type":"EntryPoint","urlTemplate":"https:\/\/arekson.com\/fr\/?s={search_term_string}"},"query-input":{"@type":"PropertyValueSpecification","valueRequired":true,"valueName":"search_term_string"}}],"inLanguage":"fr-FR"},{"@type":"Organization","@id":"https:\/\/arekson.com\/fr\/#organization","name":"Arekson Group","url":"https:\/\/arekson.com\/fr\/","logo":{"@type":"ImageObject","inLanguage":"fr-FR","@id":"https:\/\/arekson.com\/fr\/#\/schema\/logo\/image\/","url":"https:\/\/arekson.com\/wp-content\/uploads\/2022\/06\/Arekson-Group-Logo-Gris.jpg","contentUrl":"https:\/\/arekson.com\/wp-content\/uploads\/2022\/06\/Arekson-Group-Logo-Gris.jpg","width":174,"height":72,"caption":"Arekson Group"},"image":{"@id":"https:\/\/arekson.com\/fr\/#\/schema\/logo\/image\/"}}]}},"_links":{"self":[{"href":"https:\/\/arekson.com\/fr\/wp-json\/wp\/v2\/product\/30274","targetHints":{"allow":["GET"]}}],"collection":[{"href":"https:\/\/arekson.com\/fr\/wp-json\/wp\/v2\/product"}],"about":[{"href":"https:\/\/arekson.com\/fr\/wp-json\/wp\/v2\/types\/product"}],"wp:featuredmedia":[{"embeddable":true,"href":"https:\/\/arekson.com\/fr\/wp-json\/wp\/v2\/media\/30270"}],"wp:attachment":[{"href":"https:\/\/arekson.com\/fr\/wp-json\/wp\/v2\/media?parent=30274"}],"wp:term":[{"taxonomy":"product_brand","embeddable":true,"href":"https:\/\/arekson.com\/fr\/wp-json\/wp\/v2\/product_brand?post=30274"},{"taxonomy":"product_cat","embeddable":true,"href":"https:\/\/arekson.com\/fr\/wp-json\/wp\/v2\/product_cat?post=30274"},{"taxonomy":"product_tag","embeddable":true,"href":"https:\/\/arekson.com\/fr\/wp-json\/wp\/v2\/product_tag?post=30274"}],"curies":[{"name":"wp","href":"https:\/\/api.w.org\/{rel}","templated":true}]}}