{"id":30249,"date":"2025-04-12T12:30:52","date_gmt":"2025-04-12T10:30:52","guid":{"rendered":"https:\/\/arekson.com\/?post_type=product&#038;p=30249"},"modified":"2025-10-02T15:39:33","modified_gmt":"2025-10-02T13:39:33","slug":"fuller-380-rapid-41-uhs-filler-high-efficiency-uhs-41","status":"publish","type":"product","link":"https:\/\/arekson.com\/fr\/producto\/fuller-380-rapid-41-uhs-filler-high-efficiency-uhs-41\/","title":{"rendered":"<strong><span class=\"nom-corto\">F\u00dcLLER 380 RAPID 4:1 UHS <\/span><\/strong><br><span class=\"nom-largo\">Filler High Efficiency UHS 4:1<\/span>"},"content":{"rendered":"<p style=\"text-align: right;\"><a class=\"boton-ficha\" href=\"https:\/\/arekson.com\/wp-content\/uploads\/2025\/10\/APH380-FULLER-380-RAPID-FR-FT14072025.pdf\" target=\"_blank\" rel=\"noopener\">Caract\u00e9ristiques techniques<\/a><\/p>\n<p style=\"text-align: right;\"><a class=\"boton-ficha\" href=\"https:\/\/arekson.com\/wp-content\/uploads\/2025\/09\/SEICAR-HIGH_EFFICIENCY_FR.pdf\" target=\"_blank\" rel=\"noopener\">Brochure High Efficiency<\/a><\/p>\n","protected":false},"excerpt":{"rendered":"<p>Ce produit se distingue par une application rapide et efficace, permettant des couches cons\u00e9cutives sans temps d\u2019attente. Il s\u00e8che \u00e0 l\u2019air libre en seulement 45 \u00e0 90 minutes \u00e0 20\u00b0C. Tr\u00e8s polyvalent, il convient aux applications en forte \u00e9paisseur, comme isolant ou en syst\u00e8me mouill\u00e9 sur mouill\u00e9. Le pon\u00e7age est simple et rapide gr\u00e2ce \u00e0 sa finition homog\u00e8ne. Il offre une excellente adh\u00e9rence sur divers supports, y compris les plastiques avec additif. De plus, il assure une finition uniforme et respecte la norme VOC de 420 g\/l, pour un impact environnemental r\u00e9duit.<\/p>\n","protected":false},"featured_media":30242,"template":"","meta":{"_et_pb_use_builder":"","_et_pb_old_content":"","_et_gb_content_width":""},"product_brand":[],"product_cat":[1243,1223,1241,370],"product_tag":[],"class_list":{"0":"post-30249","1":"product","2":"type-product","3":"status-publish","4":"has-post-thumbnail","6":"product_cat-apprets","7":"product_cat-chimiques","8":"product_cat-materiaux-de-fond","9":"product_cat-seicar-fr","10":"pa_seicar-fr-ref-aph380-blanc-bidon-4lts","11":"pa_seicar-fr-ref-aph380ad-additive-transparent-bidon-1-lt","12":"pa_seicar-fr-ref-aph381-noir-bidon-4lts","14":"first","15":"instock","16":"shipping-taxable","17":"purchasable","18":"product-type-variable"},"yoast_head":"<!-- This site is optimized with the Yoast SEO plugin v27.2 - https:\/\/yoast.com\/product\/yoast-seo-wordpress\/ -->\n<title>F\u00dcLLER 380 RAPID 4:1 UHS Filler High Efficiency UHS 4:1 | Arekson Group<\/title>\n<meta name=\"description\" content=\"Arekson Group | Productos para el Repintado de Veh\u00edculos | Productos y soluciones personalizados a sus necesidades\" \/>\n<meta name=\"robots\" content=\"index, follow, max-snippet:-1, max-image-preview:large, max-video-preview:-1\" \/>\n<link rel=\"canonical\" href=\"https:\/\/arekson.com\/fr\/producto\/fuller-380-rapid-41-uhs-filler-high-efficiency-uhs-41\/\" \/>\n<meta property=\"og:locale\" content=\"fr_FR\" \/>\n<meta property=\"og:type\" content=\"article\" \/>\n<meta property=\"og:title\" content=\"F\u00dcLLER 380 RAPID 4:1 UHS Filler High Efficiency UHS 4:1 | Arekson Group\" \/>\n<meta property=\"og:description\" content=\"Arekson Group | Productos para el Repintado de Veh\u00edculos | Productos y soluciones personalizados a sus necesidades\" \/>\n<meta property=\"og:url\" content=\"https:\/\/arekson.com\/fr\/producto\/fuller-380-rapid-41-uhs-filler-high-efficiency-uhs-41\/\" \/>\n<meta property=\"og:site_name\" content=\"Arekson Group\" \/>\n<meta property=\"article:modified_time\" content=\"2025-10-02T13:39:33+00:00\" \/>\n<meta property=\"og:image\" content=\"https:\/\/arekson.com\/wp-content\/uploads\/2025\/04\/FULLER-380-1.png\" \/>\n\t<meta property=\"og:image:width\" content=\"800\" \/>\n\t<meta property=\"og:image:height\" content=\"800\" \/>\n\t<meta property=\"og:image:type\" content=\"image\/png\" \/>\n<meta name=\"twitter:card\" content=\"summary_large_image\" \/>\n<script type=\"application\/ld+json\" class=\"yoast-schema-graph\">{\"@context\":\"https:\/\/schema.org\",\"@graph\":[{\"@type\":\"WebPage\",\"@id\":\"https:\/\/arekson.com\/fr\/producto\/fuller-380-rapid-41-uhs-filler-high-efficiency-uhs-41\/\",\"url\":\"https:\/\/arekson.com\/fr\/producto\/fuller-380-rapid-41-uhs-filler-high-efficiency-uhs-41\/\",\"name\":\"F\u00dcLLER 380 RAPID 4:1 UHS Filler High Efficiency UHS 4:1 | Arekson Group\",\"isPartOf\":{\"@id\":\"https:\/\/arekson.com\/fr\/#website\"},\"primaryImageOfPage\":{\"@id\":\"https:\/\/arekson.com\/fr\/producto\/fuller-380-rapid-41-uhs-filler-high-efficiency-uhs-41\/#primaryimage\"},\"image\":{\"@id\":\"https:\/\/arekson.com\/fr\/producto\/fuller-380-rapid-41-uhs-filler-high-efficiency-uhs-41\/#primaryimage\"},\"thumbnailUrl\":\"https:\/\/arekson.com\/wp-content\/uploads\/2025\/04\/FULLER-380-1.png\",\"datePublished\":\"2025-04-12T10:30:52+00:00\",\"dateModified\":\"2025-10-02T13:39:33+00:00\",\"description\":\"Arekson Group | Productos para el Repintado de Veh\u00edculos | Productos y soluciones personalizados a sus necesidades\",\"breadcrumb\":{\"@id\":\"https:\/\/arekson.com\/fr\/producto\/fuller-380-rapid-41-uhs-filler-high-efficiency-uhs-41\/#breadcrumb\"},\"inLanguage\":\"fr-FR\",\"potentialAction\":[{\"@type\":\"ReadAction\",\"target\":[\"https:\/\/arekson.com\/fr\/producto\/fuller-380-rapid-41-uhs-filler-high-efficiency-uhs-41\/\"]}]},{\"@type\":\"ImageObject\",\"inLanguage\":\"fr-FR\",\"@id\":\"https:\/\/arekson.com\/fr\/producto\/fuller-380-rapid-41-uhs-filler-high-efficiency-uhs-41\/#primaryimage\",\"url\":\"https:\/\/arekson.com\/wp-content\/uploads\/2025\/04\/FULLER-380-1.png\",\"contentUrl\":\"https:\/\/arekson.com\/wp-content\/uploads\/2025\/04\/FULLER-380-1.png\",\"width\":800,\"height\":800},{\"@type\":\"BreadcrumbList\",\"@id\":\"https:\/\/arekson.com\/fr\/producto\/fuller-380-rapid-41-uhs-filler-high-efficiency-uhs-41\/#breadcrumb\",\"itemListElement\":[{\"@type\":\"ListItem\",\"position\":1,\"name\":\"Home\",\"item\":\"https:\/\/arekson.com\/fr\/\"},{\"@type\":\"ListItem\",\"position\":2,\"name\":\"Produits\",\"item\":\"https:\/\/arekson.com\/fr\/shop\/\"},{\"@type\":\"ListItem\",\"position\":3,\"name\":\"F\u00dcLLER 380 RAPID 4:1 UHS Filler High Efficiency UHS 4:1\"}]},{\"@type\":\"WebSite\",\"@id\":\"https:\/\/arekson.com\/fr\/#website\",\"url\":\"https:\/\/arekson.com\/fr\/\",\"name\":\"Arekson Group\",\"description\":\"Marcas Referentes del Automovil Profesional\",\"publisher\":{\"@id\":\"https:\/\/arekson.com\/fr\/#organization\"},\"potentialAction\":[{\"@type\":\"SearchAction\",\"target\":{\"@type\":\"EntryPoint\",\"urlTemplate\":\"https:\/\/arekson.com\/fr\/?s={search_term_string}\"},\"query-input\":{\"@type\":\"PropertyValueSpecification\",\"valueRequired\":true,\"valueName\":\"search_term_string\"}}],\"inLanguage\":\"fr-FR\"},{\"@type\":\"Organization\",\"@id\":\"https:\/\/arekson.com\/fr\/#organization\",\"name\":\"Arekson Group\",\"url\":\"https:\/\/arekson.com\/fr\/\",\"logo\":{\"@type\":\"ImageObject\",\"inLanguage\":\"fr-FR\",\"@id\":\"https:\/\/arekson.com\/fr\/#\/schema\/logo\/image\/\",\"url\":\"https:\/\/arekson.com\/wp-content\/uploads\/2022\/06\/Arekson-Group-Logo-Gris.jpg\",\"contentUrl\":\"https:\/\/arekson.com\/wp-content\/uploads\/2022\/06\/Arekson-Group-Logo-Gris.jpg\",\"width\":174,\"height\":72,\"caption\":\"Arekson Group\"},\"image\":{\"@id\":\"https:\/\/arekson.com\/fr\/#\/schema\/logo\/image\/\"}}]}<\/script>\n<!-- \/ Yoast SEO plugin. -->","yoast_head_json":{"title":"F\u00dcLLER 380 RAPID 4:1 UHS Filler High Efficiency UHS 4:1 | Arekson Group","description":"Arekson Group | Productos para el Repintado de Veh\u00edculos | Productos y soluciones personalizados a sus necesidades","robots":{"index":"index","follow":"follow","max-snippet":"max-snippet:-1","max-image-preview":"max-image-preview:large","max-video-preview":"max-video-preview:-1"},"canonical":"https:\/\/arekson.com\/fr\/producto\/fuller-380-rapid-41-uhs-filler-high-efficiency-uhs-41\/","og_locale":"fr_FR","og_type":"article","og_title":"F\u00dcLLER 380 RAPID 4:1 UHS Filler High Efficiency UHS 4:1 | Arekson Group","og_description":"Arekson Group | Productos para el Repintado de Veh\u00edculos | Productos y soluciones personalizados a sus necesidades","og_url":"https:\/\/arekson.com\/fr\/producto\/fuller-380-rapid-41-uhs-filler-high-efficiency-uhs-41\/","og_site_name":"Arekson Group","article_modified_time":"2025-10-02T13:39:33+00:00","og_image":[{"width":800,"height":800,"url":"https:\/\/arekson.com\/wp-content\/uploads\/2025\/04\/FULLER-380-1.png","type":"image\/png"}],"twitter_card":"summary_large_image","schema":{"@context":"https:\/\/schema.org","@graph":[{"@type":"WebPage","@id":"https:\/\/arekson.com\/fr\/producto\/fuller-380-rapid-41-uhs-filler-high-efficiency-uhs-41\/","url":"https:\/\/arekson.com\/fr\/producto\/fuller-380-rapid-41-uhs-filler-high-efficiency-uhs-41\/","name":"F\u00dcLLER 380 RAPID 4:1 UHS Filler High Efficiency UHS 4:1 | Arekson Group","isPartOf":{"@id":"https:\/\/arekson.com\/fr\/#website"},"primaryImageOfPage":{"@id":"https:\/\/arekson.com\/fr\/producto\/fuller-380-rapid-41-uhs-filler-high-efficiency-uhs-41\/#primaryimage"},"image":{"@id":"https:\/\/arekson.com\/fr\/producto\/fuller-380-rapid-41-uhs-filler-high-efficiency-uhs-41\/#primaryimage"},"thumbnailUrl":"https:\/\/arekson.com\/wp-content\/uploads\/2025\/04\/FULLER-380-1.png","datePublished":"2025-04-12T10:30:52+00:00","dateModified":"2025-10-02T13:39:33+00:00","description":"Arekson Group | Productos para el Repintado de Veh\u00edculos | Productos y soluciones personalizados a sus necesidades","breadcrumb":{"@id":"https:\/\/arekson.com\/fr\/producto\/fuller-380-rapid-41-uhs-filler-high-efficiency-uhs-41\/#breadcrumb"},"inLanguage":"fr-FR","potentialAction":[{"@type":"ReadAction","target":["https:\/\/arekson.com\/fr\/producto\/fuller-380-rapid-41-uhs-filler-high-efficiency-uhs-41\/"]}]},{"@type":"ImageObject","inLanguage":"fr-FR","@id":"https:\/\/arekson.com\/fr\/producto\/fuller-380-rapid-41-uhs-filler-high-efficiency-uhs-41\/#primaryimage","url":"https:\/\/arekson.com\/wp-content\/uploads\/2025\/04\/FULLER-380-1.png","contentUrl":"https:\/\/arekson.com\/wp-content\/uploads\/2025\/04\/FULLER-380-1.png","width":800,"height":800},{"@type":"BreadcrumbList","@id":"https:\/\/arekson.com\/fr\/producto\/fuller-380-rapid-41-uhs-filler-high-efficiency-uhs-41\/#breadcrumb","itemListElement":[{"@type":"ListItem","position":1,"name":"Home","item":"https:\/\/arekson.com\/fr\/"},{"@type":"ListItem","position":2,"name":"Produits","item":"https:\/\/arekson.com\/fr\/shop\/"},{"@type":"ListItem","position":3,"name":"F\u00dcLLER 380 RAPID 4:1 UHS Filler High Efficiency UHS 4:1"}]},{"@type":"WebSite","@id":"https:\/\/arekson.com\/fr\/#website","url":"https:\/\/arekson.com\/fr\/","name":"Arekson Group","description":"Marcas Referentes del Automovil Profesional","publisher":{"@id":"https:\/\/arekson.com\/fr\/#organization"},"potentialAction":[{"@type":"SearchAction","target":{"@type":"EntryPoint","urlTemplate":"https:\/\/arekson.com\/fr\/?s={search_term_string}"},"query-input":{"@type":"PropertyValueSpecification","valueRequired":true,"valueName":"search_term_string"}}],"inLanguage":"fr-FR"},{"@type":"Organization","@id":"https:\/\/arekson.com\/fr\/#organization","name":"Arekson Group","url":"https:\/\/arekson.com\/fr\/","logo":{"@type":"ImageObject","inLanguage":"fr-FR","@id":"https:\/\/arekson.com\/fr\/#\/schema\/logo\/image\/","url":"https:\/\/arekson.com\/wp-content\/uploads\/2022\/06\/Arekson-Group-Logo-Gris.jpg","contentUrl":"https:\/\/arekson.com\/wp-content\/uploads\/2022\/06\/Arekson-Group-Logo-Gris.jpg","width":174,"height":72,"caption":"Arekson Group"},"image":{"@id":"https:\/\/arekson.com\/fr\/#\/schema\/logo\/image\/"}}]}},"_links":{"self":[{"href":"https:\/\/arekson.com\/fr\/wp-json\/wp\/v2\/product\/30249","targetHints":{"allow":["GET"]}}],"collection":[{"href":"https:\/\/arekson.com\/fr\/wp-json\/wp\/v2\/product"}],"about":[{"href":"https:\/\/arekson.com\/fr\/wp-json\/wp\/v2\/types\/product"}],"wp:featuredmedia":[{"embeddable":true,"href":"https:\/\/arekson.com\/fr\/wp-json\/wp\/v2\/media\/30242"}],"wp:attachment":[{"href":"https:\/\/arekson.com\/fr\/wp-json\/wp\/v2\/media?parent=30249"}],"wp:term":[{"taxonomy":"product_brand","embeddable":true,"href":"https:\/\/arekson.com\/fr\/wp-json\/wp\/v2\/product_brand?post=30249"},{"taxonomy":"product_cat","embeddable":true,"href":"https:\/\/arekson.com\/fr\/wp-json\/wp\/v2\/product_cat?post=30249"},{"taxonomy":"product_tag","embeddable":true,"href":"https:\/\/arekson.com\/fr\/wp-json\/wp\/v2\/product_tag?post=30249"}],"curies":[{"name":"wp","href":"https:\/\/api.w.org\/{rel}","templated":true}]}}