{"id":29078,"date":"2024-10-14T13:36:54","date_gmt":"2024-10-14T11:36:54","guid":{"rendered":"https:\/\/arekson.com\/?post_type=product&#038;p=29078"},"modified":"2024-10-23T09:28:02","modified_gmt":"2024-10-23T07:28:02","slug":"camo-pro-suite-2-piece-combinaison-de-protection-2-pieces","status":"publish","type":"product","link":"https:\/\/arekson.com\/fr\/producto\/camo-pro-suite-2-piece-combinaison-de-protection-2-pieces\/","title":{"rendered":"<strong><span class=\"nom-corto\">CAMO PRO SUITE 2-PIECE <\/span><\/strong><br><span class=\"nom-largo\">Combinaison de protection 2-pi\u00e8ces<\/span>"},"content":{"rendered":"<p style=\"text-align: right;\"><a class=\"boton-ficha\" href=\"https:\/\/arekson.com\/wp-content\/uploads\/2024\/10\/BU000-CAMO-PRO-SUITE-2-PIECE_FR.pdf\" target=\"_blank\" rel=\"noopener\">D\u00e9tails Techniques<\/a> <\/p>\n","protected":false},"excerpt":{"rendered":"<p>Cet ensemble veste-pantalon allie protection et confort. R\u00e9pondant aux normes de s\u00e9curit\u00e9 les plus strictes en tant que combinaison antistatique et sans silicone, cette combinaison ne se contente pas de prot\u00e9ger, elle est \u00e9galement fonctionnelle gr\u00e2ce \u00e0 des caract\u00e9ristiques telles que :<\/p>\n<ul>\n<li>Capuche \u00e9lastiqu\u00e9e avec bande \u00e9lastique et poignets en tricot doux.<\/li>\n<li>Poche poitrine avec fermeture velcro et bande Seicar.<\/li>\n<li>Pantalon avec ceinture r\u00e9glable, multiples poches et chevilles \u00e9lastiques.<\/li>\n<\/ul>\n","protected":false},"featured_media":29059,"template":"","meta":{"_et_pb_use_builder":"","_et_pb_old_content":"","_et_gb_content_width":""},"product_brand":[],"product_cat":[360,1201,370,1221],"product_tag":[],"class_list":{"0":"post-29078","1":"product","2":"type-product","3":"status-publish","4":"has-post-thumbnail","6":"product_cat-arekson-fr","7":"product_cat-protection-et-hygiene","8":"product_cat-seicar-fr","9":"product_cat-tenue-vestimentaire","10":"pa_seicar-fr-ref-bu000c-sachet-veste-tallem","11":"pa_seicar-fr-ref-bu000p-sachet-pantalon-tallem","12":"pa_seicar-fr-ref-bu001c-sachet-veste-tallel","13":"pa_seicar-fr-ref-bu001p-sachet-pantalon-tallel","14":"pa_seicar-fr-ref-bu002c-sachet-veste-tallexl","15":"pa_seicar-fr-ref-bu002p-sachet-pantalon-tallexl","16":"pa_seicar-fr-ref-bu003c-sachet-veste-talle2xl","17":"pa_seicar-fr-ref-bu003p-sachet-pantalon-talle2xl","19":"first","20":"instock","21":"shipping-taxable","22":"purchasable","23":"product-type-variable"},"yoast_head":"<!-- This site is optimized with the Yoast SEO plugin v27.2 - https:\/\/yoast.com\/product\/yoast-seo-wordpress\/ -->\n<title>CAMO PRO SUITE 2-PIECE Combinaison de protection 2-pi\u00e8ces | Arekson Group<\/title>\n<meta name=\"description\" content=\"CAMO PRO SUITE 2-PIECE | Combinaison de protection deux pi\u00e8ces | PROTECTION ET HYGIENE | VETEMENT | REF: BU000C + BU000P | SEICAR\" \/>\n<meta name=\"robots\" content=\"index, follow, max-snippet:-1, max-image-preview:large, max-video-preview:-1\" \/>\n<link rel=\"canonical\" href=\"https:\/\/arekson.com\/fr\/producto\/camo-pro-suite-2-piece-combinaison-de-protection-2-pieces\/\" \/>\n<meta property=\"og:locale\" content=\"fr_FR\" \/>\n<meta property=\"og:type\" content=\"article\" \/>\n<meta property=\"og:title\" content=\"CAMO PRO SUITE 2-PIECE Combinaison de protection 2-pi\u00e8ces | Arekson Group\" \/>\n<meta property=\"og:description\" content=\"CAMO PRO SUITE 2-PIECE | Combinaison de protection deux pi\u00e8ces | PROTECTION ET HYGIENE | VETEMENT | REF: BU000C + BU000P | SEICAR\" \/>\n<meta property=\"og:url\" content=\"https:\/\/arekson.com\/fr\/producto\/camo-pro-suite-2-piece-combinaison-de-protection-2-pieces\/\" \/>\n<meta property=\"og:site_name\" content=\"Arekson Group\" \/>\n<meta property=\"article:modified_time\" content=\"2024-10-23T07:28:02+00:00\" \/>\n<meta property=\"og:image\" content=\"https:\/\/arekson.com\/wp-content\/uploads\/2024\/10\/3a8e6601-c52a-4bc4-82c8-818aff5ae479-1.png\" \/>\n\t<meta property=\"og:image:width\" content=\"1145\" \/>\n\t<meta property=\"og:image:height\" content=\"1685\" \/>\n\t<meta property=\"og:image:type\" content=\"image\/png\" \/>\n<meta name=\"twitter:card\" content=\"summary_large_image\" \/>\n<script type=\"application\/ld+json\" class=\"yoast-schema-graph\">{\"@context\":\"https:\/\/schema.org\",\"@graph\":[{\"@type\":\"WebPage\",\"@id\":\"https:\/\/arekson.com\/fr\/producto\/camo-pro-suite-2-piece-combinaison-de-protection-2-pieces\/\",\"url\":\"https:\/\/arekson.com\/fr\/producto\/camo-pro-suite-2-piece-combinaison-de-protection-2-pieces\/\",\"name\":\"CAMO PRO SUITE 2-PIECE Combinaison de protection 2-pi\u00e8ces | Arekson Group\",\"isPartOf\":{\"@id\":\"https:\/\/arekson.com\/fr\/#website\"},\"primaryImageOfPage\":{\"@id\":\"https:\/\/arekson.com\/fr\/producto\/camo-pro-suite-2-piece-combinaison-de-protection-2-pieces\/#primaryimage\"},\"image\":{\"@id\":\"https:\/\/arekson.com\/fr\/producto\/camo-pro-suite-2-piece-combinaison-de-protection-2-pieces\/#primaryimage\"},\"thumbnailUrl\":\"https:\/\/arekson.com\/wp-content\/uploads\/2024\/10\/3a8e6601-c52a-4bc4-82c8-818aff5ae479-1.png\",\"datePublished\":\"2024-10-14T11:36:54+00:00\",\"dateModified\":\"2024-10-23T07:28:02+00:00\",\"description\":\"CAMO PRO SUITE 2-PIECE | Combinaison de protection deux pi\u00e8ces | PROTECTION ET HYGIENE | VETEMENT | REF: BU000C + BU000P | SEICAR\",\"breadcrumb\":{\"@id\":\"https:\/\/arekson.com\/fr\/producto\/camo-pro-suite-2-piece-combinaison-de-protection-2-pieces\/#breadcrumb\"},\"inLanguage\":\"fr-FR\",\"potentialAction\":[{\"@type\":\"ReadAction\",\"target\":[\"https:\/\/arekson.com\/fr\/producto\/camo-pro-suite-2-piece-combinaison-de-protection-2-pieces\/\"]}]},{\"@type\":\"ImageObject\",\"inLanguage\":\"fr-FR\",\"@id\":\"https:\/\/arekson.com\/fr\/producto\/camo-pro-suite-2-piece-combinaison-de-protection-2-pieces\/#primaryimage\",\"url\":\"https:\/\/arekson.com\/wp-content\/uploads\/2024\/10\/3a8e6601-c52a-4bc4-82c8-818aff5ae479-1.png\",\"contentUrl\":\"https:\/\/arekson.com\/wp-content\/uploads\/2024\/10\/3a8e6601-c52a-4bc4-82c8-818aff5ae479-1.png\",\"width\":1145,\"height\":1685,\"caption\":\"BU000C + BU000P\"},{\"@type\":\"BreadcrumbList\",\"@id\":\"https:\/\/arekson.com\/fr\/producto\/camo-pro-suite-2-piece-combinaison-de-protection-2-pieces\/#breadcrumb\",\"itemListElement\":[{\"@type\":\"ListItem\",\"position\":1,\"name\":\"Home\",\"item\":\"https:\/\/arekson.com\/fr\/\"},{\"@type\":\"ListItem\",\"position\":2,\"name\":\"Produits\",\"item\":\"https:\/\/arekson.com\/fr\/shop\/\"},{\"@type\":\"ListItem\",\"position\":3,\"name\":\"CAMO PRO SUITE 2-PIECE Combinaison de protection 2-pi\u00e8ces\"}]},{\"@type\":\"WebSite\",\"@id\":\"https:\/\/arekson.com\/fr\/#website\",\"url\":\"https:\/\/arekson.com\/fr\/\",\"name\":\"Arekson Group\",\"description\":\"Marcas Referentes del Automovil Profesional\",\"publisher\":{\"@id\":\"https:\/\/arekson.com\/fr\/#organization\"},\"potentialAction\":[{\"@type\":\"SearchAction\",\"target\":{\"@type\":\"EntryPoint\",\"urlTemplate\":\"https:\/\/arekson.com\/fr\/?s={search_term_string}\"},\"query-input\":{\"@type\":\"PropertyValueSpecification\",\"valueRequired\":true,\"valueName\":\"search_term_string\"}}],\"inLanguage\":\"fr-FR\"},{\"@type\":\"Organization\",\"@id\":\"https:\/\/arekson.com\/fr\/#organization\",\"name\":\"Arekson Group\",\"url\":\"https:\/\/arekson.com\/fr\/\",\"logo\":{\"@type\":\"ImageObject\",\"inLanguage\":\"fr-FR\",\"@id\":\"https:\/\/arekson.com\/fr\/#\/schema\/logo\/image\/\",\"url\":\"https:\/\/arekson.com\/wp-content\/uploads\/2022\/06\/Arekson-Group-Logo-Gris.jpg\",\"contentUrl\":\"https:\/\/arekson.com\/wp-content\/uploads\/2022\/06\/Arekson-Group-Logo-Gris.jpg\",\"width\":174,\"height\":72,\"caption\":\"Arekson Group\"},\"image\":{\"@id\":\"https:\/\/arekson.com\/fr\/#\/schema\/logo\/image\/\"}}]}<\/script>\n<!-- \/ Yoast SEO plugin. -->","yoast_head_json":{"title":"CAMO PRO SUITE 2-PIECE Combinaison de protection 2-pi\u00e8ces | Arekson Group","description":"CAMO PRO SUITE 2-PIECE | Combinaison de protection deux pi\u00e8ces | PROTECTION ET HYGIENE | VETEMENT | REF: BU000C + BU000P | SEICAR","robots":{"index":"index","follow":"follow","max-snippet":"max-snippet:-1","max-image-preview":"max-image-preview:large","max-video-preview":"max-video-preview:-1"},"canonical":"https:\/\/arekson.com\/fr\/producto\/camo-pro-suite-2-piece-combinaison-de-protection-2-pieces\/","og_locale":"fr_FR","og_type":"article","og_title":"CAMO PRO SUITE 2-PIECE Combinaison de protection 2-pi\u00e8ces | Arekson Group","og_description":"CAMO PRO SUITE 2-PIECE | Combinaison de protection deux pi\u00e8ces | PROTECTION ET HYGIENE | VETEMENT | REF: BU000C + BU000P | SEICAR","og_url":"https:\/\/arekson.com\/fr\/producto\/camo-pro-suite-2-piece-combinaison-de-protection-2-pieces\/","og_site_name":"Arekson Group","article_modified_time":"2024-10-23T07:28:02+00:00","og_image":[{"width":1145,"height":1685,"url":"https:\/\/arekson.com\/wp-content\/uploads\/2024\/10\/3a8e6601-c52a-4bc4-82c8-818aff5ae479-1.png","type":"image\/png"}],"twitter_card":"summary_large_image","schema":{"@context":"https:\/\/schema.org","@graph":[{"@type":"WebPage","@id":"https:\/\/arekson.com\/fr\/producto\/camo-pro-suite-2-piece-combinaison-de-protection-2-pieces\/","url":"https:\/\/arekson.com\/fr\/producto\/camo-pro-suite-2-piece-combinaison-de-protection-2-pieces\/","name":"CAMO PRO SUITE 2-PIECE Combinaison de protection 2-pi\u00e8ces | Arekson Group","isPartOf":{"@id":"https:\/\/arekson.com\/fr\/#website"},"primaryImageOfPage":{"@id":"https:\/\/arekson.com\/fr\/producto\/camo-pro-suite-2-piece-combinaison-de-protection-2-pieces\/#primaryimage"},"image":{"@id":"https:\/\/arekson.com\/fr\/producto\/camo-pro-suite-2-piece-combinaison-de-protection-2-pieces\/#primaryimage"},"thumbnailUrl":"https:\/\/arekson.com\/wp-content\/uploads\/2024\/10\/3a8e6601-c52a-4bc4-82c8-818aff5ae479-1.png","datePublished":"2024-10-14T11:36:54+00:00","dateModified":"2024-10-23T07:28:02+00:00","description":"CAMO PRO SUITE 2-PIECE | Combinaison de protection deux pi\u00e8ces | PROTECTION ET HYGIENE | VETEMENT | REF: BU000C + BU000P | SEICAR","breadcrumb":{"@id":"https:\/\/arekson.com\/fr\/producto\/camo-pro-suite-2-piece-combinaison-de-protection-2-pieces\/#breadcrumb"},"inLanguage":"fr-FR","potentialAction":[{"@type":"ReadAction","target":["https:\/\/arekson.com\/fr\/producto\/camo-pro-suite-2-piece-combinaison-de-protection-2-pieces\/"]}]},{"@type":"ImageObject","inLanguage":"fr-FR","@id":"https:\/\/arekson.com\/fr\/producto\/camo-pro-suite-2-piece-combinaison-de-protection-2-pieces\/#primaryimage","url":"https:\/\/arekson.com\/wp-content\/uploads\/2024\/10\/3a8e6601-c52a-4bc4-82c8-818aff5ae479-1.png","contentUrl":"https:\/\/arekson.com\/wp-content\/uploads\/2024\/10\/3a8e6601-c52a-4bc4-82c8-818aff5ae479-1.png","width":1145,"height":1685,"caption":"BU000C + BU000P"},{"@type":"BreadcrumbList","@id":"https:\/\/arekson.com\/fr\/producto\/camo-pro-suite-2-piece-combinaison-de-protection-2-pieces\/#breadcrumb","itemListElement":[{"@type":"ListItem","position":1,"name":"Home","item":"https:\/\/arekson.com\/fr\/"},{"@type":"ListItem","position":2,"name":"Produits","item":"https:\/\/arekson.com\/fr\/shop\/"},{"@type":"ListItem","position":3,"name":"CAMO PRO SUITE 2-PIECE Combinaison de protection 2-pi\u00e8ces"}]},{"@type":"WebSite","@id":"https:\/\/arekson.com\/fr\/#website","url":"https:\/\/arekson.com\/fr\/","name":"Arekson Group","description":"Marcas Referentes del Automovil Profesional","publisher":{"@id":"https:\/\/arekson.com\/fr\/#organization"},"potentialAction":[{"@type":"SearchAction","target":{"@type":"EntryPoint","urlTemplate":"https:\/\/arekson.com\/fr\/?s={search_term_string}"},"query-input":{"@type":"PropertyValueSpecification","valueRequired":true,"valueName":"search_term_string"}}],"inLanguage":"fr-FR"},{"@type":"Organization","@id":"https:\/\/arekson.com\/fr\/#organization","name":"Arekson Group","url":"https:\/\/arekson.com\/fr\/","logo":{"@type":"ImageObject","inLanguage":"fr-FR","@id":"https:\/\/arekson.com\/fr\/#\/schema\/logo\/image\/","url":"https:\/\/arekson.com\/wp-content\/uploads\/2022\/06\/Arekson-Group-Logo-Gris.jpg","contentUrl":"https:\/\/arekson.com\/wp-content\/uploads\/2022\/06\/Arekson-Group-Logo-Gris.jpg","width":174,"height":72,"caption":"Arekson Group"},"image":{"@id":"https:\/\/arekson.com\/fr\/#\/schema\/logo\/image\/"}}]}},"_links":{"self":[{"href":"https:\/\/arekson.com\/fr\/wp-json\/wp\/v2\/product\/29078","targetHints":{"allow":["GET"]}}],"collection":[{"href":"https:\/\/arekson.com\/fr\/wp-json\/wp\/v2\/product"}],"about":[{"href":"https:\/\/arekson.com\/fr\/wp-json\/wp\/v2\/types\/product"}],"wp:featuredmedia":[{"embeddable":true,"href":"https:\/\/arekson.com\/fr\/wp-json\/wp\/v2\/media\/29059"}],"wp:attachment":[{"href":"https:\/\/arekson.com\/fr\/wp-json\/wp\/v2\/media?parent=29078"}],"wp:term":[{"taxonomy":"product_brand","embeddable":true,"href":"https:\/\/arekson.com\/fr\/wp-json\/wp\/v2\/product_brand?post=29078"},{"taxonomy":"product_cat","embeddable":true,"href":"https:\/\/arekson.com\/fr\/wp-json\/wp\/v2\/product_cat?post=29078"},{"taxonomy":"product_tag","embeddable":true,"href":"https:\/\/arekson.com\/fr\/wp-json\/wp\/v2\/product_tag?post=29078"}],"curies":[{"name":"wp","href":"https:\/\/api.w.org\/{rel}","templated":true}]}}