{"id":29051,"date":"2024-10-14T10:46:39","date_gmt":"2024-10-14T08:46:39","guid":{"rendered":"https:\/\/arekson.com\/?post_type=product&#038;p=29051"},"modified":"2024-10-14T11:10:31","modified_gmt":"2024-10-14T09:10:31","slug":"painter-hood-cagoule-de-peintre","status":"publish","type":"product","link":"https:\/\/arekson.com\/fr\/producto\/painter-hood-cagoule-de-peintre\/","title":{"rendered":"<strong><span class=\"nom-corto\">PAINTER HOOD <\/span><\/strong><br><span class=\"nom-largo\">Cagoule de peintre<\/span>"},"content":{"rendered":"","protected":false},"excerpt":{"rendered":"<p>Nos cagoules en 100 % polyester extensible offrent d&rsquo;excellentes propri\u00e9t\u00e9s de port. Elles sont respirantes, r\u00e9gulent l&rsquo;humidit\u00e9, rafra\u00eechissent et absorbent la sueur. Pendant les mois froids, elles vous gardent au chaud et vous prot\u00e8gent des courants d&rsquo;air. Elles peuvent \u00e9galement \u00eatre utilis\u00e9es avec des casques et des masques.<\/p>\n","protected":false},"featured_media":29050,"template":"","meta":{"_et_pb_use_builder":"","_et_pb_old_content":"","_et_gb_content_width":""},"product_brand":[],"product_cat":[1201,370,1221],"product_tag":[],"class_list":{"0":"post-29051","1":"product","2":"type-product","3":"status-publish","4":"has-post-thumbnail","6":"product_cat-protection-et-hygiene","7":"product_cat-seicar-fr","8":"product_cat-tenue-vestimentaire","9":"pa_seicar-fr-ref-ch00p4-sachet-6unites","11":"first","12":"instock","13":"shipping-taxable","14":"purchasable","15":"product-type-variable"},"yoast_head":"<!-- This site is optimized with the Yoast SEO plugin v27.2 - https:\/\/yoast.com\/product\/yoast-seo-wordpress\/ -->\n<title>PAINTER HOOD Cagoule de peintre | Arekson Group<\/title>\n<meta name=\"description\" content=\"PAINTER HOOD | Cagoule de Peintre | REF: CH00P4 | SEICAR\" \/>\n<meta name=\"robots\" content=\"index, follow, max-snippet:-1, max-image-preview:large, max-video-preview:-1\" \/>\n<link rel=\"canonical\" href=\"https:\/\/arekson.com\/fr\/producto\/painter-hood-cagoule-de-peintre\/\" \/>\n<meta property=\"og:locale\" content=\"fr_FR\" \/>\n<meta property=\"og:type\" content=\"article\" \/>\n<meta property=\"og:title\" content=\"PAINTER HOOD Cagoule de peintre | Arekson Group\" \/>\n<meta property=\"og:description\" content=\"PAINTER HOOD | Cagoule de Peintre | REF: CH00P4 | SEICAR\" \/>\n<meta property=\"og:url\" content=\"https:\/\/arekson.com\/fr\/producto\/painter-hood-cagoule-de-peintre\/\" \/>\n<meta property=\"og:site_name\" content=\"Arekson Group\" \/>\n<meta property=\"article:modified_time\" content=\"2024-10-14T09:10:31+00:00\" \/>\n<meta property=\"og:image\" content=\"https:\/\/arekson.com\/wp-content\/uploads\/2024\/10\/CH00P4.jpg\" \/>\n\t<meta property=\"og:image:width\" content=\"367\" \/>\n\t<meta property=\"og:image:height\" content=\"454\" \/>\n\t<meta property=\"og:image:type\" content=\"image\/jpeg\" \/>\n<meta name=\"twitter:card\" content=\"summary_large_image\" \/>\n<script type=\"application\/ld+json\" class=\"yoast-schema-graph\">{\"@context\":\"https:\/\/schema.org\",\"@graph\":[{\"@type\":\"WebPage\",\"@id\":\"https:\/\/arekson.com\/fr\/producto\/painter-hood-cagoule-de-peintre\/\",\"url\":\"https:\/\/arekson.com\/fr\/producto\/painter-hood-cagoule-de-peintre\/\",\"name\":\"PAINTER HOOD Cagoule de peintre | Arekson Group\",\"isPartOf\":{\"@id\":\"https:\/\/arekson.com\/fr\/#website\"},\"primaryImageOfPage\":{\"@id\":\"https:\/\/arekson.com\/fr\/producto\/painter-hood-cagoule-de-peintre\/#primaryimage\"},\"image\":{\"@id\":\"https:\/\/arekson.com\/fr\/producto\/painter-hood-cagoule-de-peintre\/#primaryimage\"},\"thumbnailUrl\":\"https:\/\/arekson.com\/wp-content\/uploads\/2024\/10\/CH00P4.jpg\",\"datePublished\":\"2024-10-14T08:46:39+00:00\",\"dateModified\":\"2024-10-14T09:10:31+00:00\",\"description\":\"PAINTER HOOD | Cagoule de Peintre | REF: CH00P4 | SEICAR\",\"breadcrumb\":{\"@id\":\"https:\/\/arekson.com\/fr\/producto\/painter-hood-cagoule-de-peintre\/#breadcrumb\"},\"inLanguage\":\"fr-FR\",\"potentialAction\":[{\"@type\":\"ReadAction\",\"target\":[\"https:\/\/arekson.com\/fr\/producto\/painter-hood-cagoule-de-peintre\/\"]}]},{\"@type\":\"ImageObject\",\"inLanguage\":\"fr-FR\",\"@id\":\"https:\/\/arekson.com\/fr\/producto\/painter-hood-cagoule-de-peintre\/#primaryimage\",\"url\":\"https:\/\/arekson.com\/wp-content\/uploads\/2024\/10\/CH00P4.jpg\",\"contentUrl\":\"https:\/\/arekson.com\/wp-content\/uploads\/2024\/10\/CH00P4.jpg\",\"width\":367,\"height\":454},{\"@type\":\"BreadcrumbList\",\"@id\":\"https:\/\/arekson.com\/fr\/producto\/painter-hood-cagoule-de-peintre\/#breadcrumb\",\"itemListElement\":[{\"@type\":\"ListItem\",\"position\":1,\"name\":\"Home\",\"item\":\"https:\/\/arekson.com\/fr\/\"},{\"@type\":\"ListItem\",\"position\":2,\"name\":\"Produits\",\"item\":\"https:\/\/arekson.com\/fr\/shop\/\"},{\"@type\":\"ListItem\",\"position\":3,\"name\":\"PAINTER HOOD Cagoule de peintre\"}]},{\"@type\":\"WebSite\",\"@id\":\"https:\/\/arekson.com\/fr\/#website\",\"url\":\"https:\/\/arekson.com\/fr\/\",\"name\":\"Arekson Group\",\"description\":\"Marcas Referentes del Automovil Profesional\",\"publisher\":{\"@id\":\"https:\/\/arekson.com\/fr\/#organization\"},\"potentialAction\":[{\"@type\":\"SearchAction\",\"target\":{\"@type\":\"EntryPoint\",\"urlTemplate\":\"https:\/\/arekson.com\/fr\/?s={search_term_string}\"},\"query-input\":{\"@type\":\"PropertyValueSpecification\",\"valueRequired\":true,\"valueName\":\"search_term_string\"}}],\"inLanguage\":\"fr-FR\"},{\"@type\":\"Organization\",\"@id\":\"https:\/\/arekson.com\/fr\/#organization\",\"name\":\"Arekson Group\",\"url\":\"https:\/\/arekson.com\/fr\/\",\"logo\":{\"@type\":\"ImageObject\",\"inLanguage\":\"fr-FR\",\"@id\":\"https:\/\/arekson.com\/fr\/#\/schema\/logo\/image\/\",\"url\":\"https:\/\/arekson.com\/wp-content\/uploads\/2022\/06\/Arekson-Group-Logo-Gris.jpg\",\"contentUrl\":\"https:\/\/arekson.com\/wp-content\/uploads\/2022\/06\/Arekson-Group-Logo-Gris.jpg\",\"width\":174,\"height\":72,\"caption\":\"Arekson Group\"},\"image\":{\"@id\":\"https:\/\/arekson.com\/fr\/#\/schema\/logo\/image\/\"}}]}<\/script>\n<!-- \/ Yoast SEO plugin. -->","yoast_head_json":{"title":"PAINTER HOOD Cagoule de peintre | Arekson Group","description":"PAINTER HOOD | Cagoule de Peintre | REF: CH00P4 | SEICAR","robots":{"index":"index","follow":"follow","max-snippet":"max-snippet:-1","max-image-preview":"max-image-preview:large","max-video-preview":"max-video-preview:-1"},"canonical":"https:\/\/arekson.com\/fr\/producto\/painter-hood-cagoule-de-peintre\/","og_locale":"fr_FR","og_type":"article","og_title":"PAINTER HOOD Cagoule de peintre | Arekson Group","og_description":"PAINTER HOOD | Cagoule de Peintre | REF: CH00P4 | SEICAR","og_url":"https:\/\/arekson.com\/fr\/producto\/painter-hood-cagoule-de-peintre\/","og_site_name":"Arekson Group","article_modified_time":"2024-10-14T09:10:31+00:00","og_image":[{"width":367,"height":454,"url":"https:\/\/arekson.com\/wp-content\/uploads\/2024\/10\/CH00P4.jpg","type":"image\/jpeg"}],"twitter_card":"summary_large_image","schema":{"@context":"https:\/\/schema.org","@graph":[{"@type":"WebPage","@id":"https:\/\/arekson.com\/fr\/producto\/painter-hood-cagoule-de-peintre\/","url":"https:\/\/arekson.com\/fr\/producto\/painter-hood-cagoule-de-peintre\/","name":"PAINTER HOOD Cagoule de peintre | Arekson Group","isPartOf":{"@id":"https:\/\/arekson.com\/fr\/#website"},"primaryImageOfPage":{"@id":"https:\/\/arekson.com\/fr\/producto\/painter-hood-cagoule-de-peintre\/#primaryimage"},"image":{"@id":"https:\/\/arekson.com\/fr\/producto\/painter-hood-cagoule-de-peintre\/#primaryimage"},"thumbnailUrl":"https:\/\/arekson.com\/wp-content\/uploads\/2024\/10\/CH00P4.jpg","datePublished":"2024-10-14T08:46:39+00:00","dateModified":"2024-10-14T09:10:31+00:00","description":"PAINTER HOOD | Cagoule de Peintre | REF: CH00P4 | SEICAR","breadcrumb":{"@id":"https:\/\/arekson.com\/fr\/producto\/painter-hood-cagoule-de-peintre\/#breadcrumb"},"inLanguage":"fr-FR","potentialAction":[{"@type":"ReadAction","target":["https:\/\/arekson.com\/fr\/producto\/painter-hood-cagoule-de-peintre\/"]}]},{"@type":"ImageObject","inLanguage":"fr-FR","@id":"https:\/\/arekson.com\/fr\/producto\/painter-hood-cagoule-de-peintre\/#primaryimage","url":"https:\/\/arekson.com\/wp-content\/uploads\/2024\/10\/CH00P4.jpg","contentUrl":"https:\/\/arekson.com\/wp-content\/uploads\/2024\/10\/CH00P4.jpg","width":367,"height":454},{"@type":"BreadcrumbList","@id":"https:\/\/arekson.com\/fr\/producto\/painter-hood-cagoule-de-peintre\/#breadcrumb","itemListElement":[{"@type":"ListItem","position":1,"name":"Home","item":"https:\/\/arekson.com\/fr\/"},{"@type":"ListItem","position":2,"name":"Produits","item":"https:\/\/arekson.com\/fr\/shop\/"},{"@type":"ListItem","position":3,"name":"PAINTER HOOD Cagoule de peintre"}]},{"@type":"WebSite","@id":"https:\/\/arekson.com\/fr\/#website","url":"https:\/\/arekson.com\/fr\/","name":"Arekson Group","description":"Marcas Referentes del Automovil Profesional","publisher":{"@id":"https:\/\/arekson.com\/fr\/#organization"},"potentialAction":[{"@type":"SearchAction","target":{"@type":"EntryPoint","urlTemplate":"https:\/\/arekson.com\/fr\/?s={search_term_string}"},"query-input":{"@type":"PropertyValueSpecification","valueRequired":true,"valueName":"search_term_string"}}],"inLanguage":"fr-FR"},{"@type":"Organization","@id":"https:\/\/arekson.com\/fr\/#organization","name":"Arekson Group","url":"https:\/\/arekson.com\/fr\/","logo":{"@type":"ImageObject","inLanguage":"fr-FR","@id":"https:\/\/arekson.com\/fr\/#\/schema\/logo\/image\/","url":"https:\/\/arekson.com\/wp-content\/uploads\/2022\/06\/Arekson-Group-Logo-Gris.jpg","contentUrl":"https:\/\/arekson.com\/wp-content\/uploads\/2022\/06\/Arekson-Group-Logo-Gris.jpg","width":174,"height":72,"caption":"Arekson Group"},"image":{"@id":"https:\/\/arekson.com\/fr\/#\/schema\/logo\/image\/"}}]}},"_links":{"self":[{"href":"https:\/\/arekson.com\/fr\/wp-json\/wp\/v2\/product\/29051","targetHints":{"allow":["GET"]}}],"collection":[{"href":"https:\/\/arekson.com\/fr\/wp-json\/wp\/v2\/product"}],"about":[{"href":"https:\/\/arekson.com\/fr\/wp-json\/wp\/v2\/types\/product"}],"wp:featuredmedia":[{"embeddable":true,"href":"https:\/\/arekson.com\/fr\/wp-json\/wp\/v2\/media\/29050"}],"wp:attachment":[{"href":"https:\/\/arekson.com\/fr\/wp-json\/wp\/v2\/media?parent=29051"}],"wp:term":[{"taxonomy":"product_brand","embeddable":true,"href":"https:\/\/arekson.com\/fr\/wp-json\/wp\/v2\/product_brand?post=29051"},{"taxonomy":"product_cat","embeddable":true,"href":"https:\/\/arekson.com\/fr\/wp-json\/wp\/v2\/product_cat?post=29051"},{"taxonomy":"product_tag","embeddable":true,"href":"https:\/\/arekson.com\/fr\/wp-json\/wp\/v2\/product_tag?post=29051"}],"curies":[{"name":"wp","href":"https:\/\/api.w.org\/{rel}","templated":true}]}}