{"id":28679,"date":"2024-06-19T12:48:52","date_gmt":"2024-06-19T10:48:52","guid":{"rendered":"https:\/\/arekson.com\/?post_type=product&#038;p=28679"},"modified":"2025-06-06T11:29:16","modified_gmt":"2025-06-06T09:29:16","slug":"quick-light-spachtelmastic-polyester-light-rapide","status":"publish","type":"product","link":"https:\/\/arekson.com\/fr\/producto\/quick-light-spachtelmastic-polyester-light-rapide\/","title":{"rendered":"<strong><span class=\"nom-corto\">QUICK LIGHT SPACHTEL<\/span><\/strong><br><span class=\"nom-largo\">Mastic polyester light rapide<\/span>"},"content":{"rendered":"<p style=\"text-align: right;\"><a class=\"boton-ficha\" href=\"https:\/\/arekson.com\/wp-content\/uploads\/2022\/06\/JLP0150OR15-PULIDORAS-GOLDSTAR-03.2020.pdf\" target=\"_blank\" rel=\"noopener\">D\u00e9tails Techniques<\/a> <\/p>\n","protected":false},"excerpt":{"rendered":"<p>Mastic polyester Universel de nouvelle g\u00e9n\u00e9ration avec un temps de s\u00e9chage de 10 min \/temp\u00e9rature de l\u2019objet de 20 \u00b0C. Permet de couvrir des surfaces galvanis\u00e9es, \u00e9lectro zingu\u00e9es, en aluminium, en acier et en cuivre. Application tr\u00e8s facile.<\/p>\n","protected":false},"featured_media":28681,"template":"","meta":{"_et_pb_use_builder":"","_et_pb_old_content":"","_et_gb_content_width":""},"product_brand":[],"product_cat":[365,363,1089,1077],"product_tag":[],"class_list":{"0":"post-28679","1":"product","2":"type-product","3":"status-publish","4":"has-post-thumbnail","6":"product_cat-chimiques-csp","7":"product_cat-csp-fr","8":"product_cat-mastic-polyester-csp","9":"product_cat-materiaux-de-fond-csp","10":"pa_ok-csp-fr-ref-951340-beige-pot-13-kg-6-unites","12":"first","13":"instock","14":"purchasable","15":"product-type-variable"},"yoast_head":"<!-- This site is optimized with the Yoast SEO plugin v27.2 - https:\/\/yoast.com\/product\/yoast-seo-wordpress\/ -->\n<title>CSP QUICK LIGHT SPATCHEL Mastic polyester light rapide<\/title>\n<meta name=\"description\" content=\"QUICK LIGHT SPATCHEL Multi polyester light rapide MASTIC POLYESTER LIGHT REF: 951340 CSP\" \/>\n<meta name=\"robots\" content=\"index, follow, max-snippet:-1, max-image-preview:large, max-video-preview:-1\" \/>\n<link rel=\"canonical\" href=\"https:\/\/arekson.com\/fr\/producto\/quick-light-spachtelmastic-polyester-light-rapide\/\" \/>\n<meta property=\"og:locale\" content=\"fr_FR\" \/>\n<meta property=\"og:type\" content=\"article\" \/>\n<meta property=\"og:title\" content=\"CSP QUICK LIGHT SPATCHEL Mastic polyester light rapide\" \/>\n<meta property=\"og:description\" content=\"QUICK LIGHT SPATCHEL Multi polyester light rapide MASTIC POLYESTER LIGHT REF: 951340 CSP\" \/>\n<meta property=\"og:url\" content=\"https:\/\/arekson.com\/fr\/producto\/quick-light-spachtelmastic-polyester-light-rapide\/\" \/>\n<meta property=\"og:site_name\" content=\"Arekson Group\" \/>\n<meta property=\"article:modified_time\" content=\"2025-06-06T09:29:16+00:00\" \/>\n<meta property=\"og:image\" content=\"https:\/\/arekson.com\/wp-content\/uploads\/2024\/06\/951340-quick-Light.png\" \/>\n\t<meta property=\"og:image:width\" content=\"800\" \/>\n\t<meta property=\"og:image:height\" content=\"800\" \/>\n\t<meta property=\"og:image:type\" content=\"image\/png\" \/>\n<meta name=\"twitter:card\" content=\"summary_large_image\" \/>\n<script type=\"application\/ld+json\" class=\"yoast-schema-graph\">{\"@context\":\"https:\/\/schema.org\",\"@graph\":[{\"@type\":\"WebPage\",\"@id\":\"https:\/\/arekson.com\/fr\/producto\/quick-light-spachtelmastic-polyester-light-rapide\/\",\"url\":\"https:\/\/arekson.com\/fr\/producto\/quick-light-spachtelmastic-polyester-light-rapide\/\",\"name\":\"CSP QUICK LIGHT SPATCHEL Mastic polyester light rapide\",\"isPartOf\":{\"@id\":\"https:\/\/arekson.com\/fr\/#website\"},\"primaryImageOfPage\":{\"@id\":\"https:\/\/arekson.com\/fr\/producto\/quick-light-spachtelmastic-polyester-light-rapide\/#primaryimage\"},\"image\":{\"@id\":\"https:\/\/arekson.com\/fr\/producto\/quick-light-spachtelmastic-polyester-light-rapide\/#primaryimage\"},\"thumbnailUrl\":\"https:\/\/arekson.com\/wp-content\/uploads\/2024\/06\/951340-quick-Light.png\",\"datePublished\":\"2024-06-19T10:48:52+00:00\",\"dateModified\":\"2025-06-06T09:29:16+00:00\",\"description\":\"QUICK LIGHT SPATCHEL Multi polyester light rapide MASTIC POLYESTER LIGHT REF: 951340 CSP\",\"breadcrumb\":{\"@id\":\"https:\/\/arekson.com\/fr\/producto\/quick-light-spachtelmastic-polyester-light-rapide\/#breadcrumb\"},\"inLanguage\":\"fr-FR\",\"potentialAction\":[{\"@type\":\"ReadAction\",\"target\":[\"https:\/\/arekson.com\/fr\/producto\/quick-light-spachtelmastic-polyester-light-rapide\/\"]}]},{\"@type\":\"ImageObject\",\"inLanguage\":\"fr-FR\",\"@id\":\"https:\/\/arekson.com\/fr\/producto\/quick-light-spachtelmastic-polyester-light-rapide\/#primaryimage\",\"url\":\"https:\/\/arekson.com\/wp-content\/uploads\/2024\/06\/951340-quick-Light.png\",\"contentUrl\":\"https:\/\/arekson.com\/wp-content\/uploads\/2024\/06\/951340-quick-Light.png\",\"width\":800,\"height\":800},{\"@type\":\"BreadcrumbList\",\"@id\":\"https:\/\/arekson.com\/fr\/producto\/quick-light-spachtelmastic-polyester-light-rapide\/#breadcrumb\",\"itemListElement\":[{\"@type\":\"ListItem\",\"position\":1,\"name\":\"Home\",\"item\":\"https:\/\/arekson.com\/fr\/\"},{\"@type\":\"ListItem\",\"position\":2,\"name\":\"Produits\",\"item\":\"https:\/\/arekson.com\/fr\/shop\/\"},{\"@type\":\"ListItem\",\"position\":3,\"name\":\"QUICK LIGHT SPACHTELMastic polyester light rapide\"}]},{\"@type\":\"WebSite\",\"@id\":\"https:\/\/arekson.com\/fr\/#website\",\"url\":\"https:\/\/arekson.com\/fr\/\",\"name\":\"Arekson Group\",\"description\":\"Marcas Referentes del Automovil Profesional\",\"publisher\":{\"@id\":\"https:\/\/arekson.com\/fr\/#organization\"},\"potentialAction\":[{\"@type\":\"SearchAction\",\"target\":{\"@type\":\"EntryPoint\",\"urlTemplate\":\"https:\/\/arekson.com\/fr\/?s={search_term_string}\"},\"query-input\":{\"@type\":\"PropertyValueSpecification\",\"valueRequired\":true,\"valueName\":\"search_term_string\"}}],\"inLanguage\":\"fr-FR\"},{\"@type\":\"Organization\",\"@id\":\"https:\/\/arekson.com\/fr\/#organization\",\"name\":\"Arekson Group\",\"url\":\"https:\/\/arekson.com\/fr\/\",\"logo\":{\"@type\":\"ImageObject\",\"inLanguage\":\"fr-FR\",\"@id\":\"https:\/\/arekson.com\/fr\/#\/schema\/logo\/image\/\",\"url\":\"https:\/\/arekson.com\/wp-content\/uploads\/2022\/06\/Arekson-Group-Logo-Gris.jpg\",\"contentUrl\":\"https:\/\/arekson.com\/wp-content\/uploads\/2022\/06\/Arekson-Group-Logo-Gris.jpg\",\"width\":174,\"height\":72,\"caption\":\"Arekson Group\"},\"image\":{\"@id\":\"https:\/\/arekson.com\/fr\/#\/schema\/logo\/image\/\"}}]}<\/script>\n<!-- \/ Yoast SEO plugin. -->","yoast_head_json":{"title":"CSP QUICK LIGHT SPATCHEL Mastic polyester light rapide","description":"QUICK LIGHT SPATCHEL Multi polyester light rapide MASTIC POLYESTER LIGHT REF: 951340 CSP","robots":{"index":"index","follow":"follow","max-snippet":"max-snippet:-1","max-image-preview":"max-image-preview:large","max-video-preview":"max-video-preview:-1"},"canonical":"https:\/\/arekson.com\/fr\/producto\/quick-light-spachtelmastic-polyester-light-rapide\/","og_locale":"fr_FR","og_type":"article","og_title":"CSP QUICK LIGHT SPATCHEL Mastic polyester light rapide","og_description":"QUICK LIGHT SPATCHEL Multi polyester light rapide MASTIC POLYESTER LIGHT REF: 951340 CSP","og_url":"https:\/\/arekson.com\/fr\/producto\/quick-light-spachtelmastic-polyester-light-rapide\/","og_site_name":"Arekson Group","article_modified_time":"2025-06-06T09:29:16+00:00","og_image":[{"width":800,"height":800,"url":"https:\/\/arekson.com\/wp-content\/uploads\/2024\/06\/951340-quick-Light.png","type":"image\/png"}],"twitter_card":"summary_large_image","schema":{"@context":"https:\/\/schema.org","@graph":[{"@type":"WebPage","@id":"https:\/\/arekson.com\/fr\/producto\/quick-light-spachtelmastic-polyester-light-rapide\/","url":"https:\/\/arekson.com\/fr\/producto\/quick-light-spachtelmastic-polyester-light-rapide\/","name":"CSP QUICK LIGHT SPATCHEL Mastic polyester light rapide","isPartOf":{"@id":"https:\/\/arekson.com\/fr\/#website"},"primaryImageOfPage":{"@id":"https:\/\/arekson.com\/fr\/producto\/quick-light-spachtelmastic-polyester-light-rapide\/#primaryimage"},"image":{"@id":"https:\/\/arekson.com\/fr\/producto\/quick-light-spachtelmastic-polyester-light-rapide\/#primaryimage"},"thumbnailUrl":"https:\/\/arekson.com\/wp-content\/uploads\/2024\/06\/951340-quick-Light.png","datePublished":"2024-06-19T10:48:52+00:00","dateModified":"2025-06-06T09:29:16+00:00","description":"QUICK LIGHT SPATCHEL Multi polyester light rapide MASTIC POLYESTER LIGHT REF: 951340 CSP","breadcrumb":{"@id":"https:\/\/arekson.com\/fr\/producto\/quick-light-spachtelmastic-polyester-light-rapide\/#breadcrumb"},"inLanguage":"fr-FR","potentialAction":[{"@type":"ReadAction","target":["https:\/\/arekson.com\/fr\/producto\/quick-light-spachtelmastic-polyester-light-rapide\/"]}]},{"@type":"ImageObject","inLanguage":"fr-FR","@id":"https:\/\/arekson.com\/fr\/producto\/quick-light-spachtelmastic-polyester-light-rapide\/#primaryimage","url":"https:\/\/arekson.com\/wp-content\/uploads\/2024\/06\/951340-quick-Light.png","contentUrl":"https:\/\/arekson.com\/wp-content\/uploads\/2024\/06\/951340-quick-Light.png","width":800,"height":800},{"@type":"BreadcrumbList","@id":"https:\/\/arekson.com\/fr\/producto\/quick-light-spachtelmastic-polyester-light-rapide\/#breadcrumb","itemListElement":[{"@type":"ListItem","position":1,"name":"Home","item":"https:\/\/arekson.com\/fr\/"},{"@type":"ListItem","position":2,"name":"Produits","item":"https:\/\/arekson.com\/fr\/shop\/"},{"@type":"ListItem","position":3,"name":"QUICK LIGHT SPACHTELMastic polyester light rapide"}]},{"@type":"WebSite","@id":"https:\/\/arekson.com\/fr\/#website","url":"https:\/\/arekson.com\/fr\/","name":"Arekson Group","description":"Marcas Referentes del Automovil Profesional","publisher":{"@id":"https:\/\/arekson.com\/fr\/#organization"},"potentialAction":[{"@type":"SearchAction","target":{"@type":"EntryPoint","urlTemplate":"https:\/\/arekson.com\/fr\/?s={search_term_string}"},"query-input":{"@type":"PropertyValueSpecification","valueRequired":true,"valueName":"search_term_string"}}],"inLanguage":"fr-FR"},{"@type":"Organization","@id":"https:\/\/arekson.com\/fr\/#organization","name":"Arekson Group","url":"https:\/\/arekson.com\/fr\/","logo":{"@type":"ImageObject","inLanguage":"fr-FR","@id":"https:\/\/arekson.com\/fr\/#\/schema\/logo\/image\/","url":"https:\/\/arekson.com\/wp-content\/uploads\/2022\/06\/Arekson-Group-Logo-Gris.jpg","contentUrl":"https:\/\/arekson.com\/wp-content\/uploads\/2022\/06\/Arekson-Group-Logo-Gris.jpg","width":174,"height":72,"caption":"Arekson Group"},"image":{"@id":"https:\/\/arekson.com\/fr\/#\/schema\/logo\/image\/"}}]}},"_links":{"self":[{"href":"https:\/\/arekson.com\/fr\/wp-json\/wp\/v2\/product\/28679","targetHints":{"allow":["GET"]}}],"collection":[{"href":"https:\/\/arekson.com\/fr\/wp-json\/wp\/v2\/product"}],"about":[{"href":"https:\/\/arekson.com\/fr\/wp-json\/wp\/v2\/types\/product"}],"wp:featuredmedia":[{"embeddable":true,"href":"https:\/\/arekson.com\/fr\/wp-json\/wp\/v2\/media\/28681"}],"wp:attachment":[{"href":"https:\/\/arekson.com\/fr\/wp-json\/wp\/v2\/media?parent=28679"}],"wp:term":[{"taxonomy":"product_brand","embeddable":true,"href":"https:\/\/arekson.com\/fr\/wp-json\/wp\/v2\/product_brand?post=28679"},{"taxonomy":"product_cat","embeddable":true,"href":"https:\/\/arekson.com\/fr\/wp-json\/wp\/v2\/product_cat?post=28679"},{"taxonomy":"product_tag","embeddable":true,"href":"https:\/\/arekson.com\/fr\/wp-json\/wp\/v2\/product_tag?post=28679"}],"curies":[{"name":"wp","href":"https:\/\/api.w.org\/{rel}","templated":true}]}}