{"id":28674,"date":"2024-06-19T12:36:20","date_gmt":"2024-06-19T10:36:20","guid":{"rendered":"https:\/\/arekson.com\/?post_type=product&#038;p=28674"},"modified":"2024-06-19T12:37:50","modified_gmt":"2024-06-19T10:37:50","slug":"csp-steelmastic-etain","status":"publish","type":"product","link":"https:\/\/arekson.com\/fr\/producto\/csp-steelmastic-etain\/","title":{"rendered":"<strong><span class=\"nom-corto\">STEEL<\/span><\/strong><br><span class=\"nom-largo\">Mastic \u00c9tain <\/span>"},"content":{"rendered":"","protected":false},"excerpt":{"rendered":"<p>Mastic \u00e9tain v\u00e9ritable. Souple, l\u00e9ger. Adh\u00e9rence universelle sur tout type de m\u00e9taux (aluminium et t\u00f4le galvanis\u00e9e).<br \/>\nTr\u00e8s dur et r\u00e9sistant, peut \u00eatre perc\u00e9 et viss\u00e9. Inalt\u00e9rable aux hydrocarbures et \u00e0 certains acides.<br \/>\nR\u00e9sistant \u00e0 500\u00ba C. Utilis\u00e9 pour carrosserie, chemin de fer, industrie et aviation.<\/p>\n","protected":false},"featured_media":28676,"template":"","meta":{"_et_pb_use_builder":"","_et_pb_old_content":"","_et_gb_content_width":""},"product_brand":[],"product_cat":[365,363,1089,1077],"product_tag":[],"class_list":{"0":"post-28674","1":"product","2":"type-product","3":"status-publish","4":"has-post-thumbnail","6":"product_cat-chimiques-csp","7":"product_cat-csp-fr","8":"product_cat-mastic-polyester-csp","9":"product_cat-materiaux-de-fond-csp","10":"pa_ok-csp-fr-ref-951219-etain-pot-1-lt-12-unites","12":"first","13":"instock","14":"shipping-taxable","15":"purchasable","16":"product-type-variable"},"yoast_head":"<!-- This site is optimized with the Yoast SEO plugin v27.2 - https:\/\/yoast.com\/product\/yoast-seo-wordpress\/ -->\n<title>CSP | STEEL | Ref. 951219 | Mastic \u00c9tain<\/title>\n<meta name=\"description\" content=\"Arekson Group | CIMIQUES | MATERIAUX DE FONDES | MASTIC POLYESTER | Steel | Ref. 951219\" \/>\n<meta name=\"robots\" content=\"index, follow, max-snippet:-1, max-image-preview:large, max-video-preview:-1\" \/>\n<link rel=\"canonical\" href=\"https:\/\/arekson.com\/fr\/producto\/csp-steelmastic-etain\/\" \/>\n<meta property=\"og:locale\" content=\"fr_FR\" \/>\n<meta property=\"og:type\" content=\"article\" \/>\n<meta property=\"og:title\" content=\"CSP | STEEL | Ref. 951219 | Mastic \u00c9tain\" \/>\n<meta property=\"og:description\" content=\"Arekson Group | CIMIQUES | MATERIAUX DE FONDES | MASTIC POLYESTER | Steel | Ref. 951219\" \/>\n<meta property=\"og:url\" content=\"https:\/\/arekson.com\/fr\/producto\/csp-steelmastic-etain\/\" \/>\n<meta property=\"og:site_name\" content=\"Arekson Group\" \/>\n<meta property=\"article:modified_time\" content=\"2024-06-19T10:37:50+00:00\" \/>\n<meta property=\"og:image\" content=\"https:\/\/arekson.com\/wp-content\/uploads\/2024\/06\/951219-Steel.jpg\" \/>\n\t<meta property=\"og:image:width\" content=\"800\" \/>\n\t<meta property=\"og:image:height\" content=\"800\" \/>\n\t<meta property=\"og:image:type\" content=\"image\/jpeg\" \/>\n<meta name=\"twitter:card\" content=\"summary_large_image\" \/>\n<script type=\"application\/ld+json\" class=\"yoast-schema-graph\">{\"@context\":\"https:\/\/schema.org\",\"@graph\":[{\"@type\":\"WebPage\",\"@id\":\"https:\/\/arekson.com\/fr\/producto\/csp-steelmastic-etain\/\",\"url\":\"https:\/\/arekson.com\/fr\/producto\/csp-steelmastic-etain\/\",\"name\":\"CSP | STEEL | Ref. 951219 | Mastic \u00c9tain\",\"isPartOf\":{\"@id\":\"https:\/\/arekson.com\/fr\/#website\"},\"primaryImageOfPage\":{\"@id\":\"https:\/\/arekson.com\/fr\/producto\/csp-steelmastic-etain\/#primaryimage\"},\"image\":{\"@id\":\"https:\/\/arekson.com\/fr\/producto\/csp-steelmastic-etain\/#primaryimage\"},\"thumbnailUrl\":\"https:\/\/arekson.com\/wp-content\/uploads\/2024\/06\/951219-Steel.jpg\",\"datePublished\":\"2024-06-19T10:36:20+00:00\",\"dateModified\":\"2024-06-19T10:37:50+00:00\",\"description\":\"Arekson Group | CIMIQUES | MATERIAUX DE FONDES | MASTIC POLYESTER | Steel | Ref. 951219\",\"breadcrumb\":{\"@id\":\"https:\/\/arekson.com\/fr\/producto\/csp-steelmastic-etain\/#breadcrumb\"},\"inLanguage\":\"fr-FR\",\"potentialAction\":[{\"@type\":\"ReadAction\",\"target\":[\"https:\/\/arekson.com\/fr\/producto\/csp-steelmastic-etain\/\"]}]},{\"@type\":\"ImageObject\",\"inLanguage\":\"fr-FR\",\"@id\":\"https:\/\/arekson.com\/fr\/producto\/csp-steelmastic-etain\/#primaryimage\",\"url\":\"https:\/\/arekson.com\/wp-content\/uploads\/2024\/06\/951219-Steel.jpg\",\"contentUrl\":\"https:\/\/arekson.com\/wp-content\/uploads\/2024\/06\/951219-Steel.jpg\",\"width\":800,\"height\":800},{\"@type\":\"BreadcrumbList\",\"@id\":\"https:\/\/arekson.com\/fr\/producto\/csp-steelmastic-etain\/#breadcrumb\",\"itemListElement\":[{\"@type\":\"ListItem\",\"position\":1,\"name\":\"Home\",\"item\":\"https:\/\/arekson.com\/fr\/\"},{\"@type\":\"ListItem\",\"position\":2,\"name\":\"Produits\",\"item\":\"https:\/\/arekson.com\/fr\/shop\/\"},{\"@type\":\"ListItem\",\"position\":3,\"name\":\"STEELMastic \u00c9tain\"}]},{\"@type\":\"WebSite\",\"@id\":\"https:\/\/arekson.com\/fr\/#website\",\"url\":\"https:\/\/arekson.com\/fr\/\",\"name\":\"Arekson Group\",\"description\":\"Marcas Referentes del Automovil Profesional\",\"publisher\":{\"@id\":\"https:\/\/arekson.com\/fr\/#organization\"},\"potentialAction\":[{\"@type\":\"SearchAction\",\"target\":{\"@type\":\"EntryPoint\",\"urlTemplate\":\"https:\/\/arekson.com\/fr\/?s={search_term_string}\"},\"query-input\":{\"@type\":\"PropertyValueSpecification\",\"valueRequired\":true,\"valueName\":\"search_term_string\"}}],\"inLanguage\":\"fr-FR\"},{\"@type\":\"Organization\",\"@id\":\"https:\/\/arekson.com\/fr\/#organization\",\"name\":\"Arekson Group\",\"url\":\"https:\/\/arekson.com\/fr\/\",\"logo\":{\"@type\":\"ImageObject\",\"inLanguage\":\"fr-FR\",\"@id\":\"https:\/\/arekson.com\/fr\/#\/schema\/logo\/image\/\",\"url\":\"https:\/\/arekson.com\/wp-content\/uploads\/2022\/06\/Arekson-Group-Logo-Gris.jpg\",\"contentUrl\":\"https:\/\/arekson.com\/wp-content\/uploads\/2022\/06\/Arekson-Group-Logo-Gris.jpg\",\"width\":174,\"height\":72,\"caption\":\"Arekson Group\"},\"image\":{\"@id\":\"https:\/\/arekson.com\/fr\/#\/schema\/logo\/image\/\"}}]}<\/script>\n<!-- \/ Yoast SEO plugin. -->","yoast_head_json":{"title":"CSP | STEEL | Ref. 951219 | Mastic \u00c9tain","description":"Arekson Group | CIMIQUES | MATERIAUX DE FONDES | MASTIC POLYESTER | Steel | Ref. 951219","robots":{"index":"index","follow":"follow","max-snippet":"max-snippet:-1","max-image-preview":"max-image-preview:large","max-video-preview":"max-video-preview:-1"},"canonical":"https:\/\/arekson.com\/fr\/producto\/csp-steelmastic-etain\/","og_locale":"fr_FR","og_type":"article","og_title":"CSP | STEEL | Ref. 951219 | Mastic \u00c9tain","og_description":"Arekson Group | CIMIQUES | MATERIAUX DE FONDES | MASTIC POLYESTER | Steel | Ref. 951219","og_url":"https:\/\/arekson.com\/fr\/producto\/csp-steelmastic-etain\/","og_site_name":"Arekson Group","article_modified_time":"2024-06-19T10:37:50+00:00","og_image":[{"width":800,"height":800,"url":"https:\/\/arekson.com\/wp-content\/uploads\/2024\/06\/951219-Steel.jpg","type":"image\/jpeg"}],"twitter_card":"summary_large_image","schema":{"@context":"https:\/\/schema.org","@graph":[{"@type":"WebPage","@id":"https:\/\/arekson.com\/fr\/producto\/csp-steelmastic-etain\/","url":"https:\/\/arekson.com\/fr\/producto\/csp-steelmastic-etain\/","name":"CSP | STEEL | Ref. 951219 | Mastic \u00c9tain","isPartOf":{"@id":"https:\/\/arekson.com\/fr\/#website"},"primaryImageOfPage":{"@id":"https:\/\/arekson.com\/fr\/producto\/csp-steelmastic-etain\/#primaryimage"},"image":{"@id":"https:\/\/arekson.com\/fr\/producto\/csp-steelmastic-etain\/#primaryimage"},"thumbnailUrl":"https:\/\/arekson.com\/wp-content\/uploads\/2024\/06\/951219-Steel.jpg","datePublished":"2024-06-19T10:36:20+00:00","dateModified":"2024-06-19T10:37:50+00:00","description":"Arekson Group | CIMIQUES | MATERIAUX DE FONDES | MASTIC POLYESTER | Steel | Ref. 951219","breadcrumb":{"@id":"https:\/\/arekson.com\/fr\/producto\/csp-steelmastic-etain\/#breadcrumb"},"inLanguage":"fr-FR","potentialAction":[{"@type":"ReadAction","target":["https:\/\/arekson.com\/fr\/producto\/csp-steelmastic-etain\/"]}]},{"@type":"ImageObject","inLanguage":"fr-FR","@id":"https:\/\/arekson.com\/fr\/producto\/csp-steelmastic-etain\/#primaryimage","url":"https:\/\/arekson.com\/wp-content\/uploads\/2024\/06\/951219-Steel.jpg","contentUrl":"https:\/\/arekson.com\/wp-content\/uploads\/2024\/06\/951219-Steel.jpg","width":800,"height":800},{"@type":"BreadcrumbList","@id":"https:\/\/arekson.com\/fr\/producto\/csp-steelmastic-etain\/#breadcrumb","itemListElement":[{"@type":"ListItem","position":1,"name":"Home","item":"https:\/\/arekson.com\/fr\/"},{"@type":"ListItem","position":2,"name":"Produits","item":"https:\/\/arekson.com\/fr\/shop\/"},{"@type":"ListItem","position":3,"name":"STEELMastic \u00c9tain"}]},{"@type":"WebSite","@id":"https:\/\/arekson.com\/fr\/#website","url":"https:\/\/arekson.com\/fr\/","name":"Arekson Group","description":"Marcas Referentes del Automovil Profesional","publisher":{"@id":"https:\/\/arekson.com\/fr\/#organization"},"potentialAction":[{"@type":"SearchAction","target":{"@type":"EntryPoint","urlTemplate":"https:\/\/arekson.com\/fr\/?s={search_term_string}"},"query-input":{"@type":"PropertyValueSpecification","valueRequired":true,"valueName":"search_term_string"}}],"inLanguage":"fr-FR"},{"@type":"Organization","@id":"https:\/\/arekson.com\/fr\/#organization","name":"Arekson Group","url":"https:\/\/arekson.com\/fr\/","logo":{"@type":"ImageObject","inLanguage":"fr-FR","@id":"https:\/\/arekson.com\/fr\/#\/schema\/logo\/image\/","url":"https:\/\/arekson.com\/wp-content\/uploads\/2022\/06\/Arekson-Group-Logo-Gris.jpg","contentUrl":"https:\/\/arekson.com\/wp-content\/uploads\/2022\/06\/Arekson-Group-Logo-Gris.jpg","width":174,"height":72,"caption":"Arekson Group"},"image":{"@id":"https:\/\/arekson.com\/fr\/#\/schema\/logo\/image\/"}}]}},"_links":{"self":[{"href":"https:\/\/arekson.com\/fr\/wp-json\/wp\/v2\/product\/28674","targetHints":{"allow":["GET"]}}],"collection":[{"href":"https:\/\/arekson.com\/fr\/wp-json\/wp\/v2\/product"}],"about":[{"href":"https:\/\/arekson.com\/fr\/wp-json\/wp\/v2\/types\/product"}],"wp:featuredmedia":[{"embeddable":true,"href":"https:\/\/arekson.com\/fr\/wp-json\/wp\/v2\/media\/28676"}],"wp:attachment":[{"href":"https:\/\/arekson.com\/fr\/wp-json\/wp\/v2\/media?parent=28674"}],"wp:term":[{"taxonomy":"product_brand","embeddable":true,"href":"https:\/\/arekson.com\/fr\/wp-json\/wp\/v2\/product_brand?post=28674"},{"taxonomy":"product_cat","embeddable":true,"href":"https:\/\/arekson.com\/fr\/wp-json\/wp\/v2\/product_cat?post=28674"},{"taxonomy":"product_tag","embeddable":true,"href":"https:\/\/arekson.com\/fr\/wp-json\/wp\/v2\/product_tag?post=28674"}],"curies":[{"name":"wp","href":"https:\/\/api.w.org\/{rel}","templated":true}]}}