{"id":28590,"date":"2024-05-30T15:47:16","date_gmt":"2024-05-30T13:47:16","guid":{"rendered":"https:\/\/arekson.com\/?post_type=product&#038;p=28590"},"modified":"2024-05-30T17:04:44","modified_gmt":"2024-05-30T15:04:44","slug":"paper-strainer-eco-filtre-a-papier","status":"publish","type":"product","link":"https:\/\/arekson.com\/fr\/producto\/paper-strainer-eco-filtre-a-papier\/","title":{"rendered":"<strong><span class=\"nom-corto\">PAPER STRAINER ECO <\/span><\/strong><br><span class=\"nom-largo\"> Filtre \u00e0 papier<\/span>"},"content":{"rendered":"","protected":false},"excerpt":{"rendered":"<p>Filtre \u00e9conomique en papier avec filtre en nylon pour filtrer les appr\u00eats, les charges, les peintures, les vernis, etc. des impuret\u00e9s.<br \/>\nDisponible en 125\u00b5 et 190\u00b5. Jetable.<\/p>\n","protected":false},"featured_media":28572,"template":"","meta":{"_et_pb_use_builder":"","_et_pb_old_content":"","_et_gb_content_width":""},"product_brand":[],"product_cat":[367,363,998,1000],"product_tag":[],"class_list":{"0":"post-28590","1":"product","2":"type-product","3":"status-publish","4":"has-post-thumbnail","6":"product_cat-auxiliaires-csp","7":"product_cat-csp-fr","8":"product_cat-outillage-et-consommables-csp","9":"product_cat-passoires-csp","10":"pa_ok-csp-fr-ref-951344-boite-190-1000","11":"pa_ok-csp-fr-ref-951345-boite-125-1000-unites","13":"first","14":"instock","15":"shipping-taxable","16":"purchasable","17":"product-type-variable"},"yoast_head":"<!-- This site is optimized with the Yoast SEO plugin v27.2 - https:\/\/yoast.com\/product\/yoast-seo-wordpress\/ -->\n<title>CSP | FILTRE A PAPIER ECO | Filtre \u00e0 papier<\/title>\n<meta name=\"description\" content=\"PAPER STRAINER ECO | Filtre \u00e0 papier | OUTILS ET CONSOMMABLES | FILTRES | REF: 951344 ref. 951345 | CSP\" \/>\n<meta name=\"robots\" content=\"index, follow, max-snippet:-1, max-image-preview:large, max-video-preview:-1\" \/>\n<link rel=\"canonical\" href=\"https:\/\/arekson.com\/fr\/producto\/paper-strainer-eco-filtre-a-papier\/\" \/>\n<meta property=\"og:locale\" content=\"fr_FR\" \/>\n<meta property=\"og:type\" content=\"article\" \/>\n<meta property=\"og:title\" content=\"CSP | FILTRE A PAPIER ECO | Filtre \u00e0 papier\" \/>\n<meta property=\"og:description\" content=\"PAPER STRAINER ECO | Filtre \u00e0 papier | OUTILS ET CONSOMMABLES | FILTRES | REF: 951344 ref. 951345 | CSP\" \/>\n<meta property=\"og:url\" content=\"https:\/\/arekson.com\/fr\/producto\/paper-strainer-eco-filtre-a-papier\/\" \/>\n<meta property=\"og:site_name\" content=\"Arekson Group\" \/>\n<meta property=\"article:modified_time\" content=\"2024-05-30T15:04:44+00:00\" \/>\n<meta property=\"og:image\" content=\"https:\/\/arekson.com\/wp-content\/uploads\/2024\/05\/CO0007_CO0008_fondo.png\" \/>\n\t<meta property=\"og:image:width\" content=\"800\" \/>\n\t<meta property=\"og:image:height\" content=\"800\" \/>\n\t<meta property=\"og:image:type\" content=\"image\/png\" \/>\n<meta name=\"twitter:card\" content=\"summary_large_image\" \/>\n<script type=\"application\/ld+json\" class=\"yoast-schema-graph\">{\"@context\":\"https:\/\/schema.org\",\"@graph\":[{\"@type\":\"WebPage\",\"@id\":\"https:\/\/arekson.com\/fr\/producto\/paper-strainer-eco-filtre-a-papier\/\",\"url\":\"https:\/\/arekson.com\/fr\/producto\/paper-strainer-eco-filtre-a-papier\/\",\"name\":\"CSP | FILTRE A PAPIER ECO | Filtre \u00e0 papier\",\"isPartOf\":{\"@id\":\"https:\/\/arekson.com\/fr\/#website\"},\"primaryImageOfPage\":{\"@id\":\"https:\/\/arekson.com\/fr\/producto\/paper-strainer-eco-filtre-a-papier\/#primaryimage\"},\"image\":{\"@id\":\"https:\/\/arekson.com\/fr\/producto\/paper-strainer-eco-filtre-a-papier\/#primaryimage\"},\"thumbnailUrl\":\"https:\/\/arekson.com\/wp-content\/uploads\/2024\/05\/CO0007_CO0008_fondo.png\",\"datePublished\":\"2024-05-30T13:47:16+00:00\",\"dateModified\":\"2024-05-30T15:04:44+00:00\",\"description\":\"PAPER STRAINER ECO | Filtre \u00e0 papier | OUTILS ET CONSOMMABLES | FILTRES | REF: 951344 ref. 951345 | CSP\",\"breadcrumb\":{\"@id\":\"https:\/\/arekson.com\/fr\/producto\/paper-strainer-eco-filtre-a-papier\/#breadcrumb\"},\"inLanguage\":\"fr-FR\",\"potentialAction\":[{\"@type\":\"ReadAction\",\"target\":[\"https:\/\/arekson.com\/fr\/producto\/paper-strainer-eco-filtre-a-papier\/\"]}]},{\"@type\":\"ImageObject\",\"inLanguage\":\"fr-FR\",\"@id\":\"https:\/\/arekson.com\/fr\/producto\/paper-strainer-eco-filtre-a-papier\/#primaryimage\",\"url\":\"https:\/\/arekson.com\/wp-content\/uploads\/2024\/05\/CO0007_CO0008_fondo.png\",\"contentUrl\":\"https:\/\/arekson.com\/wp-content\/uploads\/2024\/05\/CO0007_CO0008_fondo.png\",\"width\":800,\"height\":800,\"caption\":\"PAPER STRAINER ECO\"},{\"@type\":\"BreadcrumbList\",\"@id\":\"https:\/\/arekson.com\/fr\/producto\/paper-strainer-eco-filtre-a-papier\/#breadcrumb\",\"itemListElement\":[{\"@type\":\"ListItem\",\"position\":1,\"name\":\"Home\",\"item\":\"https:\/\/arekson.com\/fr\/\"},{\"@type\":\"ListItem\",\"position\":2,\"name\":\"Produits\",\"item\":\"https:\/\/arekson.com\/fr\/shop\/\"},{\"@type\":\"ListItem\",\"position\":3,\"name\":\"PAPER STRAINER ECO Filtre \u00e0 papier\"}]},{\"@type\":\"WebSite\",\"@id\":\"https:\/\/arekson.com\/fr\/#website\",\"url\":\"https:\/\/arekson.com\/fr\/\",\"name\":\"Arekson Group\",\"description\":\"Marcas Referentes del Automovil Profesional\",\"publisher\":{\"@id\":\"https:\/\/arekson.com\/fr\/#organization\"},\"potentialAction\":[{\"@type\":\"SearchAction\",\"target\":{\"@type\":\"EntryPoint\",\"urlTemplate\":\"https:\/\/arekson.com\/fr\/?s={search_term_string}\"},\"query-input\":{\"@type\":\"PropertyValueSpecification\",\"valueRequired\":true,\"valueName\":\"search_term_string\"}}],\"inLanguage\":\"fr-FR\"},{\"@type\":\"Organization\",\"@id\":\"https:\/\/arekson.com\/fr\/#organization\",\"name\":\"Arekson Group\",\"url\":\"https:\/\/arekson.com\/fr\/\",\"logo\":{\"@type\":\"ImageObject\",\"inLanguage\":\"fr-FR\",\"@id\":\"https:\/\/arekson.com\/fr\/#\/schema\/logo\/image\/\",\"url\":\"https:\/\/arekson.com\/wp-content\/uploads\/2022\/06\/Arekson-Group-Logo-Gris.jpg\",\"contentUrl\":\"https:\/\/arekson.com\/wp-content\/uploads\/2022\/06\/Arekson-Group-Logo-Gris.jpg\",\"width\":174,\"height\":72,\"caption\":\"Arekson Group\"},\"image\":{\"@id\":\"https:\/\/arekson.com\/fr\/#\/schema\/logo\/image\/\"}}]}<\/script>\n<!-- \/ Yoast SEO plugin. -->","yoast_head_json":{"title":"CSP | FILTRE A PAPIER ECO | Filtre \u00e0 papier","description":"PAPER STRAINER ECO | Filtre \u00e0 papier | OUTILS ET CONSOMMABLES | FILTRES | REF: 951344 ref. 951345 | CSP","robots":{"index":"index","follow":"follow","max-snippet":"max-snippet:-1","max-image-preview":"max-image-preview:large","max-video-preview":"max-video-preview:-1"},"canonical":"https:\/\/arekson.com\/fr\/producto\/paper-strainer-eco-filtre-a-papier\/","og_locale":"fr_FR","og_type":"article","og_title":"CSP | FILTRE A PAPIER ECO | Filtre \u00e0 papier","og_description":"PAPER STRAINER ECO | Filtre \u00e0 papier | OUTILS ET CONSOMMABLES | FILTRES | REF: 951344 ref. 951345 | CSP","og_url":"https:\/\/arekson.com\/fr\/producto\/paper-strainer-eco-filtre-a-papier\/","og_site_name":"Arekson Group","article_modified_time":"2024-05-30T15:04:44+00:00","og_image":[{"width":800,"height":800,"url":"https:\/\/arekson.com\/wp-content\/uploads\/2024\/05\/CO0007_CO0008_fondo.png","type":"image\/png"}],"twitter_card":"summary_large_image","schema":{"@context":"https:\/\/schema.org","@graph":[{"@type":"WebPage","@id":"https:\/\/arekson.com\/fr\/producto\/paper-strainer-eco-filtre-a-papier\/","url":"https:\/\/arekson.com\/fr\/producto\/paper-strainer-eco-filtre-a-papier\/","name":"CSP | FILTRE A PAPIER ECO | Filtre \u00e0 papier","isPartOf":{"@id":"https:\/\/arekson.com\/fr\/#website"},"primaryImageOfPage":{"@id":"https:\/\/arekson.com\/fr\/producto\/paper-strainer-eco-filtre-a-papier\/#primaryimage"},"image":{"@id":"https:\/\/arekson.com\/fr\/producto\/paper-strainer-eco-filtre-a-papier\/#primaryimage"},"thumbnailUrl":"https:\/\/arekson.com\/wp-content\/uploads\/2024\/05\/CO0007_CO0008_fondo.png","datePublished":"2024-05-30T13:47:16+00:00","dateModified":"2024-05-30T15:04:44+00:00","description":"PAPER STRAINER ECO | Filtre \u00e0 papier | OUTILS ET CONSOMMABLES | FILTRES | REF: 951344 ref. 951345 | CSP","breadcrumb":{"@id":"https:\/\/arekson.com\/fr\/producto\/paper-strainer-eco-filtre-a-papier\/#breadcrumb"},"inLanguage":"fr-FR","potentialAction":[{"@type":"ReadAction","target":["https:\/\/arekson.com\/fr\/producto\/paper-strainer-eco-filtre-a-papier\/"]}]},{"@type":"ImageObject","inLanguage":"fr-FR","@id":"https:\/\/arekson.com\/fr\/producto\/paper-strainer-eco-filtre-a-papier\/#primaryimage","url":"https:\/\/arekson.com\/wp-content\/uploads\/2024\/05\/CO0007_CO0008_fondo.png","contentUrl":"https:\/\/arekson.com\/wp-content\/uploads\/2024\/05\/CO0007_CO0008_fondo.png","width":800,"height":800,"caption":"PAPER STRAINER ECO"},{"@type":"BreadcrumbList","@id":"https:\/\/arekson.com\/fr\/producto\/paper-strainer-eco-filtre-a-papier\/#breadcrumb","itemListElement":[{"@type":"ListItem","position":1,"name":"Home","item":"https:\/\/arekson.com\/fr\/"},{"@type":"ListItem","position":2,"name":"Produits","item":"https:\/\/arekson.com\/fr\/shop\/"},{"@type":"ListItem","position":3,"name":"PAPER STRAINER ECO Filtre \u00e0 papier"}]},{"@type":"WebSite","@id":"https:\/\/arekson.com\/fr\/#website","url":"https:\/\/arekson.com\/fr\/","name":"Arekson Group","description":"Marcas Referentes del Automovil Profesional","publisher":{"@id":"https:\/\/arekson.com\/fr\/#organization"},"potentialAction":[{"@type":"SearchAction","target":{"@type":"EntryPoint","urlTemplate":"https:\/\/arekson.com\/fr\/?s={search_term_string}"},"query-input":{"@type":"PropertyValueSpecification","valueRequired":true,"valueName":"search_term_string"}}],"inLanguage":"fr-FR"},{"@type":"Organization","@id":"https:\/\/arekson.com\/fr\/#organization","name":"Arekson Group","url":"https:\/\/arekson.com\/fr\/","logo":{"@type":"ImageObject","inLanguage":"fr-FR","@id":"https:\/\/arekson.com\/fr\/#\/schema\/logo\/image\/","url":"https:\/\/arekson.com\/wp-content\/uploads\/2022\/06\/Arekson-Group-Logo-Gris.jpg","contentUrl":"https:\/\/arekson.com\/wp-content\/uploads\/2022\/06\/Arekson-Group-Logo-Gris.jpg","width":174,"height":72,"caption":"Arekson Group"},"image":{"@id":"https:\/\/arekson.com\/fr\/#\/schema\/logo\/image\/"}}]}},"_links":{"self":[{"href":"https:\/\/arekson.com\/fr\/wp-json\/wp\/v2\/product\/28590","targetHints":{"allow":["GET"]}}],"collection":[{"href":"https:\/\/arekson.com\/fr\/wp-json\/wp\/v2\/product"}],"about":[{"href":"https:\/\/arekson.com\/fr\/wp-json\/wp\/v2\/types\/product"}],"wp:featuredmedia":[{"embeddable":true,"href":"https:\/\/arekson.com\/fr\/wp-json\/wp\/v2\/media\/28572"}],"wp:attachment":[{"href":"https:\/\/arekson.com\/fr\/wp-json\/wp\/v2\/media?parent=28590"}],"wp:term":[{"taxonomy":"product_brand","embeddable":true,"href":"https:\/\/arekson.com\/fr\/wp-json\/wp\/v2\/product_brand?post=28590"},{"taxonomy":"product_cat","embeddable":true,"href":"https:\/\/arekson.com\/fr\/wp-json\/wp\/v2\/product_cat?post=28590"},{"taxonomy":"product_tag","embeddable":true,"href":"https:\/\/arekson.com\/fr\/wp-json\/wp\/v2\/product_tag?post=28590"}],"curies":[{"name":"wp","href":"https:\/\/api.w.org\/{rel}","templated":true}]}}