{"id":28342,"date":"2024-03-27T13:45:55","date_gmt":"2024-03-27T12:45:55","guid":{"rendered":"https:\/\/arekson.com\/?post_type=product&#038;p=28342"},"modified":"2025-04-12T10:41:32","modified_gmt":"2025-04-12T08:41:32","slug":"mixing-godet-jetable-pour-pistolet-2","status":"publish","type":"product","link":"https:\/\/arekson.com\/fr\/producto\/mixing-godet-jetable-pour-pistolet-2\/","title":{"rendered":"<strong><span class=\"nom-corto\">MIXING <\/span><\/strong><br><span class=\"nom-largo\">Godet jetable pour pistolet<\/span>"},"content":{"rendered":"","protected":false},"excerpt":{"rendered":"<p>Godet de pistolet et gobelet de m\u00e9langes jetable. Pr\u00e9paration, m\u00e9lange et peinture dans un seul r\u00e9cipient. Il s&rsquo;agit du syst\u00e8me de godet jetable le plus simple et le plus pratique. Filtre int\u00e9gr\u00e9 de 125 \u00b5 pour peintures et vernis \u00e0 base d&rsquo;eau et \u00e0 base de solvant. Syst\u00e8me herm\u00e9tique avec un flux uniforme de peinture sur n&rsquo;importe quel angle, m\u00eame retourn\u00e9. Peinture stock\u00e9e dans le propre r\u00e9cipient.<\/p>\n","protected":false},"featured_media":30178,"template":"","meta":{"_et_pb_use_builder":"","_et_pb_old_content":"","_et_gb_content_width":""},"product_brand":[],"product_cat":[367,363,1014,998],"product_tag":[],"class_list":{"0":"post-28342","1":"product","2":"type-product","3":"status-publish","4":"has-post-thumbnail","6":"product_cat-auxiliaires-csp","7":"product_cat-csp-fr","8":"product_cat-gobelets-csp","9":"product_cat-outillage-et-consommables-csp","10":"pa_ok-csp-fr-ref-950878t-transparent-700ml-1x50","11":"pa_ok-csp-fr-ref-950879t-transparent-600ml-1x50","12":"pa_ok-csp-fr-ref-950880t-transparent-800ml-1x50","13":"pa_ok-csp-fr-ref-950881t-transparent-180ml-1x50","15":"first","16":"instock","17":"purchasable","18":"product-type-variable"},"yoast_head":"<!-- This site is optimized with the Yoast SEO plugin v27.2 - https:\/\/yoast.com\/product\/yoast-seo-wordpress\/ -->\n<title>CSP | MIXING | Godet de pistolet et gobelet de m\u00e9langes jetable<\/title>\n<meta name=\"description\" content=\"CSP | MIXING | Godet de pistolet et gobelet de m\u00e9langes jetable | UTILLAJE Y CONSUMIBLES | VASOS | REF: 950881 | CSP\" \/>\n<meta name=\"robots\" content=\"index, follow, max-snippet:-1, max-image-preview:large, max-video-preview:-1\" \/>\n<link rel=\"canonical\" href=\"https:\/\/arekson.com\/fr\/producto\/mixing-godet-jetable-pour-pistolet-2\/\" \/>\n<meta property=\"og:locale\" content=\"fr_FR\" \/>\n<meta property=\"og:type\" content=\"article\" \/>\n<meta property=\"og:title\" content=\"CSP | MIXING | Godet de pistolet et gobelet de m\u00e9langes jetable\" \/>\n<meta property=\"og:description\" content=\"CSP | MIXING | Godet de pistolet et gobelet de m\u00e9langes jetable | UTILLAJE Y CONSUMIBLES | VASOS | REF: 950881 | CSP\" \/>\n<meta property=\"og:url\" content=\"https:\/\/arekson.com\/fr\/producto\/mixing-godet-jetable-pour-pistolet-2\/\" \/>\n<meta property=\"og:site_name\" content=\"Arekson Group\" \/>\n<meta property=\"article:modified_time\" content=\"2025-04-12T08:41:32+00:00\" \/>\n<meta property=\"og:image\" content=\"https:\/\/arekson.com\/wp-content\/uploads\/2024\/03\/EDITADA.png\" \/>\n\t<meta property=\"og:image:width\" content=\"2048\" \/>\n\t<meta property=\"og:image:height\" content=\"1536\" \/>\n\t<meta property=\"og:image:type\" content=\"image\/png\" \/>\n<meta name=\"twitter:card\" content=\"summary_large_image\" \/>\n<script type=\"application\/ld+json\" class=\"yoast-schema-graph\">{\"@context\":\"https:\/\/schema.org\",\"@graph\":[{\"@type\":\"WebPage\",\"@id\":\"https:\/\/arekson.com\/fr\/producto\/mixing-godet-jetable-pour-pistolet-2\/\",\"url\":\"https:\/\/arekson.com\/fr\/producto\/mixing-godet-jetable-pour-pistolet-2\/\",\"name\":\"CSP | MIXING | Godet de pistolet et gobelet de m\u00e9langes jetable\",\"isPartOf\":{\"@id\":\"https:\/\/arekson.com\/fr\/#website\"},\"primaryImageOfPage\":{\"@id\":\"https:\/\/arekson.com\/fr\/producto\/mixing-godet-jetable-pour-pistolet-2\/#primaryimage\"},\"image\":{\"@id\":\"https:\/\/arekson.com\/fr\/producto\/mixing-godet-jetable-pour-pistolet-2\/#primaryimage\"},\"thumbnailUrl\":\"https:\/\/arekson.com\/wp-content\/uploads\/2024\/03\/EDITADA.png\",\"datePublished\":\"2024-03-27T12:45:55+00:00\",\"dateModified\":\"2025-04-12T08:41:32+00:00\",\"description\":\"CSP | MIXING | Godet de pistolet et gobelet de m\u00e9langes jetable | UTILLAJE Y CONSUMIBLES | VASOS | REF: 950881 | CSP\",\"breadcrumb\":{\"@id\":\"https:\/\/arekson.com\/fr\/producto\/mixing-godet-jetable-pour-pistolet-2\/#breadcrumb\"},\"inLanguage\":\"fr-FR\",\"potentialAction\":[{\"@type\":\"ReadAction\",\"target\":[\"https:\/\/arekson.com\/fr\/producto\/mixing-godet-jetable-pour-pistolet-2\/\"]}]},{\"@type\":\"ImageObject\",\"inLanguage\":\"fr-FR\",\"@id\":\"https:\/\/arekson.com\/fr\/producto\/mixing-godet-jetable-pour-pistolet-2\/#primaryimage\",\"url\":\"https:\/\/arekson.com\/wp-content\/uploads\/2024\/03\/EDITADA.png\",\"contentUrl\":\"https:\/\/arekson.com\/wp-content\/uploads\/2024\/03\/EDITADA.png\",\"width\":2048,\"height\":1536},{\"@type\":\"BreadcrumbList\",\"@id\":\"https:\/\/arekson.com\/fr\/producto\/mixing-godet-jetable-pour-pistolet-2\/#breadcrumb\",\"itemListElement\":[{\"@type\":\"ListItem\",\"position\":1,\"name\":\"Home\",\"item\":\"https:\/\/arekson.com\/fr\/\"},{\"@type\":\"ListItem\",\"position\":2,\"name\":\"Produits\",\"item\":\"https:\/\/arekson.com\/fr\/shop\/\"},{\"@type\":\"ListItem\",\"position\":3,\"name\":\"MIXING Godet jetable pour pistolet\"}]},{\"@type\":\"WebSite\",\"@id\":\"https:\/\/arekson.com\/fr\/#website\",\"url\":\"https:\/\/arekson.com\/fr\/\",\"name\":\"Arekson Group\",\"description\":\"Marcas Referentes del Automovil Profesional\",\"publisher\":{\"@id\":\"https:\/\/arekson.com\/fr\/#organization\"},\"potentialAction\":[{\"@type\":\"SearchAction\",\"target\":{\"@type\":\"EntryPoint\",\"urlTemplate\":\"https:\/\/arekson.com\/fr\/?s={search_term_string}\"},\"query-input\":{\"@type\":\"PropertyValueSpecification\",\"valueRequired\":true,\"valueName\":\"search_term_string\"}}],\"inLanguage\":\"fr-FR\"},{\"@type\":\"Organization\",\"@id\":\"https:\/\/arekson.com\/fr\/#organization\",\"name\":\"Arekson Group\",\"url\":\"https:\/\/arekson.com\/fr\/\",\"logo\":{\"@type\":\"ImageObject\",\"inLanguage\":\"fr-FR\",\"@id\":\"https:\/\/arekson.com\/fr\/#\/schema\/logo\/image\/\",\"url\":\"https:\/\/arekson.com\/wp-content\/uploads\/2022\/06\/Arekson-Group-Logo-Gris.jpg\",\"contentUrl\":\"https:\/\/arekson.com\/wp-content\/uploads\/2022\/06\/Arekson-Group-Logo-Gris.jpg\",\"width\":174,\"height\":72,\"caption\":\"Arekson Group\"},\"image\":{\"@id\":\"https:\/\/arekson.com\/fr\/#\/schema\/logo\/image\/\"}}]}<\/script>\n<!-- \/ Yoast SEO plugin. -->","yoast_head_json":{"title":"CSP | MIXING | Godet de pistolet et gobelet de m\u00e9langes jetable","description":"CSP | MIXING | Godet de pistolet et gobelet de m\u00e9langes jetable | UTILLAJE Y CONSUMIBLES | VASOS | REF: 950881 | CSP","robots":{"index":"index","follow":"follow","max-snippet":"max-snippet:-1","max-image-preview":"max-image-preview:large","max-video-preview":"max-video-preview:-1"},"canonical":"https:\/\/arekson.com\/fr\/producto\/mixing-godet-jetable-pour-pistolet-2\/","og_locale":"fr_FR","og_type":"article","og_title":"CSP | MIXING | Godet de pistolet et gobelet de m\u00e9langes jetable","og_description":"CSP | MIXING | Godet de pistolet et gobelet de m\u00e9langes jetable | UTILLAJE Y CONSUMIBLES | VASOS | REF: 950881 | CSP","og_url":"https:\/\/arekson.com\/fr\/producto\/mixing-godet-jetable-pour-pistolet-2\/","og_site_name":"Arekson Group","article_modified_time":"2025-04-12T08:41:32+00:00","og_image":[{"width":2048,"height":1536,"url":"https:\/\/arekson.com\/wp-content\/uploads\/2024\/03\/EDITADA.png","type":"image\/png"}],"twitter_card":"summary_large_image","schema":{"@context":"https:\/\/schema.org","@graph":[{"@type":"WebPage","@id":"https:\/\/arekson.com\/fr\/producto\/mixing-godet-jetable-pour-pistolet-2\/","url":"https:\/\/arekson.com\/fr\/producto\/mixing-godet-jetable-pour-pistolet-2\/","name":"CSP | MIXING | Godet de pistolet et gobelet de m\u00e9langes jetable","isPartOf":{"@id":"https:\/\/arekson.com\/fr\/#website"},"primaryImageOfPage":{"@id":"https:\/\/arekson.com\/fr\/producto\/mixing-godet-jetable-pour-pistolet-2\/#primaryimage"},"image":{"@id":"https:\/\/arekson.com\/fr\/producto\/mixing-godet-jetable-pour-pistolet-2\/#primaryimage"},"thumbnailUrl":"https:\/\/arekson.com\/wp-content\/uploads\/2024\/03\/EDITADA.png","datePublished":"2024-03-27T12:45:55+00:00","dateModified":"2025-04-12T08:41:32+00:00","description":"CSP | MIXING | Godet de pistolet et gobelet de m\u00e9langes jetable | UTILLAJE Y CONSUMIBLES | VASOS | REF: 950881 | CSP","breadcrumb":{"@id":"https:\/\/arekson.com\/fr\/producto\/mixing-godet-jetable-pour-pistolet-2\/#breadcrumb"},"inLanguage":"fr-FR","potentialAction":[{"@type":"ReadAction","target":["https:\/\/arekson.com\/fr\/producto\/mixing-godet-jetable-pour-pistolet-2\/"]}]},{"@type":"ImageObject","inLanguage":"fr-FR","@id":"https:\/\/arekson.com\/fr\/producto\/mixing-godet-jetable-pour-pistolet-2\/#primaryimage","url":"https:\/\/arekson.com\/wp-content\/uploads\/2024\/03\/EDITADA.png","contentUrl":"https:\/\/arekson.com\/wp-content\/uploads\/2024\/03\/EDITADA.png","width":2048,"height":1536},{"@type":"BreadcrumbList","@id":"https:\/\/arekson.com\/fr\/producto\/mixing-godet-jetable-pour-pistolet-2\/#breadcrumb","itemListElement":[{"@type":"ListItem","position":1,"name":"Home","item":"https:\/\/arekson.com\/fr\/"},{"@type":"ListItem","position":2,"name":"Produits","item":"https:\/\/arekson.com\/fr\/shop\/"},{"@type":"ListItem","position":3,"name":"MIXING Godet jetable pour pistolet"}]},{"@type":"WebSite","@id":"https:\/\/arekson.com\/fr\/#website","url":"https:\/\/arekson.com\/fr\/","name":"Arekson Group","description":"Marcas Referentes del Automovil Profesional","publisher":{"@id":"https:\/\/arekson.com\/fr\/#organization"},"potentialAction":[{"@type":"SearchAction","target":{"@type":"EntryPoint","urlTemplate":"https:\/\/arekson.com\/fr\/?s={search_term_string}"},"query-input":{"@type":"PropertyValueSpecification","valueRequired":true,"valueName":"search_term_string"}}],"inLanguage":"fr-FR"},{"@type":"Organization","@id":"https:\/\/arekson.com\/fr\/#organization","name":"Arekson Group","url":"https:\/\/arekson.com\/fr\/","logo":{"@type":"ImageObject","inLanguage":"fr-FR","@id":"https:\/\/arekson.com\/fr\/#\/schema\/logo\/image\/","url":"https:\/\/arekson.com\/wp-content\/uploads\/2022\/06\/Arekson-Group-Logo-Gris.jpg","contentUrl":"https:\/\/arekson.com\/wp-content\/uploads\/2022\/06\/Arekson-Group-Logo-Gris.jpg","width":174,"height":72,"caption":"Arekson Group"},"image":{"@id":"https:\/\/arekson.com\/fr\/#\/schema\/logo\/image\/"}}]}},"_links":{"self":[{"href":"https:\/\/arekson.com\/fr\/wp-json\/wp\/v2\/product\/28342","targetHints":{"allow":["GET"]}}],"collection":[{"href":"https:\/\/arekson.com\/fr\/wp-json\/wp\/v2\/product"}],"about":[{"href":"https:\/\/arekson.com\/fr\/wp-json\/wp\/v2\/types\/product"}],"wp:featuredmedia":[{"embeddable":true,"href":"https:\/\/arekson.com\/fr\/wp-json\/wp\/v2\/media\/30178"}],"wp:attachment":[{"href":"https:\/\/arekson.com\/fr\/wp-json\/wp\/v2\/media?parent=28342"}],"wp:term":[{"taxonomy":"product_brand","embeddable":true,"href":"https:\/\/arekson.com\/fr\/wp-json\/wp\/v2\/product_brand?post=28342"},{"taxonomy":"product_cat","embeddable":true,"href":"https:\/\/arekson.com\/fr\/wp-json\/wp\/v2\/product_cat?post=28342"},{"taxonomy":"product_tag","embeddable":true,"href":"https:\/\/arekson.com\/fr\/wp-json\/wp\/v2\/product_tag?post=28342"}],"curies":[{"name":"wp","href":"https:\/\/api.w.org\/{rel}","templated":true}]}}