{"id":28337,"date":"2024-03-27T11:32:11","date_gmt":"2024-03-27T10:32:11","guid":{"rendered":"https:\/\/arekson.com\/?post_type=product&#038;p=28337"},"modified":"2025-04-12T11:43:51","modified_gmt":"2025-04-12T09:43:51","slug":"mixing-godet-jetable-pour-pistolet","status":"publish","type":"product","link":"https:\/\/arekson.com\/fr\/producto\/mixing-godet-jetable-pour-pistolet\/","title":{"rendered":"<strong><span class=\"nom-corto\">MIXING <\/span><\/strong><br><span class=\"nom-largo\">Godet jetable pour pistolet <\/span>"},"content":{"rendered":"","protected":false},"excerpt":{"rendered":"<p>Godet de pistolet et gobelet de m\u00e9langes jetable. Pr\u00e9paration, m\u00e9lange et peinture dans un seul r\u00e9cipient. Il s&rsquo;agit du syst\u00e8me de godet jetable le plus simple et le plus pratique. Filtre int\u00e9gr\u00e9 de 125 \u00b5 pour peintures et vernis \u00e0 base d&rsquo;eau et \u00e0 base de solvant. Syst\u00e8me herm\u00e9tique avec un flux uniforme de peinture sur n&rsquo;importe quel angle, m\u00eame retourn\u00e9. Peinture stock\u00e9e dans le propre r\u00e9cipient.<\/p>\n","protected":false},"featured_media":30205,"template":"","meta":{"_et_pb_use_builder":"","_et_pb_old_content":"","_et_gb_content_width":""},"product_brand":[],"product_cat":[1123,1173,1157,370],"product_tag":[],"class_list":{"0":"post-28337","1":"product","2":"type-product","3":"status-publish","4":"has-post-thumbnail","6":"product_cat-auxiliaires","7":"product_cat-gobelets","8":"product_cat-outillage-et-consommables","9":"product_cat-seicar-fr","10":"pa_seicar-fr-ref-vm4000t-transparent-180ml-1x50","11":"pa_seicar-fr-ref-vm4001t-transparent-400ml-1x50","12":"pa_seicar-fr-ref-vm4002t-transparent-600ml-1x50","13":"pa_seicar-fr-ref-vm4003t-transparent-800ml-1x50","15":"first","16":"instock","17":"shipping-taxable","18":"purchasable","19":"product-type-variable"},"yoast_head":"<!-- This site is optimized with the Yoast SEO plugin v27.2 - https:\/\/yoast.com\/product\/yoast-seo-wordpress\/ -->\n<title>MIXING Godet jetable pour pistolet  | Arekson Group<\/title>\n<meta name=\"description\" content=\"Arekson Group | Productos para el Repintado de Veh\u00edculos | Productos y soluciones personalizados a sus necesidades\" \/>\n<meta name=\"robots\" content=\"index, follow, max-snippet:-1, max-image-preview:large, max-video-preview:-1\" \/>\n<link rel=\"canonical\" href=\"https:\/\/arekson.com\/fr\/producto\/mixing-godet-jetable-pour-pistolet\/\" \/>\n<meta property=\"og:locale\" content=\"fr_FR\" \/>\n<meta property=\"og:type\" content=\"article\" \/>\n<meta property=\"og:title\" content=\"MIXING Godet jetable pour pistolet  | Arekson Group\" \/>\n<meta property=\"og:description\" content=\"Arekson Group | Productos para el Repintado de Veh\u00edculos | Productos y soluciones personalizados a sus necesidades\" \/>\n<meta property=\"og:url\" content=\"https:\/\/arekson.com\/fr\/producto\/mixing-godet-jetable-pour-pistolet\/\" \/>\n<meta property=\"og:site_name\" content=\"Arekson Group\" \/>\n<meta property=\"article:modified_time\" content=\"2025-04-12T09:43:51+00:00\" \/>\n<meta property=\"og:image\" content=\"https:\/\/arekson.com\/wp-content\/uploads\/2024\/03\/WhatsApp-Image-2025-01-22-at-07.57.30-1.png\" \/>\n\t<meta property=\"og:image:width\" content=\"2048\" \/>\n\t<meta property=\"og:image:height\" content=\"1536\" \/>\n\t<meta property=\"og:image:type\" content=\"image\/png\" \/>\n<meta name=\"twitter:card\" content=\"summary_large_image\" \/>\n<script type=\"application\/ld+json\" class=\"yoast-schema-graph\">{\"@context\":\"https:\/\/schema.org\",\"@graph\":[{\"@type\":\"WebPage\",\"@id\":\"https:\/\/arekson.com\/fr\/producto\/mixing-godet-jetable-pour-pistolet\/\",\"url\":\"https:\/\/arekson.com\/fr\/producto\/mixing-godet-jetable-pour-pistolet\/\",\"name\":\"MIXING Godet jetable pour pistolet | Arekson Group\",\"isPartOf\":{\"@id\":\"https:\/\/arekson.com\/fr\/#website\"},\"primaryImageOfPage\":{\"@id\":\"https:\/\/arekson.com\/fr\/producto\/mixing-godet-jetable-pour-pistolet\/#primaryimage\"},\"image\":{\"@id\":\"https:\/\/arekson.com\/fr\/producto\/mixing-godet-jetable-pour-pistolet\/#primaryimage\"},\"thumbnailUrl\":\"https:\/\/arekson.com\/wp-content\/uploads\/2024\/03\/WhatsApp-Image-2025-01-22-at-07.57.30-1.png\",\"datePublished\":\"2024-03-27T10:32:11+00:00\",\"dateModified\":\"2025-04-12T09:43:51+00:00\",\"description\":\"Arekson Group | Productos para el Repintado de Veh\u00edculos | Productos y soluciones personalizados a sus necesidades\",\"breadcrumb\":{\"@id\":\"https:\/\/arekson.com\/fr\/producto\/mixing-godet-jetable-pour-pistolet\/#breadcrumb\"},\"inLanguage\":\"fr-FR\",\"potentialAction\":[{\"@type\":\"ReadAction\",\"target\":[\"https:\/\/arekson.com\/fr\/producto\/mixing-godet-jetable-pour-pistolet\/\"]}]},{\"@type\":\"ImageObject\",\"inLanguage\":\"fr-FR\",\"@id\":\"https:\/\/arekson.com\/fr\/producto\/mixing-godet-jetable-pour-pistolet\/#primaryimage\",\"url\":\"https:\/\/arekson.com\/wp-content\/uploads\/2024\/03\/WhatsApp-Image-2025-01-22-at-07.57.30-1.png\",\"contentUrl\":\"https:\/\/arekson.com\/wp-content\/uploads\/2024\/03\/WhatsApp-Image-2025-01-22-at-07.57.30-1.png\",\"width\":2048,\"height\":1536},{\"@type\":\"BreadcrumbList\",\"@id\":\"https:\/\/arekson.com\/fr\/producto\/mixing-godet-jetable-pour-pistolet\/#breadcrumb\",\"itemListElement\":[{\"@type\":\"ListItem\",\"position\":1,\"name\":\"Home\",\"item\":\"https:\/\/arekson.com\/fr\/\"},{\"@type\":\"ListItem\",\"position\":2,\"name\":\"Produits\",\"item\":\"https:\/\/arekson.com\/fr\/shop\/\"},{\"@type\":\"ListItem\",\"position\":3,\"name\":\"MIXING Godet jetable pour pistolet\"}]},{\"@type\":\"WebSite\",\"@id\":\"https:\/\/arekson.com\/fr\/#website\",\"url\":\"https:\/\/arekson.com\/fr\/\",\"name\":\"Arekson Group\",\"description\":\"Marcas Referentes del Automovil Profesional\",\"publisher\":{\"@id\":\"https:\/\/arekson.com\/fr\/#organization\"},\"potentialAction\":[{\"@type\":\"SearchAction\",\"target\":{\"@type\":\"EntryPoint\",\"urlTemplate\":\"https:\/\/arekson.com\/fr\/?s={search_term_string}\"},\"query-input\":{\"@type\":\"PropertyValueSpecification\",\"valueRequired\":true,\"valueName\":\"search_term_string\"}}],\"inLanguage\":\"fr-FR\"},{\"@type\":\"Organization\",\"@id\":\"https:\/\/arekson.com\/fr\/#organization\",\"name\":\"Arekson Group\",\"url\":\"https:\/\/arekson.com\/fr\/\",\"logo\":{\"@type\":\"ImageObject\",\"inLanguage\":\"fr-FR\",\"@id\":\"https:\/\/arekson.com\/fr\/#\/schema\/logo\/image\/\",\"url\":\"https:\/\/arekson.com\/wp-content\/uploads\/2022\/06\/Arekson-Group-Logo-Gris.jpg\",\"contentUrl\":\"https:\/\/arekson.com\/wp-content\/uploads\/2022\/06\/Arekson-Group-Logo-Gris.jpg\",\"width\":174,\"height\":72,\"caption\":\"Arekson Group\"},\"image\":{\"@id\":\"https:\/\/arekson.com\/fr\/#\/schema\/logo\/image\/\"}}]}<\/script>\n<!-- \/ Yoast SEO plugin. -->","yoast_head_json":{"title":"MIXING Godet jetable pour pistolet  | Arekson Group","description":"Arekson Group | Productos para el Repintado de Veh\u00edculos | Productos y soluciones personalizados a sus necesidades","robots":{"index":"index","follow":"follow","max-snippet":"max-snippet:-1","max-image-preview":"max-image-preview:large","max-video-preview":"max-video-preview:-1"},"canonical":"https:\/\/arekson.com\/fr\/producto\/mixing-godet-jetable-pour-pistolet\/","og_locale":"fr_FR","og_type":"article","og_title":"MIXING Godet jetable pour pistolet  | Arekson Group","og_description":"Arekson Group | Productos para el Repintado de Veh\u00edculos | Productos y soluciones personalizados a sus necesidades","og_url":"https:\/\/arekson.com\/fr\/producto\/mixing-godet-jetable-pour-pistolet\/","og_site_name":"Arekson Group","article_modified_time":"2025-04-12T09:43:51+00:00","og_image":[{"width":2048,"height":1536,"url":"https:\/\/arekson.com\/wp-content\/uploads\/2024\/03\/WhatsApp-Image-2025-01-22-at-07.57.30-1.png","type":"image\/png"}],"twitter_card":"summary_large_image","schema":{"@context":"https:\/\/schema.org","@graph":[{"@type":"WebPage","@id":"https:\/\/arekson.com\/fr\/producto\/mixing-godet-jetable-pour-pistolet\/","url":"https:\/\/arekson.com\/fr\/producto\/mixing-godet-jetable-pour-pistolet\/","name":"MIXING Godet jetable pour pistolet | Arekson Group","isPartOf":{"@id":"https:\/\/arekson.com\/fr\/#website"},"primaryImageOfPage":{"@id":"https:\/\/arekson.com\/fr\/producto\/mixing-godet-jetable-pour-pistolet\/#primaryimage"},"image":{"@id":"https:\/\/arekson.com\/fr\/producto\/mixing-godet-jetable-pour-pistolet\/#primaryimage"},"thumbnailUrl":"https:\/\/arekson.com\/wp-content\/uploads\/2024\/03\/WhatsApp-Image-2025-01-22-at-07.57.30-1.png","datePublished":"2024-03-27T10:32:11+00:00","dateModified":"2025-04-12T09:43:51+00:00","description":"Arekson Group | Productos para el Repintado de Veh\u00edculos | Productos y soluciones personalizados a sus necesidades","breadcrumb":{"@id":"https:\/\/arekson.com\/fr\/producto\/mixing-godet-jetable-pour-pistolet\/#breadcrumb"},"inLanguage":"fr-FR","potentialAction":[{"@type":"ReadAction","target":["https:\/\/arekson.com\/fr\/producto\/mixing-godet-jetable-pour-pistolet\/"]}]},{"@type":"ImageObject","inLanguage":"fr-FR","@id":"https:\/\/arekson.com\/fr\/producto\/mixing-godet-jetable-pour-pistolet\/#primaryimage","url":"https:\/\/arekson.com\/wp-content\/uploads\/2024\/03\/WhatsApp-Image-2025-01-22-at-07.57.30-1.png","contentUrl":"https:\/\/arekson.com\/wp-content\/uploads\/2024\/03\/WhatsApp-Image-2025-01-22-at-07.57.30-1.png","width":2048,"height":1536},{"@type":"BreadcrumbList","@id":"https:\/\/arekson.com\/fr\/producto\/mixing-godet-jetable-pour-pistolet\/#breadcrumb","itemListElement":[{"@type":"ListItem","position":1,"name":"Home","item":"https:\/\/arekson.com\/fr\/"},{"@type":"ListItem","position":2,"name":"Produits","item":"https:\/\/arekson.com\/fr\/shop\/"},{"@type":"ListItem","position":3,"name":"MIXING Godet jetable pour pistolet"}]},{"@type":"WebSite","@id":"https:\/\/arekson.com\/fr\/#website","url":"https:\/\/arekson.com\/fr\/","name":"Arekson Group","description":"Marcas Referentes del Automovil Profesional","publisher":{"@id":"https:\/\/arekson.com\/fr\/#organization"},"potentialAction":[{"@type":"SearchAction","target":{"@type":"EntryPoint","urlTemplate":"https:\/\/arekson.com\/fr\/?s={search_term_string}"},"query-input":{"@type":"PropertyValueSpecification","valueRequired":true,"valueName":"search_term_string"}}],"inLanguage":"fr-FR"},{"@type":"Organization","@id":"https:\/\/arekson.com\/fr\/#organization","name":"Arekson Group","url":"https:\/\/arekson.com\/fr\/","logo":{"@type":"ImageObject","inLanguage":"fr-FR","@id":"https:\/\/arekson.com\/fr\/#\/schema\/logo\/image\/","url":"https:\/\/arekson.com\/wp-content\/uploads\/2022\/06\/Arekson-Group-Logo-Gris.jpg","contentUrl":"https:\/\/arekson.com\/wp-content\/uploads\/2022\/06\/Arekson-Group-Logo-Gris.jpg","width":174,"height":72,"caption":"Arekson Group"},"image":{"@id":"https:\/\/arekson.com\/fr\/#\/schema\/logo\/image\/"}}]}},"_links":{"self":[{"href":"https:\/\/arekson.com\/fr\/wp-json\/wp\/v2\/product\/28337","targetHints":{"allow":["GET"]}}],"collection":[{"href":"https:\/\/arekson.com\/fr\/wp-json\/wp\/v2\/product"}],"about":[{"href":"https:\/\/arekson.com\/fr\/wp-json\/wp\/v2\/types\/product"}],"wp:featuredmedia":[{"embeddable":true,"href":"https:\/\/arekson.com\/fr\/wp-json\/wp\/v2\/media\/30205"}],"wp:attachment":[{"href":"https:\/\/arekson.com\/fr\/wp-json\/wp\/v2\/media?parent=28337"}],"wp:term":[{"taxonomy":"product_brand","embeddable":true,"href":"https:\/\/arekson.com\/fr\/wp-json\/wp\/v2\/product_brand?post=28337"},{"taxonomy":"product_cat","embeddable":true,"href":"https:\/\/arekson.com\/fr\/wp-json\/wp\/v2\/product_cat?post=28337"},{"taxonomy":"product_tag","embeddable":true,"href":"https:\/\/arekson.com\/fr\/wp-json\/wp\/v2\/product_tag?post=28337"}],"curies":[{"name":"wp","href":"https:\/\/api.w.org\/{rel}","templated":true}]}}