{"id":27507,"date":"2023-09-19T13:15:06","date_gmt":"2023-09-19T11:15:06","guid":{"rendered":"https:\/\/arekson.com\/?post_type=product&#038;p=27507"},"modified":"2023-09-19T13:35:33","modified_gmt":"2023-09-19T11:35:33","slug":"white-672-hs-blanc-acrylique","status":"publish","type":"product","link":"https:\/\/arekson.com\/fr\/producto\/white-672-hs-blanc-acrylique\/","title":{"rendered":"<strong><span class=\"nom-corto\">WHITE 672 HS SPRAY <\/span><\/strong><br><span class=\"nom-largo\">Acrylique blanc brillant<\/span>"},"content":{"rendered":"","protected":false},"excerpt":{"rendered":"<p>Blanc acrylique HS en a\u00e9rosol \u00e0 s\u00e9chage rapide et bon pouvoir couvrant. Excellente adh\u00e9sion sur diff\u00e9rentes surfaces comme le bois, m\u00e9tal, verre et diff\u00e9rents types de mati\u00e8res plastiques. Prot\u00e8ge contre la corrosion. R\u00e9sistant \u00e0 l&rsquo;essence, aux substances chimiques, aux intemp\u00e9ries et aux rayons ultraviolets. <\/p>\n","protected":false},"featured_media":27503,"template":"","meta":{"_et_pb_use_builder":"","_et_pb_old_content":"","_et_gb_content_width":""},"product_brand":[],"product_cat":[1223,1231,370,1225],"product_tag":[],"class_list":{"0":"post-27507","1":"product","2":"type-product","3":"status-publish","4":"has-post-thumbnail","6":"product_cat-chimiques","7":"product_cat-peintures","8":"product_cat-seicar-fr","9":"product_cat-vernis-peintures-dissolvants","10":"pa_seicar-fr-ref-ptx672-blanc-spray-400ml-12unites","12":"first","13":"instock","14":"shipping-taxable","15":"purchasable","16":"product-type-variable"},"yoast_head":"<!-- This site is optimized with the Yoast SEO plugin v27.2 - https:\/\/yoast.com\/product\/yoast-seo-wordpress\/ -->\n<title>WHITE 672 HS SPRAY Acrylique blanc brillant | Arekson Group<\/title>\n<meta name=\"description\" content=\"WHITE 672 HS SPRAY | Blanc acrylique HS | BARNICES - PINTURAS - DISOLVENTES | PINTURAS | REF: PTX672 | SEICAR\" \/>\n<meta name=\"robots\" content=\"index, follow, max-snippet:-1, max-image-preview:large, max-video-preview:-1\" \/>\n<link rel=\"canonical\" href=\"https:\/\/arekson.com\/fr\/producto\/white-672-hs-blanc-acrylique\/\" \/>\n<meta property=\"og:locale\" content=\"fr_FR\" \/>\n<meta property=\"og:type\" content=\"article\" \/>\n<meta property=\"og:title\" content=\"WHITE 672 HS SPRAY Acrylique blanc brillant | Arekson Group\" \/>\n<meta property=\"og:description\" content=\"WHITE 672 HS SPRAY | Blanc acrylique HS | BARNICES - PINTURAS - DISOLVENTES | PINTURAS | REF: PTX672 | SEICAR\" \/>\n<meta property=\"og:url\" content=\"https:\/\/arekson.com\/fr\/producto\/white-672-hs-blanc-acrylique\/\" \/>\n<meta property=\"og:site_name\" content=\"Arekson Group\" \/>\n<meta property=\"article:modified_time\" content=\"2023-09-19T11:35:33+00:00\" \/>\n<meta property=\"og:image\" content=\"https:\/\/arekson.com\/wp-content\/uploads\/2023\/09\/PTX672-SPRAY-BLANCO.jpg\" \/>\n\t<meta property=\"og:image:width\" content=\"800\" \/>\n\t<meta property=\"og:image:height\" content=\"800\" \/>\n\t<meta property=\"og:image:type\" content=\"image\/jpeg\" \/>\n<meta name=\"twitter:card\" content=\"summary_large_image\" \/>\n<script type=\"application\/ld+json\" class=\"yoast-schema-graph\">{\"@context\":\"https:\/\/schema.org\",\"@graph\":[{\"@type\":\"WebPage\",\"@id\":\"https:\/\/arekson.com\/fr\/producto\/white-672-hs-blanc-acrylique\/\",\"url\":\"https:\/\/arekson.com\/fr\/producto\/white-672-hs-blanc-acrylique\/\",\"name\":\"WHITE 672 HS SPRAY Acrylique blanc brillant | Arekson Group\",\"isPartOf\":{\"@id\":\"https:\/\/arekson.com\/fr\/#website\"},\"primaryImageOfPage\":{\"@id\":\"https:\/\/arekson.com\/fr\/producto\/white-672-hs-blanc-acrylique\/#primaryimage\"},\"image\":{\"@id\":\"https:\/\/arekson.com\/fr\/producto\/white-672-hs-blanc-acrylique\/#primaryimage\"},\"thumbnailUrl\":\"https:\/\/arekson.com\/wp-content\/uploads\/2023\/09\/PTX672-SPRAY-BLANCO.jpg\",\"datePublished\":\"2023-09-19T11:15:06+00:00\",\"dateModified\":\"2023-09-19T11:35:33+00:00\",\"description\":\"WHITE 672 HS SPRAY | Blanc acrylique HS | BARNICES - PINTURAS - DISOLVENTES | PINTURAS | REF: PTX672 | SEICAR\",\"breadcrumb\":{\"@id\":\"https:\/\/arekson.com\/fr\/producto\/white-672-hs-blanc-acrylique\/#breadcrumb\"},\"inLanguage\":\"fr-FR\",\"potentialAction\":[{\"@type\":\"ReadAction\",\"target\":[\"https:\/\/arekson.com\/fr\/producto\/white-672-hs-blanc-acrylique\/\"]}]},{\"@type\":\"ImageObject\",\"inLanguage\":\"fr-FR\",\"@id\":\"https:\/\/arekson.com\/fr\/producto\/white-672-hs-blanc-acrylique\/#primaryimage\",\"url\":\"https:\/\/arekson.com\/wp-content\/uploads\/2023\/09\/PTX672-SPRAY-BLANCO.jpg\",\"contentUrl\":\"https:\/\/arekson.com\/wp-content\/uploads\/2023\/09\/PTX672-SPRAY-BLANCO.jpg\",\"width\":800,\"height\":800},{\"@type\":\"BreadcrumbList\",\"@id\":\"https:\/\/arekson.com\/fr\/producto\/white-672-hs-blanc-acrylique\/#breadcrumb\",\"itemListElement\":[{\"@type\":\"ListItem\",\"position\":1,\"name\":\"Home\",\"item\":\"https:\/\/arekson.com\/fr\/\"},{\"@type\":\"ListItem\",\"position\":2,\"name\":\"Produits\",\"item\":\"https:\/\/arekson.com\/fr\/shop\/\"},{\"@type\":\"ListItem\",\"position\":3,\"name\":\"WHITE 672 HS SPRAY Acrylique blanc brillant\"}]},{\"@type\":\"WebSite\",\"@id\":\"https:\/\/arekson.com\/fr\/#website\",\"url\":\"https:\/\/arekson.com\/fr\/\",\"name\":\"Arekson Group\",\"description\":\"Marcas Referentes del Automovil Profesional\",\"publisher\":{\"@id\":\"https:\/\/arekson.com\/fr\/#organization\"},\"potentialAction\":[{\"@type\":\"SearchAction\",\"target\":{\"@type\":\"EntryPoint\",\"urlTemplate\":\"https:\/\/arekson.com\/fr\/?s={search_term_string}\"},\"query-input\":{\"@type\":\"PropertyValueSpecification\",\"valueRequired\":true,\"valueName\":\"search_term_string\"}}],\"inLanguage\":\"fr-FR\"},{\"@type\":\"Organization\",\"@id\":\"https:\/\/arekson.com\/fr\/#organization\",\"name\":\"Arekson Group\",\"url\":\"https:\/\/arekson.com\/fr\/\",\"logo\":{\"@type\":\"ImageObject\",\"inLanguage\":\"fr-FR\",\"@id\":\"https:\/\/arekson.com\/fr\/#\/schema\/logo\/image\/\",\"url\":\"https:\/\/arekson.com\/wp-content\/uploads\/2022\/06\/Arekson-Group-Logo-Gris.jpg\",\"contentUrl\":\"https:\/\/arekson.com\/wp-content\/uploads\/2022\/06\/Arekson-Group-Logo-Gris.jpg\",\"width\":174,\"height\":72,\"caption\":\"Arekson Group\"},\"image\":{\"@id\":\"https:\/\/arekson.com\/fr\/#\/schema\/logo\/image\/\"}}]}<\/script>\n<!-- \/ Yoast SEO plugin. -->","yoast_head_json":{"title":"WHITE 672 HS SPRAY Acrylique blanc brillant | Arekson Group","description":"WHITE 672 HS SPRAY | Blanc acrylique HS | BARNICES - PINTURAS - DISOLVENTES | PINTURAS | REF: PTX672 | SEICAR","robots":{"index":"index","follow":"follow","max-snippet":"max-snippet:-1","max-image-preview":"max-image-preview:large","max-video-preview":"max-video-preview:-1"},"canonical":"https:\/\/arekson.com\/fr\/producto\/white-672-hs-blanc-acrylique\/","og_locale":"fr_FR","og_type":"article","og_title":"WHITE 672 HS SPRAY Acrylique blanc brillant | Arekson Group","og_description":"WHITE 672 HS SPRAY | Blanc acrylique HS | BARNICES - PINTURAS - DISOLVENTES | PINTURAS | REF: PTX672 | SEICAR","og_url":"https:\/\/arekson.com\/fr\/producto\/white-672-hs-blanc-acrylique\/","og_site_name":"Arekson Group","article_modified_time":"2023-09-19T11:35:33+00:00","og_image":[{"width":800,"height":800,"url":"https:\/\/arekson.com\/wp-content\/uploads\/2023\/09\/PTX672-SPRAY-BLANCO.jpg","type":"image\/jpeg"}],"twitter_card":"summary_large_image","schema":{"@context":"https:\/\/schema.org","@graph":[{"@type":"WebPage","@id":"https:\/\/arekson.com\/fr\/producto\/white-672-hs-blanc-acrylique\/","url":"https:\/\/arekson.com\/fr\/producto\/white-672-hs-blanc-acrylique\/","name":"WHITE 672 HS SPRAY Acrylique blanc brillant | Arekson Group","isPartOf":{"@id":"https:\/\/arekson.com\/fr\/#website"},"primaryImageOfPage":{"@id":"https:\/\/arekson.com\/fr\/producto\/white-672-hs-blanc-acrylique\/#primaryimage"},"image":{"@id":"https:\/\/arekson.com\/fr\/producto\/white-672-hs-blanc-acrylique\/#primaryimage"},"thumbnailUrl":"https:\/\/arekson.com\/wp-content\/uploads\/2023\/09\/PTX672-SPRAY-BLANCO.jpg","datePublished":"2023-09-19T11:15:06+00:00","dateModified":"2023-09-19T11:35:33+00:00","description":"WHITE 672 HS SPRAY | Blanc acrylique HS | BARNICES - PINTURAS - DISOLVENTES | PINTURAS | REF: PTX672 | SEICAR","breadcrumb":{"@id":"https:\/\/arekson.com\/fr\/producto\/white-672-hs-blanc-acrylique\/#breadcrumb"},"inLanguage":"fr-FR","potentialAction":[{"@type":"ReadAction","target":["https:\/\/arekson.com\/fr\/producto\/white-672-hs-blanc-acrylique\/"]}]},{"@type":"ImageObject","inLanguage":"fr-FR","@id":"https:\/\/arekson.com\/fr\/producto\/white-672-hs-blanc-acrylique\/#primaryimage","url":"https:\/\/arekson.com\/wp-content\/uploads\/2023\/09\/PTX672-SPRAY-BLANCO.jpg","contentUrl":"https:\/\/arekson.com\/wp-content\/uploads\/2023\/09\/PTX672-SPRAY-BLANCO.jpg","width":800,"height":800},{"@type":"BreadcrumbList","@id":"https:\/\/arekson.com\/fr\/producto\/white-672-hs-blanc-acrylique\/#breadcrumb","itemListElement":[{"@type":"ListItem","position":1,"name":"Home","item":"https:\/\/arekson.com\/fr\/"},{"@type":"ListItem","position":2,"name":"Produits","item":"https:\/\/arekson.com\/fr\/shop\/"},{"@type":"ListItem","position":3,"name":"WHITE 672 HS SPRAY Acrylique blanc brillant"}]},{"@type":"WebSite","@id":"https:\/\/arekson.com\/fr\/#website","url":"https:\/\/arekson.com\/fr\/","name":"Arekson Group","description":"Marcas Referentes del Automovil Profesional","publisher":{"@id":"https:\/\/arekson.com\/fr\/#organization"},"potentialAction":[{"@type":"SearchAction","target":{"@type":"EntryPoint","urlTemplate":"https:\/\/arekson.com\/fr\/?s={search_term_string}"},"query-input":{"@type":"PropertyValueSpecification","valueRequired":true,"valueName":"search_term_string"}}],"inLanguage":"fr-FR"},{"@type":"Organization","@id":"https:\/\/arekson.com\/fr\/#organization","name":"Arekson Group","url":"https:\/\/arekson.com\/fr\/","logo":{"@type":"ImageObject","inLanguage":"fr-FR","@id":"https:\/\/arekson.com\/fr\/#\/schema\/logo\/image\/","url":"https:\/\/arekson.com\/wp-content\/uploads\/2022\/06\/Arekson-Group-Logo-Gris.jpg","contentUrl":"https:\/\/arekson.com\/wp-content\/uploads\/2022\/06\/Arekson-Group-Logo-Gris.jpg","width":174,"height":72,"caption":"Arekson Group"},"image":{"@id":"https:\/\/arekson.com\/fr\/#\/schema\/logo\/image\/"}}]}},"_links":{"self":[{"href":"https:\/\/arekson.com\/fr\/wp-json\/wp\/v2\/product\/27507","targetHints":{"allow":["GET"]}}],"collection":[{"href":"https:\/\/arekson.com\/fr\/wp-json\/wp\/v2\/product"}],"about":[{"href":"https:\/\/arekson.com\/fr\/wp-json\/wp\/v2\/types\/product"}],"wp:featuredmedia":[{"embeddable":true,"href":"https:\/\/arekson.com\/fr\/wp-json\/wp\/v2\/media\/27503"}],"wp:attachment":[{"href":"https:\/\/arekson.com\/fr\/wp-json\/wp\/v2\/media?parent=27507"}],"wp:term":[{"taxonomy":"product_brand","embeddable":true,"href":"https:\/\/arekson.com\/fr\/wp-json\/wp\/v2\/product_brand?post=27507"},{"taxonomy":"product_cat","embeddable":true,"href":"https:\/\/arekson.com\/fr\/wp-json\/wp\/v2\/product_cat?post=27507"},{"taxonomy":"product_tag","embeddable":true,"href":"https:\/\/arekson.com\/fr\/wp-json\/wp\/v2\/product_tag?post=27507"}],"curies":[{"name":"wp","href":"https:\/\/api.w.org\/{rel}","templated":true}]}}