{"id":27210,"date":"2023-07-12T16:18:34","date_gmt":"2023-07-12T14:18:34","guid":{"rendered":"https:\/\/arekson.com\/?post_type=product&#038;p=27210"},"modified":"2023-07-20T12:30:51","modified_gmt":"2023-07-20T10:30:51","slug":"film-mask-humidity-film-de-enmascarar-pintable","status":"publish","type":"product","link":"https:\/\/arekson.com\/fr\/producto\/film-mask-humidity-film-de-enmascarar-pintable\/","title":{"rendered":"<strong><span class=\"nom-corto\">FILM MASK HUMIDITY <\/span><\/strong><br><span class=\"nom-largo\">Film de masquage \u00e0 peindre<\/span>"},"content":{"rendered":"","protected":false},"excerpt":{"rendered":"<p>Nous vous pr\u00e9sentons notre film plastique 14 microns, sp\u00e9cialement con\u00e7u pour le masquage des v\u00e9hicules pr\u00e9sentant un risque d&rsquo;humidit\u00e9 r\u00e9siduelle. Il a \u00e9t\u00e9 d\u00e9velopp\u00e9 avec une charge \u00e9lectrostatique qui lui permet d&rsquo;adh\u00e9rer fermement aux surfaces \u00e0 prot\u00e9ger. De plus, sa r\u00e9sistance exceptionnelle \u00e0 des temp\u00e9ratures allant jusqu&rsquo;\u00e0 110\u00b0C en fait le choix id\u00e9al pour faire face \u00e0 des conditions exigeantes sans compromettre les performances.<\/p>\n","protected":false},"featured_media":27088,"template":"","meta":{"_et_pb_use_builder":"","_et_pb_old_content":"","_et_gb_content_width":""},"product_brand":[],"product_cat":[367,980,363,988],"product_tag":[],"class_list":{"0":"post-27210","1":"product","2":"type-product","3":"status-publish","4":"has-post-thumbnail","6":"product_cat-auxiliaires-csp","7":"product_cat-couverture-et-masquage-csp","8":"product_cat-csp-fr","9":"product_cat-masquage-dexterieurs-csp","10":"pa_ok-csp-fr-ref-951195-boite-4-x150m-1-unite","12":"first","13":"instock","14":"purchasable","15":"product-type-variable"},"yoast_head":"<!-- This site is optimized with the Yoast SEO plugin v27.2 - https:\/\/yoast.com\/product\/yoast-seo-wordpress\/ -->\n<title>CSP | FILM MASK HUMIDITY | Film de enmascarar pintable<\/title>\n<meta name=\"description\" content=\"FILM MASK HUMIDITY | Film de enmascarar pintable | COBERTURA Y ENMASCARAMIENTO | ENMASCARAMIENTO DE EXTERIORES | REF: 951195 | CSP\" \/>\n<meta name=\"robots\" content=\"index, follow, max-snippet:-1, max-image-preview:large, max-video-preview:-1\" \/>\n<link rel=\"canonical\" href=\"https:\/\/arekson.com\/fr\/producto\/film-mask-humidity-film-de-enmascarar-pintable\/\" \/>\n<meta property=\"og:locale\" content=\"fr_FR\" \/>\n<meta property=\"og:type\" content=\"article\" \/>\n<meta property=\"og:title\" content=\"CSP | FILM MASK HUMIDITY | Film de enmascarar pintable\" \/>\n<meta property=\"og:description\" content=\"FILM MASK HUMIDITY | Film de enmascarar pintable | COBERTURA Y ENMASCARAMIENTO | ENMASCARAMIENTO DE EXTERIORES | REF: 951195 | CSP\" \/>\n<meta property=\"og:url\" content=\"https:\/\/arekson.com\/fr\/producto\/film-mask-humidity-film-de-enmascarar-pintable\/\" \/>\n<meta property=\"og:site_name\" content=\"Arekson Group\" \/>\n<meta property=\"article:modified_time\" content=\"2023-07-20T10:30:51+00:00\" \/>\n<meta property=\"og:image\" content=\"https:\/\/arekson.com\/wp-content\/uploads\/2023\/06\/BPR430H_Web-1.jpg\" \/>\n\t<meta property=\"og:image:width\" content=\"800\" \/>\n\t<meta property=\"og:image:height\" content=\"533\" \/>\n\t<meta property=\"og:image:type\" content=\"image\/jpeg\" \/>\n<meta name=\"twitter:card\" content=\"summary_large_image\" \/>\n<script type=\"application\/ld+json\" class=\"yoast-schema-graph\">{\"@context\":\"https:\/\/schema.org\",\"@graph\":[{\"@type\":\"WebPage\",\"@id\":\"https:\/\/arekson.com\/fr\/producto\/film-mask-humidity-film-de-enmascarar-pintable\/\",\"url\":\"https:\/\/arekson.com\/fr\/producto\/film-mask-humidity-film-de-enmascarar-pintable\/\",\"name\":\"CSP | FILM MASK HUMIDITY | Film de enmascarar pintable\",\"isPartOf\":{\"@id\":\"https:\/\/arekson.com\/fr\/#website\"},\"primaryImageOfPage\":{\"@id\":\"https:\/\/arekson.com\/fr\/producto\/film-mask-humidity-film-de-enmascarar-pintable\/#primaryimage\"},\"image\":{\"@id\":\"https:\/\/arekson.com\/fr\/producto\/film-mask-humidity-film-de-enmascarar-pintable\/#primaryimage\"},\"thumbnailUrl\":\"https:\/\/arekson.com\/wp-content\/uploads\/2023\/06\/BPR430H_Web-1.jpg\",\"datePublished\":\"2023-07-12T14:18:34+00:00\",\"dateModified\":\"2023-07-20T10:30:51+00:00\",\"description\":\"FILM MASK HUMIDITY | Film de enmascarar pintable | COBERTURA Y ENMASCARAMIENTO | ENMASCARAMIENTO DE EXTERIORES | REF: 951195 | CSP\",\"breadcrumb\":{\"@id\":\"https:\/\/arekson.com\/fr\/producto\/film-mask-humidity-film-de-enmascarar-pintable\/#breadcrumb\"},\"inLanguage\":\"fr-FR\",\"potentialAction\":[{\"@type\":\"ReadAction\",\"target\":[\"https:\/\/arekson.com\/fr\/producto\/film-mask-humidity-film-de-enmascarar-pintable\/\"]}]},{\"@type\":\"ImageObject\",\"inLanguage\":\"fr-FR\",\"@id\":\"https:\/\/arekson.com\/fr\/producto\/film-mask-humidity-film-de-enmascarar-pintable\/#primaryimage\",\"url\":\"https:\/\/arekson.com\/wp-content\/uploads\/2023\/06\/BPR430H_Web-1.jpg\",\"contentUrl\":\"https:\/\/arekson.com\/wp-content\/uploads\/2023\/06\/BPR430H_Web-1.jpg\",\"width\":800,\"height\":533},{\"@type\":\"BreadcrumbList\",\"@id\":\"https:\/\/arekson.com\/fr\/producto\/film-mask-humidity-film-de-enmascarar-pintable\/#breadcrumb\",\"itemListElement\":[{\"@type\":\"ListItem\",\"position\":1,\"name\":\"Home\",\"item\":\"https:\/\/arekson.com\/fr\/\"},{\"@type\":\"ListItem\",\"position\":2,\"name\":\"Produits\",\"item\":\"https:\/\/arekson.com\/fr\/shop\/\"},{\"@type\":\"ListItem\",\"position\":3,\"name\":\"FILM MASK HUMIDITY Film de masquage \u00e0 peindre\"}]},{\"@type\":\"WebSite\",\"@id\":\"https:\/\/arekson.com\/fr\/#website\",\"url\":\"https:\/\/arekson.com\/fr\/\",\"name\":\"Arekson Group\",\"description\":\"Marcas Referentes del Automovil Profesional\",\"publisher\":{\"@id\":\"https:\/\/arekson.com\/fr\/#organization\"},\"potentialAction\":[{\"@type\":\"SearchAction\",\"target\":{\"@type\":\"EntryPoint\",\"urlTemplate\":\"https:\/\/arekson.com\/fr\/?s={search_term_string}\"},\"query-input\":{\"@type\":\"PropertyValueSpecification\",\"valueRequired\":true,\"valueName\":\"search_term_string\"}}],\"inLanguage\":\"fr-FR\"},{\"@type\":\"Organization\",\"@id\":\"https:\/\/arekson.com\/fr\/#organization\",\"name\":\"Arekson Group\",\"url\":\"https:\/\/arekson.com\/fr\/\",\"logo\":{\"@type\":\"ImageObject\",\"inLanguage\":\"fr-FR\",\"@id\":\"https:\/\/arekson.com\/fr\/#\/schema\/logo\/image\/\",\"url\":\"https:\/\/arekson.com\/wp-content\/uploads\/2022\/06\/Arekson-Group-Logo-Gris.jpg\",\"contentUrl\":\"https:\/\/arekson.com\/wp-content\/uploads\/2022\/06\/Arekson-Group-Logo-Gris.jpg\",\"width\":174,\"height\":72,\"caption\":\"Arekson Group\"},\"image\":{\"@id\":\"https:\/\/arekson.com\/fr\/#\/schema\/logo\/image\/\"}}]}<\/script>\n<!-- \/ Yoast SEO plugin. -->","yoast_head_json":{"title":"CSP | FILM MASK HUMIDITY | Film de enmascarar pintable","description":"FILM MASK HUMIDITY | Film de enmascarar pintable | COBERTURA Y ENMASCARAMIENTO | ENMASCARAMIENTO DE EXTERIORES | REF: 951195 | CSP","robots":{"index":"index","follow":"follow","max-snippet":"max-snippet:-1","max-image-preview":"max-image-preview:large","max-video-preview":"max-video-preview:-1"},"canonical":"https:\/\/arekson.com\/fr\/producto\/film-mask-humidity-film-de-enmascarar-pintable\/","og_locale":"fr_FR","og_type":"article","og_title":"CSP | FILM MASK HUMIDITY | Film de enmascarar pintable","og_description":"FILM MASK HUMIDITY | Film de enmascarar pintable | COBERTURA Y ENMASCARAMIENTO | ENMASCARAMIENTO DE EXTERIORES | REF: 951195 | CSP","og_url":"https:\/\/arekson.com\/fr\/producto\/film-mask-humidity-film-de-enmascarar-pintable\/","og_site_name":"Arekson Group","article_modified_time":"2023-07-20T10:30:51+00:00","og_image":[{"width":800,"height":533,"url":"https:\/\/arekson.com\/wp-content\/uploads\/2023\/06\/BPR430H_Web-1.jpg","type":"image\/jpeg"}],"twitter_card":"summary_large_image","schema":{"@context":"https:\/\/schema.org","@graph":[{"@type":"WebPage","@id":"https:\/\/arekson.com\/fr\/producto\/film-mask-humidity-film-de-enmascarar-pintable\/","url":"https:\/\/arekson.com\/fr\/producto\/film-mask-humidity-film-de-enmascarar-pintable\/","name":"CSP | FILM MASK HUMIDITY | Film de enmascarar pintable","isPartOf":{"@id":"https:\/\/arekson.com\/fr\/#website"},"primaryImageOfPage":{"@id":"https:\/\/arekson.com\/fr\/producto\/film-mask-humidity-film-de-enmascarar-pintable\/#primaryimage"},"image":{"@id":"https:\/\/arekson.com\/fr\/producto\/film-mask-humidity-film-de-enmascarar-pintable\/#primaryimage"},"thumbnailUrl":"https:\/\/arekson.com\/wp-content\/uploads\/2023\/06\/BPR430H_Web-1.jpg","datePublished":"2023-07-12T14:18:34+00:00","dateModified":"2023-07-20T10:30:51+00:00","description":"FILM MASK HUMIDITY | Film de enmascarar pintable | COBERTURA Y ENMASCARAMIENTO | ENMASCARAMIENTO DE EXTERIORES | REF: 951195 | CSP","breadcrumb":{"@id":"https:\/\/arekson.com\/fr\/producto\/film-mask-humidity-film-de-enmascarar-pintable\/#breadcrumb"},"inLanguage":"fr-FR","potentialAction":[{"@type":"ReadAction","target":["https:\/\/arekson.com\/fr\/producto\/film-mask-humidity-film-de-enmascarar-pintable\/"]}]},{"@type":"ImageObject","inLanguage":"fr-FR","@id":"https:\/\/arekson.com\/fr\/producto\/film-mask-humidity-film-de-enmascarar-pintable\/#primaryimage","url":"https:\/\/arekson.com\/wp-content\/uploads\/2023\/06\/BPR430H_Web-1.jpg","contentUrl":"https:\/\/arekson.com\/wp-content\/uploads\/2023\/06\/BPR430H_Web-1.jpg","width":800,"height":533},{"@type":"BreadcrumbList","@id":"https:\/\/arekson.com\/fr\/producto\/film-mask-humidity-film-de-enmascarar-pintable\/#breadcrumb","itemListElement":[{"@type":"ListItem","position":1,"name":"Home","item":"https:\/\/arekson.com\/fr\/"},{"@type":"ListItem","position":2,"name":"Produits","item":"https:\/\/arekson.com\/fr\/shop\/"},{"@type":"ListItem","position":3,"name":"FILM MASK HUMIDITY Film de masquage \u00e0 peindre"}]},{"@type":"WebSite","@id":"https:\/\/arekson.com\/fr\/#website","url":"https:\/\/arekson.com\/fr\/","name":"Arekson Group","description":"Marcas Referentes del Automovil Profesional","publisher":{"@id":"https:\/\/arekson.com\/fr\/#organization"},"potentialAction":[{"@type":"SearchAction","target":{"@type":"EntryPoint","urlTemplate":"https:\/\/arekson.com\/fr\/?s={search_term_string}"},"query-input":{"@type":"PropertyValueSpecification","valueRequired":true,"valueName":"search_term_string"}}],"inLanguage":"fr-FR"},{"@type":"Organization","@id":"https:\/\/arekson.com\/fr\/#organization","name":"Arekson Group","url":"https:\/\/arekson.com\/fr\/","logo":{"@type":"ImageObject","inLanguage":"fr-FR","@id":"https:\/\/arekson.com\/fr\/#\/schema\/logo\/image\/","url":"https:\/\/arekson.com\/wp-content\/uploads\/2022\/06\/Arekson-Group-Logo-Gris.jpg","contentUrl":"https:\/\/arekson.com\/wp-content\/uploads\/2022\/06\/Arekson-Group-Logo-Gris.jpg","width":174,"height":72,"caption":"Arekson Group"},"image":{"@id":"https:\/\/arekson.com\/fr\/#\/schema\/logo\/image\/"}}]}},"_links":{"self":[{"href":"https:\/\/arekson.com\/fr\/wp-json\/wp\/v2\/product\/27210","targetHints":{"allow":["GET"]}}],"collection":[{"href":"https:\/\/arekson.com\/fr\/wp-json\/wp\/v2\/product"}],"about":[{"href":"https:\/\/arekson.com\/fr\/wp-json\/wp\/v2\/types\/product"}],"wp:featuredmedia":[{"embeddable":true,"href":"https:\/\/arekson.com\/fr\/wp-json\/wp\/v2\/media\/27088"}],"wp:attachment":[{"href":"https:\/\/arekson.com\/fr\/wp-json\/wp\/v2\/media?parent=27210"}],"wp:term":[{"taxonomy":"product_brand","embeddable":true,"href":"https:\/\/arekson.com\/fr\/wp-json\/wp\/v2\/product_brand?post=27210"},{"taxonomy":"product_cat","embeddable":true,"href":"https:\/\/arekson.com\/fr\/wp-json\/wp\/v2\/product_cat?post=27210"},{"taxonomy":"product_tag","embeddable":true,"href":"https:\/\/arekson.com\/fr\/wp-json\/wp\/v2\/product_tag?post=27210"}],"curies":[{"name":"wp","href":"https:\/\/api.w.org\/{rel}","templated":true}]}}