{"id":27099,"date":"2023-06-28T15:10:34","date_gmt":"2023-06-28T13:10:34","guid":{"rendered":"https:\/\/arekson.com\/?post_type=product&#038;p=27099"},"modified":"2023-07-12T15:37:18","modified_gmt":"2023-07-12T13:37:18","slug":"wheel-masking-filmfilm-de-peinture-de-jantes","status":"publish","type":"product","link":"https:\/\/arekson.com\/fr\/producto\/wheel-masking-filmfilm-de-peinture-de-jantes\/","title":{"rendered":"<strong><span class=\"nom-corto\">WHEEL MASKING FILM<\/span><\/strong><br><span class=\"nom-largo\">Film de peinture de jantes<\/span>"},"content":{"rendered":"<p style=\"text-align: right;\"><a class=\"boton-ficha\" href=\"https:\/\/arekson.com\/wp-content\/uploads\/2023\/07\/951179-CSP-WHEEL-MASKING-FILM-30-u.-FT-29062023_FR.pdf\" target=\"_blank\" rel=\"noopener\">D\u00e9tails Techniques<\/a> <\/p>\n","protected":false},"excerpt":{"rendered":"<p>Le film de retouche des jantes, con\u00e7u pour s\u2019adapter \u00e0 diff\u00e9rentes tailles de jantes, assure une couverture parfaite et une protection optimale sans avoir \u00e0 d\u00e9monter le pneu.<\/p>\n","protected":false},"featured_media":27067,"template":"","meta":{"_et_pb_use_builder":"","_et_pb_old_content":"","_et_gb_content_width":""},"product_brand":[],"product_cat":[367,980,363,988],"product_tag":[],"class_list":{"0":"post-27099","1":"product","2":"type-product","3":"status-publish","4":"has-post-thumbnail","6":"product_cat-auxiliaires-csp","7":"product_cat-couverture-et-masquage-csp","8":"product_cat-csp-fr","9":"product_cat-masquage-dexterieurs-csp","10":"pa_ok-csp-fr-ref-951179-sachet-30-unites","12":"first","13":"instock","14":"shipping-taxable","15":"purchasable","16":"product-type-variable"},"yoast_head":"<!-- This site is optimized with the Yoast SEO plugin v27.2 - https:\/\/yoast.com\/product\/yoast-seo-wordpress\/ -->\n<title>WHEEL MASKING FILMFilm de peinture de jantes | Arekson Group<\/title>\n<meta name=\"description\" content=\"Arekson Group | CSP | WHEEL MASKING FILM | Film de peinture de jantes | Produits de retouche automobile | Produits et solutions sur mesure pour r\u00e9pondre \u00e0 vos besoins | Ref. 951179\" \/>\n<meta name=\"robots\" content=\"index, follow, max-snippet:-1, max-image-preview:large, max-video-preview:-1\" \/>\n<link rel=\"canonical\" href=\"https:\/\/arekson.com\/fr\/producto\/wheel-masking-filmfilm-de-peinture-de-jantes\/\" \/>\n<meta property=\"og:locale\" content=\"fr_FR\" \/>\n<meta property=\"og:type\" content=\"article\" \/>\n<meta property=\"og:title\" content=\"WHEEL MASKING FILMFilm de peinture de jantes | Arekson Group\" \/>\n<meta property=\"og:description\" content=\"Arekson Group | CSP | WHEEL MASKING FILM | Film de peinture de jantes | Produits de retouche automobile | Produits et solutions sur mesure pour r\u00e9pondre \u00e0 vos besoins | Ref. 951179\" \/>\n<meta property=\"og:url\" content=\"https:\/\/arekson.com\/fr\/producto\/wheel-masking-filmfilm-de-peinture-de-jantes\/\" \/>\n<meta property=\"og:site_name\" content=\"Arekson Group\" \/>\n<meta property=\"article:modified_time\" content=\"2023-07-12T13:37:18+00:00\" \/>\n<meta property=\"og:image\" content=\"https:\/\/arekson.com\/wp-content\/uploads\/2023\/06\/CRA001_LQP-scaled.jpg\" \/>\n\t<meta property=\"og:image:width\" content=\"2301\" \/>\n\t<meta property=\"og:image:height\" content=\"2560\" \/>\n\t<meta property=\"og:image:type\" content=\"image\/jpeg\" \/>\n<meta name=\"twitter:card\" content=\"summary_large_image\" \/>\n<script type=\"application\/ld+json\" class=\"yoast-schema-graph\">{\"@context\":\"https:\/\/schema.org\",\"@graph\":[{\"@type\":\"WebPage\",\"@id\":\"https:\/\/arekson.com\/fr\/producto\/wheel-masking-filmfilm-de-peinture-de-jantes\/\",\"url\":\"https:\/\/arekson.com\/fr\/producto\/wheel-masking-filmfilm-de-peinture-de-jantes\/\",\"name\":\"WHEEL MASKING FILM Film de peinture de jantes | Arekson Group\",\"isPartOf\":{\"@id\":\"https:\/\/arekson.com\/fr\/#website\"},\"primaryImageOfPage\":{\"@id\":\"https:\/\/arekson.com\/fr\/producto\/wheel-masking-filmfilm-de-peinture-de-jantes\/#primaryimage\"},\"image\":{\"@id\":\"https:\/\/arekson.com\/fr\/producto\/wheel-masking-filmfilm-de-peinture-de-jantes\/#primaryimage\"},\"thumbnailUrl\":\"https:\/\/arekson.com\/wp-content\/uploads\/2023\/06\/CRA001_LQP-scaled.jpg\",\"datePublished\":\"2023-06-28T13:10:34+00:00\",\"dateModified\":\"2023-07-12T13:37:18+00:00\",\"description\":\"Arekson Group | CSP | WHEEL MASKING FILM | Film de peinture de jantes | Produits de retouche automobile | Produits et solutions sur mesure pour r\u00e9pondre \u00e0 vos besoins | Ref. 951179\",\"breadcrumb\":{\"@id\":\"https:\/\/arekson.com\/fr\/producto\/wheel-masking-filmfilm-de-peinture-de-jantes\/#breadcrumb\"},\"inLanguage\":\"fr-FR\",\"potentialAction\":[{\"@type\":\"ReadAction\",\"target\":[\"https:\/\/arekson.com\/fr\/producto\/wheel-masking-filmfilm-de-peinture-de-jantes\/\"]}]},{\"@type\":\"ImageObject\",\"inLanguage\":\"fr-FR\",\"@id\":\"https:\/\/arekson.com\/fr\/producto\/wheel-masking-filmfilm-de-peinture-de-jantes\/#primaryimage\",\"url\":\"https:\/\/arekson.com\/wp-content\/uploads\/2023\/06\/CRA001_LQP-scaled.jpg\",\"contentUrl\":\"https:\/\/arekson.com\/wp-content\/uploads\/2023\/06\/CRA001_LQP-scaled.jpg\",\"width\":2301,\"height\":2560},{\"@type\":\"BreadcrumbList\",\"@id\":\"https:\/\/arekson.com\/fr\/producto\/wheel-masking-filmfilm-de-peinture-de-jantes\/#breadcrumb\",\"itemListElement\":[{\"@type\":\"ListItem\",\"position\":1,\"name\":\"Home\",\"item\":\"https:\/\/arekson.com\/fr\/\"},{\"@type\":\"ListItem\",\"position\":2,\"name\":\"Produits\",\"item\":\"https:\/\/arekson.com\/fr\/shop\/\"},{\"@type\":\"ListItem\",\"position\":3,\"name\":\"WHEEL MASKING FILMFilm de peinture de jantes\"}]},{\"@type\":\"WebSite\",\"@id\":\"https:\/\/arekson.com\/fr\/#website\",\"url\":\"https:\/\/arekson.com\/fr\/\",\"name\":\"Arekson Group\",\"description\":\"Marcas Referentes del Automovil Profesional\",\"publisher\":{\"@id\":\"https:\/\/arekson.com\/fr\/#organization\"},\"potentialAction\":[{\"@type\":\"SearchAction\",\"target\":{\"@type\":\"EntryPoint\",\"urlTemplate\":\"https:\/\/arekson.com\/fr\/?s={search_term_string}\"},\"query-input\":{\"@type\":\"PropertyValueSpecification\",\"valueRequired\":true,\"valueName\":\"search_term_string\"}}],\"inLanguage\":\"fr-FR\"},{\"@type\":\"Organization\",\"@id\":\"https:\/\/arekson.com\/fr\/#organization\",\"name\":\"Arekson Group\",\"url\":\"https:\/\/arekson.com\/fr\/\",\"logo\":{\"@type\":\"ImageObject\",\"inLanguage\":\"fr-FR\",\"@id\":\"https:\/\/arekson.com\/fr\/#\/schema\/logo\/image\/\",\"url\":\"https:\/\/arekson.com\/wp-content\/uploads\/2022\/06\/Arekson-Group-Logo-Gris.jpg\",\"contentUrl\":\"https:\/\/arekson.com\/wp-content\/uploads\/2022\/06\/Arekson-Group-Logo-Gris.jpg\",\"width\":174,\"height\":72,\"caption\":\"Arekson Group\"},\"image\":{\"@id\":\"https:\/\/arekson.com\/fr\/#\/schema\/logo\/image\/\"}}]}<\/script>\n<!-- \/ Yoast SEO plugin. -->","yoast_head_json":{"title":"WHEEL MASKING FILMFilm de peinture de jantes | Arekson Group","description":"Arekson Group | CSP | WHEEL MASKING FILM | Film de peinture de jantes | Produits de retouche automobile | Produits et solutions sur mesure pour r\u00e9pondre \u00e0 vos besoins | Ref. 951179","robots":{"index":"index","follow":"follow","max-snippet":"max-snippet:-1","max-image-preview":"max-image-preview:large","max-video-preview":"max-video-preview:-1"},"canonical":"https:\/\/arekson.com\/fr\/producto\/wheel-masking-filmfilm-de-peinture-de-jantes\/","og_locale":"fr_FR","og_type":"article","og_title":"WHEEL MASKING FILMFilm de peinture de jantes | Arekson Group","og_description":"Arekson Group | CSP | WHEEL MASKING FILM | Film de peinture de jantes | Produits de retouche automobile | Produits et solutions sur mesure pour r\u00e9pondre \u00e0 vos besoins | Ref. 951179","og_url":"https:\/\/arekson.com\/fr\/producto\/wheel-masking-filmfilm-de-peinture-de-jantes\/","og_site_name":"Arekson Group","article_modified_time":"2023-07-12T13:37:18+00:00","og_image":[{"width":2301,"height":2560,"url":"https:\/\/arekson.com\/wp-content\/uploads\/2023\/06\/CRA001_LQP-scaled.jpg","type":"image\/jpeg"}],"twitter_card":"summary_large_image","schema":{"@context":"https:\/\/schema.org","@graph":[{"@type":"WebPage","@id":"https:\/\/arekson.com\/fr\/producto\/wheel-masking-filmfilm-de-peinture-de-jantes\/","url":"https:\/\/arekson.com\/fr\/producto\/wheel-masking-filmfilm-de-peinture-de-jantes\/","name":"WHEEL MASKING FILM Film de peinture de jantes | Arekson Group","isPartOf":{"@id":"https:\/\/arekson.com\/fr\/#website"},"primaryImageOfPage":{"@id":"https:\/\/arekson.com\/fr\/producto\/wheel-masking-filmfilm-de-peinture-de-jantes\/#primaryimage"},"image":{"@id":"https:\/\/arekson.com\/fr\/producto\/wheel-masking-filmfilm-de-peinture-de-jantes\/#primaryimage"},"thumbnailUrl":"https:\/\/arekson.com\/wp-content\/uploads\/2023\/06\/CRA001_LQP-scaled.jpg","datePublished":"2023-06-28T13:10:34+00:00","dateModified":"2023-07-12T13:37:18+00:00","description":"Arekson Group | CSP | WHEEL MASKING FILM | Film de peinture de jantes | Produits de retouche automobile | Produits et solutions sur mesure pour r\u00e9pondre \u00e0 vos besoins | Ref. 951179","breadcrumb":{"@id":"https:\/\/arekson.com\/fr\/producto\/wheel-masking-filmfilm-de-peinture-de-jantes\/#breadcrumb"},"inLanguage":"fr-FR","potentialAction":[{"@type":"ReadAction","target":["https:\/\/arekson.com\/fr\/producto\/wheel-masking-filmfilm-de-peinture-de-jantes\/"]}]},{"@type":"ImageObject","inLanguage":"fr-FR","@id":"https:\/\/arekson.com\/fr\/producto\/wheel-masking-filmfilm-de-peinture-de-jantes\/#primaryimage","url":"https:\/\/arekson.com\/wp-content\/uploads\/2023\/06\/CRA001_LQP-scaled.jpg","contentUrl":"https:\/\/arekson.com\/wp-content\/uploads\/2023\/06\/CRA001_LQP-scaled.jpg","width":2301,"height":2560},{"@type":"BreadcrumbList","@id":"https:\/\/arekson.com\/fr\/producto\/wheel-masking-filmfilm-de-peinture-de-jantes\/#breadcrumb","itemListElement":[{"@type":"ListItem","position":1,"name":"Home","item":"https:\/\/arekson.com\/fr\/"},{"@type":"ListItem","position":2,"name":"Produits","item":"https:\/\/arekson.com\/fr\/shop\/"},{"@type":"ListItem","position":3,"name":"WHEEL MASKING FILMFilm de peinture de jantes"}]},{"@type":"WebSite","@id":"https:\/\/arekson.com\/fr\/#website","url":"https:\/\/arekson.com\/fr\/","name":"Arekson Group","description":"Marcas Referentes del Automovil Profesional","publisher":{"@id":"https:\/\/arekson.com\/fr\/#organization"},"potentialAction":[{"@type":"SearchAction","target":{"@type":"EntryPoint","urlTemplate":"https:\/\/arekson.com\/fr\/?s={search_term_string}"},"query-input":{"@type":"PropertyValueSpecification","valueRequired":true,"valueName":"search_term_string"}}],"inLanguage":"fr-FR"},{"@type":"Organization","@id":"https:\/\/arekson.com\/fr\/#organization","name":"Arekson Group","url":"https:\/\/arekson.com\/fr\/","logo":{"@type":"ImageObject","inLanguage":"fr-FR","@id":"https:\/\/arekson.com\/fr\/#\/schema\/logo\/image\/","url":"https:\/\/arekson.com\/wp-content\/uploads\/2022\/06\/Arekson-Group-Logo-Gris.jpg","contentUrl":"https:\/\/arekson.com\/wp-content\/uploads\/2022\/06\/Arekson-Group-Logo-Gris.jpg","width":174,"height":72,"caption":"Arekson Group"},"image":{"@id":"https:\/\/arekson.com\/fr\/#\/schema\/logo\/image\/"}}]}},"_links":{"self":[{"href":"https:\/\/arekson.com\/fr\/wp-json\/wp\/v2\/product\/27099","targetHints":{"allow":["GET"]}}],"collection":[{"href":"https:\/\/arekson.com\/fr\/wp-json\/wp\/v2\/product"}],"about":[{"href":"https:\/\/arekson.com\/fr\/wp-json\/wp\/v2\/types\/product"}],"wp:featuredmedia":[{"embeddable":true,"href":"https:\/\/arekson.com\/fr\/wp-json\/wp\/v2\/media\/27067"}],"wp:attachment":[{"href":"https:\/\/arekson.com\/fr\/wp-json\/wp\/v2\/media?parent=27099"}],"wp:term":[{"taxonomy":"product_brand","embeddable":true,"href":"https:\/\/arekson.com\/fr\/wp-json\/wp\/v2\/product_brand?post=27099"},{"taxonomy":"product_cat","embeddable":true,"href":"https:\/\/arekson.com\/fr\/wp-json\/wp\/v2\/product_cat?post=27099"},{"taxonomy":"product_tag","embeddable":true,"href":"https:\/\/arekson.com\/fr\/wp-json\/wp\/v2\/product_tag?post=27099"}],"curies":[{"name":"wp","href":"https:\/\/api.w.org\/{rel}","templated":true}]}}