{"id":27080,"date":"2023-06-28T12:11:55","date_gmt":"2023-06-28T10:11:55","guid":{"rendered":"https:\/\/arekson.com\/?post_type=product&#038;p=27080"},"modified":"2023-07-12T15:35:27","modified_gmt":"2023-07-12T13:35:27","slug":"masking-film-humidity-film-de-masquage","status":"publish","type":"product","link":"https:\/\/arekson.com\/fr\/producto\/masking-film-humidity-film-de-masquage\/","title":{"rendered":"<strong><span class=\"nom-corto\">MASKING FILM HUMIDITY <\/span><\/strong><br><span class=\"nom-largo\">Film de masquage<\/span>"},"content":{"rendered":"<p style=\"text-align: right;\"><a class=\"boton-ficha\" href=\"https:\/\/arekson.com\/wp-content\/uploads\/2023\/07\/BPC24018-KABIN-MASKING-PLAST-4-x-240-x-18-m-FT-27062023_FR.pdf\" target=\"_blank\" rel=\"noopener\">D\u00e9tails Techniques<\/a> <\/p>\n","protected":false},"excerpt":{"rendered":"<p>Film plastique de 14 \u00b5 pour le masquage des voitures pouvant pr\u00e9senter une humidit\u00e9 r\u00e9siduelle. Gr\u00e2ce \u00e0 la charge \u00e9lectrostatique, le film adh\u00e8re fermement aux surfaces \u00e0 prot\u00e9ger. R\u00e9siste \u00e0 des temp\u00e9ratures allant jusqu&rsquo;\u00e0 110\u00b0C. Parfait adh\u00e8re parfaitement \u00e0 la peinture sur toute la surface. Emp\u00eache l&rsquo;humidit\u00e9 de former des taches sur les surfaces prot\u00e9g\u00e9es.<\/p>\n","protected":false},"featured_media":27088,"template":"","meta":{"_et_pb_use_builder":"","_et_pb_old_content":"","_et_gb_content_width":""},"product_brand":[],"product_cat":[1123,1139,1147,370],"product_tag":[],"class_list":{"0":"post-27080","1":"product","2":"type-product","3":"status-publish","4":"has-post-thumbnail","6":"product_cat-auxiliaires","7":"product_cat-couverture-et-masquage","8":"product_cat-masquage-dexterieurs","9":"product_cat-seicar-fr","10":"pa_seicar-fr-ref-bpr415h-boite-4-x150m-1-unite","12":"first","13":"instock","14":"shipping-taxable","15":"purchasable","16":"product-type-variable"},"yoast_head":"<!-- This site is optimized with the Yoast SEO plugin v27.2 - https:\/\/yoast.com\/product\/yoast-seo-wordpress\/ -->\n<title>MASKING FILM HUMIDITY Film de masquage | Arekson Group<\/title>\n<meta name=\"description\" content=\"Arekson Group | Produits de retouche automobile | Produits et solutions sur mesure pour r\u00e9pondre \u00e0 vos besoins\" \/>\n<meta name=\"robots\" content=\"index, follow, max-snippet:-1, max-image-preview:large, max-video-preview:-1\" \/>\n<link rel=\"canonical\" href=\"https:\/\/arekson.com\/fr\/producto\/masking-film-humidity-film-de-masquage\/\" \/>\n<meta property=\"og:locale\" content=\"fr_FR\" \/>\n<meta property=\"og:type\" content=\"article\" \/>\n<meta property=\"og:title\" content=\"MASKING FILM HUMIDITY Film de masquage | Arekson Group\" \/>\n<meta property=\"og:description\" content=\"Arekson Group | Produits de retouche automobile | Produits et solutions sur mesure pour r\u00e9pondre \u00e0 vos besoins\" \/>\n<meta property=\"og:url\" content=\"https:\/\/arekson.com\/fr\/producto\/masking-film-humidity-film-de-masquage\/\" \/>\n<meta property=\"og:site_name\" content=\"Arekson Group\" \/>\n<meta property=\"article:modified_time\" content=\"2023-07-12T13:35:27+00:00\" \/>\n<meta property=\"og:image\" content=\"https:\/\/arekson.com\/wp-content\/uploads\/2023\/06\/BPR430H_Web-1.jpg\" \/>\n\t<meta property=\"og:image:width\" content=\"800\" \/>\n\t<meta property=\"og:image:height\" content=\"533\" \/>\n\t<meta property=\"og:image:type\" content=\"image\/jpeg\" \/>\n<meta name=\"twitter:card\" content=\"summary_large_image\" \/>\n<script type=\"application\/ld+json\" class=\"yoast-schema-graph\">{\"@context\":\"https:\/\/schema.org\",\"@graph\":[{\"@type\":\"WebPage\",\"@id\":\"https:\/\/arekson.com\/fr\/producto\/masking-film-humidity-film-de-masquage\/\",\"url\":\"https:\/\/arekson.com\/fr\/producto\/masking-film-humidity-film-de-masquage\/\",\"name\":\"MASKING FILM HUMIDITY Film de masquage | Arekson Group\",\"isPartOf\":{\"@id\":\"https:\/\/arekson.com\/fr\/#website\"},\"primaryImageOfPage\":{\"@id\":\"https:\/\/arekson.com\/fr\/producto\/masking-film-humidity-film-de-masquage\/#primaryimage\"},\"image\":{\"@id\":\"https:\/\/arekson.com\/fr\/producto\/masking-film-humidity-film-de-masquage\/#primaryimage\"},\"thumbnailUrl\":\"https:\/\/arekson.com\/wp-content\/uploads\/2023\/06\/BPR430H_Web-1.jpg\",\"datePublished\":\"2023-06-28T10:11:55+00:00\",\"dateModified\":\"2023-07-12T13:35:27+00:00\",\"description\":\"Arekson Group | Produits de retouche automobile | Produits et solutions sur mesure pour r\u00e9pondre \u00e0 vos besoins\",\"breadcrumb\":{\"@id\":\"https:\/\/arekson.com\/fr\/producto\/masking-film-humidity-film-de-masquage\/#breadcrumb\"},\"inLanguage\":\"fr-FR\",\"potentialAction\":[{\"@type\":\"ReadAction\",\"target\":[\"https:\/\/arekson.com\/fr\/producto\/masking-film-humidity-film-de-masquage\/\"]}]},{\"@type\":\"ImageObject\",\"inLanguage\":\"fr-FR\",\"@id\":\"https:\/\/arekson.com\/fr\/producto\/masking-film-humidity-film-de-masquage\/#primaryimage\",\"url\":\"https:\/\/arekson.com\/wp-content\/uploads\/2023\/06\/BPR430H_Web-1.jpg\",\"contentUrl\":\"https:\/\/arekson.com\/wp-content\/uploads\/2023\/06\/BPR430H_Web-1.jpg\",\"width\":800,\"height\":533},{\"@type\":\"BreadcrumbList\",\"@id\":\"https:\/\/arekson.com\/fr\/producto\/masking-film-humidity-film-de-masquage\/#breadcrumb\",\"itemListElement\":[{\"@type\":\"ListItem\",\"position\":1,\"name\":\"Home\",\"item\":\"https:\/\/arekson.com\/fr\/\"},{\"@type\":\"ListItem\",\"position\":2,\"name\":\"Produits\",\"item\":\"https:\/\/arekson.com\/fr\/shop\/\"},{\"@type\":\"ListItem\",\"position\":3,\"name\":\"MASKING FILM HUMIDITY Film de masquage\"}]},{\"@type\":\"WebSite\",\"@id\":\"https:\/\/arekson.com\/fr\/#website\",\"url\":\"https:\/\/arekson.com\/fr\/\",\"name\":\"Arekson Group\",\"description\":\"Marcas Referentes del Automovil Profesional\",\"publisher\":{\"@id\":\"https:\/\/arekson.com\/fr\/#organization\"},\"potentialAction\":[{\"@type\":\"SearchAction\",\"target\":{\"@type\":\"EntryPoint\",\"urlTemplate\":\"https:\/\/arekson.com\/fr\/?s={search_term_string}\"},\"query-input\":{\"@type\":\"PropertyValueSpecification\",\"valueRequired\":true,\"valueName\":\"search_term_string\"}}],\"inLanguage\":\"fr-FR\"},{\"@type\":\"Organization\",\"@id\":\"https:\/\/arekson.com\/fr\/#organization\",\"name\":\"Arekson Group\",\"url\":\"https:\/\/arekson.com\/fr\/\",\"logo\":{\"@type\":\"ImageObject\",\"inLanguage\":\"fr-FR\",\"@id\":\"https:\/\/arekson.com\/fr\/#\/schema\/logo\/image\/\",\"url\":\"https:\/\/arekson.com\/wp-content\/uploads\/2022\/06\/Arekson-Group-Logo-Gris.jpg\",\"contentUrl\":\"https:\/\/arekson.com\/wp-content\/uploads\/2022\/06\/Arekson-Group-Logo-Gris.jpg\",\"width\":174,\"height\":72,\"caption\":\"Arekson Group\"},\"image\":{\"@id\":\"https:\/\/arekson.com\/fr\/#\/schema\/logo\/image\/\"}}]}<\/script>\n<!-- \/ Yoast SEO plugin. -->","yoast_head_json":{"title":"MASKING FILM HUMIDITY Film de masquage | Arekson Group","description":"Arekson Group | Produits de retouche automobile | Produits et solutions sur mesure pour r\u00e9pondre \u00e0 vos besoins","robots":{"index":"index","follow":"follow","max-snippet":"max-snippet:-1","max-image-preview":"max-image-preview:large","max-video-preview":"max-video-preview:-1"},"canonical":"https:\/\/arekson.com\/fr\/producto\/masking-film-humidity-film-de-masquage\/","og_locale":"fr_FR","og_type":"article","og_title":"MASKING FILM HUMIDITY Film de masquage | Arekson Group","og_description":"Arekson Group | Produits de retouche automobile | Produits et solutions sur mesure pour r\u00e9pondre \u00e0 vos besoins","og_url":"https:\/\/arekson.com\/fr\/producto\/masking-film-humidity-film-de-masquage\/","og_site_name":"Arekson Group","article_modified_time":"2023-07-12T13:35:27+00:00","og_image":[{"width":800,"height":533,"url":"https:\/\/arekson.com\/wp-content\/uploads\/2023\/06\/BPR430H_Web-1.jpg","type":"image\/jpeg"}],"twitter_card":"summary_large_image","schema":{"@context":"https:\/\/schema.org","@graph":[{"@type":"WebPage","@id":"https:\/\/arekson.com\/fr\/producto\/masking-film-humidity-film-de-masquage\/","url":"https:\/\/arekson.com\/fr\/producto\/masking-film-humidity-film-de-masquage\/","name":"MASKING FILM HUMIDITY Film de masquage | Arekson Group","isPartOf":{"@id":"https:\/\/arekson.com\/fr\/#website"},"primaryImageOfPage":{"@id":"https:\/\/arekson.com\/fr\/producto\/masking-film-humidity-film-de-masquage\/#primaryimage"},"image":{"@id":"https:\/\/arekson.com\/fr\/producto\/masking-film-humidity-film-de-masquage\/#primaryimage"},"thumbnailUrl":"https:\/\/arekson.com\/wp-content\/uploads\/2023\/06\/BPR430H_Web-1.jpg","datePublished":"2023-06-28T10:11:55+00:00","dateModified":"2023-07-12T13:35:27+00:00","description":"Arekson Group | Produits de retouche automobile | Produits et solutions sur mesure pour r\u00e9pondre \u00e0 vos besoins","breadcrumb":{"@id":"https:\/\/arekson.com\/fr\/producto\/masking-film-humidity-film-de-masquage\/#breadcrumb"},"inLanguage":"fr-FR","potentialAction":[{"@type":"ReadAction","target":["https:\/\/arekson.com\/fr\/producto\/masking-film-humidity-film-de-masquage\/"]}]},{"@type":"ImageObject","inLanguage":"fr-FR","@id":"https:\/\/arekson.com\/fr\/producto\/masking-film-humidity-film-de-masquage\/#primaryimage","url":"https:\/\/arekson.com\/wp-content\/uploads\/2023\/06\/BPR430H_Web-1.jpg","contentUrl":"https:\/\/arekson.com\/wp-content\/uploads\/2023\/06\/BPR430H_Web-1.jpg","width":800,"height":533},{"@type":"BreadcrumbList","@id":"https:\/\/arekson.com\/fr\/producto\/masking-film-humidity-film-de-masquage\/#breadcrumb","itemListElement":[{"@type":"ListItem","position":1,"name":"Home","item":"https:\/\/arekson.com\/fr\/"},{"@type":"ListItem","position":2,"name":"Produits","item":"https:\/\/arekson.com\/fr\/shop\/"},{"@type":"ListItem","position":3,"name":"MASKING FILM HUMIDITY Film de masquage"}]},{"@type":"WebSite","@id":"https:\/\/arekson.com\/fr\/#website","url":"https:\/\/arekson.com\/fr\/","name":"Arekson Group","description":"Marcas Referentes del Automovil Profesional","publisher":{"@id":"https:\/\/arekson.com\/fr\/#organization"},"potentialAction":[{"@type":"SearchAction","target":{"@type":"EntryPoint","urlTemplate":"https:\/\/arekson.com\/fr\/?s={search_term_string}"},"query-input":{"@type":"PropertyValueSpecification","valueRequired":true,"valueName":"search_term_string"}}],"inLanguage":"fr-FR"},{"@type":"Organization","@id":"https:\/\/arekson.com\/fr\/#organization","name":"Arekson Group","url":"https:\/\/arekson.com\/fr\/","logo":{"@type":"ImageObject","inLanguage":"fr-FR","@id":"https:\/\/arekson.com\/fr\/#\/schema\/logo\/image\/","url":"https:\/\/arekson.com\/wp-content\/uploads\/2022\/06\/Arekson-Group-Logo-Gris.jpg","contentUrl":"https:\/\/arekson.com\/wp-content\/uploads\/2022\/06\/Arekson-Group-Logo-Gris.jpg","width":174,"height":72,"caption":"Arekson Group"},"image":{"@id":"https:\/\/arekson.com\/fr\/#\/schema\/logo\/image\/"}}]}},"_links":{"self":[{"href":"https:\/\/arekson.com\/fr\/wp-json\/wp\/v2\/product\/27080","targetHints":{"allow":["GET"]}}],"collection":[{"href":"https:\/\/arekson.com\/fr\/wp-json\/wp\/v2\/product"}],"about":[{"href":"https:\/\/arekson.com\/fr\/wp-json\/wp\/v2\/types\/product"}],"wp:featuredmedia":[{"embeddable":true,"href":"https:\/\/arekson.com\/fr\/wp-json\/wp\/v2\/media\/27088"}],"wp:attachment":[{"href":"https:\/\/arekson.com\/fr\/wp-json\/wp\/v2\/media?parent=27080"}],"wp:term":[{"taxonomy":"product_brand","embeddable":true,"href":"https:\/\/arekson.com\/fr\/wp-json\/wp\/v2\/product_brand?post=27080"},{"taxonomy":"product_cat","embeddable":true,"href":"https:\/\/arekson.com\/fr\/wp-json\/wp\/v2\/product_cat?post=27080"},{"taxonomy":"product_tag","embeddable":true,"href":"https:\/\/arekson.com\/fr\/wp-json\/wp\/v2\/product_tag?post=27080"}],"curies":[{"name":"wp","href":"https:\/\/api.w.org\/{rel}","templated":true}]}}