{"id":26577,"date":"2023-05-24T09:38:23","date_gmt":"2023-05-24T07:38:23","guid":{"rendered":"https:\/\/arekson.com\/?post_type=product&#038;p=26577"},"modified":"2023-05-24T15:33:39","modified_gmt":"2023-05-24T13:33:39","slug":"spray-gun-gs-10-silver-pistolet-peinture-a-gravite-goldstar","status":"publish","type":"product","link":"https:\/\/arekson.com\/fr\/producto\/spray-gun-gs-10-silver-pistolet-peinture-a-gravite-goldstar\/","title":{"rendered":"<strong><span class=\"nom-corto\">SPRAY GUN GS\/10 SILVER <\/span><\/strong><br><span class=\"nom-largo\">Pistolet peinture \u00e0 gravit\u00e9 Goldstar<\/span>"},"content":{"rendered":"","protected":false},"excerpt":{"rendered":"<p>Pistolet professionnel \u00e0 gravit\u00e9 avec corps en aluminium. Buse et aiguille en acier inoxydable id\u00e9al pour peintures \u00e0 base d\u2019eau et vernis. Pistolet de premi\u00e8re qualit\u00e9 pour la pulv\u00e9risation gr\u00e2ce \u00e0 une technique de fabrication \u00e9labor\u00e9e. Godet nylon 600 cc.<\/p>\n","protected":false},"featured_media":26573,"template":"","meta":{"_et_pb_use_builder":"","_et_pb_old_content":"","_et_gb_content_width":""},"product_brand":[],"product_cat":[1123,1153,1149,370],"product_tag":[],"class_list":{"0":"post-26577","1":"product","2":"type-product","3":"status-publish","4":"has-post-thumbnail","6":"product_cat-auxiliaires","7":"product_cat-pistolets-a-peinture-et-pieces-de-rechange","8":"product_cat-pistolets-et-accessoires","9":"product_cat-seicar-fr","10":"pa_seicar-fr-ref-pd709002-argentrouge-boite-12-mm-1-unite","11":"pa_seicar-fr-ref-pd709003-argentrouge-boite-13-mm-1-unite","13":"first","14":"instock","15":"shipping-taxable","16":"purchasable","17":"product-type-variable"},"yoast_head":"<!-- This site is optimized with the Yoast SEO plugin v27.2 - https:\/\/yoast.com\/product\/yoast-seo-wordpress\/ -->\n<title>SEICAR |SPRAY GUN GS\/10 SILVER Pistolet peinture \u00e0 gravit\u00e9 Goldstar | Arekson Group<\/title>\n<meta name=\"description\" content=\"Arekson Group | Productos para el Repintado de Veh\u00edculos | Productos y soluciones personalizados a sus necesidades\" \/>\n<meta name=\"robots\" content=\"index, follow, max-snippet:-1, max-image-preview:large, max-video-preview:-1\" \/>\n<link rel=\"canonical\" href=\"https:\/\/arekson.com\/fr\/producto\/spray-gun-gs-10-silver-pistolet-peinture-a-gravite-goldstar\/\" \/>\n<meta property=\"og:locale\" content=\"fr_FR\" \/>\n<meta property=\"og:type\" content=\"article\" \/>\n<meta property=\"og:title\" content=\"SEICAR |SPRAY GUN GS\/10 SILVER Pistolet peinture \u00e0 gravit\u00e9 Goldstar | Arekson Group\" \/>\n<meta property=\"og:description\" content=\"Arekson Group | Productos para el Repintado de Veh\u00edculos | Productos y soluciones personalizados a sus necesidades\" \/>\n<meta property=\"og:url\" content=\"https:\/\/arekson.com\/fr\/producto\/spray-gun-gs-10-silver-pistolet-peinture-a-gravite-goldstar\/\" \/>\n<meta property=\"og:site_name\" content=\"Arekson Group\" \/>\n<meta property=\"article:modified_time\" content=\"2023-05-24T13:33:39+00:00\" \/>\n<meta property=\"og:image\" content=\"https:\/\/arekson.com\/wp-content\/uploads\/2023\/05\/PD709002_web2-3.jpg\" \/>\n\t<meta property=\"og:image:width\" content=\"563\" \/>\n\t<meta property=\"og:image:height\" content=\"600\" \/>\n\t<meta property=\"og:image:type\" content=\"image\/jpeg\" \/>\n<meta name=\"twitter:card\" content=\"summary_large_image\" \/>\n<script type=\"application\/ld+json\" class=\"yoast-schema-graph\">{\"@context\":\"https:\/\/schema.org\",\"@graph\":[{\"@type\":\"WebPage\",\"@id\":\"https:\/\/arekson.com\/fr\/producto\/spray-gun-gs-10-silver-pistolet-peinture-a-gravite-goldstar\/\",\"url\":\"https:\/\/arekson.com\/fr\/producto\/spray-gun-gs-10-silver-pistolet-peinture-a-gravite-goldstar\/\",\"name\":\"SEICAR |SPRAY GUN GS\/10 SILVER Pistolet peinture \u00e0 gravit\u00e9 Goldstar | Arekson Group\",\"isPartOf\":{\"@id\":\"https:\/\/arekson.com\/fr\/#website\"},\"primaryImageOfPage\":{\"@id\":\"https:\/\/arekson.com\/fr\/producto\/spray-gun-gs-10-silver-pistolet-peinture-a-gravite-goldstar\/#primaryimage\"},\"image\":{\"@id\":\"https:\/\/arekson.com\/fr\/producto\/spray-gun-gs-10-silver-pistolet-peinture-a-gravite-goldstar\/#primaryimage\"},\"thumbnailUrl\":\"https:\/\/arekson.com\/wp-content\/uploads\/2023\/05\/PD709002_web2-3.jpg\",\"datePublished\":\"2023-05-24T07:38:23+00:00\",\"dateModified\":\"2023-05-24T13:33:39+00:00\",\"description\":\"Arekson Group | Productos para el Repintado de Veh\u00edculos | Productos y soluciones personalizados a sus necesidades\",\"breadcrumb\":{\"@id\":\"https:\/\/arekson.com\/fr\/producto\/spray-gun-gs-10-silver-pistolet-peinture-a-gravite-goldstar\/#breadcrumb\"},\"inLanguage\":\"fr-FR\",\"potentialAction\":[{\"@type\":\"ReadAction\",\"target\":[\"https:\/\/arekson.com\/fr\/producto\/spray-gun-gs-10-silver-pistolet-peinture-a-gravite-goldstar\/\"]}]},{\"@type\":\"ImageObject\",\"inLanguage\":\"fr-FR\",\"@id\":\"https:\/\/arekson.com\/fr\/producto\/spray-gun-gs-10-silver-pistolet-peinture-a-gravite-goldstar\/#primaryimage\",\"url\":\"https:\/\/arekson.com\/wp-content\/uploads\/2023\/05\/PD709002_web2-3.jpg\",\"contentUrl\":\"https:\/\/arekson.com\/wp-content\/uploads\/2023\/05\/PD709002_web2-3.jpg\",\"width\":563,\"height\":600},{\"@type\":\"BreadcrumbList\",\"@id\":\"https:\/\/arekson.com\/fr\/producto\/spray-gun-gs-10-silver-pistolet-peinture-a-gravite-goldstar\/#breadcrumb\",\"itemListElement\":[{\"@type\":\"ListItem\",\"position\":1,\"name\":\"Home\",\"item\":\"https:\/\/arekson.com\/fr\/\"},{\"@type\":\"ListItem\",\"position\":2,\"name\":\"Produits\",\"item\":\"https:\/\/arekson.com\/fr\/shop\/\"},{\"@type\":\"ListItem\",\"position\":3,\"name\":\"SPRAY GUN GS\/10 SILVER Pistolet peinture \u00e0 gravit\u00e9 Goldstar\"}]},{\"@type\":\"WebSite\",\"@id\":\"https:\/\/arekson.com\/fr\/#website\",\"url\":\"https:\/\/arekson.com\/fr\/\",\"name\":\"Arekson Group\",\"description\":\"Marcas Referentes del Automovil Profesional\",\"publisher\":{\"@id\":\"https:\/\/arekson.com\/fr\/#organization\"},\"potentialAction\":[{\"@type\":\"SearchAction\",\"target\":{\"@type\":\"EntryPoint\",\"urlTemplate\":\"https:\/\/arekson.com\/fr\/?s={search_term_string}\"},\"query-input\":{\"@type\":\"PropertyValueSpecification\",\"valueRequired\":true,\"valueName\":\"search_term_string\"}}],\"inLanguage\":\"fr-FR\"},{\"@type\":\"Organization\",\"@id\":\"https:\/\/arekson.com\/fr\/#organization\",\"name\":\"Arekson Group\",\"url\":\"https:\/\/arekson.com\/fr\/\",\"logo\":{\"@type\":\"ImageObject\",\"inLanguage\":\"fr-FR\",\"@id\":\"https:\/\/arekson.com\/fr\/#\/schema\/logo\/image\/\",\"url\":\"https:\/\/arekson.com\/wp-content\/uploads\/2022\/06\/Arekson-Group-Logo-Gris.jpg\",\"contentUrl\":\"https:\/\/arekson.com\/wp-content\/uploads\/2022\/06\/Arekson-Group-Logo-Gris.jpg\",\"width\":174,\"height\":72,\"caption\":\"Arekson Group\"},\"image\":{\"@id\":\"https:\/\/arekson.com\/fr\/#\/schema\/logo\/image\/\"}}]}<\/script>\n<!-- \/ Yoast SEO plugin. -->","yoast_head_json":{"title":"SEICAR |SPRAY GUN GS\/10 SILVER Pistolet peinture \u00e0 gravit\u00e9 Goldstar | Arekson Group","description":"Arekson Group | Productos para el Repintado de Veh\u00edculos | Productos y soluciones personalizados a sus necesidades","robots":{"index":"index","follow":"follow","max-snippet":"max-snippet:-1","max-image-preview":"max-image-preview:large","max-video-preview":"max-video-preview:-1"},"canonical":"https:\/\/arekson.com\/fr\/producto\/spray-gun-gs-10-silver-pistolet-peinture-a-gravite-goldstar\/","og_locale":"fr_FR","og_type":"article","og_title":"SEICAR |SPRAY GUN GS\/10 SILVER Pistolet peinture \u00e0 gravit\u00e9 Goldstar | Arekson Group","og_description":"Arekson Group | Productos para el Repintado de Veh\u00edculos | Productos y soluciones personalizados a sus necesidades","og_url":"https:\/\/arekson.com\/fr\/producto\/spray-gun-gs-10-silver-pistolet-peinture-a-gravite-goldstar\/","og_site_name":"Arekson Group","article_modified_time":"2023-05-24T13:33:39+00:00","og_image":[{"width":563,"height":600,"url":"https:\/\/arekson.com\/wp-content\/uploads\/2023\/05\/PD709002_web2-3.jpg","type":"image\/jpeg"}],"twitter_card":"summary_large_image","schema":{"@context":"https:\/\/schema.org","@graph":[{"@type":"WebPage","@id":"https:\/\/arekson.com\/fr\/producto\/spray-gun-gs-10-silver-pistolet-peinture-a-gravite-goldstar\/","url":"https:\/\/arekson.com\/fr\/producto\/spray-gun-gs-10-silver-pistolet-peinture-a-gravite-goldstar\/","name":"SEICAR |SPRAY GUN GS\/10 SILVER Pistolet peinture \u00e0 gravit\u00e9 Goldstar | Arekson Group","isPartOf":{"@id":"https:\/\/arekson.com\/fr\/#website"},"primaryImageOfPage":{"@id":"https:\/\/arekson.com\/fr\/producto\/spray-gun-gs-10-silver-pistolet-peinture-a-gravite-goldstar\/#primaryimage"},"image":{"@id":"https:\/\/arekson.com\/fr\/producto\/spray-gun-gs-10-silver-pistolet-peinture-a-gravite-goldstar\/#primaryimage"},"thumbnailUrl":"https:\/\/arekson.com\/wp-content\/uploads\/2023\/05\/PD709002_web2-3.jpg","datePublished":"2023-05-24T07:38:23+00:00","dateModified":"2023-05-24T13:33:39+00:00","description":"Arekson Group | Productos para el Repintado de Veh\u00edculos | Productos y soluciones personalizados a sus necesidades","breadcrumb":{"@id":"https:\/\/arekson.com\/fr\/producto\/spray-gun-gs-10-silver-pistolet-peinture-a-gravite-goldstar\/#breadcrumb"},"inLanguage":"fr-FR","potentialAction":[{"@type":"ReadAction","target":["https:\/\/arekson.com\/fr\/producto\/spray-gun-gs-10-silver-pistolet-peinture-a-gravite-goldstar\/"]}]},{"@type":"ImageObject","inLanguage":"fr-FR","@id":"https:\/\/arekson.com\/fr\/producto\/spray-gun-gs-10-silver-pistolet-peinture-a-gravite-goldstar\/#primaryimage","url":"https:\/\/arekson.com\/wp-content\/uploads\/2023\/05\/PD709002_web2-3.jpg","contentUrl":"https:\/\/arekson.com\/wp-content\/uploads\/2023\/05\/PD709002_web2-3.jpg","width":563,"height":600},{"@type":"BreadcrumbList","@id":"https:\/\/arekson.com\/fr\/producto\/spray-gun-gs-10-silver-pistolet-peinture-a-gravite-goldstar\/#breadcrumb","itemListElement":[{"@type":"ListItem","position":1,"name":"Home","item":"https:\/\/arekson.com\/fr\/"},{"@type":"ListItem","position":2,"name":"Produits","item":"https:\/\/arekson.com\/fr\/shop\/"},{"@type":"ListItem","position":3,"name":"SPRAY GUN GS\/10 SILVER Pistolet peinture \u00e0 gravit\u00e9 Goldstar"}]},{"@type":"WebSite","@id":"https:\/\/arekson.com\/fr\/#website","url":"https:\/\/arekson.com\/fr\/","name":"Arekson Group","description":"Marcas Referentes del Automovil Profesional","publisher":{"@id":"https:\/\/arekson.com\/fr\/#organization"},"potentialAction":[{"@type":"SearchAction","target":{"@type":"EntryPoint","urlTemplate":"https:\/\/arekson.com\/fr\/?s={search_term_string}"},"query-input":{"@type":"PropertyValueSpecification","valueRequired":true,"valueName":"search_term_string"}}],"inLanguage":"fr-FR"},{"@type":"Organization","@id":"https:\/\/arekson.com\/fr\/#organization","name":"Arekson Group","url":"https:\/\/arekson.com\/fr\/","logo":{"@type":"ImageObject","inLanguage":"fr-FR","@id":"https:\/\/arekson.com\/fr\/#\/schema\/logo\/image\/","url":"https:\/\/arekson.com\/wp-content\/uploads\/2022\/06\/Arekson-Group-Logo-Gris.jpg","contentUrl":"https:\/\/arekson.com\/wp-content\/uploads\/2022\/06\/Arekson-Group-Logo-Gris.jpg","width":174,"height":72,"caption":"Arekson Group"},"image":{"@id":"https:\/\/arekson.com\/fr\/#\/schema\/logo\/image\/"}}]}},"_links":{"self":[{"href":"https:\/\/arekson.com\/fr\/wp-json\/wp\/v2\/product\/26577","targetHints":{"allow":["GET"]}}],"collection":[{"href":"https:\/\/arekson.com\/fr\/wp-json\/wp\/v2\/product"}],"about":[{"href":"https:\/\/arekson.com\/fr\/wp-json\/wp\/v2\/types\/product"}],"wp:featuredmedia":[{"embeddable":true,"href":"https:\/\/arekson.com\/fr\/wp-json\/wp\/v2\/media\/26573"}],"wp:attachment":[{"href":"https:\/\/arekson.com\/fr\/wp-json\/wp\/v2\/media?parent=26577"}],"wp:term":[{"taxonomy":"product_brand","embeddable":true,"href":"https:\/\/arekson.com\/fr\/wp-json\/wp\/v2\/product_brand?post=26577"},{"taxonomy":"product_cat","embeddable":true,"href":"https:\/\/arekson.com\/fr\/wp-json\/wp\/v2\/product_cat?post=26577"},{"taxonomy":"product_tag","embeddable":true,"href":"https:\/\/arekson.com\/fr\/wp-json\/wp\/v2\/product_tag?post=26577"}],"curies":[{"name":"wp","href":"https:\/\/api.w.org\/{rel}","templated":true}]}}