{"id":26178,"date":"2023-01-03T13:50:18","date_gmt":"2023-01-03T12:50:18","guid":{"rendered":"https:\/\/arekson.com\/producto\/clear-shake-uhs-21-barniz-rapido-uhs-para-piezas\/"},"modified":"2024-10-25T08:33:17","modified_gmt":"2024-10-25T06:33:17","slug":"clear-shake-uhs-21-vernis-rapide-uhs-pour-pieces","status":"publish","type":"product","link":"https:\/\/arekson.com\/fr\/producto\/clear-shake-uhs-21-vernis-rapide-uhs-pour-pieces\/","title":{"rendered":"<strong><span class=\"nom-corto\">CLEAR SHAKE UHS 2:1 <\/span><\/strong><br><span class=\"nom-largo\">Vernis rapide uhs pour pi\u00e9ces<\/span>"},"content":{"rendered":"<p style=\"text-align: right;\"><a class=\"boton-ficha\" href=\"https:\/\/arekson.com\/wp-content\/uploads\/2024\/10\/951200-CSP-NEW-CLEAR-SHAKE-UHS-2_1-022024_FR.pdf\" target=\"_blank\" rel=\"noopener\">D\u00e9tails Techniques<\/a> <\/p>\n","protected":false},"excerpt":{"rendered":"<p>Vernis acrylique UHS \u00e0 deux composants pour les r\u00e9parations partielles. S\u00e9chage rapide sans besoin de chaleur dans la cabine et extensibilit\u00e9 in\u00e9gal\u00e9e de la finition pour atteindre le pourcentage maximal de luminosit\u00e9. Grande r\u00e9sistance aux rayures et aux rayons UV. Top qualit\u00e9. Conforme \u00e0 la l\u00e9gislation sur les COV.<\/p>\n","protected":false},"featured_media":25896,"template":"","meta":{"_et_pb_use_builder":"","_et_pb_old_content":"","_et_gb_content_width":""},"product_brand":[],"product_cat":[365,363,1069,1071],"product_tag":[],"class_list":{"0":"post-26178","1":"product","2":"type-product","3":"status-publish","4":"has-post-thumbnail","6":"product_cat-chimiques-csp","7":"product_cat-csp-fr","8":"product_cat-vernis-peintures-dissolvants-csp","9":"product_cat-vernis-uhs-csp","10":"pa_ok-csp-fr-ref-951200-transparent-pot-5-lt-3-unites","12":"first","13":"instock","14":"purchasable","15":"product-type-variable"},"yoast_head":"<!-- This site is optimized with the Yoast SEO plugin v27.2 - https:\/\/yoast.com\/product\/yoast-seo-wordpress\/ -->\n<title>CSP | CLEAR SHAKE UHS 2:1 | Vernis rapide uhs pour pi\u00e9ces<\/title>\n<meta name=\"description\" content=\"CLEAR SHAKE UHS 2:1 | Vernis rapide uhs pour pi\u00e9ces | VERNIS - PEINTURES - DISSOLVANTS | VERNIS UHS | REF: 951134 | CSP\" \/>\n<meta name=\"robots\" content=\"index, follow, max-snippet:-1, max-image-preview:large, max-video-preview:-1\" \/>\n<link rel=\"canonical\" href=\"https:\/\/arekson.com\/fr\/producto\/clear-shake-uhs-21-vernis-rapide-uhs-pour-pieces\/\" \/>\n<meta property=\"og:locale\" content=\"fr_FR\" \/>\n<meta property=\"og:type\" content=\"article\" \/>\n<meta property=\"og:title\" content=\"CSP | CLEAR SHAKE UHS 2:1 | Vernis rapide uhs pour pi\u00e9ces\" \/>\n<meta property=\"og:description\" content=\"CLEAR SHAKE UHS 2:1 | Vernis rapide uhs pour pi\u00e9ces | VERNIS - PEINTURES - DISSOLVANTS | VERNIS UHS | REF: 951134 | CSP\" \/>\n<meta property=\"og:url\" content=\"https:\/\/arekson.com\/fr\/producto\/clear-shake-uhs-21-vernis-rapide-uhs-pour-pieces\/\" \/>\n<meta property=\"og:site_name\" content=\"Arekson Group\" \/>\n<meta property=\"article:modified_time\" content=\"2024-10-25T06:33:17+00:00\" \/>\n<meta property=\"og:image\" content=\"https:\/\/arekson.com\/wp-content\/uploads\/2023\/01\/951134.jpg\" \/>\n\t<meta property=\"og:image:width\" content=\"800\" \/>\n\t<meta property=\"og:image:height\" content=\"800\" \/>\n\t<meta property=\"og:image:type\" content=\"image\/jpeg\" \/>\n<meta name=\"twitter:card\" content=\"summary_large_image\" \/>\n<script type=\"application\/ld+json\" class=\"yoast-schema-graph\">{\"@context\":\"https:\/\/schema.org\",\"@graph\":[{\"@type\":\"WebPage\",\"@id\":\"https:\/\/arekson.com\/fr\/producto\/clear-shake-uhs-21-vernis-rapide-uhs-pour-pieces\/\",\"url\":\"https:\/\/arekson.com\/fr\/producto\/clear-shake-uhs-21-vernis-rapide-uhs-pour-pieces\/\",\"name\":\"CSP | CLEAR SHAKE UHS 2:1 | Vernis rapide uhs pour pi\u00e9ces\",\"isPartOf\":{\"@id\":\"https:\/\/arekson.com\/fr\/#website\"},\"primaryImageOfPage\":{\"@id\":\"https:\/\/arekson.com\/fr\/producto\/clear-shake-uhs-21-vernis-rapide-uhs-pour-pieces\/#primaryimage\"},\"image\":{\"@id\":\"https:\/\/arekson.com\/fr\/producto\/clear-shake-uhs-21-vernis-rapide-uhs-pour-pieces\/#primaryimage\"},\"thumbnailUrl\":\"https:\/\/arekson.com\/wp-content\/uploads\/2023\/01\/951134.jpg\",\"datePublished\":\"2023-01-03T12:50:18+00:00\",\"dateModified\":\"2024-10-25T06:33:17+00:00\",\"description\":\"CLEAR SHAKE UHS 2:1 | Vernis rapide uhs pour pi\u00e9ces | VERNIS - PEINTURES - DISSOLVANTS | VERNIS UHS | REF: 951134 | CSP\",\"breadcrumb\":{\"@id\":\"https:\/\/arekson.com\/fr\/producto\/clear-shake-uhs-21-vernis-rapide-uhs-pour-pieces\/#breadcrumb\"},\"inLanguage\":\"fr-FR\",\"potentialAction\":[{\"@type\":\"ReadAction\",\"target\":[\"https:\/\/arekson.com\/fr\/producto\/clear-shake-uhs-21-vernis-rapide-uhs-pour-pieces\/\"]}]},{\"@type\":\"ImageObject\",\"inLanguage\":\"fr-FR\",\"@id\":\"https:\/\/arekson.com\/fr\/producto\/clear-shake-uhs-21-vernis-rapide-uhs-pour-pieces\/#primaryimage\",\"url\":\"https:\/\/arekson.com\/wp-content\/uploads\/2023\/01\/951134.jpg\",\"contentUrl\":\"https:\/\/arekson.com\/wp-content\/uploads\/2023\/01\/951134.jpg\",\"width\":800,\"height\":800,\"caption\":\"CLEAR SHAKE UHS 2:1 | Barniz R\u00e1pido UHS para piezas. | BARNICES - PINTURAS - DISOLVENTES | BARNICES UHS | REF: 951134 | CSP\"},{\"@type\":\"BreadcrumbList\",\"@id\":\"https:\/\/arekson.com\/fr\/producto\/clear-shake-uhs-21-vernis-rapide-uhs-pour-pieces\/#breadcrumb\",\"itemListElement\":[{\"@type\":\"ListItem\",\"position\":1,\"name\":\"Home\",\"item\":\"https:\/\/arekson.com\/fr\/\"},{\"@type\":\"ListItem\",\"position\":2,\"name\":\"Produits\",\"item\":\"https:\/\/arekson.com\/fr\/shop\/\"},{\"@type\":\"ListItem\",\"position\":3,\"name\":\"CLEAR SHAKE UHS 2:1 Vernis rapide uhs pour pi\u00e9ces\"}]},{\"@type\":\"WebSite\",\"@id\":\"https:\/\/arekson.com\/fr\/#website\",\"url\":\"https:\/\/arekson.com\/fr\/\",\"name\":\"Arekson Group\",\"description\":\"Marcas Referentes del Automovil Profesional\",\"publisher\":{\"@id\":\"https:\/\/arekson.com\/fr\/#organization\"},\"potentialAction\":[{\"@type\":\"SearchAction\",\"target\":{\"@type\":\"EntryPoint\",\"urlTemplate\":\"https:\/\/arekson.com\/fr\/?s={search_term_string}\"},\"query-input\":{\"@type\":\"PropertyValueSpecification\",\"valueRequired\":true,\"valueName\":\"search_term_string\"}}],\"inLanguage\":\"fr-FR\"},{\"@type\":\"Organization\",\"@id\":\"https:\/\/arekson.com\/fr\/#organization\",\"name\":\"Arekson Group\",\"url\":\"https:\/\/arekson.com\/fr\/\",\"logo\":{\"@type\":\"ImageObject\",\"inLanguage\":\"fr-FR\",\"@id\":\"https:\/\/arekson.com\/fr\/#\/schema\/logo\/image\/\",\"url\":\"https:\/\/arekson.com\/wp-content\/uploads\/2022\/06\/Arekson-Group-Logo-Gris.jpg\",\"contentUrl\":\"https:\/\/arekson.com\/wp-content\/uploads\/2022\/06\/Arekson-Group-Logo-Gris.jpg\",\"width\":174,\"height\":72,\"caption\":\"Arekson Group\"},\"image\":{\"@id\":\"https:\/\/arekson.com\/fr\/#\/schema\/logo\/image\/\"}}]}<\/script>\n<!-- \/ Yoast SEO plugin. -->","yoast_head_json":{"title":"CSP | CLEAR SHAKE UHS 2:1 | Vernis rapide uhs pour pi\u00e9ces","description":"CLEAR SHAKE UHS 2:1 | Vernis rapide uhs pour pi\u00e9ces | VERNIS - PEINTURES - DISSOLVANTS | VERNIS UHS | REF: 951134 | CSP","robots":{"index":"index","follow":"follow","max-snippet":"max-snippet:-1","max-image-preview":"max-image-preview:large","max-video-preview":"max-video-preview:-1"},"canonical":"https:\/\/arekson.com\/fr\/producto\/clear-shake-uhs-21-vernis-rapide-uhs-pour-pieces\/","og_locale":"fr_FR","og_type":"article","og_title":"CSP | CLEAR SHAKE UHS 2:1 | Vernis rapide uhs pour pi\u00e9ces","og_description":"CLEAR SHAKE UHS 2:1 | Vernis rapide uhs pour pi\u00e9ces | VERNIS - PEINTURES - DISSOLVANTS | VERNIS UHS | REF: 951134 | CSP","og_url":"https:\/\/arekson.com\/fr\/producto\/clear-shake-uhs-21-vernis-rapide-uhs-pour-pieces\/","og_site_name":"Arekson Group","article_modified_time":"2024-10-25T06:33:17+00:00","og_image":[{"width":800,"height":800,"url":"https:\/\/arekson.com\/wp-content\/uploads\/2023\/01\/951134.jpg","type":"image\/jpeg"}],"twitter_card":"summary_large_image","schema":{"@context":"https:\/\/schema.org","@graph":[{"@type":"WebPage","@id":"https:\/\/arekson.com\/fr\/producto\/clear-shake-uhs-21-vernis-rapide-uhs-pour-pieces\/","url":"https:\/\/arekson.com\/fr\/producto\/clear-shake-uhs-21-vernis-rapide-uhs-pour-pieces\/","name":"CSP | CLEAR SHAKE UHS 2:1 | Vernis rapide uhs pour pi\u00e9ces","isPartOf":{"@id":"https:\/\/arekson.com\/fr\/#website"},"primaryImageOfPage":{"@id":"https:\/\/arekson.com\/fr\/producto\/clear-shake-uhs-21-vernis-rapide-uhs-pour-pieces\/#primaryimage"},"image":{"@id":"https:\/\/arekson.com\/fr\/producto\/clear-shake-uhs-21-vernis-rapide-uhs-pour-pieces\/#primaryimage"},"thumbnailUrl":"https:\/\/arekson.com\/wp-content\/uploads\/2023\/01\/951134.jpg","datePublished":"2023-01-03T12:50:18+00:00","dateModified":"2024-10-25T06:33:17+00:00","description":"CLEAR SHAKE UHS 2:1 | Vernis rapide uhs pour pi\u00e9ces | VERNIS - PEINTURES - DISSOLVANTS | VERNIS UHS | REF: 951134 | CSP","breadcrumb":{"@id":"https:\/\/arekson.com\/fr\/producto\/clear-shake-uhs-21-vernis-rapide-uhs-pour-pieces\/#breadcrumb"},"inLanguage":"fr-FR","potentialAction":[{"@type":"ReadAction","target":["https:\/\/arekson.com\/fr\/producto\/clear-shake-uhs-21-vernis-rapide-uhs-pour-pieces\/"]}]},{"@type":"ImageObject","inLanguage":"fr-FR","@id":"https:\/\/arekson.com\/fr\/producto\/clear-shake-uhs-21-vernis-rapide-uhs-pour-pieces\/#primaryimage","url":"https:\/\/arekson.com\/wp-content\/uploads\/2023\/01\/951134.jpg","contentUrl":"https:\/\/arekson.com\/wp-content\/uploads\/2023\/01\/951134.jpg","width":800,"height":800,"caption":"CLEAR SHAKE UHS 2:1 | Barniz R\u00e1pido UHS para piezas. | BARNICES - PINTURAS - DISOLVENTES | BARNICES UHS | REF: 951134 | CSP"},{"@type":"BreadcrumbList","@id":"https:\/\/arekson.com\/fr\/producto\/clear-shake-uhs-21-vernis-rapide-uhs-pour-pieces\/#breadcrumb","itemListElement":[{"@type":"ListItem","position":1,"name":"Home","item":"https:\/\/arekson.com\/fr\/"},{"@type":"ListItem","position":2,"name":"Produits","item":"https:\/\/arekson.com\/fr\/shop\/"},{"@type":"ListItem","position":3,"name":"CLEAR SHAKE UHS 2:1 Vernis rapide uhs pour pi\u00e9ces"}]},{"@type":"WebSite","@id":"https:\/\/arekson.com\/fr\/#website","url":"https:\/\/arekson.com\/fr\/","name":"Arekson Group","description":"Marcas Referentes del Automovil Profesional","publisher":{"@id":"https:\/\/arekson.com\/fr\/#organization"},"potentialAction":[{"@type":"SearchAction","target":{"@type":"EntryPoint","urlTemplate":"https:\/\/arekson.com\/fr\/?s={search_term_string}"},"query-input":{"@type":"PropertyValueSpecification","valueRequired":true,"valueName":"search_term_string"}}],"inLanguage":"fr-FR"},{"@type":"Organization","@id":"https:\/\/arekson.com\/fr\/#organization","name":"Arekson Group","url":"https:\/\/arekson.com\/fr\/","logo":{"@type":"ImageObject","inLanguage":"fr-FR","@id":"https:\/\/arekson.com\/fr\/#\/schema\/logo\/image\/","url":"https:\/\/arekson.com\/wp-content\/uploads\/2022\/06\/Arekson-Group-Logo-Gris.jpg","contentUrl":"https:\/\/arekson.com\/wp-content\/uploads\/2022\/06\/Arekson-Group-Logo-Gris.jpg","width":174,"height":72,"caption":"Arekson Group"},"image":{"@id":"https:\/\/arekson.com\/fr\/#\/schema\/logo\/image\/"}}]}},"_links":{"self":[{"href":"https:\/\/arekson.com\/fr\/wp-json\/wp\/v2\/product\/26178","targetHints":{"allow":["GET"]}}],"collection":[{"href":"https:\/\/arekson.com\/fr\/wp-json\/wp\/v2\/product"}],"about":[{"href":"https:\/\/arekson.com\/fr\/wp-json\/wp\/v2\/types\/product"}],"wp:featuredmedia":[{"embeddable":true,"href":"https:\/\/arekson.com\/fr\/wp-json\/wp\/v2\/media\/25896"}],"wp:attachment":[{"href":"https:\/\/arekson.com\/fr\/wp-json\/wp\/v2\/media?parent=26178"}],"wp:term":[{"taxonomy":"product_brand","embeddable":true,"href":"https:\/\/arekson.com\/fr\/wp-json\/wp\/v2\/product_brand?post=26178"},{"taxonomy":"product_cat","embeddable":true,"href":"https:\/\/arekson.com\/fr\/wp-json\/wp\/v2\/product_cat?post=26178"},{"taxonomy":"product_tag","embeddable":true,"href":"https:\/\/arekson.com\/fr\/wp-json\/wp\/v2\/product_tag?post=26178"}],"curies":[{"name":"wp","href":"https:\/\/api.w.org\/{rel}","templated":true}]}}