{"id":26156,"date":"2023-01-03T12:32:35","date_gmt":"2023-01-03T11:32:35","guid":{"rendered":"https:\/\/arekson.com\/producto\/protective-pu-2k-proteccion-de-las-cajas-de-los-pick-up\/"},"modified":"2023-01-03T12:42:36","modified_gmt":"2023-01-03T11:42:36","slug":"protective-pu-2k-protection-des-caisses-pick-up","status":"publish","type":"product","link":"https:\/\/arekson.com\/fr\/producto\/protective-pu-2k-protection-des-caisses-pick-up\/","title":{"rendered":"<strong><span class=\"nom-corto\">PROTECTIVE PU 2K <\/span><\/strong><br><span class=\"nom-largo\">Protection des caisses PICK UP<\/span>"},"content":{"rendered":"","protected":false},"excerpt":{"rendered":"<p>Syst\u00e8me de polyur\u00e9thane 2K pour la protection des bo\u00eetes PICKUP, planchers de fourgons, de v\u00e9hicules commerciaux et industriels. \u00c9galement en tant que dessous de caisse pour le scellement et la reconstruction des passages de roue, des planchers et des bottes. Peut \u00eatre teint\u00e9 de la couleur de la carrosserie ou de la surface \u00e0 peindre.<\/p>\n","protected":false},"featured_media":25899,"template":"","meta":{"_et_pb_use_builder":"","_et_pb_old_content":"","_et_gb_content_width":""},"product_brand":[],"product_cat":[1093,365,363,1091],"product_tag":[],"class_list":{"0":"post-26156","1":"product","2":"type-product","3":"status-publish","4":"has-post-thumbnail","6":"product_cat-anti-gravillons-usage-pistolet-csp","7":"product_cat-chimiques-csp","8":"product_cat-csp-fr","9":"product_cat-protection-bas-de-caisse-et-interieurs-csp","10":"pa_ok-csp-fr-ref-951135-noir-pot-600-ml-12-unites","12":"first","13":"instock","14":"purchasable","15":"product-type-variable"},"yoast_head":"<!-- This site is optimized with the Yoast SEO plugin v27.2 - https:\/\/yoast.com\/product\/yoast-seo-wordpress\/ -->\n<title>CSP | PROTECTIVE PU 2K | Protection des caisses PICK UP<\/title>\n<meta name=\"description\" content=\"PROTECTIVE PU 2K | Protection des caisses PICK UP | PRODUITS CHIMIQUES | PROTECTION BAS DE CAISSE ET INT\u00c9RIEURS | REF: 951135 | CSP\" \/>\n<meta name=\"robots\" content=\"index, follow, max-snippet:-1, max-image-preview:large, max-video-preview:-1\" \/>\n<link rel=\"canonical\" href=\"https:\/\/arekson.com\/fr\/producto\/protective-pu-2k-protection-des-caisses-pick-up\/\" \/>\n<meta property=\"og:locale\" content=\"fr_FR\" \/>\n<meta property=\"og:type\" content=\"article\" \/>\n<meta property=\"og:title\" content=\"CSP | PROTECTIVE PU 2K | Protection des caisses PICK UP\" \/>\n<meta property=\"og:description\" content=\"PROTECTIVE PU 2K | Protection des caisses PICK UP | PRODUITS CHIMIQUES | PROTECTION BAS DE CAISSE ET INT\u00c9RIEURS | REF: 951135 | CSP\" \/>\n<meta property=\"og:url\" content=\"https:\/\/arekson.com\/fr\/producto\/protective-pu-2k-protection-des-caisses-pick-up\/\" \/>\n<meta property=\"og:site_name\" content=\"Arekson Group\" \/>\n<meta property=\"article:modified_time\" content=\"2023-01-03T11:42:36+00:00\" \/>\n<meta property=\"og:image\" content=\"https:\/\/arekson.com\/wp-content\/uploads\/2023\/01\/951135.jpg\" \/>\n\t<meta property=\"og:image:width\" content=\"800\" \/>\n\t<meta property=\"og:image:height\" content=\"800\" \/>\n\t<meta property=\"og:image:type\" content=\"image\/jpeg\" \/>\n<meta name=\"twitter:card\" content=\"summary_large_image\" \/>\n<script type=\"application\/ld+json\" class=\"yoast-schema-graph\">{\"@context\":\"https:\/\/schema.org\",\"@graph\":[{\"@type\":\"WebPage\",\"@id\":\"https:\/\/arekson.com\/fr\/producto\/protective-pu-2k-protection-des-caisses-pick-up\/\",\"url\":\"https:\/\/arekson.com\/fr\/producto\/protective-pu-2k-protection-des-caisses-pick-up\/\",\"name\":\"CSP | PROTECTIVE PU 2K | Protection des caisses PICK UP\",\"isPartOf\":{\"@id\":\"https:\/\/arekson.com\/fr\/#website\"},\"primaryImageOfPage\":{\"@id\":\"https:\/\/arekson.com\/fr\/producto\/protective-pu-2k-protection-des-caisses-pick-up\/#primaryimage\"},\"image\":{\"@id\":\"https:\/\/arekson.com\/fr\/producto\/protective-pu-2k-protection-des-caisses-pick-up\/#primaryimage\"},\"thumbnailUrl\":\"https:\/\/arekson.com\/wp-content\/uploads\/2023\/01\/951135.jpg\",\"datePublished\":\"2023-01-03T11:32:35+00:00\",\"dateModified\":\"2023-01-03T11:42:36+00:00\",\"description\":\"PROTECTIVE PU 2K | Protection des caisses PICK UP | PRODUITS CHIMIQUES | PROTECTION BAS DE CAISSE ET INT\u00c9RIEURS | REF: 951135 | CSP\",\"breadcrumb\":{\"@id\":\"https:\/\/arekson.com\/fr\/producto\/protective-pu-2k-protection-des-caisses-pick-up\/#breadcrumb\"},\"inLanguage\":\"fr-FR\",\"potentialAction\":[{\"@type\":\"ReadAction\",\"target\":[\"https:\/\/arekson.com\/fr\/producto\/protective-pu-2k-protection-des-caisses-pick-up\/\"]}]},{\"@type\":\"ImageObject\",\"inLanguage\":\"fr-FR\",\"@id\":\"https:\/\/arekson.com\/fr\/producto\/protective-pu-2k-protection-des-caisses-pick-up\/#primaryimage\",\"url\":\"https:\/\/arekson.com\/wp-content\/uploads\/2023\/01\/951135.jpg\",\"contentUrl\":\"https:\/\/arekson.com\/wp-content\/uploads\/2023\/01\/951135.jpg\",\"width\":800,\"height\":800,\"caption\":\"HARTER PROTECTIVE PU 2K | Catalizador Protective PU 2K | PROTECCI\u00d3N DE BAJOS E INTERIORES | ANTIGRAVILLAS A PISTOLA | REF: 951136 | CSP\"},{\"@type\":\"BreadcrumbList\",\"@id\":\"https:\/\/arekson.com\/fr\/producto\/protective-pu-2k-protection-des-caisses-pick-up\/#breadcrumb\",\"itemListElement\":[{\"@type\":\"ListItem\",\"position\":1,\"name\":\"Home\",\"item\":\"https:\/\/arekson.com\/fr\/\"},{\"@type\":\"ListItem\",\"position\":2,\"name\":\"Produits\",\"item\":\"https:\/\/arekson.com\/fr\/shop\/\"},{\"@type\":\"ListItem\",\"position\":3,\"name\":\"PROTECTIVE PU 2K Protection des caisses PICK UP\"}]},{\"@type\":\"WebSite\",\"@id\":\"https:\/\/arekson.com\/fr\/#website\",\"url\":\"https:\/\/arekson.com\/fr\/\",\"name\":\"Arekson Group\",\"description\":\"Marcas Referentes del Automovil Profesional\",\"publisher\":{\"@id\":\"https:\/\/arekson.com\/fr\/#organization\"},\"potentialAction\":[{\"@type\":\"SearchAction\",\"target\":{\"@type\":\"EntryPoint\",\"urlTemplate\":\"https:\/\/arekson.com\/fr\/?s={search_term_string}\"},\"query-input\":{\"@type\":\"PropertyValueSpecification\",\"valueRequired\":true,\"valueName\":\"search_term_string\"}}],\"inLanguage\":\"fr-FR\"},{\"@type\":\"Organization\",\"@id\":\"https:\/\/arekson.com\/fr\/#organization\",\"name\":\"Arekson Group\",\"url\":\"https:\/\/arekson.com\/fr\/\",\"logo\":{\"@type\":\"ImageObject\",\"inLanguage\":\"fr-FR\",\"@id\":\"https:\/\/arekson.com\/fr\/#\/schema\/logo\/image\/\",\"url\":\"https:\/\/arekson.com\/wp-content\/uploads\/2022\/06\/Arekson-Group-Logo-Gris.jpg\",\"contentUrl\":\"https:\/\/arekson.com\/wp-content\/uploads\/2022\/06\/Arekson-Group-Logo-Gris.jpg\",\"width\":174,\"height\":72,\"caption\":\"Arekson Group\"},\"image\":{\"@id\":\"https:\/\/arekson.com\/fr\/#\/schema\/logo\/image\/\"}}]}<\/script>\n<!-- \/ Yoast SEO plugin. -->","yoast_head_json":{"title":"CSP | PROTECTIVE PU 2K | Protection des caisses PICK UP","description":"PROTECTIVE PU 2K | Protection des caisses PICK UP | PRODUITS CHIMIQUES | PROTECTION BAS DE CAISSE ET INT\u00c9RIEURS | REF: 951135 | CSP","robots":{"index":"index","follow":"follow","max-snippet":"max-snippet:-1","max-image-preview":"max-image-preview:large","max-video-preview":"max-video-preview:-1"},"canonical":"https:\/\/arekson.com\/fr\/producto\/protective-pu-2k-protection-des-caisses-pick-up\/","og_locale":"fr_FR","og_type":"article","og_title":"CSP | PROTECTIVE PU 2K | Protection des caisses PICK UP","og_description":"PROTECTIVE PU 2K | Protection des caisses PICK UP | PRODUITS CHIMIQUES | PROTECTION BAS DE CAISSE ET INT\u00c9RIEURS | REF: 951135 | CSP","og_url":"https:\/\/arekson.com\/fr\/producto\/protective-pu-2k-protection-des-caisses-pick-up\/","og_site_name":"Arekson Group","article_modified_time":"2023-01-03T11:42:36+00:00","og_image":[{"width":800,"height":800,"url":"https:\/\/arekson.com\/wp-content\/uploads\/2023\/01\/951135.jpg","type":"image\/jpeg"}],"twitter_card":"summary_large_image","schema":{"@context":"https:\/\/schema.org","@graph":[{"@type":"WebPage","@id":"https:\/\/arekson.com\/fr\/producto\/protective-pu-2k-protection-des-caisses-pick-up\/","url":"https:\/\/arekson.com\/fr\/producto\/protective-pu-2k-protection-des-caisses-pick-up\/","name":"CSP | PROTECTIVE PU 2K | Protection des caisses PICK UP","isPartOf":{"@id":"https:\/\/arekson.com\/fr\/#website"},"primaryImageOfPage":{"@id":"https:\/\/arekson.com\/fr\/producto\/protective-pu-2k-protection-des-caisses-pick-up\/#primaryimage"},"image":{"@id":"https:\/\/arekson.com\/fr\/producto\/protective-pu-2k-protection-des-caisses-pick-up\/#primaryimage"},"thumbnailUrl":"https:\/\/arekson.com\/wp-content\/uploads\/2023\/01\/951135.jpg","datePublished":"2023-01-03T11:32:35+00:00","dateModified":"2023-01-03T11:42:36+00:00","description":"PROTECTIVE PU 2K | Protection des caisses PICK UP | PRODUITS CHIMIQUES | PROTECTION BAS DE CAISSE ET INT\u00c9RIEURS | REF: 951135 | CSP","breadcrumb":{"@id":"https:\/\/arekson.com\/fr\/producto\/protective-pu-2k-protection-des-caisses-pick-up\/#breadcrumb"},"inLanguage":"fr-FR","potentialAction":[{"@type":"ReadAction","target":["https:\/\/arekson.com\/fr\/producto\/protective-pu-2k-protection-des-caisses-pick-up\/"]}]},{"@type":"ImageObject","inLanguage":"fr-FR","@id":"https:\/\/arekson.com\/fr\/producto\/protective-pu-2k-protection-des-caisses-pick-up\/#primaryimage","url":"https:\/\/arekson.com\/wp-content\/uploads\/2023\/01\/951135.jpg","contentUrl":"https:\/\/arekson.com\/wp-content\/uploads\/2023\/01\/951135.jpg","width":800,"height":800,"caption":"HARTER PROTECTIVE PU 2K | Catalizador Protective PU 2K | PROTECCI\u00d3N DE BAJOS E INTERIORES | ANTIGRAVILLAS A PISTOLA | REF: 951136 | CSP"},{"@type":"BreadcrumbList","@id":"https:\/\/arekson.com\/fr\/producto\/protective-pu-2k-protection-des-caisses-pick-up\/#breadcrumb","itemListElement":[{"@type":"ListItem","position":1,"name":"Home","item":"https:\/\/arekson.com\/fr\/"},{"@type":"ListItem","position":2,"name":"Produits","item":"https:\/\/arekson.com\/fr\/shop\/"},{"@type":"ListItem","position":3,"name":"PROTECTIVE PU 2K Protection des caisses PICK UP"}]},{"@type":"WebSite","@id":"https:\/\/arekson.com\/fr\/#website","url":"https:\/\/arekson.com\/fr\/","name":"Arekson Group","description":"Marcas Referentes del Automovil Profesional","publisher":{"@id":"https:\/\/arekson.com\/fr\/#organization"},"potentialAction":[{"@type":"SearchAction","target":{"@type":"EntryPoint","urlTemplate":"https:\/\/arekson.com\/fr\/?s={search_term_string}"},"query-input":{"@type":"PropertyValueSpecification","valueRequired":true,"valueName":"search_term_string"}}],"inLanguage":"fr-FR"},{"@type":"Organization","@id":"https:\/\/arekson.com\/fr\/#organization","name":"Arekson Group","url":"https:\/\/arekson.com\/fr\/","logo":{"@type":"ImageObject","inLanguage":"fr-FR","@id":"https:\/\/arekson.com\/fr\/#\/schema\/logo\/image\/","url":"https:\/\/arekson.com\/wp-content\/uploads\/2022\/06\/Arekson-Group-Logo-Gris.jpg","contentUrl":"https:\/\/arekson.com\/wp-content\/uploads\/2022\/06\/Arekson-Group-Logo-Gris.jpg","width":174,"height":72,"caption":"Arekson Group"},"image":{"@id":"https:\/\/arekson.com\/fr\/#\/schema\/logo\/image\/"}}]}},"_links":{"self":[{"href":"https:\/\/arekson.com\/fr\/wp-json\/wp\/v2\/product\/26156","targetHints":{"allow":["GET"]}}],"collection":[{"href":"https:\/\/arekson.com\/fr\/wp-json\/wp\/v2\/product"}],"about":[{"href":"https:\/\/arekson.com\/fr\/wp-json\/wp\/v2\/types\/product"}],"wp:featuredmedia":[{"embeddable":true,"href":"https:\/\/arekson.com\/fr\/wp-json\/wp\/v2\/media\/25899"}],"wp:attachment":[{"href":"https:\/\/arekson.com\/fr\/wp-json\/wp\/v2\/media?parent=26156"}],"wp:term":[{"taxonomy":"product_brand","embeddable":true,"href":"https:\/\/arekson.com\/fr\/wp-json\/wp\/v2\/product_brand?post=26156"},{"taxonomy":"product_cat","embeddable":true,"href":"https:\/\/arekson.com\/fr\/wp-json\/wp\/v2\/product_cat?post=26156"},{"taxonomy":"product_tag","embeddable":true,"href":"https:\/\/arekson.com\/fr\/wp-json\/wp\/v2\/product_tag?post=26156"}],"curies":[{"name":"wp","href":"https:\/\/api.w.org\/{rel}","templated":true}]}}