{"id":19195,"date":"2022-06-03T18:15:51","date_gmt":"2022-06-03T16:15:51","guid":{"rendered":"https:\/\/arekson.com\/producto\/polisher-150-rotary-polisseuse-rotative-2\/"},"modified":"2022-06-15T16:33:38","modified_gmt":"2022-06-15T14:33:38","slug":"polisher-150-rotary-polisseuse-rotative-2","status":"publish","type":"product","link":"https:\/\/arekson.com\/fr\/producto\/polisher-150-rotary-polisseuse-rotative-2\/","title":{"rendered":"<strong><span class=\"nom-corto\">POLISHER 150 ROTARY <\/span><\/strong><br><span class=\"nom-largo\">Polisseuse rotative<\/span>"},"content":{"rendered":"","protected":false},"excerpt":{"rendered":"<p>Lustreuse \u00e9lectrique rotative. 220V-240V-60-50 Hz avec 1000 w de puissance. Vitesse 800-3300 tr \/ min. Diam\u00e8tre du plateau125 mm. 5\/8 \u201d(M14). 4 m de c\u00e2ble Poids net 2,5 kg. Moteur puissant qui \u00e9limine les d\u00e9fauts plus rapidement. D\u00e9marrage en douceur avec un syst\u00e8me \u00e0 vitesse constante. Interrupteur progressif qui contr\u00f4le le r\u00e9glage \u00e0 6 vitesses. De conception ergonomique, la poign\u00e9e recouverte de caoutchouc souple rend la t\u00eate et le manchetrousr\u00e9ables et s\u00fbrs \u00e0 tenir. Les grilles de ventilation lat\u00e9rales emp\u00eachent la fibre de laine, la poussi\u00e8re et les r\u00e9sidus de p\u00e9n\u00e9trer dans le moteur et provoquer des d\u00e9g\u00e2ts. La construction \u00e9tanche des roulements \u00e0 billes \u00e0 100% offre une dur\u00e9e de vie plus longue.<\/p>\n","protected":false},"featured_media":8796,"template":"","meta":{"_et_pb_use_builder":"","_et_pb_old_content":"","_et_gb_content_width":""},"product_brand":[],"product_cat":[1175,1183,1189,370],"product_tag":[],"class_list":{"0":"post-19195","1":"product","2":"type-product","3":"status-publish","4":"has-post-thumbnail","6":"product_cat-equipement","7":"product_cat-outil-et-ouillages","8":"product_cat-polisseuses","9":"product_cat-seicar-fr","10":"pa_seicar-fr-ref-jl0150r-blanc-valisette-o-150-mm-1-unite","12":"first","13":"outofstock","14":"purchasable","15":"product-type-variable"},"yoast_head":"<!-- This site is optimized with the Yoast SEO plugin v27.2 - https:\/\/yoast.com\/product\/yoast-seo-wordpress\/ -->\n<title>SEICAR | POLISHER 150 ROTARY | Polisseuse rotative<\/title>\n<meta name=\"description\" content=\"POLISHER 150 ROTARY | Polisseuse rotative | \u00c9QUIPEMENT | OUTIL ET OUILLAGES | REF: JL0150R | SEICAR\" \/>\n<meta name=\"robots\" content=\"index, follow, max-snippet:-1, max-image-preview:large, max-video-preview:-1\" \/>\n<link rel=\"canonical\" href=\"https:\/\/arekson.com\/fr\/producto\/polisher-150-rotary-polisseuse-rotative-2\/\" \/>\n<meta property=\"og:locale\" content=\"fr_FR\" \/>\n<meta property=\"og:type\" content=\"article\" \/>\n<meta property=\"og:title\" content=\"SEICAR | POLISHER 150 ROTARY | Polisseuse rotative\" \/>\n<meta property=\"og:description\" content=\"POLISHER 150 ROTARY | Polisseuse rotative | \u00c9QUIPEMENT | OUTIL ET OUILLAGES | REF: JL0150R | SEICAR\" \/>\n<meta property=\"og:url\" content=\"https:\/\/arekson.com\/fr\/producto\/polisher-150-rotary-polisseuse-rotative-2\/\" \/>\n<meta property=\"og:site_name\" content=\"Arekson Group\" \/>\n<meta property=\"article:modified_time\" content=\"2022-06-15T14:33:38+00:00\" \/>\n<meta property=\"og:image\" content=\"https:\/\/arekson.com\/wp-content\/uploads\/2022\/05\/JL0150R-Polisher-150-rotary.jpg\" \/>\n\t<meta property=\"og:image:width\" content=\"800\" \/>\n\t<meta property=\"og:image:height\" content=\"800\" \/>\n\t<meta property=\"og:image:type\" content=\"image\/jpeg\" \/>\n<meta name=\"twitter:card\" content=\"summary_large_image\" \/>\n<script type=\"application\/ld+json\" class=\"yoast-schema-graph\">{\"@context\":\"https:\/\/schema.org\",\"@graph\":[{\"@type\":\"WebPage\",\"@id\":\"https:\/\/arekson.com\/fr\/producto\/polisher-150-rotary-polisseuse-rotative-2\/\",\"url\":\"https:\/\/arekson.com\/fr\/producto\/polisher-150-rotary-polisseuse-rotative-2\/\",\"name\":\"SEICAR | POLISHER 150 ROTARY | Polisseuse rotative\",\"isPartOf\":{\"@id\":\"https:\/\/arekson.com\/fr\/#website\"},\"primaryImageOfPage\":{\"@id\":\"https:\/\/arekson.com\/fr\/producto\/polisher-150-rotary-polisseuse-rotative-2\/#primaryimage\"},\"image\":{\"@id\":\"https:\/\/arekson.com\/fr\/producto\/polisher-150-rotary-polisseuse-rotative-2\/#primaryimage\"},\"thumbnailUrl\":\"https:\/\/arekson.com\/wp-content\/uploads\/2022\/05\/JL0150R-Polisher-150-rotary.jpg\",\"datePublished\":\"2022-06-03T16:15:51+00:00\",\"dateModified\":\"2022-06-15T14:33:38+00:00\",\"description\":\"POLISHER 150 ROTARY | Polisseuse rotative | \u00c9QUIPEMENT | OUTIL ET OUILLAGES | REF: JL0150R | SEICAR\",\"breadcrumb\":{\"@id\":\"https:\/\/arekson.com\/fr\/producto\/polisher-150-rotary-polisseuse-rotative-2\/#breadcrumb\"},\"inLanguage\":\"fr-FR\",\"potentialAction\":[{\"@type\":\"ReadAction\",\"target\":[\"https:\/\/arekson.com\/fr\/producto\/polisher-150-rotary-polisseuse-rotative-2\/\"]}]},{\"@type\":\"ImageObject\",\"inLanguage\":\"fr-FR\",\"@id\":\"https:\/\/arekson.com\/fr\/producto\/polisher-150-rotary-polisseuse-rotative-2\/#primaryimage\",\"url\":\"https:\/\/arekson.com\/wp-content\/uploads\/2022\/05\/JL0150R-Polisher-150-rotary.jpg\",\"contentUrl\":\"https:\/\/arekson.com\/wp-content\/uploads\/2022\/05\/JL0150R-Polisher-150-rotary.jpg\",\"width\":800,\"height\":800},{\"@type\":\"BreadcrumbList\",\"@id\":\"https:\/\/arekson.com\/fr\/producto\/polisher-150-rotary-polisseuse-rotative-2\/#breadcrumb\",\"itemListElement\":[{\"@type\":\"ListItem\",\"position\":1,\"name\":\"Home\",\"item\":\"https:\/\/arekson.com\/fr\/\"},{\"@type\":\"ListItem\",\"position\":2,\"name\":\"Produits\",\"item\":\"https:\/\/arekson.com\/fr\/shop\/\"},{\"@type\":\"ListItem\",\"position\":3,\"name\":\"POLISHER 150 ROTARY Polisseuse rotative\"}]},{\"@type\":\"WebSite\",\"@id\":\"https:\/\/arekson.com\/fr\/#website\",\"url\":\"https:\/\/arekson.com\/fr\/\",\"name\":\"Arekson Group\",\"description\":\"Marcas Referentes del Automovil Profesional\",\"publisher\":{\"@id\":\"https:\/\/arekson.com\/fr\/#organization\"},\"potentialAction\":[{\"@type\":\"SearchAction\",\"target\":{\"@type\":\"EntryPoint\",\"urlTemplate\":\"https:\/\/arekson.com\/fr\/?s={search_term_string}\"},\"query-input\":{\"@type\":\"PropertyValueSpecification\",\"valueRequired\":true,\"valueName\":\"search_term_string\"}}],\"inLanguage\":\"fr-FR\"},{\"@type\":\"Organization\",\"@id\":\"https:\/\/arekson.com\/fr\/#organization\",\"name\":\"Arekson Group\",\"url\":\"https:\/\/arekson.com\/fr\/\",\"logo\":{\"@type\":\"ImageObject\",\"inLanguage\":\"fr-FR\",\"@id\":\"https:\/\/arekson.com\/fr\/#\/schema\/logo\/image\/\",\"url\":\"https:\/\/arekson.com\/wp-content\/uploads\/2022\/06\/Arekson-Group-Logo-Gris.jpg\",\"contentUrl\":\"https:\/\/arekson.com\/wp-content\/uploads\/2022\/06\/Arekson-Group-Logo-Gris.jpg\",\"width\":174,\"height\":72,\"caption\":\"Arekson Group\"},\"image\":{\"@id\":\"https:\/\/arekson.com\/fr\/#\/schema\/logo\/image\/\"}}]}<\/script>\n<!-- \/ Yoast SEO plugin. -->","yoast_head_json":{"title":"SEICAR | POLISHER 150 ROTARY | Polisseuse rotative","description":"POLISHER 150 ROTARY | Polisseuse rotative | \u00c9QUIPEMENT | OUTIL ET OUILLAGES | REF: JL0150R | SEICAR","robots":{"index":"index","follow":"follow","max-snippet":"max-snippet:-1","max-image-preview":"max-image-preview:large","max-video-preview":"max-video-preview:-1"},"canonical":"https:\/\/arekson.com\/fr\/producto\/polisher-150-rotary-polisseuse-rotative-2\/","og_locale":"fr_FR","og_type":"article","og_title":"SEICAR | POLISHER 150 ROTARY | Polisseuse rotative","og_description":"POLISHER 150 ROTARY | Polisseuse rotative | \u00c9QUIPEMENT | OUTIL ET OUILLAGES | REF: JL0150R | SEICAR","og_url":"https:\/\/arekson.com\/fr\/producto\/polisher-150-rotary-polisseuse-rotative-2\/","og_site_name":"Arekson Group","article_modified_time":"2022-06-15T14:33:38+00:00","og_image":[{"width":800,"height":800,"url":"https:\/\/arekson.com\/wp-content\/uploads\/2022\/05\/JL0150R-Polisher-150-rotary.jpg","type":"image\/jpeg"}],"twitter_card":"summary_large_image","schema":{"@context":"https:\/\/schema.org","@graph":[{"@type":"WebPage","@id":"https:\/\/arekson.com\/fr\/producto\/polisher-150-rotary-polisseuse-rotative-2\/","url":"https:\/\/arekson.com\/fr\/producto\/polisher-150-rotary-polisseuse-rotative-2\/","name":"SEICAR | POLISHER 150 ROTARY | Polisseuse rotative","isPartOf":{"@id":"https:\/\/arekson.com\/fr\/#website"},"primaryImageOfPage":{"@id":"https:\/\/arekson.com\/fr\/producto\/polisher-150-rotary-polisseuse-rotative-2\/#primaryimage"},"image":{"@id":"https:\/\/arekson.com\/fr\/producto\/polisher-150-rotary-polisseuse-rotative-2\/#primaryimage"},"thumbnailUrl":"https:\/\/arekson.com\/wp-content\/uploads\/2022\/05\/JL0150R-Polisher-150-rotary.jpg","datePublished":"2022-06-03T16:15:51+00:00","dateModified":"2022-06-15T14:33:38+00:00","description":"POLISHER 150 ROTARY | Polisseuse rotative | \u00c9QUIPEMENT | OUTIL ET OUILLAGES | REF: JL0150R | SEICAR","breadcrumb":{"@id":"https:\/\/arekson.com\/fr\/producto\/polisher-150-rotary-polisseuse-rotative-2\/#breadcrumb"},"inLanguage":"fr-FR","potentialAction":[{"@type":"ReadAction","target":["https:\/\/arekson.com\/fr\/producto\/polisher-150-rotary-polisseuse-rotative-2\/"]}]},{"@type":"ImageObject","inLanguage":"fr-FR","@id":"https:\/\/arekson.com\/fr\/producto\/polisher-150-rotary-polisseuse-rotative-2\/#primaryimage","url":"https:\/\/arekson.com\/wp-content\/uploads\/2022\/05\/JL0150R-Polisher-150-rotary.jpg","contentUrl":"https:\/\/arekson.com\/wp-content\/uploads\/2022\/05\/JL0150R-Polisher-150-rotary.jpg","width":800,"height":800},{"@type":"BreadcrumbList","@id":"https:\/\/arekson.com\/fr\/producto\/polisher-150-rotary-polisseuse-rotative-2\/#breadcrumb","itemListElement":[{"@type":"ListItem","position":1,"name":"Home","item":"https:\/\/arekson.com\/fr\/"},{"@type":"ListItem","position":2,"name":"Produits","item":"https:\/\/arekson.com\/fr\/shop\/"},{"@type":"ListItem","position":3,"name":"POLISHER 150 ROTARY Polisseuse rotative"}]},{"@type":"WebSite","@id":"https:\/\/arekson.com\/fr\/#website","url":"https:\/\/arekson.com\/fr\/","name":"Arekson Group","description":"Marcas Referentes del Automovil Profesional","publisher":{"@id":"https:\/\/arekson.com\/fr\/#organization"},"potentialAction":[{"@type":"SearchAction","target":{"@type":"EntryPoint","urlTemplate":"https:\/\/arekson.com\/fr\/?s={search_term_string}"},"query-input":{"@type":"PropertyValueSpecification","valueRequired":true,"valueName":"search_term_string"}}],"inLanguage":"fr-FR"},{"@type":"Organization","@id":"https:\/\/arekson.com\/fr\/#organization","name":"Arekson Group","url":"https:\/\/arekson.com\/fr\/","logo":{"@type":"ImageObject","inLanguage":"fr-FR","@id":"https:\/\/arekson.com\/fr\/#\/schema\/logo\/image\/","url":"https:\/\/arekson.com\/wp-content\/uploads\/2022\/06\/Arekson-Group-Logo-Gris.jpg","contentUrl":"https:\/\/arekson.com\/wp-content\/uploads\/2022\/06\/Arekson-Group-Logo-Gris.jpg","width":174,"height":72,"caption":"Arekson Group"},"image":{"@id":"https:\/\/arekson.com\/fr\/#\/schema\/logo\/image\/"}}]}},"_links":{"self":[{"href":"https:\/\/arekson.com\/fr\/wp-json\/wp\/v2\/product\/19195","targetHints":{"allow":["GET"]}}],"collection":[{"href":"https:\/\/arekson.com\/fr\/wp-json\/wp\/v2\/product"}],"about":[{"href":"https:\/\/arekson.com\/fr\/wp-json\/wp\/v2\/types\/product"}],"wp:featuredmedia":[{"embeddable":true,"href":"https:\/\/arekson.com\/fr\/wp-json\/wp\/v2\/media\/8796"}],"wp:attachment":[{"href":"https:\/\/arekson.com\/fr\/wp-json\/wp\/v2\/media?parent=19195"}],"wp:term":[{"taxonomy":"product_brand","embeddable":true,"href":"https:\/\/arekson.com\/fr\/wp-json\/wp\/v2\/product_brand?post=19195"},{"taxonomy":"product_cat","embeddable":true,"href":"https:\/\/arekson.com\/fr\/wp-json\/wp\/v2\/product_cat?post=19195"},{"taxonomy":"product_tag","embeddable":true,"href":"https:\/\/arekson.com\/fr\/wp-json\/wp\/v2\/product_tag?post=19195"}],"curies":[{"name":"wp","href":"https:\/\/api.w.org\/{rel}","templated":true}]}}