{"id":19183,"date":"2022-06-03T18:15:47","date_gmt":"2022-06-03T16:15:47","guid":{"rendered":"https:\/\/arekson.com\/producto\/borriquete-alt-65cms-chandelle-support-de-securite\/"},"modified":"2022-06-15T16:33:23","modified_gmt":"2022-06-15T14:33:23","slug":"borriquete-alt-65cms-chandelle-support-de-securite","status":"publish","type":"product","link":"https:\/\/arekson.com\/fr\/producto\/borriquete-alt-65cms-chandelle-support-de-securite\/","title":{"rendered":"<strong><span class=\"nom-corto\">BORRIQUETE alt. 65cms. <\/span><\/strong><br><span class=\"nom-largo\">Chandelle support de s\u00e9curit\u00e9<\/span>"},"content":{"rendered":"","protected":false},"excerpt":{"rendered":"<p>Chandelle support de s\u00e9curit\u00e9 pour Seicar lift.<\/p>\n","protected":false},"featured_media":6076,"template":"","meta":{"_et_pb_use_builder":"","_et_pb_old_content":"","_et_gb_content_width":""},"product_brand":[],"product_cat":[1179,1175,370],"product_tag":[],"class_list":{"0":"post-19183","1":"product","2":"type-product","3":"status-publish","4":"has-post-thumbnail","6":"product_cat-dispositifs-de-levage","7":"product_cat-equipement","8":"product_cat-seicar-fr","9":"pa_seicar-fr-ref-lf0005-sachet-1-unite","11":"first","12":"outofstock","13":"purchasable","14":"product-type-variable"},"yoast_head":"<!-- This site is optimized with the Yoast SEO plugin v27.2 - https:\/\/yoast.com\/product\/yoast-seo-wordpress\/ -->\n<title>SEICAR | BORRIQUETE alt. 65cms. | Chandelle support de s\u00e9curit\u00e9<\/title>\n<meta name=\"description\" content=\"BORRIQUETE alt. 65cms. | Chandelle support de s\u00e9curit\u00e9 | \u00c9QUIPEMENT | DISPOSITIFS DE LEVAGE | REF: LF0005 | SEICAR\" \/>\n<meta name=\"robots\" content=\"index, follow, max-snippet:-1, max-image-preview:large, max-video-preview:-1\" \/>\n<link rel=\"canonical\" href=\"https:\/\/arekson.com\/fr\/producto\/borriquete-alt-65cms-chandelle-support-de-securite\/\" \/>\n<meta property=\"og:locale\" content=\"fr_FR\" \/>\n<meta property=\"og:type\" content=\"article\" \/>\n<meta property=\"og:title\" content=\"SEICAR | BORRIQUETE alt. 65cms. | Chandelle support de s\u00e9curit\u00e9\" \/>\n<meta property=\"og:description\" content=\"BORRIQUETE alt. 65cms. | Chandelle support de s\u00e9curit\u00e9 | \u00c9QUIPEMENT | DISPOSITIFS DE LEVAGE | REF: LF0005 | SEICAR\" \/>\n<meta property=\"og:url\" content=\"https:\/\/arekson.com\/fr\/producto\/borriquete-alt-65cms-chandelle-support-de-securite\/\" \/>\n<meta property=\"og:site_name\" content=\"Arekson Group\" \/>\n<meta property=\"article:modified_time\" content=\"2022-06-15T14:33:23+00:00\" \/>\n<meta property=\"og:image\" content=\"https:\/\/arekson.com\/wp-content\/uploads\/2022\/05\/LF0005.jpg\" \/>\n\t<meta property=\"og:image:width\" content=\"800\" \/>\n\t<meta property=\"og:image:height\" content=\"800\" \/>\n\t<meta property=\"og:image:type\" content=\"image\/jpeg\" \/>\n<meta name=\"twitter:card\" content=\"summary_large_image\" \/>\n<script type=\"application\/ld+json\" class=\"yoast-schema-graph\">{\"@context\":\"https:\/\/schema.org\",\"@graph\":[{\"@type\":\"WebPage\",\"@id\":\"https:\/\/arekson.com\/fr\/producto\/borriquete-alt-65cms-chandelle-support-de-securite\/\",\"url\":\"https:\/\/arekson.com\/fr\/producto\/borriquete-alt-65cms-chandelle-support-de-securite\/\",\"name\":\"SEICAR | BORRIQUETE alt. 65cms. | Chandelle support de s\u00e9curit\u00e9\",\"isPartOf\":{\"@id\":\"https:\/\/arekson.com\/fr\/#website\"},\"primaryImageOfPage\":{\"@id\":\"https:\/\/arekson.com\/fr\/producto\/borriquete-alt-65cms-chandelle-support-de-securite\/#primaryimage\"},\"image\":{\"@id\":\"https:\/\/arekson.com\/fr\/producto\/borriquete-alt-65cms-chandelle-support-de-securite\/#primaryimage\"},\"thumbnailUrl\":\"https:\/\/arekson.com\/wp-content\/uploads\/2022\/05\/LF0005.jpg\",\"datePublished\":\"2022-06-03T16:15:47+00:00\",\"dateModified\":\"2022-06-15T14:33:23+00:00\",\"description\":\"BORRIQUETE alt. 65cms. | Chandelle support de s\u00e9curit\u00e9 | \u00c9QUIPEMENT | DISPOSITIFS DE LEVAGE | REF: LF0005 | SEICAR\",\"breadcrumb\":{\"@id\":\"https:\/\/arekson.com\/fr\/producto\/borriquete-alt-65cms-chandelle-support-de-securite\/#breadcrumb\"},\"inLanguage\":\"fr-FR\",\"potentialAction\":[{\"@type\":\"ReadAction\",\"target\":[\"https:\/\/arekson.com\/fr\/producto\/borriquete-alt-65cms-chandelle-support-de-securite\/\"]}]},{\"@type\":\"ImageObject\",\"inLanguage\":\"fr-FR\",\"@id\":\"https:\/\/arekson.com\/fr\/producto\/borriquete-alt-65cms-chandelle-support-de-securite\/#primaryimage\",\"url\":\"https:\/\/arekson.com\/wp-content\/uploads\/2022\/05\/LF0005.jpg\",\"contentUrl\":\"https:\/\/arekson.com\/wp-content\/uploads\/2022\/05\/LF0005.jpg\",\"width\":800,\"height\":800},{\"@type\":\"BreadcrumbList\",\"@id\":\"https:\/\/arekson.com\/fr\/producto\/borriquete-alt-65cms-chandelle-support-de-securite\/#breadcrumb\",\"itemListElement\":[{\"@type\":\"ListItem\",\"position\":1,\"name\":\"Home\",\"item\":\"https:\/\/arekson.com\/fr\/\"},{\"@type\":\"ListItem\",\"position\":2,\"name\":\"Produits\",\"item\":\"https:\/\/arekson.com\/fr\/shop\/\"},{\"@type\":\"ListItem\",\"position\":3,\"name\":\"BORRIQUETE alt. 65cms. Chandelle support de s\u00e9curit\u00e9\"}]},{\"@type\":\"WebSite\",\"@id\":\"https:\/\/arekson.com\/fr\/#website\",\"url\":\"https:\/\/arekson.com\/fr\/\",\"name\":\"Arekson Group\",\"description\":\"Marcas Referentes del Automovil Profesional\",\"publisher\":{\"@id\":\"https:\/\/arekson.com\/fr\/#organization\"},\"potentialAction\":[{\"@type\":\"SearchAction\",\"target\":{\"@type\":\"EntryPoint\",\"urlTemplate\":\"https:\/\/arekson.com\/fr\/?s={search_term_string}\"},\"query-input\":{\"@type\":\"PropertyValueSpecification\",\"valueRequired\":true,\"valueName\":\"search_term_string\"}}],\"inLanguage\":\"fr-FR\"},{\"@type\":\"Organization\",\"@id\":\"https:\/\/arekson.com\/fr\/#organization\",\"name\":\"Arekson Group\",\"url\":\"https:\/\/arekson.com\/fr\/\",\"logo\":{\"@type\":\"ImageObject\",\"inLanguage\":\"fr-FR\",\"@id\":\"https:\/\/arekson.com\/fr\/#\/schema\/logo\/image\/\",\"url\":\"https:\/\/arekson.com\/wp-content\/uploads\/2022\/06\/Arekson-Group-Logo-Gris.jpg\",\"contentUrl\":\"https:\/\/arekson.com\/wp-content\/uploads\/2022\/06\/Arekson-Group-Logo-Gris.jpg\",\"width\":174,\"height\":72,\"caption\":\"Arekson Group\"},\"image\":{\"@id\":\"https:\/\/arekson.com\/fr\/#\/schema\/logo\/image\/\"}}]}<\/script>\n<!-- \/ Yoast SEO plugin. -->","yoast_head_json":{"title":"SEICAR | BORRIQUETE alt. 65cms. | Chandelle support de s\u00e9curit\u00e9","description":"BORRIQUETE alt. 65cms. | Chandelle support de s\u00e9curit\u00e9 | \u00c9QUIPEMENT | DISPOSITIFS DE LEVAGE | REF: LF0005 | SEICAR","robots":{"index":"index","follow":"follow","max-snippet":"max-snippet:-1","max-image-preview":"max-image-preview:large","max-video-preview":"max-video-preview:-1"},"canonical":"https:\/\/arekson.com\/fr\/producto\/borriquete-alt-65cms-chandelle-support-de-securite\/","og_locale":"fr_FR","og_type":"article","og_title":"SEICAR | BORRIQUETE alt. 65cms. | Chandelle support de s\u00e9curit\u00e9","og_description":"BORRIQUETE alt. 65cms. | Chandelle support de s\u00e9curit\u00e9 | \u00c9QUIPEMENT | DISPOSITIFS DE LEVAGE | REF: LF0005 | SEICAR","og_url":"https:\/\/arekson.com\/fr\/producto\/borriquete-alt-65cms-chandelle-support-de-securite\/","og_site_name":"Arekson Group","article_modified_time":"2022-06-15T14:33:23+00:00","og_image":[{"width":800,"height":800,"url":"https:\/\/arekson.com\/wp-content\/uploads\/2022\/05\/LF0005.jpg","type":"image\/jpeg"}],"twitter_card":"summary_large_image","schema":{"@context":"https:\/\/schema.org","@graph":[{"@type":"WebPage","@id":"https:\/\/arekson.com\/fr\/producto\/borriquete-alt-65cms-chandelle-support-de-securite\/","url":"https:\/\/arekson.com\/fr\/producto\/borriquete-alt-65cms-chandelle-support-de-securite\/","name":"SEICAR | BORRIQUETE alt. 65cms. | Chandelle support de s\u00e9curit\u00e9","isPartOf":{"@id":"https:\/\/arekson.com\/fr\/#website"},"primaryImageOfPage":{"@id":"https:\/\/arekson.com\/fr\/producto\/borriquete-alt-65cms-chandelle-support-de-securite\/#primaryimage"},"image":{"@id":"https:\/\/arekson.com\/fr\/producto\/borriquete-alt-65cms-chandelle-support-de-securite\/#primaryimage"},"thumbnailUrl":"https:\/\/arekson.com\/wp-content\/uploads\/2022\/05\/LF0005.jpg","datePublished":"2022-06-03T16:15:47+00:00","dateModified":"2022-06-15T14:33:23+00:00","description":"BORRIQUETE alt. 65cms. | Chandelle support de s\u00e9curit\u00e9 | \u00c9QUIPEMENT | DISPOSITIFS DE LEVAGE | REF: LF0005 | SEICAR","breadcrumb":{"@id":"https:\/\/arekson.com\/fr\/producto\/borriquete-alt-65cms-chandelle-support-de-securite\/#breadcrumb"},"inLanguage":"fr-FR","potentialAction":[{"@type":"ReadAction","target":["https:\/\/arekson.com\/fr\/producto\/borriquete-alt-65cms-chandelle-support-de-securite\/"]}]},{"@type":"ImageObject","inLanguage":"fr-FR","@id":"https:\/\/arekson.com\/fr\/producto\/borriquete-alt-65cms-chandelle-support-de-securite\/#primaryimage","url":"https:\/\/arekson.com\/wp-content\/uploads\/2022\/05\/LF0005.jpg","contentUrl":"https:\/\/arekson.com\/wp-content\/uploads\/2022\/05\/LF0005.jpg","width":800,"height":800},{"@type":"BreadcrumbList","@id":"https:\/\/arekson.com\/fr\/producto\/borriquete-alt-65cms-chandelle-support-de-securite\/#breadcrumb","itemListElement":[{"@type":"ListItem","position":1,"name":"Home","item":"https:\/\/arekson.com\/fr\/"},{"@type":"ListItem","position":2,"name":"Produits","item":"https:\/\/arekson.com\/fr\/shop\/"},{"@type":"ListItem","position":3,"name":"BORRIQUETE alt. 65cms. Chandelle support de s\u00e9curit\u00e9"}]},{"@type":"WebSite","@id":"https:\/\/arekson.com\/fr\/#website","url":"https:\/\/arekson.com\/fr\/","name":"Arekson Group","description":"Marcas Referentes del Automovil Profesional","publisher":{"@id":"https:\/\/arekson.com\/fr\/#organization"},"potentialAction":[{"@type":"SearchAction","target":{"@type":"EntryPoint","urlTemplate":"https:\/\/arekson.com\/fr\/?s={search_term_string}"},"query-input":{"@type":"PropertyValueSpecification","valueRequired":true,"valueName":"search_term_string"}}],"inLanguage":"fr-FR"},{"@type":"Organization","@id":"https:\/\/arekson.com\/fr\/#organization","name":"Arekson Group","url":"https:\/\/arekson.com\/fr\/","logo":{"@type":"ImageObject","inLanguage":"fr-FR","@id":"https:\/\/arekson.com\/fr\/#\/schema\/logo\/image\/","url":"https:\/\/arekson.com\/wp-content\/uploads\/2022\/06\/Arekson-Group-Logo-Gris.jpg","contentUrl":"https:\/\/arekson.com\/wp-content\/uploads\/2022\/06\/Arekson-Group-Logo-Gris.jpg","width":174,"height":72,"caption":"Arekson Group"},"image":{"@id":"https:\/\/arekson.com\/fr\/#\/schema\/logo\/image\/"}}]}},"_links":{"self":[{"href":"https:\/\/arekson.com\/fr\/wp-json\/wp\/v2\/product\/19183","targetHints":{"allow":["GET"]}}],"collection":[{"href":"https:\/\/arekson.com\/fr\/wp-json\/wp\/v2\/product"}],"about":[{"href":"https:\/\/arekson.com\/fr\/wp-json\/wp\/v2\/types\/product"}],"wp:featuredmedia":[{"embeddable":true,"href":"https:\/\/arekson.com\/fr\/wp-json\/wp\/v2\/media\/6076"}],"wp:attachment":[{"href":"https:\/\/arekson.com\/fr\/wp-json\/wp\/v2\/media?parent=19183"}],"wp:term":[{"taxonomy":"product_brand","embeddable":true,"href":"https:\/\/arekson.com\/fr\/wp-json\/wp\/v2\/product_brand?post=19183"},{"taxonomy":"product_cat","embeddable":true,"href":"https:\/\/arekson.com\/fr\/wp-json\/wp\/v2\/product_cat?post=19183"},{"taxonomy":"product_tag","embeddable":true,"href":"https:\/\/arekson.com\/fr\/wp-json\/wp\/v2\/product_tag?post=19183"}],"curies":[{"name":"wp","href":"https:\/\/api.w.org\/{rel}","templated":true}]}}