{"id":19179,"date":"2022-06-03T18:15:47","date_gmt":"2022-06-03T16:15:47","guid":{"rendered":"https:\/\/arekson.com\/producto\/lift-3t-drill-elevateur-basculant-perceuse\/"},"modified":"2022-06-15T16:33:18","modified_gmt":"2022-06-15T14:33:18","slug":"lift-3t-drill-elevateur-basculant-perceuse","status":"publish","type":"product","link":"https:\/\/arekson.com\/fr\/producto\/lift-3t-drill-elevateur-basculant-perceuse\/","title":{"rendered":"<strong><span class=\"nom-corto\">LIFT 3T  + DRILL <\/span><\/strong><br><span class=\"nom-largo\">\u00c9l\u00e9vateur basculant + Perceuse<\/span>"},"content":{"rendered":"","protected":false},"excerpt":{"rendered":"<p>\u00c9l\u00e9vateur basculant portable. La solution \u00e0 l&rsquo;espace. Usage facile et totalement m\u00e9canique. Fonctionne avec une perceuse ou manivelle. Ne prend pas de place. Facile \u00e0 transporter, poids 50 kg, usage int\u00e9rieur ou ext\u00e9rieur, totalement mobile. \u00c9l\u00e9vation horizontal  maximale 60 cm, charge maximale 3000 kg, homologation CE. Garantie de 2 ans.<\/p>\n","protected":false},"featured_media":6070,"template":"","meta":{"_et_pb_use_builder":"","_et_pb_old_content":"","_et_gb_content_width":""},"product_brand":[],"product_cat":[1179,1175,370],"product_tag":[],"class_list":{"0":"post-19179","1":"product","2":"type-product","3":"status-publish","4":"has-post-thumbnail","6":"product_cat-dispositifs-de-levage","7":"product_cat-equipement","8":"product_cat-seicar-fr","9":"pa_seicar-fr-ref-lf0002tal-jaune-boite-130-x-170-x-11-cm-1-unite","11":"first","12":"outofstock","13":"purchasable","14":"product-type-variable"},"yoast_head":"<!-- This site is optimized with the Yoast SEO plugin v27.2 - https:\/\/yoast.com\/product\/yoast-seo-wordpress\/ -->\n<title>SEICAR | LIFT 3T + DRILL | \u00c9l\u00e9vateur basculant + Perceuse<\/title>\n<meta name=\"description\" content=\"LIFT 3T + DRILL | \u00c9l\u00e9vateur basculant + Perceuse | \u00c9QUIPEMENT | DISPOSITIFS DE LEVAGE | REF: LF0002TAL | SEICAR\" \/>\n<meta name=\"robots\" content=\"index, follow, max-snippet:-1, max-image-preview:large, max-video-preview:-1\" \/>\n<link rel=\"canonical\" href=\"https:\/\/arekson.com\/fr\/producto\/lift-3t-drill-elevateur-basculant-perceuse\/\" \/>\n<meta property=\"og:locale\" content=\"fr_FR\" \/>\n<meta property=\"og:type\" content=\"article\" \/>\n<meta property=\"og:title\" content=\"SEICAR | LIFT 3T + DRILL | \u00c9l\u00e9vateur basculant + Perceuse\" \/>\n<meta property=\"og:description\" content=\"LIFT 3T + DRILL | \u00c9l\u00e9vateur basculant + Perceuse | \u00c9QUIPEMENT | DISPOSITIFS DE LEVAGE | REF: LF0002TAL | SEICAR\" \/>\n<meta property=\"og:url\" content=\"https:\/\/arekson.com\/fr\/producto\/lift-3t-drill-elevateur-basculant-perceuse\/\" \/>\n<meta property=\"og:site_name\" content=\"Arekson Group\" \/>\n<meta property=\"article:modified_time\" content=\"2022-06-15T14:33:18+00:00\" \/>\n<meta property=\"og:image\" content=\"https:\/\/arekson.com\/wp-content\/uploads\/2022\/05\/LF0002TAL.jpg\" \/>\n\t<meta property=\"og:image:width\" content=\"800\" \/>\n\t<meta property=\"og:image:height\" content=\"800\" \/>\n\t<meta property=\"og:image:type\" content=\"image\/jpeg\" \/>\n<meta name=\"twitter:card\" content=\"summary_large_image\" \/>\n<script type=\"application\/ld+json\" class=\"yoast-schema-graph\">{\"@context\":\"https:\/\/schema.org\",\"@graph\":[{\"@type\":\"WebPage\",\"@id\":\"https:\/\/arekson.com\/fr\/producto\/lift-3t-drill-elevateur-basculant-perceuse\/\",\"url\":\"https:\/\/arekson.com\/fr\/producto\/lift-3t-drill-elevateur-basculant-perceuse\/\",\"name\":\"SEICAR | LIFT 3T + DRILL | \u00c9l\u00e9vateur basculant + Perceuse\",\"isPartOf\":{\"@id\":\"https:\/\/arekson.com\/fr\/#website\"},\"primaryImageOfPage\":{\"@id\":\"https:\/\/arekson.com\/fr\/producto\/lift-3t-drill-elevateur-basculant-perceuse\/#primaryimage\"},\"image\":{\"@id\":\"https:\/\/arekson.com\/fr\/producto\/lift-3t-drill-elevateur-basculant-perceuse\/#primaryimage\"},\"thumbnailUrl\":\"https:\/\/arekson.com\/wp-content\/uploads\/2022\/05\/LF0002TAL.jpg\",\"datePublished\":\"2022-06-03T16:15:47+00:00\",\"dateModified\":\"2022-06-15T14:33:18+00:00\",\"description\":\"LIFT 3T + DRILL | \u00c9l\u00e9vateur basculant + Perceuse | \u00c9QUIPEMENT | DISPOSITIFS DE LEVAGE | REF: LF0002TAL | SEICAR\",\"breadcrumb\":{\"@id\":\"https:\/\/arekson.com\/fr\/producto\/lift-3t-drill-elevateur-basculant-perceuse\/#breadcrumb\"},\"inLanguage\":\"fr-FR\",\"potentialAction\":[{\"@type\":\"ReadAction\",\"target\":[\"https:\/\/arekson.com\/fr\/producto\/lift-3t-drill-elevateur-basculant-perceuse\/\"]}]},{\"@type\":\"ImageObject\",\"inLanguage\":\"fr-FR\",\"@id\":\"https:\/\/arekson.com\/fr\/producto\/lift-3t-drill-elevateur-basculant-perceuse\/#primaryimage\",\"url\":\"https:\/\/arekson.com\/wp-content\/uploads\/2022\/05\/LF0002TAL.jpg\",\"contentUrl\":\"https:\/\/arekson.com\/wp-content\/uploads\/2022\/05\/LF0002TAL.jpg\",\"width\":800,\"height\":800},{\"@type\":\"BreadcrumbList\",\"@id\":\"https:\/\/arekson.com\/fr\/producto\/lift-3t-drill-elevateur-basculant-perceuse\/#breadcrumb\",\"itemListElement\":[{\"@type\":\"ListItem\",\"position\":1,\"name\":\"Home\",\"item\":\"https:\/\/arekson.com\/fr\/\"},{\"@type\":\"ListItem\",\"position\":2,\"name\":\"Produits\",\"item\":\"https:\/\/arekson.com\/fr\/shop\/\"},{\"@type\":\"ListItem\",\"position\":3,\"name\":\"LIFT 3T + DRILL \u00c9l\u00e9vateur basculant + Perceuse\"}]},{\"@type\":\"WebSite\",\"@id\":\"https:\/\/arekson.com\/fr\/#website\",\"url\":\"https:\/\/arekson.com\/fr\/\",\"name\":\"Arekson Group\",\"description\":\"Marcas Referentes del Automovil Profesional\",\"publisher\":{\"@id\":\"https:\/\/arekson.com\/fr\/#organization\"},\"potentialAction\":[{\"@type\":\"SearchAction\",\"target\":{\"@type\":\"EntryPoint\",\"urlTemplate\":\"https:\/\/arekson.com\/fr\/?s={search_term_string}\"},\"query-input\":{\"@type\":\"PropertyValueSpecification\",\"valueRequired\":true,\"valueName\":\"search_term_string\"}}],\"inLanguage\":\"fr-FR\"},{\"@type\":\"Organization\",\"@id\":\"https:\/\/arekson.com\/fr\/#organization\",\"name\":\"Arekson Group\",\"url\":\"https:\/\/arekson.com\/fr\/\",\"logo\":{\"@type\":\"ImageObject\",\"inLanguage\":\"fr-FR\",\"@id\":\"https:\/\/arekson.com\/fr\/#\/schema\/logo\/image\/\",\"url\":\"https:\/\/arekson.com\/wp-content\/uploads\/2022\/06\/Arekson-Group-Logo-Gris.jpg\",\"contentUrl\":\"https:\/\/arekson.com\/wp-content\/uploads\/2022\/06\/Arekson-Group-Logo-Gris.jpg\",\"width\":174,\"height\":72,\"caption\":\"Arekson Group\"},\"image\":{\"@id\":\"https:\/\/arekson.com\/fr\/#\/schema\/logo\/image\/\"}}]}<\/script>\n<!-- \/ Yoast SEO plugin. -->","yoast_head_json":{"title":"SEICAR | LIFT 3T + DRILL | \u00c9l\u00e9vateur basculant + Perceuse","description":"LIFT 3T + DRILL | \u00c9l\u00e9vateur basculant + Perceuse | \u00c9QUIPEMENT | DISPOSITIFS DE LEVAGE | REF: LF0002TAL | SEICAR","robots":{"index":"index","follow":"follow","max-snippet":"max-snippet:-1","max-image-preview":"max-image-preview:large","max-video-preview":"max-video-preview:-1"},"canonical":"https:\/\/arekson.com\/fr\/producto\/lift-3t-drill-elevateur-basculant-perceuse\/","og_locale":"fr_FR","og_type":"article","og_title":"SEICAR | LIFT 3T + DRILL | \u00c9l\u00e9vateur basculant + Perceuse","og_description":"LIFT 3T + DRILL | \u00c9l\u00e9vateur basculant + Perceuse | \u00c9QUIPEMENT | DISPOSITIFS DE LEVAGE | REF: LF0002TAL | SEICAR","og_url":"https:\/\/arekson.com\/fr\/producto\/lift-3t-drill-elevateur-basculant-perceuse\/","og_site_name":"Arekson Group","article_modified_time":"2022-06-15T14:33:18+00:00","og_image":[{"width":800,"height":800,"url":"https:\/\/arekson.com\/wp-content\/uploads\/2022\/05\/LF0002TAL.jpg","type":"image\/jpeg"}],"twitter_card":"summary_large_image","schema":{"@context":"https:\/\/schema.org","@graph":[{"@type":"WebPage","@id":"https:\/\/arekson.com\/fr\/producto\/lift-3t-drill-elevateur-basculant-perceuse\/","url":"https:\/\/arekson.com\/fr\/producto\/lift-3t-drill-elevateur-basculant-perceuse\/","name":"SEICAR | LIFT 3T + DRILL | \u00c9l\u00e9vateur basculant + Perceuse","isPartOf":{"@id":"https:\/\/arekson.com\/fr\/#website"},"primaryImageOfPage":{"@id":"https:\/\/arekson.com\/fr\/producto\/lift-3t-drill-elevateur-basculant-perceuse\/#primaryimage"},"image":{"@id":"https:\/\/arekson.com\/fr\/producto\/lift-3t-drill-elevateur-basculant-perceuse\/#primaryimage"},"thumbnailUrl":"https:\/\/arekson.com\/wp-content\/uploads\/2022\/05\/LF0002TAL.jpg","datePublished":"2022-06-03T16:15:47+00:00","dateModified":"2022-06-15T14:33:18+00:00","description":"LIFT 3T + DRILL | \u00c9l\u00e9vateur basculant + Perceuse | \u00c9QUIPEMENT | DISPOSITIFS DE LEVAGE | REF: LF0002TAL | SEICAR","breadcrumb":{"@id":"https:\/\/arekson.com\/fr\/producto\/lift-3t-drill-elevateur-basculant-perceuse\/#breadcrumb"},"inLanguage":"fr-FR","potentialAction":[{"@type":"ReadAction","target":["https:\/\/arekson.com\/fr\/producto\/lift-3t-drill-elevateur-basculant-perceuse\/"]}]},{"@type":"ImageObject","inLanguage":"fr-FR","@id":"https:\/\/arekson.com\/fr\/producto\/lift-3t-drill-elevateur-basculant-perceuse\/#primaryimage","url":"https:\/\/arekson.com\/wp-content\/uploads\/2022\/05\/LF0002TAL.jpg","contentUrl":"https:\/\/arekson.com\/wp-content\/uploads\/2022\/05\/LF0002TAL.jpg","width":800,"height":800},{"@type":"BreadcrumbList","@id":"https:\/\/arekson.com\/fr\/producto\/lift-3t-drill-elevateur-basculant-perceuse\/#breadcrumb","itemListElement":[{"@type":"ListItem","position":1,"name":"Home","item":"https:\/\/arekson.com\/fr\/"},{"@type":"ListItem","position":2,"name":"Produits","item":"https:\/\/arekson.com\/fr\/shop\/"},{"@type":"ListItem","position":3,"name":"LIFT 3T + DRILL \u00c9l\u00e9vateur basculant + Perceuse"}]},{"@type":"WebSite","@id":"https:\/\/arekson.com\/fr\/#website","url":"https:\/\/arekson.com\/fr\/","name":"Arekson Group","description":"Marcas Referentes del Automovil Profesional","publisher":{"@id":"https:\/\/arekson.com\/fr\/#organization"},"potentialAction":[{"@type":"SearchAction","target":{"@type":"EntryPoint","urlTemplate":"https:\/\/arekson.com\/fr\/?s={search_term_string}"},"query-input":{"@type":"PropertyValueSpecification","valueRequired":true,"valueName":"search_term_string"}}],"inLanguage":"fr-FR"},{"@type":"Organization","@id":"https:\/\/arekson.com\/fr\/#organization","name":"Arekson Group","url":"https:\/\/arekson.com\/fr\/","logo":{"@type":"ImageObject","inLanguage":"fr-FR","@id":"https:\/\/arekson.com\/fr\/#\/schema\/logo\/image\/","url":"https:\/\/arekson.com\/wp-content\/uploads\/2022\/06\/Arekson-Group-Logo-Gris.jpg","contentUrl":"https:\/\/arekson.com\/wp-content\/uploads\/2022\/06\/Arekson-Group-Logo-Gris.jpg","width":174,"height":72,"caption":"Arekson Group"},"image":{"@id":"https:\/\/arekson.com\/fr\/#\/schema\/logo\/image\/"}}]}},"_links":{"self":[{"href":"https:\/\/arekson.com\/fr\/wp-json\/wp\/v2\/product\/19179","targetHints":{"allow":["GET"]}}],"collection":[{"href":"https:\/\/arekson.com\/fr\/wp-json\/wp\/v2\/product"}],"about":[{"href":"https:\/\/arekson.com\/fr\/wp-json\/wp\/v2\/types\/product"}],"wp:featuredmedia":[{"embeddable":true,"href":"https:\/\/arekson.com\/fr\/wp-json\/wp\/v2\/media\/6070"}],"wp:attachment":[{"href":"https:\/\/arekson.com\/fr\/wp-json\/wp\/v2\/media?parent=19179"}],"wp:term":[{"taxonomy":"product_brand","embeddable":true,"href":"https:\/\/arekson.com\/fr\/wp-json\/wp\/v2\/product_brand?post=19179"},{"taxonomy":"product_cat","embeddable":true,"href":"https:\/\/arekson.com\/fr\/wp-json\/wp\/v2\/product_cat?post=19179"},{"taxonomy":"product_tag","embeddable":true,"href":"https:\/\/arekson.com\/fr\/wp-json\/wp\/v2\/product_tag?post=19179"}],"curies":[{"name":"wp","href":"https:\/\/api.w.org\/{rel}","templated":true}]}}