{"id":19155,"date":"2022-06-03T18:15:36","date_gmt":"2022-06-03T16:15:36","guid":{"rendered":"https:\/\/arekson.com\/producto\/infrared-b-06-t-c-equipement-de-sechage-par-rayons-infrarouges\/"},"modified":"2022-06-15T16:32:46","modified_gmt":"2022-06-15T14:32:46","slug":"infrared-b-06-t-c-equipement-de-sechage-par-rayons-infrarouges","status":"publish","type":"product","link":"https:\/\/arekson.com\/fr\/producto\/infrared-b-06-t-c-equipement-de-sechage-par-rayons-infrarouges\/","title":{"rendered":"<strong><span class=\"nom-corto\">INFRARED B-06 T.C. <\/span><\/strong><br><span class=\"nom-largo\">\u00c9quipement de s\u00e9chage par rayons infrarouges.<\/span>"},"content":{"rendered":"","protected":false},"excerpt":{"rendered":"<p>Infrarouges \u00e0 la pointe de la technologie. Id\u00e9al pour peintures \u00e0 base de solvant ou \u00e0 base d&rsquo;eau. \u00c9cran num\u00e9rique avec temporisateur, pr\u00e9chauffage,  chauffage, m\u00e9moire: Peut d\u00e9finir et stocker 4 programmes \u00e0 usage fr\u00e9quent. Capteur et contr\u00f4le de la temp\u00e9rature par infrarouges. Capteur de distance par ultrasons. Tableau de commande avec des boutons ergonomiques ayant une dur\u00e9e de vie utile 10 fois sup\u00e9rieure \u00e0 celle des boutons m\u00e9caniques. Switch: CE \/ UL qualit\u00e9 et haut rendement. Principaux composants \u00e9lectroniques fabriqu\u00e9s aux \u00c9tats-Unis. \/ Japon ou avec CE \/ certification UL. Les cassettes infrarouges individuelles dont la vie utile peut atteindre les 6000 heures. Peintures \u00e0 deux couches compl\u00e8tement s\u00e8ches au bout de 15 minutes et le mastic de polyester sec au bout de 5 minutes. Ch\u00e2ssis rabaiss\u00e9 avec roulettes pour v\u00e9hicules bas. Zone d&rsquo;irradiation 1 x 1,5 m\u00b2.<\/p>\n","protected":false},"featured_media":5827,"template":"","meta":{"_et_pb_use_builder":"","_et_pb_old_content":"","_et_gb_content_width":""},"product_brand":[],"product_cat":[1175,1193,370],"product_tag":[],"class_list":{"0":"post-19155","1":"product","2":"type-product","3":"status-publish","4":"has-post-thumbnail","6":"product_cat-equipement","7":"product_cat-infrarouges","8":"product_cat-seicar-fr","9":"pa_seicar-fr-ref-irb06t-palette-400-v-6-120-wat-1-unite","11":"first","12":"outofstock","13":"purchasable","14":"product-type-variable"},"yoast_head":"<!-- This site is optimized with the Yoast SEO plugin v27.2 - https:\/\/yoast.com\/product\/yoast-seo-wordpress\/ -->\n<title>SEICAR | INFRARED B-06 T.C. | \u00c9quipement de s\u00e9chage par rayons infrarouges.<\/title>\n<meta name=\"description\" content=\"INFRARED B-06 T.C. | \u00c9quipement de s\u00e9chage par rayons infrarouges. | \u00c9QUIPEMENT | INFRAROUGES | REF: IRB06T | SEICAR\" \/>\n<meta name=\"robots\" content=\"index, follow, max-snippet:-1, max-image-preview:large, max-video-preview:-1\" \/>\n<link rel=\"canonical\" href=\"https:\/\/arekson.com\/fr\/producto\/infrared-b-06-t-c-equipement-de-sechage-par-rayons-infrarouges\/\" \/>\n<meta property=\"og:locale\" content=\"fr_FR\" \/>\n<meta property=\"og:type\" content=\"article\" \/>\n<meta property=\"og:title\" content=\"SEICAR | INFRARED B-06 T.C. | \u00c9quipement de s\u00e9chage par rayons infrarouges.\" \/>\n<meta property=\"og:description\" content=\"INFRARED B-06 T.C. | \u00c9quipement de s\u00e9chage par rayons infrarouges. | \u00c9QUIPEMENT | INFRAROUGES | REF: IRB06T | SEICAR\" \/>\n<meta property=\"og:url\" content=\"https:\/\/arekson.com\/fr\/producto\/infrared-b-06-t-c-equipement-de-sechage-par-rayons-infrarouges\/\" \/>\n<meta property=\"og:site_name\" content=\"Arekson Group\" \/>\n<meta property=\"article:modified_time\" content=\"2022-06-15T14:32:46+00:00\" \/>\n<meta property=\"og:image\" content=\"https:\/\/arekson.com\/wp-content\/uploads\/2022\/05\/IRB06T.jpg\" \/>\n\t<meta property=\"og:image:width\" content=\"800\" \/>\n\t<meta property=\"og:image:height\" content=\"800\" \/>\n\t<meta property=\"og:image:type\" content=\"image\/jpeg\" \/>\n<meta name=\"twitter:card\" content=\"summary_large_image\" \/>\n<script type=\"application\/ld+json\" class=\"yoast-schema-graph\">{\"@context\":\"https:\/\/schema.org\",\"@graph\":[{\"@type\":\"WebPage\",\"@id\":\"https:\/\/arekson.com\/fr\/producto\/infrared-b-06-t-c-equipement-de-sechage-par-rayons-infrarouges\/\",\"url\":\"https:\/\/arekson.com\/fr\/producto\/infrared-b-06-t-c-equipement-de-sechage-par-rayons-infrarouges\/\",\"name\":\"SEICAR | INFRARED B-06 T.C. | \u00c9quipement de s\u00e9chage par rayons infrarouges.\",\"isPartOf\":{\"@id\":\"https:\/\/arekson.com\/fr\/#website\"},\"primaryImageOfPage\":{\"@id\":\"https:\/\/arekson.com\/fr\/producto\/infrared-b-06-t-c-equipement-de-sechage-par-rayons-infrarouges\/#primaryimage\"},\"image\":{\"@id\":\"https:\/\/arekson.com\/fr\/producto\/infrared-b-06-t-c-equipement-de-sechage-par-rayons-infrarouges\/#primaryimage\"},\"thumbnailUrl\":\"https:\/\/arekson.com\/wp-content\/uploads\/2022\/05\/IRB06T.jpg\",\"datePublished\":\"2022-06-03T16:15:36+00:00\",\"dateModified\":\"2022-06-15T14:32:46+00:00\",\"description\":\"INFRARED B-06 T.C. | \u00c9quipement de s\u00e9chage par rayons infrarouges. | \u00c9QUIPEMENT | INFRAROUGES | REF: IRB06T | SEICAR\",\"breadcrumb\":{\"@id\":\"https:\/\/arekson.com\/fr\/producto\/infrared-b-06-t-c-equipement-de-sechage-par-rayons-infrarouges\/#breadcrumb\"},\"inLanguage\":\"fr-FR\",\"potentialAction\":[{\"@type\":\"ReadAction\",\"target\":[\"https:\/\/arekson.com\/fr\/producto\/infrared-b-06-t-c-equipement-de-sechage-par-rayons-infrarouges\/\"]}]},{\"@type\":\"ImageObject\",\"inLanguage\":\"fr-FR\",\"@id\":\"https:\/\/arekson.com\/fr\/producto\/infrared-b-06-t-c-equipement-de-sechage-par-rayons-infrarouges\/#primaryimage\",\"url\":\"https:\/\/arekson.com\/wp-content\/uploads\/2022\/05\/IRB06T.jpg\",\"contentUrl\":\"https:\/\/arekson.com\/wp-content\/uploads\/2022\/05\/IRB06T.jpg\",\"width\":800,\"height\":800},{\"@type\":\"BreadcrumbList\",\"@id\":\"https:\/\/arekson.com\/fr\/producto\/infrared-b-06-t-c-equipement-de-sechage-par-rayons-infrarouges\/#breadcrumb\",\"itemListElement\":[{\"@type\":\"ListItem\",\"position\":1,\"name\":\"Home\",\"item\":\"https:\/\/arekson.com\/fr\/\"},{\"@type\":\"ListItem\",\"position\":2,\"name\":\"Produits\",\"item\":\"https:\/\/arekson.com\/fr\/shop\/\"},{\"@type\":\"ListItem\",\"position\":3,\"name\":\"INFRARED B-06 T.C. \u00c9quipement de s\u00e9chage par rayons infrarouges.\"}]},{\"@type\":\"WebSite\",\"@id\":\"https:\/\/arekson.com\/fr\/#website\",\"url\":\"https:\/\/arekson.com\/fr\/\",\"name\":\"Arekson Group\",\"description\":\"Marcas Referentes del Automovil Profesional\",\"publisher\":{\"@id\":\"https:\/\/arekson.com\/fr\/#organization\"},\"potentialAction\":[{\"@type\":\"SearchAction\",\"target\":{\"@type\":\"EntryPoint\",\"urlTemplate\":\"https:\/\/arekson.com\/fr\/?s={search_term_string}\"},\"query-input\":{\"@type\":\"PropertyValueSpecification\",\"valueRequired\":true,\"valueName\":\"search_term_string\"}}],\"inLanguage\":\"fr-FR\"},{\"@type\":\"Organization\",\"@id\":\"https:\/\/arekson.com\/fr\/#organization\",\"name\":\"Arekson Group\",\"url\":\"https:\/\/arekson.com\/fr\/\",\"logo\":{\"@type\":\"ImageObject\",\"inLanguage\":\"fr-FR\",\"@id\":\"https:\/\/arekson.com\/fr\/#\/schema\/logo\/image\/\",\"url\":\"https:\/\/arekson.com\/wp-content\/uploads\/2022\/06\/Arekson-Group-Logo-Gris.jpg\",\"contentUrl\":\"https:\/\/arekson.com\/wp-content\/uploads\/2022\/06\/Arekson-Group-Logo-Gris.jpg\",\"width\":174,\"height\":72,\"caption\":\"Arekson Group\"},\"image\":{\"@id\":\"https:\/\/arekson.com\/fr\/#\/schema\/logo\/image\/\"}}]}<\/script>\n<!-- \/ Yoast SEO plugin. -->","yoast_head_json":{"title":"SEICAR | INFRARED B-06 T.C. | \u00c9quipement de s\u00e9chage par rayons infrarouges.","description":"INFRARED B-06 T.C. | \u00c9quipement de s\u00e9chage par rayons infrarouges. | \u00c9QUIPEMENT | INFRAROUGES | REF: IRB06T | SEICAR","robots":{"index":"index","follow":"follow","max-snippet":"max-snippet:-1","max-image-preview":"max-image-preview:large","max-video-preview":"max-video-preview:-1"},"canonical":"https:\/\/arekson.com\/fr\/producto\/infrared-b-06-t-c-equipement-de-sechage-par-rayons-infrarouges\/","og_locale":"fr_FR","og_type":"article","og_title":"SEICAR | INFRARED B-06 T.C. | \u00c9quipement de s\u00e9chage par rayons infrarouges.","og_description":"INFRARED B-06 T.C. | \u00c9quipement de s\u00e9chage par rayons infrarouges. | \u00c9QUIPEMENT | INFRAROUGES | REF: IRB06T | SEICAR","og_url":"https:\/\/arekson.com\/fr\/producto\/infrared-b-06-t-c-equipement-de-sechage-par-rayons-infrarouges\/","og_site_name":"Arekson Group","article_modified_time":"2022-06-15T14:32:46+00:00","og_image":[{"width":800,"height":800,"url":"https:\/\/arekson.com\/wp-content\/uploads\/2022\/05\/IRB06T.jpg","type":"image\/jpeg"}],"twitter_card":"summary_large_image","schema":{"@context":"https:\/\/schema.org","@graph":[{"@type":"WebPage","@id":"https:\/\/arekson.com\/fr\/producto\/infrared-b-06-t-c-equipement-de-sechage-par-rayons-infrarouges\/","url":"https:\/\/arekson.com\/fr\/producto\/infrared-b-06-t-c-equipement-de-sechage-par-rayons-infrarouges\/","name":"SEICAR | INFRARED B-06 T.C. | \u00c9quipement de s\u00e9chage par rayons infrarouges.","isPartOf":{"@id":"https:\/\/arekson.com\/fr\/#website"},"primaryImageOfPage":{"@id":"https:\/\/arekson.com\/fr\/producto\/infrared-b-06-t-c-equipement-de-sechage-par-rayons-infrarouges\/#primaryimage"},"image":{"@id":"https:\/\/arekson.com\/fr\/producto\/infrared-b-06-t-c-equipement-de-sechage-par-rayons-infrarouges\/#primaryimage"},"thumbnailUrl":"https:\/\/arekson.com\/wp-content\/uploads\/2022\/05\/IRB06T.jpg","datePublished":"2022-06-03T16:15:36+00:00","dateModified":"2022-06-15T14:32:46+00:00","description":"INFRARED B-06 T.C. | \u00c9quipement de s\u00e9chage par rayons infrarouges. | \u00c9QUIPEMENT | INFRAROUGES | REF: IRB06T | SEICAR","breadcrumb":{"@id":"https:\/\/arekson.com\/fr\/producto\/infrared-b-06-t-c-equipement-de-sechage-par-rayons-infrarouges\/#breadcrumb"},"inLanguage":"fr-FR","potentialAction":[{"@type":"ReadAction","target":["https:\/\/arekson.com\/fr\/producto\/infrared-b-06-t-c-equipement-de-sechage-par-rayons-infrarouges\/"]}]},{"@type":"ImageObject","inLanguage":"fr-FR","@id":"https:\/\/arekson.com\/fr\/producto\/infrared-b-06-t-c-equipement-de-sechage-par-rayons-infrarouges\/#primaryimage","url":"https:\/\/arekson.com\/wp-content\/uploads\/2022\/05\/IRB06T.jpg","contentUrl":"https:\/\/arekson.com\/wp-content\/uploads\/2022\/05\/IRB06T.jpg","width":800,"height":800},{"@type":"BreadcrumbList","@id":"https:\/\/arekson.com\/fr\/producto\/infrared-b-06-t-c-equipement-de-sechage-par-rayons-infrarouges\/#breadcrumb","itemListElement":[{"@type":"ListItem","position":1,"name":"Home","item":"https:\/\/arekson.com\/fr\/"},{"@type":"ListItem","position":2,"name":"Produits","item":"https:\/\/arekson.com\/fr\/shop\/"},{"@type":"ListItem","position":3,"name":"INFRARED B-06 T.C. \u00c9quipement de s\u00e9chage par rayons infrarouges."}]},{"@type":"WebSite","@id":"https:\/\/arekson.com\/fr\/#website","url":"https:\/\/arekson.com\/fr\/","name":"Arekson Group","description":"Marcas Referentes del Automovil Profesional","publisher":{"@id":"https:\/\/arekson.com\/fr\/#organization"},"potentialAction":[{"@type":"SearchAction","target":{"@type":"EntryPoint","urlTemplate":"https:\/\/arekson.com\/fr\/?s={search_term_string}"},"query-input":{"@type":"PropertyValueSpecification","valueRequired":true,"valueName":"search_term_string"}}],"inLanguage":"fr-FR"},{"@type":"Organization","@id":"https:\/\/arekson.com\/fr\/#organization","name":"Arekson Group","url":"https:\/\/arekson.com\/fr\/","logo":{"@type":"ImageObject","inLanguage":"fr-FR","@id":"https:\/\/arekson.com\/fr\/#\/schema\/logo\/image\/","url":"https:\/\/arekson.com\/wp-content\/uploads\/2022\/06\/Arekson-Group-Logo-Gris.jpg","contentUrl":"https:\/\/arekson.com\/wp-content\/uploads\/2022\/06\/Arekson-Group-Logo-Gris.jpg","width":174,"height":72,"caption":"Arekson Group"},"image":{"@id":"https:\/\/arekson.com\/fr\/#\/schema\/logo\/image\/"}}]}},"_links":{"self":[{"href":"https:\/\/arekson.com\/fr\/wp-json\/wp\/v2\/product\/19155","targetHints":{"allow":["GET"]}}],"collection":[{"href":"https:\/\/arekson.com\/fr\/wp-json\/wp\/v2\/product"}],"about":[{"href":"https:\/\/arekson.com\/fr\/wp-json\/wp\/v2\/types\/product"}],"wp:featuredmedia":[{"embeddable":true,"href":"https:\/\/arekson.com\/fr\/wp-json\/wp\/v2\/media\/5827"}],"wp:attachment":[{"href":"https:\/\/arekson.com\/fr\/wp-json\/wp\/v2\/media?parent=19155"}],"wp:term":[{"taxonomy":"product_brand","embeddable":true,"href":"https:\/\/arekson.com\/fr\/wp-json\/wp\/v2\/product_brand?post=19155"},{"taxonomy":"product_cat","embeddable":true,"href":"https:\/\/arekson.com\/fr\/wp-json\/wp\/v2\/product_cat?post=19155"},{"taxonomy":"product_tag","embeddable":true,"href":"https:\/\/arekson.com\/fr\/wp-json\/wp\/v2\/product_tag?post=19155"}],"curies":[{"name":"wp","href":"https:\/\/api.w.org\/{rel}","templated":true}]}}