{"id":19127,"date":"2022-06-03T18:15:28","date_gmt":"2022-06-03T16:15:28","guid":{"rendered":"https:\/\/arekson.com\/producto\/painty-table-1-table-preparation-de-peinture-et-gestion-de-residu\/"},"modified":"2022-06-15T16:32:07","modified_gmt":"2022-06-15T14:32:07","slug":"painty-table-1-table-preparation-de-peinture-et-gestion-de-residu","status":"publish","type":"product","link":"https:\/\/arekson.com\/fr\/producto\/painty-table-1-table-preparation-de-peinture-et-gestion-de-residu\/","title":{"rendered":"<strong><span class=\"nom-corto\">PAINTY  TABLE 1 <\/span><\/strong><br><span class=\"nom-largo\">Table pr\u00e9paration de peinture et gestion de r\u00e9sidu<\/span>"},"content":{"rendered":"","protected":false},"excerpt":{"rendered":"<p>Table en acier inoxydable avec \u00e9vier et distributeur de papier. Supports pour pistolets et outil. \u00c9tag\u00e8re sup\u00e9rieure.  Plateau inf\u00e9rieur pour la gestion de r\u00e9sidus. Plateaux avec rebord pouvant contenir les liquides. Dimensions : 1180 x 565 x 1550 mm.<\/p>\n","protected":false},"featured_media":6418,"template":"","meta":{"_et_pb_use_builder":"","_et_pb_old_content":"","_et_gb_content_width":""},"product_brand":[],"product_cat":[1175,370,1197],"product_tag":[],"class_list":{"0":"post-19127","1":"product","2":"type-product","3":"status-publish","4":"has-post-thumbnail","6":"product_cat-equipement","7":"product_cat-seicar-fr","8":"product_cat-tables-de-preparation","9":"pa_seicar-fr-ref-mp0001-boite-1180-x-565-x-1550-mm-1-unite","11":"first","12":"outofstock","13":"purchasable","14":"product-type-variable"},"yoast_head":"<!-- This site is optimized with the Yoast SEO plugin v27.2 - https:\/\/yoast.com\/product\/yoast-seo-wordpress\/ -->\n<title>SEICAR | PAINTY TABLE 1 | Table pr\u00e9paration de peinture et gestion de r\u00e9sidu<\/title>\n<meta name=\"description\" content=\"PAINTY TABLE 1 | Table pr\u00e9paration de peinture et gestion de r\u00e9sidu | \u00c9QUIPEMENT | TABLES DE PR\u00c9PARATION | REF: MP0001 | SEICAR\" \/>\n<meta name=\"robots\" content=\"index, follow, max-snippet:-1, max-image-preview:large, max-video-preview:-1\" \/>\n<link rel=\"canonical\" href=\"https:\/\/arekson.com\/fr\/producto\/painty-table-1-table-preparation-de-peinture-et-gestion-de-residu\/\" \/>\n<meta property=\"og:locale\" content=\"fr_FR\" \/>\n<meta property=\"og:type\" content=\"article\" \/>\n<meta property=\"og:title\" content=\"SEICAR | PAINTY TABLE 1 | Table pr\u00e9paration de peinture et gestion de r\u00e9sidu\" \/>\n<meta property=\"og:description\" content=\"PAINTY TABLE 1 | Table pr\u00e9paration de peinture et gestion de r\u00e9sidu | \u00c9QUIPEMENT | TABLES DE PR\u00c9PARATION | REF: MP0001 | SEICAR\" \/>\n<meta property=\"og:url\" content=\"https:\/\/arekson.com\/fr\/producto\/painty-table-1-table-preparation-de-peinture-et-gestion-de-residu\/\" \/>\n<meta property=\"og:site_name\" content=\"Arekson Group\" \/>\n<meta property=\"article:modified_time\" content=\"2022-06-15T14:32:07+00:00\" \/>\n<meta property=\"og:image\" content=\"https:\/\/arekson.com\/wp-content\/uploads\/2022\/05\/MP0001.jpg\" \/>\n\t<meta property=\"og:image:width\" content=\"800\" \/>\n\t<meta property=\"og:image:height\" content=\"800\" \/>\n\t<meta property=\"og:image:type\" content=\"image\/jpeg\" \/>\n<meta name=\"twitter:card\" content=\"summary_large_image\" \/>\n<script type=\"application\/ld+json\" class=\"yoast-schema-graph\">{\"@context\":\"https:\/\/schema.org\",\"@graph\":[{\"@type\":\"WebPage\",\"@id\":\"https:\/\/arekson.com\/fr\/producto\/painty-table-1-table-preparation-de-peinture-et-gestion-de-residu\/\",\"url\":\"https:\/\/arekson.com\/fr\/producto\/painty-table-1-table-preparation-de-peinture-et-gestion-de-residu\/\",\"name\":\"SEICAR | PAINTY TABLE 1 | Table pr\u00e9paration de peinture et gestion de r\u00e9sidu\",\"isPartOf\":{\"@id\":\"https:\/\/arekson.com\/fr\/#website\"},\"primaryImageOfPage\":{\"@id\":\"https:\/\/arekson.com\/fr\/producto\/painty-table-1-table-preparation-de-peinture-et-gestion-de-residu\/#primaryimage\"},\"image\":{\"@id\":\"https:\/\/arekson.com\/fr\/producto\/painty-table-1-table-preparation-de-peinture-et-gestion-de-residu\/#primaryimage\"},\"thumbnailUrl\":\"https:\/\/arekson.com\/wp-content\/uploads\/2022\/05\/MP0001.jpg\",\"datePublished\":\"2022-06-03T16:15:28+00:00\",\"dateModified\":\"2022-06-15T14:32:07+00:00\",\"description\":\"PAINTY TABLE 1 | Table pr\u00e9paration de peinture et gestion de r\u00e9sidu | \u00c9QUIPEMENT | TABLES DE PR\u00c9PARATION | REF: MP0001 | SEICAR\",\"breadcrumb\":{\"@id\":\"https:\/\/arekson.com\/fr\/producto\/painty-table-1-table-preparation-de-peinture-et-gestion-de-residu\/#breadcrumb\"},\"inLanguage\":\"fr-FR\",\"potentialAction\":[{\"@type\":\"ReadAction\",\"target\":[\"https:\/\/arekson.com\/fr\/producto\/painty-table-1-table-preparation-de-peinture-et-gestion-de-residu\/\"]}]},{\"@type\":\"ImageObject\",\"inLanguage\":\"fr-FR\",\"@id\":\"https:\/\/arekson.com\/fr\/producto\/painty-table-1-table-preparation-de-peinture-et-gestion-de-residu\/#primaryimage\",\"url\":\"https:\/\/arekson.com\/wp-content\/uploads\/2022\/05\/MP0001.jpg\",\"contentUrl\":\"https:\/\/arekson.com\/wp-content\/uploads\/2022\/05\/MP0001.jpg\",\"width\":800,\"height\":800},{\"@type\":\"BreadcrumbList\",\"@id\":\"https:\/\/arekson.com\/fr\/producto\/painty-table-1-table-preparation-de-peinture-et-gestion-de-residu\/#breadcrumb\",\"itemListElement\":[{\"@type\":\"ListItem\",\"position\":1,\"name\":\"Home\",\"item\":\"https:\/\/arekson.com\/fr\/\"},{\"@type\":\"ListItem\",\"position\":2,\"name\":\"Produits\",\"item\":\"https:\/\/arekson.com\/fr\/shop\/\"},{\"@type\":\"ListItem\",\"position\":3,\"name\":\"PAINTY TABLE 1 Table pr\u00e9paration de peinture et gestion de r\u00e9sidu\"}]},{\"@type\":\"WebSite\",\"@id\":\"https:\/\/arekson.com\/fr\/#website\",\"url\":\"https:\/\/arekson.com\/fr\/\",\"name\":\"Arekson Group\",\"description\":\"Marcas Referentes del Automovil Profesional\",\"publisher\":{\"@id\":\"https:\/\/arekson.com\/fr\/#organization\"},\"potentialAction\":[{\"@type\":\"SearchAction\",\"target\":{\"@type\":\"EntryPoint\",\"urlTemplate\":\"https:\/\/arekson.com\/fr\/?s={search_term_string}\"},\"query-input\":{\"@type\":\"PropertyValueSpecification\",\"valueRequired\":true,\"valueName\":\"search_term_string\"}}],\"inLanguage\":\"fr-FR\"},{\"@type\":\"Organization\",\"@id\":\"https:\/\/arekson.com\/fr\/#organization\",\"name\":\"Arekson Group\",\"url\":\"https:\/\/arekson.com\/fr\/\",\"logo\":{\"@type\":\"ImageObject\",\"inLanguage\":\"fr-FR\",\"@id\":\"https:\/\/arekson.com\/fr\/#\/schema\/logo\/image\/\",\"url\":\"https:\/\/arekson.com\/wp-content\/uploads\/2022\/06\/Arekson-Group-Logo-Gris.jpg\",\"contentUrl\":\"https:\/\/arekson.com\/wp-content\/uploads\/2022\/06\/Arekson-Group-Logo-Gris.jpg\",\"width\":174,\"height\":72,\"caption\":\"Arekson Group\"},\"image\":{\"@id\":\"https:\/\/arekson.com\/fr\/#\/schema\/logo\/image\/\"}}]}<\/script>\n<!-- \/ Yoast SEO plugin. -->","yoast_head_json":{"title":"SEICAR | PAINTY TABLE 1 | Table pr\u00e9paration de peinture et gestion de r\u00e9sidu","description":"PAINTY TABLE 1 | Table pr\u00e9paration de peinture et gestion de r\u00e9sidu | \u00c9QUIPEMENT | TABLES DE PR\u00c9PARATION | REF: MP0001 | SEICAR","robots":{"index":"index","follow":"follow","max-snippet":"max-snippet:-1","max-image-preview":"max-image-preview:large","max-video-preview":"max-video-preview:-1"},"canonical":"https:\/\/arekson.com\/fr\/producto\/painty-table-1-table-preparation-de-peinture-et-gestion-de-residu\/","og_locale":"fr_FR","og_type":"article","og_title":"SEICAR | PAINTY TABLE 1 | Table pr\u00e9paration de peinture et gestion de r\u00e9sidu","og_description":"PAINTY TABLE 1 | Table pr\u00e9paration de peinture et gestion de r\u00e9sidu | \u00c9QUIPEMENT | TABLES DE PR\u00c9PARATION | REF: MP0001 | SEICAR","og_url":"https:\/\/arekson.com\/fr\/producto\/painty-table-1-table-preparation-de-peinture-et-gestion-de-residu\/","og_site_name":"Arekson Group","article_modified_time":"2022-06-15T14:32:07+00:00","og_image":[{"width":800,"height":800,"url":"https:\/\/arekson.com\/wp-content\/uploads\/2022\/05\/MP0001.jpg","type":"image\/jpeg"}],"twitter_card":"summary_large_image","schema":{"@context":"https:\/\/schema.org","@graph":[{"@type":"WebPage","@id":"https:\/\/arekson.com\/fr\/producto\/painty-table-1-table-preparation-de-peinture-et-gestion-de-residu\/","url":"https:\/\/arekson.com\/fr\/producto\/painty-table-1-table-preparation-de-peinture-et-gestion-de-residu\/","name":"SEICAR | PAINTY TABLE 1 | Table pr\u00e9paration de peinture et gestion de r\u00e9sidu","isPartOf":{"@id":"https:\/\/arekson.com\/fr\/#website"},"primaryImageOfPage":{"@id":"https:\/\/arekson.com\/fr\/producto\/painty-table-1-table-preparation-de-peinture-et-gestion-de-residu\/#primaryimage"},"image":{"@id":"https:\/\/arekson.com\/fr\/producto\/painty-table-1-table-preparation-de-peinture-et-gestion-de-residu\/#primaryimage"},"thumbnailUrl":"https:\/\/arekson.com\/wp-content\/uploads\/2022\/05\/MP0001.jpg","datePublished":"2022-06-03T16:15:28+00:00","dateModified":"2022-06-15T14:32:07+00:00","description":"PAINTY TABLE 1 | Table pr\u00e9paration de peinture et gestion de r\u00e9sidu | \u00c9QUIPEMENT | TABLES DE PR\u00c9PARATION | REF: MP0001 | SEICAR","breadcrumb":{"@id":"https:\/\/arekson.com\/fr\/producto\/painty-table-1-table-preparation-de-peinture-et-gestion-de-residu\/#breadcrumb"},"inLanguage":"fr-FR","potentialAction":[{"@type":"ReadAction","target":["https:\/\/arekson.com\/fr\/producto\/painty-table-1-table-preparation-de-peinture-et-gestion-de-residu\/"]}]},{"@type":"ImageObject","inLanguage":"fr-FR","@id":"https:\/\/arekson.com\/fr\/producto\/painty-table-1-table-preparation-de-peinture-et-gestion-de-residu\/#primaryimage","url":"https:\/\/arekson.com\/wp-content\/uploads\/2022\/05\/MP0001.jpg","contentUrl":"https:\/\/arekson.com\/wp-content\/uploads\/2022\/05\/MP0001.jpg","width":800,"height":800},{"@type":"BreadcrumbList","@id":"https:\/\/arekson.com\/fr\/producto\/painty-table-1-table-preparation-de-peinture-et-gestion-de-residu\/#breadcrumb","itemListElement":[{"@type":"ListItem","position":1,"name":"Home","item":"https:\/\/arekson.com\/fr\/"},{"@type":"ListItem","position":2,"name":"Produits","item":"https:\/\/arekson.com\/fr\/shop\/"},{"@type":"ListItem","position":3,"name":"PAINTY TABLE 1 Table pr\u00e9paration de peinture et gestion de r\u00e9sidu"}]},{"@type":"WebSite","@id":"https:\/\/arekson.com\/fr\/#website","url":"https:\/\/arekson.com\/fr\/","name":"Arekson Group","description":"Marcas Referentes del Automovil Profesional","publisher":{"@id":"https:\/\/arekson.com\/fr\/#organization"},"potentialAction":[{"@type":"SearchAction","target":{"@type":"EntryPoint","urlTemplate":"https:\/\/arekson.com\/fr\/?s={search_term_string}"},"query-input":{"@type":"PropertyValueSpecification","valueRequired":true,"valueName":"search_term_string"}}],"inLanguage":"fr-FR"},{"@type":"Organization","@id":"https:\/\/arekson.com\/fr\/#organization","name":"Arekson Group","url":"https:\/\/arekson.com\/fr\/","logo":{"@type":"ImageObject","inLanguage":"fr-FR","@id":"https:\/\/arekson.com\/fr\/#\/schema\/logo\/image\/","url":"https:\/\/arekson.com\/wp-content\/uploads\/2022\/06\/Arekson-Group-Logo-Gris.jpg","contentUrl":"https:\/\/arekson.com\/wp-content\/uploads\/2022\/06\/Arekson-Group-Logo-Gris.jpg","width":174,"height":72,"caption":"Arekson Group"},"image":{"@id":"https:\/\/arekson.com\/fr\/#\/schema\/logo\/image\/"}}]}},"_links":{"self":[{"href":"https:\/\/arekson.com\/fr\/wp-json\/wp\/v2\/product\/19127","targetHints":{"allow":["GET"]}}],"collection":[{"href":"https:\/\/arekson.com\/fr\/wp-json\/wp\/v2\/product"}],"about":[{"href":"https:\/\/arekson.com\/fr\/wp-json\/wp\/v2\/types\/product"}],"wp:featuredmedia":[{"embeddable":true,"href":"https:\/\/arekson.com\/fr\/wp-json\/wp\/v2\/media\/6418"}],"wp:attachment":[{"href":"https:\/\/arekson.com\/fr\/wp-json\/wp\/v2\/media?parent=19127"}],"wp:term":[{"taxonomy":"product_brand","embeddable":true,"href":"https:\/\/arekson.com\/fr\/wp-json\/wp\/v2\/product_brand?post=19127"},{"taxonomy":"product_cat","embeddable":true,"href":"https:\/\/arekson.com\/fr\/wp-json\/wp\/v2\/product_cat?post=19127"},{"taxonomy":"product_tag","embeddable":true,"href":"https:\/\/arekson.com\/fr\/wp-json\/wp\/v2\/product_tag?post=19127"}],"curies":[{"name":"wp","href":"https:\/\/api.w.org\/{rel}","templated":true}]}}