{"id":19125,"date":"2022-06-03T18:15:24","date_gmt":"2022-06-03T16:15:24","guid":{"rendered":"https:\/\/arekson.com\/producto\/bomba-g70-pompe-grand-modele-pour-laveur\/"},"modified":"2022-06-15T16:32:05","modified_gmt":"2022-06-15T14:32:05","slug":"bomba-g70-pompe-grand-modele-pour-laveur","status":"publish","type":"product","link":"https:\/\/arekson.com\/fr\/producto\/bomba-g70-pompe-grand-modele-pour-laveur\/","title":{"rendered":"<strong><span class=\"nom-corto\">BOMBA G70 <\/span><\/strong><br><span class=\"nom-largo\">Pompe grand mod\u00e8le pour laveur<\/span>"},"content":{"rendered":"","protected":false},"excerpt":{"rendered":"<p>De conception robuste qui combine des fonctionnalit\u00e9s innovantes et les r\u00e9sultats impi- toyables pour fournir les meilleures performances sans entretien. R\u00e9sistant \u00e0 la corrosion et \u00e0 une large gamme de composants chimiques. La structure de la pompe est r\u00e9alis\u00e9e en polypropyl\u00e8ne et les membranes sont double corps en Kalrez\u00ae, \u00e9lastom\u00e8re r\u00e9sistant \u00e0 plus de 1800 produits chimiques diff\u00e9rents et stables \u00e0 une temp\u00e9rature de 327 \u00b0 C. Pompe de haute performance et faible consommation. Supporte une faible pression d&rsquo;air d&rsquo;entr\u00e9e 1.4 \u00e0 6.9 bar avec une capacit\u00e9 de transfert de fluides \u00e0 18,9 litres \/ min. La pompe de G57 est \u00ab\u00a0la plus innovante\u00a0\u00bb entre les  pompes pneumatiques \u00e0 double membrane du march\u00e9.<\/p>\n","protected":false},"featured_media":6181,"template":"","meta":{"_et_pb_use_builder":"","_et_pb_old_content":"","_et_gb_content_width":""},"product_brand":[],"product_cat":[1175,1195,370],"product_tag":[],"class_list":{"0":"post-19125","1":"product","2":"type-product","3":"status-publish","4":"has-post-thumbnail","6":"product_cat-equipement","7":"product_cat-laveur-de-pistolets","8":"product_cat-seicar-fr","9":"pa_seicar-fr-ref-lpbk1242-boite-1-unite","11":"first","12":"outofstock","13":"purchasable","14":"product-type-variable"},"yoast_head":"<!-- This site is optimized with the Yoast SEO plugin v27.2 - https:\/\/yoast.com\/product\/yoast-seo-wordpress\/ -->\n<title>SEICAR | BOMBA G70 | Pompe grand mod\u00e8le pour laveur<\/title>\n<meta name=\"description\" content=\"BOMBA G70 | Pompe grand mod\u00e8le pour laveur | \u00c9QUIPEMENT | LAVEUR DE PISTOLETS | REF: LPBK1242 | SEICAR\" \/>\n<meta name=\"robots\" content=\"index, follow, max-snippet:-1, max-image-preview:large, max-video-preview:-1\" \/>\n<link rel=\"canonical\" href=\"https:\/\/arekson.com\/fr\/producto\/bomba-g70-pompe-grand-modele-pour-laveur\/\" \/>\n<meta property=\"og:locale\" content=\"fr_FR\" \/>\n<meta property=\"og:type\" content=\"article\" \/>\n<meta property=\"og:title\" content=\"SEICAR | BOMBA G70 | Pompe grand mod\u00e8le pour laveur\" \/>\n<meta property=\"og:description\" content=\"BOMBA G70 | Pompe grand mod\u00e8le pour laveur | \u00c9QUIPEMENT | LAVEUR DE PISTOLETS | REF: LPBK1242 | SEICAR\" \/>\n<meta property=\"og:url\" content=\"https:\/\/arekson.com\/fr\/producto\/bomba-g70-pompe-grand-modele-pour-laveur\/\" \/>\n<meta property=\"og:site_name\" content=\"Arekson Group\" \/>\n<meta property=\"article:modified_time\" content=\"2022-06-15T14:32:05+00:00\" \/>\n<meta property=\"og:image\" content=\"https:\/\/arekson.com\/wp-content\/uploads\/2022\/05\/LPBK1242-BOMBA-GRANDE-FLOJET.jpg\" \/>\n\t<meta property=\"og:image:width\" content=\"800\" \/>\n\t<meta property=\"og:image:height\" content=\"800\" \/>\n\t<meta property=\"og:image:type\" content=\"image\/jpeg\" \/>\n<meta name=\"twitter:card\" content=\"summary_large_image\" \/>\n<script type=\"application\/ld+json\" class=\"yoast-schema-graph\">{\"@context\":\"https:\/\/schema.org\",\"@graph\":[{\"@type\":\"WebPage\",\"@id\":\"https:\/\/arekson.com\/fr\/producto\/bomba-g70-pompe-grand-modele-pour-laveur\/\",\"url\":\"https:\/\/arekson.com\/fr\/producto\/bomba-g70-pompe-grand-modele-pour-laveur\/\",\"name\":\"SEICAR | BOMBA G70 | Pompe grand mod\u00e8le pour laveur\",\"isPartOf\":{\"@id\":\"https:\/\/arekson.com\/fr\/#website\"},\"primaryImageOfPage\":{\"@id\":\"https:\/\/arekson.com\/fr\/producto\/bomba-g70-pompe-grand-modele-pour-laveur\/#primaryimage\"},\"image\":{\"@id\":\"https:\/\/arekson.com\/fr\/producto\/bomba-g70-pompe-grand-modele-pour-laveur\/#primaryimage\"},\"thumbnailUrl\":\"https:\/\/arekson.com\/wp-content\/uploads\/2022\/05\/LPBK1242-BOMBA-GRANDE-FLOJET.jpg\",\"datePublished\":\"2022-06-03T16:15:24+00:00\",\"dateModified\":\"2022-06-15T14:32:05+00:00\",\"description\":\"BOMBA G70 | Pompe grand mod\u00e8le pour laveur | \u00c9QUIPEMENT | LAVEUR DE PISTOLETS | REF: LPBK1242 | SEICAR\",\"breadcrumb\":{\"@id\":\"https:\/\/arekson.com\/fr\/producto\/bomba-g70-pompe-grand-modele-pour-laveur\/#breadcrumb\"},\"inLanguage\":\"fr-FR\",\"potentialAction\":[{\"@type\":\"ReadAction\",\"target\":[\"https:\/\/arekson.com\/fr\/producto\/bomba-g70-pompe-grand-modele-pour-laveur\/\"]}]},{\"@type\":\"ImageObject\",\"inLanguage\":\"fr-FR\",\"@id\":\"https:\/\/arekson.com\/fr\/producto\/bomba-g70-pompe-grand-modele-pour-laveur\/#primaryimage\",\"url\":\"https:\/\/arekson.com\/wp-content\/uploads\/2022\/05\/LPBK1242-BOMBA-GRANDE-FLOJET.jpg\",\"contentUrl\":\"https:\/\/arekson.com\/wp-content\/uploads\/2022\/05\/LPBK1242-BOMBA-GRANDE-FLOJET.jpg\",\"width\":800,\"height\":800},{\"@type\":\"BreadcrumbList\",\"@id\":\"https:\/\/arekson.com\/fr\/producto\/bomba-g70-pompe-grand-modele-pour-laveur\/#breadcrumb\",\"itemListElement\":[{\"@type\":\"ListItem\",\"position\":1,\"name\":\"Home\",\"item\":\"https:\/\/arekson.com\/fr\/\"},{\"@type\":\"ListItem\",\"position\":2,\"name\":\"Produits\",\"item\":\"https:\/\/arekson.com\/fr\/shop\/\"},{\"@type\":\"ListItem\",\"position\":3,\"name\":\"BOMBA G70 Pompe grand mod\u00e8le pour laveur\"}]},{\"@type\":\"WebSite\",\"@id\":\"https:\/\/arekson.com\/fr\/#website\",\"url\":\"https:\/\/arekson.com\/fr\/\",\"name\":\"Arekson Group\",\"description\":\"Marcas Referentes del Automovil Profesional\",\"publisher\":{\"@id\":\"https:\/\/arekson.com\/fr\/#organization\"},\"potentialAction\":[{\"@type\":\"SearchAction\",\"target\":{\"@type\":\"EntryPoint\",\"urlTemplate\":\"https:\/\/arekson.com\/fr\/?s={search_term_string}\"},\"query-input\":{\"@type\":\"PropertyValueSpecification\",\"valueRequired\":true,\"valueName\":\"search_term_string\"}}],\"inLanguage\":\"fr-FR\"},{\"@type\":\"Organization\",\"@id\":\"https:\/\/arekson.com\/fr\/#organization\",\"name\":\"Arekson Group\",\"url\":\"https:\/\/arekson.com\/fr\/\",\"logo\":{\"@type\":\"ImageObject\",\"inLanguage\":\"fr-FR\",\"@id\":\"https:\/\/arekson.com\/fr\/#\/schema\/logo\/image\/\",\"url\":\"https:\/\/arekson.com\/wp-content\/uploads\/2022\/06\/Arekson-Group-Logo-Gris.jpg\",\"contentUrl\":\"https:\/\/arekson.com\/wp-content\/uploads\/2022\/06\/Arekson-Group-Logo-Gris.jpg\",\"width\":174,\"height\":72,\"caption\":\"Arekson Group\"},\"image\":{\"@id\":\"https:\/\/arekson.com\/fr\/#\/schema\/logo\/image\/\"}}]}<\/script>\n<!-- \/ Yoast SEO plugin. -->","yoast_head_json":{"title":"SEICAR | BOMBA G70 | Pompe grand mod\u00e8le pour laveur","description":"BOMBA G70 | Pompe grand mod\u00e8le pour laveur | \u00c9QUIPEMENT | LAVEUR DE PISTOLETS | REF: LPBK1242 | SEICAR","robots":{"index":"index","follow":"follow","max-snippet":"max-snippet:-1","max-image-preview":"max-image-preview:large","max-video-preview":"max-video-preview:-1"},"canonical":"https:\/\/arekson.com\/fr\/producto\/bomba-g70-pompe-grand-modele-pour-laveur\/","og_locale":"fr_FR","og_type":"article","og_title":"SEICAR | BOMBA G70 | Pompe grand mod\u00e8le pour laveur","og_description":"BOMBA G70 | Pompe grand mod\u00e8le pour laveur | \u00c9QUIPEMENT | LAVEUR DE PISTOLETS | REF: LPBK1242 | SEICAR","og_url":"https:\/\/arekson.com\/fr\/producto\/bomba-g70-pompe-grand-modele-pour-laveur\/","og_site_name":"Arekson Group","article_modified_time":"2022-06-15T14:32:05+00:00","og_image":[{"width":800,"height":800,"url":"https:\/\/arekson.com\/wp-content\/uploads\/2022\/05\/LPBK1242-BOMBA-GRANDE-FLOJET.jpg","type":"image\/jpeg"}],"twitter_card":"summary_large_image","schema":{"@context":"https:\/\/schema.org","@graph":[{"@type":"WebPage","@id":"https:\/\/arekson.com\/fr\/producto\/bomba-g70-pompe-grand-modele-pour-laveur\/","url":"https:\/\/arekson.com\/fr\/producto\/bomba-g70-pompe-grand-modele-pour-laveur\/","name":"SEICAR | BOMBA G70 | Pompe grand mod\u00e8le pour laveur","isPartOf":{"@id":"https:\/\/arekson.com\/fr\/#website"},"primaryImageOfPage":{"@id":"https:\/\/arekson.com\/fr\/producto\/bomba-g70-pompe-grand-modele-pour-laveur\/#primaryimage"},"image":{"@id":"https:\/\/arekson.com\/fr\/producto\/bomba-g70-pompe-grand-modele-pour-laveur\/#primaryimage"},"thumbnailUrl":"https:\/\/arekson.com\/wp-content\/uploads\/2022\/05\/LPBK1242-BOMBA-GRANDE-FLOJET.jpg","datePublished":"2022-06-03T16:15:24+00:00","dateModified":"2022-06-15T14:32:05+00:00","description":"BOMBA G70 | Pompe grand mod\u00e8le pour laveur | \u00c9QUIPEMENT | LAVEUR DE PISTOLETS | REF: LPBK1242 | SEICAR","breadcrumb":{"@id":"https:\/\/arekson.com\/fr\/producto\/bomba-g70-pompe-grand-modele-pour-laveur\/#breadcrumb"},"inLanguage":"fr-FR","potentialAction":[{"@type":"ReadAction","target":["https:\/\/arekson.com\/fr\/producto\/bomba-g70-pompe-grand-modele-pour-laveur\/"]}]},{"@type":"ImageObject","inLanguage":"fr-FR","@id":"https:\/\/arekson.com\/fr\/producto\/bomba-g70-pompe-grand-modele-pour-laveur\/#primaryimage","url":"https:\/\/arekson.com\/wp-content\/uploads\/2022\/05\/LPBK1242-BOMBA-GRANDE-FLOJET.jpg","contentUrl":"https:\/\/arekson.com\/wp-content\/uploads\/2022\/05\/LPBK1242-BOMBA-GRANDE-FLOJET.jpg","width":800,"height":800},{"@type":"BreadcrumbList","@id":"https:\/\/arekson.com\/fr\/producto\/bomba-g70-pompe-grand-modele-pour-laveur\/#breadcrumb","itemListElement":[{"@type":"ListItem","position":1,"name":"Home","item":"https:\/\/arekson.com\/fr\/"},{"@type":"ListItem","position":2,"name":"Produits","item":"https:\/\/arekson.com\/fr\/shop\/"},{"@type":"ListItem","position":3,"name":"BOMBA G70 Pompe grand mod\u00e8le pour laveur"}]},{"@type":"WebSite","@id":"https:\/\/arekson.com\/fr\/#website","url":"https:\/\/arekson.com\/fr\/","name":"Arekson Group","description":"Marcas Referentes del Automovil Profesional","publisher":{"@id":"https:\/\/arekson.com\/fr\/#organization"},"potentialAction":[{"@type":"SearchAction","target":{"@type":"EntryPoint","urlTemplate":"https:\/\/arekson.com\/fr\/?s={search_term_string}"},"query-input":{"@type":"PropertyValueSpecification","valueRequired":true,"valueName":"search_term_string"}}],"inLanguage":"fr-FR"},{"@type":"Organization","@id":"https:\/\/arekson.com\/fr\/#organization","name":"Arekson Group","url":"https:\/\/arekson.com\/fr\/","logo":{"@type":"ImageObject","inLanguage":"fr-FR","@id":"https:\/\/arekson.com\/fr\/#\/schema\/logo\/image\/","url":"https:\/\/arekson.com\/wp-content\/uploads\/2022\/06\/Arekson-Group-Logo-Gris.jpg","contentUrl":"https:\/\/arekson.com\/wp-content\/uploads\/2022\/06\/Arekson-Group-Logo-Gris.jpg","width":174,"height":72,"caption":"Arekson Group"},"image":{"@id":"https:\/\/arekson.com\/fr\/#\/schema\/logo\/image\/"}}]}},"_links":{"self":[{"href":"https:\/\/arekson.com\/fr\/wp-json\/wp\/v2\/product\/19125","targetHints":{"allow":["GET"]}}],"collection":[{"href":"https:\/\/arekson.com\/fr\/wp-json\/wp\/v2\/product"}],"about":[{"href":"https:\/\/arekson.com\/fr\/wp-json\/wp\/v2\/types\/product"}],"wp:featuredmedia":[{"embeddable":true,"href":"https:\/\/arekson.com\/fr\/wp-json\/wp\/v2\/media\/6181"}],"wp:attachment":[{"href":"https:\/\/arekson.com\/fr\/wp-json\/wp\/v2\/media?parent=19125"}],"wp:term":[{"taxonomy":"product_brand","embeddable":true,"href":"https:\/\/arekson.com\/fr\/wp-json\/wp\/v2\/product_brand?post=19125"},{"taxonomy":"product_cat","embeddable":true,"href":"https:\/\/arekson.com\/fr\/wp-json\/wp\/v2\/product_cat?post=19125"},{"taxonomy":"product_tag","embeddable":true,"href":"https:\/\/arekson.com\/fr\/wp-json\/wp\/v2\/product_tag?post=19125"}],"curies":[{"name":"wp","href":"https:\/\/api.w.org\/{rel}","templated":true}]}}