{"id":19113,"date":"2022-06-03T18:15:21","date_gmt":"2022-06-03T16:15:21","guid":{"rendered":"https:\/\/arekson.com\/producto\/speed-box-ii-laveur-special-godet-jetable\/"},"modified":"2022-06-15T16:31:49","modified_gmt":"2022-06-15T14:31:49","slug":"speed-box-ii-laveur-special-godet-jetable","status":"publish","type":"product","link":"https:\/\/arekson.com\/fr\/producto\/speed-box-ii-laveur-special-godet-jetable\/","title":{"rendered":"<strong><span class=\"nom-corto\">SPEED BOX II <\/span><\/strong><br><span class=\"nom-largo\">Laveur sp\u00e9cial godet jetable<\/span>"},"content":{"rendered":"","protected":false},"excerpt":{"rendered":"<p>Nettoyeur sp\u00e9cial pour pistolet \u00e0 godets jetables (type PPS, RPS etc&#8230;). Fixation au mur. Nettoie automatiquement l&rsquo;int\u00e9rieur . D\u00e9velopp\u00e9 pour le lavage en cabine des pistolets pour peinture \u00e0 base d&rsquo;eau ou \u00e9galement \u00e0 base de solvant \u00e0 l&rsquo;ext\u00e9rieur de la cabine. Corps en acier inoxydable. Le tuyau d&rsquo;air pour connecter le pistolet ou la souflette. Fermeture de la porte avec contact de s\u00e9curit\u00e9. Toutes les fonctions sont r\u00e9glables individuellement. Excellent syst\u00e8me d&rsquo;extraction pour les \u00e9missions de solvants. Pince la g\u00e2chette du pistolet. Pas besoin d&rsquo;enlever la buse de pulv\u00e9risation. Tuyau de soufflage permanent pour l&rsquo;entr\u00e9e d&rsquo;air du pistolet, pour emp\u00eacher les fluides et  la salet\u00e9 de p\u00e9n\u00e9trer le passage d&rsquo;air du pistolet. Adopt\u00e9 par les fabricants de pistolets, Iwata et Sata.<\/p>\n","protected":false},"featured_media":6247,"template":"","meta":{"_et_pb_use_builder":"","_et_pb_old_content":"","_et_gb_content_width":""},"product_brand":[],"product_cat":[1175,1195,370],"product_tag":[],"class_list":{"0":"post-19113","1":"product","2":"type-product","3":"status-publish","4":"has-post-thumbnail","6":"product_cat-equipement","7":"product_cat-laveur-de-pistolets","8":"product_cat-seicar-fr","9":"pa_seicar-fr-ref-lpbsbox2-boite-530-x-250-x-780-mm-1-unite","11":"first","12":"outofstock","13":"purchasable","14":"product-type-variable"},"yoast_head":"<!-- This site is optimized with the Yoast SEO plugin v27.2 - https:\/\/yoast.com\/product\/yoast-seo-wordpress\/ -->\n<title>SEICAR | SPEED BOX II | Laveur sp\u00e9cial godet jetable<\/title>\n<meta name=\"description\" content=\"SPEED BOX II | Laveur sp\u00e9cial godet jetable | \u00c9QUIPEMENT | LAVEUR DE PISTOLETS | REF: LPBSBOX2 | SEICAR\" \/>\n<meta name=\"robots\" content=\"index, follow, max-snippet:-1, max-image-preview:large, max-video-preview:-1\" \/>\n<link rel=\"canonical\" href=\"https:\/\/arekson.com\/fr\/producto\/speed-box-ii-laveur-special-godet-jetable\/\" \/>\n<meta property=\"og:locale\" content=\"fr_FR\" \/>\n<meta property=\"og:type\" content=\"article\" \/>\n<meta property=\"og:title\" content=\"SEICAR | SPEED BOX II | Laveur sp\u00e9cial godet jetable\" \/>\n<meta property=\"og:description\" content=\"SPEED BOX II | Laveur sp\u00e9cial godet jetable | \u00c9QUIPEMENT | LAVEUR DE PISTOLETS | REF: LPBSBOX2 | SEICAR\" \/>\n<meta property=\"og:url\" content=\"https:\/\/arekson.com\/fr\/producto\/speed-box-ii-laveur-special-godet-jetable\/\" \/>\n<meta property=\"og:site_name\" content=\"Arekson Group\" \/>\n<meta property=\"article:modified_time\" content=\"2022-06-15T14:31:49+00:00\" \/>\n<meta property=\"og:image\" content=\"https:\/\/arekson.com\/wp-content\/uploads\/2022\/05\/LPBSBOX2-1-1.jpg\" \/>\n\t<meta property=\"og:image:width\" content=\"800\" \/>\n\t<meta property=\"og:image:height\" content=\"800\" \/>\n\t<meta property=\"og:image:type\" content=\"image\/jpeg\" \/>\n<meta name=\"twitter:card\" content=\"summary_large_image\" \/>\n<script type=\"application\/ld+json\" class=\"yoast-schema-graph\">{\"@context\":\"https:\/\/schema.org\",\"@graph\":[{\"@type\":\"WebPage\",\"@id\":\"https:\/\/arekson.com\/fr\/producto\/speed-box-ii-laveur-special-godet-jetable\/\",\"url\":\"https:\/\/arekson.com\/fr\/producto\/speed-box-ii-laveur-special-godet-jetable\/\",\"name\":\"SEICAR | SPEED BOX II | Laveur sp\u00e9cial godet jetable\",\"isPartOf\":{\"@id\":\"https:\/\/arekson.com\/fr\/#website\"},\"primaryImageOfPage\":{\"@id\":\"https:\/\/arekson.com\/fr\/producto\/speed-box-ii-laveur-special-godet-jetable\/#primaryimage\"},\"image\":{\"@id\":\"https:\/\/arekson.com\/fr\/producto\/speed-box-ii-laveur-special-godet-jetable\/#primaryimage\"},\"thumbnailUrl\":\"https:\/\/arekson.com\/wp-content\/uploads\/2022\/05\/LPBSBOX2-1-1.jpg\",\"datePublished\":\"2022-06-03T16:15:21+00:00\",\"dateModified\":\"2022-06-15T14:31:49+00:00\",\"description\":\"SPEED BOX II | Laveur sp\u00e9cial godet jetable | \u00c9QUIPEMENT | LAVEUR DE PISTOLETS | REF: LPBSBOX2 | SEICAR\",\"breadcrumb\":{\"@id\":\"https:\/\/arekson.com\/fr\/producto\/speed-box-ii-laveur-special-godet-jetable\/#breadcrumb\"},\"inLanguage\":\"fr-FR\",\"potentialAction\":[{\"@type\":\"ReadAction\",\"target\":[\"https:\/\/arekson.com\/fr\/producto\/speed-box-ii-laveur-special-godet-jetable\/\"]}]},{\"@type\":\"ImageObject\",\"inLanguage\":\"fr-FR\",\"@id\":\"https:\/\/arekson.com\/fr\/producto\/speed-box-ii-laveur-special-godet-jetable\/#primaryimage\",\"url\":\"https:\/\/arekson.com\/wp-content\/uploads\/2022\/05\/LPBSBOX2-1-1.jpg\",\"contentUrl\":\"https:\/\/arekson.com\/wp-content\/uploads\/2022\/05\/LPBSBOX2-1-1.jpg\",\"width\":800,\"height\":800,\"caption\":\"LPBSBOX2-\"},{\"@type\":\"BreadcrumbList\",\"@id\":\"https:\/\/arekson.com\/fr\/producto\/speed-box-ii-laveur-special-godet-jetable\/#breadcrumb\",\"itemListElement\":[{\"@type\":\"ListItem\",\"position\":1,\"name\":\"Home\",\"item\":\"https:\/\/arekson.com\/fr\/\"},{\"@type\":\"ListItem\",\"position\":2,\"name\":\"Produits\",\"item\":\"https:\/\/arekson.com\/fr\/shop\/\"},{\"@type\":\"ListItem\",\"position\":3,\"name\":\"SPEED BOX II Laveur sp\u00e9cial godet jetable\"}]},{\"@type\":\"WebSite\",\"@id\":\"https:\/\/arekson.com\/fr\/#website\",\"url\":\"https:\/\/arekson.com\/fr\/\",\"name\":\"Arekson Group\",\"description\":\"Marcas Referentes del Automovil Profesional\",\"publisher\":{\"@id\":\"https:\/\/arekson.com\/fr\/#organization\"},\"potentialAction\":[{\"@type\":\"SearchAction\",\"target\":{\"@type\":\"EntryPoint\",\"urlTemplate\":\"https:\/\/arekson.com\/fr\/?s={search_term_string}\"},\"query-input\":{\"@type\":\"PropertyValueSpecification\",\"valueRequired\":true,\"valueName\":\"search_term_string\"}}],\"inLanguage\":\"fr-FR\"},{\"@type\":\"Organization\",\"@id\":\"https:\/\/arekson.com\/fr\/#organization\",\"name\":\"Arekson Group\",\"url\":\"https:\/\/arekson.com\/fr\/\",\"logo\":{\"@type\":\"ImageObject\",\"inLanguage\":\"fr-FR\",\"@id\":\"https:\/\/arekson.com\/fr\/#\/schema\/logo\/image\/\",\"url\":\"https:\/\/arekson.com\/wp-content\/uploads\/2022\/06\/Arekson-Group-Logo-Gris.jpg\",\"contentUrl\":\"https:\/\/arekson.com\/wp-content\/uploads\/2022\/06\/Arekson-Group-Logo-Gris.jpg\",\"width\":174,\"height\":72,\"caption\":\"Arekson Group\"},\"image\":{\"@id\":\"https:\/\/arekson.com\/fr\/#\/schema\/logo\/image\/\"}}]}<\/script>\n<!-- \/ Yoast SEO plugin. -->","yoast_head_json":{"title":"SEICAR | SPEED BOX II | Laveur sp\u00e9cial godet jetable","description":"SPEED BOX II | Laveur sp\u00e9cial godet jetable | \u00c9QUIPEMENT | LAVEUR DE PISTOLETS | REF: LPBSBOX2 | SEICAR","robots":{"index":"index","follow":"follow","max-snippet":"max-snippet:-1","max-image-preview":"max-image-preview:large","max-video-preview":"max-video-preview:-1"},"canonical":"https:\/\/arekson.com\/fr\/producto\/speed-box-ii-laveur-special-godet-jetable\/","og_locale":"fr_FR","og_type":"article","og_title":"SEICAR | SPEED BOX II | Laveur sp\u00e9cial godet jetable","og_description":"SPEED BOX II | Laveur sp\u00e9cial godet jetable | \u00c9QUIPEMENT | LAVEUR DE PISTOLETS | REF: LPBSBOX2 | SEICAR","og_url":"https:\/\/arekson.com\/fr\/producto\/speed-box-ii-laveur-special-godet-jetable\/","og_site_name":"Arekson Group","article_modified_time":"2022-06-15T14:31:49+00:00","og_image":[{"width":800,"height":800,"url":"https:\/\/arekson.com\/wp-content\/uploads\/2022\/05\/LPBSBOX2-1-1.jpg","type":"image\/jpeg"}],"twitter_card":"summary_large_image","schema":{"@context":"https:\/\/schema.org","@graph":[{"@type":"WebPage","@id":"https:\/\/arekson.com\/fr\/producto\/speed-box-ii-laveur-special-godet-jetable\/","url":"https:\/\/arekson.com\/fr\/producto\/speed-box-ii-laveur-special-godet-jetable\/","name":"SEICAR | SPEED BOX II | Laveur sp\u00e9cial godet jetable","isPartOf":{"@id":"https:\/\/arekson.com\/fr\/#website"},"primaryImageOfPage":{"@id":"https:\/\/arekson.com\/fr\/producto\/speed-box-ii-laveur-special-godet-jetable\/#primaryimage"},"image":{"@id":"https:\/\/arekson.com\/fr\/producto\/speed-box-ii-laveur-special-godet-jetable\/#primaryimage"},"thumbnailUrl":"https:\/\/arekson.com\/wp-content\/uploads\/2022\/05\/LPBSBOX2-1-1.jpg","datePublished":"2022-06-03T16:15:21+00:00","dateModified":"2022-06-15T14:31:49+00:00","description":"SPEED BOX II | Laveur sp\u00e9cial godet jetable | \u00c9QUIPEMENT | LAVEUR DE PISTOLETS | REF: LPBSBOX2 | SEICAR","breadcrumb":{"@id":"https:\/\/arekson.com\/fr\/producto\/speed-box-ii-laveur-special-godet-jetable\/#breadcrumb"},"inLanguage":"fr-FR","potentialAction":[{"@type":"ReadAction","target":["https:\/\/arekson.com\/fr\/producto\/speed-box-ii-laveur-special-godet-jetable\/"]}]},{"@type":"ImageObject","inLanguage":"fr-FR","@id":"https:\/\/arekson.com\/fr\/producto\/speed-box-ii-laveur-special-godet-jetable\/#primaryimage","url":"https:\/\/arekson.com\/wp-content\/uploads\/2022\/05\/LPBSBOX2-1-1.jpg","contentUrl":"https:\/\/arekson.com\/wp-content\/uploads\/2022\/05\/LPBSBOX2-1-1.jpg","width":800,"height":800,"caption":"LPBSBOX2-"},{"@type":"BreadcrumbList","@id":"https:\/\/arekson.com\/fr\/producto\/speed-box-ii-laveur-special-godet-jetable\/#breadcrumb","itemListElement":[{"@type":"ListItem","position":1,"name":"Home","item":"https:\/\/arekson.com\/fr\/"},{"@type":"ListItem","position":2,"name":"Produits","item":"https:\/\/arekson.com\/fr\/shop\/"},{"@type":"ListItem","position":3,"name":"SPEED BOX II Laveur sp\u00e9cial godet jetable"}]},{"@type":"WebSite","@id":"https:\/\/arekson.com\/fr\/#website","url":"https:\/\/arekson.com\/fr\/","name":"Arekson Group","description":"Marcas Referentes del Automovil Profesional","publisher":{"@id":"https:\/\/arekson.com\/fr\/#organization"},"potentialAction":[{"@type":"SearchAction","target":{"@type":"EntryPoint","urlTemplate":"https:\/\/arekson.com\/fr\/?s={search_term_string}"},"query-input":{"@type":"PropertyValueSpecification","valueRequired":true,"valueName":"search_term_string"}}],"inLanguage":"fr-FR"},{"@type":"Organization","@id":"https:\/\/arekson.com\/fr\/#organization","name":"Arekson Group","url":"https:\/\/arekson.com\/fr\/","logo":{"@type":"ImageObject","inLanguage":"fr-FR","@id":"https:\/\/arekson.com\/fr\/#\/schema\/logo\/image\/","url":"https:\/\/arekson.com\/wp-content\/uploads\/2022\/06\/Arekson-Group-Logo-Gris.jpg","contentUrl":"https:\/\/arekson.com\/wp-content\/uploads\/2022\/06\/Arekson-Group-Logo-Gris.jpg","width":174,"height":72,"caption":"Arekson Group"},"image":{"@id":"https:\/\/arekson.com\/fr\/#\/schema\/logo\/image\/"}}]}},"_links":{"self":[{"href":"https:\/\/arekson.com\/fr\/wp-json\/wp\/v2\/product\/19113","targetHints":{"allow":["GET"]}}],"collection":[{"href":"https:\/\/arekson.com\/fr\/wp-json\/wp\/v2\/product"}],"about":[{"href":"https:\/\/arekson.com\/fr\/wp-json\/wp\/v2\/types\/product"}],"wp:featuredmedia":[{"embeddable":true,"href":"https:\/\/arekson.com\/fr\/wp-json\/wp\/v2\/media\/6247"}],"wp:attachment":[{"href":"https:\/\/arekson.com\/fr\/wp-json\/wp\/v2\/media?parent=19113"}],"wp:term":[{"taxonomy":"product_brand","embeddable":true,"href":"https:\/\/arekson.com\/fr\/wp-json\/wp\/v2\/product_brand?post=19113"},{"taxonomy":"product_cat","embeddable":true,"href":"https:\/\/arekson.com\/fr\/wp-json\/wp\/v2\/product_cat?post=19113"},{"taxonomy":"product_tag","embeddable":true,"href":"https:\/\/arekson.com\/fr\/wp-json\/wp\/v2\/product_tag?post=19113"}],"curies":[{"name":"wp","href":"https:\/\/api.w.org\/{rel}","templated":true}]}}