{"id":19111,"date":"2022-06-03T18:15:21","date_gmt":"2022-06-03T16:15:21","guid":{"rendered":"https:\/\/arekson.com\/producto\/speed-box-lave-pistolets-de-cabine\/"},"modified":"2022-06-15T16:31:46","modified_gmt":"2022-06-15T14:31:46","slug":"speed-box-lave-pistolets-de-cabine","status":"publish","type":"product","link":"https:\/\/arekson.com\/fr\/producto\/speed-box-lave-pistolets-de-cabine\/","title":{"rendered":"<strong><span class=\"nom-corto\">SPEED BOX <\/span><\/strong><br><span class=\"nom-largo\">Lave-pistolets de cabine<\/span>"},"content":{"rendered":"","protected":false},"excerpt":{"rendered":"<p>Lave-pistolets en acier inoxydable pour  int\u00e9rieur de cabines. Valable pour peintures \u00e0 base de solvant ou \u00e0 base d&rsquo;eau. Nettoyage rapide et manuel du pistolet avec les syst\u00e8mes de godets jetables au moment du changement de couleur. Comprend un point de pulv\u00e9risation et extraction, une brosse pour la buse  du pistolet, une soufflette, un jet de fluide propre. Plateau sup\u00e9rieur pour 4 godets. Toutes les fonctions sont r\u00e9glables. Adopt\u00e9 par le fabricant de pistolets Iwata et Sata. Dimensions: 495 x 220 x 760 mm<\/p>\n","protected":false},"featured_media":6241,"template":"","meta":{"_et_pb_use_builder":"","_et_pb_old_content":"","_et_gb_content_width":""},"product_brand":[],"product_cat":[1175,1195,370],"product_tag":[],"class_list":{"0":"post-19111","1":"product","2":"type-product","3":"status-publish","4":"has-post-thumbnail","6":"product_cat-equipement","7":"product_cat-laveur-de-pistolets","8":"product_cat-seicar-fr","9":"pa_seicar-fr-ref-lpbsbox-boite-495-x-220-x-760-mm-1-unite","11":"first","12":"outofstock","13":"purchasable","14":"product-type-variable"},"yoast_head":"<!-- This site is optimized with the Yoast SEO plugin v27.2 - https:\/\/yoast.com\/product\/yoast-seo-wordpress\/ -->\n<title>SEICAR | SPEED BOX | Lave-pistolets de cabine<\/title>\n<meta name=\"description\" content=\"SPEED BOX | Lave-pistolets de cabine | \u00c9QUIPEMENT | LAVEUR DE PISTOLETS | REF: LPBSBOX | SEICAR\" \/>\n<meta name=\"robots\" content=\"index, follow, max-snippet:-1, max-image-preview:large, max-video-preview:-1\" \/>\n<link rel=\"canonical\" href=\"https:\/\/arekson.com\/fr\/producto\/speed-box-lave-pistolets-de-cabine\/\" \/>\n<meta property=\"og:locale\" content=\"fr_FR\" \/>\n<meta property=\"og:type\" content=\"article\" \/>\n<meta property=\"og:title\" content=\"SEICAR | SPEED BOX | Lave-pistolets de cabine\" \/>\n<meta property=\"og:description\" content=\"SPEED BOX | Lave-pistolets de cabine | \u00c9QUIPEMENT | LAVEUR DE PISTOLETS | REF: LPBSBOX | SEICAR\" \/>\n<meta property=\"og:url\" content=\"https:\/\/arekson.com\/fr\/producto\/speed-box-lave-pistolets-de-cabine\/\" \/>\n<meta property=\"og:site_name\" content=\"Arekson Group\" \/>\n<meta property=\"article:modified_time\" content=\"2022-06-15T14:31:46+00:00\" \/>\n<meta property=\"og:image\" content=\"https:\/\/arekson.com\/wp-content\/uploads\/2022\/05\/LPBSBOX.jpg\" \/>\n\t<meta property=\"og:image:width\" content=\"800\" \/>\n\t<meta property=\"og:image:height\" content=\"800\" \/>\n\t<meta property=\"og:image:type\" content=\"image\/jpeg\" \/>\n<meta name=\"twitter:card\" content=\"summary_large_image\" \/>\n<script type=\"application\/ld+json\" class=\"yoast-schema-graph\">{\"@context\":\"https:\/\/schema.org\",\"@graph\":[{\"@type\":\"WebPage\",\"@id\":\"https:\/\/arekson.com\/fr\/producto\/speed-box-lave-pistolets-de-cabine\/\",\"url\":\"https:\/\/arekson.com\/fr\/producto\/speed-box-lave-pistolets-de-cabine\/\",\"name\":\"SEICAR | SPEED BOX | Lave-pistolets de cabine\",\"isPartOf\":{\"@id\":\"https:\/\/arekson.com\/fr\/#website\"},\"primaryImageOfPage\":{\"@id\":\"https:\/\/arekson.com\/fr\/producto\/speed-box-lave-pistolets-de-cabine\/#primaryimage\"},\"image\":{\"@id\":\"https:\/\/arekson.com\/fr\/producto\/speed-box-lave-pistolets-de-cabine\/#primaryimage\"},\"thumbnailUrl\":\"https:\/\/arekson.com\/wp-content\/uploads\/2022\/05\/LPBSBOX.jpg\",\"datePublished\":\"2022-06-03T16:15:21+00:00\",\"dateModified\":\"2022-06-15T14:31:46+00:00\",\"description\":\"SPEED BOX | Lave-pistolets de cabine | \u00c9QUIPEMENT | LAVEUR DE PISTOLETS | REF: LPBSBOX | SEICAR\",\"breadcrumb\":{\"@id\":\"https:\/\/arekson.com\/fr\/producto\/speed-box-lave-pistolets-de-cabine\/#breadcrumb\"},\"inLanguage\":\"fr-FR\",\"potentialAction\":[{\"@type\":\"ReadAction\",\"target\":[\"https:\/\/arekson.com\/fr\/producto\/speed-box-lave-pistolets-de-cabine\/\"]}]},{\"@type\":\"ImageObject\",\"inLanguage\":\"fr-FR\",\"@id\":\"https:\/\/arekson.com\/fr\/producto\/speed-box-lave-pistolets-de-cabine\/#primaryimage\",\"url\":\"https:\/\/arekson.com\/wp-content\/uploads\/2022\/05\/LPBSBOX.jpg\",\"contentUrl\":\"https:\/\/arekson.com\/wp-content\/uploads\/2022\/05\/LPBSBOX.jpg\",\"width\":800,\"height\":800},{\"@type\":\"BreadcrumbList\",\"@id\":\"https:\/\/arekson.com\/fr\/producto\/speed-box-lave-pistolets-de-cabine\/#breadcrumb\",\"itemListElement\":[{\"@type\":\"ListItem\",\"position\":1,\"name\":\"Home\",\"item\":\"https:\/\/arekson.com\/fr\/\"},{\"@type\":\"ListItem\",\"position\":2,\"name\":\"Produits\",\"item\":\"https:\/\/arekson.com\/fr\/shop\/\"},{\"@type\":\"ListItem\",\"position\":3,\"name\":\"SPEED BOX Lave-pistolets de cabine\"}]},{\"@type\":\"WebSite\",\"@id\":\"https:\/\/arekson.com\/fr\/#website\",\"url\":\"https:\/\/arekson.com\/fr\/\",\"name\":\"Arekson Group\",\"description\":\"Marcas Referentes del Automovil Profesional\",\"publisher\":{\"@id\":\"https:\/\/arekson.com\/fr\/#organization\"},\"potentialAction\":[{\"@type\":\"SearchAction\",\"target\":{\"@type\":\"EntryPoint\",\"urlTemplate\":\"https:\/\/arekson.com\/fr\/?s={search_term_string}\"},\"query-input\":{\"@type\":\"PropertyValueSpecification\",\"valueRequired\":true,\"valueName\":\"search_term_string\"}}],\"inLanguage\":\"fr-FR\"},{\"@type\":\"Organization\",\"@id\":\"https:\/\/arekson.com\/fr\/#organization\",\"name\":\"Arekson Group\",\"url\":\"https:\/\/arekson.com\/fr\/\",\"logo\":{\"@type\":\"ImageObject\",\"inLanguage\":\"fr-FR\",\"@id\":\"https:\/\/arekson.com\/fr\/#\/schema\/logo\/image\/\",\"url\":\"https:\/\/arekson.com\/wp-content\/uploads\/2022\/06\/Arekson-Group-Logo-Gris.jpg\",\"contentUrl\":\"https:\/\/arekson.com\/wp-content\/uploads\/2022\/06\/Arekson-Group-Logo-Gris.jpg\",\"width\":174,\"height\":72,\"caption\":\"Arekson Group\"},\"image\":{\"@id\":\"https:\/\/arekson.com\/fr\/#\/schema\/logo\/image\/\"}}]}<\/script>\n<!-- \/ Yoast SEO plugin. -->","yoast_head_json":{"title":"SEICAR | SPEED BOX | Lave-pistolets de cabine","description":"SPEED BOX | Lave-pistolets de cabine | \u00c9QUIPEMENT | LAVEUR DE PISTOLETS | REF: LPBSBOX | SEICAR","robots":{"index":"index","follow":"follow","max-snippet":"max-snippet:-1","max-image-preview":"max-image-preview:large","max-video-preview":"max-video-preview:-1"},"canonical":"https:\/\/arekson.com\/fr\/producto\/speed-box-lave-pistolets-de-cabine\/","og_locale":"fr_FR","og_type":"article","og_title":"SEICAR | SPEED BOX | Lave-pistolets de cabine","og_description":"SPEED BOX | Lave-pistolets de cabine | \u00c9QUIPEMENT | LAVEUR DE PISTOLETS | REF: LPBSBOX | SEICAR","og_url":"https:\/\/arekson.com\/fr\/producto\/speed-box-lave-pistolets-de-cabine\/","og_site_name":"Arekson Group","article_modified_time":"2022-06-15T14:31:46+00:00","og_image":[{"width":800,"height":800,"url":"https:\/\/arekson.com\/wp-content\/uploads\/2022\/05\/LPBSBOX.jpg","type":"image\/jpeg"}],"twitter_card":"summary_large_image","schema":{"@context":"https:\/\/schema.org","@graph":[{"@type":"WebPage","@id":"https:\/\/arekson.com\/fr\/producto\/speed-box-lave-pistolets-de-cabine\/","url":"https:\/\/arekson.com\/fr\/producto\/speed-box-lave-pistolets-de-cabine\/","name":"SEICAR | SPEED BOX | Lave-pistolets de cabine","isPartOf":{"@id":"https:\/\/arekson.com\/fr\/#website"},"primaryImageOfPage":{"@id":"https:\/\/arekson.com\/fr\/producto\/speed-box-lave-pistolets-de-cabine\/#primaryimage"},"image":{"@id":"https:\/\/arekson.com\/fr\/producto\/speed-box-lave-pistolets-de-cabine\/#primaryimage"},"thumbnailUrl":"https:\/\/arekson.com\/wp-content\/uploads\/2022\/05\/LPBSBOX.jpg","datePublished":"2022-06-03T16:15:21+00:00","dateModified":"2022-06-15T14:31:46+00:00","description":"SPEED BOX | Lave-pistolets de cabine | \u00c9QUIPEMENT | LAVEUR DE PISTOLETS | REF: LPBSBOX | SEICAR","breadcrumb":{"@id":"https:\/\/arekson.com\/fr\/producto\/speed-box-lave-pistolets-de-cabine\/#breadcrumb"},"inLanguage":"fr-FR","potentialAction":[{"@type":"ReadAction","target":["https:\/\/arekson.com\/fr\/producto\/speed-box-lave-pistolets-de-cabine\/"]}]},{"@type":"ImageObject","inLanguage":"fr-FR","@id":"https:\/\/arekson.com\/fr\/producto\/speed-box-lave-pistolets-de-cabine\/#primaryimage","url":"https:\/\/arekson.com\/wp-content\/uploads\/2022\/05\/LPBSBOX.jpg","contentUrl":"https:\/\/arekson.com\/wp-content\/uploads\/2022\/05\/LPBSBOX.jpg","width":800,"height":800},{"@type":"BreadcrumbList","@id":"https:\/\/arekson.com\/fr\/producto\/speed-box-lave-pistolets-de-cabine\/#breadcrumb","itemListElement":[{"@type":"ListItem","position":1,"name":"Home","item":"https:\/\/arekson.com\/fr\/"},{"@type":"ListItem","position":2,"name":"Produits","item":"https:\/\/arekson.com\/fr\/shop\/"},{"@type":"ListItem","position":3,"name":"SPEED BOX Lave-pistolets de cabine"}]},{"@type":"WebSite","@id":"https:\/\/arekson.com\/fr\/#website","url":"https:\/\/arekson.com\/fr\/","name":"Arekson Group","description":"Marcas Referentes del Automovil Profesional","publisher":{"@id":"https:\/\/arekson.com\/fr\/#organization"},"potentialAction":[{"@type":"SearchAction","target":{"@type":"EntryPoint","urlTemplate":"https:\/\/arekson.com\/fr\/?s={search_term_string}"},"query-input":{"@type":"PropertyValueSpecification","valueRequired":true,"valueName":"search_term_string"}}],"inLanguage":"fr-FR"},{"@type":"Organization","@id":"https:\/\/arekson.com\/fr\/#organization","name":"Arekson Group","url":"https:\/\/arekson.com\/fr\/","logo":{"@type":"ImageObject","inLanguage":"fr-FR","@id":"https:\/\/arekson.com\/fr\/#\/schema\/logo\/image\/","url":"https:\/\/arekson.com\/wp-content\/uploads\/2022\/06\/Arekson-Group-Logo-Gris.jpg","contentUrl":"https:\/\/arekson.com\/wp-content\/uploads\/2022\/06\/Arekson-Group-Logo-Gris.jpg","width":174,"height":72,"caption":"Arekson Group"},"image":{"@id":"https:\/\/arekson.com\/fr\/#\/schema\/logo\/image\/"}}]}},"_links":{"self":[{"href":"https:\/\/arekson.com\/fr\/wp-json\/wp\/v2\/product\/19111","targetHints":{"allow":["GET"]}}],"collection":[{"href":"https:\/\/arekson.com\/fr\/wp-json\/wp\/v2\/product"}],"about":[{"href":"https:\/\/arekson.com\/fr\/wp-json\/wp\/v2\/types\/product"}],"wp:featuredmedia":[{"embeddable":true,"href":"https:\/\/arekson.com\/fr\/wp-json\/wp\/v2\/media\/6241"}],"wp:attachment":[{"href":"https:\/\/arekson.com\/fr\/wp-json\/wp\/v2\/media?parent=19111"}],"wp:term":[{"taxonomy":"product_brand","embeddable":true,"href":"https:\/\/arekson.com\/fr\/wp-json\/wp\/v2\/product_brand?post=19111"},{"taxonomy":"product_cat","embeddable":true,"href":"https:\/\/arekson.com\/fr\/wp-json\/wp\/v2\/product_cat?post=19111"},{"taxonomy":"product_tag","embeddable":true,"href":"https:\/\/arekson.com\/fr\/wp-json\/wp\/v2\/product_tag?post=19111"}],"curies":[{"name":"wp","href":"https:\/\/api.w.org\/{rel}","templated":true}]}}