{"id":19095,"date":"2022-06-03T18:15:13","date_gmt":"2022-06-03T16:15:13","guid":{"rendered":"https:\/\/arekson.com\/producto\/w800-manual-water-gun-cleaner-kit-laveur-manuel-base-hydro\/"},"modified":"2022-06-15T16:31:25","modified_gmt":"2022-06-15T14:31:25","slug":"w800-manual-water-gun-cleaner-kit-laveur-manuel-base-hydro","status":"publish","type":"product","link":"https:\/\/arekson.com\/fr\/producto\/w800-manual-water-gun-cleaner-kit-laveur-manuel-base-hydro\/","title":{"rendered":"<strong><span class=\"nom-corto\">W800 MANUAL WATER GUN CLEANER &#038; KIT <\/span><\/strong><br><span class=\"nom-largo\">Laveur manuel base hydro<\/span>"},"content":{"rendered":"","protected":false},"excerpt":{"rendered":"<p>Grand espace de travail dans la section de lavage. Etudi\u00e9 pour le nettoyage \u00e0 base d&rsquo;eau. Corps de lavage en acier inoxydable. La conception ergonomique permet \u00e0 l&rsquo;op\u00e9rateur un acc\u00e8s frontal et pratique. Une pompe \u00e0 double membrane sans entretien. Syst\u00e8me de circuit ferm\u00e9 ind\u00e9pendant.  Tuyau d&rsquo;air avec raccord et soufflette. Toutes les fonctions sont r\u00e9glables individuellement. Compos\u00e9 de : tuyau d&rsquo;air pour connecter le pistolet ou la soufflette. Pinceau avec fluide aliment\u00e9 du circuit ferm\u00e9. Adopt\u00e9 par les fabricants de pistolets, Iwata et Sata.<\/p>\n","protected":false},"featured_media":6292,"template":"","meta":{"_et_pb_use_builder":"","_et_pb_old_content":"","_et_gb_content_width":""},"product_brand":[],"product_cat":[1175,1195,370],"product_tag":[],"class_list":{"0":"post-19095","1":"product","2":"type-product","3":"status-publish","4":"has-post-thumbnail","6":"product_cat-equipement","7":"product_cat-laveur-de-pistolets","8":"product_cat-seicar-fr","9":"pa_seicar-fr-ref-lpbw800-palette-750-x-600-x-1032-mm-1-unite","11":"first","12":"outofstock","13":"purchasable","14":"product-type-variable"},"yoast_head":"<!-- This site is optimized with the Yoast SEO plugin v27.2 - https:\/\/yoast.com\/product\/yoast-seo-wordpress\/ -->\n<title>SEICAR | W800 MANUAL WATER GUN CLEANER &amp; KIT | Laveur manuel base hydro<\/title>\n<meta name=\"description\" content=\"W800 MANUAL WATER GUN CLEANER &amp; KIT | Laveur manuel base hydro | \u00c9QUIPEMENT | LAVEUR DE PISTOLETS | REF: LPBW800 | SEICAR\" \/>\n<meta name=\"robots\" content=\"index, follow, max-snippet:-1, max-image-preview:large, max-video-preview:-1\" \/>\n<link rel=\"canonical\" href=\"https:\/\/arekson.com\/fr\/producto\/w800-manual-water-gun-cleaner-kit-laveur-manuel-base-hydro\/\" \/>\n<meta property=\"og:locale\" content=\"fr_FR\" \/>\n<meta property=\"og:type\" content=\"article\" \/>\n<meta property=\"og:title\" content=\"SEICAR | W800 MANUAL WATER GUN CLEANER &amp; KIT | Laveur manuel base hydro\" \/>\n<meta property=\"og:description\" content=\"W800 MANUAL WATER GUN CLEANER &amp; KIT | Laveur manuel base hydro | \u00c9QUIPEMENT | LAVEUR DE PISTOLETS | REF: LPBW800 | SEICAR\" \/>\n<meta property=\"og:url\" content=\"https:\/\/arekson.com\/fr\/producto\/w800-manual-water-gun-cleaner-kit-laveur-manuel-base-hydro\/\" \/>\n<meta property=\"og:site_name\" content=\"Arekson Group\" \/>\n<meta property=\"article:modified_time\" content=\"2022-06-15T14:31:25+00:00\" \/>\n<meta property=\"og:image\" content=\"https:\/\/arekson.com\/wp-content\/uploads\/2022\/05\/LPBW800.jpg\" \/>\n\t<meta property=\"og:image:width\" content=\"800\" \/>\n\t<meta property=\"og:image:height\" content=\"800\" \/>\n\t<meta property=\"og:image:type\" content=\"image\/jpeg\" \/>\n<meta name=\"twitter:card\" content=\"summary_large_image\" \/>\n<script type=\"application\/ld+json\" class=\"yoast-schema-graph\">{\"@context\":\"https:\/\/schema.org\",\"@graph\":[{\"@type\":\"WebPage\",\"@id\":\"https:\/\/arekson.com\/fr\/producto\/w800-manual-water-gun-cleaner-kit-laveur-manuel-base-hydro\/\",\"url\":\"https:\/\/arekson.com\/fr\/producto\/w800-manual-water-gun-cleaner-kit-laveur-manuel-base-hydro\/\",\"name\":\"SEICAR | W800 MANUAL WATER GUN CLEANER & KIT | Laveur manuel base hydro\",\"isPartOf\":{\"@id\":\"https:\/\/arekson.com\/fr\/#website\"},\"primaryImageOfPage\":{\"@id\":\"https:\/\/arekson.com\/fr\/producto\/w800-manual-water-gun-cleaner-kit-laveur-manuel-base-hydro\/#primaryimage\"},\"image\":{\"@id\":\"https:\/\/arekson.com\/fr\/producto\/w800-manual-water-gun-cleaner-kit-laveur-manuel-base-hydro\/#primaryimage\"},\"thumbnailUrl\":\"https:\/\/arekson.com\/wp-content\/uploads\/2022\/05\/LPBW800.jpg\",\"datePublished\":\"2022-06-03T16:15:13+00:00\",\"dateModified\":\"2022-06-15T14:31:25+00:00\",\"description\":\"W800 MANUAL WATER GUN CLEANER & KIT | Laveur manuel base hydro | \u00c9QUIPEMENT | LAVEUR DE PISTOLETS | REF: LPBW800 | SEICAR\",\"breadcrumb\":{\"@id\":\"https:\/\/arekson.com\/fr\/producto\/w800-manual-water-gun-cleaner-kit-laveur-manuel-base-hydro\/#breadcrumb\"},\"inLanguage\":\"fr-FR\",\"potentialAction\":[{\"@type\":\"ReadAction\",\"target\":[\"https:\/\/arekson.com\/fr\/producto\/w800-manual-water-gun-cleaner-kit-laveur-manuel-base-hydro\/\"]}]},{\"@type\":\"ImageObject\",\"inLanguage\":\"fr-FR\",\"@id\":\"https:\/\/arekson.com\/fr\/producto\/w800-manual-water-gun-cleaner-kit-laveur-manuel-base-hydro\/#primaryimage\",\"url\":\"https:\/\/arekson.com\/wp-content\/uploads\/2022\/05\/LPBW800.jpg\",\"contentUrl\":\"https:\/\/arekson.com\/wp-content\/uploads\/2022\/05\/LPBW800.jpg\",\"width\":800,\"height\":800},{\"@type\":\"BreadcrumbList\",\"@id\":\"https:\/\/arekson.com\/fr\/producto\/w800-manual-water-gun-cleaner-kit-laveur-manuel-base-hydro\/#breadcrumb\",\"itemListElement\":[{\"@type\":\"ListItem\",\"position\":1,\"name\":\"Home\",\"item\":\"https:\/\/arekson.com\/fr\/\"},{\"@type\":\"ListItem\",\"position\":2,\"name\":\"Produits\",\"item\":\"https:\/\/arekson.com\/fr\/shop\/\"},{\"@type\":\"ListItem\",\"position\":3,\"name\":\"W800 MANUAL WATER GUN CLEANER &#038; KIT Laveur manuel base hydro\"}]},{\"@type\":\"WebSite\",\"@id\":\"https:\/\/arekson.com\/fr\/#website\",\"url\":\"https:\/\/arekson.com\/fr\/\",\"name\":\"Arekson Group\",\"description\":\"Marcas Referentes del Automovil Profesional\",\"publisher\":{\"@id\":\"https:\/\/arekson.com\/fr\/#organization\"},\"potentialAction\":[{\"@type\":\"SearchAction\",\"target\":{\"@type\":\"EntryPoint\",\"urlTemplate\":\"https:\/\/arekson.com\/fr\/?s={search_term_string}\"},\"query-input\":{\"@type\":\"PropertyValueSpecification\",\"valueRequired\":true,\"valueName\":\"search_term_string\"}}],\"inLanguage\":\"fr-FR\"},{\"@type\":\"Organization\",\"@id\":\"https:\/\/arekson.com\/fr\/#organization\",\"name\":\"Arekson Group\",\"url\":\"https:\/\/arekson.com\/fr\/\",\"logo\":{\"@type\":\"ImageObject\",\"inLanguage\":\"fr-FR\",\"@id\":\"https:\/\/arekson.com\/fr\/#\/schema\/logo\/image\/\",\"url\":\"https:\/\/arekson.com\/wp-content\/uploads\/2022\/06\/Arekson-Group-Logo-Gris.jpg\",\"contentUrl\":\"https:\/\/arekson.com\/wp-content\/uploads\/2022\/06\/Arekson-Group-Logo-Gris.jpg\",\"width\":174,\"height\":72,\"caption\":\"Arekson Group\"},\"image\":{\"@id\":\"https:\/\/arekson.com\/fr\/#\/schema\/logo\/image\/\"}}]}<\/script>\n<!-- \/ Yoast SEO plugin. -->","yoast_head_json":{"title":"SEICAR | W800 MANUAL WATER GUN CLEANER & KIT | Laveur manuel base hydro","description":"W800 MANUAL WATER GUN CLEANER & KIT | Laveur manuel base hydro | \u00c9QUIPEMENT | LAVEUR DE PISTOLETS | REF: LPBW800 | SEICAR","robots":{"index":"index","follow":"follow","max-snippet":"max-snippet:-1","max-image-preview":"max-image-preview:large","max-video-preview":"max-video-preview:-1"},"canonical":"https:\/\/arekson.com\/fr\/producto\/w800-manual-water-gun-cleaner-kit-laveur-manuel-base-hydro\/","og_locale":"fr_FR","og_type":"article","og_title":"SEICAR | W800 MANUAL WATER GUN CLEANER & KIT | Laveur manuel base hydro","og_description":"W800 MANUAL WATER GUN CLEANER & KIT | Laveur manuel base hydro | \u00c9QUIPEMENT | LAVEUR DE PISTOLETS | REF: LPBW800 | SEICAR","og_url":"https:\/\/arekson.com\/fr\/producto\/w800-manual-water-gun-cleaner-kit-laveur-manuel-base-hydro\/","og_site_name":"Arekson Group","article_modified_time":"2022-06-15T14:31:25+00:00","og_image":[{"width":800,"height":800,"url":"https:\/\/arekson.com\/wp-content\/uploads\/2022\/05\/LPBW800.jpg","type":"image\/jpeg"}],"twitter_card":"summary_large_image","schema":{"@context":"https:\/\/schema.org","@graph":[{"@type":"WebPage","@id":"https:\/\/arekson.com\/fr\/producto\/w800-manual-water-gun-cleaner-kit-laveur-manuel-base-hydro\/","url":"https:\/\/arekson.com\/fr\/producto\/w800-manual-water-gun-cleaner-kit-laveur-manuel-base-hydro\/","name":"SEICAR | W800 MANUAL WATER GUN CLEANER & KIT | Laveur manuel base hydro","isPartOf":{"@id":"https:\/\/arekson.com\/fr\/#website"},"primaryImageOfPage":{"@id":"https:\/\/arekson.com\/fr\/producto\/w800-manual-water-gun-cleaner-kit-laveur-manuel-base-hydro\/#primaryimage"},"image":{"@id":"https:\/\/arekson.com\/fr\/producto\/w800-manual-water-gun-cleaner-kit-laveur-manuel-base-hydro\/#primaryimage"},"thumbnailUrl":"https:\/\/arekson.com\/wp-content\/uploads\/2022\/05\/LPBW800.jpg","datePublished":"2022-06-03T16:15:13+00:00","dateModified":"2022-06-15T14:31:25+00:00","description":"W800 MANUAL WATER GUN CLEANER & KIT | Laveur manuel base hydro | \u00c9QUIPEMENT | LAVEUR DE PISTOLETS | REF: LPBW800 | SEICAR","breadcrumb":{"@id":"https:\/\/arekson.com\/fr\/producto\/w800-manual-water-gun-cleaner-kit-laveur-manuel-base-hydro\/#breadcrumb"},"inLanguage":"fr-FR","potentialAction":[{"@type":"ReadAction","target":["https:\/\/arekson.com\/fr\/producto\/w800-manual-water-gun-cleaner-kit-laveur-manuel-base-hydro\/"]}]},{"@type":"ImageObject","inLanguage":"fr-FR","@id":"https:\/\/arekson.com\/fr\/producto\/w800-manual-water-gun-cleaner-kit-laveur-manuel-base-hydro\/#primaryimage","url":"https:\/\/arekson.com\/wp-content\/uploads\/2022\/05\/LPBW800.jpg","contentUrl":"https:\/\/arekson.com\/wp-content\/uploads\/2022\/05\/LPBW800.jpg","width":800,"height":800},{"@type":"BreadcrumbList","@id":"https:\/\/arekson.com\/fr\/producto\/w800-manual-water-gun-cleaner-kit-laveur-manuel-base-hydro\/#breadcrumb","itemListElement":[{"@type":"ListItem","position":1,"name":"Home","item":"https:\/\/arekson.com\/fr\/"},{"@type":"ListItem","position":2,"name":"Produits","item":"https:\/\/arekson.com\/fr\/shop\/"},{"@type":"ListItem","position":3,"name":"W800 MANUAL WATER GUN CLEANER &#038; KIT Laveur manuel base hydro"}]},{"@type":"WebSite","@id":"https:\/\/arekson.com\/fr\/#website","url":"https:\/\/arekson.com\/fr\/","name":"Arekson Group","description":"Marcas Referentes del Automovil Profesional","publisher":{"@id":"https:\/\/arekson.com\/fr\/#organization"},"potentialAction":[{"@type":"SearchAction","target":{"@type":"EntryPoint","urlTemplate":"https:\/\/arekson.com\/fr\/?s={search_term_string}"},"query-input":{"@type":"PropertyValueSpecification","valueRequired":true,"valueName":"search_term_string"}}],"inLanguage":"fr-FR"},{"@type":"Organization","@id":"https:\/\/arekson.com\/fr\/#organization","name":"Arekson Group","url":"https:\/\/arekson.com\/fr\/","logo":{"@type":"ImageObject","inLanguage":"fr-FR","@id":"https:\/\/arekson.com\/fr\/#\/schema\/logo\/image\/","url":"https:\/\/arekson.com\/wp-content\/uploads\/2022\/06\/Arekson-Group-Logo-Gris.jpg","contentUrl":"https:\/\/arekson.com\/wp-content\/uploads\/2022\/06\/Arekson-Group-Logo-Gris.jpg","width":174,"height":72,"caption":"Arekson Group"},"image":{"@id":"https:\/\/arekson.com\/fr\/#\/schema\/logo\/image\/"}}]}},"_links":{"self":[{"href":"https:\/\/arekson.com\/fr\/wp-json\/wp\/v2\/product\/19095","targetHints":{"allow":["GET"]}}],"collection":[{"href":"https:\/\/arekson.com\/fr\/wp-json\/wp\/v2\/product"}],"about":[{"href":"https:\/\/arekson.com\/fr\/wp-json\/wp\/v2\/types\/product"}],"wp:featuredmedia":[{"embeddable":true,"href":"https:\/\/arekson.com\/fr\/wp-json\/wp\/v2\/media\/6292"}],"wp:attachment":[{"href":"https:\/\/arekson.com\/fr\/wp-json\/wp\/v2\/media?parent=19095"}],"wp:term":[{"taxonomy":"product_brand","embeddable":true,"href":"https:\/\/arekson.com\/fr\/wp-json\/wp\/v2\/product_brand?post=19095"},{"taxonomy":"product_cat","embeddable":true,"href":"https:\/\/arekson.com\/fr\/wp-json\/wp\/v2\/product_cat?post=19095"},{"taxonomy":"product_tag","embeddable":true,"href":"https:\/\/arekson.com\/fr\/wp-json\/wp\/v2\/product_tag?post=19095"}],"curies":[{"name":"wp","href":"https:\/\/api.w.org\/{rel}","templated":true}]}}