{"id":19089,"date":"2022-06-03T18:15:13","date_gmt":"2022-06-03T16:15:13","guid":{"rendered":"https:\/\/arekson.com\/producto\/gun-cleaner-d-800-lave-pistolets-double-eau-et-solvant-automatique\/"},"modified":"2022-06-15T16:31:18","modified_gmt":"2022-06-15T14:31:18","slug":"gun-cleaner-d-800-lave-pistolets-double-eau-et-solvant-automatique","status":"publish","type":"product","link":"https:\/\/arekson.com\/fr\/producto\/gun-cleaner-d-800-lave-pistolets-double-eau-et-solvant-automatique\/","title":{"rendered":"<strong><span class=\"nom-corto\">GUN CLEANER D-800 <\/span><\/strong><br><span class=\"nom-largo\">Lave-pistolets double eau et solvant, automatique<\/span>"},"content":{"rendered":"","protected":false},"excerpt":{"rendered":"<p>Double lave-pistolets section eau et solvant. En acier inoxydable et chaque section avec double cycle de lavage simultan\u00e9: Manuel et automatique. Syst\u00e8me automatique avec temporisateur, supports pour les diff\u00e9rents composants du pistolet, pince \u00e0 g\u00e2chette, tube \u00e0 air comprim\u00e9 pour le raccord du pistolet, 9 injecteurs \u00e0 jet intense, fermeture de s\u00e9curit\u00e9.  Bouton de rin\u00e7age final automatique. Le nettoyage manuel se fait \u00e0 l&rsquo;aide d&rsquo;un tuyau d&rsquo;air reli\u00e9 au pistolet, une soufflette, un jet de fluide propre, un tuyau avec une brosse et un apport de fluide, un point de pulv\u00e9risation et d&rsquo;extraction. Plateau avec roulettes pour les bidons de 30 et 60 L. Toutes les fonctions sont ajustables.Brosse impuls\u00e9e par la pompe (distribu\u00e9e plus proprement). Dimensions: 1200 x 700 x 1820 mm. Adopt\u00e9 par le fabricant de pistolets Iwata et Sata.<\/p>\n","protected":false},"featured_media":6163,"template":"","meta":{"_et_pb_use_builder":"","_et_pb_old_content":"","_et_gb_content_width":""},"product_brand":[],"product_cat":[1175,1195,370],"product_tag":[],"class_list":{"0":"post-19089","1":"product","2":"type-product","3":"status-publish","4":"has-post-thumbnail","6":"product_cat-equipement","7":"product_cat-laveur-de-pistolets","8":"product_cat-seicar-fr","9":"pa_seicar-fr-ref-lpbd800-palette-1200-x-700-x-1820-mm-1-unite","11":"first","12":"outofstock","13":"purchasable","14":"product-type-variable"},"yoast_head":"<!-- This site is optimized with the Yoast SEO plugin v27.2 - https:\/\/yoast.com\/product\/yoast-seo-wordpress\/ -->\n<title>SEICAR | GUN CLEANER D-800 | Lave-pistolets double eau et solvant, automatique<\/title>\n<meta name=\"description\" content=\"GUN CLEANER D-800 | Lave-pistolets double eau et solvant, automatique | \u00c9QUIPEMENT | LAVEUR DE PISTOLETS | REF: LPBD800 | SEICAR\" \/>\n<meta name=\"robots\" content=\"index, follow, max-snippet:-1, max-image-preview:large, max-video-preview:-1\" \/>\n<link rel=\"canonical\" href=\"https:\/\/arekson.com\/fr\/producto\/gun-cleaner-d-800-lave-pistolets-double-eau-et-solvant-automatique\/\" \/>\n<meta property=\"og:locale\" content=\"fr_FR\" \/>\n<meta property=\"og:type\" content=\"article\" \/>\n<meta property=\"og:title\" content=\"SEICAR | GUN CLEANER D-800 | Lave-pistolets double eau et solvant, automatique\" \/>\n<meta property=\"og:description\" content=\"GUN CLEANER D-800 | Lave-pistolets double eau et solvant, automatique | \u00c9QUIPEMENT | LAVEUR DE PISTOLETS | REF: LPBD800 | SEICAR\" \/>\n<meta property=\"og:url\" content=\"https:\/\/arekson.com\/fr\/producto\/gun-cleaner-d-800-lave-pistolets-double-eau-et-solvant-automatique\/\" \/>\n<meta property=\"og:site_name\" content=\"Arekson Group\" \/>\n<meta property=\"article:modified_time\" content=\"2022-06-15T14:31:18+00:00\" \/>\n<meta property=\"og:image\" content=\"https:\/\/arekson.com\/wp-content\/uploads\/2022\/05\/LPBD800.jpg\" \/>\n\t<meta property=\"og:image:width\" content=\"800\" \/>\n\t<meta property=\"og:image:height\" content=\"800\" \/>\n\t<meta property=\"og:image:type\" content=\"image\/jpeg\" \/>\n<meta name=\"twitter:card\" content=\"summary_large_image\" \/>\n<script type=\"application\/ld+json\" class=\"yoast-schema-graph\">{\"@context\":\"https:\/\/schema.org\",\"@graph\":[{\"@type\":\"WebPage\",\"@id\":\"https:\/\/arekson.com\/fr\/producto\/gun-cleaner-d-800-lave-pistolets-double-eau-et-solvant-automatique\/\",\"url\":\"https:\/\/arekson.com\/fr\/producto\/gun-cleaner-d-800-lave-pistolets-double-eau-et-solvant-automatique\/\",\"name\":\"SEICAR | GUN CLEANER D-800 | Lave-pistolets double eau et solvant, automatique\",\"isPartOf\":{\"@id\":\"https:\/\/arekson.com\/fr\/#website\"},\"primaryImageOfPage\":{\"@id\":\"https:\/\/arekson.com\/fr\/producto\/gun-cleaner-d-800-lave-pistolets-double-eau-et-solvant-automatique\/#primaryimage\"},\"image\":{\"@id\":\"https:\/\/arekson.com\/fr\/producto\/gun-cleaner-d-800-lave-pistolets-double-eau-et-solvant-automatique\/#primaryimage\"},\"thumbnailUrl\":\"https:\/\/arekson.com\/wp-content\/uploads\/2022\/05\/LPBD800.jpg\",\"datePublished\":\"2022-06-03T16:15:13+00:00\",\"dateModified\":\"2022-06-15T14:31:18+00:00\",\"description\":\"GUN CLEANER D-800 | Lave-pistolets double eau et solvant, automatique | \u00c9QUIPEMENT | LAVEUR DE PISTOLETS | REF: LPBD800 | SEICAR\",\"breadcrumb\":{\"@id\":\"https:\/\/arekson.com\/fr\/producto\/gun-cleaner-d-800-lave-pistolets-double-eau-et-solvant-automatique\/#breadcrumb\"},\"inLanguage\":\"fr-FR\",\"potentialAction\":[{\"@type\":\"ReadAction\",\"target\":[\"https:\/\/arekson.com\/fr\/producto\/gun-cleaner-d-800-lave-pistolets-double-eau-et-solvant-automatique\/\"]}]},{\"@type\":\"ImageObject\",\"inLanguage\":\"fr-FR\",\"@id\":\"https:\/\/arekson.com\/fr\/producto\/gun-cleaner-d-800-lave-pistolets-double-eau-et-solvant-automatique\/#primaryimage\",\"url\":\"https:\/\/arekson.com\/wp-content\/uploads\/2022\/05\/LPBD800.jpg\",\"contentUrl\":\"https:\/\/arekson.com\/wp-content\/uploads\/2022\/05\/LPBD800.jpg\",\"width\":800,\"height\":800},{\"@type\":\"BreadcrumbList\",\"@id\":\"https:\/\/arekson.com\/fr\/producto\/gun-cleaner-d-800-lave-pistolets-double-eau-et-solvant-automatique\/#breadcrumb\",\"itemListElement\":[{\"@type\":\"ListItem\",\"position\":1,\"name\":\"Home\",\"item\":\"https:\/\/arekson.com\/fr\/\"},{\"@type\":\"ListItem\",\"position\":2,\"name\":\"Produits\",\"item\":\"https:\/\/arekson.com\/fr\/shop\/\"},{\"@type\":\"ListItem\",\"position\":3,\"name\":\"GUN CLEANER D-800 Lave-pistolets double eau et solvant, automatique\"}]},{\"@type\":\"WebSite\",\"@id\":\"https:\/\/arekson.com\/fr\/#website\",\"url\":\"https:\/\/arekson.com\/fr\/\",\"name\":\"Arekson Group\",\"description\":\"Marcas Referentes del Automovil Profesional\",\"publisher\":{\"@id\":\"https:\/\/arekson.com\/fr\/#organization\"},\"potentialAction\":[{\"@type\":\"SearchAction\",\"target\":{\"@type\":\"EntryPoint\",\"urlTemplate\":\"https:\/\/arekson.com\/fr\/?s={search_term_string}\"},\"query-input\":{\"@type\":\"PropertyValueSpecification\",\"valueRequired\":true,\"valueName\":\"search_term_string\"}}],\"inLanguage\":\"fr-FR\"},{\"@type\":\"Organization\",\"@id\":\"https:\/\/arekson.com\/fr\/#organization\",\"name\":\"Arekson Group\",\"url\":\"https:\/\/arekson.com\/fr\/\",\"logo\":{\"@type\":\"ImageObject\",\"inLanguage\":\"fr-FR\",\"@id\":\"https:\/\/arekson.com\/fr\/#\/schema\/logo\/image\/\",\"url\":\"https:\/\/arekson.com\/wp-content\/uploads\/2022\/06\/Arekson-Group-Logo-Gris.jpg\",\"contentUrl\":\"https:\/\/arekson.com\/wp-content\/uploads\/2022\/06\/Arekson-Group-Logo-Gris.jpg\",\"width\":174,\"height\":72,\"caption\":\"Arekson Group\"},\"image\":{\"@id\":\"https:\/\/arekson.com\/fr\/#\/schema\/logo\/image\/\"}}]}<\/script>\n<!-- \/ Yoast SEO plugin. -->","yoast_head_json":{"title":"SEICAR | GUN CLEANER D-800 | Lave-pistolets double eau et solvant, automatique","description":"GUN CLEANER D-800 | Lave-pistolets double eau et solvant, automatique | \u00c9QUIPEMENT | LAVEUR DE PISTOLETS | REF: LPBD800 | SEICAR","robots":{"index":"index","follow":"follow","max-snippet":"max-snippet:-1","max-image-preview":"max-image-preview:large","max-video-preview":"max-video-preview:-1"},"canonical":"https:\/\/arekson.com\/fr\/producto\/gun-cleaner-d-800-lave-pistolets-double-eau-et-solvant-automatique\/","og_locale":"fr_FR","og_type":"article","og_title":"SEICAR | GUN CLEANER D-800 | Lave-pistolets double eau et solvant, automatique","og_description":"GUN CLEANER D-800 | Lave-pistolets double eau et solvant, automatique | \u00c9QUIPEMENT | LAVEUR DE PISTOLETS | REF: LPBD800 | SEICAR","og_url":"https:\/\/arekson.com\/fr\/producto\/gun-cleaner-d-800-lave-pistolets-double-eau-et-solvant-automatique\/","og_site_name":"Arekson Group","article_modified_time":"2022-06-15T14:31:18+00:00","og_image":[{"width":800,"height":800,"url":"https:\/\/arekson.com\/wp-content\/uploads\/2022\/05\/LPBD800.jpg","type":"image\/jpeg"}],"twitter_card":"summary_large_image","schema":{"@context":"https:\/\/schema.org","@graph":[{"@type":"WebPage","@id":"https:\/\/arekson.com\/fr\/producto\/gun-cleaner-d-800-lave-pistolets-double-eau-et-solvant-automatique\/","url":"https:\/\/arekson.com\/fr\/producto\/gun-cleaner-d-800-lave-pistolets-double-eau-et-solvant-automatique\/","name":"SEICAR | GUN CLEANER D-800 | Lave-pistolets double eau et solvant, automatique","isPartOf":{"@id":"https:\/\/arekson.com\/fr\/#website"},"primaryImageOfPage":{"@id":"https:\/\/arekson.com\/fr\/producto\/gun-cleaner-d-800-lave-pistolets-double-eau-et-solvant-automatique\/#primaryimage"},"image":{"@id":"https:\/\/arekson.com\/fr\/producto\/gun-cleaner-d-800-lave-pistolets-double-eau-et-solvant-automatique\/#primaryimage"},"thumbnailUrl":"https:\/\/arekson.com\/wp-content\/uploads\/2022\/05\/LPBD800.jpg","datePublished":"2022-06-03T16:15:13+00:00","dateModified":"2022-06-15T14:31:18+00:00","description":"GUN CLEANER D-800 | Lave-pistolets double eau et solvant, automatique | \u00c9QUIPEMENT | LAVEUR DE PISTOLETS | REF: LPBD800 | SEICAR","breadcrumb":{"@id":"https:\/\/arekson.com\/fr\/producto\/gun-cleaner-d-800-lave-pistolets-double-eau-et-solvant-automatique\/#breadcrumb"},"inLanguage":"fr-FR","potentialAction":[{"@type":"ReadAction","target":["https:\/\/arekson.com\/fr\/producto\/gun-cleaner-d-800-lave-pistolets-double-eau-et-solvant-automatique\/"]}]},{"@type":"ImageObject","inLanguage":"fr-FR","@id":"https:\/\/arekson.com\/fr\/producto\/gun-cleaner-d-800-lave-pistolets-double-eau-et-solvant-automatique\/#primaryimage","url":"https:\/\/arekson.com\/wp-content\/uploads\/2022\/05\/LPBD800.jpg","contentUrl":"https:\/\/arekson.com\/wp-content\/uploads\/2022\/05\/LPBD800.jpg","width":800,"height":800},{"@type":"BreadcrumbList","@id":"https:\/\/arekson.com\/fr\/producto\/gun-cleaner-d-800-lave-pistolets-double-eau-et-solvant-automatique\/#breadcrumb","itemListElement":[{"@type":"ListItem","position":1,"name":"Home","item":"https:\/\/arekson.com\/fr\/"},{"@type":"ListItem","position":2,"name":"Produits","item":"https:\/\/arekson.com\/fr\/shop\/"},{"@type":"ListItem","position":3,"name":"GUN CLEANER D-800 Lave-pistolets double eau et solvant, automatique"}]},{"@type":"WebSite","@id":"https:\/\/arekson.com\/fr\/#website","url":"https:\/\/arekson.com\/fr\/","name":"Arekson Group","description":"Marcas Referentes del Automovil Profesional","publisher":{"@id":"https:\/\/arekson.com\/fr\/#organization"},"potentialAction":[{"@type":"SearchAction","target":{"@type":"EntryPoint","urlTemplate":"https:\/\/arekson.com\/fr\/?s={search_term_string}"},"query-input":{"@type":"PropertyValueSpecification","valueRequired":true,"valueName":"search_term_string"}}],"inLanguage":"fr-FR"},{"@type":"Organization","@id":"https:\/\/arekson.com\/fr\/#organization","name":"Arekson Group","url":"https:\/\/arekson.com\/fr\/","logo":{"@type":"ImageObject","inLanguage":"fr-FR","@id":"https:\/\/arekson.com\/fr\/#\/schema\/logo\/image\/","url":"https:\/\/arekson.com\/wp-content\/uploads\/2022\/06\/Arekson-Group-Logo-Gris.jpg","contentUrl":"https:\/\/arekson.com\/wp-content\/uploads\/2022\/06\/Arekson-Group-Logo-Gris.jpg","width":174,"height":72,"caption":"Arekson Group"},"image":{"@id":"https:\/\/arekson.com\/fr\/#\/schema\/logo\/image\/"}}]}},"_links":{"self":[{"href":"https:\/\/arekson.com\/fr\/wp-json\/wp\/v2\/product\/19089","targetHints":{"allow":["GET"]}}],"collection":[{"href":"https:\/\/arekson.com\/fr\/wp-json\/wp\/v2\/product"}],"about":[{"href":"https:\/\/arekson.com\/fr\/wp-json\/wp\/v2\/types\/product"}],"wp:featuredmedia":[{"embeddable":true,"href":"https:\/\/arekson.com\/fr\/wp-json\/wp\/v2\/media\/6163"}],"wp:attachment":[{"href":"https:\/\/arekson.com\/fr\/wp-json\/wp\/v2\/media?parent=19089"}],"wp:term":[{"taxonomy":"product_brand","embeddable":true,"href":"https:\/\/arekson.com\/fr\/wp-json\/wp\/v2\/product_brand?post=19089"},{"taxonomy":"product_cat","embeddable":true,"href":"https:\/\/arekson.com\/fr\/wp-json\/wp\/v2\/product_cat?post=19089"},{"taxonomy":"product_tag","embeddable":true,"href":"https:\/\/arekson.com\/fr\/wp-json\/wp\/v2\/product_tag?post=19089"}],"curies":[{"name":"wp","href":"https:\/\/api.w.org\/{rel}","templated":true}]}}