{"id":19047,"date":"2022-06-03T18:14:59","date_gmt":"2022-06-03T16:14:59","guid":{"rendered":"https:\/\/arekson.com\/producto\/handwash-paste-3100-pate-lave-mains\/"},"modified":"2022-06-15T16:30:19","modified_gmt":"2022-06-15T14:30:19","slug":"handwash-paste-3100-pate-lave-mains","status":"publish","type":"product","link":"https:\/\/arekson.com\/fr\/producto\/handwash-paste-3100-pate-lave-mains\/","title":{"rendered":"<strong><span class=\"nom-corto\">HANDWASH PASTE 3100 <\/span><\/strong><br><span class=\"nom-largo\">P\u00e2te lave-mains<\/span>"},"content":{"rendered":"","protected":false},"excerpt":{"rendered":"<p>P\u00e2te lave-mains avec sciure. Nettoyant en profondeur. Sans phosphate et solvant, contient des agents contre la graisse et des additifs sp\u00e9ciaux pour la protection de la peau. Sans sable, PH neutre, hydratant, biod\u00e9gradable. Grand succ\u00e8s dans le secteur de la m\u00e9canique. La valeur PH de la formule est adapt\u00e9e \u00e0 la couche antiacide de la peau.<\/p>\n","protected":false},"featured_media":6121,"template":"","meta":{"_et_pb_use_builder":"","_et_pb_old_content":"","_et_gb_content_width":""},"product_brand":[],"product_cat":[1205,1201,1211,370],"product_tag":[],"class_list":{"0":"post-19047","1":"product","2":"type-product","3":"status-publish","4":"has-post-thumbnail","6":"product_cat-lavage-et-hygiene","7":"product_cat-protection-et-hygiene","8":"product_cat-savon-degraissant","9":"product_cat-seicar-fr","10":"pa_seicar-fr-ref-lmx3100-bidon-10-lt-4-unites","12":"first","13":"outofstock","14":"purchasable","15":"product-type-variable"},"yoast_head":"<!-- This site is optimized with the Yoast SEO plugin v27.2 - https:\/\/yoast.com\/product\/yoast-seo-wordpress\/ -->\n<title>SEICAR | HANDWASH PASTE 3100 | P\u00e2te lave-mains<\/title>\n<meta name=\"description\" content=\"HANDWASH PASTE 3100 | P\u00e2te lave-mains | PROTECTION ET HYGI\u00c8NE | LAVAGE ET HYGI\u00c8NE | REF: LMX3100 | SEICAR\" \/>\n<meta name=\"robots\" content=\"index, follow, max-snippet:-1, max-image-preview:large, max-video-preview:-1\" \/>\n<link rel=\"canonical\" href=\"https:\/\/arekson.com\/fr\/producto\/handwash-paste-3100-pate-lave-mains\/\" \/>\n<meta property=\"og:locale\" content=\"fr_FR\" \/>\n<meta property=\"og:type\" content=\"article\" \/>\n<meta property=\"og:title\" content=\"SEICAR | HANDWASH PASTE 3100 | P\u00e2te lave-mains\" \/>\n<meta property=\"og:description\" content=\"HANDWASH PASTE 3100 | P\u00e2te lave-mains | PROTECTION ET HYGI\u00c8NE | LAVAGE ET HYGI\u00c8NE | REF: LMX3100 | SEICAR\" \/>\n<meta property=\"og:url\" content=\"https:\/\/arekson.com\/fr\/producto\/handwash-paste-3100-pate-lave-mains\/\" \/>\n<meta property=\"og:site_name\" content=\"Arekson Group\" \/>\n<meta property=\"article:modified_time\" content=\"2022-06-15T14:30:19+00:00\" \/>\n<meta property=\"og:image\" content=\"https:\/\/arekson.com\/wp-content\/uploads\/2022\/05\/LMX3100.jpg\" \/>\n\t<meta property=\"og:image:width\" content=\"800\" \/>\n\t<meta property=\"og:image:height\" content=\"800\" \/>\n\t<meta property=\"og:image:type\" content=\"image\/jpeg\" \/>\n<meta name=\"twitter:card\" content=\"summary_large_image\" \/>\n<script type=\"application\/ld+json\" class=\"yoast-schema-graph\">{\"@context\":\"https:\/\/schema.org\",\"@graph\":[{\"@type\":\"WebPage\",\"@id\":\"https:\/\/arekson.com\/fr\/producto\/handwash-paste-3100-pate-lave-mains\/\",\"url\":\"https:\/\/arekson.com\/fr\/producto\/handwash-paste-3100-pate-lave-mains\/\",\"name\":\"SEICAR | HANDWASH PASTE 3100 | P\u00e2te lave-mains\",\"isPartOf\":{\"@id\":\"https:\/\/arekson.com\/fr\/#website\"},\"primaryImageOfPage\":{\"@id\":\"https:\/\/arekson.com\/fr\/producto\/handwash-paste-3100-pate-lave-mains\/#primaryimage\"},\"image\":{\"@id\":\"https:\/\/arekson.com\/fr\/producto\/handwash-paste-3100-pate-lave-mains\/#primaryimage\"},\"thumbnailUrl\":\"https:\/\/arekson.com\/wp-content\/uploads\/2022\/05\/LMX3100.jpg\",\"datePublished\":\"2022-06-03T16:14:59+00:00\",\"dateModified\":\"2022-06-15T14:30:19+00:00\",\"description\":\"HANDWASH PASTE 3100 | P\u00e2te lave-mains | PROTECTION ET HYGI\u00c8NE | LAVAGE ET HYGI\u00c8NE | REF: LMX3100 | SEICAR\",\"breadcrumb\":{\"@id\":\"https:\/\/arekson.com\/fr\/producto\/handwash-paste-3100-pate-lave-mains\/#breadcrumb\"},\"inLanguage\":\"fr-FR\",\"potentialAction\":[{\"@type\":\"ReadAction\",\"target\":[\"https:\/\/arekson.com\/fr\/producto\/handwash-paste-3100-pate-lave-mains\/\"]}]},{\"@type\":\"ImageObject\",\"inLanguage\":\"fr-FR\",\"@id\":\"https:\/\/arekson.com\/fr\/producto\/handwash-paste-3100-pate-lave-mains\/#primaryimage\",\"url\":\"https:\/\/arekson.com\/wp-content\/uploads\/2022\/05\/LMX3100.jpg\",\"contentUrl\":\"https:\/\/arekson.com\/wp-content\/uploads\/2022\/05\/LMX3100.jpg\",\"width\":800,\"height\":800},{\"@type\":\"BreadcrumbList\",\"@id\":\"https:\/\/arekson.com\/fr\/producto\/handwash-paste-3100-pate-lave-mains\/#breadcrumb\",\"itemListElement\":[{\"@type\":\"ListItem\",\"position\":1,\"name\":\"Home\",\"item\":\"https:\/\/arekson.com\/fr\/\"},{\"@type\":\"ListItem\",\"position\":2,\"name\":\"Produits\",\"item\":\"https:\/\/arekson.com\/fr\/shop\/\"},{\"@type\":\"ListItem\",\"position\":3,\"name\":\"HANDWASH PASTE 3100 P\u00e2te lave-mains\"}]},{\"@type\":\"WebSite\",\"@id\":\"https:\/\/arekson.com\/fr\/#website\",\"url\":\"https:\/\/arekson.com\/fr\/\",\"name\":\"Arekson Group\",\"description\":\"Marcas Referentes del Automovil Profesional\",\"publisher\":{\"@id\":\"https:\/\/arekson.com\/fr\/#organization\"},\"potentialAction\":[{\"@type\":\"SearchAction\",\"target\":{\"@type\":\"EntryPoint\",\"urlTemplate\":\"https:\/\/arekson.com\/fr\/?s={search_term_string}\"},\"query-input\":{\"@type\":\"PropertyValueSpecification\",\"valueRequired\":true,\"valueName\":\"search_term_string\"}}],\"inLanguage\":\"fr-FR\"},{\"@type\":\"Organization\",\"@id\":\"https:\/\/arekson.com\/fr\/#organization\",\"name\":\"Arekson Group\",\"url\":\"https:\/\/arekson.com\/fr\/\",\"logo\":{\"@type\":\"ImageObject\",\"inLanguage\":\"fr-FR\",\"@id\":\"https:\/\/arekson.com\/fr\/#\/schema\/logo\/image\/\",\"url\":\"https:\/\/arekson.com\/wp-content\/uploads\/2022\/06\/Arekson-Group-Logo-Gris.jpg\",\"contentUrl\":\"https:\/\/arekson.com\/wp-content\/uploads\/2022\/06\/Arekson-Group-Logo-Gris.jpg\",\"width\":174,\"height\":72,\"caption\":\"Arekson Group\"},\"image\":{\"@id\":\"https:\/\/arekson.com\/fr\/#\/schema\/logo\/image\/\"}}]}<\/script>\n<!-- \/ Yoast SEO plugin. -->","yoast_head_json":{"title":"SEICAR | HANDWASH PASTE 3100 | P\u00e2te lave-mains","description":"HANDWASH PASTE 3100 | P\u00e2te lave-mains | PROTECTION ET HYGI\u00c8NE | LAVAGE ET HYGI\u00c8NE | REF: LMX3100 | SEICAR","robots":{"index":"index","follow":"follow","max-snippet":"max-snippet:-1","max-image-preview":"max-image-preview:large","max-video-preview":"max-video-preview:-1"},"canonical":"https:\/\/arekson.com\/fr\/producto\/handwash-paste-3100-pate-lave-mains\/","og_locale":"fr_FR","og_type":"article","og_title":"SEICAR | HANDWASH PASTE 3100 | P\u00e2te lave-mains","og_description":"HANDWASH PASTE 3100 | P\u00e2te lave-mains | PROTECTION ET HYGI\u00c8NE | LAVAGE ET HYGI\u00c8NE | REF: LMX3100 | SEICAR","og_url":"https:\/\/arekson.com\/fr\/producto\/handwash-paste-3100-pate-lave-mains\/","og_site_name":"Arekson Group","article_modified_time":"2022-06-15T14:30:19+00:00","og_image":[{"width":800,"height":800,"url":"https:\/\/arekson.com\/wp-content\/uploads\/2022\/05\/LMX3100.jpg","type":"image\/jpeg"}],"twitter_card":"summary_large_image","schema":{"@context":"https:\/\/schema.org","@graph":[{"@type":"WebPage","@id":"https:\/\/arekson.com\/fr\/producto\/handwash-paste-3100-pate-lave-mains\/","url":"https:\/\/arekson.com\/fr\/producto\/handwash-paste-3100-pate-lave-mains\/","name":"SEICAR | HANDWASH PASTE 3100 | P\u00e2te lave-mains","isPartOf":{"@id":"https:\/\/arekson.com\/fr\/#website"},"primaryImageOfPage":{"@id":"https:\/\/arekson.com\/fr\/producto\/handwash-paste-3100-pate-lave-mains\/#primaryimage"},"image":{"@id":"https:\/\/arekson.com\/fr\/producto\/handwash-paste-3100-pate-lave-mains\/#primaryimage"},"thumbnailUrl":"https:\/\/arekson.com\/wp-content\/uploads\/2022\/05\/LMX3100.jpg","datePublished":"2022-06-03T16:14:59+00:00","dateModified":"2022-06-15T14:30:19+00:00","description":"HANDWASH PASTE 3100 | P\u00e2te lave-mains | PROTECTION ET HYGI\u00c8NE | LAVAGE ET HYGI\u00c8NE | REF: LMX3100 | SEICAR","breadcrumb":{"@id":"https:\/\/arekson.com\/fr\/producto\/handwash-paste-3100-pate-lave-mains\/#breadcrumb"},"inLanguage":"fr-FR","potentialAction":[{"@type":"ReadAction","target":["https:\/\/arekson.com\/fr\/producto\/handwash-paste-3100-pate-lave-mains\/"]}]},{"@type":"ImageObject","inLanguage":"fr-FR","@id":"https:\/\/arekson.com\/fr\/producto\/handwash-paste-3100-pate-lave-mains\/#primaryimage","url":"https:\/\/arekson.com\/wp-content\/uploads\/2022\/05\/LMX3100.jpg","contentUrl":"https:\/\/arekson.com\/wp-content\/uploads\/2022\/05\/LMX3100.jpg","width":800,"height":800},{"@type":"BreadcrumbList","@id":"https:\/\/arekson.com\/fr\/producto\/handwash-paste-3100-pate-lave-mains\/#breadcrumb","itemListElement":[{"@type":"ListItem","position":1,"name":"Home","item":"https:\/\/arekson.com\/fr\/"},{"@type":"ListItem","position":2,"name":"Produits","item":"https:\/\/arekson.com\/fr\/shop\/"},{"@type":"ListItem","position":3,"name":"HANDWASH PASTE 3100 P\u00e2te lave-mains"}]},{"@type":"WebSite","@id":"https:\/\/arekson.com\/fr\/#website","url":"https:\/\/arekson.com\/fr\/","name":"Arekson Group","description":"Marcas Referentes del Automovil Profesional","publisher":{"@id":"https:\/\/arekson.com\/fr\/#organization"},"potentialAction":[{"@type":"SearchAction","target":{"@type":"EntryPoint","urlTemplate":"https:\/\/arekson.com\/fr\/?s={search_term_string}"},"query-input":{"@type":"PropertyValueSpecification","valueRequired":true,"valueName":"search_term_string"}}],"inLanguage":"fr-FR"},{"@type":"Organization","@id":"https:\/\/arekson.com\/fr\/#organization","name":"Arekson Group","url":"https:\/\/arekson.com\/fr\/","logo":{"@type":"ImageObject","inLanguage":"fr-FR","@id":"https:\/\/arekson.com\/fr\/#\/schema\/logo\/image\/","url":"https:\/\/arekson.com\/wp-content\/uploads\/2022\/06\/Arekson-Group-Logo-Gris.jpg","contentUrl":"https:\/\/arekson.com\/wp-content\/uploads\/2022\/06\/Arekson-Group-Logo-Gris.jpg","width":174,"height":72,"caption":"Arekson Group"},"image":{"@id":"https:\/\/arekson.com\/fr\/#\/schema\/logo\/image\/"}}]}},"_links":{"self":[{"href":"https:\/\/arekson.com\/fr\/wp-json\/wp\/v2\/product\/19047","targetHints":{"allow":["GET"]}}],"collection":[{"href":"https:\/\/arekson.com\/fr\/wp-json\/wp\/v2\/product"}],"about":[{"href":"https:\/\/arekson.com\/fr\/wp-json\/wp\/v2\/types\/product"}],"wp:featuredmedia":[{"embeddable":true,"href":"https:\/\/arekson.com\/fr\/wp-json\/wp\/v2\/media\/6121"}],"wp:attachment":[{"href":"https:\/\/arekson.com\/fr\/wp-json\/wp\/v2\/media?parent=19047"}],"wp:term":[{"taxonomy":"product_brand","embeddable":true,"href":"https:\/\/arekson.com\/fr\/wp-json\/wp\/v2\/product_brand?post=19047"},{"taxonomy":"product_cat","embeddable":true,"href":"https:\/\/arekson.com\/fr\/wp-json\/wp\/v2\/product_cat?post=19047"},{"taxonomy":"product_tag","embeddable":true,"href":"https:\/\/arekson.com\/fr\/wp-json\/wp\/v2\/product_tag?post=19047"}],"curies":[{"name":"wp","href":"https:\/\/api.w.org\/{rel}","templated":true}]}}