{"id":19027,"date":"2022-06-03T18:14:51","date_gmt":"2022-06-03T16:14:51","guid":{"rendered":"https:\/\/arekson.com\/producto\/travabon-creme-protectrice\/"},"modified":"2022-06-15T16:29:53","modified_gmt":"2022-06-15T14:29:53","slug":"travabon-creme-protectrice","status":"publish","type":"product","link":"https:\/\/arekson.com\/fr\/producto\/travabon-creme-protectrice\/","title":{"rendered":"<strong><span class=\"nom-corto\">TRAVABON <\/span><\/strong><br><span class=\"nom-largo\">Cr\u00e8me protectrice<\/span>"},"content":{"rendered":"","protected":false},"excerpt":{"rendered":"<p>Cr\u00e8me qui prot\u00e8ge la peau contre les substances huileuses et les solvants organiques, efficace aussi bien pour les peintres que pour les m\u00e9caniciens. Elle cr\u00e9e une pellicule qui favorise le nettoyage ult\u00e9rieur. Conserve la sensation du toucher .Ne contient pas de silicone.<\/p>\n","protected":false},"featured_media":24798,"template":"","meta":{"_et_pb_use_builder":"","_et_pb_old_content":"","_et_gb_content_width":""},"product_brand":[],"product_cat":[1207,1205,1201,370],"product_tag":[],"class_list":{"0":"post-19027","1":"product","2":"type-product","3":"status-publish","4":"has-post-thumbnail","6":"product_cat-creme-protectrice","7":"product_cat-lavage-et-hygiene","8":"product_cat-protection-et-hygiene","9":"product_cat-seicar-fr","10":"pa_seicar-fr-ref-lms008-bouteille-souple-1-lt-8-unites","11":"pa_seicar-fr-ref-lms009-tube-100-ml-50-unites","13":"first","14":"outofstock","15":"purchasable","16":"product-type-variable"},"yoast_head":"<!-- This site is optimized with the Yoast SEO plugin v27.2 - https:\/\/yoast.com\/product\/yoast-seo-wordpress\/ -->\n<title>SEICAR | TRAVABON | Cr\u00e8me protectrice<\/title>\n<meta name=\"description\" content=\"TRAVABON | Cr\u00e8me protectrice | PROTECTION ET HYGI\u00c8NE | LAVAGE ET HYGI\u00c8NE | REF: LMS009 | SEICAR\" \/>\n<meta name=\"robots\" content=\"index, follow, max-snippet:-1, max-image-preview:large, max-video-preview:-1\" \/>\n<link rel=\"canonical\" href=\"https:\/\/arekson.com\/fr\/producto\/travabon-creme-protectrice\/\" \/>\n<meta property=\"og:locale\" content=\"fr_FR\" \/>\n<meta property=\"og:type\" content=\"article\" \/>\n<meta property=\"og:title\" content=\"SEICAR | TRAVABON | Cr\u00e8me protectrice\" \/>\n<meta property=\"og:description\" content=\"TRAVABON | Cr\u00e8me protectrice | PROTECTION ET HYGI\u00c8NE | LAVAGE ET HYGI\u00c8NE | REF: LMS009 | SEICAR\" \/>\n<meta property=\"og:url\" content=\"https:\/\/arekson.com\/fr\/producto\/travabon-creme-protectrice\/\" \/>\n<meta property=\"og:site_name\" content=\"Arekson Group\" \/>\n<meta property=\"article:modified_time\" content=\"2022-06-15T14:29:53+00:00\" \/>\n<meta property=\"og:image\" content=\"https:\/\/arekson.com\/wp-content\/uploads\/2022\/05\/LMS009.jpg\" \/>\n\t<meta property=\"og:image:width\" content=\"800\" \/>\n\t<meta property=\"og:image:height\" content=\"800\" \/>\n\t<meta property=\"og:image:type\" content=\"image\/jpeg\" \/>\n<meta name=\"twitter:card\" content=\"summary_large_image\" \/>\n<script type=\"application\/ld+json\" class=\"yoast-schema-graph\">{\"@context\":\"https:\/\/schema.org\",\"@graph\":[{\"@type\":\"WebPage\",\"@id\":\"https:\/\/arekson.com\/fr\/producto\/travabon-creme-protectrice\/\",\"url\":\"https:\/\/arekson.com\/fr\/producto\/travabon-creme-protectrice\/\",\"name\":\"SEICAR | TRAVABON | Cr\u00e8me protectrice\",\"isPartOf\":{\"@id\":\"https:\/\/arekson.com\/fr\/#website\"},\"primaryImageOfPage\":{\"@id\":\"https:\/\/arekson.com\/fr\/producto\/travabon-creme-protectrice\/#primaryimage\"},\"image\":{\"@id\":\"https:\/\/arekson.com\/fr\/producto\/travabon-creme-protectrice\/#primaryimage\"},\"thumbnailUrl\":\"https:\/\/arekson.com\/wp-content\/uploads\/2022\/06\/LMS009.jpg\",\"datePublished\":\"2022-06-03T16:14:51+00:00\",\"dateModified\":\"2022-06-15T14:29:53+00:00\",\"description\":\"TRAVABON | Cr\u00e8me protectrice | PROTECTION ET HYGI\u00c8NE | LAVAGE ET HYGI\u00c8NE | REF: LMS009 | SEICAR\",\"breadcrumb\":{\"@id\":\"https:\/\/arekson.com\/fr\/producto\/travabon-creme-protectrice\/#breadcrumb\"},\"inLanguage\":\"fr-FR\",\"potentialAction\":[{\"@type\":\"ReadAction\",\"target\":[\"https:\/\/arekson.com\/fr\/producto\/travabon-creme-protectrice\/\"]}]},{\"@type\":\"ImageObject\",\"inLanguage\":\"fr-FR\",\"@id\":\"https:\/\/arekson.com\/fr\/producto\/travabon-creme-protectrice\/#primaryimage\",\"url\":\"https:\/\/arekson.com\/wp-content\/uploads\/2022\/06\/LMS009.jpg\",\"contentUrl\":\"https:\/\/arekson.com\/wp-content\/uploads\/2022\/06\/LMS009.jpg\",\"width\":800,\"height\":800,\"caption\":\"SEICAR | TRAVABON | Crema protectora\"},{\"@type\":\"BreadcrumbList\",\"@id\":\"https:\/\/arekson.com\/fr\/producto\/travabon-creme-protectrice\/#breadcrumb\",\"itemListElement\":[{\"@type\":\"ListItem\",\"position\":1,\"name\":\"Home\",\"item\":\"https:\/\/arekson.com\/fr\/\"},{\"@type\":\"ListItem\",\"position\":2,\"name\":\"Produits\",\"item\":\"https:\/\/arekson.com\/fr\/shop\/\"},{\"@type\":\"ListItem\",\"position\":3,\"name\":\"TRAVABON Cr\u00e8me protectrice\"}]},{\"@type\":\"WebSite\",\"@id\":\"https:\/\/arekson.com\/fr\/#website\",\"url\":\"https:\/\/arekson.com\/fr\/\",\"name\":\"Arekson Group\",\"description\":\"Marcas Referentes del Automovil Profesional\",\"publisher\":{\"@id\":\"https:\/\/arekson.com\/fr\/#organization\"},\"potentialAction\":[{\"@type\":\"SearchAction\",\"target\":{\"@type\":\"EntryPoint\",\"urlTemplate\":\"https:\/\/arekson.com\/fr\/?s={search_term_string}\"},\"query-input\":{\"@type\":\"PropertyValueSpecification\",\"valueRequired\":true,\"valueName\":\"search_term_string\"}}],\"inLanguage\":\"fr-FR\"},{\"@type\":\"Organization\",\"@id\":\"https:\/\/arekson.com\/fr\/#organization\",\"name\":\"Arekson Group\",\"url\":\"https:\/\/arekson.com\/fr\/\",\"logo\":{\"@type\":\"ImageObject\",\"inLanguage\":\"fr-FR\",\"@id\":\"https:\/\/arekson.com\/fr\/#\/schema\/logo\/image\/\",\"url\":\"https:\/\/arekson.com\/wp-content\/uploads\/2022\/06\/Arekson-Group-Logo-Gris.jpg\",\"contentUrl\":\"https:\/\/arekson.com\/wp-content\/uploads\/2022\/06\/Arekson-Group-Logo-Gris.jpg\",\"width\":174,\"height\":72,\"caption\":\"Arekson Group\"},\"image\":{\"@id\":\"https:\/\/arekson.com\/fr\/#\/schema\/logo\/image\/\"}}]}<\/script>\n<!-- \/ Yoast SEO plugin. -->","yoast_head_json":{"title":"SEICAR | TRAVABON | Cr\u00e8me protectrice","description":"TRAVABON | Cr\u00e8me protectrice | PROTECTION ET HYGI\u00c8NE | LAVAGE ET HYGI\u00c8NE | REF: LMS009 | SEICAR","robots":{"index":"index","follow":"follow","max-snippet":"max-snippet:-1","max-image-preview":"max-image-preview:large","max-video-preview":"max-video-preview:-1"},"canonical":"https:\/\/arekson.com\/fr\/producto\/travabon-creme-protectrice\/","og_locale":"fr_FR","og_type":"article","og_title":"SEICAR | TRAVABON | Cr\u00e8me protectrice","og_description":"TRAVABON | Cr\u00e8me protectrice | PROTECTION ET HYGI\u00c8NE | LAVAGE ET HYGI\u00c8NE | REF: LMS009 | SEICAR","og_url":"https:\/\/arekson.com\/fr\/producto\/travabon-creme-protectrice\/","og_site_name":"Arekson Group","article_modified_time":"2022-06-15T14:29:53+00:00","og_image":[{"width":800,"height":800,"url":"https:\/\/arekson.com\/wp-content\/uploads\/2022\/05\/LMS009.jpg","type":"image\/jpeg"}],"twitter_card":"summary_large_image","schema":{"@context":"https:\/\/schema.org","@graph":[{"@type":"WebPage","@id":"https:\/\/arekson.com\/fr\/producto\/travabon-creme-protectrice\/","url":"https:\/\/arekson.com\/fr\/producto\/travabon-creme-protectrice\/","name":"SEICAR | TRAVABON | Cr\u00e8me protectrice","isPartOf":{"@id":"https:\/\/arekson.com\/fr\/#website"},"primaryImageOfPage":{"@id":"https:\/\/arekson.com\/fr\/producto\/travabon-creme-protectrice\/#primaryimage"},"image":{"@id":"https:\/\/arekson.com\/fr\/producto\/travabon-creme-protectrice\/#primaryimage"},"thumbnailUrl":"https:\/\/arekson.com\/wp-content\/uploads\/2022\/06\/LMS009.jpg","datePublished":"2022-06-03T16:14:51+00:00","dateModified":"2022-06-15T14:29:53+00:00","description":"TRAVABON | Cr\u00e8me protectrice | PROTECTION ET HYGI\u00c8NE | LAVAGE ET HYGI\u00c8NE | REF: LMS009 | SEICAR","breadcrumb":{"@id":"https:\/\/arekson.com\/fr\/producto\/travabon-creme-protectrice\/#breadcrumb"},"inLanguage":"fr-FR","potentialAction":[{"@type":"ReadAction","target":["https:\/\/arekson.com\/fr\/producto\/travabon-creme-protectrice\/"]}]},{"@type":"ImageObject","inLanguage":"fr-FR","@id":"https:\/\/arekson.com\/fr\/producto\/travabon-creme-protectrice\/#primaryimage","url":"https:\/\/arekson.com\/wp-content\/uploads\/2022\/06\/LMS009.jpg","contentUrl":"https:\/\/arekson.com\/wp-content\/uploads\/2022\/06\/LMS009.jpg","width":800,"height":800,"caption":"SEICAR | TRAVABON | Crema protectora"},{"@type":"BreadcrumbList","@id":"https:\/\/arekson.com\/fr\/producto\/travabon-creme-protectrice\/#breadcrumb","itemListElement":[{"@type":"ListItem","position":1,"name":"Home","item":"https:\/\/arekson.com\/fr\/"},{"@type":"ListItem","position":2,"name":"Produits","item":"https:\/\/arekson.com\/fr\/shop\/"},{"@type":"ListItem","position":3,"name":"TRAVABON Cr\u00e8me protectrice"}]},{"@type":"WebSite","@id":"https:\/\/arekson.com\/fr\/#website","url":"https:\/\/arekson.com\/fr\/","name":"Arekson Group","description":"Marcas Referentes del Automovil Profesional","publisher":{"@id":"https:\/\/arekson.com\/fr\/#organization"},"potentialAction":[{"@type":"SearchAction","target":{"@type":"EntryPoint","urlTemplate":"https:\/\/arekson.com\/fr\/?s={search_term_string}"},"query-input":{"@type":"PropertyValueSpecification","valueRequired":true,"valueName":"search_term_string"}}],"inLanguage":"fr-FR"},{"@type":"Organization","@id":"https:\/\/arekson.com\/fr\/#organization","name":"Arekson Group","url":"https:\/\/arekson.com\/fr\/","logo":{"@type":"ImageObject","inLanguage":"fr-FR","@id":"https:\/\/arekson.com\/fr\/#\/schema\/logo\/image\/","url":"https:\/\/arekson.com\/wp-content\/uploads\/2022\/06\/Arekson-Group-Logo-Gris.jpg","contentUrl":"https:\/\/arekson.com\/wp-content\/uploads\/2022\/06\/Arekson-Group-Logo-Gris.jpg","width":174,"height":72,"caption":"Arekson Group"},"image":{"@id":"https:\/\/arekson.com\/fr\/#\/schema\/logo\/image\/"}}]}},"_links":{"self":[{"href":"https:\/\/arekson.com\/fr\/wp-json\/wp\/v2\/product\/19027","targetHints":{"allow":["GET"]}}],"collection":[{"href":"https:\/\/arekson.com\/fr\/wp-json\/wp\/v2\/product"}],"about":[{"href":"https:\/\/arekson.com\/fr\/wp-json\/wp\/v2\/types\/product"}],"wp:featuredmedia":[{"embeddable":true,"href":"https:\/\/arekson.com\/fr\/wp-json\/wp\/v2\/media\/24798"}],"wp:attachment":[{"href":"https:\/\/arekson.com\/fr\/wp-json\/wp\/v2\/media?parent=19027"}],"wp:term":[{"taxonomy":"product_brand","embeddable":true,"href":"https:\/\/arekson.com\/fr\/wp-json\/wp\/v2\/product_brand?post=19027"},{"taxonomy":"product_cat","embeddable":true,"href":"https:\/\/arekson.com\/fr\/wp-json\/wp\/v2\/product_cat?post=19027"},{"taxonomy":"product_tag","embeddable":true,"href":"https:\/\/arekson.com\/fr\/wp-json\/wp\/v2\/product_tag?post=19027"}],"curies":[{"name":"wp","href":"https:\/\/api.w.org\/{rel}","templated":true}]}}