{"id":19004,"date":"2022-06-03T18:14:34","date_gmt":"2022-06-03T16:14:34","guid":{"rendered":"https:\/\/arekson.com\/producto\/solflex-gloves-gant-en-nitrile-et-coton-pour-tolier\/"},"modified":"2023-06-14T12:22:26","modified_gmt":"2023-06-14T10:22:26","slug":"solflex-gloves-gant-en-nitrile-et-coton-pour-tolier","status":"publish","type":"product","link":"https:\/\/arekson.com\/fr\/producto\/solflex-gloves-gant-en-nitrile-et-coton-pour-tolier\/","title":{"rendered":"<strong><span class=\"nom-corto\">SOLFLEX GLOVES <\/span><\/strong><br><span class=\"nom-largo\">Gant en nitrile et coton pour t\u00f4lier<\/span>"},"content":{"rendered":"<p style=\"text-align: right;\"><a class=\"boton-ficha\" href=\"https:\/\/arekson.com\/wp-content\/uploads\/2023\/06\/GU0150-SOLFLEX-GLOVES-FT-VES.17_FR.pdf\" target=\"_blank\" rel=\"noopener\">D\u00e9tails Techniques<\/a> <\/p>\n","protected":false},"excerpt":{"rendered":"<p>Gants recouverts de nitrile sur la paume de la main et les doigts recouverts de polyamide. Aptes pour la manipulation des pi\u00e8ces de l&rsquo;automobile humides ou graisseuses. EN420 ( protection exigences g\u00e9n\u00e9rales), EN388 ( protection contre risques m\u00e9caniques). Jauge 15 Longueur 25 cm<\/p>\n","protected":false},"featured_media":5743,"template":"","meta":{"_et_pb_use_builder":"","_et_pb_old_content":"","_et_gb_content_width":""},"product_brand":[],"product_cat":[1203,1201,370],"product_tag":[],"class_list":{"0":"post-19004","1":"product","2":"type-product","3":"status-publish","4":"has-post-thumbnail","6":"product_cat-gants","7":"product_cat-protection-et-hygiene","8":"product_cat-seicar-fr","9":"pa_seicar-fr-ref-gu0150-rouge-sachet-taille-8-par-10-unites","10":"pa_seicar-fr-ref-gu0155-rouge-sachet-taille-9-par-10-unites","11":"pa_seicar-fr-ref-gu0160-rouge-sachet-taille-10-par-10-unites","13":"first","14":"outofstock","15":"purchasable","16":"product-type-variable"},"yoast_head":"<!-- This site is optimized with the Yoast SEO plugin v27.2 - https:\/\/yoast.com\/product\/yoast-seo-wordpress\/ -->\n<title>SEICAR | SOLFLEX GLOVES | Gant en nitrile et coton pour t\u00f4lier<\/title>\n<meta name=\"description\" content=\"SOLFLEX GLOVES | Gant en nitrile et coton pour t\u00f4lier | PROTECTION ET HYGI\u00c8NE | GANTS | REF: GU0160 | SEICAR\" \/>\n<meta name=\"robots\" content=\"index, follow, max-snippet:-1, max-image-preview:large, max-video-preview:-1\" \/>\n<link rel=\"canonical\" href=\"https:\/\/arekson.com\/fr\/producto\/solflex-gloves-gant-en-nitrile-et-coton-pour-tolier\/\" \/>\n<meta property=\"og:locale\" content=\"fr_FR\" \/>\n<meta property=\"og:type\" content=\"article\" \/>\n<meta property=\"og:title\" content=\"SEICAR | SOLFLEX GLOVES | Gant en nitrile et coton pour t\u00f4lier\" \/>\n<meta property=\"og:description\" content=\"SOLFLEX GLOVES | Gant en nitrile et coton pour t\u00f4lier | PROTECTION ET HYGI\u00c8NE | GANTS | REF: GU0160 | SEICAR\" \/>\n<meta property=\"og:url\" content=\"https:\/\/arekson.com\/fr\/producto\/solflex-gloves-gant-en-nitrile-et-coton-pour-tolier\/\" \/>\n<meta property=\"og:site_name\" content=\"Arekson Group\" \/>\n<meta property=\"article:modified_time\" content=\"2023-06-14T10:22:26+00:00\" \/>\n<meta property=\"og:image\" content=\"https:\/\/arekson.com\/wp-content\/uploads\/2022\/05\/GU0150.jpg\" \/>\n\t<meta property=\"og:image:width\" content=\"800\" \/>\n\t<meta property=\"og:image:height\" content=\"800\" \/>\n\t<meta property=\"og:image:type\" content=\"image\/jpeg\" \/>\n<meta name=\"twitter:card\" content=\"summary_large_image\" \/>\n<script type=\"application\/ld+json\" class=\"yoast-schema-graph\">{\"@context\":\"https:\/\/schema.org\",\"@graph\":[{\"@type\":\"WebPage\",\"@id\":\"https:\/\/arekson.com\/fr\/producto\/solflex-gloves-gant-en-nitrile-et-coton-pour-tolier\/\",\"url\":\"https:\/\/arekson.com\/fr\/producto\/solflex-gloves-gant-en-nitrile-et-coton-pour-tolier\/\",\"name\":\"SEICAR | SOLFLEX GLOVES | Gant en nitrile et coton pour t\u00f4lier\",\"isPartOf\":{\"@id\":\"https:\/\/arekson.com\/fr\/#website\"},\"primaryImageOfPage\":{\"@id\":\"https:\/\/arekson.com\/fr\/producto\/solflex-gloves-gant-en-nitrile-et-coton-pour-tolier\/#primaryimage\"},\"image\":{\"@id\":\"https:\/\/arekson.com\/fr\/producto\/solflex-gloves-gant-en-nitrile-et-coton-pour-tolier\/#primaryimage\"},\"thumbnailUrl\":\"https:\/\/arekson.com\/wp-content\/uploads\/2022\/05\/GU0150.jpg\",\"datePublished\":\"2022-06-03T16:14:34+00:00\",\"dateModified\":\"2023-06-14T10:22:26+00:00\",\"description\":\"SOLFLEX GLOVES | Gant en nitrile et coton pour t\u00f4lier | PROTECTION ET HYGI\u00c8NE | GANTS | REF: GU0160 | SEICAR\",\"breadcrumb\":{\"@id\":\"https:\/\/arekson.com\/fr\/producto\/solflex-gloves-gant-en-nitrile-et-coton-pour-tolier\/#breadcrumb\"},\"inLanguage\":\"fr-FR\",\"potentialAction\":[{\"@type\":\"ReadAction\",\"target\":[\"https:\/\/arekson.com\/fr\/producto\/solflex-gloves-gant-en-nitrile-et-coton-pour-tolier\/\"]}]},{\"@type\":\"ImageObject\",\"inLanguage\":\"fr-FR\",\"@id\":\"https:\/\/arekson.com\/fr\/producto\/solflex-gloves-gant-en-nitrile-et-coton-pour-tolier\/#primaryimage\",\"url\":\"https:\/\/arekson.com\/wp-content\/uploads\/2022\/05\/GU0150.jpg\",\"contentUrl\":\"https:\/\/arekson.com\/wp-content\/uploads\/2022\/05\/GU0150.jpg\",\"width\":800,\"height\":800},{\"@type\":\"BreadcrumbList\",\"@id\":\"https:\/\/arekson.com\/fr\/producto\/solflex-gloves-gant-en-nitrile-et-coton-pour-tolier\/#breadcrumb\",\"itemListElement\":[{\"@type\":\"ListItem\",\"position\":1,\"name\":\"Home\",\"item\":\"https:\/\/arekson.com\/fr\/\"},{\"@type\":\"ListItem\",\"position\":2,\"name\":\"Produits\",\"item\":\"https:\/\/arekson.com\/fr\/shop\/\"},{\"@type\":\"ListItem\",\"position\":3,\"name\":\"SOLFLEX GLOVES Gant en nitrile et coton pour t\u00f4lier\"}]},{\"@type\":\"WebSite\",\"@id\":\"https:\/\/arekson.com\/fr\/#website\",\"url\":\"https:\/\/arekson.com\/fr\/\",\"name\":\"Arekson Group\",\"description\":\"Marcas Referentes del Automovil Profesional\",\"publisher\":{\"@id\":\"https:\/\/arekson.com\/fr\/#organization\"},\"potentialAction\":[{\"@type\":\"SearchAction\",\"target\":{\"@type\":\"EntryPoint\",\"urlTemplate\":\"https:\/\/arekson.com\/fr\/?s={search_term_string}\"},\"query-input\":{\"@type\":\"PropertyValueSpecification\",\"valueRequired\":true,\"valueName\":\"search_term_string\"}}],\"inLanguage\":\"fr-FR\"},{\"@type\":\"Organization\",\"@id\":\"https:\/\/arekson.com\/fr\/#organization\",\"name\":\"Arekson Group\",\"url\":\"https:\/\/arekson.com\/fr\/\",\"logo\":{\"@type\":\"ImageObject\",\"inLanguage\":\"fr-FR\",\"@id\":\"https:\/\/arekson.com\/fr\/#\/schema\/logo\/image\/\",\"url\":\"https:\/\/arekson.com\/wp-content\/uploads\/2022\/06\/Arekson-Group-Logo-Gris.jpg\",\"contentUrl\":\"https:\/\/arekson.com\/wp-content\/uploads\/2022\/06\/Arekson-Group-Logo-Gris.jpg\",\"width\":174,\"height\":72,\"caption\":\"Arekson Group\"},\"image\":{\"@id\":\"https:\/\/arekson.com\/fr\/#\/schema\/logo\/image\/\"}}]}<\/script>\n<!-- \/ Yoast SEO plugin. -->","yoast_head_json":{"title":"SEICAR | SOLFLEX GLOVES | Gant en nitrile et coton pour t\u00f4lier","description":"SOLFLEX GLOVES | Gant en nitrile et coton pour t\u00f4lier | PROTECTION ET HYGI\u00c8NE | GANTS | REF: GU0160 | SEICAR","robots":{"index":"index","follow":"follow","max-snippet":"max-snippet:-1","max-image-preview":"max-image-preview:large","max-video-preview":"max-video-preview:-1"},"canonical":"https:\/\/arekson.com\/fr\/producto\/solflex-gloves-gant-en-nitrile-et-coton-pour-tolier\/","og_locale":"fr_FR","og_type":"article","og_title":"SEICAR | SOLFLEX GLOVES | Gant en nitrile et coton pour t\u00f4lier","og_description":"SOLFLEX GLOVES | Gant en nitrile et coton pour t\u00f4lier | PROTECTION ET HYGI\u00c8NE | GANTS | REF: GU0160 | SEICAR","og_url":"https:\/\/arekson.com\/fr\/producto\/solflex-gloves-gant-en-nitrile-et-coton-pour-tolier\/","og_site_name":"Arekson Group","article_modified_time":"2023-06-14T10:22:26+00:00","og_image":[{"width":800,"height":800,"url":"https:\/\/arekson.com\/wp-content\/uploads\/2022\/05\/GU0150.jpg","type":"image\/jpeg"}],"twitter_card":"summary_large_image","schema":{"@context":"https:\/\/schema.org","@graph":[{"@type":"WebPage","@id":"https:\/\/arekson.com\/fr\/producto\/solflex-gloves-gant-en-nitrile-et-coton-pour-tolier\/","url":"https:\/\/arekson.com\/fr\/producto\/solflex-gloves-gant-en-nitrile-et-coton-pour-tolier\/","name":"SEICAR | SOLFLEX GLOVES | Gant en nitrile et coton pour t\u00f4lier","isPartOf":{"@id":"https:\/\/arekson.com\/fr\/#website"},"primaryImageOfPage":{"@id":"https:\/\/arekson.com\/fr\/producto\/solflex-gloves-gant-en-nitrile-et-coton-pour-tolier\/#primaryimage"},"image":{"@id":"https:\/\/arekson.com\/fr\/producto\/solflex-gloves-gant-en-nitrile-et-coton-pour-tolier\/#primaryimage"},"thumbnailUrl":"https:\/\/arekson.com\/wp-content\/uploads\/2022\/05\/GU0150.jpg","datePublished":"2022-06-03T16:14:34+00:00","dateModified":"2023-06-14T10:22:26+00:00","description":"SOLFLEX GLOVES | Gant en nitrile et coton pour t\u00f4lier | PROTECTION ET HYGI\u00c8NE | GANTS | REF: GU0160 | SEICAR","breadcrumb":{"@id":"https:\/\/arekson.com\/fr\/producto\/solflex-gloves-gant-en-nitrile-et-coton-pour-tolier\/#breadcrumb"},"inLanguage":"fr-FR","potentialAction":[{"@type":"ReadAction","target":["https:\/\/arekson.com\/fr\/producto\/solflex-gloves-gant-en-nitrile-et-coton-pour-tolier\/"]}]},{"@type":"ImageObject","inLanguage":"fr-FR","@id":"https:\/\/arekson.com\/fr\/producto\/solflex-gloves-gant-en-nitrile-et-coton-pour-tolier\/#primaryimage","url":"https:\/\/arekson.com\/wp-content\/uploads\/2022\/05\/GU0150.jpg","contentUrl":"https:\/\/arekson.com\/wp-content\/uploads\/2022\/05\/GU0150.jpg","width":800,"height":800},{"@type":"BreadcrumbList","@id":"https:\/\/arekson.com\/fr\/producto\/solflex-gloves-gant-en-nitrile-et-coton-pour-tolier\/#breadcrumb","itemListElement":[{"@type":"ListItem","position":1,"name":"Home","item":"https:\/\/arekson.com\/fr\/"},{"@type":"ListItem","position":2,"name":"Produits","item":"https:\/\/arekson.com\/fr\/shop\/"},{"@type":"ListItem","position":3,"name":"SOLFLEX GLOVES Gant en nitrile et coton pour t\u00f4lier"}]},{"@type":"WebSite","@id":"https:\/\/arekson.com\/fr\/#website","url":"https:\/\/arekson.com\/fr\/","name":"Arekson Group","description":"Marcas Referentes del Automovil Profesional","publisher":{"@id":"https:\/\/arekson.com\/fr\/#organization"},"potentialAction":[{"@type":"SearchAction","target":{"@type":"EntryPoint","urlTemplate":"https:\/\/arekson.com\/fr\/?s={search_term_string}"},"query-input":{"@type":"PropertyValueSpecification","valueRequired":true,"valueName":"search_term_string"}}],"inLanguage":"fr-FR"},{"@type":"Organization","@id":"https:\/\/arekson.com\/fr\/#organization","name":"Arekson Group","url":"https:\/\/arekson.com\/fr\/","logo":{"@type":"ImageObject","inLanguage":"fr-FR","@id":"https:\/\/arekson.com\/fr\/#\/schema\/logo\/image\/","url":"https:\/\/arekson.com\/wp-content\/uploads\/2022\/06\/Arekson-Group-Logo-Gris.jpg","contentUrl":"https:\/\/arekson.com\/wp-content\/uploads\/2022\/06\/Arekson-Group-Logo-Gris.jpg","width":174,"height":72,"caption":"Arekson Group"},"image":{"@id":"https:\/\/arekson.com\/fr\/#\/schema\/logo\/image\/"}}]}},"_links":{"self":[{"href":"https:\/\/arekson.com\/fr\/wp-json\/wp\/v2\/product\/19004","targetHints":{"allow":["GET"]}}],"collection":[{"href":"https:\/\/arekson.com\/fr\/wp-json\/wp\/v2\/product"}],"about":[{"href":"https:\/\/arekson.com\/fr\/wp-json\/wp\/v2\/types\/product"}],"wp:featuredmedia":[{"embeddable":true,"href":"https:\/\/arekson.com\/fr\/wp-json\/wp\/v2\/media\/5743"}],"wp:attachment":[{"href":"https:\/\/arekson.com\/fr\/wp-json\/wp\/v2\/media?parent=19004"}],"wp:term":[{"taxonomy":"product_brand","embeddable":true,"href":"https:\/\/arekson.com\/fr\/wp-json\/wp\/v2\/product_brand?post=19004"},{"taxonomy":"product_cat","embeddable":true,"href":"https:\/\/arekson.com\/fr\/wp-json\/wp\/v2\/product_cat?post=19004"},{"taxonomy":"product_tag","embeddable":true,"href":"https:\/\/arekson.com\/fr\/wp-json\/wp\/v2\/product_tag?post=19004"}],"curies":[{"name":"wp","href":"https:\/\/api.w.org\/{rel}","templated":true}]}}