{"id":18969,"date":"2022-06-03T18:14:13","date_gmt":"2022-06-03T16:14:13","guid":{"rendered":"https:\/\/arekson.com\/producto\/glasses-ventor-painter-lunettes-panoramiques-peintre\/"},"modified":"2022-06-15T16:27:59","modified_gmt":"2022-06-15T14:27:59","slug":"glasses-ventor-painter-lunettes-panoramiques-peintre","status":"publish","type":"product","link":"https:\/\/arekson.com\/fr\/producto\/glasses-ventor-painter-lunettes-panoramiques-peintre\/","title":{"rendered":"<strong><span class=\"nom-corto\">GLASSES VENTOR PAINTER <\/span><\/strong><br><span class=\"nom-largo\">Lunettes panoramiques peintre<\/span>"},"content":{"rendered":"","protected":false},"excerpt":{"rendered":"<p>Lunettes ayant un important et confortable champ panoramique visuel en ac\u00e9tate antibu\u00e9e. R\u00e9sistant au solvant.  Sp\u00e9cialement con\u00e7ues pour les peintres qui portent des lunettes de vue ou des lentilles. \u00c9cran oculaire incolore et interchangeable. Conforme \u00e0 la norme europ\u00e9enne EN 166 (Protecteurs oculaires personnels-sp\u00e9cifications).<\/p>\n","protected":false},"featured_media":5725,"template":"","meta":{"_et_pb_use_builder":"","_et_pb_old_content":"","_et_gb_content_width":""},"product_brand":[],"product_cat":[1201,1217,370],"product_tag":[],"class_list":{"0":"post-18969","1":"product","2":"type-product","3":"status-publish","4":"has-post-thumbnail","6":"product_cat-protection-et-hygiene","7":"product_cat-protection-oculaire","8":"product_cat-seicar-fr","9":"pa_seicar-fr-ref-gp60255-boite-10-unites","11":"first","12":"outofstock","13":"purchasable","14":"product-type-variable"},"yoast_head":"<!-- This site is optimized with the Yoast SEO plugin v27.2 - https:\/\/yoast.com\/product\/yoast-seo-wordpress\/ -->\n<title>SEICAR | GLASSES VENTOR PAINTER | Lunettes panoramiques peintre<\/title>\n<meta name=\"description\" content=\"GLASSES VENTOR PAINTER | Lunettes panoramiques peintre | PROTECTION ET HYGI\u00c8NE | PROTECTION OCULAIRE | REF: GP60255 | SEICAR\" \/>\n<meta name=\"robots\" content=\"index, follow, max-snippet:-1, max-image-preview:large, max-video-preview:-1\" \/>\n<link rel=\"canonical\" href=\"https:\/\/arekson.com\/fr\/producto\/glasses-ventor-painter-lunettes-panoramiques-peintre\/\" \/>\n<meta property=\"og:locale\" content=\"fr_FR\" \/>\n<meta property=\"og:type\" content=\"article\" \/>\n<meta property=\"og:title\" content=\"SEICAR | GLASSES VENTOR PAINTER | Lunettes panoramiques peintre\" \/>\n<meta property=\"og:description\" content=\"GLASSES VENTOR PAINTER | Lunettes panoramiques peintre | PROTECTION ET HYGI\u00c8NE | PROTECTION OCULAIRE | REF: GP60255 | SEICAR\" \/>\n<meta property=\"og:url\" content=\"https:\/\/arekson.com\/fr\/producto\/glasses-ventor-painter-lunettes-panoramiques-peintre\/\" \/>\n<meta property=\"og:site_name\" content=\"Arekson Group\" \/>\n<meta property=\"article:modified_time\" content=\"2022-06-15T14:27:59+00:00\" \/>\n<meta property=\"og:image\" content=\"https:\/\/arekson.com\/wp-content\/uploads\/2022\/05\/GP60255.jpg\" \/>\n\t<meta property=\"og:image:width\" content=\"800\" \/>\n\t<meta property=\"og:image:height\" content=\"800\" \/>\n\t<meta property=\"og:image:type\" content=\"image\/jpeg\" \/>\n<meta name=\"twitter:card\" content=\"summary_large_image\" \/>\n<script type=\"application\/ld+json\" class=\"yoast-schema-graph\">{\"@context\":\"https:\/\/schema.org\",\"@graph\":[{\"@type\":\"WebPage\",\"@id\":\"https:\/\/arekson.com\/fr\/producto\/glasses-ventor-painter-lunettes-panoramiques-peintre\/\",\"url\":\"https:\/\/arekson.com\/fr\/producto\/glasses-ventor-painter-lunettes-panoramiques-peintre\/\",\"name\":\"SEICAR | GLASSES VENTOR PAINTER | Lunettes panoramiques peintre\",\"isPartOf\":{\"@id\":\"https:\/\/arekson.com\/fr\/#website\"},\"primaryImageOfPage\":{\"@id\":\"https:\/\/arekson.com\/fr\/producto\/glasses-ventor-painter-lunettes-panoramiques-peintre\/#primaryimage\"},\"image\":{\"@id\":\"https:\/\/arekson.com\/fr\/producto\/glasses-ventor-painter-lunettes-panoramiques-peintre\/#primaryimage\"},\"thumbnailUrl\":\"https:\/\/arekson.com\/wp-content\/uploads\/2022\/05\/GP60255.jpg\",\"datePublished\":\"2022-06-03T16:14:13+00:00\",\"dateModified\":\"2022-06-15T14:27:59+00:00\",\"description\":\"GLASSES VENTOR PAINTER | Lunettes panoramiques peintre | PROTECTION ET HYGI\u00c8NE | PROTECTION OCULAIRE | REF: GP60255 | SEICAR\",\"breadcrumb\":{\"@id\":\"https:\/\/arekson.com\/fr\/producto\/glasses-ventor-painter-lunettes-panoramiques-peintre\/#breadcrumb\"},\"inLanguage\":\"fr-FR\",\"potentialAction\":[{\"@type\":\"ReadAction\",\"target\":[\"https:\/\/arekson.com\/fr\/producto\/glasses-ventor-painter-lunettes-panoramiques-peintre\/\"]}]},{\"@type\":\"ImageObject\",\"inLanguage\":\"fr-FR\",\"@id\":\"https:\/\/arekson.com\/fr\/producto\/glasses-ventor-painter-lunettes-panoramiques-peintre\/#primaryimage\",\"url\":\"https:\/\/arekson.com\/wp-content\/uploads\/2022\/05\/GP60255.jpg\",\"contentUrl\":\"https:\/\/arekson.com\/wp-content\/uploads\/2022\/05\/GP60255.jpg\",\"width\":800,\"height\":800},{\"@type\":\"BreadcrumbList\",\"@id\":\"https:\/\/arekson.com\/fr\/producto\/glasses-ventor-painter-lunettes-panoramiques-peintre\/#breadcrumb\",\"itemListElement\":[{\"@type\":\"ListItem\",\"position\":1,\"name\":\"Home\",\"item\":\"https:\/\/arekson.com\/fr\/\"},{\"@type\":\"ListItem\",\"position\":2,\"name\":\"Produits\",\"item\":\"https:\/\/arekson.com\/fr\/shop\/\"},{\"@type\":\"ListItem\",\"position\":3,\"name\":\"GLASSES VENTOR PAINTER Lunettes panoramiques peintre\"}]},{\"@type\":\"WebSite\",\"@id\":\"https:\/\/arekson.com\/fr\/#website\",\"url\":\"https:\/\/arekson.com\/fr\/\",\"name\":\"Arekson Group\",\"description\":\"Marcas Referentes del Automovil Profesional\",\"publisher\":{\"@id\":\"https:\/\/arekson.com\/fr\/#organization\"},\"potentialAction\":[{\"@type\":\"SearchAction\",\"target\":{\"@type\":\"EntryPoint\",\"urlTemplate\":\"https:\/\/arekson.com\/fr\/?s={search_term_string}\"},\"query-input\":{\"@type\":\"PropertyValueSpecification\",\"valueRequired\":true,\"valueName\":\"search_term_string\"}}],\"inLanguage\":\"fr-FR\"},{\"@type\":\"Organization\",\"@id\":\"https:\/\/arekson.com\/fr\/#organization\",\"name\":\"Arekson Group\",\"url\":\"https:\/\/arekson.com\/fr\/\",\"logo\":{\"@type\":\"ImageObject\",\"inLanguage\":\"fr-FR\",\"@id\":\"https:\/\/arekson.com\/fr\/#\/schema\/logo\/image\/\",\"url\":\"https:\/\/arekson.com\/wp-content\/uploads\/2022\/06\/Arekson-Group-Logo-Gris.jpg\",\"contentUrl\":\"https:\/\/arekson.com\/wp-content\/uploads\/2022\/06\/Arekson-Group-Logo-Gris.jpg\",\"width\":174,\"height\":72,\"caption\":\"Arekson Group\"},\"image\":{\"@id\":\"https:\/\/arekson.com\/fr\/#\/schema\/logo\/image\/\"}}]}<\/script>\n<!-- \/ Yoast SEO plugin. -->","yoast_head_json":{"title":"SEICAR | GLASSES VENTOR PAINTER | Lunettes panoramiques peintre","description":"GLASSES VENTOR PAINTER | Lunettes panoramiques peintre | PROTECTION ET HYGI\u00c8NE | PROTECTION OCULAIRE | REF: GP60255 | SEICAR","robots":{"index":"index","follow":"follow","max-snippet":"max-snippet:-1","max-image-preview":"max-image-preview:large","max-video-preview":"max-video-preview:-1"},"canonical":"https:\/\/arekson.com\/fr\/producto\/glasses-ventor-painter-lunettes-panoramiques-peintre\/","og_locale":"fr_FR","og_type":"article","og_title":"SEICAR | GLASSES VENTOR PAINTER | Lunettes panoramiques peintre","og_description":"GLASSES VENTOR PAINTER | Lunettes panoramiques peintre | PROTECTION ET HYGI\u00c8NE | PROTECTION OCULAIRE | REF: GP60255 | SEICAR","og_url":"https:\/\/arekson.com\/fr\/producto\/glasses-ventor-painter-lunettes-panoramiques-peintre\/","og_site_name":"Arekson Group","article_modified_time":"2022-06-15T14:27:59+00:00","og_image":[{"width":800,"height":800,"url":"https:\/\/arekson.com\/wp-content\/uploads\/2022\/05\/GP60255.jpg","type":"image\/jpeg"}],"twitter_card":"summary_large_image","schema":{"@context":"https:\/\/schema.org","@graph":[{"@type":"WebPage","@id":"https:\/\/arekson.com\/fr\/producto\/glasses-ventor-painter-lunettes-panoramiques-peintre\/","url":"https:\/\/arekson.com\/fr\/producto\/glasses-ventor-painter-lunettes-panoramiques-peintre\/","name":"SEICAR | GLASSES VENTOR PAINTER | Lunettes panoramiques peintre","isPartOf":{"@id":"https:\/\/arekson.com\/fr\/#website"},"primaryImageOfPage":{"@id":"https:\/\/arekson.com\/fr\/producto\/glasses-ventor-painter-lunettes-panoramiques-peintre\/#primaryimage"},"image":{"@id":"https:\/\/arekson.com\/fr\/producto\/glasses-ventor-painter-lunettes-panoramiques-peintre\/#primaryimage"},"thumbnailUrl":"https:\/\/arekson.com\/wp-content\/uploads\/2022\/05\/GP60255.jpg","datePublished":"2022-06-03T16:14:13+00:00","dateModified":"2022-06-15T14:27:59+00:00","description":"GLASSES VENTOR PAINTER | Lunettes panoramiques peintre | PROTECTION ET HYGI\u00c8NE | PROTECTION OCULAIRE | REF: GP60255 | SEICAR","breadcrumb":{"@id":"https:\/\/arekson.com\/fr\/producto\/glasses-ventor-painter-lunettes-panoramiques-peintre\/#breadcrumb"},"inLanguage":"fr-FR","potentialAction":[{"@type":"ReadAction","target":["https:\/\/arekson.com\/fr\/producto\/glasses-ventor-painter-lunettes-panoramiques-peintre\/"]}]},{"@type":"ImageObject","inLanguage":"fr-FR","@id":"https:\/\/arekson.com\/fr\/producto\/glasses-ventor-painter-lunettes-panoramiques-peintre\/#primaryimage","url":"https:\/\/arekson.com\/wp-content\/uploads\/2022\/05\/GP60255.jpg","contentUrl":"https:\/\/arekson.com\/wp-content\/uploads\/2022\/05\/GP60255.jpg","width":800,"height":800},{"@type":"BreadcrumbList","@id":"https:\/\/arekson.com\/fr\/producto\/glasses-ventor-painter-lunettes-panoramiques-peintre\/#breadcrumb","itemListElement":[{"@type":"ListItem","position":1,"name":"Home","item":"https:\/\/arekson.com\/fr\/"},{"@type":"ListItem","position":2,"name":"Produits","item":"https:\/\/arekson.com\/fr\/shop\/"},{"@type":"ListItem","position":3,"name":"GLASSES VENTOR PAINTER Lunettes panoramiques peintre"}]},{"@type":"WebSite","@id":"https:\/\/arekson.com\/fr\/#website","url":"https:\/\/arekson.com\/fr\/","name":"Arekson Group","description":"Marcas Referentes del Automovil Profesional","publisher":{"@id":"https:\/\/arekson.com\/fr\/#organization"},"potentialAction":[{"@type":"SearchAction","target":{"@type":"EntryPoint","urlTemplate":"https:\/\/arekson.com\/fr\/?s={search_term_string}"},"query-input":{"@type":"PropertyValueSpecification","valueRequired":true,"valueName":"search_term_string"}}],"inLanguage":"fr-FR"},{"@type":"Organization","@id":"https:\/\/arekson.com\/fr\/#organization","name":"Arekson Group","url":"https:\/\/arekson.com\/fr\/","logo":{"@type":"ImageObject","inLanguage":"fr-FR","@id":"https:\/\/arekson.com\/fr\/#\/schema\/logo\/image\/","url":"https:\/\/arekson.com\/wp-content\/uploads\/2022\/06\/Arekson-Group-Logo-Gris.jpg","contentUrl":"https:\/\/arekson.com\/wp-content\/uploads\/2022\/06\/Arekson-Group-Logo-Gris.jpg","width":174,"height":72,"caption":"Arekson Group"},"image":{"@id":"https:\/\/arekson.com\/fr\/#\/schema\/logo\/image\/"}}]}},"_links":{"self":[{"href":"https:\/\/arekson.com\/fr\/wp-json\/wp\/v2\/product\/18969","targetHints":{"allow":["GET"]}}],"collection":[{"href":"https:\/\/arekson.com\/fr\/wp-json\/wp\/v2\/product"}],"about":[{"href":"https:\/\/arekson.com\/fr\/wp-json\/wp\/v2\/types\/product"}],"wp:featuredmedia":[{"embeddable":true,"href":"https:\/\/arekson.com\/fr\/wp-json\/wp\/v2\/media\/5725"}],"wp:attachment":[{"href":"https:\/\/arekson.com\/fr\/wp-json\/wp\/v2\/media?parent=18969"}],"wp:term":[{"taxonomy":"product_brand","embeddable":true,"href":"https:\/\/arekson.com\/fr\/wp-json\/wp\/v2\/product_brand?post=18969"},{"taxonomy":"product_cat","embeddable":true,"href":"https:\/\/arekson.com\/fr\/wp-json\/wp\/v2\/product_cat?post=18969"},{"taxonomy":"product_tag","embeddable":true,"href":"https:\/\/arekson.com\/fr\/wp-json\/wp\/v2\/product_tag?post=18969"}],"curies":[{"name":"wp","href":"https:\/\/api.w.org\/{rel}","templated":true}]}}