{"id":18967,"date":"2022-06-03T18:14:13","date_gmt":"2022-06-03T16:14:13","guid":{"rendered":"https:\/\/arekson.com\/producto\/jazz-band-moldex-6800-casque-bouchon-anti-bruit\/"},"modified":"2022-06-15T16:27:57","modified_gmt":"2022-06-15T14:27:57","slug":"jazz-band-moldex-6800-casque-bouchon-anti-bruit","status":"publish","type":"product","link":"https:\/\/arekson.com\/fr\/producto\/jazz-band-moldex-6800-casque-bouchon-anti-bruit\/","title":{"rendered":"<strong><span class=\"nom-corto\">JAZZ BAND MOLDEX 6800 <\/span><\/strong><br><span class=\"nom-largo\">Casque bouchon anti bruit<\/span>"},"content":{"rendered":"","protected":false},"excerpt":{"rendered":"<p>Bouchons en polyur\u00e9thane confortables et \u00e9changeables, 12 g. Design anatomique. Libert\u00e9 de mouvements sans transmission de bruits de contact. Waveband\u00ae est \u00e9galement un design avanc\u00e9 au niveau de la minimisation effective de la transmission de bruit par contact\u00a0\u00bb. SNR = 27 dB , pression de bande : 1,2 N.<\/p>\n","protected":false},"featured_media":6997,"template":"","meta":{"_et_pb_use_builder":"","_et_pb_old_content":"","_et_gb_content_width":""},"product_brand":[],"product_cat":[1215,1201,370],"product_tag":[],"class_list":{"0":"post-18967","1":"product","2":"type-product","3":"status-publish","4":"has-post-thumbnail","6":"product_cat-protection-auditive","7":"product_cat-protection-et-hygiene","8":"product_cat-seicar-fr","9":"pa_seicar-fr-ref-tpm6800-boite-10-unites","11":"first","12":"outofstock","13":"purchasable","14":"product-type-variable"},"yoast_head":"<!-- This site is optimized with the Yoast SEO plugin v27.2 - https:\/\/yoast.com\/product\/yoast-seo-wordpress\/ -->\n<title>SEICAR | JAZZ BAND MOLDEX 6800 | Casque bouchon anti bruit<\/title>\n<meta name=\"description\" content=\"JAZZ BAND MOLDEX 6800 | Casque bouchon anti bruit | PROTECTION ET HYGI\u00c8NE | PROTECTION AUDITIVE | REF: TPM6800 | SEICAR\" \/>\n<meta name=\"robots\" content=\"index, follow, max-snippet:-1, max-image-preview:large, max-video-preview:-1\" \/>\n<link rel=\"canonical\" href=\"https:\/\/arekson.com\/fr\/producto\/jazz-band-moldex-6800-casque-bouchon-anti-bruit\/\" \/>\n<meta property=\"og:locale\" content=\"fr_FR\" \/>\n<meta property=\"og:type\" content=\"article\" \/>\n<meta property=\"og:title\" content=\"SEICAR | JAZZ BAND MOLDEX 6800 | Casque bouchon anti bruit\" \/>\n<meta property=\"og:description\" content=\"JAZZ BAND MOLDEX 6800 | Casque bouchon anti bruit | PROTECTION ET HYGI\u00c8NE | PROTECTION AUDITIVE | REF: TPM6800 | SEICAR\" \/>\n<meta property=\"og:url\" content=\"https:\/\/arekson.com\/fr\/producto\/jazz-band-moldex-6800-casque-bouchon-anti-bruit\/\" \/>\n<meta property=\"og:site_name\" content=\"Arekson Group\" \/>\n<meta property=\"article:modified_time\" content=\"2022-06-15T14:27:57+00:00\" \/>\n<meta property=\"og:image\" content=\"https:\/\/arekson.com\/wp-content\/uploads\/2022\/05\/TPM6800.jpg\" \/>\n\t<meta property=\"og:image:width\" content=\"800\" \/>\n\t<meta property=\"og:image:height\" content=\"800\" \/>\n\t<meta property=\"og:image:type\" content=\"image\/jpeg\" \/>\n<meta name=\"twitter:card\" content=\"summary_large_image\" \/>\n<script type=\"application\/ld+json\" class=\"yoast-schema-graph\">{\"@context\":\"https:\/\/schema.org\",\"@graph\":[{\"@type\":\"WebPage\",\"@id\":\"https:\/\/arekson.com\/fr\/producto\/jazz-band-moldex-6800-casque-bouchon-anti-bruit\/\",\"url\":\"https:\/\/arekson.com\/fr\/producto\/jazz-band-moldex-6800-casque-bouchon-anti-bruit\/\",\"name\":\"SEICAR | JAZZ BAND MOLDEX 6800 | Casque bouchon anti bruit\",\"isPartOf\":{\"@id\":\"https:\/\/arekson.com\/fr\/#website\"},\"primaryImageOfPage\":{\"@id\":\"https:\/\/arekson.com\/fr\/producto\/jazz-band-moldex-6800-casque-bouchon-anti-bruit\/#primaryimage\"},\"image\":{\"@id\":\"https:\/\/arekson.com\/fr\/producto\/jazz-band-moldex-6800-casque-bouchon-anti-bruit\/#primaryimage\"},\"thumbnailUrl\":\"https:\/\/arekson.com\/wp-content\/uploads\/2022\/05\/TPM6800.jpg\",\"datePublished\":\"2022-06-03T16:14:13+00:00\",\"dateModified\":\"2022-06-15T14:27:57+00:00\",\"description\":\"JAZZ BAND MOLDEX 6800 | Casque bouchon anti bruit | PROTECTION ET HYGI\u00c8NE | PROTECTION AUDITIVE | REF: TPM6800 | SEICAR\",\"breadcrumb\":{\"@id\":\"https:\/\/arekson.com\/fr\/producto\/jazz-band-moldex-6800-casque-bouchon-anti-bruit\/#breadcrumb\"},\"inLanguage\":\"fr-FR\",\"potentialAction\":[{\"@type\":\"ReadAction\",\"target\":[\"https:\/\/arekson.com\/fr\/producto\/jazz-band-moldex-6800-casque-bouchon-anti-bruit\/\"]}]},{\"@type\":\"ImageObject\",\"inLanguage\":\"fr-FR\",\"@id\":\"https:\/\/arekson.com\/fr\/producto\/jazz-band-moldex-6800-casque-bouchon-anti-bruit\/#primaryimage\",\"url\":\"https:\/\/arekson.com\/wp-content\/uploads\/2022\/05\/TPM6800.jpg\",\"contentUrl\":\"https:\/\/arekson.com\/wp-content\/uploads\/2022\/05\/TPM6800.jpg\",\"width\":800,\"height\":800},{\"@type\":\"BreadcrumbList\",\"@id\":\"https:\/\/arekson.com\/fr\/producto\/jazz-band-moldex-6800-casque-bouchon-anti-bruit\/#breadcrumb\",\"itemListElement\":[{\"@type\":\"ListItem\",\"position\":1,\"name\":\"Home\",\"item\":\"https:\/\/arekson.com\/fr\/\"},{\"@type\":\"ListItem\",\"position\":2,\"name\":\"Produits\",\"item\":\"https:\/\/arekson.com\/fr\/shop\/\"},{\"@type\":\"ListItem\",\"position\":3,\"name\":\"JAZZ BAND MOLDEX 6800 Casque bouchon anti bruit\"}]},{\"@type\":\"WebSite\",\"@id\":\"https:\/\/arekson.com\/fr\/#website\",\"url\":\"https:\/\/arekson.com\/fr\/\",\"name\":\"Arekson Group\",\"description\":\"Marcas Referentes del Automovil Profesional\",\"publisher\":{\"@id\":\"https:\/\/arekson.com\/fr\/#organization\"},\"potentialAction\":[{\"@type\":\"SearchAction\",\"target\":{\"@type\":\"EntryPoint\",\"urlTemplate\":\"https:\/\/arekson.com\/fr\/?s={search_term_string}\"},\"query-input\":{\"@type\":\"PropertyValueSpecification\",\"valueRequired\":true,\"valueName\":\"search_term_string\"}}],\"inLanguage\":\"fr-FR\"},{\"@type\":\"Organization\",\"@id\":\"https:\/\/arekson.com\/fr\/#organization\",\"name\":\"Arekson Group\",\"url\":\"https:\/\/arekson.com\/fr\/\",\"logo\":{\"@type\":\"ImageObject\",\"inLanguage\":\"fr-FR\",\"@id\":\"https:\/\/arekson.com\/fr\/#\/schema\/logo\/image\/\",\"url\":\"https:\/\/arekson.com\/wp-content\/uploads\/2022\/06\/Arekson-Group-Logo-Gris.jpg\",\"contentUrl\":\"https:\/\/arekson.com\/wp-content\/uploads\/2022\/06\/Arekson-Group-Logo-Gris.jpg\",\"width\":174,\"height\":72,\"caption\":\"Arekson Group\"},\"image\":{\"@id\":\"https:\/\/arekson.com\/fr\/#\/schema\/logo\/image\/\"}}]}<\/script>\n<!-- \/ Yoast SEO plugin. -->","yoast_head_json":{"title":"SEICAR | JAZZ BAND MOLDEX 6800 | Casque bouchon anti bruit","description":"JAZZ BAND MOLDEX 6800 | Casque bouchon anti bruit | PROTECTION ET HYGI\u00c8NE | PROTECTION AUDITIVE | REF: TPM6800 | SEICAR","robots":{"index":"index","follow":"follow","max-snippet":"max-snippet:-1","max-image-preview":"max-image-preview:large","max-video-preview":"max-video-preview:-1"},"canonical":"https:\/\/arekson.com\/fr\/producto\/jazz-band-moldex-6800-casque-bouchon-anti-bruit\/","og_locale":"fr_FR","og_type":"article","og_title":"SEICAR | JAZZ BAND MOLDEX 6800 | Casque bouchon anti bruit","og_description":"JAZZ BAND MOLDEX 6800 | Casque bouchon anti bruit | PROTECTION ET HYGI\u00c8NE | PROTECTION AUDITIVE | REF: TPM6800 | SEICAR","og_url":"https:\/\/arekson.com\/fr\/producto\/jazz-band-moldex-6800-casque-bouchon-anti-bruit\/","og_site_name":"Arekson Group","article_modified_time":"2022-06-15T14:27:57+00:00","og_image":[{"width":800,"height":800,"url":"https:\/\/arekson.com\/wp-content\/uploads\/2022\/05\/TPM6800.jpg","type":"image\/jpeg"}],"twitter_card":"summary_large_image","schema":{"@context":"https:\/\/schema.org","@graph":[{"@type":"WebPage","@id":"https:\/\/arekson.com\/fr\/producto\/jazz-band-moldex-6800-casque-bouchon-anti-bruit\/","url":"https:\/\/arekson.com\/fr\/producto\/jazz-band-moldex-6800-casque-bouchon-anti-bruit\/","name":"SEICAR | JAZZ BAND MOLDEX 6800 | Casque bouchon anti bruit","isPartOf":{"@id":"https:\/\/arekson.com\/fr\/#website"},"primaryImageOfPage":{"@id":"https:\/\/arekson.com\/fr\/producto\/jazz-band-moldex-6800-casque-bouchon-anti-bruit\/#primaryimage"},"image":{"@id":"https:\/\/arekson.com\/fr\/producto\/jazz-band-moldex-6800-casque-bouchon-anti-bruit\/#primaryimage"},"thumbnailUrl":"https:\/\/arekson.com\/wp-content\/uploads\/2022\/05\/TPM6800.jpg","datePublished":"2022-06-03T16:14:13+00:00","dateModified":"2022-06-15T14:27:57+00:00","description":"JAZZ BAND MOLDEX 6800 | Casque bouchon anti bruit | PROTECTION ET HYGI\u00c8NE | PROTECTION AUDITIVE | REF: TPM6800 | SEICAR","breadcrumb":{"@id":"https:\/\/arekson.com\/fr\/producto\/jazz-band-moldex-6800-casque-bouchon-anti-bruit\/#breadcrumb"},"inLanguage":"fr-FR","potentialAction":[{"@type":"ReadAction","target":["https:\/\/arekson.com\/fr\/producto\/jazz-band-moldex-6800-casque-bouchon-anti-bruit\/"]}]},{"@type":"ImageObject","inLanguage":"fr-FR","@id":"https:\/\/arekson.com\/fr\/producto\/jazz-band-moldex-6800-casque-bouchon-anti-bruit\/#primaryimage","url":"https:\/\/arekson.com\/wp-content\/uploads\/2022\/05\/TPM6800.jpg","contentUrl":"https:\/\/arekson.com\/wp-content\/uploads\/2022\/05\/TPM6800.jpg","width":800,"height":800},{"@type":"BreadcrumbList","@id":"https:\/\/arekson.com\/fr\/producto\/jazz-band-moldex-6800-casque-bouchon-anti-bruit\/#breadcrumb","itemListElement":[{"@type":"ListItem","position":1,"name":"Home","item":"https:\/\/arekson.com\/fr\/"},{"@type":"ListItem","position":2,"name":"Produits","item":"https:\/\/arekson.com\/fr\/shop\/"},{"@type":"ListItem","position":3,"name":"JAZZ BAND MOLDEX 6800 Casque bouchon anti bruit"}]},{"@type":"WebSite","@id":"https:\/\/arekson.com\/fr\/#website","url":"https:\/\/arekson.com\/fr\/","name":"Arekson Group","description":"Marcas Referentes del Automovil Profesional","publisher":{"@id":"https:\/\/arekson.com\/fr\/#organization"},"potentialAction":[{"@type":"SearchAction","target":{"@type":"EntryPoint","urlTemplate":"https:\/\/arekson.com\/fr\/?s={search_term_string}"},"query-input":{"@type":"PropertyValueSpecification","valueRequired":true,"valueName":"search_term_string"}}],"inLanguage":"fr-FR"},{"@type":"Organization","@id":"https:\/\/arekson.com\/fr\/#organization","name":"Arekson Group","url":"https:\/\/arekson.com\/fr\/","logo":{"@type":"ImageObject","inLanguage":"fr-FR","@id":"https:\/\/arekson.com\/fr\/#\/schema\/logo\/image\/","url":"https:\/\/arekson.com\/wp-content\/uploads\/2022\/06\/Arekson-Group-Logo-Gris.jpg","contentUrl":"https:\/\/arekson.com\/wp-content\/uploads\/2022\/06\/Arekson-Group-Logo-Gris.jpg","width":174,"height":72,"caption":"Arekson Group"},"image":{"@id":"https:\/\/arekson.com\/fr\/#\/schema\/logo\/image\/"}}]}},"_links":{"self":[{"href":"https:\/\/arekson.com\/fr\/wp-json\/wp\/v2\/product\/18967","targetHints":{"allow":["GET"]}}],"collection":[{"href":"https:\/\/arekson.com\/fr\/wp-json\/wp\/v2\/product"}],"about":[{"href":"https:\/\/arekson.com\/fr\/wp-json\/wp\/v2\/types\/product"}],"wp:featuredmedia":[{"embeddable":true,"href":"https:\/\/arekson.com\/fr\/wp-json\/wp\/v2\/media\/6997"}],"wp:attachment":[{"href":"https:\/\/arekson.com\/fr\/wp-json\/wp\/v2\/media?parent=18967"}],"wp:term":[{"taxonomy":"product_brand","embeddable":true,"href":"https:\/\/arekson.com\/fr\/wp-json\/wp\/v2\/product_brand?post=18967"},{"taxonomy":"product_cat","embeddable":true,"href":"https:\/\/arekson.com\/fr\/wp-json\/wp\/v2\/product_cat?post=18967"},{"taxonomy":"product_tag","embeddable":true,"href":"https:\/\/arekson.com\/fr\/wp-json\/wp\/v2\/product_tag?post=18967"}],"curies":[{"name":"wp","href":"https:\/\/api.w.org\/{rel}","templated":true}]}}