{"id":18945,"date":"2022-06-03T18:14:06","date_gmt":"2022-06-03T16:14:06","guid":{"rendered":"https:\/\/arekson.com\/producto\/facial-moldex-7000-piece-faciale\/"},"modified":"2023-06-12T12:50:12","modified_gmt":"2023-06-12T10:50:12","slug":"facial-moldex-7000-piece-faciale","status":"publish","type":"product","link":"https:\/\/arekson.com\/fr\/producto\/facial-moldex-7000-piece-faciale\/","title":{"rendered":"<strong><span class=\"nom-corto\">FACIAL MOLDEX 7000 <\/span><\/strong><br><span class=\"nom-largo\">Pi\u00e8ce faciale<\/span>"},"content":{"rendered":"<p style=\"text-align: right;\"><a class=\"boton-ficha\" href=\"https:\/\/arekson.com\/wp-content\/uploads\/2023\/06\/MAM7002-FACIAL-MOLDEX-7000-FT-30052022_FR.pdf\" target=\"_blank\" rel=\"noopener\">D\u00e9tails Techniques<\/a> <\/p>\n","protected":false},"excerpt":{"rendered":"<p>Fabriqu\u00e9 en mat\u00e9riau thermoplastique antialerg\u00e9nique (TPE). Design pratique . Aux composants facilement accessibles. Filtres \u00ab\u00a0Easylock\u00a0\u00bb, fermeture facile. Sans adaptateurs ni pi\u00e8ces sp\u00e9ciales. Pi\u00e8ce faciale ergonomique, ultral\u00e9g\u00e8re et confortable con\u00e7ue pour \u00eatre adapt\u00e9e \u00e0 diff\u00e9rentes formes de visages tout en offrant un champs visuel plus large et favorisant l&rsquo;usage d&rsquo;accessoires optiques de s\u00e9curit\u00e9. De plus, les bandes ne tombent pas sur les yeux du travailleur. R\u00e9utilisable avec les filtres de rechange. L&rsquo;appareil de protection respiratoire Moldex\u00ae de la s\u00e9rie 7000 s&rsquo;adapte au contour du visage, se positionne confortablement et est positionn\u00e9  m\u00eame lorsque l&rsquo;usager parle. Les cartouches et les filtres de rechange \u00ab\u00a0Easylock\u00ae\u00a0\u00bb \u00e0 fermeture facile se fixent avec un seul tour de vis. Pas de possibilit\u00e9 d&rsquo;\u00eatre mal viss\u00e9es. Avec chaque changement de cartouche on obtient une nouvelle soupape . Pas n\u00e9cessaire d&rsquo;avoir en stock des soupapes .<\/p>\n","protected":false},"featured_media":6466,"template":"","meta":{"_et_pb_use_builder":"","_et_pb_old_content":"","_et_gb_content_width":""},"product_brand":[],"product_cat":[1201,1219,370],"product_tag":[],"class_list":{"0":"post-18945","1":"product","2":"type-product","3":"status-publish","4":"has-post-thumbnail","6":"product_cat-protection-et-hygiene","7":"product_cat-protection-respiratoire","8":"product_cat-seicar-fr","9":"pa_seicar-fr-ref-mam7002-boite-m-10-unites","11":"first","12":"outofstock","13":"purchasable","14":"product-type-variable"},"yoast_head":"<!-- This site is optimized with the Yoast SEO plugin v27.2 - https:\/\/yoast.com\/product\/yoast-seo-wordpress\/ -->\n<title>SEICAR | FACIAL MOLDEX 7000 | Pi\u00e8ce faciale<\/title>\n<meta name=\"description\" content=\"FACIAL MOLDEX 7000 | Pi\u00e8ce faciale | PROTECTION ET HYGI\u00c8NE | PROTECTION RESPIRATOIRE | REF: MAM7002 | SEICAR\" \/>\n<meta name=\"robots\" content=\"index, follow, max-snippet:-1, max-image-preview:large, max-video-preview:-1\" \/>\n<link rel=\"canonical\" href=\"https:\/\/arekson.com\/fr\/producto\/facial-moldex-7000-piece-faciale\/\" \/>\n<meta property=\"og:locale\" content=\"fr_FR\" \/>\n<meta property=\"og:type\" content=\"article\" \/>\n<meta property=\"og:title\" content=\"SEICAR | FACIAL MOLDEX 7000 | Pi\u00e8ce faciale\" \/>\n<meta property=\"og:description\" content=\"FACIAL MOLDEX 7000 | Pi\u00e8ce faciale | PROTECTION ET HYGI\u00c8NE | PROTECTION RESPIRATOIRE | REF: MAM7002 | SEICAR\" \/>\n<meta property=\"og:url\" content=\"https:\/\/arekson.com\/fr\/producto\/facial-moldex-7000-piece-faciale\/\" \/>\n<meta property=\"og:site_name\" content=\"Arekson Group\" \/>\n<meta property=\"article:modified_time\" content=\"2023-06-12T10:50:12+00:00\" \/>\n<meta property=\"og:image\" content=\"https:\/\/arekson.com\/wp-content\/uploads\/2022\/05\/NAM7002.jpg\" \/>\n\t<meta property=\"og:image:width\" content=\"800\" \/>\n\t<meta property=\"og:image:height\" content=\"800\" \/>\n\t<meta property=\"og:image:type\" content=\"image\/jpeg\" \/>\n<meta name=\"twitter:card\" content=\"summary_large_image\" \/>\n<script type=\"application\/ld+json\" class=\"yoast-schema-graph\">{\"@context\":\"https:\/\/schema.org\",\"@graph\":[{\"@type\":\"WebPage\",\"@id\":\"https:\/\/arekson.com\/fr\/producto\/facial-moldex-7000-piece-faciale\/\",\"url\":\"https:\/\/arekson.com\/fr\/producto\/facial-moldex-7000-piece-faciale\/\",\"name\":\"SEICAR | FACIAL MOLDEX 7000 | Pi\u00e8ce faciale\",\"isPartOf\":{\"@id\":\"https:\/\/arekson.com\/fr\/#website\"},\"primaryImageOfPage\":{\"@id\":\"https:\/\/arekson.com\/fr\/producto\/facial-moldex-7000-piece-faciale\/#primaryimage\"},\"image\":{\"@id\":\"https:\/\/arekson.com\/fr\/producto\/facial-moldex-7000-piece-faciale\/#primaryimage\"},\"thumbnailUrl\":\"https:\/\/arekson.com\/wp-content\/uploads\/2022\/05\/NAM7002.jpg\",\"datePublished\":\"2022-06-03T16:14:06+00:00\",\"dateModified\":\"2023-06-12T10:50:12+00:00\",\"description\":\"FACIAL MOLDEX 7000 | Pi\u00e8ce faciale | PROTECTION ET HYGI\u00c8NE | PROTECTION RESPIRATOIRE | REF: MAM7002 | SEICAR\",\"breadcrumb\":{\"@id\":\"https:\/\/arekson.com\/fr\/producto\/facial-moldex-7000-piece-faciale\/#breadcrumb\"},\"inLanguage\":\"fr-FR\",\"potentialAction\":[{\"@type\":\"ReadAction\",\"target\":[\"https:\/\/arekson.com\/fr\/producto\/facial-moldex-7000-piece-faciale\/\"]}]},{\"@type\":\"ImageObject\",\"inLanguage\":\"fr-FR\",\"@id\":\"https:\/\/arekson.com\/fr\/producto\/facial-moldex-7000-piece-faciale\/#primaryimage\",\"url\":\"https:\/\/arekson.com\/wp-content\/uploads\/2022\/05\/NAM7002.jpg\",\"contentUrl\":\"https:\/\/arekson.com\/wp-content\/uploads\/2022\/05\/NAM7002.jpg\",\"width\":800,\"height\":800},{\"@type\":\"BreadcrumbList\",\"@id\":\"https:\/\/arekson.com\/fr\/producto\/facial-moldex-7000-piece-faciale\/#breadcrumb\",\"itemListElement\":[{\"@type\":\"ListItem\",\"position\":1,\"name\":\"Home\",\"item\":\"https:\/\/arekson.com\/fr\/\"},{\"@type\":\"ListItem\",\"position\":2,\"name\":\"Produits\",\"item\":\"https:\/\/arekson.com\/fr\/shop\/\"},{\"@type\":\"ListItem\",\"position\":3,\"name\":\"FACIAL MOLDEX 7000 Pi\u00e8ce faciale\"}]},{\"@type\":\"WebSite\",\"@id\":\"https:\/\/arekson.com\/fr\/#website\",\"url\":\"https:\/\/arekson.com\/fr\/\",\"name\":\"Arekson Group\",\"description\":\"Marcas Referentes del Automovil Profesional\",\"publisher\":{\"@id\":\"https:\/\/arekson.com\/fr\/#organization\"},\"potentialAction\":[{\"@type\":\"SearchAction\",\"target\":{\"@type\":\"EntryPoint\",\"urlTemplate\":\"https:\/\/arekson.com\/fr\/?s={search_term_string}\"},\"query-input\":{\"@type\":\"PropertyValueSpecification\",\"valueRequired\":true,\"valueName\":\"search_term_string\"}}],\"inLanguage\":\"fr-FR\"},{\"@type\":\"Organization\",\"@id\":\"https:\/\/arekson.com\/fr\/#organization\",\"name\":\"Arekson Group\",\"url\":\"https:\/\/arekson.com\/fr\/\",\"logo\":{\"@type\":\"ImageObject\",\"inLanguage\":\"fr-FR\",\"@id\":\"https:\/\/arekson.com\/fr\/#\/schema\/logo\/image\/\",\"url\":\"https:\/\/arekson.com\/wp-content\/uploads\/2022\/06\/Arekson-Group-Logo-Gris.jpg\",\"contentUrl\":\"https:\/\/arekson.com\/wp-content\/uploads\/2022\/06\/Arekson-Group-Logo-Gris.jpg\",\"width\":174,\"height\":72,\"caption\":\"Arekson Group\"},\"image\":{\"@id\":\"https:\/\/arekson.com\/fr\/#\/schema\/logo\/image\/\"}}]}<\/script>\n<!-- \/ Yoast SEO plugin. -->","yoast_head_json":{"title":"SEICAR | FACIAL MOLDEX 7000 | Pi\u00e8ce faciale","description":"FACIAL MOLDEX 7000 | Pi\u00e8ce faciale | PROTECTION ET HYGI\u00c8NE | PROTECTION RESPIRATOIRE | REF: MAM7002 | SEICAR","robots":{"index":"index","follow":"follow","max-snippet":"max-snippet:-1","max-image-preview":"max-image-preview:large","max-video-preview":"max-video-preview:-1"},"canonical":"https:\/\/arekson.com\/fr\/producto\/facial-moldex-7000-piece-faciale\/","og_locale":"fr_FR","og_type":"article","og_title":"SEICAR | FACIAL MOLDEX 7000 | Pi\u00e8ce faciale","og_description":"FACIAL MOLDEX 7000 | Pi\u00e8ce faciale | PROTECTION ET HYGI\u00c8NE | PROTECTION RESPIRATOIRE | REF: MAM7002 | SEICAR","og_url":"https:\/\/arekson.com\/fr\/producto\/facial-moldex-7000-piece-faciale\/","og_site_name":"Arekson Group","article_modified_time":"2023-06-12T10:50:12+00:00","og_image":[{"width":800,"height":800,"url":"https:\/\/arekson.com\/wp-content\/uploads\/2022\/05\/NAM7002.jpg","type":"image\/jpeg"}],"twitter_card":"summary_large_image","schema":{"@context":"https:\/\/schema.org","@graph":[{"@type":"WebPage","@id":"https:\/\/arekson.com\/fr\/producto\/facial-moldex-7000-piece-faciale\/","url":"https:\/\/arekson.com\/fr\/producto\/facial-moldex-7000-piece-faciale\/","name":"SEICAR | FACIAL MOLDEX 7000 | Pi\u00e8ce faciale","isPartOf":{"@id":"https:\/\/arekson.com\/fr\/#website"},"primaryImageOfPage":{"@id":"https:\/\/arekson.com\/fr\/producto\/facial-moldex-7000-piece-faciale\/#primaryimage"},"image":{"@id":"https:\/\/arekson.com\/fr\/producto\/facial-moldex-7000-piece-faciale\/#primaryimage"},"thumbnailUrl":"https:\/\/arekson.com\/wp-content\/uploads\/2022\/05\/NAM7002.jpg","datePublished":"2022-06-03T16:14:06+00:00","dateModified":"2023-06-12T10:50:12+00:00","description":"FACIAL MOLDEX 7000 | Pi\u00e8ce faciale | PROTECTION ET HYGI\u00c8NE | PROTECTION RESPIRATOIRE | REF: MAM7002 | SEICAR","breadcrumb":{"@id":"https:\/\/arekson.com\/fr\/producto\/facial-moldex-7000-piece-faciale\/#breadcrumb"},"inLanguage":"fr-FR","potentialAction":[{"@type":"ReadAction","target":["https:\/\/arekson.com\/fr\/producto\/facial-moldex-7000-piece-faciale\/"]}]},{"@type":"ImageObject","inLanguage":"fr-FR","@id":"https:\/\/arekson.com\/fr\/producto\/facial-moldex-7000-piece-faciale\/#primaryimage","url":"https:\/\/arekson.com\/wp-content\/uploads\/2022\/05\/NAM7002.jpg","contentUrl":"https:\/\/arekson.com\/wp-content\/uploads\/2022\/05\/NAM7002.jpg","width":800,"height":800},{"@type":"BreadcrumbList","@id":"https:\/\/arekson.com\/fr\/producto\/facial-moldex-7000-piece-faciale\/#breadcrumb","itemListElement":[{"@type":"ListItem","position":1,"name":"Home","item":"https:\/\/arekson.com\/fr\/"},{"@type":"ListItem","position":2,"name":"Produits","item":"https:\/\/arekson.com\/fr\/shop\/"},{"@type":"ListItem","position":3,"name":"FACIAL MOLDEX 7000 Pi\u00e8ce faciale"}]},{"@type":"WebSite","@id":"https:\/\/arekson.com\/fr\/#website","url":"https:\/\/arekson.com\/fr\/","name":"Arekson Group","description":"Marcas Referentes del Automovil Profesional","publisher":{"@id":"https:\/\/arekson.com\/fr\/#organization"},"potentialAction":[{"@type":"SearchAction","target":{"@type":"EntryPoint","urlTemplate":"https:\/\/arekson.com\/fr\/?s={search_term_string}"},"query-input":{"@type":"PropertyValueSpecification","valueRequired":true,"valueName":"search_term_string"}}],"inLanguage":"fr-FR"},{"@type":"Organization","@id":"https:\/\/arekson.com\/fr\/#organization","name":"Arekson Group","url":"https:\/\/arekson.com\/fr\/","logo":{"@type":"ImageObject","inLanguage":"fr-FR","@id":"https:\/\/arekson.com\/fr\/#\/schema\/logo\/image\/","url":"https:\/\/arekson.com\/wp-content\/uploads\/2022\/06\/Arekson-Group-Logo-Gris.jpg","contentUrl":"https:\/\/arekson.com\/wp-content\/uploads\/2022\/06\/Arekson-Group-Logo-Gris.jpg","width":174,"height":72,"caption":"Arekson Group"},"image":{"@id":"https:\/\/arekson.com\/fr\/#\/schema\/logo\/image\/"}}]}},"_links":{"self":[{"href":"https:\/\/arekson.com\/fr\/wp-json\/wp\/v2\/product\/18945","targetHints":{"allow":["GET"]}}],"collection":[{"href":"https:\/\/arekson.com\/fr\/wp-json\/wp\/v2\/product"}],"about":[{"href":"https:\/\/arekson.com\/fr\/wp-json\/wp\/v2\/types\/product"}],"wp:featuredmedia":[{"embeddable":true,"href":"https:\/\/arekson.com\/fr\/wp-json\/wp\/v2\/media\/6466"}],"wp:attachment":[{"href":"https:\/\/arekson.com\/fr\/wp-json\/wp\/v2\/media?parent=18945"}],"wp:term":[{"taxonomy":"product_brand","embeddable":true,"href":"https:\/\/arekson.com\/fr\/wp-json\/wp\/v2\/product_brand?post=18945"},{"taxonomy":"product_cat","embeddable":true,"href":"https:\/\/arekson.com\/fr\/wp-json\/wp\/v2\/product_cat?post=18945"},{"taxonomy":"product_tag","embeddable":true,"href":"https:\/\/arekson.com\/fr\/wp-json\/wp\/v2\/product_tag?post=18945"}],"curies":[{"name":"wp","href":"https:\/\/api.w.org\/{rel}","templated":true}]}}