{"id":18939,"date":"2022-06-03T18:14:02","date_gmt":"2022-06-03T16:14:02","guid":{"rendered":"https:\/\/arekson.com\/producto\/mask-moldex-compact-5120-ffa1p2-rd-piece-faciale-disposable-2\/"},"modified":"2023-06-12T12:51:08","modified_gmt":"2023-06-12T10:51:08","slug":"mask-moldex-compact-5120-ffa1p2-rd-piece-faciale-disposable-2","status":"publish","type":"product","link":"https:\/\/arekson.com\/fr\/producto\/mask-moldex-compact-5120-ffa1p2-rd-piece-faciale-disposable-2\/","title":{"rendered":"<strong><span class=\"nom-corto\">MASK MOLDEX COMPACT 5120 FFA1P2 RD <\/span><\/strong><br><span class=\"nom-largo\">Pi\u00e8ce faciale disposable<\/span>"},"content":{"rendered":"<p style=\"text-align: right;\"><a class=\"boton-ficha\" href=\"https:\/\/arekson.com\/wp-content\/uploads\/2023\/06\/MAM5120-CARACTERISTICAS-30042014_FR.pdf\" target=\"_blank\" rel=\"noopener\">D\u00e9tails Techniques<\/a> <\/p>\n","protected":false},"excerpt":{"rendered":"<p>Protection contre les gaz, les vapeurs et les particules FFA1P2 RD. Confortable et simple. Filtres  int\u00e9gr\u00e9 offrant un large champ de vision. Tr\u00e8s l\u00e9g\u00e8re  Avec ajustement du nez FlexFit, une taille est uniquement n\u00e9cessaire. Filtration pli\u00e9e avec double surface du filtre respiration plus facile. Pas n\u00e9cessit\u00e9de de pr\u00e9-filtres.<\/p>\n","protected":false},"featured_media":6349,"template":"","meta":{"_et_pb_use_builder":"","_et_pb_old_content":"","_et_gb_content_width":""},"product_brand":[],"product_cat":[1201,1219,370],"product_tag":[],"class_list":{"0":"post-18939","1":"product","2":"type-product","3":"status-publish","4":"has-post-thumbnail","6":"product_cat-protection-et-hygiene","7":"product_cat-protection-respiratoire","8":"product_cat-seicar-fr","9":"pa_seicar-fr-ref-mam5120-gris-clair-sachet-1-unite","11":"first","12":"outofstock","13":"purchasable","14":"product-type-variable"},"yoast_head":"<!-- This site is optimized with the Yoast SEO plugin v27.2 - https:\/\/yoast.com\/product\/yoast-seo-wordpress\/ -->\n<title>SEICAR | MASK MOLDEX COMPACT 5120 FFA1P2 RD | Pi\u00e8ce faciale disposable<\/title>\n<meta name=\"description\" content=\"MASK MOLDEX COMPACT 5120 FFA1P2 RD | Pi\u00e8ce faciale disposable | PROTECTION ET HYGI\u00c8NE | PROTECTION RESPIRATOIRE | REF: MAM5120 | SEICAR\" \/>\n<meta name=\"robots\" content=\"index, follow, max-snippet:-1, max-image-preview:large, max-video-preview:-1\" \/>\n<link rel=\"canonical\" href=\"https:\/\/arekson.com\/fr\/producto\/mask-moldex-compact-5120-ffa1p2-rd-piece-faciale-disposable-2\/\" \/>\n<meta property=\"og:locale\" content=\"fr_FR\" \/>\n<meta property=\"og:type\" content=\"article\" \/>\n<meta property=\"og:title\" content=\"SEICAR | MASK MOLDEX COMPACT 5120 FFA1P2 RD | Pi\u00e8ce faciale disposable\" \/>\n<meta property=\"og:description\" content=\"MASK MOLDEX COMPACT 5120 FFA1P2 RD | Pi\u00e8ce faciale disposable | PROTECTION ET HYGI\u00c8NE | PROTECTION RESPIRATOIRE | REF: MAM5120 | SEICAR\" \/>\n<meta property=\"og:url\" content=\"https:\/\/arekson.com\/fr\/producto\/mask-moldex-compact-5120-ffa1p2-rd-piece-faciale-disposable-2\/\" \/>\n<meta property=\"og:site_name\" content=\"Arekson Group\" \/>\n<meta property=\"article:modified_time\" content=\"2023-06-12T10:51:08+00:00\" \/>\n<meta property=\"og:image\" content=\"https:\/\/arekson.com\/wp-content\/uploads\/2022\/05\/MAM5120.jpg\" \/>\n\t<meta property=\"og:image:width\" content=\"800\" \/>\n\t<meta property=\"og:image:height\" content=\"800\" \/>\n\t<meta property=\"og:image:type\" content=\"image\/jpeg\" \/>\n<meta name=\"twitter:card\" content=\"summary_large_image\" \/>\n<script type=\"application\/ld+json\" class=\"yoast-schema-graph\">{\"@context\":\"https:\/\/schema.org\",\"@graph\":[{\"@type\":\"WebPage\",\"@id\":\"https:\/\/arekson.com\/fr\/producto\/mask-moldex-compact-5120-ffa1p2-rd-piece-faciale-disposable-2\/\",\"url\":\"https:\/\/arekson.com\/fr\/producto\/mask-moldex-compact-5120-ffa1p2-rd-piece-faciale-disposable-2\/\",\"name\":\"SEICAR | MASK MOLDEX COMPACT 5120 FFA1P2 RD | Pi\u00e8ce faciale disposable\",\"isPartOf\":{\"@id\":\"https:\/\/arekson.com\/fr\/#website\"},\"primaryImageOfPage\":{\"@id\":\"https:\/\/arekson.com\/fr\/producto\/mask-moldex-compact-5120-ffa1p2-rd-piece-faciale-disposable-2\/#primaryimage\"},\"image\":{\"@id\":\"https:\/\/arekson.com\/fr\/producto\/mask-moldex-compact-5120-ffa1p2-rd-piece-faciale-disposable-2\/#primaryimage\"},\"thumbnailUrl\":\"https:\/\/arekson.com\/wp-content\/uploads\/2022\/05\/MAM5120.jpg\",\"datePublished\":\"2022-06-03T16:14:02+00:00\",\"dateModified\":\"2023-06-12T10:51:08+00:00\",\"description\":\"MASK MOLDEX COMPACT 5120 FFA1P2 RD | Pi\u00e8ce faciale disposable | PROTECTION ET HYGI\u00c8NE | PROTECTION RESPIRATOIRE | REF: MAM5120 | SEICAR\",\"breadcrumb\":{\"@id\":\"https:\/\/arekson.com\/fr\/producto\/mask-moldex-compact-5120-ffa1p2-rd-piece-faciale-disposable-2\/#breadcrumb\"},\"inLanguage\":\"fr-FR\",\"potentialAction\":[{\"@type\":\"ReadAction\",\"target\":[\"https:\/\/arekson.com\/fr\/producto\/mask-moldex-compact-5120-ffa1p2-rd-piece-faciale-disposable-2\/\"]}]},{\"@type\":\"ImageObject\",\"inLanguage\":\"fr-FR\",\"@id\":\"https:\/\/arekson.com\/fr\/producto\/mask-moldex-compact-5120-ffa1p2-rd-piece-faciale-disposable-2\/#primaryimage\",\"url\":\"https:\/\/arekson.com\/wp-content\/uploads\/2022\/05\/MAM5120.jpg\",\"contentUrl\":\"https:\/\/arekson.com\/wp-content\/uploads\/2022\/05\/MAM5120.jpg\",\"width\":800,\"height\":800},{\"@type\":\"BreadcrumbList\",\"@id\":\"https:\/\/arekson.com\/fr\/producto\/mask-moldex-compact-5120-ffa1p2-rd-piece-faciale-disposable-2\/#breadcrumb\",\"itemListElement\":[{\"@type\":\"ListItem\",\"position\":1,\"name\":\"Home\",\"item\":\"https:\/\/arekson.com\/fr\/\"},{\"@type\":\"ListItem\",\"position\":2,\"name\":\"Produits\",\"item\":\"https:\/\/arekson.com\/fr\/shop\/\"},{\"@type\":\"ListItem\",\"position\":3,\"name\":\"MASK MOLDEX COMPACT 5120 FFA1P2 RD Pi\u00e8ce faciale disposable\"}]},{\"@type\":\"WebSite\",\"@id\":\"https:\/\/arekson.com\/fr\/#website\",\"url\":\"https:\/\/arekson.com\/fr\/\",\"name\":\"Arekson Group\",\"description\":\"Marcas Referentes del Automovil Profesional\",\"publisher\":{\"@id\":\"https:\/\/arekson.com\/fr\/#organization\"},\"potentialAction\":[{\"@type\":\"SearchAction\",\"target\":{\"@type\":\"EntryPoint\",\"urlTemplate\":\"https:\/\/arekson.com\/fr\/?s={search_term_string}\"},\"query-input\":{\"@type\":\"PropertyValueSpecification\",\"valueRequired\":true,\"valueName\":\"search_term_string\"}}],\"inLanguage\":\"fr-FR\"},{\"@type\":\"Organization\",\"@id\":\"https:\/\/arekson.com\/fr\/#organization\",\"name\":\"Arekson Group\",\"url\":\"https:\/\/arekson.com\/fr\/\",\"logo\":{\"@type\":\"ImageObject\",\"inLanguage\":\"fr-FR\",\"@id\":\"https:\/\/arekson.com\/fr\/#\/schema\/logo\/image\/\",\"url\":\"https:\/\/arekson.com\/wp-content\/uploads\/2022\/06\/Arekson-Group-Logo-Gris.jpg\",\"contentUrl\":\"https:\/\/arekson.com\/wp-content\/uploads\/2022\/06\/Arekson-Group-Logo-Gris.jpg\",\"width\":174,\"height\":72,\"caption\":\"Arekson Group\"},\"image\":{\"@id\":\"https:\/\/arekson.com\/fr\/#\/schema\/logo\/image\/\"}}]}<\/script>\n<!-- \/ Yoast SEO plugin. -->","yoast_head_json":{"title":"SEICAR | MASK MOLDEX COMPACT 5120 FFA1P2 RD | Pi\u00e8ce faciale disposable","description":"MASK MOLDEX COMPACT 5120 FFA1P2 RD | Pi\u00e8ce faciale disposable | PROTECTION ET HYGI\u00c8NE | PROTECTION RESPIRATOIRE | REF: MAM5120 | SEICAR","robots":{"index":"index","follow":"follow","max-snippet":"max-snippet:-1","max-image-preview":"max-image-preview:large","max-video-preview":"max-video-preview:-1"},"canonical":"https:\/\/arekson.com\/fr\/producto\/mask-moldex-compact-5120-ffa1p2-rd-piece-faciale-disposable-2\/","og_locale":"fr_FR","og_type":"article","og_title":"SEICAR | MASK MOLDEX COMPACT 5120 FFA1P2 RD | Pi\u00e8ce faciale disposable","og_description":"MASK MOLDEX COMPACT 5120 FFA1P2 RD | Pi\u00e8ce faciale disposable | PROTECTION ET HYGI\u00c8NE | PROTECTION RESPIRATOIRE | REF: MAM5120 | SEICAR","og_url":"https:\/\/arekson.com\/fr\/producto\/mask-moldex-compact-5120-ffa1p2-rd-piece-faciale-disposable-2\/","og_site_name":"Arekson Group","article_modified_time":"2023-06-12T10:51:08+00:00","og_image":[{"width":800,"height":800,"url":"https:\/\/arekson.com\/wp-content\/uploads\/2022\/05\/MAM5120.jpg","type":"image\/jpeg"}],"twitter_card":"summary_large_image","schema":{"@context":"https:\/\/schema.org","@graph":[{"@type":"WebPage","@id":"https:\/\/arekson.com\/fr\/producto\/mask-moldex-compact-5120-ffa1p2-rd-piece-faciale-disposable-2\/","url":"https:\/\/arekson.com\/fr\/producto\/mask-moldex-compact-5120-ffa1p2-rd-piece-faciale-disposable-2\/","name":"SEICAR | MASK MOLDEX COMPACT 5120 FFA1P2 RD | Pi\u00e8ce faciale disposable","isPartOf":{"@id":"https:\/\/arekson.com\/fr\/#website"},"primaryImageOfPage":{"@id":"https:\/\/arekson.com\/fr\/producto\/mask-moldex-compact-5120-ffa1p2-rd-piece-faciale-disposable-2\/#primaryimage"},"image":{"@id":"https:\/\/arekson.com\/fr\/producto\/mask-moldex-compact-5120-ffa1p2-rd-piece-faciale-disposable-2\/#primaryimage"},"thumbnailUrl":"https:\/\/arekson.com\/wp-content\/uploads\/2022\/05\/MAM5120.jpg","datePublished":"2022-06-03T16:14:02+00:00","dateModified":"2023-06-12T10:51:08+00:00","description":"MASK MOLDEX COMPACT 5120 FFA1P2 RD | Pi\u00e8ce faciale disposable | PROTECTION ET HYGI\u00c8NE | PROTECTION RESPIRATOIRE | REF: MAM5120 | SEICAR","breadcrumb":{"@id":"https:\/\/arekson.com\/fr\/producto\/mask-moldex-compact-5120-ffa1p2-rd-piece-faciale-disposable-2\/#breadcrumb"},"inLanguage":"fr-FR","potentialAction":[{"@type":"ReadAction","target":["https:\/\/arekson.com\/fr\/producto\/mask-moldex-compact-5120-ffa1p2-rd-piece-faciale-disposable-2\/"]}]},{"@type":"ImageObject","inLanguage":"fr-FR","@id":"https:\/\/arekson.com\/fr\/producto\/mask-moldex-compact-5120-ffa1p2-rd-piece-faciale-disposable-2\/#primaryimage","url":"https:\/\/arekson.com\/wp-content\/uploads\/2022\/05\/MAM5120.jpg","contentUrl":"https:\/\/arekson.com\/wp-content\/uploads\/2022\/05\/MAM5120.jpg","width":800,"height":800},{"@type":"BreadcrumbList","@id":"https:\/\/arekson.com\/fr\/producto\/mask-moldex-compact-5120-ffa1p2-rd-piece-faciale-disposable-2\/#breadcrumb","itemListElement":[{"@type":"ListItem","position":1,"name":"Home","item":"https:\/\/arekson.com\/fr\/"},{"@type":"ListItem","position":2,"name":"Produits","item":"https:\/\/arekson.com\/fr\/shop\/"},{"@type":"ListItem","position":3,"name":"MASK MOLDEX COMPACT 5120 FFA1P2 RD Pi\u00e8ce faciale disposable"}]},{"@type":"WebSite","@id":"https:\/\/arekson.com\/fr\/#website","url":"https:\/\/arekson.com\/fr\/","name":"Arekson Group","description":"Marcas Referentes del Automovil Profesional","publisher":{"@id":"https:\/\/arekson.com\/fr\/#organization"},"potentialAction":[{"@type":"SearchAction","target":{"@type":"EntryPoint","urlTemplate":"https:\/\/arekson.com\/fr\/?s={search_term_string}"},"query-input":{"@type":"PropertyValueSpecification","valueRequired":true,"valueName":"search_term_string"}}],"inLanguage":"fr-FR"},{"@type":"Organization","@id":"https:\/\/arekson.com\/fr\/#organization","name":"Arekson Group","url":"https:\/\/arekson.com\/fr\/","logo":{"@type":"ImageObject","inLanguage":"fr-FR","@id":"https:\/\/arekson.com\/fr\/#\/schema\/logo\/image\/","url":"https:\/\/arekson.com\/wp-content\/uploads\/2022\/06\/Arekson-Group-Logo-Gris.jpg","contentUrl":"https:\/\/arekson.com\/wp-content\/uploads\/2022\/06\/Arekson-Group-Logo-Gris.jpg","width":174,"height":72,"caption":"Arekson Group"},"image":{"@id":"https:\/\/arekson.com\/fr\/#\/schema\/logo\/image\/"}}]}},"_links":{"self":[{"href":"https:\/\/arekson.com\/fr\/wp-json\/wp\/v2\/product\/18939","targetHints":{"allow":["GET"]}}],"collection":[{"href":"https:\/\/arekson.com\/fr\/wp-json\/wp\/v2\/product"}],"about":[{"href":"https:\/\/arekson.com\/fr\/wp-json\/wp\/v2\/types\/product"}],"wp:featuredmedia":[{"embeddable":true,"href":"https:\/\/arekson.com\/fr\/wp-json\/wp\/v2\/media\/6349"}],"wp:attachment":[{"href":"https:\/\/arekson.com\/fr\/wp-json\/wp\/v2\/media?parent=18939"}],"wp:term":[{"taxonomy":"product_brand","embeddable":true,"href":"https:\/\/arekson.com\/fr\/wp-json\/wp\/v2\/product_brand?post=18939"},{"taxonomy":"product_cat","embeddable":true,"href":"https:\/\/arekson.com\/fr\/wp-json\/wp\/v2\/product_cat?post=18939"},{"taxonomy":"product_tag","embeddable":true,"href":"https:\/\/arekson.com\/fr\/wp-json\/wp\/v2\/product_tag?post=18939"}],"curies":[{"name":"wp","href":"https:\/\/api.w.org\/{rel}","templated":true}]}}