{"id":18913,"date":"2022-06-03T18:13:54","date_gmt":"2022-06-03T16:13:54","guid":{"rendered":"https:\/\/arekson.com\/producto\/kit-speed-dryer-ventury-2-gun-kit-de-sechage-ventury-pour-peinture-a-leau\/"},"modified":"2022-06-15T16:26:45","modified_gmt":"2022-06-15T14:26:45","slug":"kit-speed-dryer-ventury-2-gun-kit-de-sechage-ventury-pour-peinture-a-leau","status":"publish","type":"product","link":"https:\/\/arekson.com\/fr\/producto\/kit-speed-dryer-ventury-2-gun-kit-de-sechage-ventury-pour-peinture-a-leau\/","title":{"rendered":"<strong><span class=\"nom-corto\">KIT SPEED DRYER VENTURY 2 GUN <\/span><\/strong><br><span class=\"nom-largo\">Kit de S\u00e8chage Ventury pour peinture a l&rsquo;eau<\/span>"},"content":{"rendered":"","protected":false},"excerpt":{"rendered":"<p>Syst\u00e8me  vraiment adapt\u00e9es \u00e0 toutes les utilisations Hauteur 2250 mm Longueur 1250 mm. Les deux bras support coulisse sur toute la hauteur et sur toute la longueur. C\u2019est le premier syst\u00e8me que l\u2019on peut utiliser en angle. L\u2019embase a une excellente stabilit\u00e9 y compris sur les grilles ou caillebotis des cabines.<\/p>\n","protected":false},"featured_media":6967,"template":"","meta":{"_et_pb_use_builder":"","_et_pb_old_content":"","_et_gb_content_width":""},"product_brand":[],"product_cat":[1123,1153,1149,370],"product_tag":[],"class_list":{"0":"post-18913","1":"product","2":"type-product","3":"status-publish","4":"has-post-thumbnail","6":"product_cat-auxiliaires","7":"product_cat-pistolets-a-peinture-et-pieces-de-rechange","8":"product_cat-pistolets-et-accessoires","9":"product_cat-seicar-fr","10":"pa_seicar-fr-ref-svbk01-boite-1250-x-2250-mm-1-unite","12":"first","13":"outofstock","14":"purchasable","15":"product-type-variable"},"yoast_head":"<!-- This site is optimized with the Yoast SEO plugin v27.2 - https:\/\/yoast.com\/product\/yoast-seo-wordpress\/ -->\n<title>SEICAR | KIT SPEED DRYER VENTURY 2 GUN | Kit de S\u00e8chage Ventury pour peinture a l&#039;eau<\/title>\n<meta name=\"description\" content=\"KIT SPEED DRYER VENTURY 2 GUN | Kit de S\u00e8chage Ventury pour peinture a l&#039;eau | ARTICLES AUXILIAIRES | PISTOLETS ET ACCESSOIRES | REF: SVBK01 | SEICAR\" \/>\n<meta name=\"robots\" content=\"index, follow, max-snippet:-1, max-image-preview:large, max-video-preview:-1\" \/>\n<link rel=\"canonical\" href=\"https:\/\/arekson.com\/fr\/producto\/kit-speed-dryer-ventury-2-gun-kit-de-sechage-ventury-pour-peinture-a-leau\/\" \/>\n<meta property=\"og:locale\" content=\"fr_FR\" \/>\n<meta property=\"og:type\" content=\"article\" \/>\n<meta property=\"og:title\" content=\"SEICAR | KIT SPEED DRYER VENTURY 2 GUN | Kit de S\u00e8chage Ventury pour peinture a l&#039;eau\" \/>\n<meta property=\"og:description\" content=\"KIT SPEED DRYER VENTURY 2 GUN | Kit de S\u00e8chage Ventury pour peinture a l&#039;eau | ARTICLES AUXILIAIRES | PISTOLETS ET ACCESSOIRES | REF: SVBK01 | SEICAR\" \/>\n<meta property=\"og:url\" content=\"https:\/\/arekson.com\/fr\/producto\/kit-speed-dryer-ventury-2-gun-kit-de-sechage-ventury-pour-peinture-a-leau\/\" \/>\n<meta property=\"og:site_name\" content=\"Arekson Group\" \/>\n<meta property=\"article:modified_time\" content=\"2022-06-15T14:26:45+00:00\" \/>\n<meta property=\"og:image\" content=\"https:\/\/arekson.com\/wp-content\/uploads\/2022\/05\/SVBK01.jpg\" \/>\n\t<meta property=\"og:image:width\" content=\"800\" \/>\n\t<meta property=\"og:image:height\" content=\"800\" \/>\n\t<meta property=\"og:image:type\" content=\"image\/jpeg\" \/>\n<meta name=\"twitter:card\" content=\"summary_large_image\" \/>\n<script type=\"application\/ld+json\" class=\"yoast-schema-graph\">{\"@context\":\"https:\/\/schema.org\",\"@graph\":[{\"@type\":\"WebPage\",\"@id\":\"https:\/\/arekson.com\/fr\/producto\/kit-speed-dryer-ventury-2-gun-kit-de-sechage-ventury-pour-peinture-a-leau\/\",\"url\":\"https:\/\/arekson.com\/fr\/producto\/kit-speed-dryer-ventury-2-gun-kit-de-sechage-ventury-pour-peinture-a-leau\/\",\"name\":\"SEICAR | KIT SPEED DRYER VENTURY 2 GUN | Kit de S\u00e8chage Ventury pour peinture a l'eau\",\"isPartOf\":{\"@id\":\"https:\/\/arekson.com\/fr\/#website\"},\"primaryImageOfPage\":{\"@id\":\"https:\/\/arekson.com\/fr\/producto\/kit-speed-dryer-ventury-2-gun-kit-de-sechage-ventury-pour-peinture-a-leau\/#primaryimage\"},\"image\":{\"@id\":\"https:\/\/arekson.com\/fr\/producto\/kit-speed-dryer-ventury-2-gun-kit-de-sechage-ventury-pour-peinture-a-leau\/#primaryimage\"},\"thumbnailUrl\":\"https:\/\/arekson.com\/wp-content\/uploads\/2022\/05\/SVBK01.jpg\",\"datePublished\":\"2022-06-03T16:13:54+00:00\",\"dateModified\":\"2022-06-15T14:26:45+00:00\",\"description\":\"KIT SPEED DRYER VENTURY 2 GUN | Kit de S\u00e8chage Ventury pour peinture a l'eau | ARTICLES AUXILIAIRES | PISTOLETS ET ACCESSOIRES | REF: SVBK01 | SEICAR\",\"breadcrumb\":{\"@id\":\"https:\/\/arekson.com\/fr\/producto\/kit-speed-dryer-ventury-2-gun-kit-de-sechage-ventury-pour-peinture-a-leau\/#breadcrumb\"},\"inLanguage\":\"fr-FR\",\"potentialAction\":[{\"@type\":\"ReadAction\",\"target\":[\"https:\/\/arekson.com\/fr\/producto\/kit-speed-dryer-ventury-2-gun-kit-de-sechage-ventury-pour-peinture-a-leau\/\"]}]},{\"@type\":\"ImageObject\",\"inLanguage\":\"fr-FR\",\"@id\":\"https:\/\/arekson.com\/fr\/producto\/kit-speed-dryer-ventury-2-gun-kit-de-sechage-ventury-pour-peinture-a-leau\/#primaryimage\",\"url\":\"https:\/\/arekson.com\/wp-content\/uploads\/2022\/05\/SVBK01.jpg\",\"contentUrl\":\"https:\/\/arekson.com\/wp-content\/uploads\/2022\/05\/SVBK01.jpg\",\"width\":800,\"height\":800},{\"@type\":\"BreadcrumbList\",\"@id\":\"https:\/\/arekson.com\/fr\/producto\/kit-speed-dryer-ventury-2-gun-kit-de-sechage-ventury-pour-peinture-a-leau\/#breadcrumb\",\"itemListElement\":[{\"@type\":\"ListItem\",\"position\":1,\"name\":\"Home\",\"item\":\"https:\/\/arekson.com\/fr\/\"},{\"@type\":\"ListItem\",\"position\":2,\"name\":\"Produits\",\"item\":\"https:\/\/arekson.com\/fr\/shop\/\"},{\"@type\":\"ListItem\",\"position\":3,\"name\":\"KIT SPEED DRYER VENTURY 2 GUN Kit de S\u00e8chage Ventury pour peinture a l&#8217;eau\"}]},{\"@type\":\"WebSite\",\"@id\":\"https:\/\/arekson.com\/fr\/#website\",\"url\":\"https:\/\/arekson.com\/fr\/\",\"name\":\"Arekson Group\",\"description\":\"Marcas Referentes del Automovil Profesional\",\"publisher\":{\"@id\":\"https:\/\/arekson.com\/fr\/#organization\"},\"potentialAction\":[{\"@type\":\"SearchAction\",\"target\":{\"@type\":\"EntryPoint\",\"urlTemplate\":\"https:\/\/arekson.com\/fr\/?s={search_term_string}\"},\"query-input\":{\"@type\":\"PropertyValueSpecification\",\"valueRequired\":true,\"valueName\":\"search_term_string\"}}],\"inLanguage\":\"fr-FR\"},{\"@type\":\"Organization\",\"@id\":\"https:\/\/arekson.com\/fr\/#organization\",\"name\":\"Arekson Group\",\"url\":\"https:\/\/arekson.com\/fr\/\",\"logo\":{\"@type\":\"ImageObject\",\"inLanguage\":\"fr-FR\",\"@id\":\"https:\/\/arekson.com\/fr\/#\/schema\/logo\/image\/\",\"url\":\"https:\/\/arekson.com\/wp-content\/uploads\/2022\/06\/Arekson-Group-Logo-Gris.jpg\",\"contentUrl\":\"https:\/\/arekson.com\/wp-content\/uploads\/2022\/06\/Arekson-Group-Logo-Gris.jpg\",\"width\":174,\"height\":72,\"caption\":\"Arekson Group\"},\"image\":{\"@id\":\"https:\/\/arekson.com\/fr\/#\/schema\/logo\/image\/\"}}]}<\/script>\n<!-- \/ Yoast SEO plugin. -->","yoast_head_json":{"title":"SEICAR | KIT SPEED DRYER VENTURY 2 GUN | Kit de S\u00e8chage Ventury pour peinture a l'eau","description":"KIT SPEED DRYER VENTURY 2 GUN | Kit de S\u00e8chage Ventury pour peinture a l'eau | ARTICLES AUXILIAIRES | PISTOLETS ET ACCESSOIRES | REF: SVBK01 | SEICAR","robots":{"index":"index","follow":"follow","max-snippet":"max-snippet:-1","max-image-preview":"max-image-preview:large","max-video-preview":"max-video-preview:-1"},"canonical":"https:\/\/arekson.com\/fr\/producto\/kit-speed-dryer-ventury-2-gun-kit-de-sechage-ventury-pour-peinture-a-leau\/","og_locale":"fr_FR","og_type":"article","og_title":"SEICAR | KIT SPEED DRYER VENTURY 2 GUN | Kit de S\u00e8chage Ventury pour peinture a l'eau","og_description":"KIT SPEED DRYER VENTURY 2 GUN | Kit de S\u00e8chage Ventury pour peinture a l'eau | ARTICLES AUXILIAIRES | PISTOLETS ET ACCESSOIRES | REF: SVBK01 | SEICAR","og_url":"https:\/\/arekson.com\/fr\/producto\/kit-speed-dryer-ventury-2-gun-kit-de-sechage-ventury-pour-peinture-a-leau\/","og_site_name":"Arekson Group","article_modified_time":"2022-06-15T14:26:45+00:00","og_image":[{"width":800,"height":800,"url":"https:\/\/arekson.com\/wp-content\/uploads\/2022\/05\/SVBK01.jpg","type":"image\/jpeg"}],"twitter_card":"summary_large_image","schema":{"@context":"https:\/\/schema.org","@graph":[{"@type":"WebPage","@id":"https:\/\/arekson.com\/fr\/producto\/kit-speed-dryer-ventury-2-gun-kit-de-sechage-ventury-pour-peinture-a-leau\/","url":"https:\/\/arekson.com\/fr\/producto\/kit-speed-dryer-ventury-2-gun-kit-de-sechage-ventury-pour-peinture-a-leau\/","name":"SEICAR | KIT SPEED DRYER VENTURY 2 GUN | Kit de S\u00e8chage Ventury pour peinture a l'eau","isPartOf":{"@id":"https:\/\/arekson.com\/fr\/#website"},"primaryImageOfPage":{"@id":"https:\/\/arekson.com\/fr\/producto\/kit-speed-dryer-ventury-2-gun-kit-de-sechage-ventury-pour-peinture-a-leau\/#primaryimage"},"image":{"@id":"https:\/\/arekson.com\/fr\/producto\/kit-speed-dryer-ventury-2-gun-kit-de-sechage-ventury-pour-peinture-a-leau\/#primaryimage"},"thumbnailUrl":"https:\/\/arekson.com\/wp-content\/uploads\/2022\/05\/SVBK01.jpg","datePublished":"2022-06-03T16:13:54+00:00","dateModified":"2022-06-15T14:26:45+00:00","description":"KIT SPEED DRYER VENTURY 2 GUN | Kit de S\u00e8chage Ventury pour peinture a l'eau | ARTICLES AUXILIAIRES | PISTOLETS ET ACCESSOIRES | REF: SVBK01 | SEICAR","breadcrumb":{"@id":"https:\/\/arekson.com\/fr\/producto\/kit-speed-dryer-ventury-2-gun-kit-de-sechage-ventury-pour-peinture-a-leau\/#breadcrumb"},"inLanguage":"fr-FR","potentialAction":[{"@type":"ReadAction","target":["https:\/\/arekson.com\/fr\/producto\/kit-speed-dryer-ventury-2-gun-kit-de-sechage-ventury-pour-peinture-a-leau\/"]}]},{"@type":"ImageObject","inLanguage":"fr-FR","@id":"https:\/\/arekson.com\/fr\/producto\/kit-speed-dryer-ventury-2-gun-kit-de-sechage-ventury-pour-peinture-a-leau\/#primaryimage","url":"https:\/\/arekson.com\/wp-content\/uploads\/2022\/05\/SVBK01.jpg","contentUrl":"https:\/\/arekson.com\/wp-content\/uploads\/2022\/05\/SVBK01.jpg","width":800,"height":800},{"@type":"BreadcrumbList","@id":"https:\/\/arekson.com\/fr\/producto\/kit-speed-dryer-ventury-2-gun-kit-de-sechage-ventury-pour-peinture-a-leau\/#breadcrumb","itemListElement":[{"@type":"ListItem","position":1,"name":"Home","item":"https:\/\/arekson.com\/fr\/"},{"@type":"ListItem","position":2,"name":"Produits","item":"https:\/\/arekson.com\/fr\/shop\/"},{"@type":"ListItem","position":3,"name":"KIT SPEED DRYER VENTURY 2 GUN Kit de S\u00e8chage Ventury pour peinture a l&#8217;eau"}]},{"@type":"WebSite","@id":"https:\/\/arekson.com\/fr\/#website","url":"https:\/\/arekson.com\/fr\/","name":"Arekson Group","description":"Marcas Referentes del Automovil Profesional","publisher":{"@id":"https:\/\/arekson.com\/fr\/#organization"},"potentialAction":[{"@type":"SearchAction","target":{"@type":"EntryPoint","urlTemplate":"https:\/\/arekson.com\/fr\/?s={search_term_string}"},"query-input":{"@type":"PropertyValueSpecification","valueRequired":true,"valueName":"search_term_string"}}],"inLanguage":"fr-FR"},{"@type":"Organization","@id":"https:\/\/arekson.com\/fr\/#organization","name":"Arekson Group","url":"https:\/\/arekson.com\/fr\/","logo":{"@type":"ImageObject","inLanguage":"fr-FR","@id":"https:\/\/arekson.com\/fr\/#\/schema\/logo\/image\/","url":"https:\/\/arekson.com\/wp-content\/uploads\/2022\/06\/Arekson-Group-Logo-Gris.jpg","contentUrl":"https:\/\/arekson.com\/wp-content\/uploads\/2022\/06\/Arekson-Group-Logo-Gris.jpg","width":174,"height":72,"caption":"Arekson Group"},"image":{"@id":"https:\/\/arekson.com\/fr\/#\/schema\/logo\/image\/"}}]}},"_links":{"self":[{"href":"https:\/\/arekson.com\/fr\/wp-json\/wp\/v2\/product\/18913","targetHints":{"allow":["GET"]}}],"collection":[{"href":"https:\/\/arekson.com\/fr\/wp-json\/wp\/v2\/product"}],"about":[{"href":"https:\/\/arekson.com\/fr\/wp-json\/wp\/v2\/types\/product"}],"wp:featuredmedia":[{"embeddable":true,"href":"https:\/\/arekson.com\/fr\/wp-json\/wp\/v2\/media\/6967"}],"wp:attachment":[{"href":"https:\/\/arekson.com\/fr\/wp-json\/wp\/v2\/media?parent=18913"}],"wp:term":[{"taxonomy":"product_brand","embeddable":true,"href":"https:\/\/arekson.com\/fr\/wp-json\/wp\/v2\/product_brand?post=18913"},{"taxonomy":"product_cat","embeddable":true,"href":"https:\/\/arekson.com\/fr\/wp-json\/wp\/v2\/product_cat?post=18913"},{"taxonomy":"product_tag","embeddable":true,"href":"https:\/\/arekson.com\/fr\/wp-json\/wp\/v2\/product_tag?post=18913"}],"curies":[{"name":"wp","href":"https:\/\/api.w.org\/{rel}","templated":true}]}}