{"id":18760,"date":"2022-06-03T18:12:42","date_gmt":"2022-06-03T16:12:42","guid":{"rendered":"https:\/\/arekson.com\/producto\/dust-tip-kit-aiguille-pour-enlever-la-poussiere-avec-etui\/"},"modified":"2022-06-15T16:22:55","modified_gmt":"2022-06-15T14:22:55","slug":"dust-tip-kit-aiguille-pour-enlever-la-poussiere-avec-etui","status":"publish","type":"product","link":"https:\/\/arekson.com\/fr\/producto\/dust-tip-kit-aiguille-pour-enlever-la-poussiere-avec-etui\/","title":{"rendered":"<strong><span class=\"nom-corto\">DUST-TIP KIT <\/span><\/strong><br><span class=\"nom-largo\">Aiguille pour enlever la poussi\u00e8re avec \u00e9tui<\/span>"},"content":{"rendered":"","protected":false},"excerpt":{"rendered":"<p>Aiguille en acier souple avec pointe \u00e0 structure sp\u00e9ciale pour enlever la poussi\u00e8re, les poils et les insectes se trouvant sur les peintures fra\u00eeches. Avec un \u00e9tui de protection qui facilite le nettoyage de l&rsquo;aiguille.<\/p>\n","protected":false},"featured_media":6793,"template":"","meta":{"_et_pb_use_builder":"","_et_pb_old_content":"","_et_gb_content_width":""},"product_brand":[],"product_cat":[1123,1169,1157,370],"product_tag":[],"class_list":{"0":"post-18760","1":"product","2":"type-product","3":"status-publish","4":"has-post-thumbnail","6":"product_cat-auxiliaires","7":"product_cat-outillage-de-finition","8":"product_cat-outillage-et-consommables","9":"product_cat-seicar-fr","10":"pa_seicar-fr-ref-qm0001-sachet-6-unites","12":"first","13":"outofstock","14":"purchasable","15":"product-type-variable"},"yoast_head":"<!-- This site is optimized with the Yoast SEO plugin v27.2 - https:\/\/yoast.com\/product\/yoast-seo-wordpress\/ -->\n<title>SEICAR | DUST-TIP KIT | Aiguille pour enlever la poussi\u00e8re avec \u00e9tui<\/title>\n<meta name=\"description\" content=\"DUST-TIP KIT | Aiguille pour enlever la poussi\u00e8re avec \u00e9tui | ARTICLES AUXILIAIRES | OUTILLAGE ET CONSOMMABLES | REF: QM0001 | SEICAR\" \/>\n<meta name=\"robots\" content=\"index, follow, max-snippet:-1, max-image-preview:large, max-video-preview:-1\" \/>\n<link rel=\"canonical\" href=\"https:\/\/arekson.com\/fr\/producto\/dust-tip-kit-aiguille-pour-enlever-la-poussiere-avec-etui\/\" \/>\n<meta property=\"og:locale\" content=\"fr_FR\" \/>\n<meta property=\"og:type\" content=\"article\" \/>\n<meta property=\"og:title\" content=\"SEICAR | DUST-TIP KIT | Aiguille pour enlever la poussi\u00e8re avec \u00e9tui\" \/>\n<meta property=\"og:description\" content=\"DUST-TIP KIT | Aiguille pour enlever la poussi\u00e8re avec \u00e9tui | ARTICLES AUXILIAIRES | OUTILLAGE ET CONSOMMABLES | REF: QM0001 | SEICAR\" \/>\n<meta property=\"og:url\" content=\"https:\/\/arekson.com\/fr\/producto\/dust-tip-kit-aiguille-pour-enlever-la-poussiere-avec-etui\/\" \/>\n<meta property=\"og:site_name\" content=\"Arekson Group\" \/>\n<meta property=\"article:modified_time\" content=\"2022-06-15T14:22:55+00:00\" \/>\n<meta property=\"og:image\" content=\"https:\/\/arekson.com\/wp-content\/uploads\/2022\/05\/QM0001.jpg\" \/>\n\t<meta property=\"og:image:width\" content=\"800\" \/>\n\t<meta property=\"og:image:height\" content=\"800\" \/>\n\t<meta property=\"og:image:type\" content=\"image\/jpeg\" \/>\n<meta name=\"twitter:card\" content=\"summary_large_image\" \/>\n<script type=\"application\/ld+json\" class=\"yoast-schema-graph\">{\"@context\":\"https:\/\/schema.org\",\"@graph\":[{\"@type\":\"WebPage\",\"@id\":\"https:\/\/arekson.com\/fr\/producto\/dust-tip-kit-aiguille-pour-enlever-la-poussiere-avec-etui\/\",\"url\":\"https:\/\/arekson.com\/fr\/producto\/dust-tip-kit-aiguille-pour-enlever-la-poussiere-avec-etui\/\",\"name\":\"SEICAR | DUST-TIP KIT | Aiguille pour enlever la poussi\u00e8re avec \u00e9tui\",\"isPartOf\":{\"@id\":\"https:\/\/arekson.com\/fr\/#website\"},\"primaryImageOfPage\":{\"@id\":\"https:\/\/arekson.com\/fr\/producto\/dust-tip-kit-aiguille-pour-enlever-la-poussiere-avec-etui\/#primaryimage\"},\"image\":{\"@id\":\"https:\/\/arekson.com\/fr\/producto\/dust-tip-kit-aiguille-pour-enlever-la-poussiere-avec-etui\/#primaryimage\"},\"thumbnailUrl\":\"https:\/\/arekson.com\/wp-content\/uploads\/2022\/05\/QM0001.jpg\",\"datePublished\":\"2022-06-03T16:12:42+00:00\",\"dateModified\":\"2022-06-15T14:22:55+00:00\",\"description\":\"DUST-TIP KIT | Aiguille pour enlever la poussi\u00e8re avec \u00e9tui | ARTICLES AUXILIAIRES | OUTILLAGE ET CONSOMMABLES | REF: QM0001 | SEICAR\",\"breadcrumb\":{\"@id\":\"https:\/\/arekson.com\/fr\/producto\/dust-tip-kit-aiguille-pour-enlever-la-poussiere-avec-etui\/#breadcrumb\"},\"inLanguage\":\"fr-FR\",\"potentialAction\":[{\"@type\":\"ReadAction\",\"target\":[\"https:\/\/arekson.com\/fr\/producto\/dust-tip-kit-aiguille-pour-enlever-la-poussiere-avec-etui\/\"]}]},{\"@type\":\"ImageObject\",\"inLanguage\":\"fr-FR\",\"@id\":\"https:\/\/arekson.com\/fr\/producto\/dust-tip-kit-aiguille-pour-enlever-la-poussiere-avec-etui\/#primaryimage\",\"url\":\"https:\/\/arekson.com\/wp-content\/uploads\/2022\/05\/QM0001.jpg\",\"contentUrl\":\"https:\/\/arekson.com\/wp-content\/uploads\/2022\/05\/QM0001.jpg\",\"width\":800,\"height\":800},{\"@type\":\"BreadcrumbList\",\"@id\":\"https:\/\/arekson.com\/fr\/producto\/dust-tip-kit-aiguille-pour-enlever-la-poussiere-avec-etui\/#breadcrumb\",\"itemListElement\":[{\"@type\":\"ListItem\",\"position\":1,\"name\":\"Home\",\"item\":\"https:\/\/arekson.com\/fr\/\"},{\"@type\":\"ListItem\",\"position\":2,\"name\":\"Produits\",\"item\":\"https:\/\/arekson.com\/fr\/shop\/\"},{\"@type\":\"ListItem\",\"position\":3,\"name\":\"DUST-TIP KIT Aiguille pour enlever la poussi\u00e8re avec \u00e9tui\"}]},{\"@type\":\"WebSite\",\"@id\":\"https:\/\/arekson.com\/fr\/#website\",\"url\":\"https:\/\/arekson.com\/fr\/\",\"name\":\"Arekson Group\",\"description\":\"Marcas Referentes del Automovil Profesional\",\"publisher\":{\"@id\":\"https:\/\/arekson.com\/fr\/#organization\"},\"potentialAction\":[{\"@type\":\"SearchAction\",\"target\":{\"@type\":\"EntryPoint\",\"urlTemplate\":\"https:\/\/arekson.com\/fr\/?s={search_term_string}\"},\"query-input\":{\"@type\":\"PropertyValueSpecification\",\"valueRequired\":true,\"valueName\":\"search_term_string\"}}],\"inLanguage\":\"fr-FR\"},{\"@type\":\"Organization\",\"@id\":\"https:\/\/arekson.com\/fr\/#organization\",\"name\":\"Arekson Group\",\"url\":\"https:\/\/arekson.com\/fr\/\",\"logo\":{\"@type\":\"ImageObject\",\"inLanguage\":\"fr-FR\",\"@id\":\"https:\/\/arekson.com\/fr\/#\/schema\/logo\/image\/\",\"url\":\"https:\/\/arekson.com\/wp-content\/uploads\/2022\/06\/Arekson-Group-Logo-Gris.jpg\",\"contentUrl\":\"https:\/\/arekson.com\/wp-content\/uploads\/2022\/06\/Arekson-Group-Logo-Gris.jpg\",\"width\":174,\"height\":72,\"caption\":\"Arekson Group\"},\"image\":{\"@id\":\"https:\/\/arekson.com\/fr\/#\/schema\/logo\/image\/\"}}]}<\/script>\n<!-- \/ Yoast SEO plugin. -->","yoast_head_json":{"title":"SEICAR | DUST-TIP KIT | Aiguille pour enlever la poussi\u00e8re avec \u00e9tui","description":"DUST-TIP KIT | Aiguille pour enlever la poussi\u00e8re avec \u00e9tui | ARTICLES AUXILIAIRES | OUTILLAGE ET CONSOMMABLES | REF: QM0001 | SEICAR","robots":{"index":"index","follow":"follow","max-snippet":"max-snippet:-1","max-image-preview":"max-image-preview:large","max-video-preview":"max-video-preview:-1"},"canonical":"https:\/\/arekson.com\/fr\/producto\/dust-tip-kit-aiguille-pour-enlever-la-poussiere-avec-etui\/","og_locale":"fr_FR","og_type":"article","og_title":"SEICAR | DUST-TIP KIT | Aiguille pour enlever la poussi\u00e8re avec \u00e9tui","og_description":"DUST-TIP KIT | Aiguille pour enlever la poussi\u00e8re avec \u00e9tui | ARTICLES AUXILIAIRES | OUTILLAGE ET CONSOMMABLES | REF: QM0001 | SEICAR","og_url":"https:\/\/arekson.com\/fr\/producto\/dust-tip-kit-aiguille-pour-enlever-la-poussiere-avec-etui\/","og_site_name":"Arekson Group","article_modified_time":"2022-06-15T14:22:55+00:00","og_image":[{"width":800,"height":800,"url":"https:\/\/arekson.com\/wp-content\/uploads\/2022\/05\/QM0001.jpg","type":"image\/jpeg"}],"twitter_card":"summary_large_image","schema":{"@context":"https:\/\/schema.org","@graph":[{"@type":"WebPage","@id":"https:\/\/arekson.com\/fr\/producto\/dust-tip-kit-aiguille-pour-enlever-la-poussiere-avec-etui\/","url":"https:\/\/arekson.com\/fr\/producto\/dust-tip-kit-aiguille-pour-enlever-la-poussiere-avec-etui\/","name":"SEICAR | DUST-TIP KIT | Aiguille pour enlever la poussi\u00e8re avec \u00e9tui","isPartOf":{"@id":"https:\/\/arekson.com\/fr\/#website"},"primaryImageOfPage":{"@id":"https:\/\/arekson.com\/fr\/producto\/dust-tip-kit-aiguille-pour-enlever-la-poussiere-avec-etui\/#primaryimage"},"image":{"@id":"https:\/\/arekson.com\/fr\/producto\/dust-tip-kit-aiguille-pour-enlever-la-poussiere-avec-etui\/#primaryimage"},"thumbnailUrl":"https:\/\/arekson.com\/wp-content\/uploads\/2022\/05\/QM0001.jpg","datePublished":"2022-06-03T16:12:42+00:00","dateModified":"2022-06-15T14:22:55+00:00","description":"DUST-TIP KIT | Aiguille pour enlever la poussi\u00e8re avec \u00e9tui | ARTICLES AUXILIAIRES | OUTILLAGE ET CONSOMMABLES | REF: QM0001 | SEICAR","breadcrumb":{"@id":"https:\/\/arekson.com\/fr\/producto\/dust-tip-kit-aiguille-pour-enlever-la-poussiere-avec-etui\/#breadcrumb"},"inLanguage":"fr-FR","potentialAction":[{"@type":"ReadAction","target":["https:\/\/arekson.com\/fr\/producto\/dust-tip-kit-aiguille-pour-enlever-la-poussiere-avec-etui\/"]}]},{"@type":"ImageObject","inLanguage":"fr-FR","@id":"https:\/\/arekson.com\/fr\/producto\/dust-tip-kit-aiguille-pour-enlever-la-poussiere-avec-etui\/#primaryimage","url":"https:\/\/arekson.com\/wp-content\/uploads\/2022\/05\/QM0001.jpg","contentUrl":"https:\/\/arekson.com\/wp-content\/uploads\/2022\/05\/QM0001.jpg","width":800,"height":800},{"@type":"BreadcrumbList","@id":"https:\/\/arekson.com\/fr\/producto\/dust-tip-kit-aiguille-pour-enlever-la-poussiere-avec-etui\/#breadcrumb","itemListElement":[{"@type":"ListItem","position":1,"name":"Home","item":"https:\/\/arekson.com\/fr\/"},{"@type":"ListItem","position":2,"name":"Produits","item":"https:\/\/arekson.com\/fr\/shop\/"},{"@type":"ListItem","position":3,"name":"DUST-TIP KIT Aiguille pour enlever la poussi\u00e8re avec \u00e9tui"}]},{"@type":"WebSite","@id":"https:\/\/arekson.com\/fr\/#website","url":"https:\/\/arekson.com\/fr\/","name":"Arekson Group","description":"Marcas Referentes del Automovil Profesional","publisher":{"@id":"https:\/\/arekson.com\/fr\/#organization"},"potentialAction":[{"@type":"SearchAction","target":{"@type":"EntryPoint","urlTemplate":"https:\/\/arekson.com\/fr\/?s={search_term_string}"},"query-input":{"@type":"PropertyValueSpecification","valueRequired":true,"valueName":"search_term_string"}}],"inLanguage":"fr-FR"},{"@type":"Organization","@id":"https:\/\/arekson.com\/fr\/#organization","name":"Arekson Group","url":"https:\/\/arekson.com\/fr\/","logo":{"@type":"ImageObject","inLanguage":"fr-FR","@id":"https:\/\/arekson.com\/fr\/#\/schema\/logo\/image\/","url":"https:\/\/arekson.com\/wp-content\/uploads\/2022\/06\/Arekson-Group-Logo-Gris.jpg","contentUrl":"https:\/\/arekson.com\/wp-content\/uploads\/2022\/06\/Arekson-Group-Logo-Gris.jpg","width":174,"height":72,"caption":"Arekson Group"},"image":{"@id":"https:\/\/arekson.com\/fr\/#\/schema\/logo\/image\/"}}]}},"_links":{"self":[{"href":"https:\/\/arekson.com\/fr\/wp-json\/wp\/v2\/product\/18760","targetHints":{"allow":["GET"]}}],"collection":[{"href":"https:\/\/arekson.com\/fr\/wp-json\/wp\/v2\/product"}],"about":[{"href":"https:\/\/arekson.com\/fr\/wp-json\/wp\/v2\/types\/product"}],"wp:featuredmedia":[{"embeddable":true,"href":"https:\/\/arekson.com\/fr\/wp-json\/wp\/v2\/media\/6793"}],"wp:attachment":[{"href":"https:\/\/arekson.com\/fr\/wp-json\/wp\/v2\/media?parent=18760"}],"wp:term":[{"taxonomy":"product_brand","embeddable":true,"href":"https:\/\/arekson.com\/fr\/wp-json\/wp\/v2\/product_brand?post=18760"},{"taxonomy":"product_cat","embeddable":true,"href":"https:\/\/arekson.com\/fr\/wp-json\/wp\/v2\/product_cat?post=18760"},{"taxonomy":"product_tag","embeddable":true,"href":"https:\/\/arekson.com\/fr\/wp-json\/wp\/v2\/product_tag?post=18760"}],"curies":[{"name":"wp","href":"https:\/\/api.w.org\/{rel}","templated":true}]}}