{"id":18736,"date":"2022-06-03T18:12:34","date_gmt":"2022-06-03T16:12:34","guid":{"rendered":"https:\/\/arekson.com\/producto\/paint-cup-white-lid-seau-a-peinture-avec-anse-couvercle\/"},"modified":"2022-06-15T16:22:21","modified_gmt":"2022-06-15T14:22:21","slug":"paint-cup-white-lid-seau-a-peinture-avec-anse-couvercle","status":"publish","type":"product","link":"https:\/\/arekson.com\/fr\/producto\/paint-cup-white-lid-seau-a-peinture-avec-anse-couvercle\/","title":{"rendered":"<strong><span class=\"nom-corto\">PAINT CUP + WHITE LID <\/span><\/strong><br><span class=\"nom-largo\">Seau \u00e0 peinture avec anse + couvercle<\/span>"},"content":{"rendered":"","protected":false},"excerpt":{"rendered":"<p>Seau en plastique de grande taille avec anse pour la pr\u00e9paration de peinture et la cr\u00e9ation de couleur. Totalement transparent. Couvercle \u00e0 fermeture herm\u00e9tique.  Bonne stabilit\u00e9 et tr\u00e8s r\u00e9sistant. Peuvent \u00eatre empil\u00e9s ;  occupation minimale de l&rsquo;espace. Parfaits pour peintures \u00e0 base d&rsquo;eau et \u00e0 base de solvant. Jetable.<\/p>\n","protected":false},"featured_media":7144,"template":"","meta":{"_et_pb_use_builder":"","_et_pb_old_content":"","_et_gb_content_width":""},"product_brand":[],"product_cat":[1123,1173,1157,370],"product_tag":[],"class_list":{"0":"post-18736","1":"product","2":"type-product","3":"status-publish","4":"has-post-thumbnail","6":"product_cat-auxiliaires","7":"product_cat-gobelets","8":"product_cat-outillage-et-consommables","9":"product_cat-seicar-fr","10":"pa_seicar-fr-ref-vmg505-transparent-boite-55-lt-36-unites","12":"first","13":"outofstock","14":"purchasable","15":"product-type-variable"},"yoast_head":"<!-- This site is optimized with the Yoast SEO plugin v27.2 - https:\/\/yoast.com\/product\/yoast-seo-wordpress\/ -->\n<title>SEICAR | PAINT CUP + WHITE LID | Seau \u00e0 peinture avec anse + couvercle<\/title>\n<meta name=\"description\" content=\"PAINT CUP + WHITE LID | Seau \u00e0 peinture avec anse + couvercle | ARTICLES AUXILIAIRES | OUTILLAGE ET CONSOMMABLES | REF: VMG505 | SEICAR\" \/>\n<meta name=\"robots\" content=\"index, follow, max-snippet:-1, max-image-preview:large, max-video-preview:-1\" \/>\n<link rel=\"canonical\" href=\"https:\/\/arekson.com\/fr\/producto\/paint-cup-white-lid-seau-a-peinture-avec-anse-couvercle\/\" \/>\n<meta property=\"og:locale\" content=\"fr_FR\" \/>\n<meta property=\"og:type\" content=\"article\" \/>\n<meta property=\"og:title\" content=\"SEICAR | PAINT CUP + WHITE LID | Seau \u00e0 peinture avec anse + couvercle\" \/>\n<meta property=\"og:description\" content=\"PAINT CUP + WHITE LID | Seau \u00e0 peinture avec anse + couvercle | ARTICLES AUXILIAIRES | OUTILLAGE ET CONSOMMABLES | REF: VMG505 | SEICAR\" \/>\n<meta property=\"og:url\" content=\"https:\/\/arekson.com\/fr\/producto\/paint-cup-white-lid-seau-a-peinture-avec-anse-couvercle\/\" \/>\n<meta property=\"og:site_name\" content=\"Arekson Group\" \/>\n<meta property=\"article:modified_time\" content=\"2022-06-15T14:22:21+00:00\" \/>\n<meta property=\"og:image\" content=\"https:\/\/arekson.com\/wp-content\/uploads\/2022\/05\/VMG500.jpg\" \/>\n\t<meta property=\"og:image:width\" content=\"800\" \/>\n\t<meta property=\"og:image:height\" content=\"800\" \/>\n\t<meta property=\"og:image:type\" content=\"image\/jpeg\" \/>\n<meta name=\"twitter:card\" content=\"summary_large_image\" \/>\n<script type=\"application\/ld+json\" class=\"yoast-schema-graph\">{\"@context\":\"https:\/\/schema.org\",\"@graph\":[{\"@type\":\"WebPage\",\"@id\":\"https:\/\/arekson.com\/fr\/producto\/paint-cup-white-lid-seau-a-peinture-avec-anse-couvercle\/\",\"url\":\"https:\/\/arekson.com\/fr\/producto\/paint-cup-white-lid-seau-a-peinture-avec-anse-couvercle\/\",\"name\":\"SEICAR | PAINT CUP + WHITE LID | Seau \u00e0 peinture avec anse + couvercle\",\"isPartOf\":{\"@id\":\"https:\/\/arekson.com\/fr\/#website\"},\"primaryImageOfPage\":{\"@id\":\"https:\/\/arekson.com\/fr\/producto\/paint-cup-white-lid-seau-a-peinture-avec-anse-couvercle\/#primaryimage\"},\"image\":{\"@id\":\"https:\/\/arekson.com\/fr\/producto\/paint-cup-white-lid-seau-a-peinture-avec-anse-couvercle\/#primaryimage\"},\"thumbnailUrl\":\"https:\/\/arekson.com\/wp-content\/uploads\/2022\/05\/VMG500.jpg\",\"datePublished\":\"2022-06-03T16:12:34+00:00\",\"dateModified\":\"2022-06-15T14:22:21+00:00\",\"description\":\"PAINT CUP + WHITE LID | Seau \u00e0 peinture avec anse + couvercle | ARTICLES AUXILIAIRES | OUTILLAGE ET CONSOMMABLES | REF: VMG505 | SEICAR\",\"breadcrumb\":{\"@id\":\"https:\/\/arekson.com\/fr\/producto\/paint-cup-white-lid-seau-a-peinture-avec-anse-couvercle\/#breadcrumb\"},\"inLanguage\":\"fr-FR\",\"potentialAction\":[{\"@type\":\"ReadAction\",\"target\":[\"https:\/\/arekson.com\/fr\/producto\/paint-cup-white-lid-seau-a-peinture-avec-anse-couvercle\/\"]}]},{\"@type\":\"ImageObject\",\"inLanguage\":\"fr-FR\",\"@id\":\"https:\/\/arekson.com\/fr\/producto\/paint-cup-white-lid-seau-a-peinture-avec-anse-couvercle\/#primaryimage\",\"url\":\"https:\/\/arekson.com\/wp-content\/uploads\/2022\/05\/VMG500.jpg\",\"contentUrl\":\"https:\/\/arekson.com\/wp-content\/uploads\/2022\/05\/VMG500.jpg\",\"width\":800,\"height\":800},{\"@type\":\"BreadcrumbList\",\"@id\":\"https:\/\/arekson.com\/fr\/producto\/paint-cup-white-lid-seau-a-peinture-avec-anse-couvercle\/#breadcrumb\",\"itemListElement\":[{\"@type\":\"ListItem\",\"position\":1,\"name\":\"Home\",\"item\":\"https:\/\/arekson.com\/fr\/\"},{\"@type\":\"ListItem\",\"position\":2,\"name\":\"Produits\",\"item\":\"https:\/\/arekson.com\/fr\/shop\/\"},{\"@type\":\"ListItem\",\"position\":3,\"name\":\"PAINT CUP + WHITE LID Seau \u00e0 peinture avec anse + couvercle\"}]},{\"@type\":\"WebSite\",\"@id\":\"https:\/\/arekson.com\/fr\/#website\",\"url\":\"https:\/\/arekson.com\/fr\/\",\"name\":\"Arekson Group\",\"description\":\"Marcas Referentes del Automovil Profesional\",\"publisher\":{\"@id\":\"https:\/\/arekson.com\/fr\/#organization\"},\"potentialAction\":[{\"@type\":\"SearchAction\",\"target\":{\"@type\":\"EntryPoint\",\"urlTemplate\":\"https:\/\/arekson.com\/fr\/?s={search_term_string}\"},\"query-input\":{\"@type\":\"PropertyValueSpecification\",\"valueRequired\":true,\"valueName\":\"search_term_string\"}}],\"inLanguage\":\"fr-FR\"},{\"@type\":\"Organization\",\"@id\":\"https:\/\/arekson.com\/fr\/#organization\",\"name\":\"Arekson Group\",\"url\":\"https:\/\/arekson.com\/fr\/\",\"logo\":{\"@type\":\"ImageObject\",\"inLanguage\":\"fr-FR\",\"@id\":\"https:\/\/arekson.com\/fr\/#\/schema\/logo\/image\/\",\"url\":\"https:\/\/arekson.com\/wp-content\/uploads\/2022\/06\/Arekson-Group-Logo-Gris.jpg\",\"contentUrl\":\"https:\/\/arekson.com\/wp-content\/uploads\/2022\/06\/Arekson-Group-Logo-Gris.jpg\",\"width\":174,\"height\":72,\"caption\":\"Arekson Group\"},\"image\":{\"@id\":\"https:\/\/arekson.com\/fr\/#\/schema\/logo\/image\/\"}}]}<\/script>\n<!-- \/ Yoast SEO plugin. -->","yoast_head_json":{"title":"SEICAR | PAINT CUP + WHITE LID | Seau \u00e0 peinture avec anse + couvercle","description":"PAINT CUP + WHITE LID | Seau \u00e0 peinture avec anse + couvercle | ARTICLES AUXILIAIRES | OUTILLAGE ET CONSOMMABLES | REF: VMG505 | SEICAR","robots":{"index":"index","follow":"follow","max-snippet":"max-snippet:-1","max-image-preview":"max-image-preview:large","max-video-preview":"max-video-preview:-1"},"canonical":"https:\/\/arekson.com\/fr\/producto\/paint-cup-white-lid-seau-a-peinture-avec-anse-couvercle\/","og_locale":"fr_FR","og_type":"article","og_title":"SEICAR | PAINT CUP + WHITE LID | Seau \u00e0 peinture avec anse + couvercle","og_description":"PAINT CUP + WHITE LID | Seau \u00e0 peinture avec anse + couvercle | ARTICLES AUXILIAIRES | OUTILLAGE ET CONSOMMABLES | REF: VMG505 | SEICAR","og_url":"https:\/\/arekson.com\/fr\/producto\/paint-cup-white-lid-seau-a-peinture-avec-anse-couvercle\/","og_site_name":"Arekson Group","article_modified_time":"2022-06-15T14:22:21+00:00","og_image":[{"width":800,"height":800,"url":"https:\/\/arekson.com\/wp-content\/uploads\/2022\/05\/VMG500.jpg","type":"image\/jpeg"}],"twitter_card":"summary_large_image","schema":{"@context":"https:\/\/schema.org","@graph":[{"@type":"WebPage","@id":"https:\/\/arekson.com\/fr\/producto\/paint-cup-white-lid-seau-a-peinture-avec-anse-couvercle\/","url":"https:\/\/arekson.com\/fr\/producto\/paint-cup-white-lid-seau-a-peinture-avec-anse-couvercle\/","name":"SEICAR | PAINT CUP + WHITE LID | Seau \u00e0 peinture avec anse + couvercle","isPartOf":{"@id":"https:\/\/arekson.com\/fr\/#website"},"primaryImageOfPage":{"@id":"https:\/\/arekson.com\/fr\/producto\/paint-cup-white-lid-seau-a-peinture-avec-anse-couvercle\/#primaryimage"},"image":{"@id":"https:\/\/arekson.com\/fr\/producto\/paint-cup-white-lid-seau-a-peinture-avec-anse-couvercle\/#primaryimage"},"thumbnailUrl":"https:\/\/arekson.com\/wp-content\/uploads\/2022\/05\/VMG500.jpg","datePublished":"2022-06-03T16:12:34+00:00","dateModified":"2022-06-15T14:22:21+00:00","description":"PAINT CUP + WHITE LID | Seau \u00e0 peinture avec anse + couvercle | ARTICLES AUXILIAIRES | OUTILLAGE ET CONSOMMABLES | REF: VMG505 | SEICAR","breadcrumb":{"@id":"https:\/\/arekson.com\/fr\/producto\/paint-cup-white-lid-seau-a-peinture-avec-anse-couvercle\/#breadcrumb"},"inLanguage":"fr-FR","potentialAction":[{"@type":"ReadAction","target":["https:\/\/arekson.com\/fr\/producto\/paint-cup-white-lid-seau-a-peinture-avec-anse-couvercle\/"]}]},{"@type":"ImageObject","inLanguage":"fr-FR","@id":"https:\/\/arekson.com\/fr\/producto\/paint-cup-white-lid-seau-a-peinture-avec-anse-couvercle\/#primaryimage","url":"https:\/\/arekson.com\/wp-content\/uploads\/2022\/05\/VMG500.jpg","contentUrl":"https:\/\/arekson.com\/wp-content\/uploads\/2022\/05\/VMG500.jpg","width":800,"height":800},{"@type":"BreadcrumbList","@id":"https:\/\/arekson.com\/fr\/producto\/paint-cup-white-lid-seau-a-peinture-avec-anse-couvercle\/#breadcrumb","itemListElement":[{"@type":"ListItem","position":1,"name":"Home","item":"https:\/\/arekson.com\/fr\/"},{"@type":"ListItem","position":2,"name":"Produits","item":"https:\/\/arekson.com\/fr\/shop\/"},{"@type":"ListItem","position":3,"name":"PAINT CUP + WHITE LID Seau \u00e0 peinture avec anse + couvercle"}]},{"@type":"WebSite","@id":"https:\/\/arekson.com\/fr\/#website","url":"https:\/\/arekson.com\/fr\/","name":"Arekson Group","description":"Marcas Referentes del Automovil Profesional","publisher":{"@id":"https:\/\/arekson.com\/fr\/#organization"},"potentialAction":[{"@type":"SearchAction","target":{"@type":"EntryPoint","urlTemplate":"https:\/\/arekson.com\/fr\/?s={search_term_string}"},"query-input":{"@type":"PropertyValueSpecification","valueRequired":true,"valueName":"search_term_string"}}],"inLanguage":"fr-FR"},{"@type":"Organization","@id":"https:\/\/arekson.com\/fr\/#organization","name":"Arekson Group","url":"https:\/\/arekson.com\/fr\/","logo":{"@type":"ImageObject","inLanguage":"fr-FR","@id":"https:\/\/arekson.com\/fr\/#\/schema\/logo\/image\/","url":"https:\/\/arekson.com\/wp-content\/uploads\/2022\/06\/Arekson-Group-Logo-Gris.jpg","contentUrl":"https:\/\/arekson.com\/wp-content\/uploads\/2022\/06\/Arekson-Group-Logo-Gris.jpg","width":174,"height":72,"caption":"Arekson Group"},"image":{"@id":"https:\/\/arekson.com\/fr\/#\/schema\/logo\/image\/"}}]}},"_links":{"self":[{"href":"https:\/\/arekson.com\/fr\/wp-json\/wp\/v2\/product\/18736","targetHints":{"allow":["GET"]}}],"collection":[{"href":"https:\/\/arekson.com\/fr\/wp-json\/wp\/v2\/product"}],"about":[{"href":"https:\/\/arekson.com\/fr\/wp-json\/wp\/v2\/types\/product"}],"wp:featuredmedia":[{"embeddable":true,"href":"https:\/\/arekson.com\/fr\/wp-json\/wp\/v2\/media\/7144"}],"wp:attachment":[{"href":"https:\/\/arekson.com\/fr\/wp-json\/wp\/v2\/media?parent=18736"}],"wp:term":[{"taxonomy":"product_brand","embeddable":true,"href":"https:\/\/arekson.com\/fr\/wp-json\/wp\/v2\/product_brand?post=18736"},{"taxonomy":"product_cat","embeddable":true,"href":"https:\/\/arekson.com\/fr\/wp-json\/wp\/v2\/product_cat?post=18736"},{"taxonomy":"product_tag","embeddable":true,"href":"https:\/\/arekson.com\/fr\/wp-json\/wp\/v2\/product_tag?post=18736"}],"curies":[{"name":"wp","href":"https:\/\/api.w.org\/{rel}","templated":true}]}}