{"id":18702,"date":"2022-06-03T18:12:12","date_gmt":"2022-06-03T16:12:12","guid":{"rendered":"https:\/\/arekson.com\/producto\/tack-rag-premium-hydro-tampon-dessuyage-soft\/"},"modified":"2022-06-15T16:21:21","modified_gmt":"2022-06-15T14:21:21","slug":"tack-rag-premium-hydro-tampon-dessuyage-soft","status":"publish","type":"product","link":"https:\/\/arekson.com\/fr\/producto\/tack-rag-premium-hydro-tampon-dessuyage-soft\/","title":{"rendered":"<strong><span class=\"nom-corto\">TACK-RAG PREMIUM HYDRO <\/span><\/strong><br><span class=\"nom-largo\">Tampon d&rsquo;essuyage soft<\/span>"},"content":{"rendered":"","protected":false},"excerpt":{"rendered":"<p>Tampon d&rsquo;essuyage \u00ab\u00a0attrape-poussi\u00e8re\u00a0\u00bb en tissu structur\u00e9 de premi\u00e8re qualit\u00e9 pour mieux attraper la poussi\u00e8re sur les grandes surfaces et pour une meilleure tenue \u00e0 la main. Id\u00e9al avant peintures \u00e0 base de solvant et \u00e0 base d&rsquo;eau. Utilis\u00e9e en premi\u00e8re monte OEM. La plus \u00e9paisse et impr\u00e9gn\u00e9e du march\u00e9 ; doublement efficace. Antistatique sans silicone.<\/p>\n","protected":false},"featured_media":7045,"template":"","meta":{"_et_pb_use_builder":"","_et_pb_old_content":"","_et_gb_content_width":""},"product_brand":[],"product_cat":[1123,1171,1157,370],"product_tag":[],"class_list":{"0":"post-18702","1":"product","2":"type-product","3":"status-publish","4":"has-post-thumbnail","6":"product_cat-auxiliaires","7":"product_cat-outillage-de-reparation","8":"product_cat-outillage-et-consommables","9":"product_cat-seicar-fr","10":"pa_seicar-fr-ref-tra002-sachet-80-x-80-cm-500-unites","12":"first","13":"outofstock","14":"purchasable","15":"product-type-variable"},"yoast_head":"<!-- This site is optimized with the Yoast SEO plugin v27.2 - https:\/\/yoast.com\/product\/yoast-seo-wordpress\/ -->\n<title>SEICAR | TACK-RAG PREMIUM HYDRO | Tampon d&#039;essuyage soft<\/title>\n<meta name=\"description\" content=\"TACK-RAG PREMIUM HYDRO | Tampon d&#039;essuyage soft | ARTICLES AUXILIAIRES | OUTILLAGE ET CONSOMMABLES | REF: TRA002 | SEICAR\" \/>\n<meta name=\"robots\" content=\"index, follow, max-snippet:-1, max-image-preview:large, max-video-preview:-1\" \/>\n<link rel=\"canonical\" href=\"https:\/\/arekson.com\/fr\/producto\/tack-rag-premium-hydro-tampon-dessuyage-soft\/\" \/>\n<meta property=\"og:locale\" content=\"fr_FR\" \/>\n<meta property=\"og:type\" content=\"article\" \/>\n<meta property=\"og:title\" content=\"SEICAR | TACK-RAG PREMIUM HYDRO | Tampon d&#039;essuyage soft\" \/>\n<meta property=\"og:description\" content=\"TACK-RAG PREMIUM HYDRO | Tampon d&#039;essuyage soft | ARTICLES AUXILIAIRES | OUTILLAGE ET CONSOMMABLES | REF: TRA002 | SEICAR\" \/>\n<meta property=\"og:url\" content=\"https:\/\/arekson.com\/fr\/producto\/tack-rag-premium-hydro-tampon-dessuyage-soft\/\" \/>\n<meta property=\"og:site_name\" content=\"Arekson Group\" \/>\n<meta property=\"article:modified_time\" content=\"2022-06-15T14:21:21+00:00\" \/>\n<meta property=\"og:image\" content=\"https:\/\/arekson.com\/wp-content\/uploads\/2022\/05\/TRA002.jpg\" \/>\n\t<meta property=\"og:image:width\" content=\"800\" \/>\n\t<meta property=\"og:image:height\" content=\"800\" \/>\n\t<meta property=\"og:image:type\" content=\"image\/jpeg\" \/>\n<meta name=\"twitter:card\" content=\"summary_large_image\" \/>\n<script type=\"application\/ld+json\" class=\"yoast-schema-graph\">{\"@context\":\"https:\/\/schema.org\",\"@graph\":[{\"@type\":\"WebPage\",\"@id\":\"https:\/\/arekson.com\/fr\/producto\/tack-rag-premium-hydro-tampon-dessuyage-soft\/\",\"url\":\"https:\/\/arekson.com\/fr\/producto\/tack-rag-premium-hydro-tampon-dessuyage-soft\/\",\"name\":\"SEICAR | TACK-RAG PREMIUM HYDRO | Tampon d'essuyage soft\",\"isPartOf\":{\"@id\":\"https:\/\/arekson.com\/fr\/#website\"},\"primaryImageOfPage\":{\"@id\":\"https:\/\/arekson.com\/fr\/producto\/tack-rag-premium-hydro-tampon-dessuyage-soft\/#primaryimage\"},\"image\":{\"@id\":\"https:\/\/arekson.com\/fr\/producto\/tack-rag-premium-hydro-tampon-dessuyage-soft\/#primaryimage\"},\"thumbnailUrl\":\"https:\/\/arekson.com\/wp-content\/uploads\/2022\/05\/TRA002.jpg\",\"datePublished\":\"2022-06-03T16:12:12+00:00\",\"dateModified\":\"2022-06-15T14:21:21+00:00\",\"description\":\"TACK-RAG PREMIUM HYDRO | Tampon d'essuyage soft | ARTICLES AUXILIAIRES | OUTILLAGE ET CONSOMMABLES | REF: TRA002 | SEICAR\",\"breadcrumb\":{\"@id\":\"https:\/\/arekson.com\/fr\/producto\/tack-rag-premium-hydro-tampon-dessuyage-soft\/#breadcrumb\"},\"inLanguage\":\"fr-FR\",\"potentialAction\":[{\"@type\":\"ReadAction\",\"target\":[\"https:\/\/arekson.com\/fr\/producto\/tack-rag-premium-hydro-tampon-dessuyage-soft\/\"]}]},{\"@type\":\"ImageObject\",\"inLanguage\":\"fr-FR\",\"@id\":\"https:\/\/arekson.com\/fr\/producto\/tack-rag-premium-hydro-tampon-dessuyage-soft\/#primaryimage\",\"url\":\"https:\/\/arekson.com\/wp-content\/uploads\/2022\/05\/TRA002.jpg\",\"contentUrl\":\"https:\/\/arekson.com\/wp-content\/uploads\/2022\/05\/TRA002.jpg\",\"width\":800,\"height\":800},{\"@type\":\"BreadcrumbList\",\"@id\":\"https:\/\/arekson.com\/fr\/producto\/tack-rag-premium-hydro-tampon-dessuyage-soft\/#breadcrumb\",\"itemListElement\":[{\"@type\":\"ListItem\",\"position\":1,\"name\":\"Home\",\"item\":\"https:\/\/arekson.com\/fr\/\"},{\"@type\":\"ListItem\",\"position\":2,\"name\":\"Produits\",\"item\":\"https:\/\/arekson.com\/fr\/shop\/\"},{\"@type\":\"ListItem\",\"position\":3,\"name\":\"TACK-RAG PREMIUM HYDRO Tampon d&#8217;essuyage soft\"}]},{\"@type\":\"WebSite\",\"@id\":\"https:\/\/arekson.com\/fr\/#website\",\"url\":\"https:\/\/arekson.com\/fr\/\",\"name\":\"Arekson Group\",\"description\":\"Marcas Referentes del Automovil Profesional\",\"publisher\":{\"@id\":\"https:\/\/arekson.com\/fr\/#organization\"},\"potentialAction\":[{\"@type\":\"SearchAction\",\"target\":{\"@type\":\"EntryPoint\",\"urlTemplate\":\"https:\/\/arekson.com\/fr\/?s={search_term_string}\"},\"query-input\":{\"@type\":\"PropertyValueSpecification\",\"valueRequired\":true,\"valueName\":\"search_term_string\"}}],\"inLanguage\":\"fr-FR\"},{\"@type\":\"Organization\",\"@id\":\"https:\/\/arekson.com\/fr\/#organization\",\"name\":\"Arekson Group\",\"url\":\"https:\/\/arekson.com\/fr\/\",\"logo\":{\"@type\":\"ImageObject\",\"inLanguage\":\"fr-FR\",\"@id\":\"https:\/\/arekson.com\/fr\/#\/schema\/logo\/image\/\",\"url\":\"https:\/\/arekson.com\/wp-content\/uploads\/2022\/06\/Arekson-Group-Logo-Gris.jpg\",\"contentUrl\":\"https:\/\/arekson.com\/wp-content\/uploads\/2022\/06\/Arekson-Group-Logo-Gris.jpg\",\"width\":174,\"height\":72,\"caption\":\"Arekson Group\"},\"image\":{\"@id\":\"https:\/\/arekson.com\/fr\/#\/schema\/logo\/image\/\"}}]}<\/script>\n<!-- \/ Yoast SEO plugin. -->","yoast_head_json":{"title":"SEICAR | TACK-RAG PREMIUM HYDRO | Tampon d'essuyage soft","description":"TACK-RAG PREMIUM HYDRO | Tampon d'essuyage soft | ARTICLES AUXILIAIRES | OUTILLAGE ET CONSOMMABLES | REF: TRA002 | SEICAR","robots":{"index":"index","follow":"follow","max-snippet":"max-snippet:-1","max-image-preview":"max-image-preview:large","max-video-preview":"max-video-preview:-1"},"canonical":"https:\/\/arekson.com\/fr\/producto\/tack-rag-premium-hydro-tampon-dessuyage-soft\/","og_locale":"fr_FR","og_type":"article","og_title":"SEICAR | TACK-RAG PREMIUM HYDRO | Tampon d'essuyage soft","og_description":"TACK-RAG PREMIUM HYDRO | Tampon d'essuyage soft | ARTICLES AUXILIAIRES | OUTILLAGE ET CONSOMMABLES | REF: TRA002 | SEICAR","og_url":"https:\/\/arekson.com\/fr\/producto\/tack-rag-premium-hydro-tampon-dessuyage-soft\/","og_site_name":"Arekson Group","article_modified_time":"2022-06-15T14:21:21+00:00","og_image":[{"width":800,"height":800,"url":"https:\/\/arekson.com\/wp-content\/uploads\/2022\/05\/TRA002.jpg","type":"image\/jpeg"}],"twitter_card":"summary_large_image","schema":{"@context":"https:\/\/schema.org","@graph":[{"@type":"WebPage","@id":"https:\/\/arekson.com\/fr\/producto\/tack-rag-premium-hydro-tampon-dessuyage-soft\/","url":"https:\/\/arekson.com\/fr\/producto\/tack-rag-premium-hydro-tampon-dessuyage-soft\/","name":"SEICAR | TACK-RAG PREMIUM HYDRO | Tampon d'essuyage soft","isPartOf":{"@id":"https:\/\/arekson.com\/fr\/#website"},"primaryImageOfPage":{"@id":"https:\/\/arekson.com\/fr\/producto\/tack-rag-premium-hydro-tampon-dessuyage-soft\/#primaryimage"},"image":{"@id":"https:\/\/arekson.com\/fr\/producto\/tack-rag-premium-hydro-tampon-dessuyage-soft\/#primaryimage"},"thumbnailUrl":"https:\/\/arekson.com\/wp-content\/uploads\/2022\/05\/TRA002.jpg","datePublished":"2022-06-03T16:12:12+00:00","dateModified":"2022-06-15T14:21:21+00:00","description":"TACK-RAG PREMIUM HYDRO | Tampon d'essuyage soft | ARTICLES AUXILIAIRES | OUTILLAGE ET CONSOMMABLES | REF: TRA002 | SEICAR","breadcrumb":{"@id":"https:\/\/arekson.com\/fr\/producto\/tack-rag-premium-hydro-tampon-dessuyage-soft\/#breadcrumb"},"inLanguage":"fr-FR","potentialAction":[{"@type":"ReadAction","target":["https:\/\/arekson.com\/fr\/producto\/tack-rag-premium-hydro-tampon-dessuyage-soft\/"]}]},{"@type":"ImageObject","inLanguage":"fr-FR","@id":"https:\/\/arekson.com\/fr\/producto\/tack-rag-premium-hydro-tampon-dessuyage-soft\/#primaryimage","url":"https:\/\/arekson.com\/wp-content\/uploads\/2022\/05\/TRA002.jpg","contentUrl":"https:\/\/arekson.com\/wp-content\/uploads\/2022\/05\/TRA002.jpg","width":800,"height":800},{"@type":"BreadcrumbList","@id":"https:\/\/arekson.com\/fr\/producto\/tack-rag-premium-hydro-tampon-dessuyage-soft\/#breadcrumb","itemListElement":[{"@type":"ListItem","position":1,"name":"Home","item":"https:\/\/arekson.com\/fr\/"},{"@type":"ListItem","position":2,"name":"Produits","item":"https:\/\/arekson.com\/fr\/shop\/"},{"@type":"ListItem","position":3,"name":"TACK-RAG PREMIUM HYDRO Tampon d&#8217;essuyage soft"}]},{"@type":"WebSite","@id":"https:\/\/arekson.com\/fr\/#website","url":"https:\/\/arekson.com\/fr\/","name":"Arekson Group","description":"Marcas Referentes del Automovil Profesional","publisher":{"@id":"https:\/\/arekson.com\/fr\/#organization"},"potentialAction":[{"@type":"SearchAction","target":{"@type":"EntryPoint","urlTemplate":"https:\/\/arekson.com\/fr\/?s={search_term_string}"},"query-input":{"@type":"PropertyValueSpecification","valueRequired":true,"valueName":"search_term_string"}}],"inLanguage":"fr-FR"},{"@type":"Organization","@id":"https:\/\/arekson.com\/fr\/#organization","name":"Arekson Group","url":"https:\/\/arekson.com\/fr\/","logo":{"@type":"ImageObject","inLanguage":"fr-FR","@id":"https:\/\/arekson.com\/fr\/#\/schema\/logo\/image\/","url":"https:\/\/arekson.com\/wp-content\/uploads\/2022\/06\/Arekson-Group-Logo-Gris.jpg","contentUrl":"https:\/\/arekson.com\/wp-content\/uploads\/2022\/06\/Arekson-Group-Logo-Gris.jpg","width":174,"height":72,"caption":"Arekson Group"},"image":{"@id":"https:\/\/arekson.com\/fr\/#\/schema\/logo\/image\/"}}]}},"_links":{"self":[{"href":"https:\/\/arekson.com\/fr\/wp-json\/wp\/v2\/product\/18702","targetHints":{"allow":["GET"]}}],"collection":[{"href":"https:\/\/arekson.com\/fr\/wp-json\/wp\/v2\/product"}],"about":[{"href":"https:\/\/arekson.com\/fr\/wp-json\/wp\/v2\/types\/product"}],"wp:featuredmedia":[{"embeddable":true,"href":"https:\/\/arekson.com\/fr\/wp-json\/wp\/v2\/media\/7045"}],"wp:attachment":[{"href":"https:\/\/arekson.com\/fr\/wp-json\/wp\/v2\/media?parent=18702"}],"wp:term":[{"taxonomy":"product_brand","embeddable":true,"href":"https:\/\/arekson.com\/fr\/wp-json\/wp\/v2\/product_brand?post=18702"},{"taxonomy":"product_cat","embeddable":true,"href":"https:\/\/arekson.com\/fr\/wp-json\/wp\/v2\/product_cat?post=18702"},{"taxonomy":"product_tag","embeddable":true,"href":"https:\/\/arekson.com\/fr\/wp-json\/wp\/v2\/product_tag?post=18702"}],"curies":[{"name":"wp","href":"https:\/\/api.w.org\/{rel}","templated":true}]}}