{"id":18700,"date":"2022-06-03T18:12:12","date_gmt":"2022-06-03T16:12:12","guid":{"rendered":"https:\/\/arekson.com\/producto\/tack-rag-premium-tampon-dessuyage-universelle\/"},"modified":"2023-06-06T08:43:46","modified_gmt":"2023-06-06T06:43:46","slug":"tack-rag-premium-tampon-dessuyage-universelle","status":"publish","type":"product","link":"https:\/\/arekson.com\/fr\/producto\/tack-rag-premium-tampon-dessuyage-universelle\/","title":{"rendered":"<strong><span class=\"nom-corto\">TACK-RAG PREMIUM <\/span><\/strong><br><span class=\"nom-largo\">Tampon d&rsquo;essuyage universelle<\/span>"},"content":{"rendered":"<p style=\"text-align: right;\"><a class=\"boton-ficha\" href=\"https:\/\/arekson.com\/wp-content\/uploads\/2023\/06\/TRA001-FT09.2017_FR.pdf\" target=\"_blank\" rel=\"noopener\">D\u00e9tails Techniques<\/a> <\/p>\n","protected":false},"excerpt":{"rendered":"<p>Tampon d&rsquo;essuyage \u00ab\u00a0attrape-poussi\u00e8re\u00a0\u00bb de premi\u00e8re qualit\u00e9, r\u00e9utilisable utilis\u00e9e en premi\u00e8re monte OEM, pour attraper la poussi\u00e8re se trouvant sur les pi\u00e8ces \u00e0 peindre \u00e0 base de solvant et \u00e0 base d&rsquo;eau. la plus \u00e9paisse et impr\u00e9gn\u00e9e du march\u00e9 ; doublement efficace. Antistatique sans silicone.<\/p>\n","protected":false},"featured_media":7042,"template":"","meta":{"_et_pb_use_builder":"","_et_pb_old_content":"","_et_gb_content_width":""},"product_brand":[],"product_cat":[1123,1171,1157,370],"product_tag":[],"class_list":{"0":"post-18700","1":"product","2":"type-product","3":"status-publish","4":"has-post-thumbnail","6":"product_cat-auxiliaires","7":"product_cat-outillage-de-reparation","8":"product_cat-outillage-et-consommables","9":"product_cat-seicar-fr","10":"pa_seicar-fr-ref-tra001-sachet-80-x-50-cm-500-unites","12":"first","13":"outofstock","14":"purchasable","15":"product-type-variable"},"yoast_head":"<!-- This site is optimized with the Yoast SEO plugin v27.2 - https:\/\/yoast.com\/product\/yoast-seo-wordpress\/ -->\n<title>SEICAR | TACK-RAG PREMIUM | Tampon d&#039;essuyage universelle<\/title>\n<meta name=\"description\" content=\"TACK-RAG PREMIUM | Tampon d&#039;essuyage universelle | ARTICLES AUXILIAIRES | OUTILLAGE ET CONSOMMABLES | REF: TRA001 | SEICAR\" \/>\n<meta name=\"robots\" content=\"index, follow, max-snippet:-1, max-image-preview:large, max-video-preview:-1\" \/>\n<link rel=\"canonical\" href=\"https:\/\/arekson.com\/fr\/producto\/tack-rag-premium-tampon-dessuyage-universelle\/\" \/>\n<meta property=\"og:locale\" content=\"fr_FR\" \/>\n<meta property=\"og:type\" content=\"article\" \/>\n<meta property=\"og:title\" content=\"SEICAR | TACK-RAG PREMIUM | Tampon d&#039;essuyage universelle\" \/>\n<meta property=\"og:description\" content=\"TACK-RAG PREMIUM | Tampon d&#039;essuyage universelle | ARTICLES AUXILIAIRES | OUTILLAGE ET CONSOMMABLES | REF: TRA001 | SEICAR\" \/>\n<meta property=\"og:url\" content=\"https:\/\/arekson.com\/fr\/producto\/tack-rag-premium-tampon-dessuyage-universelle\/\" \/>\n<meta property=\"og:site_name\" content=\"Arekson Group\" \/>\n<meta property=\"article:modified_time\" content=\"2023-06-06T06:43:46+00:00\" \/>\n<meta property=\"og:image\" content=\"https:\/\/arekson.com\/wp-content\/uploads\/2022\/05\/TRA001.jpg\" \/>\n\t<meta property=\"og:image:width\" content=\"800\" \/>\n\t<meta property=\"og:image:height\" content=\"800\" \/>\n\t<meta property=\"og:image:type\" content=\"image\/jpeg\" \/>\n<meta name=\"twitter:card\" content=\"summary_large_image\" \/>\n<script type=\"application\/ld+json\" class=\"yoast-schema-graph\">{\"@context\":\"https:\/\/schema.org\",\"@graph\":[{\"@type\":\"WebPage\",\"@id\":\"https:\/\/arekson.com\/fr\/producto\/tack-rag-premium-tampon-dessuyage-universelle\/\",\"url\":\"https:\/\/arekson.com\/fr\/producto\/tack-rag-premium-tampon-dessuyage-universelle\/\",\"name\":\"SEICAR | TACK-RAG PREMIUM | Tampon d'essuyage universelle\",\"isPartOf\":{\"@id\":\"https:\/\/arekson.com\/fr\/#website\"},\"primaryImageOfPage\":{\"@id\":\"https:\/\/arekson.com\/fr\/producto\/tack-rag-premium-tampon-dessuyage-universelle\/#primaryimage\"},\"image\":{\"@id\":\"https:\/\/arekson.com\/fr\/producto\/tack-rag-premium-tampon-dessuyage-universelle\/#primaryimage\"},\"thumbnailUrl\":\"https:\/\/arekson.com\/wp-content\/uploads\/2022\/05\/TRA001.jpg\",\"datePublished\":\"2022-06-03T16:12:12+00:00\",\"dateModified\":\"2023-06-06T06:43:46+00:00\",\"description\":\"TACK-RAG PREMIUM | Tampon d'essuyage universelle | ARTICLES AUXILIAIRES | OUTILLAGE ET CONSOMMABLES | REF: TRA001 | SEICAR\",\"breadcrumb\":{\"@id\":\"https:\/\/arekson.com\/fr\/producto\/tack-rag-premium-tampon-dessuyage-universelle\/#breadcrumb\"},\"inLanguage\":\"fr-FR\",\"potentialAction\":[{\"@type\":\"ReadAction\",\"target\":[\"https:\/\/arekson.com\/fr\/producto\/tack-rag-premium-tampon-dessuyage-universelle\/\"]}]},{\"@type\":\"ImageObject\",\"inLanguage\":\"fr-FR\",\"@id\":\"https:\/\/arekson.com\/fr\/producto\/tack-rag-premium-tampon-dessuyage-universelle\/#primaryimage\",\"url\":\"https:\/\/arekson.com\/wp-content\/uploads\/2022\/05\/TRA001.jpg\",\"contentUrl\":\"https:\/\/arekson.com\/wp-content\/uploads\/2022\/05\/TRA001.jpg\",\"width\":800,\"height\":800},{\"@type\":\"BreadcrumbList\",\"@id\":\"https:\/\/arekson.com\/fr\/producto\/tack-rag-premium-tampon-dessuyage-universelle\/#breadcrumb\",\"itemListElement\":[{\"@type\":\"ListItem\",\"position\":1,\"name\":\"Home\",\"item\":\"https:\/\/arekson.com\/fr\/\"},{\"@type\":\"ListItem\",\"position\":2,\"name\":\"Produits\",\"item\":\"https:\/\/arekson.com\/fr\/shop\/\"},{\"@type\":\"ListItem\",\"position\":3,\"name\":\"TACK-RAG PREMIUM Tampon d&#8217;essuyage universelle\"}]},{\"@type\":\"WebSite\",\"@id\":\"https:\/\/arekson.com\/fr\/#website\",\"url\":\"https:\/\/arekson.com\/fr\/\",\"name\":\"Arekson Group\",\"description\":\"Marcas Referentes del Automovil Profesional\",\"publisher\":{\"@id\":\"https:\/\/arekson.com\/fr\/#organization\"},\"potentialAction\":[{\"@type\":\"SearchAction\",\"target\":{\"@type\":\"EntryPoint\",\"urlTemplate\":\"https:\/\/arekson.com\/fr\/?s={search_term_string}\"},\"query-input\":{\"@type\":\"PropertyValueSpecification\",\"valueRequired\":true,\"valueName\":\"search_term_string\"}}],\"inLanguage\":\"fr-FR\"},{\"@type\":\"Organization\",\"@id\":\"https:\/\/arekson.com\/fr\/#organization\",\"name\":\"Arekson Group\",\"url\":\"https:\/\/arekson.com\/fr\/\",\"logo\":{\"@type\":\"ImageObject\",\"inLanguage\":\"fr-FR\",\"@id\":\"https:\/\/arekson.com\/fr\/#\/schema\/logo\/image\/\",\"url\":\"https:\/\/arekson.com\/wp-content\/uploads\/2022\/06\/Arekson-Group-Logo-Gris.jpg\",\"contentUrl\":\"https:\/\/arekson.com\/wp-content\/uploads\/2022\/06\/Arekson-Group-Logo-Gris.jpg\",\"width\":174,\"height\":72,\"caption\":\"Arekson Group\"},\"image\":{\"@id\":\"https:\/\/arekson.com\/fr\/#\/schema\/logo\/image\/\"}}]}<\/script>\n<!-- \/ Yoast SEO plugin. -->","yoast_head_json":{"title":"SEICAR | TACK-RAG PREMIUM | Tampon d'essuyage universelle","description":"TACK-RAG PREMIUM | Tampon d'essuyage universelle | ARTICLES AUXILIAIRES | OUTILLAGE ET CONSOMMABLES | REF: TRA001 | SEICAR","robots":{"index":"index","follow":"follow","max-snippet":"max-snippet:-1","max-image-preview":"max-image-preview:large","max-video-preview":"max-video-preview:-1"},"canonical":"https:\/\/arekson.com\/fr\/producto\/tack-rag-premium-tampon-dessuyage-universelle\/","og_locale":"fr_FR","og_type":"article","og_title":"SEICAR | TACK-RAG PREMIUM | Tampon d'essuyage universelle","og_description":"TACK-RAG PREMIUM | Tampon d'essuyage universelle | ARTICLES AUXILIAIRES | OUTILLAGE ET CONSOMMABLES | REF: TRA001 | SEICAR","og_url":"https:\/\/arekson.com\/fr\/producto\/tack-rag-premium-tampon-dessuyage-universelle\/","og_site_name":"Arekson Group","article_modified_time":"2023-06-06T06:43:46+00:00","og_image":[{"width":800,"height":800,"url":"https:\/\/arekson.com\/wp-content\/uploads\/2022\/05\/TRA001.jpg","type":"image\/jpeg"}],"twitter_card":"summary_large_image","schema":{"@context":"https:\/\/schema.org","@graph":[{"@type":"WebPage","@id":"https:\/\/arekson.com\/fr\/producto\/tack-rag-premium-tampon-dessuyage-universelle\/","url":"https:\/\/arekson.com\/fr\/producto\/tack-rag-premium-tampon-dessuyage-universelle\/","name":"SEICAR | TACK-RAG PREMIUM | Tampon d'essuyage universelle","isPartOf":{"@id":"https:\/\/arekson.com\/fr\/#website"},"primaryImageOfPage":{"@id":"https:\/\/arekson.com\/fr\/producto\/tack-rag-premium-tampon-dessuyage-universelle\/#primaryimage"},"image":{"@id":"https:\/\/arekson.com\/fr\/producto\/tack-rag-premium-tampon-dessuyage-universelle\/#primaryimage"},"thumbnailUrl":"https:\/\/arekson.com\/wp-content\/uploads\/2022\/05\/TRA001.jpg","datePublished":"2022-06-03T16:12:12+00:00","dateModified":"2023-06-06T06:43:46+00:00","description":"TACK-RAG PREMIUM | Tampon d'essuyage universelle | ARTICLES AUXILIAIRES | OUTILLAGE ET CONSOMMABLES | REF: TRA001 | SEICAR","breadcrumb":{"@id":"https:\/\/arekson.com\/fr\/producto\/tack-rag-premium-tampon-dessuyage-universelle\/#breadcrumb"},"inLanguage":"fr-FR","potentialAction":[{"@type":"ReadAction","target":["https:\/\/arekson.com\/fr\/producto\/tack-rag-premium-tampon-dessuyage-universelle\/"]}]},{"@type":"ImageObject","inLanguage":"fr-FR","@id":"https:\/\/arekson.com\/fr\/producto\/tack-rag-premium-tampon-dessuyage-universelle\/#primaryimage","url":"https:\/\/arekson.com\/wp-content\/uploads\/2022\/05\/TRA001.jpg","contentUrl":"https:\/\/arekson.com\/wp-content\/uploads\/2022\/05\/TRA001.jpg","width":800,"height":800},{"@type":"BreadcrumbList","@id":"https:\/\/arekson.com\/fr\/producto\/tack-rag-premium-tampon-dessuyage-universelle\/#breadcrumb","itemListElement":[{"@type":"ListItem","position":1,"name":"Home","item":"https:\/\/arekson.com\/fr\/"},{"@type":"ListItem","position":2,"name":"Produits","item":"https:\/\/arekson.com\/fr\/shop\/"},{"@type":"ListItem","position":3,"name":"TACK-RAG PREMIUM Tampon d&#8217;essuyage universelle"}]},{"@type":"WebSite","@id":"https:\/\/arekson.com\/fr\/#website","url":"https:\/\/arekson.com\/fr\/","name":"Arekson Group","description":"Marcas Referentes del Automovil Profesional","publisher":{"@id":"https:\/\/arekson.com\/fr\/#organization"},"potentialAction":[{"@type":"SearchAction","target":{"@type":"EntryPoint","urlTemplate":"https:\/\/arekson.com\/fr\/?s={search_term_string}"},"query-input":{"@type":"PropertyValueSpecification","valueRequired":true,"valueName":"search_term_string"}}],"inLanguage":"fr-FR"},{"@type":"Organization","@id":"https:\/\/arekson.com\/fr\/#organization","name":"Arekson Group","url":"https:\/\/arekson.com\/fr\/","logo":{"@type":"ImageObject","inLanguage":"fr-FR","@id":"https:\/\/arekson.com\/fr\/#\/schema\/logo\/image\/","url":"https:\/\/arekson.com\/wp-content\/uploads\/2022\/06\/Arekson-Group-Logo-Gris.jpg","contentUrl":"https:\/\/arekson.com\/wp-content\/uploads\/2022\/06\/Arekson-Group-Logo-Gris.jpg","width":174,"height":72,"caption":"Arekson Group"},"image":{"@id":"https:\/\/arekson.com\/fr\/#\/schema\/logo\/image\/"}}]}},"_links":{"self":[{"href":"https:\/\/arekson.com\/fr\/wp-json\/wp\/v2\/product\/18700","targetHints":{"allow":["GET"]}}],"collection":[{"href":"https:\/\/arekson.com\/fr\/wp-json\/wp\/v2\/product"}],"about":[{"href":"https:\/\/arekson.com\/fr\/wp-json\/wp\/v2\/types\/product"}],"wp:featuredmedia":[{"embeddable":true,"href":"https:\/\/arekson.com\/fr\/wp-json\/wp\/v2\/media\/7042"}],"wp:attachment":[{"href":"https:\/\/arekson.com\/fr\/wp-json\/wp\/v2\/media?parent=18700"}],"wp:term":[{"taxonomy":"product_brand","embeddable":true,"href":"https:\/\/arekson.com\/fr\/wp-json\/wp\/v2\/product_brand?post=18700"},{"taxonomy":"product_cat","embeddable":true,"href":"https:\/\/arekson.com\/fr\/wp-json\/wp\/v2\/product_cat?post=18700"},{"taxonomy":"product_tag","embeddable":true,"href":"https:\/\/arekson.com\/fr\/wp-json\/wp\/v2\/product_tag?post=18700"}],"curies":[{"name":"wp","href":"https:\/\/api.w.org\/{rel}","templated":true}]}}