{"id":18696,"date":"2022-06-03T18:12:12","date_gmt":"2022-06-03T16:12:12","guid":{"rendered":"https:\/\/arekson.com\/producto\/degreaser-cloth-100-u-chiffon-non-tisse-bleu-pour-degraissage-2\/"},"modified":"2023-06-16T08:38:39","modified_gmt":"2023-06-16T06:38:39","slug":"degreaser-cloth-100-u-chiffon-non-tisse-bleu-pour-degraissage-2","status":"publish","type":"product","link":"https:\/\/arekson.com\/fr\/producto\/degreaser-cloth-100-u-chiffon-non-tisse-bleu-pour-degraissage-2\/","title":{"rendered":"<strong><span class=\"nom-corto\">DEGREASER CLOTH 100 u. <\/span><\/strong><br><span class=\"nom-largo\">Chiffon non tiss\u00e9 bleu pour d\u00e9graissage<\/span>"},"content":{"rendered":"<p style=\"text-align: right;\"><a class=\"boton-ficha\" href=\"https:\/\/arekson.com\/wp-content\/uploads\/2023\/06\/BDV100-DEGREASER-WHITE-CLOTH-FT-Arekson-2017_FR.pdf\" target=\"_blank\" rel=\"noopener\">D\u00e9tails Techniques<\/a> <\/p>\n","protected":false},"excerpt":{"rendered":"<p>Lingette bleue pour le d\u00e9graissage de surfaces \u00e0 peindre. R\u00e9sistance extr\u00eame \u00e0 sec et mouill\u00e9 et ne peluche pas. Grande rapidit\u00e9 d&rsquo;absorption (400 %) laissant la surface s\u00e8che et propre. Compatible avec tout type de solvants. Quand elle est humide elle agit comme une peau de chamois.<\/p>\n","protected":false},"featured_media":5251,"template":"","meta":{"_et_pb_use_builder":"","_et_pb_old_content":"","_et_gb_content_width":""},"product_brand":[],"product_cat":[1123,1171,1157,370],"product_tag":[],"class_list":{"0":"post-18696","1":"product","2":"type-product","3":"status-publish","4":"has-post-thumbnail","6":"product_cat-auxiliaires","7":"product_cat-outillage-de-reparation","8":"product_cat-outillage-et-consommables","9":"product_cat-seicar-fr","10":"pa_seicar-fr-ref-bdv100-bleu-boite-32-x-40-cm-100-unites","12":"first","13":"outofstock","14":"purchasable","15":"product-type-variable"},"yoast_head":"<!-- This site is optimized with the Yoast SEO plugin v27.2 - https:\/\/yoast.com\/product\/yoast-seo-wordpress\/ -->\n<title>SEICAR | DEGREASER CLOTH 100 u. | Chiffon non tiss\u00e9 bleu pour d\u00e9graissage<\/title>\n<meta name=\"description\" content=\"DEGREASER CLOTH 100 u. | Chiffon non tiss\u00e9 bleu pour d\u00e9graissage | ARTICLES AUXILIAIRES | OUTILLAGE ET CONSOMMABLES | REF: BDV100 | SEICAR\" \/>\n<meta name=\"robots\" content=\"index, follow, max-snippet:-1, max-image-preview:large, max-video-preview:-1\" \/>\n<link rel=\"canonical\" href=\"https:\/\/arekson.com\/fr\/producto\/degreaser-cloth-100-u-chiffon-non-tisse-bleu-pour-degraissage-2\/\" \/>\n<meta property=\"og:locale\" content=\"fr_FR\" \/>\n<meta property=\"og:type\" content=\"article\" \/>\n<meta property=\"og:title\" content=\"SEICAR | DEGREASER CLOTH 100 u. | Chiffon non tiss\u00e9 bleu pour d\u00e9graissage\" \/>\n<meta property=\"og:description\" content=\"DEGREASER CLOTH 100 u. | Chiffon non tiss\u00e9 bleu pour d\u00e9graissage | ARTICLES AUXILIAIRES | OUTILLAGE ET CONSOMMABLES | REF: BDV100 | SEICAR\" \/>\n<meta property=\"og:url\" content=\"https:\/\/arekson.com\/fr\/producto\/degreaser-cloth-100-u-chiffon-non-tisse-bleu-pour-degraissage-2\/\" \/>\n<meta property=\"og:site_name\" content=\"Arekson Group\" \/>\n<meta property=\"article:modified_time\" content=\"2023-06-16T06:38:39+00:00\" \/>\n<meta property=\"og:image\" content=\"https:\/\/arekson.com\/wp-content\/uploads\/2022\/05\/BDV100.jpg\" \/>\n\t<meta property=\"og:image:width\" content=\"800\" \/>\n\t<meta property=\"og:image:height\" content=\"800\" \/>\n\t<meta property=\"og:image:type\" content=\"image\/jpeg\" \/>\n<meta name=\"twitter:card\" content=\"summary_large_image\" \/>\n<script type=\"application\/ld+json\" class=\"yoast-schema-graph\">{\"@context\":\"https:\/\/schema.org\",\"@graph\":[{\"@type\":\"WebPage\",\"@id\":\"https:\/\/arekson.com\/fr\/producto\/degreaser-cloth-100-u-chiffon-non-tisse-bleu-pour-degraissage-2\/\",\"url\":\"https:\/\/arekson.com\/fr\/producto\/degreaser-cloth-100-u-chiffon-non-tisse-bleu-pour-degraissage-2\/\",\"name\":\"SEICAR | DEGREASER CLOTH 100 u. | Chiffon non tiss\u00e9 bleu pour d\u00e9graissage\",\"isPartOf\":{\"@id\":\"https:\/\/arekson.com\/fr\/#website\"},\"primaryImageOfPage\":{\"@id\":\"https:\/\/arekson.com\/fr\/producto\/degreaser-cloth-100-u-chiffon-non-tisse-bleu-pour-degraissage-2\/#primaryimage\"},\"image\":{\"@id\":\"https:\/\/arekson.com\/fr\/producto\/degreaser-cloth-100-u-chiffon-non-tisse-bleu-pour-degraissage-2\/#primaryimage\"},\"thumbnailUrl\":\"https:\/\/arekson.com\/wp-content\/uploads\/2022\/05\/BDV100.jpg\",\"datePublished\":\"2022-06-03T16:12:12+00:00\",\"dateModified\":\"2023-06-16T06:38:39+00:00\",\"description\":\"DEGREASER CLOTH 100 u. | Chiffon non tiss\u00e9 bleu pour d\u00e9graissage | ARTICLES AUXILIAIRES | OUTILLAGE ET CONSOMMABLES | REF: BDV100 | SEICAR\",\"breadcrumb\":{\"@id\":\"https:\/\/arekson.com\/fr\/producto\/degreaser-cloth-100-u-chiffon-non-tisse-bleu-pour-degraissage-2\/#breadcrumb\"},\"inLanguage\":\"fr-FR\",\"potentialAction\":[{\"@type\":\"ReadAction\",\"target\":[\"https:\/\/arekson.com\/fr\/producto\/degreaser-cloth-100-u-chiffon-non-tisse-bleu-pour-degraissage-2\/\"]}]},{\"@type\":\"ImageObject\",\"inLanguage\":\"fr-FR\",\"@id\":\"https:\/\/arekson.com\/fr\/producto\/degreaser-cloth-100-u-chiffon-non-tisse-bleu-pour-degraissage-2\/#primaryimage\",\"url\":\"https:\/\/arekson.com\/wp-content\/uploads\/2022\/05\/BDV100.jpg\",\"contentUrl\":\"https:\/\/arekson.com\/wp-content\/uploads\/2022\/05\/BDV100.jpg\",\"width\":800,\"height\":800},{\"@type\":\"BreadcrumbList\",\"@id\":\"https:\/\/arekson.com\/fr\/producto\/degreaser-cloth-100-u-chiffon-non-tisse-bleu-pour-degraissage-2\/#breadcrumb\",\"itemListElement\":[{\"@type\":\"ListItem\",\"position\":1,\"name\":\"Home\",\"item\":\"https:\/\/arekson.com\/fr\/\"},{\"@type\":\"ListItem\",\"position\":2,\"name\":\"Produits\",\"item\":\"https:\/\/arekson.com\/fr\/shop\/\"},{\"@type\":\"ListItem\",\"position\":3,\"name\":\"DEGREASER CLOTH 100 u. Chiffon non tiss\u00e9 bleu pour d\u00e9graissage\"}]},{\"@type\":\"WebSite\",\"@id\":\"https:\/\/arekson.com\/fr\/#website\",\"url\":\"https:\/\/arekson.com\/fr\/\",\"name\":\"Arekson Group\",\"description\":\"Marcas Referentes del Automovil Profesional\",\"publisher\":{\"@id\":\"https:\/\/arekson.com\/fr\/#organization\"},\"potentialAction\":[{\"@type\":\"SearchAction\",\"target\":{\"@type\":\"EntryPoint\",\"urlTemplate\":\"https:\/\/arekson.com\/fr\/?s={search_term_string}\"},\"query-input\":{\"@type\":\"PropertyValueSpecification\",\"valueRequired\":true,\"valueName\":\"search_term_string\"}}],\"inLanguage\":\"fr-FR\"},{\"@type\":\"Organization\",\"@id\":\"https:\/\/arekson.com\/fr\/#organization\",\"name\":\"Arekson Group\",\"url\":\"https:\/\/arekson.com\/fr\/\",\"logo\":{\"@type\":\"ImageObject\",\"inLanguage\":\"fr-FR\",\"@id\":\"https:\/\/arekson.com\/fr\/#\/schema\/logo\/image\/\",\"url\":\"https:\/\/arekson.com\/wp-content\/uploads\/2022\/06\/Arekson-Group-Logo-Gris.jpg\",\"contentUrl\":\"https:\/\/arekson.com\/wp-content\/uploads\/2022\/06\/Arekson-Group-Logo-Gris.jpg\",\"width\":174,\"height\":72,\"caption\":\"Arekson Group\"},\"image\":{\"@id\":\"https:\/\/arekson.com\/fr\/#\/schema\/logo\/image\/\"}}]}<\/script>\n<!-- \/ Yoast SEO plugin. -->","yoast_head_json":{"title":"SEICAR | DEGREASER CLOTH 100 u. | Chiffon non tiss\u00e9 bleu pour d\u00e9graissage","description":"DEGREASER CLOTH 100 u. | Chiffon non tiss\u00e9 bleu pour d\u00e9graissage | ARTICLES AUXILIAIRES | OUTILLAGE ET CONSOMMABLES | REF: BDV100 | SEICAR","robots":{"index":"index","follow":"follow","max-snippet":"max-snippet:-1","max-image-preview":"max-image-preview:large","max-video-preview":"max-video-preview:-1"},"canonical":"https:\/\/arekson.com\/fr\/producto\/degreaser-cloth-100-u-chiffon-non-tisse-bleu-pour-degraissage-2\/","og_locale":"fr_FR","og_type":"article","og_title":"SEICAR | DEGREASER CLOTH 100 u. | Chiffon non tiss\u00e9 bleu pour d\u00e9graissage","og_description":"DEGREASER CLOTH 100 u. | Chiffon non tiss\u00e9 bleu pour d\u00e9graissage | ARTICLES AUXILIAIRES | OUTILLAGE ET CONSOMMABLES | REF: BDV100 | SEICAR","og_url":"https:\/\/arekson.com\/fr\/producto\/degreaser-cloth-100-u-chiffon-non-tisse-bleu-pour-degraissage-2\/","og_site_name":"Arekson Group","article_modified_time":"2023-06-16T06:38:39+00:00","og_image":[{"width":800,"height":800,"url":"https:\/\/arekson.com\/wp-content\/uploads\/2022\/05\/BDV100.jpg","type":"image\/jpeg"}],"twitter_card":"summary_large_image","schema":{"@context":"https:\/\/schema.org","@graph":[{"@type":"WebPage","@id":"https:\/\/arekson.com\/fr\/producto\/degreaser-cloth-100-u-chiffon-non-tisse-bleu-pour-degraissage-2\/","url":"https:\/\/arekson.com\/fr\/producto\/degreaser-cloth-100-u-chiffon-non-tisse-bleu-pour-degraissage-2\/","name":"SEICAR | DEGREASER CLOTH 100 u. | Chiffon non tiss\u00e9 bleu pour d\u00e9graissage","isPartOf":{"@id":"https:\/\/arekson.com\/fr\/#website"},"primaryImageOfPage":{"@id":"https:\/\/arekson.com\/fr\/producto\/degreaser-cloth-100-u-chiffon-non-tisse-bleu-pour-degraissage-2\/#primaryimage"},"image":{"@id":"https:\/\/arekson.com\/fr\/producto\/degreaser-cloth-100-u-chiffon-non-tisse-bleu-pour-degraissage-2\/#primaryimage"},"thumbnailUrl":"https:\/\/arekson.com\/wp-content\/uploads\/2022\/05\/BDV100.jpg","datePublished":"2022-06-03T16:12:12+00:00","dateModified":"2023-06-16T06:38:39+00:00","description":"DEGREASER CLOTH 100 u. | Chiffon non tiss\u00e9 bleu pour d\u00e9graissage | ARTICLES AUXILIAIRES | OUTILLAGE ET CONSOMMABLES | REF: BDV100 | SEICAR","breadcrumb":{"@id":"https:\/\/arekson.com\/fr\/producto\/degreaser-cloth-100-u-chiffon-non-tisse-bleu-pour-degraissage-2\/#breadcrumb"},"inLanguage":"fr-FR","potentialAction":[{"@type":"ReadAction","target":["https:\/\/arekson.com\/fr\/producto\/degreaser-cloth-100-u-chiffon-non-tisse-bleu-pour-degraissage-2\/"]}]},{"@type":"ImageObject","inLanguage":"fr-FR","@id":"https:\/\/arekson.com\/fr\/producto\/degreaser-cloth-100-u-chiffon-non-tisse-bleu-pour-degraissage-2\/#primaryimage","url":"https:\/\/arekson.com\/wp-content\/uploads\/2022\/05\/BDV100.jpg","contentUrl":"https:\/\/arekson.com\/wp-content\/uploads\/2022\/05\/BDV100.jpg","width":800,"height":800},{"@type":"BreadcrumbList","@id":"https:\/\/arekson.com\/fr\/producto\/degreaser-cloth-100-u-chiffon-non-tisse-bleu-pour-degraissage-2\/#breadcrumb","itemListElement":[{"@type":"ListItem","position":1,"name":"Home","item":"https:\/\/arekson.com\/fr\/"},{"@type":"ListItem","position":2,"name":"Produits","item":"https:\/\/arekson.com\/fr\/shop\/"},{"@type":"ListItem","position":3,"name":"DEGREASER CLOTH 100 u. Chiffon non tiss\u00e9 bleu pour d\u00e9graissage"}]},{"@type":"WebSite","@id":"https:\/\/arekson.com\/fr\/#website","url":"https:\/\/arekson.com\/fr\/","name":"Arekson Group","description":"Marcas Referentes del Automovil Profesional","publisher":{"@id":"https:\/\/arekson.com\/fr\/#organization"},"potentialAction":[{"@type":"SearchAction","target":{"@type":"EntryPoint","urlTemplate":"https:\/\/arekson.com\/fr\/?s={search_term_string}"},"query-input":{"@type":"PropertyValueSpecification","valueRequired":true,"valueName":"search_term_string"}}],"inLanguage":"fr-FR"},{"@type":"Organization","@id":"https:\/\/arekson.com\/fr\/#organization","name":"Arekson Group","url":"https:\/\/arekson.com\/fr\/","logo":{"@type":"ImageObject","inLanguage":"fr-FR","@id":"https:\/\/arekson.com\/fr\/#\/schema\/logo\/image\/","url":"https:\/\/arekson.com\/wp-content\/uploads\/2022\/06\/Arekson-Group-Logo-Gris.jpg","contentUrl":"https:\/\/arekson.com\/wp-content\/uploads\/2022\/06\/Arekson-Group-Logo-Gris.jpg","width":174,"height":72,"caption":"Arekson Group"},"image":{"@id":"https:\/\/arekson.com\/fr\/#\/schema\/logo\/image\/"}}]}},"_links":{"self":[{"href":"https:\/\/arekson.com\/fr\/wp-json\/wp\/v2\/product\/18696","targetHints":{"allow":["GET"]}}],"collection":[{"href":"https:\/\/arekson.com\/fr\/wp-json\/wp\/v2\/product"}],"about":[{"href":"https:\/\/arekson.com\/fr\/wp-json\/wp\/v2\/types\/product"}],"wp:featuredmedia":[{"embeddable":true,"href":"https:\/\/arekson.com\/fr\/wp-json\/wp\/v2\/media\/5251"}],"wp:attachment":[{"href":"https:\/\/arekson.com\/fr\/wp-json\/wp\/v2\/media?parent=18696"}],"wp:term":[{"taxonomy":"product_brand","embeddable":true,"href":"https:\/\/arekson.com\/fr\/wp-json\/wp\/v2\/product_brand?post=18696"},{"taxonomy":"product_cat","embeddable":true,"href":"https:\/\/arekson.com\/fr\/wp-json\/wp\/v2\/product_cat?post=18696"},{"taxonomy":"product_tag","embeddable":true,"href":"https:\/\/arekson.com\/fr\/wp-json\/wp\/v2\/product_tag?post=18696"}],"curies":[{"name":"wp","href":"https:\/\/api.w.org\/{rel}","templated":true}]}}