{"id":18694,"date":"2022-06-03T18:12:12","date_gmt":"2022-06-03T16:12:12","guid":{"rendered":"https:\/\/arekson.com\/producto\/degreaser-white-cloth-500-u-chiffon-non-tisse-bleu-pour-degraissage\/"},"modified":"2023-06-16T08:39:36","modified_gmt":"2023-06-16T06:39:36","slug":"degreaser-white-cloth-chiffon-non-tisse-bleu-pour-degraissage","status":"publish","type":"product","link":"https:\/\/arekson.com\/fr\/producto\/degreaser-white-cloth-chiffon-non-tisse-bleu-pour-degraissage\/","title":{"rendered":"<strong><span class=\"nom-corto\">DEGREASER WHITE CLOTH <\/span><\/strong><br><span class=\"nom-largo\">Chiffon non tiss\u00e9 bleu pour d\u00e9graissage<\/span>"},"content":{"rendered":"<p style=\"text-align: right;\"><a class=\"boton-ficha\" href=\"https:\/\/arekson.com\/wp-content\/uploads\/2023\/06\/BDV020-DEGREASER-WHITE-CLOTH-FT-Arekson-2020_FR.pdf\" target=\"_blank\" rel=\"noopener\">D\u00e9tails Techniques<\/a> <\/p>\n","protected":false},"excerpt":{"rendered":"<p>Lingette blanc pour le d\u00e9graissage de surfaces \u00e0 peindre. R\u00e9sistance extr\u00eame \u00e0 sec et mouill\u00e9 et ne peluche pas. Grande rapidit\u00e9 d&rsquo;absorption laissant la surface s\u00e8che et propre. Compatible avec tout type de solvants. Quand elle est humide elle agit comme une peau de chamois.<\/p>\n","protected":false},"featured_media":25932,"template":"","meta":{"_et_pb_use_builder":"","_et_pb_old_content":"","_et_gb_content_width":""},"product_brand":[],"product_cat":[1123,1171,1157,370],"product_tag":[],"class_list":{"0":"post-18694","1":"product","2":"type-product","3":"status-publish","4":"has-post-thumbnail","6":"product_cat-auxiliaires","7":"product_cat-outillage-de-reparation","8":"product_cat-outillage-et-consommables","9":"product_cat-seicar-fr","10":"pa_seicar-fr-ref-bdv020-blanc-rouleau-32-x-40-cm-50-unites","11":"pa_seicar-fr-ref-bdv025-blanc-rouleau-32-x-40-cm-500-unites","13":"first","14":"instock","15":"purchasable","16":"product-type-variable"},"yoast_head":"<!-- This site is optimized with the Yoast SEO plugin v27.2 - https:\/\/yoast.com\/product\/yoast-seo-wordpress\/ -->\n<title>SEICAR | DEGREASER WHITE CLOTH | Chiffon non tiss\u00e9 bleu<\/title>\n<meta name=\"description\" content=\"DEGREASER WHITE CLOTH | Chiffon non tiss\u00e9 bleu pour d\u00e9graissage | ARTICLES AUXILIAIRES | OUTILLAGE ET CONSOMMABLES | REF: BDV025 | SEICA\" \/>\n<meta name=\"robots\" content=\"index, follow, max-snippet:-1, max-image-preview:large, max-video-preview:-1\" \/>\n<link rel=\"canonical\" href=\"https:\/\/arekson.com\/fr\/producto\/degreaser-white-cloth-chiffon-non-tisse-bleu-pour-degraissage\/\" \/>\n<meta property=\"og:locale\" content=\"fr_FR\" \/>\n<meta property=\"og:type\" content=\"article\" \/>\n<meta property=\"og:title\" content=\"SEICAR | DEGREASER WHITE CLOTH | Chiffon non tiss\u00e9 bleu\" \/>\n<meta property=\"og:description\" content=\"DEGREASER WHITE CLOTH | Chiffon non tiss\u00e9 bleu pour d\u00e9graissage | ARTICLES AUXILIAIRES | OUTILLAGE ET CONSOMMABLES | REF: BDV025 | SEICA\" \/>\n<meta property=\"og:url\" content=\"https:\/\/arekson.com\/fr\/producto\/degreaser-white-cloth-chiffon-non-tisse-bleu-pour-degraissage\/\" \/>\n<meta property=\"og:site_name\" content=\"Arekson Group\" \/>\n<meta property=\"article:modified_time\" content=\"2023-06-16T06:39:36+00:00\" \/>\n<meta property=\"og:image\" content=\"https:\/\/arekson.com\/wp-content\/uploads\/2023\/01\/BDV025.jpg\" \/>\n\t<meta property=\"og:image:width\" content=\"800\" \/>\n\t<meta property=\"og:image:height\" content=\"800\" \/>\n\t<meta property=\"og:image:type\" content=\"image\/jpeg\" \/>\n<meta name=\"twitter:card\" content=\"summary_large_image\" \/>\n<script type=\"application\/ld+json\" class=\"yoast-schema-graph\">{\"@context\":\"https:\/\/schema.org\",\"@graph\":[{\"@type\":\"WebPage\",\"@id\":\"https:\/\/arekson.com\/fr\/producto\/degreaser-white-cloth-chiffon-non-tisse-bleu-pour-degraissage\/\",\"url\":\"https:\/\/arekson.com\/fr\/producto\/degreaser-white-cloth-chiffon-non-tisse-bleu-pour-degraissage\/\",\"name\":\"SEICAR | DEGREASER WHITE CLOTH | Chiffon non tiss\u00e9 bleu\",\"isPartOf\":{\"@id\":\"https:\/\/arekson.com\/fr\/#website\"},\"primaryImageOfPage\":{\"@id\":\"https:\/\/arekson.com\/fr\/producto\/degreaser-white-cloth-chiffon-non-tisse-bleu-pour-degraissage\/#primaryimage\"},\"image\":{\"@id\":\"https:\/\/arekson.com\/fr\/producto\/degreaser-white-cloth-chiffon-non-tisse-bleu-pour-degraissage\/#primaryimage\"},\"thumbnailUrl\":\"https:\/\/arekson.com\/wp-content\/uploads\/2023\/01\/BDV025.jpg\",\"datePublished\":\"2022-06-03T16:12:12+00:00\",\"dateModified\":\"2023-06-16T06:39:36+00:00\",\"description\":\"DEGREASER WHITE CLOTH | Chiffon non tiss\u00e9 bleu pour d\u00e9graissage | ARTICLES AUXILIAIRES | OUTILLAGE ET CONSOMMABLES | REF: BDV025 | SEICA\",\"breadcrumb\":{\"@id\":\"https:\/\/arekson.com\/fr\/producto\/degreaser-white-cloth-chiffon-non-tisse-bleu-pour-degraissage\/#breadcrumb\"},\"inLanguage\":\"fr-FR\",\"potentialAction\":[{\"@type\":\"ReadAction\",\"target\":[\"https:\/\/arekson.com\/fr\/producto\/degreaser-white-cloth-chiffon-non-tisse-bleu-pour-degraissage\/\"]}]},{\"@type\":\"ImageObject\",\"inLanguage\":\"fr-FR\",\"@id\":\"https:\/\/arekson.com\/fr\/producto\/degreaser-white-cloth-chiffon-non-tisse-bleu-pour-degraissage\/#primaryimage\",\"url\":\"https:\/\/arekson.com\/wp-content\/uploads\/2023\/01\/BDV025.jpg\",\"contentUrl\":\"https:\/\/arekson.com\/wp-content\/uploads\/2023\/01\/BDV025.jpg\",\"width\":800,\"height\":800,\"caption\":\"SEICAR | DEGREASER WHITE CLOTH | Bayeta\"},{\"@type\":\"BreadcrumbList\",\"@id\":\"https:\/\/arekson.com\/fr\/producto\/degreaser-white-cloth-chiffon-non-tisse-bleu-pour-degraissage\/#breadcrumb\",\"itemListElement\":[{\"@type\":\"ListItem\",\"position\":1,\"name\":\"Home\",\"item\":\"https:\/\/arekson.com\/fr\/\"},{\"@type\":\"ListItem\",\"position\":2,\"name\":\"Produits\",\"item\":\"https:\/\/arekson.com\/fr\/shop\/\"},{\"@type\":\"ListItem\",\"position\":3,\"name\":\"DEGREASER WHITE CLOTH Chiffon non tiss\u00e9 bleu pour d\u00e9graissage\"}]},{\"@type\":\"WebSite\",\"@id\":\"https:\/\/arekson.com\/fr\/#website\",\"url\":\"https:\/\/arekson.com\/fr\/\",\"name\":\"Arekson Group\",\"description\":\"Marcas Referentes del Automovil Profesional\",\"publisher\":{\"@id\":\"https:\/\/arekson.com\/fr\/#organization\"},\"potentialAction\":[{\"@type\":\"SearchAction\",\"target\":{\"@type\":\"EntryPoint\",\"urlTemplate\":\"https:\/\/arekson.com\/fr\/?s={search_term_string}\"},\"query-input\":{\"@type\":\"PropertyValueSpecification\",\"valueRequired\":true,\"valueName\":\"search_term_string\"}}],\"inLanguage\":\"fr-FR\"},{\"@type\":\"Organization\",\"@id\":\"https:\/\/arekson.com\/fr\/#organization\",\"name\":\"Arekson Group\",\"url\":\"https:\/\/arekson.com\/fr\/\",\"logo\":{\"@type\":\"ImageObject\",\"inLanguage\":\"fr-FR\",\"@id\":\"https:\/\/arekson.com\/fr\/#\/schema\/logo\/image\/\",\"url\":\"https:\/\/arekson.com\/wp-content\/uploads\/2022\/06\/Arekson-Group-Logo-Gris.jpg\",\"contentUrl\":\"https:\/\/arekson.com\/wp-content\/uploads\/2022\/06\/Arekson-Group-Logo-Gris.jpg\",\"width\":174,\"height\":72,\"caption\":\"Arekson Group\"},\"image\":{\"@id\":\"https:\/\/arekson.com\/fr\/#\/schema\/logo\/image\/\"}}]}<\/script>\n<!-- \/ Yoast SEO plugin. -->","yoast_head_json":{"title":"SEICAR | DEGREASER WHITE CLOTH | Chiffon non tiss\u00e9 bleu","description":"DEGREASER WHITE CLOTH | Chiffon non tiss\u00e9 bleu pour d\u00e9graissage | ARTICLES AUXILIAIRES | OUTILLAGE ET CONSOMMABLES | REF: BDV025 | SEICA","robots":{"index":"index","follow":"follow","max-snippet":"max-snippet:-1","max-image-preview":"max-image-preview:large","max-video-preview":"max-video-preview:-1"},"canonical":"https:\/\/arekson.com\/fr\/producto\/degreaser-white-cloth-chiffon-non-tisse-bleu-pour-degraissage\/","og_locale":"fr_FR","og_type":"article","og_title":"SEICAR | DEGREASER WHITE CLOTH | Chiffon non tiss\u00e9 bleu","og_description":"DEGREASER WHITE CLOTH | Chiffon non tiss\u00e9 bleu pour d\u00e9graissage | ARTICLES AUXILIAIRES | OUTILLAGE ET CONSOMMABLES | REF: BDV025 | SEICA","og_url":"https:\/\/arekson.com\/fr\/producto\/degreaser-white-cloth-chiffon-non-tisse-bleu-pour-degraissage\/","og_site_name":"Arekson Group","article_modified_time":"2023-06-16T06:39:36+00:00","og_image":[{"width":800,"height":800,"url":"https:\/\/arekson.com\/wp-content\/uploads\/2023\/01\/BDV025.jpg","type":"image\/jpeg"}],"twitter_card":"summary_large_image","schema":{"@context":"https:\/\/schema.org","@graph":[{"@type":"WebPage","@id":"https:\/\/arekson.com\/fr\/producto\/degreaser-white-cloth-chiffon-non-tisse-bleu-pour-degraissage\/","url":"https:\/\/arekson.com\/fr\/producto\/degreaser-white-cloth-chiffon-non-tisse-bleu-pour-degraissage\/","name":"SEICAR | DEGREASER WHITE CLOTH | Chiffon non tiss\u00e9 bleu","isPartOf":{"@id":"https:\/\/arekson.com\/fr\/#website"},"primaryImageOfPage":{"@id":"https:\/\/arekson.com\/fr\/producto\/degreaser-white-cloth-chiffon-non-tisse-bleu-pour-degraissage\/#primaryimage"},"image":{"@id":"https:\/\/arekson.com\/fr\/producto\/degreaser-white-cloth-chiffon-non-tisse-bleu-pour-degraissage\/#primaryimage"},"thumbnailUrl":"https:\/\/arekson.com\/wp-content\/uploads\/2023\/01\/BDV025.jpg","datePublished":"2022-06-03T16:12:12+00:00","dateModified":"2023-06-16T06:39:36+00:00","description":"DEGREASER WHITE CLOTH | Chiffon non tiss\u00e9 bleu pour d\u00e9graissage | ARTICLES AUXILIAIRES | OUTILLAGE ET CONSOMMABLES | REF: BDV025 | SEICA","breadcrumb":{"@id":"https:\/\/arekson.com\/fr\/producto\/degreaser-white-cloth-chiffon-non-tisse-bleu-pour-degraissage\/#breadcrumb"},"inLanguage":"fr-FR","potentialAction":[{"@type":"ReadAction","target":["https:\/\/arekson.com\/fr\/producto\/degreaser-white-cloth-chiffon-non-tisse-bleu-pour-degraissage\/"]}]},{"@type":"ImageObject","inLanguage":"fr-FR","@id":"https:\/\/arekson.com\/fr\/producto\/degreaser-white-cloth-chiffon-non-tisse-bleu-pour-degraissage\/#primaryimage","url":"https:\/\/arekson.com\/wp-content\/uploads\/2023\/01\/BDV025.jpg","contentUrl":"https:\/\/arekson.com\/wp-content\/uploads\/2023\/01\/BDV025.jpg","width":800,"height":800,"caption":"SEICAR | DEGREASER WHITE CLOTH | Bayeta"},{"@type":"BreadcrumbList","@id":"https:\/\/arekson.com\/fr\/producto\/degreaser-white-cloth-chiffon-non-tisse-bleu-pour-degraissage\/#breadcrumb","itemListElement":[{"@type":"ListItem","position":1,"name":"Home","item":"https:\/\/arekson.com\/fr\/"},{"@type":"ListItem","position":2,"name":"Produits","item":"https:\/\/arekson.com\/fr\/shop\/"},{"@type":"ListItem","position":3,"name":"DEGREASER WHITE CLOTH Chiffon non tiss\u00e9 bleu pour d\u00e9graissage"}]},{"@type":"WebSite","@id":"https:\/\/arekson.com\/fr\/#website","url":"https:\/\/arekson.com\/fr\/","name":"Arekson Group","description":"Marcas Referentes del Automovil Profesional","publisher":{"@id":"https:\/\/arekson.com\/fr\/#organization"},"potentialAction":[{"@type":"SearchAction","target":{"@type":"EntryPoint","urlTemplate":"https:\/\/arekson.com\/fr\/?s={search_term_string}"},"query-input":{"@type":"PropertyValueSpecification","valueRequired":true,"valueName":"search_term_string"}}],"inLanguage":"fr-FR"},{"@type":"Organization","@id":"https:\/\/arekson.com\/fr\/#organization","name":"Arekson Group","url":"https:\/\/arekson.com\/fr\/","logo":{"@type":"ImageObject","inLanguage":"fr-FR","@id":"https:\/\/arekson.com\/fr\/#\/schema\/logo\/image\/","url":"https:\/\/arekson.com\/wp-content\/uploads\/2022\/06\/Arekson-Group-Logo-Gris.jpg","contentUrl":"https:\/\/arekson.com\/wp-content\/uploads\/2022\/06\/Arekson-Group-Logo-Gris.jpg","width":174,"height":72,"caption":"Arekson Group"},"image":{"@id":"https:\/\/arekson.com\/fr\/#\/schema\/logo\/image\/"}}]}},"_links":{"self":[{"href":"https:\/\/arekson.com\/fr\/wp-json\/wp\/v2\/product\/18694","targetHints":{"allow":["GET"]}}],"collection":[{"href":"https:\/\/arekson.com\/fr\/wp-json\/wp\/v2\/product"}],"about":[{"href":"https:\/\/arekson.com\/fr\/wp-json\/wp\/v2\/types\/product"}],"wp:featuredmedia":[{"embeddable":true,"href":"https:\/\/arekson.com\/fr\/wp-json\/wp\/v2\/media\/25932"}],"wp:attachment":[{"href":"https:\/\/arekson.com\/fr\/wp-json\/wp\/v2\/media?parent=18694"}],"wp:term":[{"taxonomy":"product_brand","embeddable":true,"href":"https:\/\/arekson.com\/fr\/wp-json\/wp\/v2\/product_brand?post=18694"},{"taxonomy":"product_cat","embeddable":true,"href":"https:\/\/arekson.com\/fr\/wp-json\/wp\/v2\/product_cat?post=18694"},{"taxonomy":"product_tag","embeddable":true,"href":"https:\/\/arekson.com\/fr\/wp-json\/wp\/v2\/product_tag?post=18694"}],"curies":[{"name":"wp","href":"https:\/\/api.w.org\/{rel}","templated":true}]}}