{"id":18692,"date":"2022-06-03T18:12:08","date_gmt":"2022-06-03T16:12:08","guid":{"rendered":"https:\/\/arekson.com\/producto\/welding-clamp-set-4-u-soudage-pinces-kit\/"},"modified":"2023-06-06T08:42:05","modified_gmt":"2023-06-06T06:42:05","slug":"welding-clamp-set-4-u-soudage-pinces-kit","status":"publish","type":"product","link":"https:\/\/arekson.com\/fr\/producto\/welding-clamp-set-4-u-soudage-pinces-kit\/","title":{"rendered":"<strong><span class=\"nom-corto\">WELDING CLAMP SET 4 u. <\/span><\/strong><br><span class=\"nom-largo\">Soudage pinces Kit<\/span>"},"content":{"rendered":"<p style=\"text-align: right;\"><a class=\"boton-ficha\" href=\"https:\/\/arekson.com\/wp-content\/uploads\/2023\/06\/WC0001-WELDING-CLAMP-KIT-2011-FT-_FR.pdf\" target=\"_blank\" rel=\"noopener\">D\u00e9tails Techniques<\/a><\/p>\n","protected":false},"excerpt":{"rendered":"<p>Mini Pince \u00e0 souder. M\u00e9thode rapide, efficace pour maintenir et fixer les pi\u00e8ces. Sa conception unique cr\u00e9e une force de maintien \u00e9lev\u00e9e. Particuli\u00e8rement efficace pour les panneaux et le positionnement de pi\u00e8ces avant soudage. R\u00e9glable de 0 \u00e0 7 mm d&rsquo;\u00e9paisseur.<\/p>\n","protected":false},"featured_media":7153,"template":"","meta":{"_et_pb_use_builder":"","_et_pb_old_content":"","_et_gb_content_width":""},"product_brand":[],"product_cat":[1123,1171,1157,370],"product_tag":[],"class_list":{"0":"post-18692","1":"product","2":"type-product","3":"status-publish","4":"has-post-thumbnail","6":"product_cat-auxiliaires","7":"product_cat-outillage-de-reparation","8":"product_cat-outillage-et-consommables","9":"product_cat-seicar-fr","10":"pa_seicar-fr-ref-wc0001-blister-kit-4-unites","12":"first","13":"outofstock","14":"purchasable","15":"product-type-variable"},"yoast_head":"<!-- This site is optimized with the Yoast SEO plugin v27.2 - https:\/\/yoast.com\/product\/yoast-seo-wordpress\/ -->\n<title>SEICAR | WELDING CLAMP SET 4 u. | Soudage pinces Kit<\/title>\n<meta name=\"description\" content=\"WELDING CLAMP SET 4 u. | Soudage pinces Kit | ARTICLES AUXILIAIRES | OUTILLAGE ET CONSOMMABLES | REF: WC0001 | SEICAR\" \/>\n<meta name=\"robots\" content=\"index, follow, max-snippet:-1, max-image-preview:large, max-video-preview:-1\" \/>\n<link rel=\"canonical\" href=\"https:\/\/arekson.com\/fr\/producto\/welding-clamp-set-4-u-soudage-pinces-kit\/\" \/>\n<meta property=\"og:locale\" content=\"fr_FR\" \/>\n<meta property=\"og:type\" content=\"article\" \/>\n<meta property=\"og:title\" content=\"SEICAR | WELDING CLAMP SET 4 u. | Soudage pinces Kit\" \/>\n<meta property=\"og:description\" content=\"WELDING CLAMP SET 4 u. | Soudage pinces Kit | ARTICLES AUXILIAIRES | OUTILLAGE ET CONSOMMABLES | REF: WC0001 | SEICAR\" \/>\n<meta property=\"og:url\" content=\"https:\/\/arekson.com\/fr\/producto\/welding-clamp-set-4-u-soudage-pinces-kit\/\" \/>\n<meta property=\"og:site_name\" content=\"Arekson Group\" \/>\n<meta property=\"article:modified_time\" content=\"2023-06-06T06:42:05+00:00\" \/>\n<meta property=\"og:image\" content=\"https:\/\/arekson.com\/wp-content\/uploads\/2022\/05\/WC0001.jpg\" \/>\n\t<meta property=\"og:image:width\" content=\"800\" \/>\n\t<meta property=\"og:image:height\" content=\"800\" \/>\n\t<meta property=\"og:image:type\" content=\"image\/jpeg\" \/>\n<meta name=\"twitter:card\" content=\"summary_large_image\" \/>\n<script type=\"application\/ld+json\" class=\"yoast-schema-graph\">{\"@context\":\"https:\/\/schema.org\",\"@graph\":[{\"@type\":\"WebPage\",\"@id\":\"https:\/\/arekson.com\/fr\/producto\/welding-clamp-set-4-u-soudage-pinces-kit\/\",\"url\":\"https:\/\/arekson.com\/fr\/producto\/welding-clamp-set-4-u-soudage-pinces-kit\/\",\"name\":\"SEICAR | WELDING CLAMP SET 4 u. | Soudage pinces Kit\",\"isPartOf\":{\"@id\":\"https:\/\/arekson.com\/fr\/#website\"},\"primaryImageOfPage\":{\"@id\":\"https:\/\/arekson.com\/fr\/producto\/welding-clamp-set-4-u-soudage-pinces-kit\/#primaryimage\"},\"image\":{\"@id\":\"https:\/\/arekson.com\/fr\/producto\/welding-clamp-set-4-u-soudage-pinces-kit\/#primaryimage\"},\"thumbnailUrl\":\"https:\/\/arekson.com\/wp-content\/uploads\/2022\/05\/WC0001.jpg\",\"datePublished\":\"2022-06-03T16:12:08+00:00\",\"dateModified\":\"2023-06-06T06:42:05+00:00\",\"description\":\"WELDING CLAMP SET 4 u. | Soudage pinces Kit | ARTICLES AUXILIAIRES | OUTILLAGE ET CONSOMMABLES | REF: WC0001 | SEICAR\",\"breadcrumb\":{\"@id\":\"https:\/\/arekson.com\/fr\/producto\/welding-clamp-set-4-u-soudage-pinces-kit\/#breadcrumb\"},\"inLanguage\":\"fr-FR\",\"potentialAction\":[{\"@type\":\"ReadAction\",\"target\":[\"https:\/\/arekson.com\/fr\/producto\/welding-clamp-set-4-u-soudage-pinces-kit\/\"]}]},{\"@type\":\"ImageObject\",\"inLanguage\":\"fr-FR\",\"@id\":\"https:\/\/arekson.com\/fr\/producto\/welding-clamp-set-4-u-soudage-pinces-kit\/#primaryimage\",\"url\":\"https:\/\/arekson.com\/wp-content\/uploads\/2022\/05\/WC0001.jpg\",\"contentUrl\":\"https:\/\/arekson.com\/wp-content\/uploads\/2022\/05\/WC0001.jpg\",\"width\":800,\"height\":800},{\"@type\":\"BreadcrumbList\",\"@id\":\"https:\/\/arekson.com\/fr\/producto\/welding-clamp-set-4-u-soudage-pinces-kit\/#breadcrumb\",\"itemListElement\":[{\"@type\":\"ListItem\",\"position\":1,\"name\":\"Home\",\"item\":\"https:\/\/arekson.com\/fr\/\"},{\"@type\":\"ListItem\",\"position\":2,\"name\":\"Produits\",\"item\":\"https:\/\/arekson.com\/fr\/shop\/\"},{\"@type\":\"ListItem\",\"position\":3,\"name\":\"WELDING CLAMP SET 4 u. Soudage pinces Kit\"}]},{\"@type\":\"WebSite\",\"@id\":\"https:\/\/arekson.com\/fr\/#website\",\"url\":\"https:\/\/arekson.com\/fr\/\",\"name\":\"Arekson Group\",\"description\":\"Marcas Referentes del Automovil Profesional\",\"publisher\":{\"@id\":\"https:\/\/arekson.com\/fr\/#organization\"},\"potentialAction\":[{\"@type\":\"SearchAction\",\"target\":{\"@type\":\"EntryPoint\",\"urlTemplate\":\"https:\/\/arekson.com\/fr\/?s={search_term_string}\"},\"query-input\":{\"@type\":\"PropertyValueSpecification\",\"valueRequired\":true,\"valueName\":\"search_term_string\"}}],\"inLanguage\":\"fr-FR\"},{\"@type\":\"Organization\",\"@id\":\"https:\/\/arekson.com\/fr\/#organization\",\"name\":\"Arekson Group\",\"url\":\"https:\/\/arekson.com\/fr\/\",\"logo\":{\"@type\":\"ImageObject\",\"inLanguage\":\"fr-FR\",\"@id\":\"https:\/\/arekson.com\/fr\/#\/schema\/logo\/image\/\",\"url\":\"https:\/\/arekson.com\/wp-content\/uploads\/2022\/06\/Arekson-Group-Logo-Gris.jpg\",\"contentUrl\":\"https:\/\/arekson.com\/wp-content\/uploads\/2022\/06\/Arekson-Group-Logo-Gris.jpg\",\"width\":174,\"height\":72,\"caption\":\"Arekson Group\"},\"image\":{\"@id\":\"https:\/\/arekson.com\/fr\/#\/schema\/logo\/image\/\"}}]}<\/script>\n<!-- \/ Yoast SEO plugin. -->","yoast_head_json":{"title":"SEICAR | WELDING CLAMP SET 4 u. | Soudage pinces Kit","description":"WELDING CLAMP SET 4 u. | Soudage pinces Kit | ARTICLES AUXILIAIRES | OUTILLAGE ET CONSOMMABLES | REF: WC0001 | SEICAR","robots":{"index":"index","follow":"follow","max-snippet":"max-snippet:-1","max-image-preview":"max-image-preview:large","max-video-preview":"max-video-preview:-1"},"canonical":"https:\/\/arekson.com\/fr\/producto\/welding-clamp-set-4-u-soudage-pinces-kit\/","og_locale":"fr_FR","og_type":"article","og_title":"SEICAR | WELDING CLAMP SET 4 u. | Soudage pinces Kit","og_description":"WELDING CLAMP SET 4 u. | Soudage pinces Kit | ARTICLES AUXILIAIRES | OUTILLAGE ET CONSOMMABLES | REF: WC0001 | SEICAR","og_url":"https:\/\/arekson.com\/fr\/producto\/welding-clamp-set-4-u-soudage-pinces-kit\/","og_site_name":"Arekson Group","article_modified_time":"2023-06-06T06:42:05+00:00","og_image":[{"width":800,"height":800,"url":"https:\/\/arekson.com\/wp-content\/uploads\/2022\/05\/WC0001.jpg","type":"image\/jpeg"}],"twitter_card":"summary_large_image","schema":{"@context":"https:\/\/schema.org","@graph":[{"@type":"WebPage","@id":"https:\/\/arekson.com\/fr\/producto\/welding-clamp-set-4-u-soudage-pinces-kit\/","url":"https:\/\/arekson.com\/fr\/producto\/welding-clamp-set-4-u-soudage-pinces-kit\/","name":"SEICAR | WELDING CLAMP SET 4 u. | Soudage pinces Kit","isPartOf":{"@id":"https:\/\/arekson.com\/fr\/#website"},"primaryImageOfPage":{"@id":"https:\/\/arekson.com\/fr\/producto\/welding-clamp-set-4-u-soudage-pinces-kit\/#primaryimage"},"image":{"@id":"https:\/\/arekson.com\/fr\/producto\/welding-clamp-set-4-u-soudage-pinces-kit\/#primaryimage"},"thumbnailUrl":"https:\/\/arekson.com\/wp-content\/uploads\/2022\/05\/WC0001.jpg","datePublished":"2022-06-03T16:12:08+00:00","dateModified":"2023-06-06T06:42:05+00:00","description":"WELDING CLAMP SET 4 u. | Soudage pinces Kit | ARTICLES AUXILIAIRES | OUTILLAGE ET CONSOMMABLES | REF: WC0001 | SEICAR","breadcrumb":{"@id":"https:\/\/arekson.com\/fr\/producto\/welding-clamp-set-4-u-soudage-pinces-kit\/#breadcrumb"},"inLanguage":"fr-FR","potentialAction":[{"@type":"ReadAction","target":["https:\/\/arekson.com\/fr\/producto\/welding-clamp-set-4-u-soudage-pinces-kit\/"]}]},{"@type":"ImageObject","inLanguage":"fr-FR","@id":"https:\/\/arekson.com\/fr\/producto\/welding-clamp-set-4-u-soudage-pinces-kit\/#primaryimage","url":"https:\/\/arekson.com\/wp-content\/uploads\/2022\/05\/WC0001.jpg","contentUrl":"https:\/\/arekson.com\/wp-content\/uploads\/2022\/05\/WC0001.jpg","width":800,"height":800},{"@type":"BreadcrumbList","@id":"https:\/\/arekson.com\/fr\/producto\/welding-clamp-set-4-u-soudage-pinces-kit\/#breadcrumb","itemListElement":[{"@type":"ListItem","position":1,"name":"Home","item":"https:\/\/arekson.com\/fr\/"},{"@type":"ListItem","position":2,"name":"Produits","item":"https:\/\/arekson.com\/fr\/shop\/"},{"@type":"ListItem","position":3,"name":"WELDING CLAMP SET 4 u. Soudage pinces Kit"}]},{"@type":"WebSite","@id":"https:\/\/arekson.com\/fr\/#website","url":"https:\/\/arekson.com\/fr\/","name":"Arekson Group","description":"Marcas Referentes del Automovil Profesional","publisher":{"@id":"https:\/\/arekson.com\/fr\/#organization"},"potentialAction":[{"@type":"SearchAction","target":{"@type":"EntryPoint","urlTemplate":"https:\/\/arekson.com\/fr\/?s={search_term_string}"},"query-input":{"@type":"PropertyValueSpecification","valueRequired":true,"valueName":"search_term_string"}}],"inLanguage":"fr-FR"},{"@type":"Organization","@id":"https:\/\/arekson.com\/fr\/#organization","name":"Arekson Group","url":"https:\/\/arekson.com\/fr\/","logo":{"@type":"ImageObject","inLanguage":"fr-FR","@id":"https:\/\/arekson.com\/fr\/#\/schema\/logo\/image\/","url":"https:\/\/arekson.com\/wp-content\/uploads\/2022\/06\/Arekson-Group-Logo-Gris.jpg","contentUrl":"https:\/\/arekson.com\/wp-content\/uploads\/2022\/06\/Arekson-Group-Logo-Gris.jpg","width":174,"height":72,"caption":"Arekson Group"},"image":{"@id":"https:\/\/arekson.com\/fr\/#\/schema\/logo\/image\/"}}]}},"_links":{"self":[{"href":"https:\/\/arekson.com\/fr\/wp-json\/wp\/v2\/product\/18692","targetHints":{"allow":["GET"]}}],"collection":[{"href":"https:\/\/arekson.com\/fr\/wp-json\/wp\/v2\/product"}],"about":[{"href":"https:\/\/arekson.com\/fr\/wp-json\/wp\/v2\/types\/product"}],"wp:featuredmedia":[{"embeddable":true,"href":"https:\/\/arekson.com\/fr\/wp-json\/wp\/v2\/media\/7153"}],"wp:attachment":[{"href":"https:\/\/arekson.com\/fr\/wp-json\/wp\/v2\/media?parent=18692"}],"wp:term":[{"taxonomy":"product_brand","embeddable":true,"href":"https:\/\/arekson.com\/fr\/wp-json\/wp\/v2\/product_brand?post=18692"},{"taxonomy":"product_cat","embeddable":true,"href":"https:\/\/arekson.com\/fr\/wp-json\/wp\/v2\/product_cat?post=18692"},{"taxonomy":"product_tag","embeddable":true,"href":"https:\/\/arekson.com\/fr\/wp-json\/wp\/v2\/product_tag?post=18692"}],"curies":[{"name":"wp","href":"https:\/\/api.w.org\/{rel}","templated":true}]}}